{"id":1549,"date":"2025-09-24T05:33:26","date_gmt":"2025-09-24T05:33:26","guid":{"rendered":"https:\/\/agrifood.swim.net.au\/?page_id=1549"},"modified":"2025-11-19T13:49:39","modified_gmt":"2025-11-19T13:49:39","slug":"experts-in-feed-testing","status":"publish","type":"page","link":"https:\/\/agrifood.com.au\/fr\/feedtest\/experts-in-feed-testing\/","title":{"rendered":"Experts en essais d'aliments pour animaux"},"content":{"rendered":"<div class=\"wp-block-group is-style-boxed resources-group is-layout-constrained wp-block-group-is-layout-constrained\">\n<div class=\"wp-block-columns is-style-mobile-reverse is-layout-flex wp-container-core-columns-is-layout-9d6595d7 wp-block-columns-is-layout-flex\">\n<div class=\"wp-block-column is-vertically-aligned-center is-layout-flow wp-block-column-is-layout-flow\">\n<h2 class=\"wp-block-heading\">Pourquoi FeedTest ?<\/h2>\n\n\n\n<p>C'est une question \u00e0 laquelle nous sommes souvent confront\u00e9s chez FeedTest. Il y a de nombreuses raisons pour lesquelles il peut \u00eatre tr\u00e8s utile de tester votre alimentation.<\/p>\n\n\n\n<p>FeedTest vous permet de d\u00e9velopper des strat\u00e9gies d'alimentation \u00e9conomiques.<\/p>\n\n\n\n<p>Le foin, l'ensilage et les c\u00e9r\u00e9ales sont principalement utilis\u00e9s dans les exploitations d'\u00e9levage \u00e0 grande \u00e9chelle en tant que compl\u00e9ment pour atteindre un r\u00e9sultat particulier. Ce r\u00e9sultat peut \u00eatre la minimisation de la perte de poids, le maintien du poids, le gain de poids, le maintien ou l'am\u00e9lioration de la production laiti\u00e8re, etc. Sans une certaine connaissance de la qualit\u00e9 des aliments, la capacit\u00e9 d'un producteur \u00e0 pr\u00e9dire le r\u00e9sultat est fortement limit\u00e9e et l'\u00e9valuation de la r\u00e9ussite ou de l'\u00e9chec est limit\u00e9e \u00e0 \u2018l'apr\u00e8s-coup\u2019, lorsqu'il est trop tard.<\/p>\n<\/div>\n\n\n\n<div class=\"wp-block-column is-layout-flow wp-block-column-is-layout-flow\">\n<figure class=\"wp-block-image size-full\"><img loading=\"lazy\" decoding=\"async\" width=\"540\" height=\"360\" src=\"https:\/\/agrifood.com.au\/app\/uploads\/2025\/11\/hay-bale.jpg\" alt=\"\" class=\"wp-image-2114\" srcset=\"https:\/\/agrifood.com.au\/app\/uploads\/2025\/11\/hay-bale.jpg 540w, https:\/\/agrifood.com.au\/app\/uploads\/2025\/11\/hay-bale-300x200.jpg 300w, https:\/\/agrifood.com.au\/app\/uploads\/2025\/11\/hay-bale-18x12.jpg 18w\" sizes=\"auto, (max-width: 540px) 100vw, 540px\" \/><\/figure>\n<\/div>\n<\/div>\n\n\n\n<h2 class=\"wp-block-heading\">Quelques exemples :<\/h2>\n\n\n\n<p>1. Dans notre base de donn\u00e9es, l'\u00e9nergie de l'avoine varie de 8,8 MJ \u00e0 15,1 MJ. Si nous supposons un pourcentage de prot\u00e9ines de 10, nous pouvons comparer les performances de deux \u00e9chantillons d'avoine de 9,5 ME et 12 ME chez des agneaux en croissance. Si l'avoine constitue la majeure partie du r\u00e9gime alimentaire, la diff\u00e9rence de croissance entre les deux avoines est respectivement de 60 gms\/hd\/jour contre 112 gms\/hd\/jour.<\/p>\n\n\n\n<p>Si nous reconnaissons que cette avoine est d\u00e9ficiente en prot\u00e9ines pour cet objectif et que nous pouvons augmenter la teneur en prot\u00e9ines \u00e0 16% et maintenir l'EM \u00e0 12, le taux de croissance passera \u00e0 225 gms\/hd\/jour.<\/p>\n\n\n\n<p>\u00cates-vous pr\u00eat \u00e0 payer le m\u00eame prix pour les deux avoines ?<\/p>\n\n\n\n<p>2. Si nous donnons de l'ensilage aux b\u0153ufs et que nous examinons la gamme de qualit\u00e9 dans notre base de donn\u00e9es (prot\u00e9ines 5% - 25% et EM de 7,2 - 11,2MJ) et que nous s\u00e9lectionnons 10% et 16% comme tests repr\u00e9sentatifs des prot\u00e9ines et 9,5 et 10,5MJ d'\u00e9nergie, nous obtenons un r\u00e9sultat similaire.<\/p>\n\n\n\n<figure class=\"wp-block-table\"><table class=\"has-fixed-layout\"><tbody><tr><td><strong>Prot\u00e9ine (%)<\/strong><\/td><td><strong>ME (Mjoules\/kgDM)<\/strong><\/td><td><strong>Taux de croissance (gms\/hd\/jour)<\/strong><\/td><\/tr><tr><td>10<\/td><td>9.5<\/td><td>0.27<\/td><\/tr><tr><td>10<\/td><td>10.5<\/td><td>0.42<\/td><\/tr><tr><td>16<\/td><td>9.5<\/td><td>0.38<\/td><\/tr><tr><td>16<\/td><td>10.5<\/td><td>0.76<\/td><\/tr><\/tbody><\/table><\/figure>\n\n\n\n<p>Le niveau de production double presque avec une augmentation d'une unit\u00e9 d'\u00e9nergie pour le m\u00eame niveau de prot\u00e9ines. Le niveau de prot\u00e9ines et d'\u00e9nergie de l'ensilage en dit long sur la gestion de l'ensilage avant et apr\u00e8s la r\u00e9colte.<\/p>\n\n\n\n<p>3. Si l'on consid\u00e8re les vaches laiti\u00e8res nourries avec le m\u00eame ensilage que ci-dessus comme seule ration, les comparaisons sont similaires.<\/p>\n\n\n\n<figure class=\"wp-block-table\"><table class=\"has-fixed-layout\"><tbody><tr><td><strong>Prot\u00e9ine (%)<\/strong><\/td><td><strong>ME (Mjoules\/kgDM)<\/strong><\/td><td><strong>Taux de croissance (kg\/jour)<\/strong><\/td><td><strong>Rendement laitier (kg\/jour)<\/strong><\/td><\/tr><tr><td>10<\/td><td>9.5<\/td><td>-1.8<\/td><td>16.7<\/td><\/tr><tr><td>10<\/td><td>10.5<\/td><td>-1.52<\/td><td>18<\/td><\/tr><tr><td>16<\/td><td>9.5<\/td><td>-2.07<\/td><td>21.9<\/td><\/tr><tr><td>16<\/td><td>10.5<\/td><td>-1.77<\/td><td>22.7<\/td><\/tr><\/tbody><\/table><\/figure>\n\n\n\n<p>Ces chiffres montrent \u00e0 quel point il est important de conna\u00eetre la valeur alimentaire de vos c\u00e9r\u00e9ales, de votre foin ou de votre ensilage. Et ce, que vous achetiez le produit ou que vous le cultiviez vous-m\u00eame.&nbsp;<\/p>\n\n\n\n<p>4. Une \u00e9valuation objective de la qualit\u00e9 des aliments pour animaux. Traditionnellement, les gens utilisent leurs propres m\u00e9thodes subjectives pour \u00e9valuer la qualit\u00e9 des aliments pour animaux. Combien de fois avez-vous vu un agriculteur sentir ou go\u00fbter du foin ou commenter sa couleur avant de le d\u00e9clarer bon ou mauvais ?<\/p>\n\n\n\n<p>De m\u00eame, les gens consid\u00e8rent souvent que les c\u00e9r\u00e9ales pinc\u00e9es sont de mauvaise qualit\u00e9 en se basant uniquement sur leur apparence. &nbsp;<\/p>\n\n\n\n<p>En r\u00e9alit\u00e9, ces m\u00e9thodes ne sont pas fiables. FeedTest a souvent effectu\u00e9 des tests lors de journ\u00e9es portes ouvertes o\u00f9 l'on demandait aux clients de juger la meilleure balle de foin en fonction de son apparence. La plupart se trompent et sont surpris par les r\u00e9sultats.<\/p>\n\n\n\n<p>Nous utilisons la derni\u00e8re technologie NIR pour tester rapidement et avec pr\u00e9cision votre \u00e9chantillon.<\/p>\n\n\n\n<p>5. Une base r\u00e9aliste pour la fixation des prix des aliments pour animaux. Les r\u00e9sultats qualitatifs ont permis au commerce des aliments pour animaux de se fonder sur des prix pr\u00e9d\u00e9termin\u00e9s \u00e9tablis pour des prot\u00e9ines ou des \u00e9nergies d'un certain niveau. Conna\u00eetre sa valeur \u00e9nerg\u00e9tique peut permettre d'am\u00e9liorer la commercialisation de son produit et, par cons\u00e9quent, d'obtenir des prix plus \u00e9lev\u00e9s.<\/p>\n\n\n\n<p>En tant qu'acheteur, vous souhaitez obtenir le meilleur rapport qualit\u00e9-prix en termes de teneur en prot\u00e9ines et en \u00e9nergie. Pourquoi payer le prix fort pour des aliments qui n'ont qu'une faible valeur nutritionnelle ?.<\/p>\n\n\n\n<figure class=\"wp-block-image aligncenter size-full\"><img loading=\"lazy\" decoding=\"async\" width=\"2560\" height=\"1515\" src=\"https:\/\/agrifood.com.au\/app\/uploads\/2025\/11\/Wheat-Header-scaled.jpg\" alt=\"\" class=\"wp-image-2370\" srcset=\"https:\/\/agrifood.com.au\/app\/uploads\/2025\/11\/Wheat-Header-scaled.jpg 2560w, https:\/\/agrifood.com.au\/app\/uploads\/2025\/11\/Wheat-Header-300x178.jpg 300w, https:\/\/agrifood.com.au\/app\/uploads\/2025\/11\/Wheat-Header-1024x606.jpg 1024w, https:\/\/agrifood.com.au\/app\/uploads\/2025\/11\/Wheat-Header-768x455.jpg 768w, https:\/\/agrifood.com.au\/app\/uploads\/2025\/11\/Wheat-Header-1536x909.jpg 1536w, https:\/\/agrifood.com.au\/app\/uploads\/2025\/11\/Wheat-Header-2048x1212.jpg 2048w, https:\/\/agrifood.com.au\/app\/uploads\/2025\/11\/Wheat-Header-18x12.jpg 18w\" sizes=\"auto, (max-width: 2560px) 100vw, 2560px\" \/><\/figure>\n\n\n\n<h2 class=\"wp-block-heading\">Moyennes saisonni\u00e8res<\/h2>\n\n\n\n<p>Les tableaux suivants indiquent la moyenne et la fourchette des mesures de qualit\u00e9 pour le foin de p\u00e2turage, le foin de c\u00e9r\u00e9ales, le foin de canola, le foin de l\u00e9gumineuses, l'ensilage et les c\u00e9r\u00e9ales au cours des huit derni\u00e8res campagnes.<\/p>\n\n\n\n<div class=\"resource-sort-filter\"><label for=\"resource-sort-information_sheet\" style=\"margin-right: 10px;\">Trier par :<\/label><select id=\"resource-sort-information_sheet\" class=\"resource-sort-select\" \n            data-container=\"resource-container-information_sheet\"><option value=\"date_desc\" selected>Date (la plus r\u00e9cente en premier)<\/option><option value=\"date_asc\">Date (la plus ancienne en premier)<\/option><option value=\"title_asc\">Titre (A-Z)<\/option><option value=\"title_desc\">Titre (Z-A)<\/option><\/select><\/div><div class=\"resource-container resource-container-information_sheet\"\n            data-posttype=\"information_sheet\"\n            data-orderby=\"date\"\n            data-order=\"DESC\"\n            data-tax=\"\"\n            data-terms=\"\"\n            data-total=\"36\"\n            data-perpage=\"8\"><div class=\"resource-item\"><h3 class=\"resource-title\">MOYENS - Hays 2024\/25<\/h3><a href=\"https:\/\/agrifood.com.au\/fr\/app\/uploads\/2025\/09\/Season-Averages-Hays_2024-25-1.pdf\/\" class=\"resource-dbtn\" target=\"_blank\" rel=\"noopener\">VIEW<\/a><\/div><div class=\"resource-item\"><h3 class=\"resource-title\">MOYENS - Concentr\u00e9s 2024\/25<\/h3><a href=\"https:\/\/agrifood.com.au\/fr\/app\/uploads\/2025\/09\/Season-Averages-Concentrates-2024-25.pdf\/\" class=\"resource-dbtn\" target=\"_blank\" rel=\"noopener\">VIEW<\/a><\/div><div class=\"resource-item\"><h3 class=\"resource-title\">MOYENS - Ensilage 2024\/25<\/h3><a href=\"https:\/\/agrifood.com.au\/fr\/app\/uploads\/2025\/09\/Season-Averages-Silages-2024-25.pdf\/\" class=\"resource-dbtn\" target=\"_blank\" rel=\"noopener\">VIEW<\/a><\/div><div class=\"resource-item\"><h3 class=\"resource-title\">AVERAGES &#8211; Hays 2023\/24<\/h3><a href=\"https:\/\/agrifood.com.au\/fr\/app\/uploads\/2025\/09\/Hays_2023-24_a.pdf\/\" class=\"resource-dbtn\" target=\"_blank\" rel=\"noopener\">VIEW<\/a><\/div><div class=\"resource-item\"><h3 class=\"resource-title\">AVERAGES &#8211; Concentrates 2023\/24<\/h3><a href=\"https:\/\/agrifood.com.au\/fr\/app\/uploads\/2025\/09\/Concentrates-2023-24.pdf\/\" class=\"resource-dbtn\" target=\"_blank\" rel=\"noopener\">VIEW<\/a><\/div><div class=\"resource-item\"><h3 class=\"resource-title\">AVERAGES &#8211; Silage &#038; Fodder Beet 2023\/24<\/h3><a href=\"https:\/\/agrifood.com.au\/fr\/app\/uploads\/2025\/09\/Silages-Fodder-Beet-2023-24.pdf\/\" class=\"resource-dbtn\" target=\"_blank\" rel=\"noopener\">VIEW<\/a><\/div><div class=\"resource-item\"><h3 class=\"resource-title\">MOYENS - Hays 2023<\/h3><a href=\"https:\/\/agrifood.com.au\/fr\/app\/uploads\/2025\/09\/Hays-2023-PEAK-dec-2023.pdf\/\" class=\"resource-dbtn\" target=\"_blank\" rel=\"noopener\">VIEW<\/a><\/div><div class=\"resource-item\"><h3 class=\"resource-title\">MOYENS - Hays 2022\/23<\/h3><a href=\"https:\/\/agrifood.com.au\/fr\/app\/uploads\/2025\/09\/Hays-2022-23.pdf\/\" class=\"resource-dbtn\" target=\"_blank\" rel=\"noopener\">VIEW<\/a><\/div><\/div><button class=\"resource-loadmore\" data-page=\"1\">En savoir plus<\/button>\n\n\n\n<p>Remarque : ces informations sont produites \u00e0 partir des donn\u00e9es des enregistrements de FeedTest, d\u00e9riv\u00e9es des \u00e9chantillons soumis par les clients. FeedTest produit ces tableaux pour l'information des clients, simplement pour d\u00e9montrer l'\u00e9ventail de qualit\u00e9 qui peut exister pour un type d'aliment donn\u00e9.<\/p>\n\n\n\n<h2 class=\"wp-block-heading\">Syst\u00e8me de notation de l'AFIA<\/h2>\n\n\n\n<p>L'AFIA, en collaboration avec l'AQIS, travaille \u00e0 l'am\u00e9lioration des exigences et des r\u00e9glementations en mati\u00e8re de commerce int\u00e9rieur et d'exportation. Depuis sa cr\u00e9ation, l'AFIA a notamment adopt\u00e9 des cat\u00e9gories nationales de foin (reconnues par la National Agricultural Commodity Marketing Association NACMA), des m\u00e9thodes communes de contr\u00f4le de la qualit\u00e9, une repr\u00e9sentation de l'industrie, l'adoption de formulaires de d\u00e9claration des fournisseurs et la communication avec l'industrie.<\/p>\n\n\n\n<p>Afin d'aligner la qualit\u00e9 des aliments sur la qualit\u00e9 du b\u00e9tail et de la production laiti\u00e8re, l'AFIA a lanc\u00e9 l'utilisation de formulaires de d\u00e9claration des fournisseurs. Ces formulaires sont mis gratuitement \u00e0 la disposition des membres et constituent un outil pr\u00e9cieux pour les consommateurs en documentant la qualit\u00e9 du produit fourni. C'est l'un des outils que l'AFIA met \u00e0 disposition pour renforcer la confiance dans les produits fourragers.<\/p>\n\n\n\n<blockquote class=\"wp-block-quote is-layout-flow wp-block-quote-is-layout-flow\">\n<p><em>La n\u00e9cessit\u00e9 d'une description, d'un langage ou d'un syst\u00e8me de classement commun pour les fourrages a \u00e9t\u00e9 initi\u00e9e par l'AFIA.<\/em><\/p>\n<\/blockquote>\n\n\n\n<p>Les cat\u00e9gories sont li\u00e9es \u00e0 la qualit\u00e9 du fourrage (foin et ensilage) et aux performances du b\u00e9tail et sont bas\u00e9es sur des mesures objectives. Elles permettent \u00e0 l'acheteur et au vendeur de reconna\u00eetre instantan\u00e9ment la qualit\u00e9 au moyen d'un simple code alphanum\u00e9rique. Le grade peut figurer sur les rapports d'analyse des fourrages et sur les formulaires de d\u00e9claration du vendeur.<\/p>\n\n\n\n<div class=\"wp-block-group is-nowrap is-layout-flex wp-container-core-group-is-layout-ad2f72ca wp-block-group-is-layout-flex\">\n<figure class=\"wp-block-image size-full\"><img loading=\"lazy\" decoding=\"async\" width=\"862\" height=\"525\" src=\"https:\/\/agrifood.com.au\/app\/uploads\/2025\/09\/Table-1.jpg\" alt=\"\" class=\"wp-image-1561\" srcset=\"https:\/\/agrifood.com.au\/app\/uploads\/2025\/09\/Table-1.jpg 862w, https:\/\/agrifood.com.au\/app\/uploads\/2025\/09\/Table-1-300x183.jpg 300w, https:\/\/agrifood.com.au\/app\/uploads\/2025\/09\/Table-1-768x468.jpg 768w, https:\/\/agrifood.com.au\/app\/uploads\/2025\/09\/Table-1-18x12.jpg 18w\" sizes=\"auto, (max-width: 862px) 100vw, 862px\" \/><\/figure>\n\n\n\n<figure class=\"wp-block-image size-full\"><img loading=\"lazy\" decoding=\"async\" width=\"863\" height=\"526\" src=\"https:\/\/agrifood.com.au\/app\/uploads\/2025\/09\/Table-2.jpg\" alt=\"\" class=\"wp-image-1562\" srcset=\"https:\/\/agrifood.com.au\/app\/uploads\/2025\/09\/Table-2.jpg 863w, https:\/\/agrifood.com.au\/app\/uploads\/2025\/09\/Table-2-300x183.jpg 300w, https:\/\/agrifood.com.au\/app\/uploads\/2025\/09\/Table-2-768x468.jpg 768w, https:\/\/agrifood.com.au\/app\/uploads\/2025\/09\/Table-2-18x12.jpg 18w\" sizes=\"auto, (max-width: 863px) 100vw, 863px\" \/><\/figure>\n<\/div>\n\n\n\n<p class=\"has-sm-font-size\"><strong>EM (MJ\/kg MS)<\/strong>&nbsp;\u00c9nergie m\u00e9tabolisable m\u00e9gajoules par kilogramme de MS<br><strong>DMD (%)<\/strong>&nbsp;Digestibilit\u00e9 de la mati\u00e8re s\u00e8che<br><strong>CP (% de DM)<\/strong>&nbsp;Prot\u00e9ines brutes, % de MS<br><strong>DM<\/strong>&nbsp;Mati\u00e8re s\u00e8che<\/p>\n\n\n\n<p>Deux syst\u00e8mes de classement distincts ont \u00e9t\u00e9 adopt\u00e9s, comme le montrent les tableaux 1 et 2 ci-dessus. Ces classements tiennent compte de l'\u00e9cart entre l'\u00e9nergie m\u00e9tabolisable et les prot\u00e9ines brutes, qui peut exister dans le foin et l'ensilage, et refl\u00e8tent la teneur en prot\u00e9ines naturellement plus faible des fourrages de c\u00e9r\u00e9ales.<\/p>\n<\/div>","protected":false},"excerpt":{"rendered":"<p>Why FeedTest? This is a question we are often confronted with at FeedTest. There are many reasons why testing your stockfeed can be of great benefit. FeedTest gives yo\u2026<\/p>","protected":false},"author":1,"featured_media":0,"parent":960,"menu_order":0,"comment_status":"closed","ping_status":"closed","template":"","meta":{"_acf_changed":false,"footnotes":""},"class_list":["post-1549","page","type-page","status-publish","hentry"],"acf":[],"yoast_head":"<!-- This site is optimized with the Yoast SEO plugin v27.0 - https:\/\/yoast.com\/product\/yoast-seo-wordpress\/ -->\n<title>Experts in Feed Testing - Agrifood Technology<\/title>\n<meta name=\"robots\" content=\"index, follow, max-snippet:-1, max-image-preview:large, max-video-preview:-1\" \/>\n<link rel=\"canonical\" href=\"https:\/\/agrifood.com.au\/fr\/feedtest\/experts-in-feed-testing\/\" \/>\n<meta property=\"og:locale\" content=\"fr_FR\" \/>\n<meta property=\"og:type\" content=\"article\" \/>\n<meta property=\"og:title\" content=\"Experts in Feed Testing - Agrifood Technology\" \/>\n<meta property=\"og:description\" content=\"Why FeedTest? This is a question we are often confronted with at FeedTest. There are many reasons why testing your stockfeed can be of great benefit. FeedTest gives yo\u2026\" \/>\n<meta property=\"og:url\" content=\"https:\/\/agrifood.com.au\/fr\/feedtest\/experts-in-feed-testing\/\" \/>\n<meta property=\"og:site_name\" content=\"Agrifood Technology\" \/>\n<meta property=\"article:modified_time\" content=\"2025-11-19T13:49:39+00:00\" \/>\n<meta property=\"og:image\" content=\"https:\/\/agrifood.com.au\/app\/uploads\/2025\/11\/hay-bale.jpg\" \/>\n\t<meta property=\"og:image:width\" content=\"540\" \/>\n\t<meta property=\"og:image:height\" content=\"360\" \/>\n\t<meta property=\"og:image:type\" content=\"image\/jpeg\" \/>\n<meta name=\"twitter:card\" content=\"summary_large_image\" \/>\n<meta name=\"twitter:label1\" content=\"Est. reading time\" \/>\n\t<meta name=\"twitter:data1\" content=\"5 minutes\" \/>\n<script type=\"application\/ld+json\" class=\"yoast-schema-graph\">{\"@context\":\"https:\/\/schema.org\",\"@graph\":[{\"@type\":\"WebPage\",\"@id\":\"https:\/\/agrifood.com.au\/feedtest\/experts-in-feed-testing\/\",\"url\":\"https:\/\/agrifood.com.au\/feedtest\/experts-in-feed-testing\/\",\"name\":\"Experts in Feed Testing - Agrifood Technology\",\"isPartOf\":{\"@id\":\"https:\/\/agrifood.com.au\/#website\"},\"primaryImageOfPage\":{\"@id\":\"https:\/\/agrifood.com.au\/feedtest\/experts-in-feed-testing\/#primaryimage\"},\"image\":{\"@id\":\"https:\/\/agrifood.com.au\/feedtest\/experts-in-feed-testing\/#primaryimage\"},\"thumbnailUrl\":\"https:\/\/agrifood.com.au\/app\/uploads\/2025\/11\/hay-bale.jpg\",\"datePublished\":\"2025-09-24T05:33:26+00:00\",\"dateModified\":\"2025-11-19T13:49:39+00:00\",\"breadcrumb\":{\"@id\":\"https:\/\/agrifood.com.au\/feedtest\/experts-in-feed-testing\/#breadcrumb\"},\"inLanguage\":\"fr-FR\",\"potentialAction\":[{\"@type\":\"ReadAction\",\"target\":[\"https:\/\/agrifood.com.au\/feedtest\/experts-in-feed-testing\/\"]}]},{\"@type\":\"ImageObject\",\"inLanguage\":\"fr-FR\",\"@id\":\"https:\/\/agrifood.com.au\/feedtest\/experts-in-feed-testing\/#primaryimage\",\"url\":\"https:\/\/agrifood.com.au\/app\/uploads\/2025\/11\/hay-bale.jpg\",\"contentUrl\":\"https:\/\/agrifood.com.au\/app\/uploads\/2025\/11\/hay-bale.jpg\"},{\"@type\":\"BreadcrumbList\",\"@id\":\"https:\/\/agrifood.com.au\/feedtest\/experts-in-feed-testing\/#breadcrumb\",\"itemListElement\":[{\"@type\":\"ListItem\",\"position\":1,\"name\":\"Home\",\"item\":\"https:\/\/agrifood.com.au\/\"},{\"@type\":\"ListItem\",\"position\":2,\"name\":\"FeedTest\",\"item\":\"https:\/\/agrifood.com.au\/feedtest\/\"},{\"@type\":\"ListItem\",\"position\":3,\"name\":\"Experts in Feed Testing\"}]},{\"@type\":\"WebSite\",\"@id\":\"https:\/\/agrifood.com.au\/#website\",\"url\":\"https:\/\/agrifood.com.au\/\",\"name\":\"Agrifood Technology\",\"description\":\"\",\"publisher\":{\"@id\":\"https:\/\/agrifood.com.au\/#organization\"},\"potentialAction\":[{\"@type\":\"SearchAction\",\"target\":{\"@type\":\"EntryPoint\",\"urlTemplate\":\"https:\/\/agrifood.com.au\/?s={search_term_string}\"},\"query-input\":{\"@type\":\"PropertyValueSpecification\",\"valueRequired\":true,\"valueName\":\"search_term_string\"}}],\"inLanguage\":\"fr-FR\"},{\"@type\":\"Organization\",\"@id\":\"https:\/\/agrifood.com.au\/#organization\",\"name\":\"Agrifood Technology\",\"url\":\"https:\/\/agrifood.com.au\/\",\"logo\":{\"@type\":\"ImageObject\",\"inLanguage\":\"fr-FR\",\"@id\":\"https:\/\/agrifood.com.au\/#\/schema\/logo\/image\/\",\"url\":\"https:\/\/agrifood.com.au\/app\/uploads\/2025\/10\/Agrifood-News-Photo-scaled.png\",\"contentUrl\":\"https:\/\/agrifood.com.au\/app\/uploads\/2025\/10\/Agrifood-News-Photo-scaled.png\",\"width\":2560,\"height\":1580,\"caption\":\"Agrifood Technology\"},\"image\":{\"@id\":\"https:\/\/agrifood.com.au\/#\/schema\/logo\/image\/\"}}]}<\/script>\n<!-- \/ Yoast SEO plugin. -->","yoast_head_json":{"title":"Experts in Feed Testing - Agrifood Technology","robots":{"index":"index","follow":"follow","max-snippet":"max-snippet:-1","max-image-preview":"max-image-preview:large","max-video-preview":"max-video-preview:-1"},"canonical":"https:\/\/agrifood.com.au\/fr\/feedtest\/experts-in-feed-testing\/","og_locale":"fr_FR","og_type":"article","og_title":"Experts in Feed Testing - Agrifood Technology","og_description":"Why FeedTest? This is a question we are often confronted with at FeedTest. There are many reasons why testing your stockfeed can be of great benefit. FeedTest gives yo\u2026","og_url":"https:\/\/agrifood.com.au\/fr\/feedtest\/experts-in-feed-testing\/","og_site_name":"Agrifood Technology","article_modified_time":"2025-11-19T13:49:39+00:00","og_image":[{"width":540,"height":360,"url":"https:\/\/agrifood.com.au\/app\/uploads\/2025\/11\/hay-bale.jpg","type":"image\/jpeg"}],"twitter_card":"summary_large_image","twitter_misc":{"Est. reading time":"5 minutes"},"schema":{"@context":"https:\/\/schema.org","@graph":[{"@type":"WebPage","@id":"https:\/\/agrifood.com.au\/feedtest\/experts-in-feed-testing\/","url":"https:\/\/agrifood.com.au\/feedtest\/experts-in-feed-testing\/","name":"Experts in Feed Testing - Agrifood Technology","isPartOf":{"@id":"https:\/\/agrifood.com.au\/#website"},"primaryImageOfPage":{"@id":"https:\/\/agrifood.com.au\/feedtest\/experts-in-feed-testing\/#primaryimage"},"image":{"@id":"https:\/\/agrifood.com.au\/feedtest\/experts-in-feed-testing\/#primaryimage"},"thumbnailUrl":"https:\/\/agrifood.com.au\/app\/uploads\/2025\/11\/hay-bale.jpg","datePublished":"2025-09-24T05:33:26+00:00","dateModified":"2025-11-19T13:49:39+00:00","breadcrumb":{"@id":"https:\/\/agrifood.com.au\/feedtest\/experts-in-feed-testing\/#breadcrumb"},"inLanguage":"fr-FR","potentialAction":[{"@type":"ReadAction","target":["https:\/\/agrifood.com.au\/feedtest\/experts-in-feed-testing\/"]}]},{"@type":"ImageObject","inLanguage":"fr-FR","@id":"https:\/\/agrifood.com.au\/feedtest\/experts-in-feed-testing\/#primaryimage","url":"https:\/\/agrifood.com.au\/app\/uploads\/2025\/11\/hay-bale.jpg","contentUrl":"https:\/\/agrifood.com.au\/app\/uploads\/2025\/11\/hay-bale.jpg"},{"@type":"BreadcrumbList","@id":"https:\/\/agrifood.com.au\/feedtest\/experts-in-feed-testing\/#breadcrumb","itemListElement":[{"@type":"ListItem","position":1,"name":"Home","item":"https:\/\/agrifood.com.au\/"},{"@type":"ListItem","position":2,"name":"FeedTest","item":"https:\/\/agrifood.com.au\/feedtest\/"},{"@type":"ListItem","position":3,"name":"Experts in Feed Testing"}]},{"@type":"WebSite","@id":"https:\/\/agrifood.com.au\/#website","url":"https:\/\/agrifood.com.au\/","name":"Technologie agroalimentaire","description":"","publisher":{"@id":"https:\/\/agrifood.com.au\/#organization"},"potentialAction":[{"@type":"SearchAction","target":{"@type":"EntryPoint","urlTemplate":"https:\/\/agrifood.com.au\/?s={search_term_string}"},"query-input":{"@type":"PropertyValueSpecification","valueRequired":true,"valueName":"search_term_string"}}],"inLanguage":"fr-FR"},{"@type":"Organization","@id":"https:\/\/agrifood.com.au\/#organization","name":"Technologie agroalimentaire","url":"https:\/\/agrifood.com.au\/","logo":{"@type":"ImageObject","inLanguage":"fr-FR","@id":"https:\/\/agrifood.com.au\/#\/schema\/logo\/image\/","url":"https:\/\/agrifood.com.au\/app\/uploads\/2025\/10\/Agrifood-News-Photo-scaled.png","contentUrl":"https:\/\/agrifood.com.au\/app\/uploads\/2025\/10\/Agrifood-News-Photo-scaled.png","width":2560,"height":1580,"caption":"Agrifood Technology"},"image":{"@id":"https:\/\/agrifood.com.au\/#\/schema\/logo\/image\/"}}]}},"_links":{"self":[{"href":"https:\/\/agrifood.com.au\/fr\/wp-json\/wp\/v2\/pages\/1549","targetHints":{"allow":["GET"]}}],"collection":[{"href":"https:\/\/agrifood.com.au\/fr\/wp-json\/wp\/v2\/pages"}],"about":[{"href":"https:\/\/agrifood.com.au\/fr\/wp-json\/wp\/v2\/types\/page"}],"author":[{"embeddable":true,"href":"https:\/\/agrifood.com.au\/fr\/wp-json\/wp\/v2\/users\/1"}],"replies":[{"embeddable":true,"href":"https:\/\/agrifood.com.au\/fr\/wp-json\/wp\/v2\/comments?post=1549"}],"version-history":[{"count":40,"href":"https:\/\/agrifood.com.au\/fr\/wp-json\/wp\/v2\/pages\/1549\/revisions"}],"predecessor-version":[{"id":2614,"href":"https:\/\/agrifood.com.au\/fr\/wp-json\/wp\/v2\/pages\/1549\/revisions\/2614"}],"up":[{"embeddable":true,"href":"https:\/\/agrifood.com.au\/fr\/wp-json\/wp\/v2\/pages\/960"}],"wp:attachment":[{"href":"https:\/\/agrifood.com.au\/fr\/wp-json\/wp\/v2\/media?parent=1549"}],"curies":[{"name":"wp","href":"https:\/\/api.w.org\/{rel}","templated":true}]}}