{"id":1553,"date":"2025-09-24T05:37:51","date_gmt":"2025-09-24T05:37:51","guid":{"rendered":"https:\/\/agrifood.swim.net.au\/?page_id=1553"},"modified":"2025-11-07T02:21:45","modified_gmt":"2025-11-07T02:21:45","slug":"feedtest-information","status":"publish","type":"page","link":"https:\/\/agrifood.com.au\/fr\/feedtest\/feedtest-information\/","title":{"rendered":"Informations sur le FeedTest"},"content":{"rendered":"<div class=\"wp-block-group is-style-boxed-narrow is-layout-constrained wp-block-group-is-layout-constrained\">\n<h2 class=\"wp-block-heading\">Moyennes saisonni\u00e8res<\/h2>\n\n\n\n<p>Les tableaux suivants indiquent la moyenne et la fourchette des mesures de qualit\u00e9 pour le foin de p\u00e2turage, le foin de c\u00e9r\u00e9ales, le foin de canola, le foin de l\u00e9gumineuses, l'ensilage et les c\u00e9r\u00e9ales au cours des huit derni\u00e8res campagnes.<\/p>\n<\/div>\n\n\n\n<div class=\"wp-block-group is-style-boxed resources-group is-layout-constrained wp-block-group-is-layout-constrained\">\n<div class=\"resource-sort-filter\"><label for=\"resource-sort-information_sheet\" style=\"margin-right: 10px;\">Trier par :<\/label><select id=\"resource-sort-information_sheet\" class=\"resource-sort-select\" \n            data-container=\"resource-container-information_sheet\"><option value=\"date_desc\" selected>Date (la plus r\u00e9cente en premier)<\/option><option value=\"date_asc\">Date (la plus ancienne en premier)<\/option><option value=\"title_asc\">Titre (A-Z)<\/option><option value=\"title_desc\">Titre (Z-A)<\/option><\/select><\/div><div class=\"resource-container resource-container-information_sheet\"\n            data-posttype=\"information_sheet\"\n            data-orderby=\"date\"\n            data-order=\"DESC\"\n            data-tax=\"\"\n            data-terms=\"\"\n            data-total=\"36\"\n            data-perpage=\"8\"><div class=\"resource-item\"><h3 class=\"resource-title\">MOYENS - Hays 2024\/25<\/h3><a href=\"https:\/\/agrifood.com.au\/fr\/app\/uploads\/2025\/09\/Season-Averages-Hays_2024-25-1.pdf\/\" class=\"resource-dbtn\" target=\"_blank\" rel=\"noopener\">VIEW<\/a><\/div><div class=\"resource-item\"><h3 class=\"resource-title\">MOYENS - Concentr\u00e9s 2024\/25<\/h3><a href=\"https:\/\/agrifood.com.au\/fr\/app\/uploads\/2025\/09\/Season-Averages-Concentrates-2024-25.pdf\/\" class=\"resource-dbtn\" target=\"_blank\" rel=\"noopener\">VIEW<\/a><\/div><div class=\"resource-item\"><h3 class=\"resource-title\">MOYENS - Ensilage 2024\/25<\/h3><a href=\"https:\/\/agrifood.com.au\/fr\/app\/uploads\/2025\/09\/Season-Averages-Silages-2024-25.pdf\/\" class=\"resource-dbtn\" target=\"_blank\" rel=\"noopener\">VIEW<\/a><\/div><div class=\"resource-item\"><h3 class=\"resource-title\">MOYENNES \u2013 Hays 2023\/24<\/h3><a href=\"https:\/\/agrifood.com.au\/fr\/app\/uploads\/2025\/09\/Hays_2023-24_a.pdf\/\" class=\"resource-dbtn\" target=\"_blank\" rel=\"noopener\">VIEW<\/a><\/div><div class=\"resource-item\"><h3 class=\"resource-title\">MOYENNES \u2013 Concentr\u00e9s 2023\/24<\/h3><a href=\"https:\/\/agrifood.com.au\/fr\/app\/uploads\/2025\/09\/Concentrates-2023-24.pdf\/\" class=\"resource-dbtn\" target=\"_blank\" rel=\"noopener\">VIEW<\/a><\/div><div class=\"resource-item\"><h3 class=\"resource-title\">MOYENNES \u2013 Betteraves ensil\u00e9es et fourrag\u00e8res 2023\/24<\/h3><a href=\"https:\/\/agrifood.com.au\/fr\/app\/uploads\/2025\/09\/Silages-Fodder-Beet-2023-24.pdf\/\" class=\"resource-dbtn\" target=\"_blank\" rel=\"noopener\">VIEW<\/a><\/div><div class=\"resource-item\"><h3 class=\"resource-title\">MOYENS - Hays 2023<\/h3><a href=\"https:\/\/agrifood.com.au\/fr\/app\/uploads\/2025\/09\/Hays-2023-PEAK-dec-2023.pdf\/\" class=\"resource-dbtn\" target=\"_blank\" rel=\"noopener\">VIEW<\/a><\/div><div class=\"resource-item\"><h3 class=\"resource-title\">MOYENS - Hays 2022\/23<\/h3><a href=\"https:\/\/agrifood.com.au\/fr\/app\/uploads\/2025\/09\/Hays-2022-23.pdf\/\" class=\"resource-dbtn\" target=\"_blank\" rel=\"noopener\">VIEW<\/a><\/div><\/div><button class=\"resource-loadmore\" data-page=\"1\">En savoir plus<\/button>\n<\/div>\n\n\n\n<div class=\"wp-block-group is-style-boxed-narrow is-layout-constrained wp-block-group-is-layout-constrained\">\n<p>Remarque : ces informations sont produites \u00e0 partir des donn\u00e9es des enregistrements de FeedTest, d\u00e9riv\u00e9es des \u00e9chantillons soumis par les clients. FeedTest produit ces tableaux pour l'information des clients, simplement pour d\u00e9montrer l'\u00e9ventail de qualit\u00e9 qui peut exister pour un type d'aliment donn\u00e9.<\/p>\n\n\n\n<h2 class=\"wp-block-heading\">Instructions pour l'\u00e9chantillonnage<\/h2>\n\n\n\n<p>FeedTest fournira une analyse pr\u00e9cise de votre \u00e9chantillon, mais il est essentiel que l'\u00e9chantillon soit repr\u00e9sentatif de l'aliment test\u00e9, en particulier pour le foin et l'ensilage qui peuvent \u00eatre tr\u00e8s variables.<\/p>\n\n\n\n<div class=\"wp-block-buttons is-layout-flex wp-block-buttons-is-layout-flex\">\n<div class=\"wp-block-button\"><a class=\"wp-block-button__link wp-element-button\" href=\"\/fr\/app\/uploads\/2025\/09\/Sampling-Instructions.pdf\/\">T\u00e9l\u00e9charger les instructions d'\u00e9chantillonnage<\/a><\/div>\n<\/div>\n\n\n\n<h2 class=\"wp-block-heading\">Syst\u00e8me de notation de l'AFIA<\/h2>\n\n\n\n<p>L'AFIA, en collaboration avec l'AQIS, travaille \u00e0 l'am\u00e9lioration des exigences et des r\u00e9glementations en mati\u00e8re de commerce int\u00e9rieur et d'exportation. Depuis sa cr\u00e9ation, l'AFIA a notamment adopt\u00e9 des cat\u00e9gories nationales de foin (reconnues par la National Agricultural Commodity Marketing Association NACMA), des m\u00e9thodes communes de contr\u00f4le de la qualit\u00e9, une repr\u00e9sentation de l'industrie, l'adoption de formulaires de d\u00e9claration des fournisseurs et la communication avec l'industrie.<\/p>\n\n\n\n<p>Afin d'aligner la qualit\u00e9 des aliments sur la qualit\u00e9 du b\u00e9tail et de la production laiti\u00e8re, l'AFIA a lanc\u00e9 l'utilisation de formulaires de d\u00e9claration des fournisseurs. Ces formulaires sont mis gratuitement \u00e0 la disposition des membres et constituent un outil pr\u00e9cieux pour les consommateurs en documentant la qualit\u00e9 du produit fourni. C'est l'un des outils que l'AFIA met \u00e0 disposition pour renforcer la confiance dans les produits fourragers.<\/p>\n\n\n\n<blockquote class=\"wp-block-quote is-layout-flow wp-block-quote-is-layout-flow\">\n<p><em>La n\u00e9cessit\u00e9 d'une description, d'un langage ou d'un syst\u00e8me de classement commun pour les fourrages a \u00e9t\u00e9 initi\u00e9e par l'AFIA.<\/em><\/p>\n<\/blockquote>\n\n\n\n<p>Les cat\u00e9gories sont li\u00e9es \u00e0 la qualit\u00e9 du fourrage (foin et ensilage) et aux performances du b\u00e9tail et sont bas\u00e9es sur des mesures objectives. Elles permettent \u00e0 l'acheteur et au vendeur de reconna\u00eetre instantan\u00e9ment la qualit\u00e9 au moyen d'un simple code alphanum\u00e9rique. Le grade peut figurer sur les rapports d'analyse des fourrages et sur les formulaires de d\u00e9claration du vendeur.<\/p>\n\n\n\n<div class=\"wp-block-columns is-layout-flex wp-container-core-columns-is-layout-9d6595d7 wp-block-columns-is-layout-flex\">\n<div class=\"wp-block-column is-layout-flow wp-block-column-is-layout-flow\">\n<figure class=\"wp-block-image size-full\"><img loading=\"lazy\" decoding=\"async\" width=\"862\" height=\"525\" src=\"https:\/\/agrifood.com.au\/app\/uploads\/2025\/09\/Table-1.jpg\" alt=\"\" class=\"wp-image-1561\" srcset=\"https:\/\/agrifood.com.au\/app\/uploads\/2025\/09\/Table-1.jpg 862w, https:\/\/agrifood.com.au\/app\/uploads\/2025\/09\/Table-1-300x183.jpg 300w, https:\/\/agrifood.com.au\/app\/uploads\/2025\/09\/Table-1-768x468.jpg 768w, https:\/\/agrifood.com.au\/app\/uploads\/2025\/09\/Table-1-18x12.jpg 18w\" sizes=\"auto, (max-width: 862px) 100vw, 862px\" \/><\/figure>\n<\/div>\n\n\n\n<div class=\"wp-block-column is-layout-flow wp-block-column-is-layout-flow\">\n<figure class=\"wp-block-image size-full\"><img loading=\"lazy\" decoding=\"async\" width=\"863\" height=\"526\" src=\"https:\/\/agrifood.com.au\/app\/uploads\/2025\/09\/Table-2.jpg\" alt=\"\" class=\"wp-image-1562\" srcset=\"https:\/\/agrifood.com.au\/app\/uploads\/2025\/09\/Table-2.jpg 863w, https:\/\/agrifood.com.au\/app\/uploads\/2025\/09\/Table-2-300x183.jpg 300w, https:\/\/agrifood.com.au\/app\/uploads\/2025\/09\/Table-2-768x468.jpg 768w, https:\/\/agrifood.com.au\/app\/uploads\/2025\/09\/Table-2-18x12.jpg 18w\" sizes=\"auto, (max-width: 863px) 100vw, 863px\" \/><\/figure>\n<\/div>\n<\/div>\n\n\n\n<p><strong>EM (MJ\/kg MS)<\/strong>&nbsp;\u00c9nergie m\u00e9tabolisable m\u00e9gajoules par kilogramme de MS<br><strong>DMD (%)<\/strong>&nbsp;Digestibilit\u00e9 de la mati\u00e8re s\u00e8che<br><strong>CP (% de DM)<\/strong>&nbsp;Prot\u00e9ines brutes, % de MS<br><strong>DM<\/strong>&nbsp;Mati\u00e8re s\u00e8che<\/p>\n\n\n\n<p>Deux syst\u00e8mes de classement distincts ont \u00e9t\u00e9 adopt\u00e9s, comme le montrent les tableaux 1 et 2 ci-dessus. Ces classements tiennent compte de l'\u00e9cart entre l'\u00e9nergie m\u00e9tabolisable et les prot\u00e9ines brutes, qui peut exister dans le foin et l'ensilage, et refl\u00e8tent la teneur en prot\u00e9ines naturellement plus faible des fourrages de c\u00e9r\u00e9ales.<\/p>\n\n\n\n<div style=\"height:2rem\" aria-hidden=\"true\" class=\"wp-block-spacer\"><\/div>\n<\/div>","protected":false},"excerpt":{"rendered":"<p>Seasonal Averages The following tables show the mean and range of quality measurements for pasture hay, cereal hay, canola hay, legume hay, silage, and cereal grain ov\u2026<\/p>","protected":false},"author":1,"featured_media":0,"parent":960,"menu_order":0,"comment_status":"closed","ping_status":"closed","template":"","meta":{"_acf_changed":false,"footnotes":""},"class_list":["post-1553","page","type-page","status-publish","hentry"],"acf":[],"yoast_head":"<!-- This site is optimized with the Yoast SEO plugin v27.0 - https:\/\/yoast.com\/product\/yoast-seo-wordpress\/ -->\n<title>FeedTest Information - Agrifood Technology<\/title>\n<meta name=\"robots\" content=\"index, follow, max-snippet:-1, max-image-preview:large, max-video-preview:-1\" \/>\n<link rel=\"canonical\" href=\"https:\/\/agrifood.com.au\/fr\/feedtest\/feedtest-information\/\" \/>\n<meta property=\"og:locale\" content=\"fr_FR\" \/>\n<meta property=\"og:type\" content=\"article\" \/>\n<meta property=\"og:title\" content=\"FeedTest Information - Agrifood Technology\" \/>\n<meta property=\"og:description\" content=\"Seasonal Averages The following tables show the mean and range of quality measurements for pasture hay, cereal hay, canola hay, legume hay, silage, and cereal grain ov\u2026\" \/>\n<meta property=\"og:url\" content=\"https:\/\/agrifood.com.au\/fr\/feedtest\/feedtest-information\/\" \/>\n<meta property=\"og:site_name\" content=\"Agrifood Technology\" \/>\n<meta property=\"article:modified_time\" content=\"2025-11-07T02:21:45+00:00\" \/>\n<meta property=\"og:image\" content=\"https:\/\/agrifood.com.au\/app\/uploads\/2025\/09\/Table-1.jpg\" \/>\n\t<meta property=\"og:image:width\" content=\"862\" \/>\n\t<meta property=\"og:image:height\" content=\"525\" \/>\n\t<meta property=\"og:image:type\" content=\"image\/jpeg\" \/>\n<meta name=\"twitter:card\" content=\"summary_large_image\" \/>\n<meta name=\"twitter:label1\" content=\"Est. reading time\" \/>\n\t<meta name=\"twitter:data1\" content=\"2 minutes\" \/>\n<script type=\"application\/ld+json\" class=\"yoast-schema-graph\">{\"@context\":\"https:\/\/schema.org\",\"@graph\":[{\"@type\":\"WebPage\",\"@id\":\"https:\/\/agrifood.com.au\/feedtest\/feedtest-information\/\",\"url\":\"https:\/\/agrifood.com.au\/feedtest\/feedtest-information\/\",\"name\":\"FeedTest Information - Agrifood Technology\",\"isPartOf\":{\"@id\":\"https:\/\/agrifood.com.au\/#website\"},\"primaryImageOfPage\":{\"@id\":\"https:\/\/agrifood.com.au\/feedtest\/feedtest-information\/#primaryimage\"},\"image\":{\"@id\":\"https:\/\/agrifood.com.au\/feedtest\/feedtest-information\/#primaryimage\"},\"thumbnailUrl\":\"https:\/\/agrifood.com.au\/app\/uploads\/2025\/09\/Table-1.jpg\",\"datePublished\":\"2025-09-24T05:37:51+00:00\",\"dateModified\":\"2025-11-07T02:21:45+00:00\",\"breadcrumb\":{\"@id\":\"https:\/\/agrifood.com.au\/feedtest\/feedtest-information\/#breadcrumb\"},\"inLanguage\":\"fr-FR\",\"potentialAction\":[{\"@type\":\"ReadAction\",\"target\":[\"https:\/\/agrifood.com.au\/feedtest\/feedtest-information\/\"]}]},{\"@type\":\"ImageObject\",\"inLanguage\":\"fr-FR\",\"@id\":\"https:\/\/agrifood.com.au\/feedtest\/feedtest-information\/#primaryimage\",\"url\":\"https:\/\/agrifood.com.au\/app\/uploads\/2025\/09\/Table-1.jpg\",\"contentUrl\":\"https:\/\/agrifood.com.au\/app\/uploads\/2025\/09\/Table-1.jpg\"},{\"@type\":\"BreadcrumbList\",\"@id\":\"https:\/\/agrifood.com.au\/feedtest\/feedtest-information\/#breadcrumb\",\"itemListElement\":[{\"@type\":\"ListItem\",\"position\":1,\"name\":\"Home\",\"item\":\"https:\/\/agrifood.com.au\/\"},{\"@type\":\"ListItem\",\"position\":2,\"name\":\"FeedTest\",\"item\":\"https:\/\/agrifood.com.au\/feedtest\/\"},{\"@type\":\"ListItem\",\"position\":3,\"name\":\"FeedTest Information\"}]},{\"@type\":\"WebSite\",\"@id\":\"https:\/\/agrifood.com.au\/#website\",\"url\":\"https:\/\/agrifood.com.au\/\",\"name\":\"Agrifood Technology\",\"description\":\"\",\"publisher\":{\"@id\":\"https:\/\/agrifood.com.au\/#organization\"},\"potentialAction\":[{\"@type\":\"SearchAction\",\"target\":{\"@type\":\"EntryPoint\",\"urlTemplate\":\"https:\/\/agrifood.com.au\/?s={search_term_string}\"},\"query-input\":{\"@type\":\"PropertyValueSpecification\",\"valueRequired\":true,\"valueName\":\"search_term_string\"}}],\"inLanguage\":\"fr-FR\"},{\"@type\":\"Organization\",\"@id\":\"https:\/\/agrifood.com.au\/#organization\",\"name\":\"Agrifood Technology\",\"url\":\"https:\/\/agrifood.com.au\/\",\"logo\":{\"@type\":\"ImageObject\",\"inLanguage\":\"fr-FR\",\"@id\":\"https:\/\/agrifood.com.au\/#\/schema\/logo\/image\/\",\"url\":\"https:\/\/agrifood.com.au\/app\/uploads\/2025\/10\/Agrifood-News-Photo-scaled.png\",\"contentUrl\":\"https:\/\/agrifood.com.au\/app\/uploads\/2025\/10\/Agrifood-News-Photo-scaled.png\",\"width\":2560,\"height\":1580,\"caption\":\"Agrifood Technology\"},\"image\":{\"@id\":\"https:\/\/agrifood.com.au\/#\/schema\/logo\/image\/\"}}]}<\/script>\n<!-- \/ Yoast SEO plugin. -->","yoast_head_json":{"title":"FeedTest Information - Agrifood Technology","robots":{"index":"index","follow":"follow","max-snippet":"max-snippet:-1","max-image-preview":"max-image-preview:large","max-video-preview":"max-video-preview:-1"},"canonical":"https:\/\/agrifood.com.au\/fr\/feedtest\/feedtest-information\/","og_locale":"fr_FR","og_type":"article","og_title":"FeedTest Information - Agrifood Technology","og_description":"Seasonal Averages The following tables show the mean and range of quality measurements for pasture hay, cereal hay, canola hay, legume hay, silage, and cereal grain ov\u2026","og_url":"https:\/\/agrifood.com.au\/fr\/feedtest\/feedtest-information\/","og_site_name":"Agrifood Technology","article_modified_time":"2025-11-07T02:21:45+00:00","og_image":[{"width":862,"height":525,"url":"https:\/\/agrifood.com.au\/app\/uploads\/2025\/09\/Table-1.jpg","type":"image\/jpeg"}],"twitter_card":"summary_large_image","twitter_misc":{"Est. reading time":"2 minutes"},"schema":{"@context":"https:\/\/schema.org","@graph":[{"@type":"WebPage","@id":"https:\/\/agrifood.com.au\/feedtest\/feedtest-information\/","url":"https:\/\/agrifood.com.au\/feedtest\/feedtest-information\/","name":"FeedTest Information - Agrifood Technology","isPartOf":{"@id":"https:\/\/agrifood.com.au\/#website"},"primaryImageOfPage":{"@id":"https:\/\/agrifood.com.au\/feedtest\/feedtest-information\/#primaryimage"},"image":{"@id":"https:\/\/agrifood.com.au\/feedtest\/feedtest-information\/#primaryimage"},"thumbnailUrl":"https:\/\/agrifood.com.au\/app\/uploads\/2025\/09\/Table-1.jpg","datePublished":"2025-09-24T05:37:51+00:00","dateModified":"2025-11-07T02:21:45+00:00","breadcrumb":{"@id":"https:\/\/agrifood.com.au\/feedtest\/feedtest-information\/#breadcrumb"},"inLanguage":"fr-FR","potentialAction":[{"@type":"ReadAction","target":["https:\/\/agrifood.com.au\/feedtest\/feedtest-information\/"]}]},{"@type":"ImageObject","inLanguage":"fr-FR","@id":"https:\/\/agrifood.com.au\/feedtest\/feedtest-information\/#primaryimage","url":"https:\/\/agrifood.com.au\/app\/uploads\/2025\/09\/Table-1.jpg","contentUrl":"https:\/\/agrifood.com.au\/app\/uploads\/2025\/09\/Table-1.jpg"},{"@type":"BreadcrumbList","@id":"https:\/\/agrifood.com.au\/feedtest\/feedtest-information\/#breadcrumb","itemListElement":[{"@type":"ListItem","position":1,"name":"Home","item":"https:\/\/agrifood.com.au\/"},{"@type":"ListItem","position":2,"name":"FeedTest","item":"https:\/\/agrifood.com.au\/feedtest\/"},{"@type":"ListItem","position":3,"name":"FeedTest Information"}]},{"@type":"WebSite","@id":"https:\/\/agrifood.com.au\/#website","url":"https:\/\/agrifood.com.au\/","name":"Technologie agroalimentaire","description":"","publisher":{"@id":"https:\/\/agrifood.com.au\/#organization"},"potentialAction":[{"@type":"SearchAction","target":{"@type":"EntryPoint","urlTemplate":"https:\/\/agrifood.com.au\/?s={search_term_string}"},"query-input":{"@type":"PropertyValueSpecification","valueRequired":true,"valueName":"search_term_string"}}],"inLanguage":"fr-FR"},{"@type":"Organization","@id":"https:\/\/agrifood.com.au\/#organization","name":"Technologie agroalimentaire","url":"https:\/\/agrifood.com.au\/","logo":{"@type":"ImageObject","inLanguage":"fr-FR","@id":"https:\/\/agrifood.com.au\/#\/schema\/logo\/image\/","url":"https:\/\/agrifood.com.au\/app\/uploads\/2025\/10\/Agrifood-News-Photo-scaled.png","contentUrl":"https:\/\/agrifood.com.au\/app\/uploads\/2025\/10\/Agrifood-News-Photo-scaled.png","width":2560,"height":1580,"caption":"Agrifood Technology"},"image":{"@id":"https:\/\/agrifood.com.au\/#\/schema\/logo\/image\/"}}]}},"_links":{"self":[{"href":"https:\/\/agrifood.com.au\/fr\/wp-json\/wp\/v2\/pages\/1553","targetHints":{"allow":["GET"]}}],"collection":[{"href":"https:\/\/agrifood.com.au\/fr\/wp-json\/wp\/v2\/pages"}],"about":[{"href":"https:\/\/agrifood.com.au\/fr\/wp-json\/wp\/v2\/types\/page"}],"author":[{"embeddable":true,"href":"https:\/\/agrifood.com.au\/fr\/wp-json\/wp\/v2\/users\/1"}],"replies":[{"embeddable":true,"href":"https:\/\/agrifood.com.au\/fr\/wp-json\/wp\/v2\/comments?post=1553"}],"version-history":[{"count":11,"href":"https:\/\/agrifood.com.au\/fr\/wp-json\/wp\/v2\/pages\/1553\/revisions"}],"predecessor-version":[{"id":2167,"href":"https:\/\/agrifood.com.au\/fr\/wp-json\/wp\/v2\/pages\/1553\/revisions\/2167"}],"up":[{"embeddable":true,"href":"https:\/\/agrifood.com.au\/fr\/wp-json\/wp\/v2\/pages\/960"}],"wp:attachment":[{"href":"https:\/\/agrifood.com.au\/fr\/wp-json\/wp\/v2\/media?parent=1553"}],"curies":[{"name":"wp","href":"https:\/\/api.w.org\/{rel}","templated":true}]}}