{"id":2034,"date":"2025-10-31T00:51:24","date_gmt":"2025-10-31T00:51:24","guid":{"rendered":"https:\/\/agrifood.swim.net.au\/?page_id=2034"},"modified":"2025-11-27T01:57:14","modified_gmt":"2025-11-27T01:57:14","slug":"hospitals-aged-care","status":"publish","type":"page","link":"https:\/\/agrifood.com.au\/fr\/services\/by-industry\/local-health\/hospitals-aged-care\/","title":{"rendered":"H\u00f4pitaux et soins de longue dur\u00e9e"},"content":{"rendered":"<div class=\"wp-block-group is-style-boxed is-layout-constrained wp-block-group-is-layout-constrained\">\n<div class=\"wp-block-columns is-layout-flex wp-container-core-columns-is-layout-9d6595d7 wp-block-columns-is-layout-flex\">\n<div class=\"wp-block-column is-layout-flow wp-block-column-is-layout-flow\">\n<p>Garantir la s\u00e9curit\u00e9 alimentaire est de la plus haute importance dans les cuisines qui fournissent des aliments aux patients et aux r\u00e9sidents des \u00e9tablissements de soins pour personnes \u00e2g\u00e9es. Les maladies d'origine alimentaire peuvent avoir un impact significatif sur la sant\u00e9 et la s\u00e9curit\u00e9, c'est pourquoi il est essentiel pour les prestataires de mettre en \u0153uvre des programmes complets de s\u00e9curit\u00e9 alimentaire qui incluent des tests et des contr\u00f4les r\u00e9guliers des produits alimentaires. La mise en \u0153uvre de normes d'hygi\u00e8ne dans les cuisines et le respect des protocoles de s\u00e9curit\u00e9 alimentaire sont essentiels pour prot\u00e9ger la sant\u00e9 des clients et maintenir une bonne r\u00e9putation.<\/p>\n\n\n\n<p>Agrifood Technology fournit des services d'analyse \u00e0 de nombreux prestataires de soins de sant\u00e9 dans toute l'Australie.<\/p>\n<\/div>\n\n\n\n<div class=\"wp-block-column is-layout-flow wp-block-column-is-layout-flow\">\n<figure class=\"wp-block-image size-large\"><img loading=\"lazy\" decoding=\"async\" width=\"1024\" height=\"683\" src=\"https:\/\/agrifood.com.au\/app\/uploads\/2025\/11\/Hospital-Food-image-1024x683.jpg\" alt=\"\" class=\"wp-image-2648\" srcset=\"https:\/\/agrifood.com.au\/app\/uploads\/2025\/11\/Hospital-Food-image-1024x683.jpg 1024w, https:\/\/agrifood.com.au\/app\/uploads\/2025\/11\/Hospital-Food-image-300x200.jpg 300w, https:\/\/agrifood.com.au\/app\/uploads\/2025\/11\/Hospital-Food-image-768x512.jpg 768w, https:\/\/agrifood.com.au\/app\/uploads\/2025\/11\/Hospital-Food-image-18x12.jpg 18w, https:\/\/agrifood.com.au\/app\/uploads\/2025\/11\/Hospital-Food-image.jpg 1254w\" sizes=\"auto, (max-width: 1024px) 100vw, 1024px\" \/><\/figure>\n<\/div>\n<\/div>\n\n\n\n<h2 class=\"wp-block-heading\">Lire la suite<\/h2>\n\n\n\n<div class=\"wp-block-buttons is-layout-flex wp-block-buttons-is-layout-flex\">\n<div class=\"wp-block-button is-style-default\"><a class=\"wp-block-button__link wp-element-button\" href=\"\/fr\/services\/by-capability\/agrifood-services\/microbiological-testing\/\">Tests microbiologiques<\/a><\/div>\n\n\n\n<div class=\"wp-block-button is-style-default\"><a class=\"wp-block-button__link wp-element-button\" href=\"\/fr\/services\/by-capability\/agrifood-services\/agro-nutritional-testing\/water-testing\/\">Analyse de l'eau<\/a><\/div>\n\n\n\n<div class=\"wp-block-button is-style-default\"><a class=\"wp-block-button__link wp-element-button\" href=\"\/fr\/services\/by-capability\/agrifood-services\/food-safety-testing\/allergen-testing\/\">Test d'allerg\u00e8nes<\/a><\/div>\n\n\n\n<div class=\"wp-block-button is-style-default\"><a class=\"wp-block-button__link wp-element-button\" href=\"\/fr\/services\/by-capability\/agrifood-services\/microbiological-testing\/shelf-life-testing\/\">Shell Life Testing\/R\u00e9clamations sur les aliments<\/a><\/div>\n\n\n\n<div class=\"wp-block-button is-style-default\"><a class=\"wp-block-button__link wp-element-button\" href=\"\/fr\/services\/by-capability\/agrifood-services\/nutritional-testing\/\">Tests nutritionnels<\/a><\/div>\n<\/div>\n<\/div>","protected":false},"excerpt":{"rendered":"<p>Ensuring food safety&nbsp;is of utmost importance in kitchens supplying food to patients and residents in aged care. Foodborne illnesses can have a significant impact\u2026<\/p>","protected":false},"author":1,"featured_media":0,"parent":805,"menu_order":0,"comment_status":"closed","ping_status":"closed","template":"","meta":{"_acf_changed":false,"footnotes":""},"class_list":["post-2034","page","type-page","status-publish","hentry"],"acf":[],"yoast_head":"<!-- This site is optimized with the Yoast SEO plugin v27.0 - https:\/\/yoast.com\/product\/yoast-seo-wordpress\/ -->\n<title>Hospitals &amp; Aged Care - Agrifood Technology<\/title>\n<meta name=\"robots\" content=\"index, follow, max-snippet:-1, max-image-preview:large, max-video-preview:-1\" \/>\n<link rel=\"canonical\" href=\"https:\/\/agrifood.com.au\/fr\/services\/by-industry\/local-health\/hospitals-aged-care\/\" \/>\n<meta property=\"og:locale\" content=\"fr_FR\" \/>\n<meta property=\"og:type\" content=\"article\" \/>\n<meta property=\"og:title\" content=\"Hospitals &amp; Aged Care - Agrifood Technology\" \/>\n<meta property=\"og:description\" content=\"Ensuring food safety&nbsp;is of utmost importance in kitchens supplying food to patients and residents in aged care. Foodborne illnesses can have a significant impact\u2026\" \/>\n<meta property=\"og:url\" content=\"https:\/\/agrifood.com.au\/fr\/services\/by-industry\/local-health\/hospitals-aged-care\/\" \/>\n<meta property=\"og:site_name\" content=\"Agrifood Technology\" \/>\n<meta property=\"article:modified_time\" content=\"2025-11-27T01:57:14+00:00\" \/>\n<meta property=\"og:image\" content=\"https:\/\/agrifood.com.au\/app\/uploads\/2025\/11\/Hospital-Food-image.jpg\" \/>\n\t<meta property=\"og:image:width\" content=\"1254\" \/>\n\t<meta property=\"og:image:height\" content=\"836\" \/>\n\t<meta property=\"og:image:type\" content=\"image\/jpeg\" \/>\n<meta name=\"twitter:card\" content=\"summary_large_image\" \/>\n<meta name=\"twitter:label1\" content=\"Est. reading time\" \/>\n\t<meta name=\"twitter:data1\" content=\"1 minute\" \/>\n<script type=\"application\/ld+json\" class=\"yoast-schema-graph\">{\"@context\":\"https:\/\/schema.org\",\"@graph\":[{\"@type\":\"WebPage\",\"@id\":\"https:\/\/agrifood.com.au\/services\/by-industry\/local-health\/hospitals-aged-care\/\",\"url\":\"https:\/\/agrifood.com.au\/services\/by-industry\/local-health\/hospitals-aged-care\/\",\"name\":\"Hospitals &amp; Aged Care - Agrifood Technology\",\"isPartOf\":{\"@id\":\"https:\/\/agrifood.com.au\/#website\"},\"primaryImageOfPage\":{\"@id\":\"https:\/\/agrifood.com.au\/services\/by-industry\/local-health\/hospitals-aged-care\/#primaryimage\"},\"image\":{\"@id\":\"https:\/\/agrifood.com.au\/services\/by-industry\/local-health\/hospitals-aged-care\/#primaryimage\"},\"thumbnailUrl\":\"https:\/\/agrifood.com.au\/app\/uploads\/2025\/11\/Hospital-Food-image-1024x683.jpg\",\"datePublished\":\"2025-10-31T00:51:24+00:00\",\"dateModified\":\"2025-11-27T01:57:14+00:00\",\"breadcrumb\":{\"@id\":\"https:\/\/agrifood.com.au\/services\/by-industry\/local-health\/hospitals-aged-care\/#breadcrumb\"},\"inLanguage\":\"fr-FR\",\"potentialAction\":[{\"@type\":\"ReadAction\",\"target\":[\"https:\/\/agrifood.com.au\/services\/by-industry\/local-health\/hospitals-aged-care\/\"]}]},{\"@type\":\"ImageObject\",\"inLanguage\":\"fr-FR\",\"@id\":\"https:\/\/agrifood.com.au\/services\/by-industry\/local-health\/hospitals-aged-care\/#primaryimage\",\"url\":\"https:\/\/agrifood.com.au\/app\/uploads\/2025\/11\/Hospital-Food-image-1024x683.jpg\",\"contentUrl\":\"https:\/\/agrifood.com.au\/app\/uploads\/2025\/11\/Hospital-Food-image-1024x683.jpg\"},{\"@type\":\"BreadcrumbList\",\"@id\":\"https:\/\/agrifood.com.au\/services\/by-industry\/local-health\/hospitals-aged-care\/#breadcrumb\",\"itemListElement\":[{\"@type\":\"ListItem\",\"position\":1,\"name\":\"Home\",\"item\":\"https:\/\/agrifood.com.au\/\"},{\"@type\":\"ListItem\",\"position\":2,\"name\":\"Services\",\"item\":\"https:\/\/agrifood.com.au\/services\/\"},{\"@type\":\"ListItem\",\"position\":3,\"name\":\"By Industry\",\"item\":\"https:\/\/agrifood.com.au\/?page_id=807\"},{\"@type\":\"ListItem\",\"position\":4,\"name\":\"Local Health\",\"item\":\"https:\/\/agrifood.com.au\/services\/by-industry\/local-health\/\"},{\"@type\":\"ListItem\",\"position\":5,\"name\":\"Hospitals &amp; Aged Care\"}]},{\"@type\":\"WebSite\",\"@id\":\"https:\/\/agrifood.com.au\/#website\",\"url\":\"https:\/\/agrifood.com.au\/\",\"name\":\"Agrifood Technology\",\"description\":\"\",\"publisher\":{\"@id\":\"https:\/\/agrifood.com.au\/#organization\"},\"potentialAction\":[{\"@type\":\"SearchAction\",\"target\":{\"@type\":\"EntryPoint\",\"urlTemplate\":\"https:\/\/agrifood.com.au\/?s={search_term_string}\"},\"query-input\":{\"@type\":\"PropertyValueSpecification\",\"valueRequired\":true,\"valueName\":\"search_term_string\"}}],\"inLanguage\":\"fr-FR\"},{\"@type\":\"Organization\",\"@id\":\"https:\/\/agrifood.com.au\/#organization\",\"name\":\"Agrifood Technology\",\"url\":\"https:\/\/agrifood.com.au\/\",\"logo\":{\"@type\":\"ImageObject\",\"inLanguage\":\"fr-FR\",\"@id\":\"https:\/\/agrifood.com.au\/#\/schema\/logo\/image\/\",\"url\":\"https:\/\/agrifood.com.au\/app\/uploads\/2025\/10\/Agrifood-News-Photo-scaled.png\",\"contentUrl\":\"https:\/\/agrifood.com.au\/app\/uploads\/2025\/10\/Agrifood-News-Photo-scaled.png\",\"width\":2560,\"height\":1580,\"caption\":\"Agrifood Technology\"},\"image\":{\"@id\":\"https:\/\/agrifood.com.au\/#\/schema\/logo\/image\/\"}}]}<\/script>\n<!-- \/ Yoast SEO plugin. -->","yoast_head_json":{"title":"Hospitals &amp; Aged Care - Agrifood Technology","robots":{"index":"index","follow":"follow","max-snippet":"max-snippet:-1","max-image-preview":"max-image-preview:large","max-video-preview":"max-video-preview:-1"},"canonical":"https:\/\/agrifood.com.au\/fr\/services\/by-industry\/local-health\/hospitals-aged-care\/","og_locale":"fr_FR","og_type":"article","og_title":"Hospitals &amp; Aged Care - Agrifood Technology","og_description":"Ensuring food safety&nbsp;is of utmost importance in kitchens supplying food to patients and residents in aged care. Foodborne illnesses can have a significant impact\u2026","og_url":"https:\/\/agrifood.com.au\/fr\/services\/by-industry\/local-health\/hospitals-aged-care\/","og_site_name":"Agrifood Technology","article_modified_time":"2025-11-27T01:57:14+00:00","og_image":[{"width":1254,"height":836,"url":"https:\/\/agrifood.com.au\/app\/uploads\/2025\/11\/Hospital-Food-image.jpg","type":"image\/jpeg"}],"twitter_card":"summary_large_image","twitter_misc":{"Est. reading time":"1 minute"},"schema":{"@context":"https:\/\/schema.org","@graph":[{"@type":"WebPage","@id":"https:\/\/agrifood.com.au\/services\/by-industry\/local-health\/hospitals-aged-care\/","url":"https:\/\/agrifood.com.au\/services\/by-industry\/local-health\/hospitals-aged-care\/","name":"Hospitals &amp; Aged Care - Agrifood Technology","isPartOf":{"@id":"https:\/\/agrifood.com.au\/#website"},"primaryImageOfPage":{"@id":"https:\/\/agrifood.com.au\/services\/by-industry\/local-health\/hospitals-aged-care\/#primaryimage"},"image":{"@id":"https:\/\/agrifood.com.au\/services\/by-industry\/local-health\/hospitals-aged-care\/#primaryimage"},"thumbnailUrl":"https:\/\/agrifood.com.au\/app\/uploads\/2025\/11\/Hospital-Food-image-1024x683.jpg","datePublished":"2025-10-31T00:51:24+00:00","dateModified":"2025-11-27T01:57:14+00:00","breadcrumb":{"@id":"https:\/\/agrifood.com.au\/services\/by-industry\/local-health\/hospitals-aged-care\/#breadcrumb"},"inLanguage":"fr-FR","potentialAction":[{"@type":"ReadAction","target":["https:\/\/agrifood.com.au\/services\/by-industry\/local-health\/hospitals-aged-care\/"]}]},{"@type":"ImageObject","inLanguage":"fr-FR","@id":"https:\/\/agrifood.com.au\/services\/by-industry\/local-health\/hospitals-aged-care\/#primaryimage","url":"https:\/\/agrifood.com.au\/app\/uploads\/2025\/11\/Hospital-Food-image-1024x683.jpg","contentUrl":"https:\/\/agrifood.com.au\/app\/uploads\/2025\/11\/Hospital-Food-image-1024x683.jpg"},{"@type":"BreadcrumbList","@id":"https:\/\/agrifood.com.au\/services\/by-industry\/local-health\/hospitals-aged-care\/#breadcrumb","itemListElement":[{"@type":"ListItem","position":1,"name":"Home","item":"https:\/\/agrifood.com.au\/"},{"@type":"ListItem","position":2,"name":"Services","item":"https:\/\/agrifood.com.au\/services\/"},{"@type":"ListItem","position":3,"name":"By Industry","item":"https:\/\/agrifood.com.au\/?page_id=807"},{"@type":"ListItem","position":4,"name":"Local Health","item":"https:\/\/agrifood.com.au\/services\/by-industry\/local-health\/"},{"@type":"ListItem","position":5,"name":"Hospitals &amp; Aged Care"}]},{"@type":"WebSite","@id":"https:\/\/agrifood.com.au\/#website","url":"https:\/\/agrifood.com.au\/","name":"Technologie agroalimentaire","description":"","publisher":{"@id":"https:\/\/agrifood.com.au\/#organization"},"potentialAction":[{"@type":"SearchAction","target":{"@type":"EntryPoint","urlTemplate":"https:\/\/agrifood.com.au\/?s={search_term_string}"},"query-input":{"@type":"PropertyValueSpecification","valueRequired":true,"valueName":"search_term_string"}}],"inLanguage":"fr-FR"},{"@type":"Organization","@id":"https:\/\/agrifood.com.au\/#organization","name":"Technologie agroalimentaire","url":"https:\/\/agrifood.com.au\/","logo":{"@type":"ImageObject","inLanguage":"fr-FR","@id":"https:\/\/agrifood.com.au\/#\/schema\/logo\/image\/","url":"https:\/\/agrifood.com.au\/app\/uploads\/2025\/10\/Agrifood-News-Photo-scaled.png","contentUrl":"https:\/\/agrifood.com.au\/app\/uploads\/2025\/10\/Agrifood-News-Photo-scaled.png","width":2560,"height":1580,"caption":"Agrifood Technology"},"image":{"@id":"https:\/\/agrifood.com.au\/#\/schema\/logo\/image\/"}}]}},"_links":{"self":[{"href":"https:\/\/agrifood.com.au\/fr\/wp-json\/wp\/v2\/pages\/2034","targetHints":{"allow":["GET"]}}],"collection":[{"href":"https:\/\/agrifood.com.au\/fr\/wp-json\/wp\/v2\/pages"}],"about":[{"href":"https:\/\/agrifood.com.au\/fr\/wp-json\/wp\/v2\/types\/page"}],"author":[{"embeddable":true,"href":"https:\/\/agrifood.com.au\/fr\/wp-json\/wp\/v2\/users\/1"}],"replies":[{"embeddable":true,"href":"https:\/\/agrifood.com.au\/fr\/wp-json\/wp\/v2\/comments?post=2034"}],"version-history":[{"count":10,"href":"https:\/\/agrifood.com.au\/fr\/wp-json\/wp\/v2\/pages\/2034\/revisions"}],"predecessor-version":[{"id":2709,"href":"https:\/\/agrifood.com.au\/fr\/wp-json\/wp\/v2\/pages\/2034\/revisions\/2709"}],"up":[{"embeddable":true,"href":"https:\/\/agrifood.com.au\/fr\/wp-json\/wp\/v2\/pages\/805"}],"wp:attachment":[{"href":"https:\/\/agrifood.com.au\/fr\/wp-json\/wp\/v2\/media?parent=2034"}],"curies":[{"name":"wp","href":"https:\/\/api.w.org\/{rel}","templated":true}]}}