{"id":2049,"date":"2025-11-06T00:00:35","date_gmt":"2025-11-06T00:00:35","guid":{"rendered":"https:\/\/agrifood.swim.net.au\/?page_id=2049"},"modified":"2025-11-27T01:46:01","modified_gmt":"2025-11-27T01:46:01","slug":"juices-and-beverages","status":"publish","type":"page","link":"https:\/\/agrifood.com.au\/fr\/processed-foods\/juices-and-beverages\/","title":{"rendered":"Jus et boissons"},"content":{"rendered":"<div class=\"wp-block-group is-style-boxed is-layout-constrained wp-block-group-is-layout-constrained\">\n<div class=\"wp-block-columns is-layout-flex wp-container-core-columns-is-layout-9d6595d7 wp-block-columns-is-layout-flex\">\n<div class=\"wp-block-column is-layout-flow wp-block-column-is-layout-flow\">\n<p>Agrifood Technology propose des tests pour les jus, les boissons gazeuses, les bi\u00e8res et les boissons alcoolis\u00e9es afin de s'assurer que chaque bouteille r\u00e9pond aux exigences de s\u00e9curit\u00e9, de qualit\u00e9 et aux attentes des consommateurs.<\/p>\n\n\n\n<p>Notre gamme de tests comprend<\/p>\n\n\n\n<ul class=\"wp-block-list\">\n<li>Tests microbiologiques<\/li>\n\n\n\n<li>Tests nutritionnels<\/li>\n\n\n\n<li>Test de patuline<\/li>\n\n\n\n<li>Tests d'allerg\u00e8nes<\/li>\n\n\n\n<li>R\u00e9sidus de pesticides<\/li>\n\n\n\n<li>Test de dur\u00e9e de vie<\/li>\n\n\n\n<li>Tests d'alcool\u00e9mie<\/li>\n<\/ul>\n<\/div>\n\n\n\n<div class=\"wp-block-column is-layout-flow wp-block-column-is-layout-flow\">\n<figure class=\"wp-block-image size-full\"><img loading=\"lazy\" decoding=\"async\" width=\"619\" height=\"360\" src=\"https:\/\/agrifood.com.au\/app\/uploads\/2025\/09\/Womans-hands-pour-freshly-prepared-tasty-and-healthy-juice-into-a-glass.-Healthy-fruit-juices-at-home.-Close-up.-Selective-focus.jpg\" alt=\"\" class=\"wp-image-1613\" srcset=\"https:\/\/agrifood.com.au\/app\/uploads\/2025\/09\/Womans-hands-pour-freshly-prepared-tasty-and-healthy-juice-into-a-glass.-Healthy-fruit-juices-at-home.-Close-up.-Selective-focus.jpg 619w, https:\/\/agrifood.com.au\/app\/uploads\/2025\/09\/Womans-hands-pour-freshly-prepared-tasty-and-healthy-juice-into-a-glass.-Healthy-fruit-juices-at-home.-Close-up.-Selective-focus-300x174.jpg 300w, https:\/\/agrifood.com.au\/app\/uploads\/2025\/09\/Womans-hands-pour-freshly-prepared-tasty-and-healthy-juice-into-a-glass.-Healthy-fruit-juices-at-home.-Close-up.-Selective-focus-18x10.jpg 18w\" sizes=\"auto, (max-width: 619px) 100vw, 619px\" \/><\/figure>\n<\/div>\n<\/div>\n\n\n\n<h2 class=\"wp-block-heading\"><strong>Lire la suite<\/strong><\/h2>\n\n\n\n<div class=\"wp-block-buttons is-layout-flex wp-block-buttons-is-layout-flex\">\n<div class=\"wp-block-button is-style-default\"><a class=\"wp-block-button__link wp-element-button\" href=\"\/fr\/services\/by-capability\/agrifood-services\/microbiological-testing\/\">Tests microbiologiques<\/a><\/div>\n\n\n\n<div class=\"wp-block-button is-style-default\"><a class=\"wp-block-button__link wp-element-button\" href=\"\/fr\/services\/by-capability\/agrifood-services\/nutritional-testing\/\">Tests nutritionnels<\/a><\/div>\n\n\n\n<div class=\"wp-block-button is-style-default\"><a class=\"wp-block-button__link wp-element-button\" href=\"\/fr\/services\/by-capability\/agrifood-services\/food-safety-testing\/allergen-testing\/\">Test d'allerg\u00e8nes<\/a><\/div>\n\n\n\n<div class=\"wp-block-button is-style-default\"><a class=\"wp-block-button__link wp-element-button\" href=\"\/fr\/services\/by-capability\/agrifood-services\/food-safety-testing\/pesticide-testing\/\">Essais de pesticides<\/a><\/div>\n\n\n\n<div class=\"wp-block-button is-style-default\"><a class=\"wp-block-button__link wp-element-button\" href=\"\/fr\/services\/by-capability\/agrifood-services\/microbiological-testing\/shelf-life-testing\/\">Test de dur\u00e9e de conservation<\/a><\/div>\n<\/div>\n<\/div>","protected":false},"excerpt":{"rendered":"<p>Agrifood Technology offer testing in juices, carbonated drinks, beers and alcoholic beverages to ensure every bottle meets safety, quality and consumer expectations. O\u2026<\/p>","protected":false},"author":2,"featured_media":0,"parent":530,"menu_order":0,"comment_status":"closed","ping_status":"closed","template":"","meta":{"_acf_changed":false,"footnotes":""},"class_list":["post-2049","page","type-page","status-publish","hentry"],"acf":[],"yoast_head":"<!-- This site is optimized with the Yoast SEO plugin v27.0 - https:\/\/yoast.com\/product\/yoast-seo-wordpress\/ -->\n<title>Juices and Beverages - Agrifood Technology<\/title>\n<meta name=\"robots\" content=\"index, follow, max-snippet:-1, max-image-preview:large, max-video-preview:-1\" \/>\n<link rel=\"canonical\" href=\"https:\/\/agrifood.com.au\/fr\/processed-foods\/juices-and-beverages\/\" \/>\n<meta property=\"og:locale\" content=\"fr_FR\" \/>\n<meta property=\"og:type\" content=\"article\" \/>\n<meta property=\"og:title\" content=\"Juices and Beverages - Agrifood Technology\" \/>\n<meta property=\"og:description\" content=\"Agrifood Technology offer testing in juices, carbonated drinks, beers and alcoholic beverages to ensure every bottle meets safety, quality and consumer expectations. O\u2026\" \/>\n<meta property=\"og:url\" content=\"https:\/\/agrifood.com.au\/fr\/processed-foods\/juices-and-beverages\/\" \/>\n<meta property=\"og:site_name\" content=\"Agrifood Technology\" \/>\n<meta property=\"article:modified_time\" content=\"2025-11-27T01:46:01+00:00\" \/>\n<meta property=\"og:image\" content=\"https:\/\/agrifood.com.au\/app\/uploads\/2025\/09\/Womans-hands-pour-freshly-prepared-tasty-and-healthy-juice-into-a-glass.-Healthy-fruit-juices-at-home.-Close-up.-Selective-focus.jpg\" \/>\n\t<meta property=\"og:image:width\" content=\"619\" \/>\n\t<meta property=\"og:image:height\" content=\"360\" \/>\n\t<meta property=\"og:image:type\" content=\"image\/jpeg\" \/>\n<meta name=\"twitter:card\" content=\"summary_large_image\" \/>\n<script type=\"application\/ld+json\" class=\"yoast-schema-graph\">{\"@context\":\"https:\/\/schema.org\",\"@graph\":[{\"@type\":\"WebPage\",\"@id\":\"https:\/\/agrifood.com.au\/processed-foods\/juices-and-beverages\/\",\"url\":\"https:\/\/agrifood.com.au\/processed-foods\/juices-and-beverages\/\",\"name\":\"Juices and Beverages - Agrifood Technology\",\"isPartOf\":{\"@id\":\"https:\/\/agrifood.com.au\/#website\"},\"primaryImageOfPage\":{\"@id\":\"https:\/\/agrifood.com.au\/processed-foods\/juices-and-beverages\/#primaryimage\"},\"image\":{\"@id\":\"https:\/\/agrifood.com.au\/processed-foods\/juices-and-beverages\/#primaryimage\"},\"thumbnailUrl\":\"https:\/\/agrifood.com.au\/app\/uploads\/2025\/09\/Womans-hands-pour-freshly-prepared-tasty-and-healthy-juice-into-a-glass.-Healthy-fruit-juices-at-home.-Close-up.-Selective-focus.jpg\",\"datePublished\":\"2025-11-06T00:00:35+00:00\",\"dateModified\":\"2025-11-27T01:46:01+00:00\",\"breadcrumb\":{\"@id\":\"https:\/\/agrifood.com.au\/processed-foods\/juices-and-beverages\/#breadcrumb\"},\"inLanguage\":\"fr-FR\",\"potentialAction\":[{\"@type\":\"ReadAction\",\"target\":[\"https:\/\/agrifood.com.au\/processed-foods\/juices-and-beverages\/\"]}]},{\"@type\":\"ImageObject\",\"inLanguage\":\"fr-FR\",\"@id\":\"https:\/\/agrifood.com.au\/processed-foods\/juices-and-beverages\/#primaryimage\",\"url\":\"https:\/\/agrifood.com.au\/app\/uploads\/2025\/09\/Womans-hands-pour-freshly-prepared-tasty-and-healthy-juice-into-a-glass.-Healthy-fruit-juices-at-home.-Close-up.-Selective-focus.jpg\",\"contentUrl\":\"https:\/\/agrifood.com.au\/app\/uploads\/2025\/09\/Womans-hands-pour-freshly-prepared-tasty-and-healthy-juice-into-a-glass.-Healthy-fruit-juices-at-home.-Close-up.-Selective-focus.jpg\"},{\"@type\":\"BreadcrumbList\",\"@id\":\"https:\/\/agrifood.com.au\/processed-foods\/juices-and-beverages\/#breadcrumb\",\"itemListElement\":[{\"@type\":\"ListItem\",\"position\":1,\"name\":\"Home\",\"item\":\"https:\/\/agrifood.com.au\/\"},{\"@type\":\"ListItem\",\"position\":2,\"name\":\"Processed Foods\",\"item\":\"https:\/\/agrifood.com.au\/processed-foods\/\"},{\"@type\":\"ListItem\",\"position\":3,\"name\":\"Juices and Beverages\"}]},{\"@type\":\"WebSite\",\"@id\":\"https:\/\/agrifood.com.au\/#website\",\"url\":\"https:\/\/agrifood.com.au\/\",\"name\":\"Agrifood Technology\",\"description\":\"\",\"publisher\":{\"@id\":\"https:\/\/agrifood.com.au\/#organization\"},\"potentialAction\":[{\"@type\":\"SearchAction\",\"target\":{\"@type\":\"EntryPoint\",\"urlTemplate\":\"https:\/\/agrifood.com.au\/?s={search_term_string}\"},\"query-input\":{\"@type\":\"PropertyValueSpecification\",\"valueRequired\":true,\"valueName\":\"search_term_string\"}}],\"inLanguage\":\"fr-FR\"},{\"@type\":\"Organization\",\"@id\":\"https:\/\/agrifood.com.au\/#organization\",\"name\":\"Agrifood Technology\",\"url\":\"https:\/\/agrifood.com.au\/\",\"logo\":{\"@type\":\"ImageObject\",\"inLanguage\":\"fr-FR\",\"@id\":\"https:\/\/agrifood.com.au\/#\/schema\/logo\/image\/\",\"url\":\"https:\/\/agrifood.com.au\/app\/uploads\/2025\/10\/Agrifood-News-Photo-scaled.png\",\"contentUrl\":\"https:\/\/agrifood.com.au\/app\/uploads\/2025\/10\/Agrifood-News-Photo-scaled.png\",\"width\":2560,\"height\":1580,\"caption\":\"Agrifood Technology\"},\"image\":{\"@id\":\"https:\/\/agrifood.com.au\/#\/schema\/logo\/image\/\"}}]}<\/script>\n<!-- \/ Yoast SEO plugin. -->","yoast_head_json":{"title":"Juices and Beverages - Agrifood Technology","robots":{"index":"index","follow":"follow","max-snippet":"max-snippet:-1","max-image-preview":"max-image-preview:large","max-video-preview":"max-video-preview:-1"},"canonical":"https:\/\/agrifood.com.au\/fr\/processed-foods\/juices-and-beverages\/","og_locale":"fr_FR","og_type":"article","og_title":"Juices and Beverages - Agrifood Technology","og_description":"Agrifood Technology offer testing in juices, carbonated drinks, beers and alcoholic beverages to ensure every bottle meets safety, quality and consumer expectations. O\u2026","og_url":"https:\/\/agrifood.com.au\/fr\/processed-foods\/juices-and-beverages\/","og_site_name":"Agrifood Technology","article_modified_time":"2025-11-27T01:46:01+00:00","og_image":[{"width":619,"height":360,"url":"https:\/\/agrifood.com.au\/app\/uploads\/2025\/09\/Womans-hands-pour-freshly-prepared-tasty-and-healthy-juice-into-a-glass.-Healthy-fruit-juices-at-home.-Close-up.-Selective-focus.jpg","type":"image\/jpeg"}],"twitter_card":"summary_large_image","schema":{"@context":"https:\/\/schema.org","@graph":[{"@type":"WebPage","@id":"https:\/\/agrifood.com.au\/processed-foods\/juices-and-beverages\/","url":"https:\/\/agrifood.com.au\/processed-foods\/juices-and-beverages\/","name":"Juices and Beverages - Agrifood Technology","isPartOf":{"@id":"https:\/\/agrifood.com.au\/#website"},"primaryImageOfPage":{"@id":"https:\/\/agrifood.com.au\/processed-foods\/juices-and-beverages\/#primaryimage"},"image":{"@id":"https:\/\/agrifood.com.au\/processed-foods\/juices-and-beverages\/#primaryimage"},"thumbnailUrl":"https:\/\/agrifood.com.au\/app\/uploads\/2025\/09\/Womans-hands-pour-freshly-prepared-tasty-and-healthy-juice-into-a-glass.-Healthy-fruit-juices-at-home.-Close-up.-Selective-focus.jpg","datePublished":"2025-11-06T00:00:35+00:00","dateModified":"2025-11-27T01:46:01+00:00","breadcrumb":{"@id":"https:\/\/agrifood.com.au\/processed-foods\/juices-and-beverages\/#breadcrumb"},"inLanguage":"fr-FR","potentialAction":[{"@type":"ReadAction","target":["https:\/\/agrifood.com.au\/processed-foods\/juices-and-beverages\/"]}]},{"@type":"ImageObject","inLanguage":"fr-FR","@id":"https:\/\/agrifood.com.au\/processed-foods\/juices-and-beverages\/#primaryimage","url":"https:\/\/agrifood.com.au\/app\/uploads\/2025\/09\/Womans-hands-pour-freshly-prepared-tasty-and-healthy-juice-into-a-glass.-Healthy-fruit-juices-at-home.-Close-up.-Selective-focus.jpg","contentUrl":"https:\/\/agrifood.com.au\/app\/uploads\/2025\/09\/Womans-hands-pour-freshly-prepared-tasty-and-healthy-juice-into-a-glass.-Healthy-fruit-juices-at-home.-Close-up.-Selective-focus.jpg"},{"@type":"BreadcrumbList","@id":"https:\/\/agrifood.com.au\/processed-foods\/juices-and-beverages\/#breadcrumb","itemListElement":[{"@type":"ListItem","position":1,"name":"Home","item":"https:\/\/agrifood.com.au\/"},{"@type":"ListItem","position":2,"name":"Processed Foods","item":"https:\/\/agrifood.com.au\/processed-foods\/"},{"@type":"ListItem","position":3,"name":"Juices and Beverages"}]},{"@type":"WebSite","@id":"https:\/\/agrifood.com.au\/#website","url":"https:\/\/agrifood.com.au\/","name":"Technologie agroalimentaire","description":"","publisher":{"@id":"https:\/\/agrifood.com.au\/#organization"},"potentialAction":[{"@type":"SearchAction","target":{"@type":"EntryPoint","urlTemplate":"https:\/\/agrifood.com.au\/?s={search_term_string}"},"query-input":{"@type":"PropertyValueSpecification","valueRequired":true,"valueName":"search_term_string"}}],"inLanguage":"fr-FR"},{"@type":"Organization","@id":"https:\/\/agrifood.com.au\/#organization","name":"Technologie agroalimentaire","url":"https:\/\/agrifood.com.au\/","logo":{"@type":"ImageObject","inLanguage":"fr-FR","@id":"https:\/\/agrifood.com.au\/#\/schema\/logo\/image\/","url":"https:\/\/agrifood.com.au\/app\/uploads\/2025\/10\/Agrifood-News-Photo-scaled.png","contentUrl":"https:\/\/agrifood.com.au\/app\/uploads\/2025\/10\/Agrifood-News-Photo-scaled.png","width":2560,"height":1580,"caption":"Agrifood Technology"},"image":{"@id":"https:\/\/agrifood.com.au\/#\/schema\/logo\/image\/"}}]}},"_links":{"self":[{"href":"https:\/\/agrifood.com.au\/fr\/wp-json\/wp\/v2\/pages\/2049","targetHints":{"allow":["GET"]}}],"collection":[{"href":"https:\/\/agrifood.com.au\/fr\/wp-json\/wp\/v2\/pages"}],"about":[{"href":"https:\/\/agrifood.com.au\/fr\/wp-json\/wp\/v2\/types\/page"}],"author":[{"embeddable":true,"href":"https:\/\/agrifood.com.au\/fr\/wp-json\/wp\/v2\/users\/2"}],"replies":[{"embeddable":true,"href":"https:\/\/agrifood.com.au\/fr\/wp-json\/wp\/v2\/comments?post=2049"}],"version-history":[{"count":5,"href":"https:\/\/agrifood.com.au\/fr\/wp-json\/wp\/v2\/pages\/2049\/revisions"}],"predecessor-version":[{"id":2700,"href":"https:\/\/agrifood.com.au\/fr\/wp-json\/wp\/v2\/pages\/2049\/revisions\/2700"}],"up":[{"embeddable":true,"href":"https:\/\/agrifood.com.au\/fr\/wp-json\/wp\/v2\/pages\/530"}],"wp:attachment":[{"href":"https:\/\/agrifood.com.au\/fr\/wp-json\/wp\/v2\/media?parent=2049"}],"curies":[{"name":"wp","href":"https:\/\/api.w.org\/{rel}","templated":true}]}}