{"id":2051,"date":"2025-11-06T00:03:17","date_gmt":"2025-11-06T00:03:17","guid":{"rendered":"https:\/\/agrifood.swim.net.au\/?page_id=2051"},"modified":"2025-11-27T01:46:41","modified_gmt":"2025-11-27T01:46:41","slug":"meat-poultry-and-small-goods","status":"publish","type":"page","link":"https:\/\/agrifood.com.au\/fr\/processed-foods\/meat-poultry-and-small-goods\/","title":{"rendered":"Viande, volaille et petites marchandises"},"content":{"rendered":"<div class=\"wp-block-group is-style-boxed is-layout-constrained wp-block-group-is-layout-constrained\">\n<div class=\"wp-block-columns is-layout-flex wp-container-core-columns-is-layout-9d6595d7 wp-block-columns-is-layout-flex\">\n<div class=\"wp-block-column is-layout-flow wp-block-column-is-layout-flow\">\n<p>Le secteur de la viande, de la volaille et des petits produits est une industrie de production alimentaire majeure, qui doit r\u00e9pondre \u00e0 certaines des exigences les plus strictes en mati\u00e8re de s\u00e9curit\u00e9 et de qualit\u00e9.<\/p>\n\n\n\n<p>De la ferme \u00e0 l'assiette, la technologie agroalimentaire veille \u00e0 ce que les produits r\u00e9pondent aux normes r\u00e9glementaires, prot\u00e8gent la sant\u00e9 publique et maintiennent la confiance des consommateurs.<\/p>\n\n\n\n<p>Notre gamme de tests comprend<\/p>\n\n\n\n<ul class=\"wp-block-list\">\n<li>Tests microbiologiques<\/li>\n\n\n\n<li>Tests nutritionnels<\/li>\n\n\n\n<li>Essais de conservation pour le dioxyde de soufre, les nitrates et les nitrites.<\/li>\n\n\n\n<li>Tests allergologiques pour les noix, le lait, le soja, le gluten, le poisson, etc.<\/li>\n\n\n\n<li>R\u00e9sidus de pesticides<\/li>\n\n\n\n<li>Test de dur\u00e9e de vie<\/li>\n<\/ul>\n<\/div>\n\n\n\n<div class=\"wp-block-column is-layout-flow wp-block-column-is-layout-flow\">\n<figure class=\"wp-block-image size-full\"><img loading=\"lazy\" decoding=\"async\" width=\"2560\" height=\"1597\" src=\"https:\/\/agrifood.com.au\/app\/uploads\/2025\/11\/Small-Goods-platter-scaled.jpg\" alt=\"\" class=\"wp-image-2430\" srcset=\"https:\/\/agrifood.com.au\/app\/uploads\/2025\/11\/Small-Goods-platter-scaled.jpg 2560w, https:\/\/agrifood.com.au\/app\/uploads\/2025\/11\/Small-Goods-platter-300x187.jpg 300w, https:\/\/agrifood.com.au\/app\/uploads\/2025\/11\/Small-Goods-platter-1024x639.jpg 1024w, https:\/\/agrifood.com.au\/app\/uploads\/2025\/11\/Small-Goods-platter-768x479.jpg 768w, https:\/\/agrifood.com.au\/app\/uploads\/2025\/11\/Small-Goods-platter-1536x958.jpg 1536w, https:\/\/agrifood.com.au\/app\/uploads\/2025\/11\/Small-Goods-platter-2048x1277.jpg 2048w, https:\/\/agrifood.com.au\/app\/uploads\/2025\/11\/Small-Goods-platter-18x12.jpg 18w\" sizes=\"auto, (max-width: 2560px) 100vw, 2560px\" \/><\/figure>\n<\/div>\n<\/div>\n\n\n\n<h2 class=\"wp-block-heading\"><strong>Lire la suite<\/strong><\/h2>\n\n\n\n<div class=\"wp-block-buttons is-layout-flex wp-block-buttons-is-layout-flex\">\n<div class=\"wp-block-button is-style-default\"><a class=\"wp-block-button__link wp-element-button\" href=\"\/fr\/services\/by-capability\/agrifood-services\/microbiological-testing\/\">Tests microbiologiques<\/a><\/div>\n\n\n\n<div class=\"wp-block-button is-style-default\"><a class=\"wp-block-button__link wp-element-button\" href=\"\/fr\/services\/by-capability\/agrifood-services\/nutritional-testing\/\">Tests nutritionnels<\/a><\/div>\n\n\n\n<div class=\"wp-block-button is-style-default\"><a class=\"wp-block-button__link wp-element-button\" href=\"\/fr\/services\/by-capability\/agrifood-services\/food-safety-testing\/allergen-testing\/\">Test d'allerg\u00e8nes<\/a><\/div>\n\n\n\n<div class=\"wp-block-button is-style-default\"><a class=\"wp-block-button__link wp-element-button\" href=\"\/fr\/services\/by-capability\/agrifood-services\/food-safety-testing\/pesticide-testing\/\">Essais de pesticides<\/a><\/div>\n\n\n\n<div class=\"wp-block-button is-style-default\"><a class=\"wp-block-button__link wp-element-button\" href=\"\/fr\/services\/by-capability\/agrifood-services\/microbiological-testing\/shelf-life-testing\/\">Test de dur\u00e9e de conservation<\/a><\/div>\n<\/div>\n<\/div>\n\n\n\n<p><\/p>","protected":false},"excerpt":{"rendered":"<p>The meat, poultry, and smallgoods sector is a major food production industry, and it faces some of the most stringent safety and quality demands. From farm to fork, Ag\u2026<\/p>","protected":false},"author":2,"featured_media":0,"parent":530,"menu_order":0,"comment_status":"closed","ping_status":"closed","template":"","meta":{"_acf_changed":false,"footnotes":""},"class_list":["post-2051","page","type-page","status-publish","hentry"],"acf":[],"yoast_head":"<!-- This site is optimized with the Yoast SEO plugin v27.0 - https:\/\/yoast.com\/product\/yoast-seo-wordpress\/ -->\n<title>Meat, Poultry and Small Goods - Agrifood Technology<\/title>\n<meta name=\"robots\" content=\"index, follow, max-snippet:-1, max-image-preview:large, max-video-preview:-1\" \/>\n<link rel=\"canonical\" href=\"https:\/\/agrifood.com.au\/fr\/processed-foods\/meat-poultry-and-small-goods\/\" \/>\n<meta property=\"og:locale\" content=\"fr_FR\" \/>\n<meta property=\"og:type\" content=\"article\" \/>\n<meta property=\"og:title\" content=\"Meat, Poultry and Small Goods - Agrifood Technology\" \/>\n<meta property=\"og:description\" content=\"The meat, poultry, and smallgoods sector is a major food production industry, and it faces some of the most stringent safety and quality demands. From farm to fork, Ag\u2026\" \/>\n<meta property=\"og:url\" content=\"https:\/\/agrifood.com.au\/fr\/processed-foods\/meat-poultry-and-small-goods\/\" \/>\n<meta property=\"og:site_name\" content=\"Agrifood Technology\" \/>\n<meta property=\"article:modified_time\" content=\"2025-11-27T01:46:41+00:00\" \/>\n<meta property=\"og:image\" content=\"https:\/\/agrifood.com.au\/app\/uploads\/2025\/11\/Small-Goods-platter-scaled.jpg\" \/>\n\t<meta property=\"og:image:width\" content=\"2560\" \/>\n\t<meta property=\"og:image:height\" content=\"1597\" \/>\n\t<meta property=\"og:image:type\" content=\"image\/jpeg\" \/>\n<meta name=\"twitter:card\" content=\"summary_large_image\" \/>\n<script type=\"application\/ld+json\" class=\"yoast-schema-graph\">{\"@context\":\"https:\/\/schema.org\",\"@graph\":[{\"@type\":\"WebPage\",\"@id\":\"https:\/\/agrifood.com.au\/processed-foods\/meat-poultry-and-small-goods\/\",\"url\":\"https:\/\/agrifood.com.au\/processed-foods\/meat-poultry-and-small-goods\/\",\"name\":\"Meat, Poultry and Small Goods - Agrifood Technology\",\"isPartOf\":{\"@id\":\"https:\/\/agrifood.com.au\/#website\"},\"primaryImageOfPage\":{\"@id\":\"https:\/\/agrifood.com.au\/processed-foods\/meat-poultry-and-small-goods\/#primaryimage\"},\"image\":{\"@id\":\"https:\/\/agrifood.com.au\/processed-foods\/meat-poultry-and-small-goods\/#primaryimage\"},\"thumbnailUrl\":\"https:\/\/agrifood.com.au\/app\/uploads\/2025\/11\/Small-Goods-platter-scaled.jpg\",\"datePublished\":\"2025-11-06T00:03:17+00:00\",\"dateModified\":\"2025-11-27T01:46:41+00:00\",\"breadcrumb\":{\"@id\":\"https:\/\/agrifood.com.au\/processed-foods\/meat-poultry-and-small-goods\/#breadcrumb\"},\"inLanguage\":\"fr-FR\",\"potentialAction\":[{\"@type\":\"ReadAction\",\"target\":[\"https:\/\/agrifood.com.au\/processed-foods\/meat-poultry-and-small-goods\/\"]}]},{\"@type\":\"ImageObject\",\"inLanguage\":\"fr-FR\",\"@id\":\"https:\/\/agrifood.com.au\/processed-foods\/meat-poultry-and-small-goods\/#primaryimage\",\"url\":\"https:\/\/agrifood.com.au\/app\/uploads\/2025\/11\/Small-Goods-platter-scaled.jpg\",\"contentUrl\":\"https:\/\/agrifood.com.au\/app\/uploads\/2025\/11\/Small-Goods-platter-scaled.jpg\"},{\"@type\":\"BreadcrumbList\",\"@id\":\"https:\/\/agrifood.com.au\/processed-foods\/meat-poultry-and-small-goods\/#breadcrumb\",\"itemListElement\":[{\"@type\":\"ListItem\",\"position\":1,\"name\":\"Home\",\"item\":\"https:\/\/agrifood.com.au\/\"},{\"@type\":\"ListItem\",\"position\":2,\"name\":\"Processed Foods\",\"item\":\"https:\/\/agrifood.com.au\/processed-foods\/\"},{\"@type\":\"ListItem\",\"position\":3,\"name\":\"Meat, Poultry and Small Goods\"}]},{\"@type\":\"WebSite\",\"@id\":\"https:\/\/agrifood.com.au\/#website\",\"url\":\"https:\/\/agrifood.com.au\/\",\"name\":\"Agrifood Technology\",\"description\":\"\",\"publisher\":{\"@id\":\"https:\/\/agrifood.com.au\/#organization\"},\"potentialAction\":[{\"@type\":\"SearchAction\",\"target\":{\"@type\":\"EntryPoint\",\"urlTemplate\":\"https:\/\/agrifood.com.au\/?s={search_term_string}\"},\"query-input\":{\"@type\":\"PropertyValueSpecification\",\"valueRequired\":true,\"valueName\":\"search_term_string\"}}],\"inLanguage\":\"fr-FR\"},{\"@type\":\"Organization\",\"@id\":\"https:\/\/agrifood.com.au\/#organization\",\"name\":\"Agrifood Technology\",\"url\":\"https:\/\/agrifood.com.au\/\",\"logo\":{\"@type\":\"ImageObject\",\"inLanguage\":\"fr-FR\",\"@id\":\"https:\/\/agrifood.com.au\/#\/schema\/logo\/image\/\",\"url\":\"https:\/\/agrifood.com.au\/app\/uploads\/2025\/10\/Agrifood-News-Photo-scaled.png\",\"contentUrl\":\"https:\/\/agrifood.com.au\/app\/uploads\/2025\/10\/Agrifood-News-Photo-scaled.png\",\"width\":2560,\"height\":1580,\"caption\":\"Agrifood Technology\"},\"image\":{\"@id\":\"https:\/\/agrifood.com.au\/#\/schema\/logo\/image\/\"}}]}<\/script>\n<!-- \/ Yoast SEO plugin. -->","yoast_head_json":{"title":"Meat, Poultry and Small Goods - Agrifood Technology","robots":{"index":"index","follow":"follow","max-snippet":"max-snippet:-1","max-image-preview":"max-image-preview:large","max-video-preview":"max-video-preview:-1"},"canonical":"https:\/\/agrifood.com.au\/fr\/processed-foods\/meat-poultry-and-small-goods\/","og_locale":"fr_FR","og_type":"article","og_title":"Meat, Poultry and Small Goods - Agrifood Technology","og_description":"The meat, poultry, and smallgoods sector is a major food production industry, and it faces some of the most stringent safety and quality demands. From farm to fork, Ag\u2026","og_url":"https:\/\/agrifood.com.au\/fr\/processed-foods\/meat-poultry-and-small-goods\/","og_site_name":"Agrifood Technology","article_modified_time":"2025-11-27T01:46:41+00:00","og_image":[{"width":2560,"height":1597,"url":"https:\/\/agrifood.com.au\/app\/uploads\/2025\/11\/Small-Goods-platter-scaled.jpg","type":"image\/jpeg"}],"twitter_card":"summary_large_image","schema":{"@context":"https:\/\/schema.org","@graph":[{"@type":"WebPage","@id":"https:\/\/agrifood.com.au\/processed-foods\/meat-poultry-and-small-goods\/","url":"https:\/\/agrifood.com.au\/processed-foods\/meat-poultry-and-small-goods\/","name":"Meat, Poultry and Small Goods - Agrifood Technology","isPartOf":{"@id":"https:\/\/agrifood.com.au\/#website"},"primaryImageOfPage":{"@id":"https:\/\/agrifood.com.au\/processed-foods\/meat-poultry-and-small-goods\/#primaryimage"},"image":{"@id":"https:\/\/agrifood.com.au\/processed-foods\/meat-poultry-and-small-goods\/#primaryimage"},"thumbnailUrl":"https:\/\/agrifood.com.au\/app\/uploads\/2025\/11\/Small-Goods-platter-scaled.jpg","datePublished":"2025-11-06T00:03:17+00:00","dateModified":"2025-11-27T01:46:41+00:00","breadcrumb":{"@id":"https:\/\/agrifood.com.au\/processed-foods\/meat-poultry-and-small-goods\/#breadcrumb"},"inLanguage":"fr-FR","potentialAction":[{"@type":"ReadAction","target":["https:\/\/agrifood.com.au\/processed-foods\/meat-poultry-and-small-goods\/"]}]},{"@type":"ImageObject","inLanguage":"fr-FR","@id":"https:\/\/agrifood.com.au\/processed-foods\/meat-poultry-and-small-goods\/#primaryimage","url":"https:\/\/agrifood.com.au\/app\/uploads\/2025\/11\/Small-Goods-platter-scaled.jpg","contentUrl":"https:\/\/agrifood.com.au\/app\/uploads\/2025\/11\/Small-Goods-platter-scaled.jpg"},{"@type":"BreadcrumbList","@id":"https:\/\/agrifood.com.au\/processed-foods\/meat-poultry-and-small-goods\/#breadcrumb","itemListElement":[{"@type":"ListItem","position":1,"name":"Home","item":"https:\/\/agrifood.com.au\/"},{"@type":"ListItem","position":2,"name":"Processed Foods","item":"https:\/\/agrifood.com.au\/processed-foods\/"},{"@type":"ListItem","position":3,"name":"Meat, Poultry and Small Goods"}]},{"@type":"WebSite","@id":"https:\/\/agrifood.com.au\/#website","url":"https:\/\/agrifood.com.au\/","name":"Technologie agroalimentaire","description":"","publisher":{"@id":"https:\/\/agrifood.com.au\/#organization"},"potentialAction":[{"@type":"SearchAction","target":{"@type":"EntryPoint","urlTemplate":"https:\/\/agrifood.com.au\/?s={search_term_string}"},"query-input":{"@type":"PropertyValueSpecification","valueRequired":true,"valueName":"search_term_string"}}],"inLanguage":"fr-FR"},{"@type":"Organization","@id":"https:\/\/agrifood.com.au\/#organization","name":"Technologie agroalimentaire","url":"https:\/\/agrifood.com.au\/","logo":{"@type":"ImageObject","inLanguage":"fr-FR","@id":"https:\/\/agrifood.com.au\/#\/schema\/logo\/image\/","url":"https:\/\/agrifood.com.au\/app\/uploads\/2025\/10\/Agrifood-News-Photo-scaled.png","contentUrl":"https:\/\/agrifood.com.au\/app\/uploads\/2025\/10\/Agrifood-News-Photo-scaled.png","width":2560,"height":1580,"caption":"Agrifood Technology"},"image":{"@id":"https:\/\/agrifood.com.au\/#\/schema\/logo\/image\/"}}]}},"_links":{"self":[{"href":"https:\/\/agrifood.com.au\/fr\/wp-json\/wp\/v2\/pages\/2051","targetHints":{"allow":["GET"]}}],"collection":[{"href":"https:\/\/agrifood.com.au\/fr\/wp-json\/wp\/v2\/pages"}],"about":[{"href":"https:\/\/agrifood.com.au\/fr\/wp-json\/wp\/v2\/types\/page"}],"author":[{"embeddable":true,"href":"https:\/\/agrifood.com.au\/fr\/wp-json\/wp\/v2\/users\/2"}],"replies":[{"embeddable":true,"href":"https:\/\/agrifood.com.au\/fr\/wp-json\/wp\/v2\/comments?post=2051"}],"version-history":[{"count":6,"href":"https:\/\/agrifood.com.au\/fr\/wp-json\/wp\/v2\/pages\/2051\/revisions"}],"predecessor-version":[{"id":2701,"href":"https:\/\/agrifood.com.au\/fr\/wp-json\/wp\/v2\/pages\/2051\/revisions\/2701"}],"up":[{"embeddable":true,"href":"https:\/\/agrifood.com.au\/fr\/wp-json\/wp\/v2\/pages\/530"}],"wp:attachment":[{"href":"https:\/\/agrifood.com.au\/fr\/wp-json\/wp\/v2\/media?parent=2051"}],"curies":[{"name":"wp","href":"https:\/\/api.w.org\/{rel}","templated":true}]}}