{"id":2067,"date":"2025-11-06T00:14:57","date_gmt":"2025-11-06T00:14:57","guid":{"rendered":"https:\/\/agrifood.swim.net.au\/?page_id=2067"},"modified":"2025-11-27T01:50:41","modified_gmt":"2025-11-27T01:50:41","slug":"dairy-products","status":"publish","type":"page","link":"https:\/\/agrifood.com.au\/fr\/processed-foods\/dairy-products\/","title":{"rendered":"Produits laitiers"},"content":{"rendered":"<div class=\"wp-block-group is-style-boxed is-layout-constrained wp-block-group-is-layout-constrained\">\n<div class=\"wp-block-columns is-layout-flex wp-container-core-columns-is-layout-9d6595d7 wp-block-columns-is-layout-flex\">\n<div class=\"wp-block-column is-layout-flow wp-block-column-is-layout-flow\">\n<p>Les produits laitiers sont un aliment de base dans le monde entier, offrant des nutriments essentiels tels que le calcium, les prot\u00e9ines et les vitamines. Agrifood Technology peut vous aider \u00e0 garantir la s\u00e9curit\u00e9, la qualit\u00e9 et la conformit\u00e9 de vos produits aux normes alimentaires.<\/p>\n\n\n\n<p>Notre gamme de tests comprend<\/p>\n\n\n\n<ul class=\"wp-block-list\">\n<li>Tests microbiologiques<\/li>\n\n\n\n<li>Tests nutritionnels<\/li>\n\n\n\n<li>V\u00e9rification nutritionnelle et conformit\u00e9 de l'\u00e9tiquetage<\/li>\n\n\n\n<li>Test d'allerg\u00e8nes<\/li>\n\n\n\n<li>Essai de dur\u00e9e de vie<\/li>\n<\/ul>\n<\/div>\n\n\n\n<div class=\"wp-block-column is-layout-flow wp-block-column-is-layout-flow\">\n<figure class=\"wp-block-image size-full\"><img loading=\"lazy\" decoding=\"async\" width=\"1254\" height=\"836\" src=\"https:\/\/agrifood.com.au\/app\/uploads\/2025\/11\/Dairy-1.jpg\" alt=\"\" class=\"wp-image-2291\" srcset=\"https:\/\/agrifood.com.au\/app\/uploads\/2025\/11\/Dairy-1.jpg 1254w, https:\/\/agrifood.com.au\/app\/uploads\/2025\/11\/Dairy-1-300x200.jpg 300w, https:\/\/agrifood.com.au\/app\/uploads\/2025\/11\/Dairy-1-1024x683.jpg 1024w, https:\/\/agrifood.com.au\/app\/uploads\/2025\/11\/Dairy-1-768x512.jpg 768w, https:\/\/agrifood.com.au\/app\/uploads\/2025\/11\/Dairy-1-18x12.jpg 18w\" sizes=\"auto, (max-width: 1254px) 100vw, 1254px\" \/><\/figure>\n<\/div>\n<\/div>\n\n\n\n<h2 class=\"wp-block-heading\"><strong>Lire la suite<\/strong><\/h2>\n\n\n\n<div class=\"wp-block-buttons is-layout-flex wp-block-buttons-is-layout-flex\">\n<div class=\"wp-block-button is-style-default\"><a class=\"wp-block-button__link wp-element-button\" href=\"\/fr\/services\/by-capability\/agrifood-services\/microbiological-testing\/\">Tests microbiologiques<\/a><\/div>\n\n\n\n<div class=\"wp-block-button is-style-default\"><a class=\"wp-block-button__link wp-element-button\" href=\"\/fr\/services\/by-capability\/agrifood-services\/nutritional-testing\/\">Tests nutritionnels<\/a><\/div>\n\n\n\n<div class=\"wp-block-button is-style-default\"><a class=\"wp-block-button__link wp-element-button\" href=\"\/fr\/services\/by-capability\/agrifood-services\/food-safety-testing\/allergen-testing\/\">Test d'allerg\u00e8nes<\/a><\/div>\n\n\n\n<div class=\"wp-block-button is-style-default\"><a class=\"wp-block-button__link wp-element-button\" href=\"\/fr\/services\/by-capability\/agrifood-services\/microbiological-testing\/shelf-life-testing\/\">Test de dur\u00e9e de conservation<\/a><\/div>\n<\/div>\n<\/div>","protected":false},"excerpt":{"rendered":"<p>Dairy products are a dietary staple across the globe, offering essential nutrients like calcium, protein, and vitamins. Agrifood Technology can help you ensure that yo\u2026<\/p>","protected":false},"author":2,"featured_media":0,"parent":530,"menu_order":0,"comment_status":"closed","ping_status":"closed","template":"","meta":{"_acf_changed":false,"footnotes":""},"class_list":["post-2067","page","type-page","status-publish","hentry"],"acf":[],"yoast_head":"<!-- This site is optimized with the Yoast SEO plugin v27.0 - https:\/\/yoast.com\/product\/yoast-seo-wordpress\/ -->\n<title>Dairy Products - Agrifood Technology<\/title>\n<meta name=\"robots\" content=\"index, follow, max-snippet:-1, max-image-preview:large, max-video-preview:-1\" \/>\n<link rel=\"canonical\" href=\"https:\/\/agrifood.com.au\/fr\/processed-foods\/dairy-products\/\" \/>\n<meta property=\"og:locale\" content=\"fr_FR\" \/>\n<meta property=\"og:type\" content=\"article\" \/>\n<meta property=\"og:title\" content=\"Dairy Products - Agrifood Technology\" \/>\n<meta property=\"og:description\" content=\"Dairy products are a dietary staple across the globe, offering essential nutrients like calcium, protein, and vitamins. Agrifood Technology can help you ensure that yo\u2026\" \/>\n<meta property=\"og:url\" content=\"https:\/\/agrifood.com.au\/fr\/processed-foods\/dairy-products\/\" \/>\n<meta property=\"og:site_name\" content=\"Agrifood Technology\" \/>\n<meta property=\"article:modified_time\" content=\"2025-11-27T01:50:41+00:00\" \/>\n<meta property=\"og:image\" content=\"https:\/\/agrifood.com.au\/app\/uploads\/2025\/11\/Dairy-1.jpg\" \/>\n\t<meta property=\"og:image:width\" content=\"1254\" \/>\n\t<meta property=\"og:image:height\" content=\"836\" \/>\n\t<meta property=\"og:image:type\" content=\"image\/jpeg\" \/>\n<meta name=\"twitter:card\" content=\"summary_large_image\" \/>\n<script type=\"application\/ld+json\" class=\"yoast-schema-graph\">{\"@context\":\"https:\/\/schema.org\",\"@graph\":[{\"@type\":\"WebPage\",\"@id\":\"https:\/\/agrifood.com.au\/processed-foods\/dairy-products\/\",\"url\":\"https:\/\/agrifood.com.au\/processed-foods\/dairy-products\/\",\"name\":\"Dairy Products - Agrifood Technology\",\"isPartOf\":{\"@id\":\"https:\/\/agrifood.com.au\/#website\"},\"primaryImageOfPage\":{\"@id\":\"https:\/\/agrifood.com.au\/processed-foods\/dairy-products\/#primaryimage\"},\"image\":{\"@id\":\"https:\/\/agrifood.com.au\/processed-foods\/dairy-products\/#primaryimage\"},\"thumbnailUrl\":\"https:\/\/agrifood.com.au\/app\/uploads\/2025\/11\/Dairy-1.jpg\",\"datePublished\":\"2025-11-06T00:14:57+00:00\",\"dateModified\":\"2025-11-27T01:50:41+00:00\",\"breadcrumb\":{\"@id\":\"https:\/\/agrifood.com.au\/processed-foods\/dairy-products\/#breadcrumb\"},\"inLanguage\":\"fr-FR\",\"potentialAction\":[{\"@type\":\"ReadAction\",\"target\":[\"https:\/\/agrifood.com.au\/processed-foods\/dairy-products\/\"]}]},{\"@type\":\"ImageObject\",\"inLanguage\":\"fr-FR\",\"@id\":\"https:\/\/agrifood.com.au\/processed-foods\/dairy-products\/#primaryimage\",\"url\":\"https:\/\/agrifood.com.au\/app\/uploads\/2025\/11\/Dairy-1.jpg\",\"contentUrl\":\"https:\/\/agrifood.com.au\/app\/uploads\/2025\/11\/Dairy-1.jpg\"},{\"@type\":\"BreadcrumbList\",\"@id\":\"https:\/\/agrifood.com.au\/processed-foods\/dairy-products\/#breadcrumb\",\"itemListElement\":[{\"@type\":\"ListItem\",\"position\":1,\"name\":\"Home\",\"item\":\"https:\/\/agrifood.com.au\/\"},{\"@type\":\"ListItem\",\"position\":2,\"name\":\"Processed Foods\",\"item\":\"https:\/\/agrifood.com.au\/processed-foods\/\"},{\"@type\":\"ListItem\",\"position\":3,\"name\":\"Dairy Products\"}]},{\"@type\":\"WebSite\",\"@id\":\"https:\/\/agrifood.com.au\/#website\",\"url\":\"https:\/\/agrifood.com.au\/\",\"name\":\"Agrifood Technology\",\"description\":\"\",\"publisher\":{\"@id\":\"https:\/\/agrifood.com.au\/#organization\"},\"potentialAction\":[{\"@type\":\"SearchAction\",\"target\":{\"@type\":\"EntryPoint\",\"urlTemplate\":\"https:\/\/agrifood.com.au\/?s={search_term_string}\"},\"query-input\":{\"@type\":\"PropertyValueSpecification\",\"valueRequired\":true,\"valueName\":\"search_term_string\"}}],\"inLanguage\":\"fr-FR\"},{\"@type\":\"Organization\",\"@id\":\"https:\/\/agrifood.com.au\/#organization\",\"name\":\"Agrifood Technology\",\"url\":\"https:\/\/agrifood.com.au\/\",\"logo\":{\"@type\":\"ImageObject\",\"inLanguage\":\"fr-FR\",\"@id\":\"https:\/\/agrifood.com.au\/#\/schema\/logo\/image\/\",\"url\":\"https:\/\/agrifood.com.au\/app\/uploads\/2025\/10\/Agrifood-News-Photo-scaled.png\",\"contentUrl\":\"https:\/\/agrifood.com.au\/app\/uploads\/2025\/10\/Agrifood-News-Photo-scaled.png\",\"width\":2560,\"height\":1580,\"caption\":\"Agrifood Technology\"},\"image\":{\"@id\":\"https:\/\/agrifood.com.au\/#\/schema\/logo\/image\/\"}}]}<\/script>\n<!-- \/ Yoast SEO plugin. -->","yoast_head_json":{"title":"Dairy Products - Agrifood Technology","robots":{"index":"index","follow":"follow","max-snippet":"max-snippet:-1","max-image-preview":"max-image-preview:large","max-video-preview":"max-video-preview:-1"},"canonical":"https:\/\/agrifood.com.au\/fr\/processed-foods\/dairy-products\/","og_locale":"fr_FR","og_type":"article","og_title":"Dairy Products - Agrifood Technology","og_description":"Dairy products are a dietary staple across the globe, offering essential nutrients like calcium, protein, and vitamins. Agrifood Technology can help you ensure that yo\u2026","og_url":"https:\/\/agrifood.com.au\/fr\/processed-foods\/dairy-products\/","og_site_name":"Agrifood Technology","article_modified_time":"2025-11-27T01:50:41+00:00","og_image":[{"width":1254,"height":836,"url":"https:\/\/agrifood.com.au\/app\/uploads\/2025\/11\/Dairy-1.jpg","type":"image\/jpeg"}],"twitter_card":"summary_large_image","schema":{"@context":"https:\/\/schema.org","@graph":[{"@type":"WebPage","@id":"https:\/\/agrifood.com.au\/processed-foods\/dairy-products\/","url":"https:\/\/agrifood.com.au\/processed-foods\/dairy-products\/","name":"Dairy Products - Agrifood Technology","isPartOf":{"@id":"https:\/\/agrifood.com.au\/#website"},"primaryImageOfPage":{"@id":"https:\/\/agrifood.com.au\/processed-foods\/dairy-products\/#primaryimage"},"image":{"@id":"https:\/\/agrifood.com.au\/processed-foods\/dairy-products\/#primaryimage"},"thumbnailUrl":"https:\/\/agrifood.com.au\/app\/uploads\/2025\/11\/Dairy-1.jpg","datePublished":"2025-11-06T00:14:57+00:00","dateModified":"2025-11-27T01:50:41+00:00","breadcrumb":{"@id":"https:\/\/agrifood.com.au\/processed-foods\/dairy-products\/#breadcrumb"},"inLanguage":"fr-FR","potentialAction":[{"@type":"ReadAction","target":["https:\/\/agrifood.com.au\/processed-foods\/dairy-products\/"]}]},{"@type":"ImageObject","inLanguage":"fr-FR","@id":"https:\/\/agrifood.com.au\/processed-foods\/dairy-products\/#primaryimage","url":"https:\/\/agrifood.com.au\/app\/uploads\/2025\/11\/Dairy-1.jpg","contentUrl":"https:\/\/agrifood.com.au\/app\/uploads\/2025\/11\/Dairy-1.jpg"},{"@type":"BreadcrumbList","@id":"https:\/\/agrifood.com.au\/processed-foods\/dairy-products\/#breadcrumb","itemListElement":[{"@type":"ListItem","position":1,"name":"Home","item":"https:\/\/agrifood.com.au\/"},{"@type":"ListItem","position":2,"name":"Processed Foods","item":"https:\/\/agrifood.com.au\/processed-foods\/"},{"@type":"ListItem","position":3,"name":"Dairy Products"}]},{"@type":"WebSite","@id":"https:\/\/agrifood.com.au\/#website","url":"https:\/\/agrifood.com.au\/","name":"Technologie agroalimentaire","description":"","publisher":{"@id":"https:\/\/agrifood.com.au\/#organization"},"potentialAction":[{"@type":"SearchAction","target":{"@type":"EntryPoint","urlTemplate":"https:\/\/agrifood.com.au\/?s={search_term_string}"},"query-input":{"@type":"PropertyValueSpecification","valueRequired":true,"valueName":"search_term_string"}}],"inLanguage":"fr-FR"},{"@type":"Organization","@id":"https:\/\/agrifood.com.au\/#organization","name":"Technologie agroalimentaire","url":"https:\/\/agrifood.com.au\/","logo":{"@type":"ImageObject","inLanguage":"fr-FR","@id":"https:\/\/agrifood.com.au\/#\/schema\/logo\/image\/","url":"https:\/\/agrifood.com.au\/app\/uploads\/2025\/10\/Agrifood-News-Photo-scaled.png","contentUrl":"https:\/\/agrifood.com.au\/app\/uploads\/2025\/10\/Agrifood-News-Photo-scaled.png","width":2560,"height":1580,"caption":"Agrifood Technology"},"image":{"@id":"https:\/\/agrifood.com.au\/#\/schema\/logo\/image\/"}}]}},"_links":{"self":[{"href":"https:\/\/agrifood.com.au\/fr\/wp-json\/wp\/v2\/pages\/2067","targetHints":{"allow":["GET"]}}],"collection":[{"href":"https:\/\/agrifood.com.au\/fr\/wp-json\/wp\/v2\/pages"}],"about":[{"href":"https:\/\/agrifood.com.au\/fr\/wp-json\/wp\/v2\/types\/page"}],"author":[{"embeddable":true,"href":"https:\/\/agrifood.com.au\/fr\/wp-json\/wp\/v2\/users\/2"}],"replies":[{"embeddable":true,"href":"https:\/\/agrifood.com.au\/fr\/wp-json\/wp\/v2\/comments?post=2067"}],"version-history":[{"count":4,"href":"https:\/\/agrifood.com.au\/fr\/wp-json\/wp\/v2\/pages\/2067\/revisions"}],"predecessor-version":[{"id":2704,"href":"https:\/\/agrifood.com.au\/fr\/wp-json\/wp\/v2\/pages\/2067\/revisions\/2704"}],"up":[{"embeddable":true,"href":"https:\/\/agrifood.com.au\/fr\/wp-json\/wp\/v2\/pages\/530"}],"wp:attachment":[{"href":"https:\/\/agrifood.com.au\/fr\/wp-json\/wp\/v2\/media?parent=2067"}],"curies":[{"name":"wp","href":"https:\/\/api.w.org\/{rel}","templated":true}]}}