{"id":37,"date":"2025-07-04T03:07:56","date_gmt":"2025-07-04T03:07:56","guid":{"rendered":"https:\/\/agrifood.swim.net.au\/?page_id=37"},"modified":"2025-12-04T01:56:05","modified_gmt":"2025-12-04T01:56:05","slug":"about-agrifood","status":"publish","type":"page","link":"https:\/\/agrifood.com.au\/fr\/about-agrifood\/","title":{"rendered":"A propos de"},"content":{"rendered":"<div class=\"wp-block-group is-style-boxed is-layout-constrained wp-block-group-is-layout-constrained\">\n<div class=\"wp-block-columns is-layout-flex wp-container-core-columns-is-layout-9d6595d7 wp-block-columns-is-layout-flex\">\n<div class=\"wp-block-column is-vertically-aligned-center is-layout-flow wp-block-column-is-layout-flow\">\n<h2 class=\"wp-block-heading\">Fournir des tests analytiques ind\u00e9pendants dans toute l'Australie.<\/h2>\n\n\n\n<p>Agrifood Technology est l'un des principaux fournisseurs ind\u00e9pendants de services d'analyse en Australie, avec des laboratoires \u00e0 Werribee et Derrimut (Victoria), Hemmant (Queensland) et Bibra Lake (Australie-Occidentale).<br><br>Lorsque vous choisissez d'utiliser un laboratoire d'Agrifood Technology, vous avez l'assurance que votre \u00e9chantillon sera analys\u00e9 rapidement et avec pr\u00e9cision. Tous les laboratoires b\u00e9n\u00e9ficient du soutien d'une \u00e9quipe tr\u00e8s exp\u00e9riment\u00e9e compos\u00e9e de personnel technique, commercial et administratif qui conna\u00eet les exigences de l'industrie et s'engage \u00e0 fournir des r\u00e9sultats pr\u00e9cis et rapides.<\/p>\n<\/div>\n\n\n\n<div class=\"wp-block-column is-vertically-aligned-center is-layout-flow wp-block-column-is-layout-flow\">\n<iframe title=\"vimeo-player\" src=\"https:\/\/player.vimeo.com\/video\/186362643?h=0cb7944ffa&#038;title=0&#038;byline=0&#038;portrait=0\" width=\"100%\" height=\"\u201c100%\u201d\" frameborder=\"0\" referrerpolicy=\"strict-origin-when-cross-origin\" allow=\"autoplay; fullscreen; picture-in-picture; clipboard-write; encrypted-media; web-share\"   allowfullscreen><\/iframe>\n<\/div>\n<\/div>\n\n\n\n<div class=\"wp-block-columns is-layout-flex wp-container-core-columns-is-layout-9d6595d7 wp-block-columns-is-layout-flex\">\n<div class=\"wp-block-column is-vertically-aligned-center is-layout-flow wp-block-column-is-layout-flow\">\n<h2 class=\"wp-block-heading\">\u00c0 propos de FeedTest<\/h2>\n\n\n\n<p>FeedTest fournit une analyse ind\u00e9pendante, fiable et rapide des fourrages et des aliments pour animaux \u00e0 l'aide de la technologie de pointe Near Infrared (NIR), qui vous permet de d\u00e9terminer la valeur nutritionnelle de vos produits d'alimentation animale.<br><br>FeedTest est un expert dans l'utilisation de la technologie NIR pour le contr\u00f4le des aliments pour animaux en Australie.<br>La force de FeedTest r\u00e9side dans le fait que les mesures de digestibilit\u00e9 en laboratoire pour la plupart des types d'aliments sont bas\u00e9es sur des essais rigoureux avec des ruminants, ainsi que sur des ann\u00e9es d'exp\u00e9rience en mati\u00e8re de recherche et de vulgarisation dans le domaine de la qualit\u00e9 des aliments pour animaux. Ces \u00e9tudes sur les animaux se poursuivent r\u00e9guli\u00e8rement et sont essentielles pour valider et am\u00e9liorer le service FeedTest, en particulier pour les aliments inhabituels ou ceux pour lesquels nous disposons de peu de donn\u00e9es sur les performances des animaux.<\/p>\n\n\n\n<div class=\"wp-block-buttons is-layout-flex wp-block-buttons-is-layout-flex\">\n<div class=\"wp-block-button\"><a class=\"wp-block-button__link wp-element-button\" href=\"\/fr\/feedtest\/\">Visiter FeedTest<\/a><\/div>\n<\/div>\n<\/div>\n\n\n\n<div class=\"wp-block-column is-vertically-aligned-center is-layout-flow wp-block-column-is-layout-flow\">\n<figure class=\"wp-block-image size-full\"><img loading=\"lazy\" decoding=\"async\" width=\"540\" height=\"360\" src=\"https:\/\/agrifood.com.au\/app\/uploads\/2025\/11\/Closeup-of-black-and-white-Holstein-dairy-cows-eating-forage-while-peeking-out-from-behind-stall-fence-in-livestock-farm-on-blurred-background-of-farmer-carrying-milk-can.jpg\" alt=\"\" class=\"wp-image-2112\" srcset=\"https:\/\/agrifood.com.au\/app\/uploads\/2025\/11\/Closeup-of-black-and-white-Holstein-dairy-cows-eating-forage-while-peeking-out-from-behind-stall-fence-in-livestock-farm-on-blurred-background-of-farmer-carrying-milk-can.jpg 540w, https:\/\/agrifood.com.au\/app\/uploads\/2025\/11\/Closeup-of-black-and-white-Holstein-dairy-cows-eating-forage-while-peeking-out-from-behind-stall-fence-in-livestock-farm-on-blurred-background-of-farmer-carrying-milk-can-300x200.jpg 300w, https:\/\/agrifood.com.au\/app\/uploads\/2025\/11\/Closeup-of-black-and-white-Holstein-dairy-cows-eating-forage-while-peeking-out-from-behind-stall-fence-in-livestock-farm-on-blurred-background-of-farmer-carrying-milk-can-18x12.jpg 18w\" sizes=\"auto, (max-width: 540px) 100vw, 540px\" \/><\/figure>\n<\/div>\n<\/div>\n\n\n\n<div class=\"wp-block-columns is-layout-flex wp-container-core-columns-is-layout-9d6595d7 wp-block-columns-is-layout-flex\">\n<div class=\"wp-block-column is-vertically-aligned-center is-layout-flow wp-block-column-is-layout-flow\">\n<figure class=\"wp-block-image size-full\"><img loading=\"lazy\" decoding=\"async\" width=\"540\" height=\"360\" src=\"https:\/\/agrifood.com.au\/app\/uploads\/2025\/11\/hay-bale.jpg\" alt=\"\" class=\"wp-image-2114\" srcset=\"https:\/\/agrifood.com.au\/app\/uploads\/2025\/11\/hay-bale.jpg 540w, https:\/\/agrifood.com.au\/app\/uploads\/2025\/11\/hay-bale-300x200.jpg 300w, https:\/\/agrifood.com.au\/app\/uploads\/2025\/11\/hay-bale-18x12.jpg 18w\" sizes=\"auto, (max-width: 540px) 100vw, 540px\" \/><\/figure>\n<\/div>\n\n\n\n<div class=\"wp-block-column is-vertically-aligned-center is-layout-flow wp-block-column-is-layout-flow\">\n<p>Faisant partie d'Agrifood Technology, FeedTest est en mesure d'offrir \u00e0 ses clients des tests suppl\u00e9mentaires et une analyse non NIR plus large. La gamme de tests \u00e9largie comprend de nombreux param\u00e8tres, notamment :<\/p>\n\n\n\n<ul class=\"wp-block-list\">\n<li>Amidon<\/li>\n\n\n\n<li>Azote<\/li>\n\n\n\n<li>Ausmeat ME<\/li>\n\n\n\n<li>Mycotoxines<\/li>\n\n\n\n<li>R\u00e9sidus de pesticides<\/li>\n\n\n\n<li>Levures et moisissures<\/li>\n\n\n\n<li>Min\u00e9raux<\/li>\n\n\n\n<li>Oligo-\u00e9l\u00e9ments<\/li>\n\n\n\n<li>Lignine<\/li>\n<\/ul>\n<\/div>\n<\/div>\n<\/div>\n\n\n\n<div class=\"wp-block-group is-style-boxed is-layout-constrained wp-block-group-is-layout-constrained\">\n<h3 class=\"wp-block-heading has-text-align-center\"><em><mark style=\"background-color:rgba(0, 0, 0, 0)\" class=\"has-inline-color has-royal-blue-color\">Des tests rapides, efficaces, coh\u00e9rents et comp\u00e9titifs de votre produit.<\/mark><\/em><\/h3>\n<\/div>\n\n\n\n<div class=\"wp-block-group is-style-boxed is-layout-constrained wp-block-group-is-layout-constrained\">\n<div class=\"wp-block-columns is-layout-flex wp-container-core-columns-is-layout-9d6595d7 wp-block-columns-is-layout-flex\">\n<div class=\"wp-block-column is-vertically-aligned-center is-layout-flow wp-block-column-is-layout-flow\">\n<figure class=\"wp-block-image size-large\"><img loading=\"lazy\" decoding=\"async\" width=\"1024\" height=\"603\" src=\"https:\/\/agrifood.com.au\/app\/uploads\/2025\/09\/35981b9da5f648786a5afcdaaceb7c77f35262e3-1024x603.png\" alt=\"\" class=\"wp-image-712\" srcset=\"https:\/\/agrifood.com.au\/app\/uploads\/2025\/09\/35981b9da5f648786a5afcdaaceb7c77f35262e3-1024x603.png 1024w, https:\/\/agrifood.com.au\/app\/uploads\/2025\/09\/35981b9da5f648786a5afcdaaceb7c77f35262e3-300x177.png 300w, https:\/\/agrifood.com.au\/app\/uploads\/2025\/09\/35981b9da5f648786a5afcdaaceb7c77f35262e3-768x452.png 768w, https:\/\/agrifood.com.au\/app\/uploads\/2025\/09\/35981b9da5f648786a5afcdaaceb7c77f35262e3-1536x905.png 1536w, https:\/\/agrifood.com.au\/app\/uploads\/2025\/09\/35981b9da5f648786a5afcdaaceb7c77f35262e3-2048x1206.png 2048w, https:\/\/agrifood.com.au\/app\/uploads\/2025\/09\/35981b9da5f648786a5afcdaaceb7c77f35262e3.png 2520w\" sizes=\"auto, (max-width: 1024px) 100vw, 1024px\" \/><\/figure>\n<\/div>\n\n\n\n<div class=\"wp-block-column is-vertically-aligned-center is-layout-flow wp-block-column-is-layout-flow\">\n<p>Le personnel hautement qualifi\u00e9 d'Agrifood Technology effectue des analyses sur le bl\u00e9 et d'autres c\u00e9r\u00e9ales, ainsi que sur une gamme vari\u00e9e de produits alimentaires, d'ingr\u00e9dients pour l'alimentation animale, de foin, d'ensilage, d'aliments finis, de produits microbiologiques, d'eau et de sol. Les r\u00e9sultats fournissent des informations pr\u00e9cieuses \u00e0 utiliser dans tous les domaines de l'agro-industrie et aident \u00e0 commercialiser des produits de qualit\u00e9 garantie pour les aliments pour animaux et les aliments destin\u00e9s \u00e0 la consommation humaine.<br><br>En choisissant Agrifood Technology, vous choisissez un laboratoire d'essais ind\u00e9pendant dont l'activit\u00e9 est centr\u00e9e sur vous et vos \u00e9chantillons. Vous choisissez un laboratoire :<\/p>\n\n\n\n<ul class=\"wp-block-list\">\n<li>qui fournit des r\u00e9ponses pr\u00e9cises dans le respect d'une totale confidentialit\u00e9 et de proc\u00e9dures rigoureuses de contr\u00f4le de la qualit\u00e9<\/li>\n\n\n\n<li>s'engage \u00e0 vous fournir des r\u00e9sultats quand vous en avez besoin<\/li>\n\n\n\n<li>avec l'assurance suppl\u00e9mentaire d'\u00eatre enregistr\u00e9 aupr\u00e8s de la National Association of Testing Authorities (NATA)<\/li>\n<\/ul>\n<\/div>\n<\/div>\n<\/div>\n\n\n\n<div id=\"accreditation\" class=\"wp-block-group is-style-boxed has-slate-200-background-color has-background is-layout-constrained wp-block-group-is-layout-constrained\">\n<div class=\"wp-block-columns is-layout-flex wp-container-core-columns-is-layout-9d6595d7 wp-block-columns-is-layout-flex\">\n<div class=\"wp-block-column is-layout-flow wp-block-column-is-layout-flow\">\n<h2 class=\"wp-block-heading\">Nous sommes accr\u00e9dit\u00e9s par la NATA<\/h2>\n\n\n\n<p>Agrifood Technology dispose d'un tr\u00e8s large \u00e9ventail de m\u00e9thodes d'essai accr\u00e9dit\u00e9es par la National Association of Testing Authorities (NATA). Agrifood Technology revoit constamment ce champ d'application afin d'am\u00e9liorer notre service \u00e0 l'industrie et de r\u00e9pondre aux demandes sans cesse croissantes de notre industrie.<\/p>\n\n\n\n<h3 class=\"wp-block-heading\">VIC<\/h3>\n\n\n\n<div class=\"wp-block-buttons is-layout-flex wp-block-buttons-is-layout-flex\">\n<div class=\"wp-block-button\"><a class=\"wp-block-button__link has-royal-blue-background-color has-background wp-element-button\" href=\"http:\/\/nata.com.au\/entity_scope\/?q1=23j&amp;str=&amp;&amp;BEName=agrifood&amp;state=VIC\" target=\"_blank\" rel=\"noreferrer noopener\">CHIMIE<\/a><\/div>\n\n\n\n<div class=\"wp-block-button\"><a class=\"wp-block-button__link has-royal-blue-background-color has-background wp-element-button\" href=\"https:\/\/nata.com.au\/accredited-organisation\/derrimut-micro-laboratory-2726-22555\/?highlight=agrifood%20technology\" target=\"_blank\" rel=\"noreferrer noopener\">MICROBIOLOGIE<\/a><\/div>\n<\/div>\n\n\n\n<div style=\"height:2rem\" aria-hidden=\"true\" class=\"wp-block-spacer\"><\/div>\n\n\n\n<h3 class=\"wp-block-heading\">WA<\/h3>\n\n\n\n<div class=\"wp-block-buttons is-layout-flex wp-block-buttons-is-layout-flex\">\n<div class=\"wp-block-button\"><a class=\"wp-block-button__link has-emerald-green-background-color has-background wp-element-button\" href=\"http:\/\/nata.com.au\/entity_scope\/?q1=b4e&amp;str=&amp;&amp;BEName=agrifood&amp;state=WA\" target=\"_blank\" rel=\"noreferrer noopener\">CHIMIE<\/a><\/div>\n\n\n\n<div class=\"wp-block-button\"><a class=\"wp-block-button__link has-emerald-green-background-color has-background wp-element-button\" href=\"http:\/\/nata.com.au\/entity_scope\/?q1=ig4&amp;str=&amp;&amp;BEName=agrifood&amp;state=WA\" target=\"_blank\" rel=\"noreferrer noopener\">MICROBIOLOGIE<\/a><\/div>\n<\/div>\n\n\n\n<div style=\"height:2rem\" aria-hidden=\"true\" class=\"wp-block-spacer\"><\/div>\n\n\n\n<h3 class=\"wp-block-heading\">QLD<\/h3>\n\n\n\n<div class=\"wp-block-buttons is-layout-flex wp-block-buttons-is-layout-flex\">\n<div class=\"wp-block-button\"><a class=\"wp-block-button__link has-warm-yellow-background-color has-background wp-element-button\" href=\"https:\/\/nata.com.au\/accredited-organisation\/moorooka-micro-laboratory-2726-22161\/?highlight=agrifood\" target=\"_blank\" rel=\"noreferrer noopener\">MICROBIOLOGIE<\/a><\/div>\n<\/div>\n<\/div>\n\n\n\n<div class=\"wp-block-column is-vertically-aligned-center is-layout-flow wp-block-column-is-layout-flow\">\n<figure class=\"wp-block-image aligncenter size-large\"><img loading=\"lazy\" decoding=\"async\" width=\"1024\" height=\"645\" src=\"https:\/\/agrifood.com.au\/app\/uploads\/2025\/09\/image-23-1024x645.png\" alt=\"\" class=\"wp-image-718\" srcset=\"https:\/\/agrifood.com.au\/app\/uploads\/2025\/09\/image-23-1024x645.png 1024w, https:\/\/agrifood.com.au\/app\/uploads\/2025\/09\/image-23-300x189.png 300w, https:\/\/agrifood.com.au\/app\/uploads\/2025\/09\/image-23-768x484.png 768w, https:\/\/agrifood.com.au\/app\/uploads\/2025\/09\/image-23-1536x968.png 1536w, https:\/\/agrifood.com.au\/app\/uploads\/2025\/09\/image-23-2048x1291.png 2048w, https:\/\/agrifood.com.au\/app\/uploads\/2025\/09\/image-23.png 2164w\" sizes=\"auto, (max-width: 1024px) 100vw, 1024px\" \/><\/figure>\n<\/div>\n<\/div>\n<\/div>","protected":false},"excerpt":{"rendered":"<p>Providing independent analytical testing across Australia. Agrifood Technology is one of Australia\u2019s major independent analytical service providers with laboratories\u2026<\/p>","protected":false},"author":1,"featured_media":0,"parent":0,"menu_order":0,"comment_status":"closed","ping_status":"closed","template":"","meta":{"_acf_changed":false,"footnotes":""},"class_list":["post-37","page","type-page","status-publish","hentry"],"acf":[],"yoast_head":"<!-- This site is optimized with the Yoast SEO plugin v27.0 - https:\/\/yoast.com\/product\/yoast-seo-wordpress\/ -->\n<title>About - Agrifood Technology<\/title>\n<meta name=\"robots\" content=\"index, follow, max-snippet:-1, max-image-preview:large, max-video-preview:-1\" \/>\n<link rel=\"canonical\" href=\"https:\/\/agrifood.com.au\/fr\/about-agrifood\/\" \/>\n<meta property=\"og:locale\" content=\"fr_FR\" \/>\n<meta property=\"og:type\" content=\"article\" \/>\n<meta property=\"og:title\" content=\"About - Agrifood Technology\" \/>\n<meta property=\"og:description\" content=\"Providing independent analytical testing across Australia. Agrifood Technology is one of Australia\u2019s major independent analytical service providers with laboratories\u2026\" \/>\n<meta property=\"og:url\" content=\"https:\/\/agrifood.com.au\/fr\/about-agrifood\/\" \/>\n<meta property=\"og:site_name\" content=\"Agrifood Technology\" \/>\n<meta property=\"article:modified_time\" content=\"2025-12-04T01:56:05+00:00\" \/>\n<meta property=\"og:image\" content=\"https:\/\/agrifood.com.au\/app\/uploads\/2025\/11\/Closeup-of-black-and-white-Holstein-dairy-cows-eating-forage-while-peeking-out-from-behind-stall-fence-in-livestock-farm-on-blurred-background-of-farmer-carrying-milk-can.jpg\" \/>\n\t<meta property=\"og:image:width\" content=\"540\" \/>\n\t<meta property=\"og:image:height\" content=\"360\" \/>\n\t<meta property=\"og:image:type\" content=\"image\/jpeg\" \/>\n<meta name=\"twitter:card\" content=\"summary_large_image\" \/>\n<meta name=\"twitter:label1\" content=\"Est. reading time\" \/>\n\t<meta name=\"twitter:data1\" content=\"2 minutes\" \/>\n<script type=\"application\/ld+json\" class=\"yoast-schema-graph\">{\"@context\":\"https:\/\/schema.org\",\"@graph\":[{\"@type\":\"WebPage\",\"@id\":\"https:\/\/agrifood.com.au\/about-agrifood\/\",\"url\":\"https:\/\/agrifood.com.au\/about-agrifood\/\",\"name\":\"About - Agrifood Technology\",\"isPartOf\":{\"@id\":\"https:\/\/agrifood.com.au\/#website\"},\"primaryImageOfPage\":{\"@id\":\"https:\/\/agrifood.com.au\/about-agrifood\/#primaryimage\"},\"image\":{\"@id\":\"https:\/\/agrifood.com.au\/about-agrifood\/#primaryimage\"},\"thumbnailUrl\":\"https:\/\/agrifood.com.au\/app\/uploads\/2025\/11\/Closeup-of-black-and-white-Holstein-dairy-cows-eating-forage-while-peeking-out-from-behind-stall-fence-in-livestock-farm-on-blurred-background-of-farmer-carrying-milk-can.jpg\",\"datePublished\":\"2025-07-04T03:07:56+00:00\",\"dateModified\":\"2025-12-04T01:56:05+00:00\",\"breadcrumb\":{\"@id\":\"https:\/\/agrifood.com.au\/about-agrifood\/#breadcrumb\"},\"inLanguage\":\"fr-FR\",\"potentialAction\":[{\"@type\":\"ReadAction\",\"target\":[\"https:\/\/agrifood.com.au\/about-agrifood\/\"]}]},{\"@type\":\"ImageObject\",\"inLanguage\":\"fr-FR\",\"@id\":\"https:\/\/agrifood.com.au\/about-agrifood\/#primaryimage\",\"url\":\"https:\/\/agrifood.com.au\/app\/uploads\/2025\/11\/Closeup-of-black-and-white-Holstein-dairy-cows-eating-forage-while-peeking-out-from-behind-stall-fence-in-livestock-farm-on-blurred-background-of-farmer-carrying-milk-can.jpg\",\"contentUrl\":\"https:\/\/agrifood.com.au\/app\/uploads\/2025\/11\/Closeup-of-black-and-white-Holstein-dairy-cows-eating-forage-while-peeking-out-from-behind-stall-fence-in-livestock-farm-on-blurred-background-of-farmer-carrying-milk-can.jpg\"},{\"@type\":\"BreadcrumbList\",\"@id\":\"https:\/\/agrifood.com.au\/about-agrifood\/#breadcrumb\",\"itemListElement\":[{\"@type\":\"ListItem\",\"position\":1,\"name\":\"Home\",\"item\":\"https:\/\/agrifood.com.au\/\"},{\"@type\":\"ListItem\",\"position\":2,\"name\":\"About\"}]},{\"@type\":\"WebSite\",\"@id\":\"https:\/\/agrifood.com.au\/#website\",\"url\":\"https:\/\/agrifood.com.au\/\",\"name\":\"Agrifood Technology\",\"description\":\"\",\"publisher\":{\"@id\":\"https:\/\/agrifood.com.au\/#organization\"},\"potentialAction\":[{\"@type\":\"SearchAction\",\"target\":{\"@type\":\"EntryPoint\",\"urlTemplate\":\"https:\/\/agrifood.com.au\/?s={search_term_string}\"},\"query-input\":{\"@type\":\"PropertyValueSpecification\",\"valueRequired\":true,\"valueName\":\"search_term_string\"}}],\"inLanguage\":\"fr-FR\"},{\"@type\":\"Organization\",\"@id\":\"https:\/\/agrifood.com.au\/#organization\",\"name\":\"Agrifood Technology\",\"url\":\"https:\/\/agrifood.com.au\/\",\"logo\":{\"@type\":\"ImageObject\",\"inLanguage\":\"fr-FR\",\"@id\":\"https:\/\/agrifood.com.au\/#\/schema\/logo\/image\/\",\"url\":\"https:\/\/agrifood.com.au\/app\/uploads\/2025\/10\/Agrifood-News-Photo-scaled.png\",\"contentUrl\":\"https:\/\/agrifood.com.au\/app\/uploads\/2025\/10\/Agrifood-News-Photo-scaled.png\",\"width\":2560,\"height\":1580,\"caption\":\"Agrifood Technology\"},\"image\":{\"@id\":\"https:\/\/agrifood.com.au\/#\/schema\/logo\/image\/\"}}]}<\/script>\n<!-- \/ Yoast SEO plugin. -->","yoast_head_json":{"title":"About - Agrifood Technology","robots":{"index":"index","follow":"follow","max-snippet":"max-snippet:-1","max-image-preview":"max-image-preview:large","max-video-preview":"max-video-preview:-1"},"canonical":"https:\/\/agrifood.com.au\/fr\/about-agrifood\/","og_locale":"fr_FR","og_type":"article","og_title":"About - Agrifood Technology","og_description":"Providing independent analytical testing across Australia. Agrifood Technology is one of Australia\u2019s major independent analytical service providers with laboratories\u2026","og_url":"https:\/\/agrifood.com.au\/fr\/about-agrifood\/","og_site_name":"Agrifood Technology","article_modified_time":"2025-12-04T01:56:05+00:00","og_image":[{"width":540,"height":360,"url":"https:\/\/agrifood.com.au\/app\/uploads\/2025\/11\/Closeup-of-black-and-white-Holstein-dairy-cows-eating-forage-while-peeking-out-from-behind-stall-fence-in-livestock-farm-on-blurred-background-of-farmer-carrying-milk-can.jpg","type":"image\/jpeg"}],"twitter_card":"summary_large_image","twitter_misc":{"Est. reading time":"2 minutes"},"schema":{"@context":"https:\/\/schema.org","@graph":[{"@type":"WebPage","@id":"https:\/\/agrifood.com.au\/about-agrifood\/","url":"https:\/\/agrifood.com.au\/about-agrifood\/","name":"About - Agrifood Technology","isPartOf":{"@id":"https:\/\/agrifood.com.au\/#website"},"primaryImageOfPage":{"@id":"https:\/\/agrifood.com.au\/about-agrifood\/#primaryimage"},"image":{"@id":"https:\/\/agrifood.com.au\/about-agrifood\/#primaryimage"},"thumbnailUrl":"https:\/\/agrifood.com.au\/app\/uploads\/2025\/11\/Closeup-of-black-and-white-Holstein-dairy-cows-eating-forage-while-peeking-out-from-behind-stall-fence-in-livestock-farm-on-blurred-background-of-farmer-carrying-milk-can.jpg","datePublished":"2025-07-04T03:07:56+00:00","dateModified":"2025-12-04T01:56:05+00:00","breadcrumb":{"@id":"https:\/\/agrifood.com.au\/about-agrifood\/#breadcrumb"},"inLanguage":"fr-FR","potentialAction":[{"@type":"ReadAction","target":["https:\/\/agrifood.com.au\/about-agrifood\/"]}]},{"@type":"ImageObject","inLanguage":"fr-FR","@id":"https:\/\/agrifood.com.au\/about-agrifood\/#primaryimage","url":"https:\/\/agrifood.com.au\/app\/uploads\/2025\/11\/Closeup-of-black-and-white-Holstein-dairy-cows-eating-forage-while-peeking-out-from-behind-stall-fence-in-livestock-farm-on-blurred-background-of-farmer-carrying-milk-can.jpg","contentUrl":"https:\/\/agrifood.com.au\/app\/uploads\/2025\/11\/Closeup-of-black-and-white-Holstein-dairy-cows-eating-forage-while-peeking-out-from-behind-stall-fence-in-livestock-farm-on-blurred-background-of-farmer-carrying-milk-can.jpg"},{"@type":"BreadcrumbList","@id":"https:\/\/agrifood.com.au\/about-agrifood\/#breadcrumb","itemListElement":[{"@type":"ListItem","position":1,"name":"Home","item":"https:\/\/agrifood.com.au\/"},{"@type":"ListItem","position":2,"name":"About"}]},{"@type":"WebSite","@id":"https:\/\/agrifood.com.au\/#website","url":"https:\/\/agrifood.com.au\/","name":"Technologie agroalimentaire","description":"","publisher":{"@id":"https:\/\/agrifood.com.au\/#organization"},"potentialAction":[{"@type":"SearchAction","target":{"@type":"EntryPoint","urlTemplate":"https:\/\/agrifood.com.au\/?s={search_term_string}"},"query-input":{"@type":"PropertyValueSpecification","valueRequired":true,"valueName":"search_term_string"}}],"inLanguage":"fr-FR"},{"@type":"Organization","@id":"https:\/\/agrifood.com.au\/#organization","name":"Technologie agroalimentaire","url":"https:\/\/agrifood.com.au\/","logo":{"@type":"ImageObject","inLanguage":"fr-FR","@id":"https:\/\/agrifood.com.au\/#\/schema\/logo\/image\/","url":"https:\/\/agrifood.com.au\/app\/uploads\/2025\/10\/Agrifood-News-Photo-scaled.png","contentUrl":"https:\/\/agrifood.com.au\/app\/uploads\/2025\/10\/Agrifood-News-Photo-scaled.png","width":2560,"height":1580,"caption":"Agrifood Technology"},"image":{"@id":"https:\/\/agrifood.com.au\/#\/schema\/logo\/image\/"}}]}},"_links":{"self":[{"href":"https:\/\/agrifood.com.au\/fr\/wp-json\/wp\/v2\/pages\/37","targetHints":{"allow":["GET"]}}],"collection":[{"href":"https:\/\/agrifood.com.au\/fr\/wp-json\/wp\/v2\/pages"}],"about":[{"href":"https:\/\/agrifood.com.au\/fr\/wp-json\/wp\/v2\/types\/page"}],"author":[{"embeddable":true,"href":"https:\/\/agrifood.com.au\/fr\/wp-json\/wp\/v2\/users\/1"}],"replies":[{"embeddable":true,"href":"https:\/\/agrifood.com.au\/fr\/wp-json\/wp\/v2\/comments?post=37"}],"version-history":[{"count":94,"href":"https:\/\/agrifood.com.au\/fr\/wp-json\/wp\/v2\/pages\/37\/revisions"}],"predecessor-version":[{"id":2765,"href":"https:\/\/agrifood.com.au\/fr\/wp-json\/wp\/v2\/pages\/37\/revisions\/2765"}],"wp:attachment":[{"href":"https:\/\/agrifood.com.au\/fr\/wp-json\/wp\/v2\/media?parent=37"}],"curies":[{"name":"wp","href":"https:\/\/api.w.org\/{rel}","templated":true}]}}