{"id":39,"date":"2025-07-04T03:08:05","date_gmt":"2025-07-04T03:08:05","guid":{"rendered":"https:\/\/agrifood.swim.net.au\/?page_id=39"},"modified":"2025-12-04T01:56:42","modified_gmt":"2025-12-04T01:56:42","slug":"services","status":"publish","type":"page","link":"https:\/\/agrifood.com.au\/fr\/services\/","title":{"rendered":"Services"},"content":{"rendered":"<div class=\"wp-block-group is-style-boxed is-layout-constrained wp-block-group-is-layout-constrained\">\n<h2 class=\"wp-block-heading\" id=\"by-industry\">Par secteur d'activit\u00e9<\/h2>\n\n\n\n<div class=\"wp-block-columns is-style-mobile-reverse is-layout-flex wp-container-core-columns-is-layout-9d6595d7 wp-block-columns-is-layout-flex\">\n<div class=\"wp-block-column is-vertically-aligned-top is-layout-flow wp-block-column-is-layout-flow\">\n<h3 class=\"wp-block-heading\">Aliments pour animaux et fourrage<\/h3>\n\n\n\n<p>Chez FeedTest, nous couvrons un large \u00e9ventail de tests et de param\u00e8tres en offrant un service de laboratoire complet.<br><br>FeedTest fournit des r\u00e9sultats fiables qui sont essentiels pour d\u00e9terminer la valeur nutritionnelle de vos aliments pour animaux.<\/p>\n\n\n\n<div class=\"wp-block-buttons is-layout-flex wp-block-buttons-is-layout-flex\">\n<div class=\"wp-block-button\"><a class=\"wp-block-button__link wp-element-button\" href=\"\/fr\/services\/by-industry\/feed-and-fodder\/\">Lire la suite<\/a><\/div>\n<\/div>\n<\/div>\n\n\n\n<div class=\"wp-block-column is-layout-flow wp-block-column-is-layout-flow\">\n<figure class=\"wp-block-image size-full\"><img loading=\"lazy\" decoding=\"async\" width=\"540\" height=\"360\" src=\"https:\/\/agrifood.com.au\/app\/uploads\/2025\/11\/hay-bale.jpg\" alt=\"\" class=\"wp-image-2114\" srcset=\"https:\/\/agrifood.com.au\/app\/uploads\/2025\/11\/hay-bale.jpg 540w, https:\/\/agrifood.com.au\/app\/uploads\/2025\/11\/hay-bale-300x200.jpg 300w, https:\/\/agrifood.com.au\/app\/uploads\/2025\/11\/hay-bale-18x12.jpg 18w\" sizes=\"auto, (max-width: 540px) 100vw, 540px\" \/><\/figure>\n<\/div>\n<\/div>\n\n\n\n<div class=\"wp-block-columns is-layout-flex wp-container-core-columns-is-layout-9d6595d7 wp-block-columns-is-layout-flex\">\n<div class=\"wp-block-column is-layout-flow wp-block-column-is-layout-flow\">\n<figure class=\"wp-block-image size-full\"><img loading=\"lazy\" decoding=\"async\" width=\"540\" height=\"360\" src=\"https:\/\/agrifood.com.au\/app\/uploads\/2025\/09\/wheat-ears-and-grains.jpg\" alt=\"\" class=\"wp-image-1618\" srcset=\"https:\/\/agrifood.com.au\/app\/uploads\/2025\/09\/wheat-ears-and-grains.jpg 540w, https:\/\/agrifood.com.au\/app\/uploads\/2025\/09\/wheat-ears-and-grains-300x200.jpg 300w, https:\/\/agrifood.com.au\/app\/uploads\/2025\/09\/wheat-ears-and-grains-18x12.jpg 18w\" sizes=\"auto, (max-width: 540px) 100vw, 540px\" \/><\/figure>\n<\/div>\n\n\n\n<div class=\"wp-block-column is-vertically-aligned-center is-layout-flow wp-block-column-is-layout-flow\">\n<h3 class=\"wp-block-heading\">C\u00e9r\u00e9ales<\/h3>\n\n\n\n<p>Agrifood Technology poss\u00e8de plus de 40 ans de connaissances et d'exp\u00e9rience en mati\u00e8re d'analyse des c\u00e9r\u00e9ales et des farines. La haute qualit\u00e9 meuni\u00e8re du bl\u00e9 australien garantit sa valeur sur le march\u00e9 mondial. La capacit\u00e9 \u00e0 fournir aux clients des informations sur l'ad\u00e9quation de ce bl\u00e9 \u00e0 des techniques de transformation et \u00e0 des produits finis particuliers est d'une valeur inestimable.<\/p>\n\n\n\n<div class=\"wp-block-buttons is-layout-flex wp-block-buttons-is-layout-flex\">\n<div class=\"wp-block-button\"><a class=\"wp-block-button__link wp-element-button\" href=\"\/fr\/services\/by-industry\/grain\/\">Lire la suite<\/a><\/div>\n<\/div>\n<\/div>\n<\/div>\n\n\n\n<div class=\"wp-block-columns is-style-mobile-reverse is-layout-flex wp-container-core-columns-is-layout-9d6595d7 wp-block-columns-is-layout-flex\">\n<div class=\"wp-block-column is-vertically-aligned-center is-layout-flow wp-block-column-is-layout-flow\">\n<h3 class=\"wp-block-heading\">Horticulture<\/h3>\n\n\n\n<p>Agrifood Technology teste une large gamme de pesticides, de m\u00e9taux lourds, de mycotoxines, d'herbicides et d'insecticides et de r\u00e9sidus chimiques.<\/p>\n\n\n\n<p>Ces services sont combin\u00e9s \u00e0 nos tests microbiologiques accr\u00e9dit\u00e9s par la NATA. L'ensemble de ces services dans un seul laboratoire permet aux clients de r\u00e9pondre \u00e0 des exigences strictes en mati\u00e8re de conformit\u00e9.<\/p>\n\n\n\n<div class=\"wp-block-buttons is-layout-flex wp-block-buttons-is-layout-flex\">\n<div class=\"wp-block-button\"><a class=\"wp-block-button__link wp-element-button\" href=\"\/fr\/services\/by-industry\/horticulture\/\">Lire la suite<\/a><\/div>\n<\/div>\n<\/div>\n\n\n\n<div class=\"wp-block-column is-layout-flow wp-block-column-is-layout-flow\">\n<figure class=\"wp-block-image size-full\"><img loading=\"lazy\" decoding=\"async\" width=\"1254\" height=\"836\" src=\"https:\/\/agrifood.com.au\/app\/uploads\/2025\/11\/Farmer-Veg.jpg\" alt=\"\" class=\"wp-image-2184\" srcset=\"https:\/\/agrifood.com.au\/app\/uploads\/2025\/11\/Farmer-Veg.jpg 1254w, https:\/\/agrifood.com.au\/app\/uploads\/2025\/11\/Farmer-Veg-300x200.jpg 300w, https:\/\/agrifood.com.au\/app\/uploads\/2025\/11\/Farmer-Veg-1024x683.jpg 1024w, https:\/\/agrifood.com.au\/app\/uploads\/2025\/11\/Farmer-Veg-768x512.jpg 768w, https:\/\/agrifood.com.au\/app\/uploads\/2025\/11\/Farmer-Veg-18x12.jpg 18w\" sizes=\"auto, (max-width: 1254px) 100vw, 1254px\" \/><\/figure>\n<\/div>\n<\/div>\n\n\n\n<div class=\"wp-block-columns is-layout-flex wp-container-core-columns-is-layout-9d6595d7 wp-block-columns-is-layout-flex\">\n<div class=\"wp-block-column is-layout-flow wp-block-column-is-layout-flow\">\n<figure class=\"wp-block-image size-full\"><img loading=\"lazy\" decoding=\"async\" width=\"1254\" height=\"836\" src=\"https:\/\/agrifood.com.au\/app\/uploads\/2025\/11\/Local-Health.jpg\" alt=\"\" class=\"wp-image-2185\" srcset=\"https:\/\/agrifood.com.au\/app\/uploads\/2025\/11\/Local-Health.jpg 1254w, https:\/\/agrifood.com.au\/app\/uploads\/2025\/11\/Local-Health-300x200.jpg 300w, https:\/\/agrifood.com.au\/app\/uploads\/2025\/11\/Local-Health-1024x683.jpg 1024w, https:\/\/agrifood.com.au\/app\/uploads\/2025\/11\/Local-Health-768x512.jpg 768w, https:\/\/agrifood.com.au\/app\/uploads\/2025\/11\/Local-Health-18x12.jpg 18w\" sizes=\"auto, (max-width: 1254px) 100vw, 1254px\" \/><\/figure>\n<\/div>\n\n\n\n<div class=\"wp-block-column is-vertically-aligned-center is-layout-flow wp-block-column-is-layout-flow\">\n<h3 class=\"wp-block-heading\">Sant\u00e9 locale<\/h3>\n\n\n\n<p>Agrifood Technology propose aux conseils municipaux, aux h\u00f4tels et aux h\u00f4pitaux une large gamme de services d'analyse dans le cadre du Victorian Food Act.<br><br>Nous disposons de six analystes agr\u00e9\u00e9s dans les domaines de l'analyse microbiologique, chimique, allerg\u00e9nique et physique des denr\u00e9es alimentaires. Les analystes agr\u00e9\u00e9s jouent un r\u00f4le important dans le contr\u00f4le de la s\u00e9curit\u00e9 et de la composition de l'\u00e9tiquetage des denr\u00e9es alimentaires.<\/p>\n\n\n\n<div class=\"wp-block-buttons is-layout-flex wp-block-buttons-is-layout-flex\">\n<div class=\"wp-block-button\"><a class=\"wp-block-button__link wp-element-button\" href=\"\/fr\/services\/by-industry\/local-health\/\">Lire la suite<\/a><\/div>\n<\/div>\n<\/div>\n<\/div>\n\n\n\n<div class=\"wp-block-columns is-style-mobile-reverse is-layout-flex wp-container-core-columns-is-layout-9d6595d7 wp-block-columns-is-layout-flex\">\n<div class=\"wp-block-column is-vertically-aligned-center is-layout-flow wp-block-column-is-layout-flow\">\n<h3 class=\"wp-block-heading\">Aliments transform\u00e9s<\/h3>\n\n\n\n<p>Agrifood Technology est sp\u00e9cialis\u00e9 dans une vari\u00e9t\u00e9 de tests de s\u00e9curit\u00e9 alimentaire, y compris les pesticides, les r\u00e9sidus, les m\u00e9taux lourds, les mycotoxines, les allerg\u00e8nes et les tests microbiens. Que vous soyez agriculteur ou fabricant de produits alimentaires, nous pouvons vous aider \u00e0 d\u00e9terminer si vos produits sont conformes aux r\u00e9glementations australiennes en mati\u00e8re de s\u00e9curit\u00e9 alimentaire.<\/p>\n\n\n\n<div class=\"wp-block-buttons is-layout-flex wp-block-buttons-is-layout-flex\">\n<div class=\"wp-block-button\"><a class=\"wp-block-button__link wp-element-button\" href=\"\/fr\/processed-foods\/\">Lire la suite<\/a><\/div>\n<\/div>\n<\/div>\n\n\n\n<div class=\"wp-block-column is-layout-flow wp-block-column-is-layout-flow\">\n<figure class=\"wp-block-image size-full\"><img loading=\"lazy\" decoding=\"async\" width=\"1253\" height=\"836\" src=\"https:\/\/agrifood.com.au\/app\/uploads\/2025\/11\/Food-Allergens.jpg\" alt=\"\" class=\"wp-image-2186\" srcset=\"https:\/\/agrifood.com.au\/app\/uploads\/2025\/11\/Food-Allergens.jpg 1253w, https:\/\/agrifood.com.au\/app\/uploads\/2025\/11\/Food-Allergens-300x200.jpg 300w, https:\/\/agrifood.com.au\/app\/uploads\/2025\/11\/Food-Allergens-1024x683.jpg 1024w, https:\/\/agrifood.com.au\/app\/uploads\/2025\/11\/Food-Allergens-768x512.jpg 768w, https:\/\/agrifood.com.au\/app\/uploads\/2025\/11\/Food-Allergens-18x12.jpg 18w\" sizes=\"auto, (max-width: 1253px) 100vw, 1253px\" \/><\/figure>\n<\/div>\n<\/div>\n\n\n\n<h2 class=\"wp-block-heading\" id=\"capability\">Par capacit\u00e9<\/h2>\n\n\n\n<div class=\"wp-block-columns is-layout-flex wp-container-core-columns-is-layout-9d6595d7 wp-block-columns-is-layout-flex\">\n<div class=\"wp-block-column is-vertically-aligned-center is-layout-flow wp-block-column-is-layout-flow\">\n<h3 class=\"wp-block-heading\">Services agroalimentaires<\/h3>\n\n\n\n<p>Agrifood Technology est l'un des principaux fournisseurs ind\u00e9pendants de services d'analyse en Australie, avec des laboratoires \u00e0 Werribee et Derrimut (Victoria), Hemmant (Queensland) et Bibra Lake (Australie-Occidentale).<\/p>\n\n\n\n<p>Lorsque vous choisissez d'utiliser un laboratoire d'Agrifood Technology, vous avez l'assurance que votre \u00e9chantillon sera analys\u00e9 rapidement et avec pr\u00e9cision. Tous les laboratoires b\u00e9n\u00e9ficient du soutien d'une \u00e9quipe tr\u00e8s exp\u00e9riment\u00e9e compos\u00e9e de personnel technique, commercial et administratif qui conna\u00eet les exigences de l'industrie et s'engage \u00e0 fournir des r\u00e9sultats pr\u00e9cis et rapides.<\/p>\n\n\n\n<div class=\"wp-block-buttons is-layout-flex wp-block-buttons-is-layout-flex\">\n<div class=\"wp-block-button\"><a class=\"wp-block-button__link wp-element-button\" href=\"\/fr\/services\/by-capability\/agrifood-services\/\">VISITEZ AGRIFOOD SERVICES<\/a><\/div>\n<\/div>\n<\/div>\n\n\n\n<div class=\"wp-block-column is-layout-flow wp-block-column-is-layout-flow\">\n<figure class=\"wp-block-image size-full\"><img loading=\"lazy\" decoding=\"async\" width=\"1583\" height=\"663\" src=\"https:\/\/agrifood.com.au\/app\/uploads\/2025\/11\/food-safety.jpg\" alt=\"\" class=\"wp-image-2726\" srcset=\"https:\/\/agrifood.com.au\/app\/uploads\/2025\/11\/food-safety.jpg 1583w, https:\/\/agrifood.com.au\/app\/uploads\/2025\/11\/food-safety-300x126.jpg 300w, https:\/\/agrifood.com.au\/app\/uploads\/2025\/11\/food-safety-1024x429.jpg 1024w, https:\/\/agrifood.com.au\/app\/uploads\/2025\/11\/food-safety-768x322.jpg 768w, https:\/\/agrifood.com.au\/app\/uploads\/2025\/11\/food-safety-1536x643.jpg 1536w, https:\/\/agrifood.com.au\/app\/uploads\/2025\/11\/food-safety-18x8.jpg 18w\" sizes=\"auto, (max-width: 1583px) 100vw, 1583px\" \/><\/figure>\n<\/div>\n<\/div>\n\n\n\n<div class=\"wp-block-columns is-layout-flex wp-container-core-columns-is-layout-9d6595d7 wp-block-columns-is-layout-flex\">\n<div class=\"wp-block-column is-layout-flow wp-block-column-is-layout-flow\">\n<figure class=\"wp-block-image size-full\"><img loading=\"lazy\" decoding=\"async\" width=\"540\" height=\"360\" src=\"https:\/\/agrifood.com.au\/app\/uploads\/2025\/09\/Closeup-of-black-and-white-Holstein-dairy-cows-eating-forage-while-peeking-out-from-behind-stall-fence-in-livestock-farm-on-blurred-background-of-farmer-carrying-milk-can.jpg\" alt=\"\" class=\"wp-image-1621\" srcset=\"https:\/\/agrifood.com.au\/app\/uploads\/2025\/09\/Closeup-of-black-and-white-Holstein-dairy-cows-eating-forage-while-peeking-out-from-behind-stall-fence-in-livestock-farm-on-blurred-background-of-farmer-carrying-milk-can.jpg 540w, https:\/\/agrifood.com.au\/app\/uploads\/2025\/09\/Closeup-of-black-and-white-Holstein-dairy-cows-eating-forage-while-peeking-out-from-behind-stall-fence-in-livestock-farm-on-blurred-background-of-farmer-carrying-milk-can-300x200.jpg 300w, https:\/\/agrifood.com.au\/app\/uploads\/2025\/09\/Closeup-of-black-and-white-Holstein-dairy-cows-eating-forage-while-peeking-out-from-behind-stall-fence-in-livestock-farm-on-blurred-background-of-farmer-carrying-milk-can-18x12.jpg 18w\" sizes=\"auto, (max-width: 540px) 100vw, 540px\" \/><\/figure>\n<\/div>\n\n\n\n<div class=\"wp-block-column is-vertically-aligned-center is-layout-flow wp-block-column-is-layout-flow\">\n<h3 class=\"wp-block-heading\">Services FeedTest<\/h3>\n\n\n\n<p>FeedTest fournit une analyse ind\u00e9pendante, fiable et rapide des fourrages et des aliments pour animaux \u00e0 l'aide de la technologie de pointe Near Infrared (NIR), qui vous permet de d\u00e9terminer la valeur nutritionnelle de vos produits d'alimentation animale.<\/p>\n\n\n\n<div class=\"wp-block-buttons is-layout-flex wp-block-buttons-is-layout-flex\">\n<div class=\"wp-block-button\"><a class=\"wp-block-button__link wp-element-button\" href=\"\/fr\/feedtest\/\">VISITEZ FEEDTEST SERVICES<\/a><\/div>\n<\/div>\n<\/div>\n<\/div>\n<\/div>\n\n\n\n<div style=\"background-image:url(&apos;https:\/\/agrifood.com.au\/app\/uploads\/2025\/11\/AdobeStock_502186443-scaled.jpeg&apos;);background-size:cover;\" class=\"wp-block-group is-style-cta-banner is-layout-constrained wp-block-group-is-layout-constrained has-background\">\n<div class=\"wp-block-columns is-layout-flex wp-container-core-columns-is-layout-9d6595d7 wp-block-columns-is-layout-flex\">\n<div class=\"wp-block-column is-layout-flow wp-block-column-is-layout-flow\"><\/div>\n\n\n\n<div class=\"wp-block-column is-layout-flow wp-block-column-is-layout-flow\">\n<h2 class=\"wp-block-heading has-white-color has-text-color has-link-color wp-elements-7612da60a41737d324eb507b41b620c3\">La qualit\u00e9 compte.<br>Nous contacter.<\/h2>\n\n\n\n<p class=\"has-white-color has-text-color has-link-color wp-elements-7b92d9277914cc5d212b623bbe35f9da\">Prenez contact avec nous d\u00e8s aujourd'hui pour commencer.<\/p>\n\n\n\n<div class=\"wp-block-buttons is-layout-flex wp-block-buttons-is-layout-flex\">\n<div class=\"wp-block-button\"><a class=\"wp-block-button__link wp-element-button\" href=\"\/fr\/contact\/\">CONTACTEZ-NOUS<\/a><\/div>\n<\/div>\n<\/div>\n<\/div>\n<\/div>","protected":false},"excerpt":{"rendered":"<p>By Industry Feed &amp; Fodder At FeedTest, we cover a broad array of test packages and parameters giving an extensive laboratory service. FeedTest provide reliable res\u2026<\/p>","protected":false},"author":1,"featured_media":0,"parent":0,"menu_order":0,"comment_status":"closed","ping_status":"closed","template":"","meta":{"_acf_changed":false,"footnotes":""},"class_list":["post-39","page","type-page","status-publish","hentry"],"acf":[],"yoast_head":"<!-- This site is optimized with the Yoast SEO plugin v27.0 - https:\/\/yoast.com\/product\/yoast-seo-wordpress\/ -->\n<title>Services - Agrifood Technology<\/title>\n<meta name=\"robots\" content=\"index, follow, max-snippet:-1, max-image-preview:large, max-video-preview:-1\" \/>\n<link rel=\"canonical\" href=\"https:\/\/agrifood.com.au\/fr\/services\/\" \/>\n<meta property=\"og:locale\" content=\"fr_FR\" \/>\n<meta property=\"og:type\" content=\"article\" \/>\n<meta property=\"og:title\" content=\"Services - Agrifood Technology\" \/>\n<meta property=\"og:description\" content=\"By Industry Feed &amp; Fodder At FeedTest, we cover a broad array of test packages and parameters giving an extensive laboratory service. FeedTest provide reliable res\u2026\" \/>\n<meta property=\"og:url\" content=\"https:\/\/agrifood.com.au\/fr\/services\/\" \/>\n<meta property=\"og:site_name\" content=\"Agrifood Technology\" \/>\n<meta property=\"article:modified_time\" content=\"2025-12-04T01:56:42+00:00\" \/>\n<meta property=\"og:image\" content=\"https:\/\/agrifood.com.au\/app\/uploads\/2025\/11\/hay-bale.jpg\" \/>\n\t<meta property=\"og:image:width\" content=\"540\" \/>\n\t<meta property=\"og:image:height\" content=\"360\" \/>\n\t<meta property=\"og:image:type\" content=\"image\/jpeg\" \/>\n<meta name=\"twitter:card\" content=\"summary_large_image\" \/>\n<meta name=\"twitter:label1\" content=\"Est. reading time\" \/>\n\t<meta name=\"twitter:data1\" content=\"2 minutes\" \/>\n<script type=\"application\/ld+json\" class=\"yoast-schema-graph\">{\"@context\":\"https:\/\/schema.org\",\"@graph\":[{\"@type\":\"WebPage\",\"@id\":\"https:\/\/agrifood.com.au\/services\/\",\"url\":\"https:\/\/agrifood.com.au\/services\/\",\"name\":\"Services - Agrifood Technology\",\"isPartOf\":{\"@id\":\"https:\/\/agrifood.com.au\/#website\"},\"primaryImageOfPage\":{\"@id\":\"https:\/\/agrifood.com.au\/services\/#primaryimage\"},\"image\":{\"@id\":\"https:\/\/agrifood.com.au\/services\/#primaryimage\"},\"thumbnailUrl\":\"https:\/\/agrifood.com.au\/app\/uploads\/2025\/11\/hay-bale.jpg\",\"datePublished\":\"2025-07-04T03:08:05+00:00\",\"dateModified\":\"2025-12-04T01:56:42+00:00\",\"breadcrumb\":{\"@id\":\"https:\/\/agrifood.com.au\/services\/#breadcrumb\"},\"inLanguage\":\"fr-FR\",\"potentialAction\":[{\"@type\":\"ReadAction\",\"target\":[\"https:\/\/agrifood.com.au\/services\/\"]}]},{\"@type\":\"ImageObject\",\"inLanguage\":\"fr-FR\",\"@id\":\"https:\/\/agrifood.com.au\/services\/#primaryimage\",\"url\":\"https:\/\/agrifood.com.au\/app\/uploads\/2025\/11\/hay-bale.jpg\",\"contentUrl\":\"https:\/\/agrifood.com.au\/app\/uploads\/2025\/11\/hay-bale.jpg\"},{\"@type\":\"BreadcrumbList\",\"@id\":\"https:\/\/agrifood.com.au\/services\/#breadcrumb\",\"itemListElement\":[{\"@type\":\"ListItem\",\"position\":1,\"name\":\"Home\",\"item\":\"https:\/\/agrifood.com.au\/\"},{\"@type\":\"ListItem\",\"position\":2,\"name\":\"Services\"}]},{\"@type\":\"WebSite\",\"@id\":\"https:\/\/agrifood.com.au\/#website\",\"url\":\"https:\/\/agrifood.com.au\/\",\"name\":\"Agrifood Technology\",\"description\":\"\",\"publisher\":{\"@id\":\"https:\/\/agrifood.com.au\/#organization\"},\"potentialAction\":[{\"@type\":\"SearchAction\",\"target\":{\"@type\":\"EntryPoint\",\"urlTemplate\":\"https:\/\/agrifood.com.au\/?s={search_term_string}\"},\"query-input\":{\"@type\":\"PropertyValueSpecification\",\"valueRequired\":true,\"valueName\":\"search_term_string\"}}],\"inLanguage\":\"fr-FR\"},{\"@type\":\"Organization\",\"@id\":\"https:\/\/agrifood.com.au\/#organization\",\"name\":\"Agrifood Technology\",\"url\":\"https:\/\/agrifood.com.au\/\",\"logo\":{\"@type\":\"ImageObject\",\"inLanguage\":\"fr-FR\",\"@id\":\"https:\/\/agrifood.com.au\/#\/schema\/logo\/image\/\",\"url\":\"https:\/\/agrifood.com.au\/app\/uploads\/2025\/10\/Agrifood-News-Photo-scaled.png\",\"contentUrl\":\"https:\/\/agrifood.com.au\/app\/uploads\/2025\/10\/Agrifood-News-Photo-scaled.png\",\"width\":2560,\"height\":1580,\"caption\":\"Agrifood Technology\"},\"image\":{\"@id\":\"https:\/\/agrifood.com.au\/#\/schema\/logo\/image\/\"}}]}<\/script>\n<!-- \/ Yoast SEO plugin. -->","yoast_head_json":{"title":"Services - Agrifood Technology","robots":{"index":"index","follow":"follow","max-snippet":"max-snippet:-1","max-image-preview":"max-image-preview:large","max-video-preview":"max-video-preview:-1"},"canonical":"https:\/\/agrifood.com.au\/fr\/services\/","og_locale":"fr_FR","og_type":"article","og_title":"Services - Agrifood Technology","og_description":"By Industry Feed &amp; Fodder At FeedTest, we cover a broad array of test packages and parameters giving an extensive laboratory service. FeedTest provide reliable res\u2026","og_url":"https:\/\/agrifood.com.au\/fr\/services\/","og_site_name":"Agrifood Technology","article_modified_time":"2025-12-04T01:56:42+00:00","og_image":[{"width":540,"height":360,"url":"https:\/\/agrifood.com.au\/app\/uploads\/2025\/11\/hay-bale.jpg","type":"image\/jpeg"}],"twitter_card":"summary_large_image","twitter_misc":{"Est. reading time":"2 minutes"},"schema":{"@context":"https:\/\/schema.org","@graph":[{"@type":"WebPage","@id":"https:\/\/agrifood.com.au\/services\/","url":"https:\/\/agrifood.com.au\/services\/","name":"Services - Agrifood Technology","isPartOf":{"@id":"https:\/\/agrifood.com.au\/#website"},"primaryImageOfPage":{"@id":"https:\/\/agrifood.com.au\/services\/#primaryimage"},"image":{"@id":"https:\/\/agrifood.com.au\/services\/#primaryimage"},"thumbnailUrl":"https:\/\/agrifood.com.au\/app\/uploads\/2025\/11\/hay-bale.jpg","datePublished":"2025-07-04T03:08:05+00:00","dateModified":"2025-12-04T01:56:42+00:00","breadcrumb":{"@id":"https:\/\/agrifood.com.au\/services\/#breadcrumb"},"inLanguage":"fr-FR","potentialAction":[{"@type":"ReadAction","target":["https:\/\/agrifood.com.au\/services\/"]}]},{"@type":"ImageObject","inLanguage":"fr-FR","@id":"https:\/\/agrifood.com.au\/services\/#primaryimage","url":"https:\/\/agrifood.com.au\/app\/uploads\/2025\/11\/hay-bale.jpg","contentUrl":"https:\/\/agrifood.com.au\/app\/uploads\/2025\/11\/hay-bale.jpg"},{"@type":"BreadcrumbList","@id":"https:\/\/agrifood.com.au\/services\/#breadcrumb","itemListElement":[{"@type":"ListItem","position":1,"name":"Home","item":"https:\/\/agrifood.com.au\/"},{"@type":"ListItem","position":2,"name":"Services"}]},{"@type":"WebSite","@id":"https:\/\/agrifood.com.au\/#website","url":"https:\/\/agrifood.com.au\/","name":"Technologie agroalimentaire","description":"","publisher":{"@id":"https:\/\/agrifood.com.au\/#organization"},"potentialAction":[{"@type":"SearchAction","target":{"@type":"EntryPoint","urlTemplate":"https:\/\/agrifood.com.au\/?s={search_term_string}"},"query-input":{"@type":"PropertyValueSpecification","valueRequired":true,"valueName":"search_term_string"}}],"inLanguage":"fr-FR"},{"@type":"Organization","@id":"https:\/\/agrifood.com.au\/#organization","name":"Technologie agroalimentaire","url":"https:\/\/agrifood.com.au\/","logo":{"@type":"ImageObject","inLanguage":"fr-FR","@id":"https:\/\/agrifood.com.au\/#\/schema\/logo\/image\/","url":"https:\/\/agrifood.com.au\/app\/uploads\/2025\/10\/Agrifood-News-Photo-scaled.png","contentUrl":"https:\/\/agrifood.com.au\/app\/uploads\/2025\/10\/Agrifood-News-Photo-scaled.png","width":2560,"height":1580,"caption":"Agrifood Technology"},"image":{"@id":"https:\/\/agrifood.com.au\/#\/schema\/logo\/image\/"}}]}},"_links":{"self":[{"href":"https:\/\/agrifood.com.au\/fr\/wp-json\/wp\/v2\/pages\/39","targetHints":{"allow":["GET"]}}],"collection":[{"href":"https:\/\/agrifood.com.au\/fr\/wp-json\/wp\/v2\/pages"}],"about":[{"href":"https:\/\/agrifood.com.au\/fr\/wp-json\/wp\/v2\/types\/page"}],"author":[{"embeddable":true,"href":"https:\/\/agrifood.com.au\/fr\/wp-json\/wp\/v2\/users\/1"}],"replies":[{"embeddable":true,"href":"https:\/\/agrifood.com.au\/fr\/wp-json\/wp\/v2\/comments?post=39"}],"version-history":[{"count":125,"href":"https:\/\/agrifood.com.au\/fr\/wp-json\/wp\/v2\/pages\/39\/revisions"}],"predecessor-version":[{"id":2766,"href":"https:\/\/agrifood.com.au\/fr\/wp-json\/wp\/v2\/pages\/39\/revisions\/2766"}],"wp:attachment":[{"href":"https:\/\/agrifood.com.au\/fr\/wp-json\/wp\/v2\/media?parent=39"}],"curies":[{"name":"wp","href":"https:\/\/api.w.org\/{rel}","templated":true}]}}