{"id":45,"date":"2025-07-04T03:09:01","date_gmt":"2025-07-04T03:09:01","guid":{"rendered":"https:\/\/agrifood.swim.net.au\/?page_id=45"},"modified":"2025-11-28T00:14:06","modified_gmt":"2025-11-28T00:14:06","slug":"contact","status":"publish","type":"page","link":"https:\/\/agrifood.com.au\/fr\/contact\/","title":{"rendered":"Contact"},"content":{"rendered":"<div class=\"wp-block-group is-style-boxed is-layout-constrained wp-block-group-is-layout-constrained\">\n<div class=\"wp-block-columns is-layout-flex wp-container-core-columns-is-layout-9d6595d7 wp-block-columns-is-layout-flex\">\n<div class=\"wp-block-column is-layout-flow wp-block-column-is-layout-flow\">\n<h2 class=\"wp-block-heading\">Prendre contact<\/h2>\n\n\n\n<p>Contactez notre \u00e9quipe de vente d\u00e8s aujourd'hui pour obtenir plus d'informations sur la mani\u00e8re dont nous pouvons vous aider dans votre prochain projet. En remplissant le formulaire, nous pouvons nous assurer que votre demande est rapidement dirig\u00e9e vers le repr\u00e9sentant appropri\u00e9.&nbsp;<br><br>Si vous pr\u00e9f\u00e9rez contacter directement une agence particuli\u00e8re, vous trouverez ses coordonn\u00e9es ci-dessous.<\/p>\n<\/div>\n\n\n\n<div class=\"wp-block-column is-layout-flow wp-block-column-is-layout-flow\">\n<div class=\"wp-block-contact-form-7-contact-form-selector\">\n<div class=\"wpcf7 no-js\" id=\"wpcf7-f13-o1\" lang=\"en-US\" dir=\"ltr\" data-wpcf7-id=\"13\">\n<div class=\"screen-reader-response\"><p role=\"status\" aria-live=\"polite\" aria-atomic=\"true\"><\/p> <ul><\/ul><\/div>\n<form action=\"\/fr\/wp-json\/wp\/v2\/pages\/45#wpcf7-f13-o1\" method=\"post\" class=\"wpcf7-form init\" aria-label=\"Formulaire de contact\" novalidate=\"novalidate\" data-status=\"init\" data-trp-original-action=\"\/fr\/wp-json\/wp\/v2\/pages\/45#wpcf7-f13-o1\">\n<fieldset class=\"hidden-fields-container\"><input type=\"hidden\" name=\"_wpcf7\" value=\"13\" \/><input type=\"hidden\" name=\"_wpcf7_version\" value=\"6.1.5\" \/><input type=\"hidden\" name=\"_wpcf7_locale\" value=\"en_US\" \/><input type=\"hidden\" name=\"_wpcf7_unit_tag\" value=\"wpcf7-f13-o1\" \/><input type=\"hidden\" name=\"_wpcf7_container_post\" value=\"0\" \/><input type=\"hidden\" name=\"_wpcf7_posted_data_hash\" value=\"\" \/><input type=\"hidden\" name=\"_wpcf7_recaptcha_response\" value=\"\" \/>\n<\/fieldset>\n<div class=\"uacf7-form-wrapper-container uacf7-form-13\"><div class=\"form-group\">\n  <span class=\"wpcf7-form-control-wrap\" data-name=\"first-name\"><input size=\"40\" maxlength=\"400\" class=\"wpcf7-form-control wpcf7-text wpcf7-validates-as-required\" aria-required=\"true\" aria-invalid=\"false\" placeholder=\"Pr\u00e9nom\" value=\"\" type=\"text\" name=\"first-name\" \/><\/span>\n<\/div>\n\n<div class=\"form-group\">\n  <span class=\"wpcf7-form-control-wrap\" data-name=\"last-name\"><input size=\"40\" maxlength=\"400\" class=\"wpcf7-form-control wpcf7-text wpcf7-validates-as-required\" aria-required=\"true\" aria-invalid=\"false\" placeholder=\"Nom de famille\" value=\"\" type=\"text\" name=\"last-name\" \/><\/span>\n<\/div>\n\n<div class=\"form-group\">\n  <span class=\"wpcf7-form-control-wrap\" data-name=\"company\"><input size=\"40\" maxlength=\"400\" class=\"wpcf7-form-control wpcf7-text wpcf7-validates-as-required\" aria-required=\"true\" aria-invalid=\"false\" placeholder=\"Entreprise\" value=\"\" type=\"text\" name=\"company\" \/><\/span>\n<\/div>\n\n<div class=\"form-group\">\n  <span class=\"wpcf7-form-control-wrap\" data-name=\"abn\"><input size=\"40\" maxlength=\"400\" class=\"wpcf7-form-control wpcf7-text\" aria-invalid=\"false\" placeholder=\"ABN (facultatif)\" value=\"\" type=\"text\" name=\"abn\" \/><\/span>\n<\/div>\n\n<div class=\"form-group\">\n  <span class=\"wpcf7-form-control-wrap\" data-name=\"your-email\"><input size=\"40\" maxlength=\"400\" class=\"wpcf7-form-control wpcf7-email wpcf7-validates-as-required wpcf7-text wpcf7-validates-as-email\" aria-required=\"true\" aria-invalid=\"false\" placeholder=\"Courriel\" value=\"\" type=\"email\" name=\"your-email\" \/><\/span>\n<\/div>\n\n<div class=\"form-group\">\n  <span class=\"wpcf7-form-control-wrap\" data-name=\"phone\"><input size=\"40\" maxlength=\"400\" class=\"wpcf7-form-control wpcf7-text wpcf7-validates-as-required\" aria-required=\"true\" aria-invalid=\"false\" placeholder=\"T\u00e9l\u00e9phone\" value=\"\" type=\"text\" name=\"phone\" \/><\/span>\n<\/div>\n\n<div class=\"form-group\">\n  <span class=\"wpcf7-form-control-wrap\" data-name=\"postal-address\"><input size=\"40\" maxlength=\"400\" class=\"wpcf7-form-control wpcf7-text wpcf7-validates-as-required\" aria-required=\"true\" aria-invalid=\"false\" placeholder=\"Adresse postale\" value=\"\" type=\"text\" name=\"postal-address\" \/><\/span>\n<\/div>\n\n<div class=\"form-group\">\n  <label>\u00c9tat ou lieu ?<\/label><br>\n  <span class=\"wpcf7-form-control-wrap\" data-name=\"location\"><select class=\"wpcf7-form-control wpcf7-select wpcf7-validates-as-required\" aria-required=\"true\" aria-invalid=\"false\" name=\"location\"><option value=\"\">-Veuillez choisir une option-<\/option><option value=\"Victoria\">Victoria<\/option><option value=\"NSW\">NGS<\/option><option value=\"South Australia\">Australie m\u00e9ridionale<\/option><option value=\"Western Australia\">Australie occidentale<\/option><option value=\"Tasmania\">Tasmanie<\/option><option value=\"Queensland\">Queensland<\/option><option value=\"ACT\">ACT<\/option><option value=\"NT\">NT<\/option><option value=\"Other\">Autres<\/option><\/select><\/span>\n<\/div>\n\n<div class=\"form-group\">\n  <label>Type de client<\/label><br>\n  <span class=\"wpcf7-form-control-wrap\" data-name=\"customer-type\"><select class=\"wpcf7-form-control wpcf7-select wpcf7-validates-as-required\" aria-required=\"true\" aria-invalid=\"false\" name=\"customer-type\"><option value=\"\">-Veuillez choisir une option-<\/option><option value=\"New Customer\">Nouveau client<\/option><option value=\"Existing Customer\">Client existant<\/option><\/select><\/span>\n<\/div>\n\n<div class=\"form-group\">\n  <label>Que pouvons-nous faire pour vous ?<\/label><br>\n  <span class=\"wpcf7-form-control-wrap\" data-name=\"enquiry-type\"><select class=\"wpcf7-form-control wpcf7-select wpcf7-validates-as-required\" aria-required=\"true\" aria-invalid=\"false\" name=\"enquiry-type\"><option value=\"\">-Veuillez choisir une option-<\/option><option value=\"Agro-Nutritional Testing\">Tests agro-nutritionnels<\/option><option value=\"Food Safety Testing\">Tests de s\u00e9curit\u00e9 alimentaire<\/option><option value=\"Grain Testing\">Contr\u00f4le des grains<\/option><option value=\"Microbiological Testing\">Tests microbiologiques<\/option><option value=\"Nutritional Testing\">Tests nutritionnels<\/option><option value=\"General Enquiry\">Demande de renseignements g\u00e9n\u00e9raux<\/option><option value=\"Quote\">Citation<\/option><\/select><\/span>\n<\/div>\n\n<div class=\"form-group\">\n  <span class=\"wpcf7-form-control-wrap\" data-name=\"your-message\"><textarea cols=\"40\" rows=\"10\" maxlength=\"2000\" class=\"wpcf7-form-control wpcf7-textarea\" aria-invalid=\"false\" placeholder=\"Description du projet\/de l&#039;essai\" name=\"your-message\"><\/textarea><\/span>\n<\/div>\n\n<div class=\"form-group acceptance-group\">\n  <span class=\"wpcf7-form-control-wrap\" data-name=\"consent\"><span class=\"wpcf7-form-control wpcf7-acceptance\"><span class=\"wpcf7-list-item\"><label><input type=\"checkbox\" name=\"consent\" value=\"1\" aria-invalid=\"false\" \/><span class=\"wpcf7-list-item-label\">En soumettant ce formulaire, vous acceptez de recevoir des informations\/courriers \u00e9lectroniques de la part d'AWTA Ltd, qui op\u00e8re sous le nom d'Agrifood Technology, et vous pouvez vous d\u00e9sinscrire \u00e0 tout moment.\n  Voir notre <a href=\"https:\/\/awta.com.au\/privacy-policy\/\" target=\"_blank\">Politique de confidentialit\u00e9<\/a>.<\/span><\/label><\/span><\/span><\/span>\n<\/div>\n\n<div class=\"form-group submit-group\">\n  <input class=\"wpcf7-form-control wpcf7-submit has-spinner\" type=\"submit\" value=\"Nous contacter\" \/>\n<\/div><\/div><div class=\"wpcf7-response-output\" aria-hidden=\"true\"><\/div>\n<input type=\"hidden\" name=\"trp-form-language\" value=\"fr\"\/><\/form>\n<\/div>\n<\/div>\n<\/div>\n<\/div>\n\n\n\n<div class=\"wp-block-columns is-layout-flex wp-container-core-columns-is-layout-9d6595d7 wp-block-columns-is-layout-flex\">\n<div class=\"wp-block-column is-vertically-aligned-top is-layout-flow wp-block-column-is-layout-flow\">\n<h3 class=\"wp-block-heading\" id=\"equipment\">Laboratoire de Victoria<\/h3>\n\n\n\n<h4 class=\"wp-block-heading\">Derrimut<\/h4>\n\n\n\n<div class=\"contact-section\">\n<div class=\"address\"><img decoding=\"async\" src=\"\/app\/uploads\/2025\/09\/map-pin-1-1.png\"\/><span>525 Mt Derrimut Rd,\nDerrimut, VIC 3026, Australie<\/span><\/div>\n<\/div>\n\n\n\n<div class=\"contact-section\">\n<div class=\"phone\"><img decoding=\"async\" src=\"\/app\/uploads\/2025\/09\/phone-2.png\"\/><span><a href=\"tel:1800801312\">1800 801 312<\/a><\/span><\/div>\n<div class=\"email\"><img decoding=\"async\" src=\"\/app\/uploads\/2025\/09\/mail-4.png\"\/><span><a href=\"mailto:lab.vic@agrifood.com.au\">lab.vic@agrifood.com.au<\/a><\/span><\/div>\n<\/div>\n\n\n\n<h4 class=\"wp-block-heading\">Werribee<\/h4>\n\n\n\n<div class=\"contact-section\"><div class=\"address\"><img decoding=\"async\" src=\"\/app\/uploads\/2025\/09\/map-pin-1-1.png\"\/><span>260 Princes Highway,\nWerribee, VIC 3030, Australie<\/span><\/div>\n<\/div>\n<\/div>\n\n\n\n<div class=\"wp-block-column is-vertically-aligned-top is-layout-flow wp-block-column-is-layout-flow\">\n<iframe loading=\"lazy\" src=\"https:\/\/snazzymaps.com\/embed\/726390\" width=\"100%\" height=\"351px\" style=\"border:none;\"><\/iframe>\n<\/div>\n<\/div>\n\n\n\n<div class=\"wp-block-columns is-layout-flex wp-container-core-columns-is-layout-9d6595d7 wp-block-columns-is-layout-flex\">\n<div class=\"wp-block-column is-vertically-aligned-top is-layout-flow wp-block-column-is-layout-flow\">\n<h3 class=\"wp-block-heading\" id=\"equipment\">Laboratoire d'Australie occidentale<\/h3>\n\n\n\n<div class=\"contact-section\"><div class=\"address\"><img decoding=\"async\" src=\"\/app\/uploads\/2025\/09\/map-pin-1-1.png\"\/><span>38 Clark Crt, Bibra Lake,\nWA 6163, Australie<\/span><\/div>\n<div class=\"phone\"><img decoding=\"async\" src=\"\/app\/uploads\/2025\/09\/phone-2.png\"\/><span><a href=\"tel:+61894185333\">+61 (8) 9418 5333<\/a><\/span><\/div>\n<div class=\"email\"><img decoding=\"async\" src=\"\/app\/uploads\/2025\/09\/mail-4.png\"\/><span><a href=\"mailto:lab.wa@agrifood.com.au\">lab.wa@agrifood.com.au<\/a><\/span><\/div>\n<\/div>\n<\/div>\n\n\n\n<div class=\"wp-block-column is-vertically-aligned-top is-layout-flow wp-block-column-is-layout-flow\">\n<iframe loading=\"lazy\" src=\"https:\/\/snazzymaps.com\/embed\/726391\" width=\"100%\" height=\"351px\" style=\"border:none;\"><\/iframe>\n<\/div>\n<\/div>\n\n\n\n<div class=\"wp-block-columns is-layout-flex wp-container-core-columns-is-layout-9d6595d7 wp-block-columns-is-layout-flex\">\n<div class=\"wp-block-column is-vertically-aligned-top is-layout-flow wp-block-column-is-layout-flow\">\n<h3 class=\"wp-block-heading\" id=\"equipment\">Laboratoire du Queensland<\/h3>\n\n\n\n<div class=\"contact-section\"><div class=\"address\"><img decoding=\"async\" src=\"\/app\/uploads\/2025\/09\/map-pin-1-1.png\"\/><span>53 Canberra St, Hemmant,\nQLD 4174, Australie<\/span><\/div>\n<div class=\"phone\"><img decoding=\"async\" src=\"\/app\/uploads\/2025\/09\/phone-2.png\"\/><span><a href=\"tel:+61731079928\">+61 (7) 3107 9928<\/a><\/span><\/div>\n<div class=\"email\"><img decoding=\"async\" src=\"\/app\/uploads\/2025\/09\/mail-4.png\"\/><span><a href=\"mailto:lab.mel@awta.com.au\">lab.qld@agrifood.com.au<\/a><\/span><\/div>\n<\/div>\n<\/div>\n\n\n\n<div class=\"wp-block-column is-vertically-aligned-top is-layout-flow wp-block-column-is-layout-flow\">\n<iframe loading=\"lazy\" src=\"https:\/\/snazzymaps.com\/embed\/726392\" width=\"100%\" height=\"351px\" style=\"border:none;\"><\/iframe>\n<\/div>\n<\/div>\n\n\n\n<h2 class=\"wp-block-heading\">Contacter FeedTest<\/h2>\n\n\n\n<div class=\"wp-block-columns is-layout-flex wp-container-core-columns-is-layout-9d6595d7 wp-block-columns-is-layout-flex\">\n<div class=\"wp-block-column is-layout-flow wp-block-column-is-layout-flow\">\n<h3 class=\"wp-block-heading\">Laboratoire FeedTest<\/h3>\n\n\n\n<div class=\"contact-section\"><div class=\"address\"><img decoding=\"async\" src=\"\/app\/uploads\/2025\/09\/map-pin-1-1.png\"\/><span>260 Princes Highway,\nWerribee, VIC 3030, Australie<\/span><\/div>\n<div class=\"phone\"><img decoding=\"async\" src=\"\/app\/uploads\/2025\/09\/phone-2.png\"\/><span><a href=\"tel:1300655474\">1300 655 474<\/a><\/span><\/div>\n<div class=\"email\"><img decoding=\"async\" src=\"\/app\/uploads\/2025\/09\/mail-4.png\"\/><span><a href=\"mailto:feed.test@agrifood.com.au\">feed.test@agrifood.com.au<\/a><\/span><\/div>\n<\/div>\n\n\n\n<iframe loading=\"lazy\" src=\"https:\/\/snazzymaps.com\/embed\/741176\" width=\"100%\" height=\"351px\" style=\"border:none;\"><\/iframe>\n<\/div>\n\n\n\n<div class=\"wp-block-column is-layout-flow wp-block-column-is-layout-flow\">\n<p>Veuillez contacter FeedTest en utilisant le formulaire ci-dessous.<br>* Indique un champ obligatoire.<\/p>\n\n\n\n<div class=\"wp-block-contact-form-7-contact-form-selector\">\n<div class=\"wpcf7 no-js\" id=\"wpcf7-f1821-o2\" lang=\"en-US\" dir=\"ltr\" data-wpcf7-id=\"1821\">\n<div class=\"screen-reader-response\"><p role=\"status\" aria-live=\"polite\" aria-atomic=\"true\"><\/p> <ul><\/ul><\/div>\n<form action=\"\/fr\/wp-json\/wp\/v2\/pages\/45#wpcf7-f1821-o2\" method=\"post\" class=\"wpcf7-form init\" aria-label=\"Formulaire de contact\" novalidate=\"novalidate\" data-status=\"init\" data-trp-original-action=\"\/fr\/wp-json\/wp\/v2\/pages\/45#wpcf7-f1821-o2\">\n<fieldset class=\"hidden-fields-container\"><input type=\"hidden\" name=\"_wpcf7\" value=\"1821\" \/><input type=\"hidden\" name=\"_wpcf7_version\" value=\"6.1.5\" \/><input type=\"hidden\" name=\"_wpcf7_locale\" value=\"en_US\" \/><input type=\"hidden\" name=\"_wpcf7_unit_tag\" value=\"wpcf7-f1821-o2\" \/><input type=\"hidden\" name=\"_wpcf7_container_post\" value=\"0\" \/><input type=\"hidden\" name=\"_wpcf7_posted_data_hash\" value=\"\" \/><input type=\"hidden\" name=\"_wpcf7_recaptcha_response\" value=\"\" \/>\n<\/fieldset>\n<div class=\"uacf7-form-wrapper-container uacf7-form-1821\"><div class=\"form-group\">\n  <span class=\"wpcf7-form-control-wrap\" data-name=\"full-name\"><input size=\"40\" maxlength=\"400\" class=\"wpcf7-form-control wpcf7-text wpcf7-validates-as-required\" aria-required=\"true\" aria-invalid=\"false\" placeholder=\"Nom complet*\" value=\"\" type=\"text\" name=\"full-name\" \/><\/span>\n<\/div>\n\n<div class=\"form-group\">\n  <span class=\"wpcf7-form-control-wrap\" data-name=\"your-email\"><input size=\"40\" maxlength=\"400\" class=\"wpcf7-form-control wpcf7-email wpcf7-validates-as-required wpcf7-text wpcf7-validates-as-email\" autocomplete=\"email\" aria-required=\"true\" aria-invalid=\"false\" placeholder=\"Courriel*\" value=\"\" type=\"email\" name=\"your-email\" \/><\/span>\n<\/div>\n\n<div class=\"form-group\">\n  <span class=\"wpcf7-form-control-wrap\" data-name=\"phone\"><input size=\"40\" maxlength=\"400\" class=\"wpcf7-form-control wpcf7-text wpcf7-validates-as-required\" aria-required=\"true\" aria-invalid=\"false\" placeholder=\"T\u00e9l\u00e9phone*\" value=\"\" type=\"text\" name=\"phone\" \/><\/span>\n<\/div>\n\n<div class=\"form-group\">\n  <span class=\"wpcf7-form-control-wrap\" data-name=\"subject\"><input size=\"40\" maxlength=\"400\" class=\"wpcf7-form-control wpcf7-text\" aria-invalid=\"false\" placeholder=\"Saisir un sujet\" value=\"\" type=\"text\" name=\"subject\" \/><\/span>\n<\/div>\n\n<div class=\"form-group\">\n  <label>R\u00e9pondu par :<\/label><br>\n  <span class=\"wpcf7-form-control-wrap\" data-name=\"responded\"><select class=\"wpcf7-form-control wpcf7-select wpcf7-validates-as-required\" aria-required=\"true\" aria-invalid=\"false\" name=\"responded\"><option value=\"\">-Veuillez choisir une option-<\/option><option value=\"Email\">Courriel<\/option><option value=\"Phone\">T\u00e9l\u00e9phone<\/option><\/select><\/span>\n<\/div>\n\n<div class=\"form-group acceptance-group\">\n  <span class=\"wpcf7-form-control-wrap\" data-name=\"consent\"><span class=\"wpcf7-form-control wpcf7-acceptance\"><span class=\"wpcf7-list-item\"><label><input type=\"checkbox\" name=\"consent\" value=\"1\" aria-invalid=\"false\" \/><span class=\"wpcf7-list-item-label\">En soumettant ce formulaire, vous acceptez de recevoir des informations\/emails de la part de AWTA Ltd t\/a FeedTest et vous pouvez vous d\u00e9sinscrire \u00e0 tout moment.\n  Voir notre <a href=\"https:\/\/awta.com.au\/privacy-policy\/\" target=\"_blank\">Politique de confidentialit\u00e9<\/a>.<\/span><\/label><\/span><\/span><\/span>\n<\/div>\n\n<div class=\"form-group submit-group\">\n  <input class=\"wpcf7-form-control wpcf7-submit has-spinner\" type=\"submit\" value=\"Nous contacter\" \/>\n<\/div><\/div><div class=\"wpcf7-response-output\" aria-hidden=\"true\"><\/div>\n<input type=\"hidden\" name=\"trp-form-language\" value=\"fr\"\/><\/form>\n<\/div>\n<\/div>\n<\/div>\n<\/div>\n<\/div>","protected":false},"excerpt":{"rendered":"<p>Get in Touch Get in touch with our sales team today for more information on how we can assist with your next project. By completing the form, we can ensure that your e\u2026<\/p>","protected":false},"author":1,"featured_media":0,"parent":0,"menu_order":0,"comment_status":"closed","ping_status":"closed","template":"","meta":{"_acf_changed":false,"footnotes":""},"class_list":["post-45","page","type-page","status-publish","hentry"],"acf":[],"yoast_head":"<!-- This site is optimized with the Yoast SEO plugin v27.0 - https:\/\/yoast.com\/product\/yoast-seo-wordpress\/ -->\n<title>Contact - Agrifood Technology<\/title>\n<meta name=\"robots\" content=\"index, follow, max-snippet:-1, max-image-preview:large, max-video-preview:-1\" \/>\n<link rel=\"canonical\" href=\"https:\/\/agrifood.com.au\/fr\/contact\/\" \/>\n<meta property=\"og:locale\" content=\"fr_FR\" \/>\n<meta property=\"og:type\" content=\"article\" \/>\n<meta property=\"og:title\" content=\"Contact - Agrifood Technology\" \/>\n<meta property=\"og:description\" content=\"Get in Touch Get in touch with our sales team today for more information on how we can assist with your next project. By completing the form, we can ensure that your e\u2026\" \/>\n<meta property=\"og:url\" content=\"https:\/\/agrifood.com.au\/fr\/contact\/\" \/>\n<meta property=\"og:site_name\" content=\"Agrifood Technology\" \/>\n<meta property=\"article:modified_time\" content=\"2025-11-28T00:14:06+00:00\" \/>\n<meta name=\"twitter:card\" content=\"summary_large_image\" \/>\n<meta name=\"twitter:label1\" content=\"Est. reading time\" \/>\n\t<meta name=\"twitter:data1\" content=\"1 minute\" \/>\n<script type=\"application\/ld+json\" class=\"yoast-schema-graph\">{\"@context\":\"https:\/\/schema.org\",\"@graph\":[{\"@type\":\"WebPage\",\"@id\":\"https:\/\/agrifood.com.au\/contact\/\",\"url\":\"https:\/\/agrifood.com.au\/contact\/\",\"name\":\"Contact - Agrifood Technology\",\"isPartOf\":{\"@id\":\"https:\/\/agrifood.com.au\/#website\"},\"datePublished\":\"2025-07-04T03:09:01+00:00\",\"dateModified\":\"2025-11-28T00:14:06+00:00\",\"breadcrumb\":{\"@id\":\"https:\/\/agrifood.com.au\/contact\/#breadcrumb\"},\"inLanguage\":\"fr-FR\",\"potentialAction\":[{\"@type\":\"ReadAction\",\"target\":[\"https:\/\/agrifood.com.au\/contact\/\"]}]},{\"@type\":\"BreadcrumbList\",\"@id\":\"https:\/\/agrifood.com.au\/contact\/#breadcrumb\",\"itemListElement\":[{\"@type\":\"ListItem\",\"position\":1,\"name\":\"Home\",\"item\":\"https:\/\/agrifood.com.au\/\"},{\"@type\":\"ListItem\",\"position\":2,\"name\":\"Contact\"}]},{\"@type\":\"WebSite\",\"@id\":\"https:\/\/agrifood.com.au\/#website\",\"url\":\"https:\/\/agrifood.com.au\/\",\"name\":\"Agrifood Technology\",\"description\":\"\",\"publisher\":{\"@id\":\"https:\/\/agrifood.com.au\/#organization\"},\"potentialAction\":[{\"@type\":\"SearchAction\",\"target\":{\"@type\":\"EntryPoint\",\"urlTemplate\":\"https:\/\/agrifood.com.au\/?s={search_term_string}\"},\"query-input\":{\"@type\":\"PropertyValueSpecification\",\"valueRequired\":true,\"valueName\":\"search_term_string\"}}],\"inLanguage\":\"fr-FR\"},{\"@type\":\"Organization\",\"@id\":\"https:\/\/agrifood.com.au\/#organization\",\"name\":\"Agrifood Technology\",\"url\":\"https:\/\/agrifood.com.au\/\",\"logo\":{\"@type\":\"ImageObject\",\"inLanguage\":\"fr-FR\",\"@id\":\"https:\/\/agrifood.com.au\/#\/schema\/logo\/image\/\",\"url\":\"https:\/\/agrifood.com.au\/app\/uploads\/2025\/10\/Agrifood-News-Photo-scaled.png\",\"contentUrl\":\"https:\/\/agrifood.com.au\/app\/uploads\/2025\/10\/Agrifood-News-Photo-scaled.png\",\"width\":2560,\"height\":1580,\"caption\":\"Agrifood Technology\"},\"image\":{\"@id\":\"https:\/\/agrifood.com.au\/#\/schema\/logo\/image\/\"}}]}<\/script>\n<!-- \/ Yoast SEO plugin. -->","yoast_head_json":{"title":"Contact - Agrifood Technology","robots":{"index":"index","follow":"follow","max-snippet":"max-snippet:-1","max-image-preview":"max-image-preview:large","max-video-preview":"max-video-preview:-1"},"canonical":"https:\/\/agrifood.com.au\/fr\/contact\/","og_locale":"fr_FR","og_type":"article","og_title":"Contact - Agrifood Technology","og_description":"Get in Touch Get in touch with our sales team today for more information on how we can assist with your next project. By completing the form, we can ensure that your e\u2026","og_url":"https:\/\/agrifood.com.au\/fr\/contact\/","og_site_name":"Agrifood Technology","article_modified_time":"2025-11-28T00:14:06+00:00","twitter_card":"summary_large_image","twitter_misc":{"Est. reading time":"1 minute"},"schema":{"@context":"https:\/\/schema.org","@graph":[{"@type":"WebPage","@id":"https:\/\/agrifood.com.au\/contact\/","url":"https:\/\/agrifood.com.au\/contact\/","name":"Contact - Agrifood Technology","isPartOf":{"@id":"https:\/\/agrifood.com.au\/#website"},"datePublished":"2025-07-04T03:09:01+00:00","dateModified":"2025-11-28T00:14:06+00:00","breadcrumb":{"@id":"https:\/\/agrifood.com.au\/contact\/#breadcrumb"},"inLanguage":"fr-FR","potentialAction":[{"@type":"ReadAction","target":["https:\/\/agrifood.com.au\/contact\/"]}]},{"@type":"BreadcrumbList","@id":"https:\/\/agrifood.com.au\/contact\/#breadcrumb","itemListElement":[{"@type":"ListItem","position":1,"name":"Home","item":"https:\/\/agrifood.com.au\/"},{"@type":"ListItem","position":2,"name":"Contact"}]},{"@type":"WebSite","@id":"https:\/\/agrifood.com.au\/#website","url":"https:\/\/agrifood.com.au\/","name":"Technologie agroalimentaire","description":"","publisher":{"@id":"https:\/\/agrifood.com.au\/#organization"},"potentialAction":[{"@type":"SearchAction","target":{"@type":"EntryPoint","urlTemplate":"https:\/\/agrifood.com.au\/?s={search_term_string}"},"query-input":{"@type":"PropertyValueSpecification","valueRequired":true,"valueName":"search_term_string"}}],"inLanguage":"fr-FR"},{"@type":"Organization","@id":"https:\/\/agrifood.com.au\/#organization","name":"Technologie agroalimentaire","url":"https:\/\/agrifood.com.au\/","logo":{"@type":"ImageObject","inLanguage":"fr-FR","@id":"https:\/\/agrifood.com.au\/#\/schema\/logo\/image\/","url":"https:\/\/agrifood.com.au\/app\/uploads\/2025\/10\/Agrifood-News-Photo-scaled.png","contentUrl":"https:\/\/agrifood.com.au\/app\/uploads\/2025\/10\/Agrifood-News-Photo-scaled.png","width":2560,"height":1580,"caption":"Agrifood Technology"},"image":{"@id":"https:\/\/agrifood.com.au\/#\/schema\/logo\/image\/"}}]}},"_links":{"self":[{"href":"https:\/\/agrifood.com.au\/fr\/wp-json\/wp\/v2\/pages\/45","targetHints":{"allow":["GET"]}}],"collection":[{"href":"https:\/\/agrifood.com.au\/fr\/wp-json\/wp\/v2\/pages"}],"about":[{"href":"https:\/\/agrifood.com.au\/fr\/wp-json\/wp\/v2\/types\/page"}],"author":[{"embeddable":true,"href":"https:\/\/agrifood.com.au\/fr\/wp-json\/wp\/v2\/users\/1"}],"replies":[{"embeddable":true,"href":"https:\/\/agrifood.com.au\/fr\/wp-json\/wp\/v2\/comments?post=45"}],"version-history":[{"count":41,"href":"https:\/\/agrifood.com.au\/fr\/wp-json\/wp\/v2\/pages\/45\/revisions"}],"predecessor-version":[{"id":2724,"href":"https:\/\/agrifood.com.au\/fr\/wp-json\/wp\/v2\/pages\/45\/revisions\/2724"}],"wp:attachment":[{"href":"https:\/\/agrifood.com.au\/fr\/wp-json\/wp\/v2\/media?parent=45"}],"curies":[{"name":"wp","href":"https:\/\/api.w.org\/{rel}","templated":true}]}}