{"id":530,"date":"2025-08-07T10:18:55","date_gmt":"2025-08-07T10:18:55","guid":{"rendered":"https:\/\/agrifood.swim.net.au\/?page_id=530"},"modified":"2025-11-26T05:27:12","modified_gmt":"2025-11-26T05:27:12","slug":"processed-foods","status":"publish","type":"page","link":"https:\/\/agrifood.com.au\/fr\/processed-foods\/","title":{"rendered":"Aliments transform\u00e9s"},"content":{"rendered":"<div class=\"wp-block-group is-style-boxed is-layout-constrained wp-block-group-is-layout-constrained\">\n<div class=\"wp-block-columns is-layout-flex wp-container-core-columns-is-layout-9d6595d7 wp-block-columns-is-layout-flex\">\n<div class=\"wp-block-column is-layout-flow wp-block-column-is-layout-flow\">\n<p>Les aliments transform\u00e9s constituent une industrie de plusieurs milliards de dollars en Australie et comprennent tous les produits alimentaires qui subissent une transformation minimale, mod\u00e9r\u00e9e ou \u00e9lev\u00e9e, comme les fruits coup\u00e9s, les produits de boulangerie et les repas pr\u00eats \u00e0 consommer.<\/p>\n\n\n\n<p>Agrifood Technology est un laboratoire d'essai accr\u00e9dit\u00e9 par la NATA qui r\u00e9alise une s\u00e9rie de tests adapt\u00e9s \u00e0 ce secteur.<\/p>\n\n\n\n<p>Agrifood Technology peut vous aider \u00e0 garantir que vos produits alimentaires r\u00e9pondent aux normes de qualit\u00e9 et de s\u00e9curit\u00e9 et \u00e0 valider vos all\u00e9gations en mati\u00e8re de sant\u00e9 et de nutrition.&nbsp;<\/p>\n\n\n\n<p>Nous disposons de services d'analyse sp\u00e9cialis\u00e9s pour toutes les sous-sections du secteur des produits alimentaires transform\u00e9s, notamment<\/p>\n\n\n\n<ul class=\"wp-block-list\">\n<li>Aliments pour animaux<\/li>\n\n\n\n<li>Jus et boissons<\/li>\n\n\n\n<li>Viande, volaille et petites marchandises<\/li>\n\n\n\n<li>Repas pr\u00eats \u00e0 consommer<\/li>\n\n\n\n<li>Chocolat et confiserie<\/li>\n\n\n\n<li>Produits laitiers<\/li>\n<\/ul>\n<\/div>\n\n\n\n<div class=\"wp-block-column is-layout-flow wp-block-column-is-layout-flow\">\n<figure class=\"wp-block-image size-full\"><img loading=\"lazy\" decoding=\"async\" width=\"1254\" height=\"836\" src=\"https:\/\/agrifood.com.au\/app\/uploads\/2025\/11\/Nutrional-Label-shopping-1.jpg\" alt=\"\" class=\"wp-image-2419\" srcset=\"https:\/\/agrifood.com.au\/app\/uploads\/2025\/11\/Nutrional-Label-shopping-1.jpg 1254w, https:\/\/agrifood.com.au\/app\/uploads\/2025\/11\/Nutrional-Label-shopping-1-300x200.jpg 300w, https:\/\/agrifood.com.au\/app\/uploads\/2025\/11\/Nutrional-Label-shopping-1-1024x683.jpg 1024w, https:\/\/agrifood.com.au\/app\/uploads\/2025\/11\/Nutrional-Label-shopping-1-768x512.jpg 768w, https:\/\/agrifood.com.au\/app\/uploads\/2025\/11\/Nutrional-Label-shopping-1-18x12.jpg 18w\" sizes=\"auto, (max-width: 1254px) 100vw, 1254px\" \/><\/figure>\n<\/div>\n<\/div>\n<\/div>\n\n\n\n<div class=\"wp-block-group is-style-carousel is-layout-constrained wp-block-group-is-layout-constrained\"><div class=\"carousel-slider-outer carousel-slider-outer-image-carousel carousel-slider-outer-2042\" style=\"--carousel-slider-nav-color:rgb(30,115,190);--carousel-slider-active-nav-color:rgb(40,155,255);--carousel-slider-arrow-size:48px;--carousel-slider-bullet-size:10px\">\n<div id=\"&#039;id-2042\" class=\"carousel-slider carousel-slider-2042 arrows-visibility-always dots-visibility-never arrows-outside dots-center dots-circle owl-carousel\" data-slide-type=\"image-carousel\" data-owl-settings='{\"nav\":true,\"dots\":false,\"slideBy\":1,\"stagePadding\":30,\"margin\":10,\"loop\":false,\"lazyLoad\":false,\"autoplay\":false,\"autoplayTimeout\":5000,\"autoplaySpeed\":500,\"autoplayHoverPause\":false,\"autoWidth\":true,\"responsive\":{\"300\":{\"items\":1},\"576\":{\"items\":2},\"768\":{\"items\":2},\"1024\":{\"items\":3},\"1280\":{\"items\":4},\"1536\":{\"items\":5}}}'>\n<div class=\"carousel-slider__item\">\n\t<a href=\"https:\/\/agrifood.com.au\/fr\/processed-foods\/pet-food\/\" target=\"_blank\"><img loading=\"lazy\" decoding=\"async\" width=\"300\" height=\"200\" src=\"https:\/\/agrifood.com.au\/app\/uploads\/2025\/11\/AdobeStock_139003545-300x200.jpeg\" class=\"attachment-medium size-medium\" alt=\"\" srcset=\"https:\/\/agrifood.com.au\/app\/uploads\/2025\/11\/AdobeStock_139003545-300x200.jpeg 300w, https:\/\/agrifood.com.au\/app\/uploads\/2025\/11\/AdobeStock_139003545-1024x683.jpeg 1024w, https:\/\/agrifood.com.au\/app\/uploads\/2025\/11\/AdobeStock_139003545-768x512.jpeg 768w, https:\/\/agrifood.com.au\/app\/uploads\/2025\/11\/AdobeStock_139003545-1536x1024.jpeg 1536w, https:\/\/agrifood.com.au\/app\/uploads\/2025\/11\/AdobeStock_139003545-2048x1366.jpeg 2048w, https:\/\/agrifood.com.au\/app\/uploads\/2025\/11\/AdobeStock_139003545-18x12.jpeg 18w, https:\/\/agrifood.com.au\/app\/uploads\/2025\/11\/AdobeStock_139003545-scaled.jpeg 2560w\" sizes=\"auto, (max-width: 300px) 100vw, 300px\" \/><div class=\"carousel-slider__caption\"><h4 class=\"title\">Aliments pour animaux<\/h4><p class=\"caption\"><\/p><\/div><\/a><\/div>\n\n<div class=\"carousel-slider__item\">\n\t<a href=\"https:\/\/agrifood.com.au\/fr\/processed-foods\/juices-and-beverages\/\" target=\"_blank\"><img loading=\"lazy\" decoding=\"async\" width=\"300\" height=\"174\" src=\"https:\/\/agrifood.com.au\/app\/uploads\/2025\/09\/Womans-hands-pour-freshly-prepared-tasty-and-healthy-juice-into-a-glass.-Healthy-fruit-juices-at-home.-Close-up.-Selective-focus-300x174.jpg\" class=\"attachment-medium size-medium\" alt=\"\" srcset=\"https:\/\/agrifood.com.au\/app\/uploads\/2025\/09\/Womans-hands-pour-freshly-prepared-tasty-and-healthy-juice-into-a-glass.-Healthy-fruit-juices-at-home.-Close-up.-Selective-focus-300x174.jpg 300w, https:\/\/agrifood.com.au\/app\/uploads\/2025\/09\/Womans-hands-pour-freshly-prepared-tasty-and-healthy-juice-into-a-glass.-Healthy-fruit-juices-at-home.-Close-up.-Selective-focus-18x10.jpg 18w, https:\/\/agrifood.com.au\/app\/uploads\/2025\/09\/Womans-hands-pour-freshly-prepared-tasty-and-healthy-juice-into-a-glass.-Healthy-fruit-juices-at-home.-Close-up.-Selective-focus.jpg 619w\" sizes=\"auto, (max-width: 300px) 100vw, 300px\" \/><div class=\"carousel-slider__caption\"><h4 class=\"title\">Jus et boissons<\/h4><p class=\"caption\"><\/p><\/div><\/a><\/div>\n\n<div class=\"carousel-slider__item\">\n\t<a href=\"https:\/\/agrifood.com.au\/fr\/processed-foods\/meat-poultry-and-small-goods\/\" target=\"_blank\"><img loading=\"lazy\" decoding=\"async\" width=\"300\" height=\"199\" src=\"https:\/\/agrifood.com.au\/app\/uploads\/2025\/09\/240_F_534728203_bUPDwsvTXaIwl9tZ9jKAqJ0kSsi7Bmvg-1-300x199.jpg\" class=\"attachment-medium size-medium\" alt=\"\" srcset=\"https:\/\/agrifood.com.au\/app\/uploads\/2025\/09\/240_F_534728203_bUPDwsvTXaIwl9tZ9jKAqJ0kSsi7Bmvg-1-300x199.jpg 300w, https:\/\/agrifood.com.au\/app\/uploads\/2025\/09\/240_F_534728203_bUPDwsvTXaIwl9tZ9jKAqJ0kSsi7Bmvg-1-18x12.jpg 18w, https:\/\/agrifood.com.au\/app\/uploads\/2025\/09\/240_F_534728203_bUPDwsvTXaIwl9tZ9jKAqJ0kSsi7Bmvg-1.jpg 361w\" sizes=\"auto, (max-width: 300px) 100vw, 300px\" \/><div class=\"carousel-slider__caption\"><h4 class=\"title\">Viande, volaille et petites marchandises<\/h4><p class=\"caption\"><\/p><\/div><\/a><\/div>\n\n<div class=\"carousel-slider__item\">\n\t<a href=\"https:\/\/agrifood.com.au\/fr\/processed-foods\/ready-to-eat-meals\/\" target=\"_blank\"><img loading=\"lazy\" decoding=\"async\" width=\"300\" height=\"182\" src=\"https:\/\/agrifood.com.au\/app\/uploads\/2025\/09\/ready_to_eat_meals-1-300x182.jpg\" class=\"attachment-medium size-medium\" alt=\"\" srcset=\"https:\/\/agrifood.com.au\/app\/uploads\/2025\/09\/ready_to_eat_meals-1-300x182.jpg 300w, https:\/\/agrifood.com.au\/app\/uploads\/2025\/09\/ready_to_eat_meals-1-1024x622.jpg 1024w, https:\/\/agrifood.com.au\/app\/uploads\/2025\/09\/ready_to_eat_meals-1-768x466.jpg 768w, https:\/\/agrifood.com.au\/app\/uploads\/2025\/09\/ready_to_eat_meals-1-18x12.jpg 18w, https:\/\/agrifood.com.au\/app\/uploads\/2025\/09\/ready_to_eat_meals-1.jpg 1314w\" sizes=\"auto, (max-width: 300px) 100vw, 300px\" \/><div class=\"carousel-slider__caption\"><h4 class=\"title\">Repas pr\u00eats \u00e0 consommer<\/h4><p class=\"caption\"><\/p><\/div><\/a><\/div>\n\n<div class=\"carousel-slider__item\">\n\t<a href=\"https:\/\/agrifood.com.au\/fr\/processed-foods\/chocolate-and-confectionary\/\" target=\"_blank\"><img loading=\"lazy\" decoding=\"async\" width=\"300\" height=\"200\" src=\"https:\/\/agrifood.com.au\/app\/uploads\/2025\/09\/Selection-of-food-high-in-sugar-300x200.jpg\" class=\"attachment-medium size-medium\" alt=\"\" srcset=\"https:\/\/agrifood.com.au\/app\/uploads\/2025\/09\/Selection-of-food-high-in-sugar-300x200.jpg 300w, https:\/\/agrifood.com.au\/app\/uploads\/2025\/09\/Selection-of-food-high-in-sugar-18x12.jpg 18w, https:\/\/agrifood.com.au\/app\/uploads\/2025\/09\/Selection-of-food-high-in-sugar.jpg 540w\" sizes=\"auto, (max-width: 300px) 100vw, 300px\" \/><div class=\"carousel-slider__caption\"><h4 class=\"title\">Chocolat et confiserie<\/h4><p class=\"caption\"><\/p><\/div><\/a><\/div>\n\n<div class=\"carousel-slider__item\">\n\t<a href=\"https:\/\/agrifood.com.au\/fr\/processed-foods\/dairy-products\/\" target=\"_blank\"><img loading=\"lazy\" decoding=\"async\" width=\"240\" height=\"300\" src=\"https:\/\/agrifood.com.au\/app\/uploads\/2025\/11\/Milk-Carousel-image-240x300.jpg\" class=\"attachment-medium size-medium\" alt=\"\" srcset=\"https:\/\/agrifood.com.au\/app\/uploads\/2025\/11\/Milk-Carousel-image-240x300.jpg 240w, https:\/\/agrifood.com.au\/app\/uploads\/2025\/11\/Milk-Carousel-image-819x1024.jpg 819w, https:\/\/agrifood.com.au\/app\/uploads\/2025\/11\/Milk-Carousel-image-768x960.jpg 768w, https:\/\/agrifood.com.au\/app\/uploads\/2025\/11\/Milk-Carousel-image-1229x1536.jpg 1229w, https:\/\/agrifood.com.au\/app\/uploads\/2025\/11\/Milk-Carousel-image-1638x2048.jpg 1638w, https:\/\/agrifood.com.au\/app\/uploads\/2025\/11\/Milk-Carousel-image-10x12.jpg 10w, https:\/\/agrifood.com.au\/app\/uploads\/2025\/11\/Milk-Carousel-image-scaled.jpg 2048w\" sizes=\"auto, (max-width: 240px) 100vw, 240px\" \/><div class=\"carousel-slider__caption\"><h4 class=\"title\">Produits laitiers<\/h4><p class=\"caption\"><\/p><\/div><\/a><\/div>\n\n<\/div><!-- .carousel-slider-2042 -->\n<\/div><!-- .carousel-slider-outer-2042 -->\n\n<\/div>\n\n\n\n<div style=\"background-image:url(&apos;https:\/\/agrifood.com.au\/app\/uploads\/2025\/11\/1000_F_502186443_Kubg3Wl76uE8BYl1tcAuYYXgGKAaO6r4.jpg&apos;);background-size:cover;\" class=\"wp-block-group is-style-cta-banner is-layout-constrained wp-block-group-is-layout-constrained has-background\">\n<div class=\"wp-block-columns is-layout-flex wp-container-core-columns-is-layout-9d6595d7 wp-block-columns-is-layout-flex\">\n<div class=\"wp-block-column is-layout-flow wp-block-column-is-layout-flow\"><\/div>\n\n\n\n<div class=\"wp-block-column is-layout-flow wp-block-column-is-layout-flow\">\n<h2 class=\"wp-block-heading has-white-color has-text-color has-link-color wp-elements-7612da60a41737d324eb507b41b620c3\">La qualit\u00e9 compte.<br>Nous contacter.<\/h2>\n\n\n\n<p class=\"has-white-color has-text-color has-link-color wp-elements-7b92d9277914cc5d212b623bbe35f9da\">Prenez contact avec nous d\u00e8s aujourd'hui pour commencer.<\/p>\n\n\n\n<div class=\"wp-block-buttons is-layout-flex wp-block-buttons-is-layout-flex\">\n<div class=\"wp-block-button\"><a class=\"wp-block-button__link wp-element-button\" href=\"\/fr\/contact\/\">CONTACTEZ-NOUS<\/a><\/div>\n<\/div>\n<\/div>\n<\/div>\n<\/div>","protected":false},"excerpt":{"rendered":"<p>Processed food is a multi-billion-dollar industry in Australia and includes all food products that undergo minimal, moderate or high processing like cut fruits, baked\u2026<\/p>","protected":false},"author":1,"featured_media":0,"parent":0,"menu_order":0,"comment_status":"closed","ping_status":"closed","template":"","meta":{"_acf_changed":false,"footnotes":""},"class_list":["post-530","page","type-page","status-publish","hentry"],"acf":[],"yoast_head":"<!-- This site is optimized with the Yoast SEO plugin v27.0 - https:\/\/yoast.com\/product\/yoast-seo-wordpress\/ -->\n<title>Processed Foods - Agrifood Technology<\/title>\n<meta name=\"robots\" content=\"index, follow, max-snippet:-1, max-image-preview:large, max-video-preview:-1\" \/>\n<link rel=\"canonical\" href=\"https:\/\/agrifood.com.au\/fr\/processed-foods\/\" \/>\n<meta property=\"og:locale\" content=\"fr_FR\" \/>\n<meta property=\"og:type\" content=\"article\" \/>\n<meta property=\"og:title\" content=\"Processed Foods - Agrifood Technology\" \/>\n<meta property=\"og:description\" content=\"Processed food is a multi-billion-dollar industry in Australia and includes all food products that undergo minimal, moderate or high processing like cut fruits, baked\u2026\" \/>\n<meta property=\"og:url\" content=\"https:\/\/agrifood.com.au\/fr\/processed-foods\/\" \/>\n<meta property=\"og:site_name\" content=\"Agrifood Technology\" \/>\n<meta property=\"article:modified_time\" content=\"2025-11-26T05:27:12+00:00\" \/>\n<meta property=\"og:image\" content=\"https:\/\/agrifood.com.au\/app\/uploads\/2025\/11\/Nutrional-Label-shopping-1.jpg\" \/>\n\t<meta property=\"og:image:width\" content=\"1254\" \/>\n\t<meta property=\"og:image:height\" content=\"836\" \/>\n\t<meta property=\"og:image:type\" content=\"image\/jpeg\" \/>\n<meta name=\"twitter:card\" content=\"summary_large_image\" \/>\n<meta name=\"twitter:label1\" content=\"Est. reading time\" \/>\n\t<meta name=\"twitter:data1\" content=\"1 minute\" \/>\n<script type=\"application\/ld+json\" class=\"yoast-schema-graph\">{\"@context\":\"https:\/\/schema.org\",\"@graph\":[{\"@type\":\"WebPage\",\"@id\":\"https:\/\/agrifood.com.au\/processed-foods\/\",\"url\":\"https:\/\/agrifood.com.au\/processed-foods\/\",\"name\":\"Processed Foods - Agrifood Technology\",\"isPartOf\":{\"@id\":\"https:\/\/agrifood.com.au\/#website\"},\"primaryImageOfPage\":{\"@id\":\"https:\/\/agrifood.com.au\/processed-foods\/#primaryimage\"},\"image\":{\"@id\":\"https:\/\/agrifood.com.au\/processed-foods\/#primaryimage\"},\"thumbnailUrl\":\"https:\/\/agrifood.com.au\/app\/uploads\/2025\/11\/Nutrional-Label-shopping-1.jpg\",\"datePublished\":\"2025-08-07T10:18:55+00:00\",\"dateModified\":\"2025-11-26T05:27:12+00:00\",\"breadcrumb\":{\"@id\":\"https:\/\/agrifood.com.au\/processed-foods\/#breadcrumb\"},\"inLanguage\":\"fr-FR\",\"potentialAction\":[{\"@type\":\"ReadAction\",\"target\":[\"https:\/\/agrifood.com.au\/processed-foods\/\"]}]},{\"@type\":\"ImageObject\",\"inLanguage\":\"fr-FR\",\"@id\":\"https:\/\/agrifood.com.au\/processed-foods\/#primaryimage\",\"url\":\"https:\/\/agrifood.com.au\/app\/uploads\/2025\/11\/Nutrional-Label-shopping-1.jpg\",\"contentUrl\":\"https:\/\/agrifood.com.au\/app\/uploads\/2025\/11\/Nutrional-Label-shopping-1.jpg\"},{\"@type\":\"BreadcrumbList\",\"@id\":\"https:\/\/agrifood.com.au\/processed-foods\/#breadcrumb\",\"itemListElement\":[{\"@type\":\"ListItem\",\"position\":1,\"name\":\"Home\",\"item\":\"https:\/\/agrifood.com.au\/\"},{\"@type\":\"ListItem\",\"position\":2,\"name\":\"Processed Foods\"}]},{\"@type\":\"WebSite\",\"@id\":\"https:\/\/agrifood.com.au\/#website\",\"url\":\"https:\/\/agrifood.com.au\/\",\"name\":\"Agrifood Technology\",\"description\":\"\",\"publisher\":{\"@id\":\"https:\/\/agrifood.com.au\/#organization\"},\"potentialAction\":[{\"@type\":\"SearchAction\",\"target\":{\"@type\":\"EntryPoint\",\"urlTemplate\":\"https:\/\/agrifood.com.au\/?s={search_term_string}\"},\"query-input\":{\"@type\":\"PropertyValueSpecification\",\"valueRequired\":true,\"valueName\":\"search_term_string\"}}],\"inLanguage\":\"fr-FR\"},{\"@type\":\"Organization\",\"@id\":\"https:\/\/agrifood.com.au\/#organization\",\"name\":\"Agrifood Technology\",\"url\":\"https:\/\/agrifood.com.au\/\",\"logo\":{\"@type\":\"ImageObject\",\"inLanguage\":\"fr-FR\",\"@id\":\"https:\/\/agrifood.com.au\/#\/schema\/logo\/image\/\",\"url\":\"https:\/\/agrifood.com.au\/app\/uploads\/2025\/10\/Agrifood-News-Photo-scaled.png\",\"contentUrl\":\"https:\/\/agrifood.com.au\/app\/uploads\/2025\/10\/Agrifood-News-Photo-scaled.png\",\"width\":2560,\"height\":1580,\"caption\":\"Agrifood Technology\"},\"image\":{\"@id\":\"https:\/\/agrifood.com.au\/#\/schema\/logo\/image\/\"}}]}<\/script>\n<!-- \/ Yoast SEO plugin. -->","yoast_head_json":{"title":"Processed Foods - Agrifood Technology","robots":{"index":"index","follow":"follow","max-snippet":"max-snippet:-1","max-image-preview":"max-image-preview:large","max-video-preview":"max-video-preview:-1"},"canonical":"https:\/\/agrifood.com.au\/fr\/processed-foods\/","og_locale":"fr_FR","og_type":"article","og_title":"Processed Foods - Agrifood Technology","og_description":"Processed food is a multi-billion-dollar industry in Australia and includes all food products that undergo minimal, moderate or high processing like cut fruits, baked\u2026","og_url":"https:\/\/agrifood.com.au\/fr\/processed-foods\/","og_site_name":"Agrifood Technology","article_modified_time":"2025-11-26T05:27:12+00:00","og_image":[{"width":1254,"height":836,"url":"https:\/\/agrifood.com.au\/app\/uploads\/2025\/11\/Nutrional-Label-shopping-1.jpg","type":"image\/jpeg"}],"twitter_card":"summary_large_image","twitter_misc":{"Est. reading time":"1 minute"},"schema":{"@context":"https:\/\/schema.org","@graph":[{"@type":"WebPage","@id":"https:\/\/agrifood.com.au\/processed-foods\/","url":"https:\/\/agrifood.com.au\/processed-foods\/","name":"Processed Foods - Agrifood Technology","isPartOf":{"@id":"https:\/\/agrifood.com.au\/#website"},"primaryImageOfPage":{"@id":"https:\/\/agrifood.com.au\/processed-foods\/#primaryimage"},"image":{"@id":"https:\/\/agrifood.com.au\/processed-foods\/#primaryimage"},"thumbnailUrl":"https:\/\/agrifood.com.au\/app\/uploads\/2025\/11\/Nutrional-Label-shopping-1.jpg","datePublished":"2025-08-07T10:18:55+00:00","dateModified":"2025-11-26T05:27:12+00:00","breadcrumb":{"@id":"https:\/\/agrifood.com.au\/processed-foods\/#breadcrumb"},"inLanguage":"fr-FR","potentialAction":[{"@type":"ReadAction","target":["https:\/\/agrifood.com.au\/processed-foods\/"]}]},{"@type":"ImageObject","inLanguage":"fr-FR","@id":"https:\/\/agrifood.com.au\/processed-foods\/#primaryimage","url":"https:\/\/agrifood.com.au\/app\/uploads\/2025\/11\/Nutrional-Label-shopping-1.jpg","contentUrl":"https:\/\/agrifood.com.au\/app\/uploads\/2025\/11\/Nutrional-Label-shopping-1.jpg"},{"@type":"BreadcrumbList","@id":"https:\/\/agrifood.com.au\/processed-foods\/#breadcrumb","itemListElement":[{"@type":"ListItem","position":1,"name":"Home","item":"https:\/\/agrifood.com.au\/"},{"@type":"ListItem","position":2,"name":"Processed Foods"}]},{"@type":"WebSite","@id":"https:\/\/agrifood.com.au\/#website","url":"https:\/\/agrifood.com.au\/","name":"Technologie agroalimentaire","description":"","publisher":{"@id":"https:\/\/agrifood.com.au\/#organization"},"potentialAction":[{"@type":"SearchAction","target":{"@type":"EntryPoint","urlTemplate":"https:\/\/agrifood.com.au\/?s={search_term_string}"},"query-input":{"@type":"PropertyValueSpecification","valueRequired":true,"valueName":"search_term_string"}}],"inLanguage":"fr-FR"},{"@type":"Organization","@id":"https:\/\/agrifood.com.au\/#organization","name":"Technologie agroalimentaire","url":"https:\/\/agrifood.com.au\/","logo":{"@type":"ImageObject","inLanguage":"fr-FR","@id":"https:\/\/agrifood.com.au\/#\/schema\/logo\/image\/","url":"https:\/\/agrifood.com.au\/app\/uploads\/2025\/10\/Agrifood-News-Photo-scaled.png","contentUrl":"https:\/\/agrifood.com.au\/app\/uploads\/2025\/10\/Agrifood-News-Photo-scaled.png","width":2560,"height":1580,"caption":"Agrifood Technology"},"image":{"@id":"https:\/\/agrifood.com.au\/#\/schema\/logo\/image\/"}}]}},"_links":{"self":[{"href":"https:\/\/agrifood.com.au\/fr\/wp-json\/wp\/v2\/pages\/530","targetHints":{"allow":["GET"]}}],"collection":[{"href":"https:\/\/agrifood.com.au\/fr\/wp-json\/wp\/v2\/pages"}],"about":[{"href":"https:\/\/agrifood.com.au\/fr\/wp-json\/wp\/v2\/types\/page"}],"author":[{"embeddable":true,"href":"https:\/\/agrifood.com.au\/fr\/wp-json\/wp\/v2\/users\/1"}],"replies":[{"embeddable":true,"href":"https:\/\/agrifood.com.au\/fr\/wp-json\/wp\/v2\/comments?post=530"}],"version-history":[{"count":19,"href":"https:\/\/agrifood.com.au\/fr\/wp-json\/wp\/v2\/pages\/530\/revisions"}],"predecessor-version":[{"id":2690,"href":"https:\/\/agrifood.com.au\/fr\/wp-json\/wp\/v2\/pages\/530\/revisions\/2690"}],"wp:attachment":[{"href":"https:\/\/agrifood.com.au\/fr\/wp-json\/wp\/v2\/media?parent=530"}],"curies":[{"name":"wp","href":"https:\/\/api.w.org\/{rel}","templated":true}]}}