{"id":803,"date":"2025-09-11T14:07:05","date_gmt":"2025-09-11T14:07:05","guid":{"rendered":"https:\/\/agrifood.swim.net.au\/?page_id=803"},"modified":"2025-12-03T05:14:56","modified_gmt":"2025-12-03T05:14:56","slug":"horticulture","status":"publish","type":"page","link":"https:\/\/agrifood.com.au\/fr\/services\/by-industry\/horticulture\/","title":{"rendered":"Horticulture"},"content":{"rendered":"<div class=\"wp-block-group is-style-boxed is-layout-constrained wp-block-group-is-layout-constrained\">\n<div class=\"wp-block-columns is-layout-flex wp-container-core-columns-is-layout-9d6595d7 wp-block-columns-is-layout-flex\">\n<div class=\"wp-block-column is-layout-flow wp-block-column-is-layout-flow\">\n<p class=\"is-style-default\">Agrifood Technology est l'un des principaux laboratoires australiens d'analyse des r\u00e9sidus de pesticides dans le secteur de l'horticulture. Avec plus de 35 ans d'exp\u00e9rience dans l'analyse des r\u00e9sidus de produits frais et des produits chimiques, nous pouvons vous aider \u00e0 respecter les directives les plus strictes en mati\u00e8re de qualit\u00e9 et de r\u00e9glementation.<\/p>\n\n\n\n<p>Nous testons une grande vari\u00e9t\u00e9 de contaminants, y compris les pesticides, les herbicides, les fumigants et les m\u00e9taux lourds. Cette liste est constamment mise \u00e0 jour conform\u00e9ment aux exigences de la norme alimentaire australienne. Notre \u00e9quipe de scientifiques analyse et r\u00e9vise les tests et toutes les violations des LMR sont retest\u00e9es. Vous pouvez donc \u00eatre assur\u00e9 de la pr\u00e9cision de nos services.<\/p>\n\n\n\n<p>Notre nouvel AT7 Mega screen peut tester plus de 500 produits chimiques du FSANZ Schedule 20 et comprend des tests pour les compos\u00e9s d'origine et leurs m\u00e9tabolites (). En tant que m\u00e9ga-d\u00e9pistage, il offre un meilleur rapport qualit\u00e9-prix tout en r\u00e9pondant \u00e0 vos exigences en mati\u00e8re de s\u00e9curit\u00e9 et de conformit\u00e9.<\/p>\n<\/div>\n\n\n\n<div class=\"wp-block-column is-layout-flow wp-block-column-is-layout-flow\">\n<figure class=\"wp-block-image size-full\"><img loading=\"lazy\" decoding=\"async\" width=\"541\" height=\"360\" src=\"https:\/\/agrifood.com.au\/app\/uploads\/2025\/11\/Tractor-spraying-pesticides-at-corn-fields.jpg\" alt=\"\" class=\"wp-image-2071\" srcset=\"https:\/\/agrifood.com.au\/app\/uploads\/2025\/11\/Tractor-spraying-pesticides-at-corn-fields.jpg 541w, https:\/\/agrifood.com.au\/app\/uploads\/2025\/11\/Tractor-spraying-pesticides-at-corn-fields-300x200.jpg 300w, https:\/\/agrifood.com.au\/app\/uploads\/2025\/11\/Tractor-spraying-pesticides-at-corn-fields-18x12.jpg 18w\" sizes=\"auto, (max-width: 541px) 100vw, 541px\" \/><\/figure>\n<\/div>\n<\/div>\n\n\n\n<h2 class=\"wp-block-heading\"><strong>Lire la suite<\/strong><\/h2>\n\n\n\n<div class=\"wp-block-buttons is-layout-flex wp-block-buttons-is-layout-flex\">\n<div class=\"wp-block-button is-style-default\"><a class=\"wp-block-button__link wp-element-button\" href=\"\/fr\/services\/by-capability\/agrifood-services\/food-safety-testing\/pesticide-testing\/\">Essais de pesticides<\/a><\/div>\n\n\n\n<div class=\"wp-block-button is-style-default\"><a class=\"wp-block-button__link wp-element-button\" href=\"\/fr\/services\/by-capability\/agrifood-services\/microbiological-testing\/\">Tests microbiologiques<\/a><\/div>\n\n\n\n<div class=\"wp-block-button is-style-default\"><a class=\"wp-block-button__link wp-element-button\" href=\"\/fr\/services\/by-capability\/agrifood-services\/food-safety-testing\/heavy-metal-testing\/\">Analyse des m\u00e9taux lourds et des contaminants<\/a><\/div>\n\n\n\n<div class=\"wp-block-button is-style-default\"><a class=\"wp-block-button__link wp-element-button\" href=\"\/fr\/services\/by-capability\/agrifood-services\/nutritional-testing\/\">Tests nutritionnels<\/a><\/div>\n<\/div>\n<\/div>","protected":false},"excerpt":{"rendered":"<p>Agrifood Technology is one of Australia&#8217;s leading pesticide residue testing laboratories in the Horticulture sector. With over 35 years of experience in fresh pr\u2026<\/p>","protected":false},"author":1,"featured_media":0,"parent":807,"menu_order":0,"comment_status":"closed","ping_status":"closed","template":"","meta":{"_acf_changed":false,"footnotes":""},"class_list":["post-803","page","type-page","status-publish","hentry"],"acf":[],"yoast_head":"<!-- This site is optimized with the Yoast SEO plugin v27.0 - https:\/\/yoast.com\/product\/yoast-seo-wordpress\/ -->\n<title>Horticulture - Agrifood Technology<\/title>\n<meta name=\"robots\" content=\"index, follow, max-snippet:-1, max-image-preview:large, max-video-preview:-1\" \/>\n<link rel=\"canonical\" href=\"https:\/\/agrifood.com.au\/fr\/services\/by-industry\/horticulture\/\" \/>\n<meta property=\"og:locale\" content=\"fr_FR\" \/>\n<meta property=\"og:type\" content=\"article\" \/>\n<meta property=\"og:title\" content=\"Horticulture - Agrifood Technology\" \/>\n<meta property=\"og:description\" content=\"Agrifood Technology is one of Australia&#8217;s leading pesticide residue testing laboratories in the Horticulture sector. With over 35 years of experience in fresh pr\u2026\" \/>\n<meta property=\"og:url\" content=\"https:\/\/agrifood.com.au\/fr\/services\/by-industry\/horticulture\/\" \/>\n<meta property=\"og:site_name\" content=\"Agrifood Technology\" \/>\n<meta property=\"article:modified_time\" content=\"2025-12-03T05:14:56+00:00\" \/>\n<meta property=\"og:image\" content=\"https:\/\/agrifood.com.au\/app\/uploads\/2025\/11\/Tractor-spraying-pesticides-at-corn-fields.jpg\" \/>\n\t<meta property=\"og:image:width\" content=\"541\" \/>\n\t<meta property=\"og:image:height\" content=\"360\" \/>\n\t<meta property=\"og:image:type\" content=\"image\/jpeg\" \/>\n<meta name=\"twitter:card\" content=\"summary_large_image\" \/>\n<meta name=\"twitter:label1\" content=\"Est. reading time\" \/>\n\t<meta name=\"twitter:data1\" content=\"1 minute\" \/>\n<script type=\"application\/ld+json\" class=\"yoast-schema-graph\">{\"@context\":\"https:\/\/schema.org\",\"@graph\":[{\"@type\":\"WebPage\",\"@id\":\"https:\/\/agrifood.com.au\/services\/by-industry\/horticulture\/\",\"url\":\"https:\/\/agrifood.com.au\/services\/by-industry\/horticulture\/\",\"name\":\"Horticulture - Agrifood Technology\",\"isPartOf\":{\"@id\":\"https:\/\/agrifood.com.au\/#website\"},\"primaryImageOfPage\":{\"@id\":\"https:\/\/agrifood.com.au\/services\/by-industry\/horticulture\/#primaryimage\"},\"image\":{\"@id\":\"https:\/\/agrifood.com.au\/services\/by-industry\/horticulture\/#primaryimage\"},\"thumbnailUrl\":\"https:\/\/agrifood.com.au\/app\/uploads\/2025\/11\/Tractor-spraying-pesticides-at-corn-fields.jpg\",\"datePublished\":\"2025-09-11T14:07:05+00:00\",\"dateModified\":\"2025-12-03T05:14:56+00:00\",\"breadcrumb\":{\"@id\":\"https:\/\/agrifood.com.au\/services\/by-industry\/horticulture\/#breadcrumb\"},\"inLanguage\":\"fr-FR\",\"potentialAction\":[{\"@type\":\"ReadAction\",\"target\":[\"https:\/\/agrifood.com.au\/services\/by-industry\/horticulture\/\"]}]},{\"@type\":\"ImageObject\",\"inLanguage\":\"fr-FR\",\"@id\":\"https:\/\/agrifood.com.au\/services\/by-industry\/horticulture\/#primaryimage\",\"url\":\"https:\/\/agrifood.com.au\/app\/uploads\/2025\/11\/Tractor-spraying-pesticides-at-corn-fields.jpg\",\"contentUrl\":\"https:\/\/agrifood.com.au\/app\/uploads\/2025\/11\/Tractor-spraying-pesticides-at-corn-fields.jpg\"},{\"@type\":\"BreadcrumbList\",\"@id\":\"https:\/\/agrifood.com.au\/services\/by-industry\/horticulture\/#breadcrumb\",\"itemListElement\":[{\"@type\":\"ListItem\",\"position\":1,\"name\":\"Home\",\"item\":\"https:\/\/agrifood.com.au\/\"},{\"@type\":\"ListItem\",\"position\":2,\"name\":\"Services\",\"item\":\"https:\/\/agrifood.com.au\/services\/\"},{\"@type\":\"ListItem\",\"position\":3,\"name\":\"By Industry\",\"item\":\"https:\/\/agrifood.com.au\/?page_id=807\"},{\"@type\":\"ListItem\",\"position\":4,\"name\":\"Horticulture\"}]},{\"@type\":\"WebSite\",\"@id\":\"https:\/\/agrifood.com.au\/#website\",\"url\":\"https:\/\/agrifood.com.au\/\",\"name\":\"Agrifood Technology\",\"description\":\"\",\"publisher\":{\"@id\":\"https:\/\/agrifood.com.au\/#organization\"},\"potentialAction\":[{\"@type\":\"SearchAction\",\"target\":{\"@type\":\"EntryPoint\",\"urlTemplate\":\"https:\/\/agrifood.com.au\/?s={search_term_string}\"},\"query-input\":{\"@type\":\"PropertyValueSpecification\",\"valueRequired\":true,\"valueName\":\"search_term_string\"}}],\"inLanguage\":\"fr-FR\"},{\"@type\":\"Organization\",\"@id\":\"https:\/\/agrifood.com.au\/#organization\",\"name\":\"Agrifood Technology\",\"url\":\"https:\/\/agrifood.com.au\/\",\"logo\":{\"@type\":\"ImageObject\",\"inLanguage\":\"fr-FR\",\"@id\":\"https:\/\/agrifood.com.au\/#\/schema\/logo\/image\/\",\"url\":\"https:\/\/agrifood.com.au\/app\/uploads\/2025\/10\/Agrifood-News-Photo-scaled.png\",\"contentUrl\":\"https:\/\/agrifood.com.au\/app\/uploads\/2025\/10\/Agrifood-News-Photo-scaled.png\",\"width\":2560,\"height\":1580,\"caption\":\"Agrifood Technology\"},\"image\":{\"@id\":\"https:\/\/agrifood.com.au\/#\/schema\/logo\/image\/\"}}]}<\/script>\n<!-- \/ Yoast SEO plugin. -->","yoast_head_json":{"title":"Horticulture - Agrifood Technology","robots":{"index":"index","follow":"follow","max-snippet":"max-snippet:-1","max-image-preview":"max-image-preview:large","max-video-preview":"max-video-preview:-1"},"canonical":"https:\/\/agrifood.com.au\/fr\/services\/by-industry\/horticulture\/","og_locale":"fr_FR","og_type":"article","og_title":"Horticulture - Agrifood Technology","og_description":"Agrifood Technology is one of Australia&#8217;s leading pesticide residue testing laboratories in the Horticulture sector. With over 35 years of experience in fresh pr\u2026","og_url":"https:\/\/agrifood.com.au\/fr\/services\/by-industry\/horticulture\/","og_site_name":"Agrifood Technology","article_modified_time":"2025-12-03T05:14:56+00:00","og_image":[{"width":541,"height":360,"url":"https:\/\/agrifood.com.au\/app\/uploads\/2025\/11\/Tractor-spraying-pesticides-at-corn-fields.jpg","type":"image\/jpeg"}],"twitter_card":"summary_large_image","twitter_misc":{"Est. reading time":"1 minute"},"schema":{"@context":"https:\/\/schema.org","@graph":[{"@type":"WebPage","@id":"https:\/\/agrifood.com.au\/services\/by-industry\/horticulture\/","url":"https:\/\/agrifood.com.au\/services\/by-industry\/horticulture\/","name":"Horticulture - Agrifood Technology","isPartOf":{"@id":"https:\/\/agrifood.com.au\/#website"},"primaryImageOfPage":{"@id":"https:\/\/agrifood.com.au\/services\/by-industry\/horticulture\/#primaryimage"},"image":{"@id":"https:\/\/agrifood.com.au\/services\/by-industry\/horticulture\/#primaryimage"},"thumbnailUrl":"https:\/\/agrifood.com.au\/app\/uploads\/2025\/11\/Tractor-spraying-pesticides-at-corn-fields.jpg","datePublished":"2025-09-11T14:07:05+00:00","dateModified":"2025-12-03T05:14:56+00:00","breadcrumb":{"@id":"https:\/\/agrifood.com.au\/services\/by-industry\/horticulture\/#breadcrumb"},"inLanguage":"fr-FR","potentialAction":[{"@type":"ReadAction","target":["https:\/\/agrifood.com.au\/services\/by-industry\/horticulture\/"]}]},{"@type":"ImageObject","inLanguage":"fr-FR","@id":"https:\/\/agrifood.com.au\/services\/by-industry\/horticulture\/#primaryimage","url":"https:\/\/agrifood.com.au\/app\/uploads\/2025\/11\/Tractor-spraying-pesticides-at-corn-fields.jpg","contentUrl":"https:\/\/agrifood.com.au\/app\/uploads\/2025\/11\/Tractor-spraying-pesticides-at-corn-fields.jpg"},{"@type":"BreadcrumbList","@id":"https:\/\/agrifood.com.au\/services\/by-industry\/horticulture\/#breadcrumb","itemListElement":[{"@type":"ListItem","position":1,"name":"Home","item":"https:\/\/agrifood.com.au\/"},{"@type":"ListItem","position":2,"name":"Services","item":"https:\/\/agrifood.com.au\/services\/"},{"@type":"ListItem","position":3,"name":"By Industry","item":"https:\/\/agrifood.com.au\/?page_id=807"},{"@type":"ListItem","position":4,"name":"Horticulture"}]},{"@type":"WebSite","@id":"https:\/\/agrifood.com.au\/#website","url":"https:\/\/agrifood.com.au\/","name":"Technologie agroalimentaire","description":"","publisher":{"@id":"https:\/\/agrifood.com.au\/#organization"},"potentialAction":[{"@type":"SearchAction","target":{"@type":"EntryPoint","urlTemplate":"https:\/\/agrifood.com.au\/?s={search_term_string}"},"query-input":{"@type":"PropertyValueSpecification","valueRequired":true,"valueName":"search_term_string"}}],"inLanguage":"fr-FR"},{"@type":"Organization","@id":"https:\/\/agrifood.com.au\/#organization","name":"Technologie agroalimentaire","url":"https:\/\/agrifood.com.au\/","logo":{"@type":"ImageObject","inLanguage":"fr-FR","@id":"https:\/\/agrifood.com.au\/#\/schema\/logo\/image\/","url":"https:\/\/agrifood.com.au\/app\/uploads\/2025\/10\/Agrifood-News-Photo-scaled.png","contentUrl":"https:\/\/agrifood.com.au\/app\/uploads\/2025\/10\/Agrifood-News-Photo-scaled.png","width":2560,"height":1580,"caption":"Agrifood Technology"},"image":{"@id":"https:\/\/agrifood.com.au\/#\/schema\/logo\/image\/"}}]}},"_links":{"self":[{"href":"https:\/\/agrifood.com.au\/fr\/wp-json\/wp\/v2\/pages\/803","targetHints":{"allow":["GET"]}}],"collection":[{"href":"https:\/\/agrifood.com.au\/fr\/wp-json\/wp\/v2\/pages"}],"about":[{"href":"https:\/\/agrifood.com.au\/fr\/wp-json\/wp\/v2\/types\/page"}],"author":[{"embeddable":true,"href":"https:\/\/agrifood.com.au\/fr\/wp-json\/wp\/v2\/users\/1"}],"replies":[{"embeddable":true,"href":"https:\/\/agrifood.com.au\/fr\/wp-json\/wp\/v2\/comments?post=803"}],"version-history":[{"count":18,"href":"https:\/\/agrifood.com.au\/fr\/wp-json\/wp\/v2\/pages\/803\/revisions"}],"predecessor-version":[{"id":2749,"href":"https:\/\/agrifood.com.au\/fr\/wp-json\/wp\/v2\/pages\/803\/revisions\/2749"}],"up":[{"embeddable":true,"href":"https:\/\/agrifood.com.au\/fr\/wp-json\/wp\/v2\/pages\/807"}],"wp:attachment":[{"href":"https:\/\/agrifood.com.au\/fr\/wp-json\/wp\/v2\/media?parent=803"}],"curies":[{"name":"wp","href":"https:\/\/api.w.org\/{rel}","templated":true}]}}