{"id":805,"date":"2025-09-11T14:07:25","date_gmt":"2025-09-11T14:07:25","guid":{"rendered":"https:\/\/agrifood.swim.net.au\/?page_id=805"},"modified":"2026-02-16T03:03:26","modified_gmt":"2026-02-16T03:03:26","slug":"local-health","status":"publish","type":"page","link":"https:\/\/agrifood.com.au\/fr\/services\/by-industry\/local-health\/","title":{"rendered":"Sant\u00e9 locale"},"content":{"rendered":"<div class=\"wp-block-group is-style-boxed-narrow is-layout-constrained wp-block-group-is-layout-constrained\">\n<p>Les tests de s\u00e9curit\u00e9 alimentaire sont essentiels pour le secteur de la sant\u00e9 locale, car ils garantissent que les aliments vendus et\/ou consomm\u00e9s sont s\u00fbrs, appropri\u00e9s et correctement \u00e9tiquet\u00e9s. La loi sur l'alimentation de 1984 et le code des normes alimentaires d'Australie et de Nouvelle-Z\u00e9lande (Australia New Zealand Food Standards Code) constituent le cadre r\u00e9glementaire de l'industrie alimentaire et les services d'analyse fournis sont conformes aux lignes directrices \u00e9nonc\u00e9es dans la loi et le code sur l'alimentation.<\/p>\n\n\n\n<p>Chez Agrifood Technology, les tests de s\u00e9curit\u00e9 alimentaire que nous proposons sont con\u00e7us pour r\u00e9pondre aux exigences des conseils locaux et des prestataires de services d'h\u00f4tellerie et de sant\u00e9.<\/p>\n\n\n\n<p>Agrifood Technology offre un service complet pour aider tous les secteurs sanitaires locaux concern\u00e9s \u00e0 respecter leurs exigences r\u00e9glementaires, ce qui comprend le pr\u00e9l\u00e8vement d'\u00e9chantillons et l'analyse en laboratoire en une seule fois. Notre personnel met \u00e0 votre disposition son expertise analytique pour vous aider \u00e0 respecter toutes les directives n\u00e9cessaires en mati\u00e8re de s\u00e9curit\u00e9 alimentaire.<\/p>\n<\/div>\n\n\n\n<div class=\"wp-block-group is-style-carousel is-layout-constrained wp-block-group-is-layout-constrained\">\n<div class=\"carousel-slider-outer carousel-slider-outer-image-carousel carousel-slider-outer-2015\" style=\"--carousel-slider-nav-color:rgb(30,115,190);--carousel-slider-active-nav-color:rgb(40,155,255);--carousel-slider-arrow-size:48px;--carousel-slider-bullet-size:10px\">\n<div id=\"&#039;id-2015\" class=\"carousel-slider carousel-slider-2015 arrows-visibility-always dots-visibility-never arrows-outside dots-center dots-circle owl-carousel\" data-slide-type=\"image-carousel\" data-owl-settings='{\"nav\":true,\"dots\":false,\"slideBy\":1,\"stagePadding\":30,\"margin\":10,\"loop\":false,\"lazyLoad\":false,\"autoplay\":false,\"autoplayTimeout\":5000,\"autoplaySpeed\":1000,\"autoplayHoverPause\":false,\"autoWidth\":true,\"responsive\":{\"300\":{\"items\":1},\"576\":{\"items\":2},\"768\":{\"items\":2},\"1024\":{\"items\":3},\"1280\":{\"items\":4},\"1536\":{\"items\":5}}}'>\n<div class=\"carousel-slider__item\">\n\t<a href=\"https:\/\/agrifood.com.au\/fr\/services\/by-industry\/local-health\/council-testing\/\" target=\"_self\"><img loading=\"lazy\" decoding=\"async\" width=\"300\" height=\"200\" src=\"https:\/\/agrifood.com.au\/app\/uploads\/2025\/10\/Hotel-Food-Carousel-300x200.jpg\" class=\"attachment-medium size-medium\" alt=\"\" srcset=\"https:\/\/agrifood.com.au\/app\/uploads\/2025\/10\/Hotel-Food-Carousel-300x200.jpg 300w, https:\/\/agrifood.com.au\/app\/uploads\/2025\/10\/Hotel-Food-Carousel-1024x683.jpg 1024w, https:\/\/agrifood.com.au\/app\/uploads\/2025\/10\/Hotel-Food-Carousel-768x512.jpg 768w, https:\/\/agrifood.com.au\/app\/uploads\/2025\/10\/Hotel-Food-Carousel-18x12.jpg 18w, https:\/\/agrifood.com.au\/app\/uploads\/2025\/10\/Hotel-Food-Carousel.jpg 1254w\" sizes=\"auto, (max-width: 300px) 100vw, 300px\" \/><div class=\"carousel-slider__caption\"><h4 class=\"title\">Conseils locaux<\/h4><p class=\"caption\">Agrifood Technology propose aux collectivit&eacute;s locales une large gamme de services d&#039;analyse pour se conformer au Code des normes alimentaires.\n&lt;br\/&gt;&lt;br\/&gt;\nNous sommes fiers d&#039;&ecirc;tre le laboratoire privil&eacute;gi&eacute; qui fournit des services d&#039;analyse dans le cadre de la loi victorienne sur l&#039;alimentation de 1984.<\/p><\/div><\/a><\/div>\n\n<div class=\"carousel-slider__item\">\n\t<a href=\"https:\/\/agrifood.com.au\/fr\/services\/by-industry\/local-health\/hospitals-aged-care\/\" target=\"_self\"><img loading=\"lazy\" decoding=\"async\" width=\"300\" height=\"200\" src=\"https:\/\/agrifood.com.au\/app\/uploads\/2025\/10\/lady-hospital-300x200.jpg\" class=\"attachment-medium size-medium\" alt=\"\" srcset=\"https:\/\/agrifood.com.au\/app\/uploads\/2025\/10\/lady-hospital-300x200.jpg 300w, https:\/\/agrifood.com.au\/app\/uploads\/2025\/10\/lady-hospital-1024x683.jpg 1024w, https:\/\/agrifood.com.au\/app\/uploads\/2025\/10\/lady-hospital-768x512.jpg 768w, https:\/\/agrifood.com.au\/app\/uploads\/2025\/10\/lady-hospital-18x12.jpg 18w, https:\/\/agrifood.com.au\/app\/uploads\/2025\/10\/lady-hospital.jpg 1254w\" sizes=\"auto, (max-width: 300px) 100vw, 300px\" \/><div class=\"carousel-slider__caption\"><h4 class=\"title\">H\u00f4pitaux et soins de longue dur\u00e9e<\/h4><p class=\"caption\">Il est primordial de garantir la s&eacute;curit&eacute; alimentaire dans les cuisines qui fournissent des aliments aux patients et aux r&eacute;sidents des &eacute;tablissements de soins pour personnes &acirc;g&eacute;es.\n&lt;br\/&gt;&lt;br\/&gt;\nLes maladies d&#039;origine alimentaire peuvent avoir un impact significatif sur la sant&eacute; et la s&eacute;curit&eacute;.<\/p><\/div><\/a><\/div>\n\n<div class=\"carousel-slider__item\">\n\t<a href=\"https:\/\/agrifood.com.au\/fr\/services\/by-industry\/local-health\/hotel-services\/\" target=\"_self\"><img loading=\"lazy\" decoding=\"async\" width=\"300\" height=\"142\" src=\"https:\/\/agrifood.com.au\/app\/uploads\/2025\/10\/Hotel_image-300x142.jpg\" class=\"attachment-medium size-medium\" alt=\"\" srcset=\"https:\/\/agrifood.com.au\/app\/uploads\/2025\/10\/Hotel_image-300x142.jpg 300w, https:\/\/agrifood.com.au\/app\/uploads\/2025\/10\/Hotel_image-18x9.jpg 18w, https:\/\/agrifood.com.au\/app\/uploads\/2025\/10\/Hotel_image.jpg 700w\" sizes=\"auto, (max-width: 300px) 100vw, 300px\" \/><div class=\"carousel-slider__caption\"><h4 class=\"title\">H\u00f4tels<\/h4><p class=\"caption\">Les h\u00f4tels sont tenus de garantir la s\u00e9curit\u00e9 et la qualit\u00e9 des aliments qu'ils servent \u00e0 leurs clients, ce qui n\u00e9cessite des tests de s\u00e9curit\u00e9 alimentaire rigoureux et un contr\u00f4le de routine.<\/p><\/div><\/a><\/div>\n\n<\/div><!-- .carousel-slider-2015 -->\n<\/div><!-- .carousel-slider-outer-2015 -->\n\n<\/div>\n\n\n\n<div class=\"wp-block-group is-style-boxed is-layout-constrained wp-block-group-is-layout-constrained\">\n<h2 class=\"wp-block-heading\"><strong>Liste des analystes publics autoris\u00e9s<\/strong><\/h2>\n\n\n\n<p>Agrifood Technology dispose de 7 analystes agr\u00e9\u00e9s, enregistr\u00e9s en vertu de la loi victorienne sur l'alimentation de 1984, en fonction de leurs domaines de sp\u00e9cialisation en mati\u00e8re de s\u00e9curit\u00e9 alimentaire et de tests microbiologiques.<\/p>\n\n\n\n<figure class=\"wp-block-table\"><table class=\"has-fixed-layout\"><tbody><tr><td><strong>Nom<\/strong><\/td><td><\/td><\/tr><tr><td>Doreen Fernandez<\/td><td>Analyste agr\u00e9\u00e9 (Food Act 1984) - Tests physiques, chimiques et allergiques<\/td><\/tr><tr><td>Robert Rantino<\/td><td>Analyste agr\u00e9\u00e9 (Food Act 1984) - Tests physiques, chimiques et allergiques<\/td><\/tr><tr><td>Titus Kalayil<\/td><td>Analyste agr\u00e9\u00e9 (Food Act 1984) - Tests physiques, chimiques et allergiques<\/td><\/tr><tr><td>Somayeh Yadkhast<\/td><td>Analyste agr\u00e9\u00e9 (Food Act 1984) - ESSAIS MICROBIOLOGIQUES<\/td><\/tr><tr><td>Navdeep Ghotra<\/td><td>Analyste agr\u00e9\u00e9 (Food Act 1984) - ESSAIS MICROBIOLOGIQUES<\/td><\/tr><tr><td>Candida Showler<\/td><td>Analyste agr\u00e9\u00e9 (Food Act 1984) - ESSAIS CHIMIQUES ET PHYSIQUES<\/td><\/tr><tr><td>Diana Coelho<\/td><td>Analyste agr\u00e9\u00e9 (Food Act 1984) - ESSAIS CHIMIQUES<\/td><\/tr><\/tbody><\/table><\/figure>\n\n\n\n<h2 class=\"wp-block-heading\">Lire la suite<\/h2>\n\n\n\n<div class=\"wp-block-buttons is-layout-flex wp-block-buttons-is-layout-flex\">\n<div class=\"wp-block-button is-style-default\"><a class=\"wp-block-button__link wp-element-button\" href=\"\/fr\/services\/by-capability\/agrifood-services\/microbiological-testing\/\">Tests microbiologiques <\/a><\/div>\n\n\n\n<div class=\"wp-block-button is-style-default\"><a class=\"wp-block-button__link wp-element-button\" href=\"\/fr\/services\/by-capability\/agrifood-services\/agro-nutritional-testing\/water-testing\/\">Analyse de l'eau<\/a><\/div>\n\n\n\n<div class=\"wp-block-button is-style-default\"><a class=\"wp-block-button__link wp-element-button\" href=\"\/fr\/services\/by-capability\/agrifood-services\/food-safety-testing\/allergen-testing\/\"> Test d'allerg\u00e8nes<\/a><\/div>\n\n\n\n<div class=\"wp-block-button is-style-default\"><a class=\"wp-block-button__link wp-element-button\" href=\"\/fr\/services\/by-capability\/agrifood-services\/microbiological-testing\/shelf-life-testing\/\">Test de dur\u00e9e de conservation\/plaintes concernant les denr\u00e9es alimentaires<\/a><\/div>\n\n\n\n<div class=\"wp-block-button is-style-default\"><a class=\"wp-block-button__link wp-element-button\" href=\"\/fr\/services\/by-capability\/agrifood-services\/nutritional-testing\/\">Tests nutritionnels<\/a><\/div>\n<\/div>\n<\/div>","protected":false},"excerpt":{"rendered":"<p>Food&nbsp;safety&nbsp;testing&nbsp;is&nbsp;crucial&nbsp;for&nbsp;the&nbsp;Local&nbsp;Health&nbsp;sector&nbsp;as&nbsp;it&nbsp;ensures&nbsp;that&nbsp;food&nbsp;sold&#038;nbsp\u2026<\/p>","protected":false},"author":1,"featured_media":0,"parent":807,"menu_order":0,"comment_status":"closed","ping_status":"closed","template":"","meta":{"_acf_changed":false,"footnotes":""},"class_list":["post-805","page","type-page","status-publish","hentry"],"acf":[],"yoast_head":"<!-- This site is optimized with the Yoast SEO plugin v27.0 - https:\/\/yoast.com\/product\/yoast-seo-wordpress\/ -->\n<title>Local Health - Agrifood Technology<\/title>\n<meta name=\"robots\" content=\"index, follow, max-snippet:-1, max-image-preview:large, max-video-preview:-1\" \/>\n<link rel=\"canonical\" href=\"https:\/\/agrifood.com.au\/fr\/services\/by-industry\/local-health\/\" \/>\n<meta property=\"og:locale\" content=\"fr_FR\" \/>\n<meta property=\"og:type\" content=\"article\" \/>\n<meta property=\"og:title\" content=\"Local Health - Agrifood Technology\" \/>\n<meta property=\"og:description\" content=\"Food&nbsp;safety&nbsp;testing&nbsp;is&nbsp;crucial&nbsp;for&nbsp;the&nbsp;Local&nbsp;Health&nbsp;sector&nbsp;as&nbsp;it&nbsp;ensures&nbsp;that&nbsp;food&nbsp;sold&amp;nbsp\u2026\" \/>\n<meta property=\"og:url\" content=\"https:\/\/agrifood.com.au\/fr\/services\/by-industry\/local-health\/\" \/>\n<meta property=\"og:site_name\" content=\"Agrifood Technology\" \/>\n<meta property=\"article:modified_time\" content=\"2026-02-16T03:03:26+00:00\" \/>\n<meta name=\"twitter:card\" content=\"summary_large_image\" \/>\n<meta name=\"twitter:label1\" content=\"Est. reading time\" \/>\n\t<meta name=\"twitter:data1\" content=\"2 minutes\" \/>\n<script type=\"application\/ld+json\" class=\"yoast-schema-graph\">{\"@context\":\"https:\/\/schema.org\",\"@graph\":[{\"@type\":\"WebPage\",\"@id\":\"https:\/\/agrifood.com.au\/services\/by-industry\/local-health\/\",\"url\":\"https:\/\/agrifood.com.au\/services\/by-industry\/local-health\/\",\"name\":\"Local Health - Agrifood Technology\",\"isPartOf\":{\"@id\":\"https:\/\/agrifood.com.au\/#website\"},\"datePublished\":\"2025-09-11T14:07:25+00:00\",\"dateModified\":\"2026-02-16T03:03:26+00:00\",\"breadcrumb\":{\"@id\":\"https:\/\/agrifood.com.au\/services\/by-industry\/local-health\/#breadcrumb\"},\"inLanguage\":\"fr-FR\",\"potentialAction\":[{\"@type\":\"ReadAction\",\"target\":[\"https:\/\/agrifood.com.au\/services\/by-industry\/local-health\/\"]}]},{\"@type\":\"BreadcrumbList\",\"@id\":\"https:\/\/agrifood.com.au\/services\/by-industry\/local-health\/#breadcrumb\",\"itemListElement\":[{\"@type\":\"ListItem\",\"position\":1,\"name\":\"Home\",\"item\":\"https:\/\/agrifood.com.au\/\"},{\"@type\":\"ListItem\",\"position\":2,\"name\":\"Services\",\"item\":\"https:\/\/agrifood.com.au\/services\/\"},{\"@type\":\"ListItem\",\"position\":3,\"name\":\"By Industry\",\"item\":\"https:\/\/agrifood.com.au\/?page_id=807\"},{\"@type\":\"ListItem\",\"position\":4,\"name\":\"Local Health\"}]},{\"@type\":\"WebSite\",\"@id\":\"https:\/\/agrifood.com.au\/#website\",\"url\":\"https:\/\/agrifood.com.au\/\",\"name\":\"Agrifood Technology\",\"description\":\"\",\"publisher\":{\"@id\":\"https:\/\/agrifood.com.au\/#organization\"},\"potentialAction\":[{\"@type\":\"SearchAction\",\"target\":{\"@type\":\"EntryPoint\",\"urlTemplate\":\"https:\/\/agrifood.com.au\/?s={search_term_string}\"},\"query-input\":{\"@type\":\"PropertyValueSpecification\",\"valueRequired\":true,\"valueName\":\"search_term_string\"}}],\"inLanguage\":\"fr-FR\"},{\"@type\":\"Organization\",\"@id\":\"https:\/\/agrifood.com.au\/#organization\",\"name\":\"Agrifood Technology\",\"url\":\"https:\/\/agrifood.com.au\/\",\"logo\":{\"@type\":\"ImageObject\",\"inLanguage\":\"fr-FR\",\"@id\":\"https:\/\/agrifood.com.au\/#\/schema\/logo\/image\/\",\"url\":\"https:\/\/agrifood.com.au\/app\/uploads\/2025\/10\/Agrifood-News-Photo-scaled.png\",\"contentUrl\":\"https:\/\/agrifood.com.au\/app\/uploads\/2025\/10\/Agrifood-News-Photo-scaled.png\",\"width\":2560,\"height\":1580,\"caption\":\"Agrifood Technology\"},\"image\":{\"@id\":\"https:\/\/agrifood.com.au\/#\/schema\/logo\/image\/\"}}]}<\/script>\n<!-- \/ Yoast SEO plugin. -->","yoast_head_json":{"title":"Local Health - Agrifood Technology","robots":{"index":"index","follow":"follow","max-snippet":"max-snippet:-1","max-image-preview":"max-image-preview:large","max-video-preview":"max-video-preview:-1"},"canonical":"https:\/\/agrifood.com.au\/fr\/services\/by-industry\/local-health\/","og_locale":"fr_FR","og_type":"article","og_title":"Local Health - Agrifood Technology","og_description":"Food&nbsp;safety&nbsp;testing&nbsp;is&nbsp;crucial&nbsp;for&nbsp;the&nbsp;Local&nbsp;Health&nbsp;sector&nbsp;as&nbsp;it&nbsp;ensures&nbsp;that&nbsp;food&nbsp;sold&nbsp\u2026","og_url":"https:\/\/agrifood.com.au\/fr\/services\/by-industry\/local-health\/","og_site_name":"Agrifood Technology","article_modified_time":"2026-02-16T03:03:26+00:00","twitter_card":"summary_large_image","twitter_misc":{"Est. reading time":"2 minutes"},"schema":{"@context":"https:\/\/schema.org","@graph":[{"@type":"WebPage","@id":"https:\/\/agrifood.com.au\/services\/by-industry\/local-health\/","url":"https:\/\/agrifood.com.au\/services\/by-industry\/local-health\/","name":"Local Health - Agrifood Technology","isPartOf":{"@id":"https:\/\/agrifood.com.au\/#website"},"datePublished":"2025-09-11T14:07:25+00:00","dateModified":"2026-02-16T03:03:26+00:00","breadcrumb":{"@id":"https:\/\/agrifood.com.au\/services\/by-industry\/local-health\/#breadcrumb"},"inLanguage":"fr-FR","potentialAction":[{"@type":"ReadAction","target":["https:\/\/agrifood.com.au\/services\/by-industry\/local-health\/"]}]},{"@type":"BreadcrumbList","@id":"https:\/\/agrifood.com.au\/services\/by-industry\/local-health\/#breadcrumb","itemListElement":[{"@type":"ListItem","position":1,"name":"Home","item":"https:\/\/agrifood.com.au\/"},{"@type":"ListItem","position":2,"name":"Services","item":"https:\/\/agrifood.com.au\/services\/"},{"@type":"ListItem","position":3,"name":"By Industry","item":"https:\/\/agrifood.com.au\/?page_id=807"},{"@type":"ListItem","position":4,"name":"Local Health"}]},{"@type":"WebSite","@id":"https:\/\/agrifood.com.au\/#website","url":"https:\/\/agrifood.com.au\/","name":"Technologie agroalimentaire","description":"","publisher":{"@id":"https:\/\/agrifood.com.au\/#organization"},"potentialAction":[{"@type":"SearchAction","target":{"@type":"EntryPoint","urlTemplate":"https:\/\/agrifood.com.au\/?s={search_term_string}"},"query-input":{"@type":"PropertyValueSpecification","valueRequired":true,"valueName":"search_term_string"}}],"inLanguage":"fr-FR"},{"@type":"Organization","@id":"https:\/\/agrifood.com.au\/#organization","name":"Technologie agroalimentaire","url":"https:\/\/agrifood.com.au\/","logo":{"@type":"ImageObject","inLanguage":"fr-FR","@id":"https:\/\/agrifood.com.au\/#\/schema\/logo\/image\/","url":"https:\/\/agrifood.com.au\/app\/uploads\/2025\/10\/Agrifood-News-Photo-scaled.png","contentUrl":"https:\/\/agrifood.com.au\/app\/uploads\/2025\/10\/Agrifood-News-Photo-scaled.png","width":2560,"height":1580,"caption":"Agrifood Technology"},"image":{"@id":"https:\/\/agrifood.com.au\/#\/schema\/logo\/image\/"}}]}},"_links":{"self":[{"href":"https:\/\/agrifood.com.au\/fr\/wp-json\/wp\/v2\/pages\/805","targetHints":{"allow":["GET"]}}],"collection":[{"href":"https:\/\/agrifood.com.au\/fr\/wp-json\/wp\/v2\/pages"}],"about":[{"href":"https:\/\/agrifood.com.au\/fr\/wp-json\/wp\/v2\/types\/page"}],"author":[{"embeddable":true,"href":"https:\/\/agrifood.com.au\/fr\/wp-json\/wp\/v2\/users\/1"}],"replies":[{"embeddable":true,"href":"https:\/\/agrifood.com.au\/fr\/wp-json\/wp\/v2\/comments?post=805"}],"version-history":[{"count":34,"href":"https:\/\/agrifood.com.au\/fr\/wp-json\/wp\/v2\/pages\/805\/revisions"}],"predecessor-version":[{"id":3956,"href":"https:\/\/agrifood.com.au\/fr\/wp-json\/wp\/v2\/pages\/805\/revisions\/3956"}],"up":[{"embeddable":true,"href":"https:\/\/agrifood.com.au\/fr\/wp-json\/wp\/v2\/pages\/807"}],"wp:attachment":[{"href":"https:\/\/agrifood.com.au\/fr\/wp-json\/wp\/v2\/media?parent=805"}],"curies":[{"name":"wp","href":"https:\/\/api.w.org\/{rel}","templated":true}]}}