{"id":813,"date":"2025-09-11T14:10:21","date_gmt":"2025-09-11T14:10:21","guid":{"rendered":"https:\/\/agrifood.swim.net.au\/?page_id=813"},"modified":"2025-11-28T00:40:44","modified_gmt":"2025-11-28T00:40:44","slug":"agrifood-services","status":"publish","type":"page","link":"https:\/\/agrifood.com.au\/fr\/services\/by-capability\/agrifood-services\/","title":{"rendered":"Services agroalimentaires"},"content":{"rendered":"<div class=\"wp-block-group is-style-boxed is-layout-constrained wp-block-group-is-layout-constrained\">\n<div class=\"wp-block-columns is-style-mobile-reverse is-layout-flex wp-container-core-columns-is-layout-9d6595d7 wp-block-columns-is-layout-flex\">\n<div class=\"wp-block-column is-vertically-aligned-center is-layout-flow wp-block-column-is-layout-flow\">\n<h2 class=\"wp-block-heading\">Tests agro-nutritionnels<\/h2>\n\n\n\n<p>Agrifood Technology WA propose des services d'analyse complets ax\u00e9s sur la qualit\u00e9 de l'eau, la chaux agricole (dolomie) et l'analyse du gypse afin de soutenir des pratiques agricoles efficaces et durables. Notre laboratoire sp\u00e9cialis\u00e9 fournit des r\u00e9sultats pr\u00e9cis et personnalis\u00e9s pour vous aider \u00e0 optimiser l'utilisation de l'eau d'irrigation, \u00e0 am\u00e9liorer la sant\u00e9 des sols et \u00e0 garantir que vos intrants agricoles r\u00e9pondent aux normes de qualit\u00e9. Qu'il s'agisse de contr\u00f4ler l'eau d'irrigation, de tester la valeur de neutralisation de la chaux ou d'analyser la composition du gypse, notre \u00e9quipe sp\u00e9cialis\u00e9e est l\u00e0 pour vous fournir des tests fiables et des conseils d'experts adapt\u00e9s \u00e0 vos besoins.<\/p>\n\n\n\n<div class=\"wp-block-buttons is-layout-flex wp-block-buttons-is-layout-flex\">\n<div class=\"wp-block-button\"><a class=\"wp-block-button__link wp-element-button\" href=\"\/fr\/services\/by-capability\/agrifood-services\/agro-nutritional-testing\/\">VISITER LES TESTS AGRO-NUTRITIONNELS<\/a><\/div>\n<\/div>\n<\/div>\n\n\n\n<div class=\"wp-block-column is-layout-flow wp-block-column-is-layout-flow\">\n<figure class=\"wp-block-image size-full\"><img loading=\"lazy\" decoding=\"async\" width=\"1254\" height=\"836\" src=\"https:\/\/agrifood.com.au\/app\/uploads\/2025\/11\/Bore-water.jpg\" alt=\"\" class=\"wp-image-2729\" srcset=\"https:\/\/agrifood.com.au\/app\/uploads\/2025\/11\/Bore-water.jpg 1254w, https:\/\/agrifood.com.au\/app\/uploads\/2025\/11\/Bore-water-300x200.jpg 300w, https:\/\/agrifood.com.au\/app\/uploads\/2025\/11\/Bore-water-1024x683.jpg 1024w, https:\/\/agrifood.com.au\/app\/uploads\/2025\/11\/Bore-water-768x512.jpg 768w, https:\/\/agrifood.com.au\/app\/uploads\/2025\/11\/Bore-water-18x12.jpg 18w\" sizes=\"auto, (max-width: 1254px) 100vw, 1254px\" \/><\/figure>\n<\/div>\n<\/div>\n<\/div>\n\n\n\n<div class=\"wp-block-group is-style-boxed is-layout-constrained wp-block-group-is-layout-constrained\">\n<div class=\"wp-block-columns is-style-mobile-reverse is-layout-flex wp-container-core-columns-is-layout-9d6595d7 wp-block-columns-is-layout-flex\">\n<div class=\"wp-block-column is-layout-flow wp-block-column-is-layout-flow\">\n<figure class=\"wp-block-image size-full\"><img loading=\"lazy\" decoding=\"async\" width=\"1258\" height=\"833\" src=\"https:\/\/agrifood.com.au\/app\/uploads\/2025\/11\/Nutritional-Image-banner.jpg\" alt=\"\" class=\"wp-image-2322\" srcset=\"https:\/\/agrifood.com.au\/app\/uploads\/2025\/11\/Nutritional-Image-banner.jpg 1258w, https:\/\/agrifood.com.au\/app\/uploads\/2025\/11\/Nutritional-Image-banner-300x199.jpg 300w, https:\/\/agrifood.com.au\/app\/uploads\/2025\/11\/Nutritional-Image-banner-1024x678.jpg 1024w, https:\/\/agrifood.com.au\/app\/uploads\/2025\/11\/Nutritional-Image-banner-768x509.jpg 768w, https:\/\/agrifood.com.au\/app\/uploads\/2025\/11\/Nutritional-Image-banner-18x12.jpg 18w\" sizes=\"auto, (max-width: 1258px) 100vw, 1258px\" \/><\/figure>\n<\/div>\n\n\n\n<div class=\"wp-block-column is-vertically-aligned-center is-layout-flow wp-block-column-is-layout-flow\">\n<h2 class=\"wp-block-heading\">Tests de s\u00e9curit\u00e9 alimentaire<\/h2>\n\n\n\n<p>Agrifood Technology est sp\u00e9cialis\u00e9e dans une vari\u00e9t\u00e9 de tests de s\u00e9curit\u00e9 alimentaire, y compris les r\u00e9sidus de pesticides, les m\u00e9taux lourds, les mycotoxines, les allerg\u00e8nes et les tests microbiologiques.<\/p>\n\n\n\n<p>Que vous soyez agriculteur, boulanger ou autre fabricant de produits alimentaires, nous pouvons vous aider \u00e0 d\u00e9terminer si vos produits sont conformes aux r\u00e9glementations australiennes en mati\u00e8re de s\u00e9curit\u00e9 alimentaire. Avec trois sites, nous fournissons des services aux producteurs et aux fabricants dans tout le pays.<\/p>\n\n\n\n<div class=\"wp-block-buttons is-layout-flex wp-block-buttons-is-layout-flex\">\n<div class=\"wp-block-button\"><a class=\"wp-block-button__link wp-element-button\" href=\"\/fr\/services\/by-capability\/agrifood-services\/food-safety-testing\/\">VISITER LA S\u00c9CURIT\u00c9 ALIMENTAIRE<\/a><\/div>\n<\/div>\n<\/div>\n<\/div>\n<\/div>\n\n\n\n<div class=\"wp-block-group is-style-boxed is-layout-constrained wp-block-group-is-layout-constrained\">\n<div class=\"wp-block-columns is-style-mobile-reverse is-layout-flex wp-container-core-columns-is-layout-9d6595d7 wp-block-columns-is-layout-flex\">\n<div class=\"wp-block-column is-vertically-aligned-center is-layout-flow wp-block-column-is-layout-flow\">\n<h2 class=\"wp-block-heading\">Contr\u00f4le des grains<\/h2>\n\n\n\n<p>Agrifood Technology poss\u00e8de plus de 30 ans de connaissances et d'exp\u00e9rience en mati\u00e8re d'analyse des grains et des farines. La haute qualit\u00e9 meuni\u00e8re du bl\u00e9 australien garantit sa valeur sur le march\u00e9 mondial. La capacit\u00e9 \u00e0 fournir aux clients des informations sur l'ad\u00e9quation de ce bl\u00e9 \u00e0 des techniques de transformation et \u00e0 des produits finis particuliers est d'une valeur inestimable.<\/p>\n\n\n\n<div class=\"wp-block-buttons is-layout-flex wp-block-buttons-is-layout-flex\">\n<div class=\"wp-block-button\"><a class=\"wp-block-button__link wp-element-button\" href=\"\/fr\/services\/by-capability\/agrifood-services\/grain-testing\/\">VISITER L'ANALYSE DES GRAINS<\/a><\/div>\n<\/div>\n<\/div>\n\n\n\n<div class=\"wp-block-column is-layout-flow wp-block-column-is-layout-flow\">\n<figure class=\"wp-block-image size-full\"><img loading=\"lazy\" decoding=\"async\" width=\"429\" height=\"240\" src=\"https:\/\/agrifood.com.au\/app\/uploads\/2025\/09\/240_F_1461813050_ccvczAmHukqZDuMgU08jxJKAuz7XKLFX.jpg\" alt=\"\" class=\"wp-image-1394\" srcset=\"https:\/\/agrifood.com.au\/app\/uploads\/2025\/09\/240_F_1461813050_ccvczAmHukqZDuMgU08jxJKAuz7XKLFX.jpg 429w, https:\/\/agrifood.com.au\/app\/uploads\/2025\/09\/240_F_1461813050_ccvczAmHukqZDuMgU08jxJKAuz7XKLFX-300x168.jpg 300w, https:\/\/agrifood.com.au\/app\/uploads\/2025\/09\/240_F_1461813050_ccvczAmHukqZDuMgU08jxJKAuz7XKLFX-18x10.jpg 18w\" sizes=\"auto, (max-width: 429px) 100vw, 429px\" \/><\/figure>\n<\/div>\n<\/div>\n<\/div>\n\n\n\n<div class=\"wp-block-group is-style-boxed is-layout-constrained wp-block-group-is-layout-constrained\">\n<div class=\"wp-block-columns is-style-mobile-reverse is-layout-flex wp-container-core-columns-is-layout-9d6595d7 wp-block-columns-is-layout-flex\">\n<div class=\"wp-block-column is-layout-flow wp-block-column-is-layout-flow\">\n<figure class=\"wp-block-image size-full\"><img loading=\"lazy\" decoding=\"async\" width=\"1254\" height=\"836\" src=\"https:\/\/agrifood.com.au\/app\/uploads\/2025\/07\/Local-Health-Micro-4.jpg\" alt=\"\" class=\"wp-image-662\" srcset=\"https:\/\/agrifood.com.au\/app\/uploads\/2025\/07\/Local-Health-Micro-4.jpg 1254w, https:\/\/agrifood.com.au\/app\/uploads\/2025\/07\/Local-Health-Micro-4-300x200.jpg 300w, https:\/\/agrifood.com.au\/app\/uploads\/2025\/07\/Local-Health-Micro-4-1024x683.jpg 1024w, https:\/\/agrifood.com.au\/app\/uploads\/2025\/07\/Local-Health-Micro-4-768x512.jpg 768w\" sizes=\"auto, (max-width: 1254px) 100vw, 1254px\" \/><\/figure>\n<\/div>\n\n\n\n<div class=\"wp-block-column is-layout-flow wp-block-column-is-layout-flow\">\n<h2 class=\"wp-block-heading\">Tests microbiologiques sur les denr\u00e9es alimentaires<\/h2>\n\n\n\n<p>Agrifood Technology est un laboratoire sp\u00e9cialis\u00e9 dans les tests microbiologiques, accr\u00e9dit\u00e9 par la NATA, qui offre des services microbiologiques complets pour les tests de s\u00e9curit\u00e9 des aliments destin\u00e9s \u00e0 la consommation humaine et animale.<\/p>\n\n\n\n<p><strong><em>\u201cServices microbiologiques complets pour les tests de s\u00e9curit\u00e9 des denr\u00e9es alimentaires et des aliments pour animaux\u201d<\/em><\/strong><\/p>\n\n\n\n<p>Tous les services d'analyse effectu\u00e9s respectent des exigences strictes en mati\u00e8re d'accr\u00e9ditation et d'assurance de la qualit\u00e9 (NATA). Les tests microbiologiques sont un \u00e9l\u00e9ment important de tout programme de s\u00e9curit\u00e9 alimentaire et, \u00e0 ce titre, il est imp\u00e9ratif que les tests et les services soient effectu\u00e9s en temps voulu.<\/p>\n\n\n\n<div class=\"wp-block-buttons is-layout-flex wp-block-buttons-is-layout-flex\">\n<div class=\"wp-block-button\"><a class=\"wp-block-button__link wp-element-button\" href=\"\/fr\/services\/by-capability\/agrifood-services\/microbiological-testing\/\">VISITER LES ANALYSES MICROBIOLOGIQUES DES ALIMENTS<\/a><\/div>\n<\/div>\n<\/div>\n<\/div>\n<\/div>\n\n\n\n<div class=\"wp-block-group is-style-boxed is-layout-constrained wp-block-group-is-layout-constrained\">\n<div class=\"wp-block-columns is-style-mobile-reverse is-layout-flex wp-container-core-columns-is-layout-9d6595d7 wp-block-columns-is-layout-flex\">\n<div class=\"wp-block-column is-vertically-aligned-center is-layout-flow wp-block-column-is-layout-flow\">\n<h2 class=\"wp-block-heading\">Services de profilage nutritionnel<\/h2>\n\n\n\n<p>Si vous travaillez dans l'industrie alimentaire, vous connaissez l'importance des \u00e9tiquettes nutritionnelles sur les aliments que vous produisez et vendez. La r\u00e9putation de votre entreprise est en jeu lorsque vos clients se fient \u00e0 l'exactitude et aux d\u00e9tails de vos \u00e9tiquettes nutritionnelles.<\/p>\n\n\n\n<p>Chez Agrifood Technology, nous avons plus de 35 ans d'exp\u00e9rience dans ce domaine et nous sommes fiers de servir l'Australie gr\u00e2ce \u00e0 nos installations d'essai r\u00e9parties sur tout le continent. Si vous avez besoin de services de profilage nutritionnel, contactez-nous d\u00e8s aujourd'hui pour savoir comment nous pouvons vous aider.<\/p>\n\n\n\n<div class=\"wp-block-buttons is-layout-flex wp-block-buttons-is-layout-flex\">\n<div class=\"wp-block-button\"><a class=\"wp-block-button__link wp-element-button\" href=\"\/fr\/services\/by-capability\/agrifood-services\/nutritional-testing\/\">VISITEZ LES SERVICES DE PROFILAGE NUTRITIONNEL<\/a><\/div>\n<\/div>\n<\/div>\n\n\n\n<div class=\"wp-block-column is-layout-flow wp-block-column-is-layout-flow\">\n<figure class=\"wp-block-image size-full\"><img loading=\"lazy\" decoding=\"async\" width=\"1254\" height=\"836\" src=\"https:\/\/agrifood.com.au\/app\/uploads\/2025\/11\/Dairy.jpg\" alt=\"\" class=\"wp-image-2238\" srcset=\"https:\/\/agrifood.com.au\/app\/uploads\/2025\/11\/Dairy.jpg 1254w, https:\/\/agrifood.com.au\/app\/uploads\/2025\/11\/Dairy-300x200.jpg 300w, https:\/\/agrifood.com.au\/app\/uploads\/2025\/11\/Dairy-1024x683.jpg 1024w, https:\/\/agrifood.com.au\/app\/uploads\/2025\/11\/Dairy-768x512.jpg 768w, https:\/\/agrifood.com.au\/app\/uploads\/2025\/11\/Dairy-18x12.jpg 18w\" sizes=\"auto, (max-width: 1254px) 100vw, 1254px\" \/><\/figure>\n<\/div>\n<\/div>\n<\/div>\n\n\n\n<p><\/p>","protected":false},"excerpt":{"rendered":"<p>Agro-Nutritional Testing Agrifood Technology WA provides comprehensive testing services focused on water quality, agricultural lime (dolomite), and gypsum analysis to\u2026<\/p>","protected":false},"author":1,"featured_media":0,"parent":811,"menu_order":0,"comment_status":"closed","ping_status":"closed","template":"","meta":{"_acf_changed":false,"footnotes":""},"class_list":["post-813","page","type-page","status-publish","hentry"],"acf":[],"yoast_head":"<!-- This site is optimized with the Yoast SEO plugin v27.0 - https:\/\/yoast.com\/product\/yoast-seo-wordpress\/ -->\n<title>Agrifood Services - Agrifood Technology<\/title>\n<meta name=\"robots\" content=\"index, follow, max-snippet:-1, max-image-preview:large, max-video-preview:-1\" \/>\n<link rel=\"canonical\" href=\"https:\/\/agrifood.com.au\/fr\/services\/by-capability\/agrifood-services\/\" \/>\n<meta property=\"og:locale\" content=\"fr_FR\" \/>\n<meta property=\"og:type\" content=\"article\" \/>\n<meta property=\"og:title\" content=\"Agrifood Services - Agrifood Technology\" \/>\n<meta property=\"og:description\" content=\"Agro-Nutritional Testing Agrifood Technology WA provides comprehensive testing services focused on water quality, agricultural lime (dolomite), and gypsum analysis to\u2026\" \/>\n<meta property=\"og:url\" content=\"https:\/\/agrifood.com.au\/fr\/services\/by-capability\/agrifood-services\/\" \/>\n<meta property=\"og:site_name\" content=\"Agrifood Technology\" \/>\n<meta property=\"article:modified_time\" content=\"2025-11-28T00:40:44+00:00\" \/>\n<meta property=\"og:image\" content=\"https:\/\/agrifood.com.au\/app\/uploads\/2025\/11\/Bore-water.jpg\" \/>\n\t<meta property=\"og:image:width\" content=\"1254\" \/>\n\t<meta property=\"og:image:height\" content=\"836\" \/>\n\t<meta property=\"og:image:type\" content=\"image\/jpeg\" \/>\n<meta name=\"twitter:card\" content=\"summary_large_image\" \/>\n<meta name=\"twitter:label1\" content=\"Est. reading time\" \/>\n\t<meta name=\"twitter:data1\" content=\"2 minutes\" \/>\n<script type=\"application\/ld+json\" class=\"yoast-schema-graph\">{\"@context\":\"https:\/\/schema.org\",\"@graph\":[{\"@type\":\"WebPage\",\"@id\":\"https:\/\/agrifood.com.au\/services\/by-capability\/agrifood-services\/\",\"url\":\"https:\/\/agrifood.com.au\/services\/by-capability\/agrifood-services\/\",\"name\":\"Agrifood Services - Agrifood Technology\",\"isPartOf\":{\"@id\":\"https:\/\/agrifood.com.au\/#website\"},\"primaryImageOfPage\":{\"@id\":\"https:\/\/agrifood.com.au\/services\/by-capability\/agrifood-services\/#primaryimage\"},\"image\":{\"@id\":\"https:\/\/agrifood.com.au\/services\/by-capability\/agrifood-services\/#primaryimage\"},\"thumbnailUrl\":\"https:\/\/agrifood.com.au\/app\/uploads\/2025\/11\/Bore-water.jpg\",\"datePublished\":\"2025-09-11T14:10:21+00:00\",\"dateModified\":\"2025-11-28T00:40:44+00:00\",\"breadcrumb\":{\"@id\":\"https:\/\/agrifood.com.au\/services\/by-capability\/agrifood-services\/#breadcrumb\"},\"inLanguage\":\"fr-FR\",\"potentialAction\":[{\"@type\":\"ReadAction\",\"target\":[\"https:\/\/agrifood.com.au\/services\/by-capability\/agrifood-services\/\"]}]},{\"@type\":\"ImageObject\",\"inLanguage\":\"fr-FR\",\"@id\":\"https:\/\/agrifood.com.au\/services\/by-capability\/agrifood-services\/#primaryimage\",\"url\":\"https:\/\/agrifood.com.au\/app\/uploads\/2025\/11\/Bore-water.jpg\",\"contentUrl\":\"https:\/\/agrifood.com.au\/app\/uploads\/2025\/11\/Bore-water.jpg\"},{\"@type\":\"BreadcrumbList\",\"@id\":\"https:\/\/agrifood.com.au\/services\/by-capability\/agrifood-services\/#breadcrumb\",\"itemListElement\":[{\"@type\":\"ListItem\",\"position\":1,\"name\":\"Home\",\"item\":\"https:\/\/agrifood.com.au\/\"},{\"@type\":\"ListItem\",\"position\":2,\"name\":\"Services\",\"item\":\"https:\/\/agrifood.com.au\/services\/\"},{\"@type\":\"ListItem\",\"position\":3,\"name\":\"By Capability\",\"item\":\"https:\/\/agrifood.com.au\/?page_id=811\"},{\"@type\":\"ListItem\",\"position\":4,\"name\":\"Agrifood Services\"}]},{\"@type\":\"WebSite\",\"@id\":\"https:\/\/agrifood.com.au\/#website\",\"url\":\"https:\/\/agrifood.com.au\/\",\"name\":\"Agrifood Technology\",\"description\":\"\",\"publisher\":{\"@id\":\"https:\/\/agrifood.com.au\/#organization\"},\"potentialAction\":[{\"@type\":\"SearchAction\",\"target\":{\"@type\":\"EntryPoint\",\"urlTemplate\":\"https:\/\/agrifood.com.au\/?s={search_term_string}\"},\"query-input\":{\"@type\":\"PropertyValueSpecification\",\"valueRequired\":true,\"valueName\":\"search_term_string\"}}],\"inLanguage\":\"fr-FR\"},{\"@type\":\"Organization\",\"@id\":\"https:\/\/agrifood.com.au\/#organization\",\"name\":\"Agrifood Technology\",\"url\":\"https:\/\/agrifood.com.au\/\",\"logo\":{\"@type\":\"ImageObject\",\"inLanguage\":\"fr-FR\",\"@id\":\"https:\/\/agrifood.com.au\/#\/schema\/logo\/image\/\",\"url\":\"https:\/\/agrifood.com.au\/app\/uploads\/2025\/10\/Agrifood-News-Photo-scaled.png\",\"contentUrl\":\"https:\/\/agrifood.com.au\/app\/uploads\/2025\/10\/Agrifood-News-Photo-scaled.png\",\"width\":2560,\"height\":1580,\"caption\":\"Agrifood Technology\"},\"image\":{\"@id\":\"https:\/\/agrifood.com.au\/#\/schema\/logo\/image\/\"}}]}<\/script>\n<!-- \/ Yoast SEO plugin. -->","yoast_head_json":{"title":"Agrifood Services - Agrifood Technology","robots":{"index":"index","follow":"follow","max-snippet":"max-snippet:-1","max-image-preview":"max-image-preview:large","max-video-preview":"max-video-preview:-1"},"canonical":"https:\/\/agrifood.com.au\/fr\/services\/by-capability\/agrifood-services\/","og_locale":"fr_FR","og_type":"article","og_title":"Agrifood Services - Agrifood Technology","og_description":"Agro-Nutritional Testing Agrifood Technology WA provides comprehensive testing services focused on water quality, agricultural lime (dolomite), and gypsum analysis to\u2026","og_url":"https:\/\/agrifood.com.au\/fr\/services\/by-capability\/agrifood-services\/","og_site_name":"Agrifood Technology","article_modified_time":"2025-11-28T00:40:44+00:00","og_image":[{"width":1254,"height":836,"url":"https:\/\/agrifood.com.au\/app\/uploads\/2025\/11\/Bore-water.jpg","type":"image\/jpeg"}],"twitter_card":"summary_large_image","twitter_misc":{"Est. reading time":"2 minutes"},"schema":{"@context":"https:\/\/schema.org","@graph":[{"@type":"WebPage","@id":"https:\/\/agrifood.com.au\/services\/by-capability\/agrifood-services\/","url":"https:\/\/agrifood.com.au\/services\/by-capability\/agrifood-services\/","name":"Agrifood Services - Agrifood Technology","isPartOf":{"@id":"https:\/\/agrifood.com.au\/#website"},"primaryImageOfPage":{"@id":"https:\/\/agrifood.com.au\/services\/by-capability\/agrifood-services\/#primaryimage"},"image":{"@id":"https:\/\/agrifood.com.au\/services\/by-capability\/agrifood-services\/#primaryimage"},"thumbnailUrl":"https:\/\/agrifood.com.au\/app\/uploads\/2025\/11\/Bore-water.jpg","datePublished":"2025-09-11T14:10:21+00:00","dateModified":"2025-11-28T00:40:44+00:00","breadcrumb":{"@id":"https:\/\/agrifood.com.au\/services\/by-capability\/agrifood-services\/#breadcrumb"},"inLanguage":"fr-FR","potentialAction":[{"@type":"ReadAction","target":["https:\/\/agrifood.com.au\/services\/by-capability\/agrifood-services\/"]}]},{"@type":"ImageObject","inLanguage":"fr-FR","@id":"https:\/\/agrifood.com.au\/services\/by-capability\/agrifood-services\/#primaryimage","url":"https:\/\/agrifood.com.au\/app\/uploads\/2025\/11\/Bore-water.jpg","contentUrl":"https:\/\/agrifood.com.au\/app\/uploads\/2025\/11\/Bore-water.jpg"},{"@type":"BreadcrumbList","@id":"https:\/\/agrifood.com.au\/services\/by-capability\/agrifood-services\/#breadcrumb","itemListElement":[{"@type":"ListItem","position":1,"name":"Home","item":"https:\/\/agrifood.com.au\/"},{"@type":"ListItem","position":2,"name":"Services","item":"https:\/\/agrifood.com.au\/services\/"},{"@type":"ListItem","position":3,"name":"By Capability","item":"https:\/\/agrifood.com.au\/?page_id=811"},{"@type":"ListItem","position":4,"name":"Agrifood Services"}]},{"@type":"WebSite","@id":"https:\/\/agrifood.com.au\/#website","url":"https:\/\/agrifood.com.au\/","name":"Technologie agroalimentaire","description":"","publisher":{"@id":"https:\/\/agrifood.com.au\/#organization"},"potentialAction":[{"@type":"SearchAction","target":{"@type":"EntryPoint","urlTemplate":"https:\/\/agrifood.com.au\/?s={search_term_string}"},"query-input":{"@type":"PropertyValueSpecification","valueRequired":true,"valueName":"search_term_string"}}],"inLanguage":"fr-FR"},{"@type":"Organization","@id":"https:\/\/agrifood.com.au\/#organization","name":"Technologie agroalimentaire","url":"https:\/\/agrifood.com.au\/","logo":{"@type":"ImageObject","inLanguage":"fr-FR","@id":"https:\/\/agrifood.com.au\/#\/schema\/logo\/image\/","url":"https:\/\/agrifood.com.au\/app\/uploads\/2025\/10\/Agrifood-News-Photo-scaled.png","contentUrl":"https:\/\/agrifood.com.au\/app\/uploads\/2025\/10\/Agrifood-News-Photo-scaled.png","width":2560,"height":1580,"caption":"Agrifood Technology"},"image":{"@id":"https:\/\/agrifood.com.au\/#\/schema\/logo\/image\/"}}]}},"_links":{"self":[{"href":"https:\/\/agrifood.com.au\/fr\/wp-json\/wp\/v2\/pages\/813","targetHints":{"allow":["GET"]}}],"collection":[{"href":"https:\/\/agrifood.com.au\/fr\/wp-json\/wp\/v2\/pages"}],"about":[{"href":"https:\/\/agrifood.com.au\/fr\/wp-json\/wp\/v2\/types\/page"}],"author":[{"embeddable":true,"href":"https:\/\/agrifood.com.au\/fr\/wp-json\/wp\/v2\/users\/1"}],"replies":[{"embeddable":true,"href":"https:\/\/agrifood.com.au\/fr\/wp-json\/wp\/v2\/comments?post=813"}],"version-history":[{"count":71,"href":"https:\/\/agrifood.com.au\/fr\/wp-json\/wp\/v2\/pages\/813\/revisions"}],"predecessor-version":[{"id":2730,"href":"https:\/\/agrifood.com.au\/fr\/wp-json\/wp\/v2\/pages\/813\/revisions\/2730"}],"up":[{"embeddable":true,"href":"https:\/\/agrifood.com.au\/fr\/wp-json\/wp\/v2\/pages\/811"}],"wp:attachment":[{"href":"https:\/\/agrifood.com.au\/fr\/wp-json\/wp\/v2\/media?parent=813"}],"curies":[{"name":"wp","href":"https:\/\/api.w.org\/{rel}","templated":true}]}}