{"id":819,"date":"2025-09-11T14:11:48","date_gmt":"2025-09-11T14:11:48","guid":{"rendered":"https:\/\/agrifood.swim.net.au\/?page_id=819"},"modified":"2025-11-27T01:37:03","modified_gmt":"2025-11-27T01:37:03","slug":"microbiological-testing","status":"publish","type":"page","link":"https:\/\/agrifood.com.au\/fr\/services\/by-capability\/agrifood-services\/microbiological-testing\/","title":{"rendered":"Tests microbiologiques"},"content":{"rendered":"<div class=\"wp-block-group is-style-boxed is-layout-constrained wp-block-group-is-layout-constrained\">\n<div class=\"wp-block-columns is-layout-flex wp-container-core-columns-is-layout-9d6595d7 wp-block-columns-is-layout-flex\">\n<div class=\"wp-block-column is-vertically-aligned-center is-layout-flow wp-block-column-is-layout-flow\">\n<p>Agrifood Technology est un laboratoire sp\u00e9cialis\u00e9 dans les tests microbiologiques, accr\u00e9dit\u00e9 par la NATA, qui offre des services microbiologiques complets pour les tests de s\u00e9curit\u00e9 des aliments destin\u00e9s \u00e0 la consommation humaine et animale.<\/p>\n\n\n\n<p><strong><em>\u201cServices microbiologiques complets pour les tests de s\u00e9curit\u00e9 des denr\u00e9es alimentaires et des aliments pour animaux\u201d<\/em><\/strong><\/p>\n\n\n\n<p>Tous les services d'analyse effectu\u00e9s respectent des exigences strictes en mati\u00e8re d'accr\u00e9ditation et d'assurance de la qualit\u00e9 (NATA). Les tests microbiologiques sont un \u00e9l\u00e9ment important de tout programme de s\u00e9curit\u00e9 alimentaire et, \u00e0 ce titre, il est imp\u00e9ratif que les tests et les services soient effectu\u00e9s en temps voulu.<\/p>\n<\/div>\n\n\n\n<div class=\"wp-block-column is-layout-flow wp-block-column-is-layout-flow\">\n<figure class=\"wp-block-image size-full\"><img loading=\"lazy\" decoding=\"async\" width=\"1254\" height=\"836\" src=\"https:\/\/agrifood.com.au\/app\/uploads\/2025\/07\/Local-Health-Micro-4.jpg\" alt=\"\" class=\"wp-image-662\" srcset=\"https:\/\/agrifood.com.au\/app\/uploads\/2025\/07\/Local-Health-Micro-4.jpg 1254w, https:\/\/agrifood.com.au\/app\/uploads\/2025\/07\/Local-Health-Micro-4-300x200.jpg 300w, https:\/\/agrifood.com.au\/app\/uploads\/2025\/07\/Local-Health-Micro-4-1024x683.jpg 1024w, https:\/\/agrifood.com.au\/app\/uploads\/2025\/07\/Local-Health-Micro-4-768x512.jpg 768w\" sizes=\"auto, (max-width: 1254px) 100vw, 1254px\" \/><\/figure>\n<\/div>\n<\/div>\n\n\n\n<div class=\"wp-block-columns is-layout-flex wp-container-core-columns-is-layout-9d6595d7 wp-block-columns-is-layout-flex\">\n<div class=\"wp-block-column is-layout-flow wp-block-column-is-layout-flow\">\n<figure class=\"wp-block-image size-large\"><img loading=\"lazy\" decoding=\"async\" width=\"1024\" height=\"683\" src=\"https:\/\/agrifood.com.au\/app\/uploads\/2025\/11\/Bread-sorts-1024x683.jpg\" alt=\"\" class=\"wp-image-2281\" srcset=\"https:\/\/agrifood.com.au\/app\/uploads\/2025\/11\/Bread-sorts-1024x683.jpg 1024w, https:\/\/agrifood.com.au\/app\/uploads\/2025\/11\/Bread-sorts-300x200.jpg 300w, https:\/\/agrifood.com.au\/app\/uploads\/2025\/11\/Bread-sorts-768x512.jpg 768w, https:\/\/agrifood.com.au\/app\/uploads\/2025\/11\/Bread-sorts-1536x1024.jpg 1536w, https:\/\/agrifood.com.au\/app\/uploads\/2025\/11\/Bread-sorts-2048x1365.jpg 2048w, https:\/\/agrifood.com.au\/app\/uploads\/2025\/11\/Bread-sorts-18x12.jpg 18w, https:\/\/agrifood.com.au\/app\/uploads\/2025\/11\/Bread-sorts-scaled.jpg 2560w\" sizes=\"auto, (max-width: 1024px) 100vw, 1024px\" \/><\/figure>\n<\/div>\n\n\n\n<div class=\"wp-block-column is-vertically-aligned-center is-layout-flow wp-block-column-is-layout-flow\">\n<p>Agrifood Technology propose une large gamme de services microbiologiques pour r\u00e9pondre aux exigences de mise sur le march\u00e9 de vos produits et garantir la s\u00e9curit\u00e9 et l'hygi\u00e8ne de vos processus de production et de vos syst\u00e8mes de s\u00e9curit\u00e9 environnementale par le biais de tests environnementaux et d'\u00e9couvillonnage de surface. La nouvelle m\u00e9thode MDS a un temps de latence de 24 heures pour les pathog\u00e8nes tels que Salmonella, Listeria et Campylobacter.  De plus, gr\u00e2ce au d\u00e9lai d'attente rapide propos\u00e9 pour la plupart des tests, vous pouvez obtenir vos r\u00e9sultats en mati\u00e8re de s\u00e9curit\u00e9 alimentaire plus rapidement que jamais.<\/p>\n<\/div>\n<\/div>\n\n\n\n<div class=\"wp-block-columns is-layout-flex wp-container-core-columns-is-layout-9d6595d7 wp-block-columns-is-layout-flex\">\n<div class=\"wp-block-column is-layout-flow wp-block-column-is-layout-flow\">\n<h3 class=\"wp-block-heading\"><strong>Tests cl\u00e9s :<\/strong><\/h3>\n\n\n\n<ul class=\"wp-block-list\">\n<li>D\u00e9nombrement des plaques ana\u00e9robies Coliformes<\/li>\n\n\n\n<li>Bacillus cereus<\/li>\n\n\n\n<li>Campylobacter Spp<\/li>\n\n\n\n<li>Staphylocoque \u00e0 coagulase positive<\/li>\n\n\n\n<li>Clostridium perfringens<\/li>\n\n\n\n<li>E.coli<\/li>\n\n\n\n<li>Ent\u00e9robact\u00e9ries<\/li>\n\n\n\n<li>Bact\u00e9ries lactiques<\/li>\n\n\n\n<li>Listeria<\/li>\n\n\n\n<li>Pseudomonas spp<\/li>\n\n\n\n<li>Spores de corde<\/li>\n\n\n\n<li>Salmonelle<\/li>\n\n\n\n<li>Nombre de plaques standard<\/li>\n\n\n\n<li>Vibrio Parahaemolyticus<\/li>\n\n\n\n<li>Levures et moisissures<\/li>\n<\/ul>\n<\/div>\n\n\n\n<div class=\"wp-block-column is-layout-flow wp-block-column-is-layout-flow\">\n<figure class=\"wp-block-image size-large\"><img loading=\"lazy\" decoding=\"async\" width=\"1024\" height=\"683\" src=\"https:\/\/agrifood.com.au\/app\/uploads\/2025\/11\/Dairy-1-1024x683.jpg\" alt=\"\" class=\"wp-image-2291\" srcset=\"https:\/\/agrifood.com.au\/app\/uploads\/2025\/11\/Dairy-1-1024x683.jpg 1024w, https:\/\/agrifood.com.au\/app\/uploads\/2025\/11\/Dairy-1-300x200.jpg 300w, https:\/\/agrifood.com.au\/app\/uploads\/2025\/11\/Dairy-1-768x512.jpg 768w, https:\/\/agrifood.com.au\/app\/uploads\/2025\/11\/Dairy-1-18x12.jpg 18w, https:\/\/agrifood.com.au\/app\/uploads\/2025\/11\/Dairy-1.jpg 1254w\" sizes=\"auto, (max-width: 1024px) 100vw, 1024px\" \/><\/figure>\n<\/div>\n<\/div>\n<\/div>\n\n\n\n<div class=\"wp-block-group is-style-carousel is-layout-constrained wp-block-group-is-layout-constrained\">\n<h3 class=\"wp-block-heading\">Les principales capacit\u00e9s d'essai sont les suivantes<\/h3>\n\n\n<div class=\"carousel-slider-outer carousel-slider-outer-image-carousel carousel-slider-outer-2270\" style=\"--carousel-slider-nav-color:rgb(30,115,190);--carousel-slider-active-nav-color:rgb(40,155,255);--carousel-slider-arrow-size:48px;--carousel-slider-bullet-size:10px\">\n<div id=\"&#039;id-2270\" class=\"carousel-slider carousel-slider-2270 arrows-visibility-always dots-visibility-never arrows-outside dots-center dots-circle owl-carousel\" data-slide-type=\"image-carousel\" data-owl-settings='{\"nav\":true,\"dots\":false,\"slideBy\":1,\"stagePadding\":30,\"margin\":10,\"loop\":false,\"lazyLoad\":false,\"autoplay\":false,\"autoplayTimeout\":5000,\"autoplaySpeed\":500,\"autoplayHoverPause\":false,\"autoWidth\":true,\"responsive\":{\"300\":{\"items\":1},\"576\":{\"items\":2},\"768\":{\"items\":2},\"1024\":{\"items\":3},\"1280\":{\"items\":4},\"1536\":{\"items\":5}}}'>\n<div class=\"carousel-slider__item\">\n\t<a href=\"https:\/\/agrifood.com.au\/fr\/services\/by-capability\/agrifood-services\/microbiological-testing\/shelf-life-testing\/\" target=\"_self\"><img loading=\"lazy\" decoding=\"async\" width=\"300\" height=\"200\" src=\"https:\/\/agrifood.com.au\/app\/uploads\/2025\/11\/Shelf-Life-Testing-300x200.jpg\" class=\"attachment-medium size-medium\" alt=\"\" srcset=\"https:\/\/agrifood.com.au\/app\/uploads\/2025\/11\/Shelf-Life-Testing-300x200.jpg 300w, https:\/\/agrifood.com.au\/app\/uploads\/2025\/11\/Shelf-Life-Testing-768x512.jpg 768w, https:\/\/agrifood.com.au\/app\/uploads\/2025\/11\/Shelf-Life-Testing-18x12.jpg 18w, https:\/\/agrifood.com.au\/app\/uploads\/2025\/11\/Shelf-Life-Testing.jpg 816w\" sizes=\"auto, (max-width: 300px) 100vw, 300px\" \/><div class=\"carousel-slider__caption\"><h4 class=\"title\">Test de dur\u00e9e de conservation<\/h4><p class=\"caption\">Les tests de dur\u00e9e de conservation sont essentiels pour d\u00e9terminer si un produit reste s\u00fbr, efficace et stable dans ses conditions de stockage. Cela permet aux consommateurs d'avoir confiance dans les produits qu'ils consomment et de r\u00e9pondre aux exigences r\u00e9glementaires requises pour la vente au d\u00e9tail. <\/p><\/div><\/a><\/div>\n\n<div class=\"carousel-slider__item\">\n\t<a href=\"https:\/\/agrifood.com.au\/fr\/services\/by-capability\/agrifood-services\/microbiological-testing\/pool-and-spa-water-testing\/\" target=\"_self\"><img loading=\"lazy\" decoding=\"async\" width=\"300\" height=\"200\" src=\"https:\/\/agrifood.com.au\/app\/uploads\/2025\/09\/10-300x200.jpg\" class=\"attachment-medium size-medium\" alt=\"\" srcset=\"https:\/\/agrifood.com.au\/app\/uploads\/2025\/09\/10-300x200.jpg 300w, https:\/\/agrifood.com.au\/app\/uploads\/2025\/09\/10-1024x683.jpg 1024w, https:\/\/agrifood.com.au\/app\/uploads\/2025\/09\/10-768x512.jpg 768w, https:\/\/agrifood.com.au\/app\/uploads\/2025\/09\/10-1536x1024.jpg 1536w, https:\/\/agrifood.com.au\/app\/uploads\/2025\/09\/10-18x12.jpg 18w, https:\/\/agrifood.com.au\/app\/uploads\/2025\/09\/10.jpg 1887w\" sizes=\"auto, (max-width: 300px) 100vw, 300px\" \/><div class=\"carousel-slider__caption\"><h4 class=\"title\">Analyse de l'eau des piscines et des spas<\/h4><p class=\"caption\">Il est important de g\u00e9rer correctement les installations aquatiques afin de minimiser les risques pour la sant\u00e9 publique que les utilisateurs soient affect\u00e9s par des micro-organismes pathog\u00e8nes transmis par l'eau contamin\u00e9e des piscines, les surfaces contamin\u00e9es ou le contact de personne \u00e0 personne. <\/p><\/div><\/a><\/div>\n\n<div class=\"carousel-slider__item\">\n\t<a href=\"https:\/\/agrifood.com.au\/fr\/services\/by-capability\/agrifood-services\/microbiological-testing\/environmental-monitoring\/\" target=\"_self\"><img loading=\"lazy\" decoding=\"async\" width=\"300\" height=\"300\" src=\"https:\/\/agrifood.com.au\/app\/uploads\/2025\/11\/Environmental-Testing-300x300.jpg\" class=\"attachment-medium size-medium\" alt=\"\" srcset=\"https:\/\/agrifood.com.au\/app\/uploads\/2025\/11\/Environmental-Testing-300x300.jpg 300w, https:\/\/agrifood.com.au\/app\/uploads\/2025\/11\/Environmental-Testing-1024x1024.jpg 1024w, https:\/\/agrifood.com.au\/app\/uploads\/2025\/11\/Environmental-Testing-150x150.jpg 150w, https:\/\/agrifood.com.au\/app\/uploads\/2025\/11\/Environmental-Testing-768x768.jpg 768w, https:\/\/agrifood.com.au\/app\/uploads\/2025\/11\/Environmental-Testing-1536x1536.jpg 1536w, https:\/\/agrifood.com.au\/app\/uploads\/2025\/11\/Environmental-Testing-12x12.jpg 12w, https:\/\/agrifood.com.au\/app\/uploads\/2025\/11\/Environmental-Testing.jpg 1887w\" sizes=\"auto, (max-width: 300px) 100vw, 300px\" \/><div class=\"carousel-slider__caption\"><h4 class=\"title\">Surveillance de l'environnement<\/h4><p class=\"caption\">La surveillance de l'environnement permet de v\u00e9rifier l'efficacit\u00e9 du nettoyage et de pr\u00e9venir la contamination crois\u00e9e, de minimiser le risque de contamination microbienne, notamment par des agents pathog\u00e8nes dangereux, et de prot\u00e9ger les consommateurs contre les maladies d'origine alimentaire.<\/p><\/div><\/a><\/div>\n\n<\/div><!-- .carousel-slider-2270 -->\n<\/div><!-- .carousel-slider-outer-2270 -->\n\n<\/div>\n\n\n\n<div class=\"wp-block-group is-style-boxed is-layout-constrained wp-block-group-is-layout-constrained\">\n<h2 class=\"wp-block-heading\"><strong>Lire la suite<\/strong><\/h2>\n\n\n\n<div class=\"wp-block-buttons is-layout-flex wp-block-buttons-is-layout-flex\">\n<div class=\"wp-block-button is-style-default\"><a class=\"wp-block-button__link wp-element-button\" href=\"\/fr\/services\/by-capability\/agrifood-services\/nutritional-testing\/\" target=\"_blank\" rel=\"noreferrer noopener\">Tests nutritionnels<\/a><\/div>\n\n\n\n<div class=\"wp-block-button is-style-default\"><a class=\"wp-block-button__link wp-element-button\" href=\"\/fr\/services\/by-capability\/agrifood-services\/food-safety-testing\/allergen-testing\/\" target=\"_blank\" rel=\"noreferrer noopener\">Test d'allerg\u00e8nes<\/a><\/div>\n<\/div>\n\n\n\n<p><\/p>\n<\/div>","protected":false},"excerpt":{"rendered":"<p>Agrifood Technology is a NATA accredited specialised Microbiological Testing Laboratory &#8211; offering complete microbiological services in Food &amp; Feed safety te\u2026<\/p>","protected":false},"author":1,"featured_media":0,"parent":813,"menu_order":0,"comment_status":"closed","ping_status":"closed","template":"","meta":{"_acf_changed":false,"footnotes":""},"class_list":["post-819","page","type-page","status-publish","hentry"],"acf":[],"yoast_head":"<!-- This site is optimized with the Yoast SEO plugin v27.0 - https:\/\/yoast.com\/product\/yoast-seo-wordpress\/ -->\n<title>Microbiological Testing - Agrifood Technology<\/title>\n<meta name=\"robots\" content=\"index, follow, max-snippet:-1, max-image-preview:large, max-video-preview:-1\" \/>\n<link rel=\"canonical\" href=\"https:\/\/agrifood.com.au\/fr\/services\/by-capability\/agrifood-services\/microbiological-testing\/\" \/>\n<meta property=\"og:locale\" content=\"fr_FR\" \/>\n<meta property=\"og:type\" content=\"article\" \/>\n<meta property=\"og:title\" content=\"Microbiological Testing - Agrifood Technology\" \/>\n<meta property=\"og:description\" content=\"Agrifood Technology is a NATA accredited specialised Microbiological Testing Laboratory &#8211; offering complete microbiological services in Food &amp; Feed safety te\u2026\" \/>\n<meta property=\"og:url\" content=\"https:\/\/agrifood.com.au\/fr\/services\/by-capability\/agrifood-services\/microbiological-testing\/\" \/>\n<meta property=\"og:site_name\" content=\"Agrifood Technology\" \/>\n<meta property=\"article:modified_time\" content=\"2025-11-27T01:37:03+00:00\" \/>\n<meta property=\"og:image\" content=\"https:\/\/agrifood.com.au\/app\/uploads\/2025\/07\/Local-Health-Micro-4.jpg\" \/>\n\t<meta property=\"og:image:width\" content=\"1254\" \/>\n\t<meta property=\"og:image:height\" content=\"836\" \/>\n\t<meta property=\"og:image:type\" content=\"image\/jpeg\" \/>\n<meta name=\"twitter:card\" content=\"summary_large_image\" \/>\n<meta name=\"twitter:label1\" content=\"Est. reading time\" \/>\n\t<meta name=\"twitter:data1\" content=\"1 minute\" \/>\n<script type=\"application\/ld+json\" class=\"yoast-schema-graph\">{\"@context\":\"https:\/\/schema.org\",\"@graph\":[{\"@type\":\"WebPage\",\"@id\":\"https:\/\/agrifood.com.au\/services\/by-capability\/agrifood-services\/microbiological-testing\/\",\"url\":\"https:\/\/agrifood.com.au\/services\/by-capability\/agrifood-services\/microbiological-testing\/\",\"name\":\"Microbiological Testing - Agrifood Technology\",\"isPartOf\":{\"@id\":\"https:\/\/agrifood.com.au\/#website\"},\"primaryImageOfPage\":{\"@id\":\"https:\/\/agrifood.com.au\/services\/by-capability\/agrifood-services\/microbiological-testing\/#primaryimage\"},\"image\":{\"@id\":\"https:\/\/agrifood.com.au\/services\/by-capability\/agrifood-services\/microbiological-testing\/#primaryimage\"},\"thumbnailUrl\":\"https:\/\/agrifood.com.au\/app\/uploads\/2025\/07\/Local-Health-Micro-4.jpg\",\"datePublished\":\"2025-09-11T14:11:48+00:00\",\"dateModified\":\"2025-11-27T01:37:03+00:00\",\"breadcrumb\":{\"@id\":\"https:\/\/agrifood.com.au\/services\/by-capability\/agrifood-services\/microbiological-testing\/#breadcrumb\"},\"inLanguage\":\"fr-FR\",\"potentialAction\":[{\"@type\":\"ReadAction\",\"target\":[\"https:\/\/agrifood.com.au\/services\/by-capability\/agrifood-services\/microbiological-testing\/\"]}]},{\"@type\":\"ImageObject\",\"inLanguage\":\"fr-FR\",\"@id\":\"https:\/\/agrifood.com.au\/services\/by-capability\/agrifood-services\/microbiological-testing\/#primaryimage\",\"url\":\"https:\/\/agrifood.com.au\/app\/uploads\/2025\/07\/Local-Health-Micro-4.jpg\",\"contentUrl\":\"https:\/\/agrifood.com.au\/app\/uploads\/2025\/07\/Local-Health-Micro-4.jpg\"},{\"@type\":\"BreadcrumbList\",\"@id\":\"https:\/\/agrifood.com.au\/services\/by-capability\/agrifood-services\/microbiological-testing\/#breadcrumb\",\"itemListElement\":[{\"@type\":\"ListItem\",\"position\":1,\"name\":\"Home\",\"item\":\"https:\/\/agrifood.com.au\/\"},{\"@type\":\"ListItem\",\"position\":2,\"name\":\"Services\",\"item\":\"https:\/\/agrifood.com.au\/services\/\"},{\"@type\":\"ListItem\",\"position\":3,\"name\":\"By Capability\",\"item\":\"https:\/\/agrifood.com.au\/?page_id=811\"},{\"@type\":\"ListItem\",\"position\":4,\"name\":\"Agrifood Services\",\"item\":\"https:\/\/agrifood.com.au\/services\/by-capability\/agrifood-services\/\"},{\"@type\":\"ListItem\",\"position\":5,\"name\":\"Microbiological Testing\"}]},{\"@type\":\"WebSite\",\"@id\":\"https:\/\/agrifood.com.au\/#website\",\"url\":\"https:\/\/agrifood.com.au\/\",\"name\":\"Agrifood Technology\",\"description\":\"\",\"publisher\":{\"@id\":\"https:\/\/agrifood.com.au\/#organization\"},\"potentialAction\":[{\"@type\":\"SearchAction\",\"target\":{\"@type\":\"EntryPoint\",\"urlTemplate\":\"https:\/\/agrifood.com.au\/?s={search_term_string}\"},\"query-input\":{\"@type\":\"PropertyValueSpecification\",\"valueRequired\":true,\"valueName\":\"search_term_string\"}}],\"inLanguage\":\"fr-FR\"},{\"@type\":\"Organization\",\"@id\":\"https:\/\/agrifood.com.au\/#organization\",\"name\":\"Agrifood Technology\",\"url\":\"https:\/\/agrifood.com.au\/\",\"logo\":{\"@type\":\"ImageObject\",\"inLanguage\":\"fr-FR\",\"@id\":\"https:\/\/agrifood.com.au\/#\/schema\/logo\/image\/\",\"url\":\"https:\/\/agrifood.com.au\/app\/uploads\/2025\/10\/Agrifood-News-Photo-scaled.png\",\"contentUrl\":\"https:\/\/agrifood.com.au\/app\/uploads\/2025\/10\/Agrifood-News-Photo-scaled.png\",\"width\":2560,\"height\":1580,\"caption\":\"Agrifood Technology\"},\"image\":{\"@id\":\"https:\/\/agrifood.com.au\/#\/schema\/logo\/image\/\"}}]}<\/script>\n<!-- \/ Yoast SEO plugin. -->","yoast_head_json":{"title":"Microbiological Testing - Agrifood Technology","robots":{"index":"index","follow":"follow","max-snippet":"max-snippet:-1","max-image-preview":"max-image-preview:large","max-video-preview":"max-video-preview:-1"},"canonical":"https:\/\/agrifood.com.au\/fr\/services\/by-capability\/agrifood-services\/microbiological-testing\/","og_locale":"fr_FR","og_type":"article","og_title":"Microbiological Testing - Agrifood Technology","og_description":"Agrifood Technology is a NATA accredited specialised Microbiological Testing Laboratory &#8211; offering complete microbiological services in Food &amp; Feed safety te\u2026","og_url":"https:\/\/agrifood.com.au\/fr\/services\/by-capability\/agrifood-services\/microbiological-testing\/","og_site_name":"Agrifood Technology","article_modified_time":"2025-11-27T01:37:03+00:00","og_image":[{"width":1254,"height":836,"url":"https:\/\/agrifood.com.au\/app\/uploads\/2025\/07\/Local-Health-Micro-4.jpg","type":"image\/jpeg"}],"twitter_card":"summary_large_image","twitter_misc":{"Est. reading time":"1 minute"},"schema":{"@context":"https:\/\/schema.org","@graph":[{"@type":"WebPage","@id":"https:\/\/agrifood.com.au\/services\/by-capability\/agrifood-services\/microbiological-testing\/","url":"https:\/\/agrifood.com.au\/services\/by-capability\/agrifood-services\/microbiological-testing\/","name":"Microbiological Testing - Agrifood Technology","isPartOf":{"@id":"https:\/\/agrifood.com.au\/#website"},"primaryImageOfPage":{"@id":"https:\/\/agrifood.com.au\/services\/by-capability\/agrifood-services\/microbiological-testing\/#primaryimage"},"image":{"@id":"https:\/\/agrifood.com.au\/services\/by-capability\/agrifood-services\/microbiological-testing\/#primaryimage"},"thumbnailUrl":"https:\/\/agrifood.com.au\/app\/uploads\/2025\/07\/Local-Health-Micro-4.jpg","datePublished":"2025-09-11T14:11:48+00:00","dateModified":"2025-11-27T01:37:03+00:00","breadcrumb":{"@id":"https:\/\/agrifood.com.au\/services\/by-capability\/agrifood-services\/microbiological-testing\/#breadcrumb"},"inLanguage":"fr-FR","potentialAction":[{"@type":"ReadAction","target":["https:\/\/agrifood.com.au\/services\/by-capability\/agrifood-services\/microbiological-testing\/"]}]},{"@type":"ImageObject","inLanguage":"fr-FR","@id":"https:\/\/agrifood.com.au\/services\/by-capability\/agrifood-services\/microbiological-testing\/#primaryimage","url":"https:\/\/agrifood.com.au\/app\/uploads\/2025\/07\/Local-Health-Micro-4.jpg","contentUrl":"https:\/\/agrifood.com.au\/app\/uploads\/2025\/07\/Local-Health-Micro-4.jpg"},{"@type":"BreadcrumbList","@id":"https:\/\/agrifood.com.au\/services\/by-capability\/agrifood-services\/microbiological-testing\/#breadcrumb","itemListElement":[{"@type":"ListItem","position":1,"name":"Home","item":"https:\/\/agrifood.com.au\/"},{"@type":"ListItem","position":2,"name":"Services","item":"https:\/\/agrifood.com.au\/services\/"},{"@type":"ListItem","position":3,"name":"By Capability","item":"https:\/\/agrifood.com.au\/?page_id=811"},{"@type":"ListItem","position":4,"name":"Agrifood Services","item":"https:\/\/agrifood.com.au\/services\/by-capability\/agrifood-services\/"},{"@type":"ListItem","position":5,"name":"Microbiological Testing"}]},{"@type":"WebSite","@id":"https:\/\/agrifood.com.au\/#website","url":"https:\/\/agrifood.com.au\/","name":"Technologie agroalimentaire","description":"","publisher":{"@id":"https:\/\/agrifood.com.au\/#organization"},"potentialAction":[{"@type":"SearchAction","target":{"@type":"EntryPoint","urlTemplate":"https:\/\/agrifood.com.au\/?s={search_term_string}"},"query-input":{"@type":"PropertyValueSpecification","valueRequired":true,"valueName":"search_term_string"}}],"inLanguage":"fr-FR"},{"@type":"Organization","@id":"https:\/\/agrifood.com.au\/#organization","name":"Technologie agroalimentaire","url":"https:\/\/agrifood.com.au\/","logo":{"@type":"ImageObject","inLanguage":"fr-FR","@id":"https:\/\/agrifood.com.au\/#\/schema\/logo\/image\/","url":"https:\/\/agrifood.com.au\/app\/uploads\/2025\/10\/Agrifood-News-Photo-scaled.png","contentUrl":"https:\/\/agrifood.com.au\/app\/uploads\/2025\/10\/Agrifood-News-Photo-scaled.png","width":2560,"height":1580,"caption":"Agrifood Technology"},"image":{"@id":"https:\/\/agrifood.com.au\/#\/schema\/logo\/image\/"}}]}},"_links":{"self":[{"href":"https:\/\/agrifood.com.au\/fr\/wp-json\/wp\/v2\/pages\/819","targetHints":{"allow":["GET"]}}],"collection":[{"href":"https:\/\/agrifood.com.au\/fr\/wp-json\/wp\/v2\/pages"}],"about":[{"href":"https:\/\/agrifood.com.au\/fr\/wp-json\/wp\/v2\/types\/page"}],"author":[{"embeddable":true,"href":"https:\/\/agrifood.com.au\/fr\/wp-json\/wp\/v2\/users\/1"}],"replies":[{"embeddable":true,"href":"https:\/\/agrifood.com.au\/fr\/wp-json\/wp\/v2\/comments?post=819"}],"version-history":[{"count":27,"href":"https:\/\/agrifood.com.au\/fr\/wp-json\/wp\/v2\/pages\/819\/revisions"}],"predecessor-version":[{"id":2695,"href":"https:\/\/agrifood.com.au\/fr\/wp-json\/wp\/v2\/pages\/819\/revisions\/2695"}],"up":[{"embeddable":true,"href":"https:\/\/agrifood.com.au\/fr\/wp-json\/wp\/v2\/pages\/813"}],"wp:attachment":[{"href":"https:\/\/agrifood.com.au\/fr\/wp-json\/wp\/v2\/media?parent=819"}],"curies":[{"name":"wp","href":"https:\/\/api.w.org\/{rel}","templated":true}]}}