{"id":846,"date":"2025-09-11T14:44:58","date_gmt":"2025-09-11T14:44:58","guid":{"rendered":"https:\/\/agrifood.swim.net.au\/?page_id=846"},"modified":"2025-12-03T05:18:59","modified_gmt":"2025-12-03T05:18:59","slug":"food-safety-testing","status":"publish","type":"page","link":"https:\/\/agrifood.com.au\/fr\/services\/by-capability\/agrifood-services\/food-safety-testing\/","title":{"rendered":"Tests de s\u00e9curit\u00e9 alimentaire"},"content":{"rendered":"<div class=\"wp-block-group is-style-boxed is-layout-constrained wp-block-group-is-layout-constrained\">\n<div class=\"wp-block-columns is-layout-flex wp-container-core-columns-is-layout-9d6595d7 wp-block-columns-is-layout-flex\">\n<div class=\"wp-block-column is-layout-flow wp-block-column-is-layout-flow\">\n<p>Agrifood Technology est sp\u00e9cialis\u00e9e dans une vari\u00e9t\u00e9 de tests de s\u00e9curit\u00e9 alimentaire, y compris les r\u00e9sidus de pesticides, les m\u00e9taux lourds, les mycotoxines, les allerg\u00e8nes et les tests microbiologiques.<\/p>\n\n\n\n<p>Que vous soyez agriculteur, boulanger ou autre fabricant de produits alimentaires, nous pouvons vous aider \u00e0 d\u00e9terminer si vos produits sont conformes aux r\u00e9glementations australiennes en mati\u00e8re de s\u00e9curit\u00e9 alimentaire. Avec quatre sites, nous fournissons des services aux producteurs et aux fabricants dans tout le pays.<\/p>\n<\/div>\n\n\n\n<div class=\"wp-block-column is-layout-flow wp-block-column-is-layout-flow\">\n<figure class=\"wp-block-image size-full\"><img loading=\"lazy\" decoding=\"async\" width=\"1366\" height=\"768\" src=\"https:\/\/agrifood.com.au\/app\/uploads\/2025\/11\/Mixed-Foods-AR-23.jpg\" alt=\"\" class=\"wp-image-2346\" srcset=\"https:\/\/agrifood.com.au\/app\/uploads\/2025\/11\/Mixed-Foods-AR-23.jpg 1366w, https:\/\/agrifood.com.au\/app\/uploads\/2025\/11\/Mixed-Foods-AR-23-300x169.jpg 300w, https:\/\/agrifood.com.au\/app\/uploads\/2025\/11\/Mixed-Foods-AR-23-1024x576.jpg 1024w, https:\/\/agrifood.com.au\/app\/uploads\/2025\/11\/Mixed-Foods-AR-23-768x432.jpg 768w, https:\/\/agrifood.com.au\/app\/uploads\/2025\/11\/Mixed-Foods-AR-23-18x10.jpg 18w\" sizes=\"auto, (max-width: 1366px) 100vw, 1366px\" \/><\/figure>\n<\/div>\n<\/div>\n\n\n\n<div class=\"wp-block-columns is-layout-flex wp-container-core-columns-is-layout-9d6595d7 wp-block-columns-is-layout-flex\">\n<div class=\"wp-block-column is-layout-flow wp-block-column-is-layout-flow\">\n<figure class=\"wp-block-image size-large\"><img loading=\"lazy\" decoding=\"async\" width=\"1024\" height=\"683\" src=\"https:\/\/agrifood.com.au\/app\/uploads\/2025\/11\/Food-Mould-1024x683.jpg\" alt=\"\" class=\"wp-image-2282\" srcset=\"https:\/\/agrifood.com.au\/app\/uploads\/2025\/11\/Food-Mould-1024x683.jpg 1024w, https:\/\/agrifood.com.au\/app\/uploads\/2025\/11\/Food-Mould-300x200.jpg 300w, https:\/\/agrifood.com.au\/app\/uploads\/2025\/11\/Food-Mould-768x512.jpg 768w, https:\/\/agrifood.com.au\/app\/uploads\/2025\/11\/Food-Mould-18x12.jpg 18w, https:\/\/agrifood.com.au\/app\/uploads\/2025\/11\/Food-Mould.jpg 1254w\" sizes=\"auto, (max-width: 1024px) 100vw, 1024px\" \/><\/figure>\n<\/div>\n\n\n\n<div class=\"wp-block-column is-layout-flow wp-block-column-is-layout-flow\">\n<h3 class=\"wp-block-heading\"><strong>Importance des tests de s\u00e9curit\u00e9 alimentaire<\/strong><\/h3>\n\n\n\n<p>Afin de se conformer au code des normes alimentaires australien et n\u00e9o-z\u00e9landais, tous les fabricants et cultivateurs doivent s'assurer que leurs produits alimentaires ne d\u00e9passent pas la quantit\u00e9 maximale autoris\u00e9e de contaminants, qu'ils soient chimiques ou naturels (par exemple, pesticides, m\u00e9taux lourds ou pathog\u00e8nes microbiologiques). Le code des normes alimentaires exige \u00e9galement que les allerg\u00e8nes soient clairement indiqu\u00e9s sur les produits afin que les consommateurs puissent faire des choix alimentaires s\u00fbrs. Pour vous assurer que vos produits r\u00e9pondent \u00e0 ces exigences r\u00e9glementaires, il est important de faire tester vos produits agricoles et alimentaires.<\/p>\n\n\n\n<p>Agrifood Technology propose une gamme de tests de s\u00e9curit\u00e9 alimentaire pour s'assurer que vos produits respectent les syst\u00e8mes r\u00e9glementaires et les exigences de conformit\u00e9.<\/p>\n<\/div>\n<\/div>\n<\/div>\n\n\n\n<div class=\"wp-block-group is-style-carousel is-layout-constrained wp-block-group-is-layout-constrained\">\n<h3 class=\"wp-block-heading\">Les principales capacit\u00e9s d'essai sont les suivantes<\/h3>\n\n\n<div class=\"carousel-slider-outer carousel-slider-outer-image-carousel carousel-slider-outer-2216\" style=\"--carousel-slider-nav-color:rgb(30,115,190);--carousel-slider-active-nav-color:rgb(40,155,255);--carousel-slider-arrow-size:48px;--carousel-slider-bullet-size:10px\">\n<div id=\"&#039;id-2216\" class=\"carousel-slider carousel-slider-2216 arrows-visibility-always dots-visibility-never arrows-outside dots-center dots-circle owl-carousel\" data-slide-type=\"image-carousel\" data-owl-settings='{\"nav\":true,\"dots\":false,\"slideBy\":1,\"stagePadding\":30,\"margin\":10,\"loop\":false,\"lazyLoad\":false,\"autoplay\":false,\"autoplayTimeout\":5000,\"autoplaySpeed\":500,\"autoplayHoverPause\":false,\"autoWidth\":true,\"responsive\":{\"300\":{\"items\":1},\"576\":{\"items\":2},\"768\":{\"items\":2},\"1024\":{\"items\":3},\"1280\":{\"items\":4},\"1536\":{\"items\":5}}}'>\n<div class=\"carousel-slider__item\">\n\t<a href=\"https:\/\/agrifood.com.au\/fr\/services\/by-capability\/agrifood-services\/food-safety-testing\/pesticide-testing\/\" target=\"_self\"><img loading=\"lazy\" decoding=\"async\" width=\"300\" height=\"200\" src=\"https:\/\/agrifood.com.au\/app\/uploads\/2025\/11\/Pesticide-Spraying-1-300x200.jpg\" class=\"attachment-medium size-medium\" alt=\"\" srcset=\"https:\/\/agrifood.com.au\/app\/uploads\/2025\/11\/Pesticide-Spraying-1-300x200.jpg 300w, https:\/\/agrifood.com.au\/app\/uploads\/2025\/11\/Pesticide-Spraying-1-1024x683.jpg 1024w, https:\/\/agrifood.com.au\/app\/uploads\/2025\/11\/Pesticide-Spraying-1-768x512.jpg 768w, https:\/\/agrifood.com.au\/app\/uploads\/2025\/11\/Pesticide-Spraying-1-18x12.jpg 18w, https:\/\/agrifood.com.au\/app\/uploads\/2025\/11\/Pesticide-Spraying-1.jpg 1254w\" sizes=\"auto, (max-width: 300px) 100vw, 300px\" \/><div class=\"carousel-slider__caption\"><h4 class=\"title\">Analyse des r\u00e9sidus de pesticides<\/h4><p class=\"caption\">L'analyse des r\u00e9sidus de pesticides permet de d\u00e9tecter les traces de pesticides pr\u00e9sentes dans les produits frais apr\u00e8s la r\u00e9colte et la transformation. La FSANZ a fix\u00e9 des LMR pour s'assurer que les r\u00e9sidus de pesticides dans les aliments sont inf\u00e9rieurs aux limites autoris\u00e9es.<\/p><\/div><\/a><\/div>\n\n<div class=\"carousel-slider__item\">\n\t<a href=\"https:\/\/agrifood.com.au\/fr\/services\/by-capability\/agrifood-services\/food-safety-testing\/heavy-metal-testing\/\" target=\"_self\"><img loading=\"lazy\" decoding=\"async\" width=\"300\" height=\"137\" src=\"https:\/\/agrifood.com.au\/app\/uploads\/2025\/11\/Heavy-Metal-Testing-300x137.png\" class=\"attachment-medium size-medium\" alt=\"\" srcset=\"https:\/\/agrifood.com.au\/app\/uploads\/2025\/11\/Heavy-Metal-Testing-300x137.png 300w, https:\/\/agrifood.com.au\/app\/uploads\/2025\/11\/Heavy-Metal-Testing-768x351.png 768w, https:\/\/agrifood.com.au\/app\/uploads\/2025\/11\/Heavy-Metal-Testing-18x8.png 18w, https:\/\/agrifood.com.au\/app\/uploads\/2025\/11\/Heavy-Metal-Testing.png 796w\" sizes=\"auto, (max-width: 300px) 100vw, 300px\" \/><div class=\"carousel-slider__caption\"><h4 class=\"title\">Analyse des m\u00e9taux lourds<\/h4><p class=\"caption\">L'analyse des m\u00e9taux lourds est \u00e9galement un \u00e9l\u00e9ment essentiel de la gestion de la s\u00e9curit\u00e9 alimentaire et aide les fabricants \u00e0 se conformer \u00e0 des r\u00e9glementations strictes, \u00e0 prot\u00e9ger la confiance des consommateurs et \u00e0 \u00e9viter de co\u00fbteux rappels de produits alimentaires.<\/p><\/div><\/a><\/div>\n\n<div class=\"carousel-slider__item\">\n\t<a href=\"https:\/\/agrifood.com.au\/fr\/services\/by-capability\/agrifood-services\/food-safety-testing\/mycotoxin-testing\/\" target=\"_self\"><img loading=\"lazy\" decoding=\"async\" width=\"300\" height=\"200\" src=\"https:\/\/agrifood.com.au\/app\/uploads\/2025\/07\/Local-Health-Micro-4-300x200.jpg\" class=\"attachment-medium size-medium\" alt=\"\" srcset=\"https:\/\/agrifood.com.au\/app\/uploads\/2025\/07\/Local-Health-Micro-4-300x200.jpg 300w, https:\/\/agrifood.com.au\/app\/uploads\/2025\/07\/Local-Health-Micro-4-1024x683.jpg 1024w, https:\/\/agrifood.com.au\/app\/uploads\/2025\/07\/Local-Health-Micro-4-768x512.jpg 768w, https:\/\/agrifood.com.au\/app\/uploads\/2025\/07\/Local-Health-Micro-4.jpg 1254w\" sizes=\"auto, (max-width: 300px) 100vw, 300px\" \/><div class=\"carousel-slider__caption\"><h4 class=\"title\">Analyse des mycotoxines<\/h4><p class=\"caption\">Les mycotoxines sont des substances chimiques produites par la croissance de moisissures et de champignons sur les cultures agricoles et une vari\u00e9t\u00e9 de produits alimentaires et d'aliments pour animaux, en raison de mauvaises conditions de r\u00e9colte et\/ou d'un stockage inad\u00e9quat.<\/p><\/div><\/a><\/div>\n\n<div class=\"carousel-slider__item\">\n\t<a href=\"https:\/\/agrifood.com.au\/fr\/services\/by-capability\/agrifood-services\/food-safety-testing\/allergen-testing\/\" target=\"_self\"><img loading=\"lazy\" decoding=\"async\" width=\"300\" height=\"200\" src=\"https:\/\/agrifood.com.au\/app\/uploads\/2025\/11\/Food-Allergens-1-300x200.jpg\" class=\"attachment-medium size-medium\" alt=\"\" srcset=\"https:\/\/agrifood.com.au\/app\/uploads\/2025\/11\/Food-Allergens-1-300x200.jpg 300w, https:\/\/agrifood.com.au\/app\/uploads\/2025\/11\/Food-Allergens-1-1024x683.jpg 1024w, https:\/\/agrifood.com.au\/app\/uploads\/2025\/11\/Food-Allergens-1-768x512.jpg 768w, https:\/\/agrifood.com.au\/app\/uploads\/2025\/11\/Food-Allergens-1-18x12.jpg 18w, https:\/\/agrifood.com.au\/app\/uploads\/2025\/11\/Food-Allergens-1.jpg 1253w\" sizes=\"auto, (max-width: 300px) 100vw, 300px\" \/><div class=\"carousel-slider__caption\"><h4 class=\"title\">Test d'allerg\u00e8nes<\/h4><p class=\"caption\">L'\u00e9tiquetage des allerg\u00e8nes est essentiel pour prot\u00e9ger les personnes souffrant d'allergies alimentaires en leur permettant d'\u00e9viter des r\u00e9actions potentiellement mortelles.<\/p><\/div><\/a><\/div>\n\n<\/div><!-- .carousel-slider-2216 -->\n<\/div><!-- .carousel-slider-outer-2216 -->\n\n<\/div>\n\n\n\n<div class=\"wp-block-group is-style-boxed is-layout-constrained wp-block-group-is-layout-constrained\">\n<h2 class=\"wp-block-heading\">Lire la suite<\/h2>\n\n\n\n<div class=\"wp-block-buttons is-layout-flex wp-block-buttons-is-layout-flex\">\n<div class=\"wp-block-button is-style-default\"><a class=\"wp-block-button__link wp-element-button\" href=\"\/fr\/services\/by-capability\/agrifood-services\/agro-nutritional-testing\/water-testing\/\">Analyse de l'eau<\/a><\/div>\n\n\n\n<div class=\"wp-block-button is-style-default\"><a class=\"wp-block-button__link wp-element-button\" href=\"\/fr\/services\/by-capability\/agrifood-services\/food-safety-testing\/allergen-testing\/\">Test d'allerg\u00e8nes<\/a><\/div>\n\n\n\n<div class=\"wp-block-button is-style-default\"><a class=\"wp-block-button__link wp-element-button\" href=\"\/fr\/services\/by-capability\/agrifood-services\/food-safety-testing\/pesticide-testing\/\">R\u00e9sidus de pesticides<\/a><\/div>\n\n\n\n<div class=\"wp-block-button is-style-default\"><a class=\"wp-block-button__link wp-element-button\" href=\"\/fr\/services\/by-capability\/agrifood-services\/food-safety-testing\/heavy-metal-testing\/\">M\u00e9taux lourds<\/a><\/div>\n<\/div>\n<\/div>","protected":false},"excerpt":{"rendered":"<p>Agrifood Technology specialises in a variety of&nbsp;food safety&nbsp;testing options, including&nbsp;pesticide residue, heavy metals, mycotoxin, allergen and microbio\u2026<\/p>","protected":false},"author":1,"featured_media":0,"parent":813,"menu_order":0,"comment_status":"closed","ping_status":"closed","template":"","meta":{"_acf_changed":false,"footnotes":""},"class_list":["post-846","page","type-page","status-publish","hentry"],"acf":[],"yoast_head":"<!-- This site is optimized with the Yoast SEO plugin v27.0 - https:\/\/yoast.com\/product\/yoast-seo-wordpress\/ -->\n<title>Food Safety Testing - Agrifood Technology<\/title>\n<meta name=\"robots\" content=\"index, follow, max-snippet:-1, max-image-preview:large, max-video-preview:-1\" \/>\n<link rel=\"canonical\" href=\"https:\/\/agrifood.com.au\/fr\/services\/by-capability\/agrifood-services\/food-safety-testing\/\" \/>\n<meta property=\"og:locale\" content=\"fr_FR\" \/>\n<meta property=\"og:type\" content=\"article\" \/>\n<meta property=\"og:title\" content=\"Food Safety Testing - Agrifood Technology\" \/>\n<meta property=\"og:description\" content=\"Agrifood Technology specialises in a variety of&nbsp;food safety&nbsp;testing options, including&nbsp;pesticide residue, heavy metals, mycotoxin, allergen and microbio\u2026\" \/>\n<meta property=\"og:url\" content=\"https:\/\/agrifood.com.au\/fr\/services\/by-capability\/agrifood-services\/food-safety-testing\/\" \/>\n<meta property=\"og:site_name\" content=\"Agrifood Technology\" \/>\n<meta property=\"article:modified_time\" content=\"2025-12-03T05:18:59+00:00\" \/>\n<meta property=\"og:image\" content=\"https:\/\/agrifood.com.au\/app\/uploads\/2025\/11\/Mixed-Foods-AR-23.jpg\" \/>\n\t<meta property=\"og:image:width\" content=\"1366\" \/>\n\t<meta property=\"og:image:height\" content=\"768\" \/>\n\t<meta property=\"og:image:type\" content=\"image\/jpeg\" \/>\n<meta name=\"twitter:card\" content=\"summary_large_image\" \/>\n<meta name=\"twitter:label1\" content=\"Est. reading time\" \/>\n\t<meta name=\"twitter:data1\" content=\"1 minute\" \/>\n<script type=\"application\/ld+json\" class=\"yoast-schema-graph\">{\"@context\":\"https:\/\/schema.org\",\"@graph\":[{\"@type\":\"WebPage\",\"@id\":\"https:\/\/agrifood.com.au\/services\/by-capability\/agrifood-services\/food-safety-testing\/\",\"url\":\"https:\/\/agrifood.com.au\/services\/by-capability\/agrifood-services\/food-safety-testing\/\",\"name\":\"Food Safety Testing - Agrifood Technology\",\"isPartOf\":{\"@id\":\"https:\/\/agrifood.com.au\/#website\"},\"primaryImageOfPage\":{\"@id\":\"https:\/\/agrifood.com.au\/services\/by-capability\/agrifood-services\/food-safety-testing\/#primaryimage\"},\"image\":{\"@id\":\"https:\/\/agrifood.com.au\/services\/by-capability\/agrifood-services\/food-safety-testing\/#primaryimage\"},\"thumbnailUrl\":\"https:\/\/agrifood.com.au\/app\/uploads\/2025\/11\/Mixed-Foods-AR-23.jpg\",\"datePublished\":\"2025-09-11T14:44:58+00:00\",\"dateModified\":\"2025-12-03T05:18:59+00:00\",\"breadcrumb\":{\"@id\":\"https:\/\/agrifood.com.au\/services\/by-capability\/agrifood-services\/food-safety-testing\/#breadcrumb\"},\"inLanguage\":\"fr-FR\",\"potentialAction\":[{\"@type\":\"ReadAction\",\"target\":[\"https:\/\/agrifood.com.au\/services\/by-capability\/agrifood-services\/food-safety-testing\/\"]}]},{\"@type\":\"ImageObject\",\"inLanguage\":\"fr-FR\",\"@id\":\"https:\/\/agrifood.com.au\/services\/by-capability\/agrifood-services\/food-safety-testing\/#primaryimage\",\"url\":\"https:\/\/agrifood.com.au\/app\/uploads\/2025\/11\/Mixed-Foods-AR-23.jpg\",\"contentUrl\":\"https:\/\/agrifood.com.au\/app\/uploads\/2025\/11\/Mixed-Foods-AR-23.jpg\"},{\"@type\":\"BreadcrumbList\",\"@id\":\"https:\/\/agrifood.com.au\/services\/by-capability\/agrifood-services\/food-safety-testing\/#breadcrumb\",\"itemListElement\":[{\"@type\":\"ListItem\",\"position\":1,\"name\":\"Home\",\"item\":\"https:\/\/agrifood.com.au\/\"},{\"@type\":\"ListItem\",\"position\":2,\"name\":\"Services\",\"item\":\"https:\/\/agrifood.com.au\/services\/\"},{\"@type\":\"ListItem\",\"position\":3,\"name\":\"By Capability\",\"item\":\"https:\/\/agrifood.com.au\/?page_id=811\"},{\"@type\":\"ListItem\",\"position\":4,\"name\":\"Agrifood Services\",\"item\":\"https:\/\/agrifood.com.au\/services\/by-capability\/agrifood-services\/\"},{\"@type\":\"ListItem\",\"position\":5,\"name\":\"Food Safety Testing\"}]},{\"@type\":\"WebSite\",\"@id\":\"https:\/\/agrifood.com.au\/#website\",\"url\":\"https:\/\/agrifood.com.au\/\",\"name\":\"Agrifood Technology\",\"description\":\"\",\"publisher\":{\"@id\":\"https:\/\/agrifood.com.au\/#organization\"},\"potentialAction\":[{\"@type\":\"SearchAction\",\"target\":{\"@type\":\"EntryPoint\",\"urlTemplate\":\"https:\/\/agrifood.com.au\/?s={search_term_string}\"},\"query-input\":{\"@type\":\"PropertyValueSpecification\",\"valueRequired\":true,\"valueName\":\"search_term_string\"}}],\"inLanguage\":\"fr-FR\"},{\"@type\":\"Organization\",\"@id\":\"https:\/\/agrifood.com.au\/#organization\",\"name\":\"Agrifood Technology\",\"url\":\"https:\/\/agrifood.com.au\/\",\"logo\":{\"@type\":\"ImageObject\",\"inLanguage\":\"fr-FR\",\"@id\":\"https:\/\/agrifood.com.au\/#\/schema\/logo\/image\/\",\"url\":\"https:\/\/agrifood.com.au\/app\/uploads\/2025\/10\/Agrifood-News-Photo-scaled.png\",\"contentUrl\":\"https:\/\/agrifood.com.au\/app\/uploads\/2025\/10\/Agrifood-News-Photo-scaled.png\",\"width\":2560,\"height\":1580,\"caption\":\"Agrifood Technology\"},\"image\":{\"@id\":\"https:\/\/agrifood.com.au\/#\/schema\/logo\/image\/\"}}]}<\/script>\n<!-- \/ Yoast SEO plugin. -->","yoast_head_json":{"title":"Food Safety Testing - Agrifood Technology","robots":{"index":"index","follow":"follow","max-snippet":"max-snippet:-1","max-image-preview":"max-image-preview:large","max-video-preview":"max-video-preview:-1"},"canonical":"https:\/\/agrifood.com.au\/fr\/services\/by-capability\/agrifood-services\/food-safety-testing\/","og_locale":"fr_FR","og_type":"article","og_title":"Food Safety Testing - Agrifood Technology","og_description":"Agrifood Technology specialises in a variety of&nbsp;food safety&nbsp;testing options, including&nbsp;pesticide residue, heavy metals, mycotoxin, allergen and microbio\u2026","og_url":"https:\/\/agrifood.com.au\/fr\/services\/by-capability\/agrifood-services\/food-safety-testing\/","og_site_name":"Agrifood Technology","article_modified_time":"2025-12-03T05:18:59+00:00","og_image":[{"width":1366,"height":768,"url":"https:\/\/agrifood.com.au\/app\/uploads\/2025\/11\/Mixed-Foods-AR-23.jpg","type":"image\/jpeg"}],"twitter_card":"summary_large_image","twitter_misc":{"Est. reading time":"1 minute"},"schema":{"@context":"https:\/\/schema.org","@graph":[{"@type":"WebPage","@id":"https:\/\/agrifood.com.au\/services\/by-capability\/agrifood-services\/food-safety-testing\/","url":"https:\/\/agrifood.com.au\/services\/by-capability\/agrifood-services\/food-safety-testing\/","name":"Food Safety Testing - Agrifood Technology","isPartOf":{"@id":"https:\/\/agrifood.com.au\/#website"},"primaryImageOfPage":{"@id":"https:\/\/agrifood.com.au\/services\/by-capability\/agrifood-services\/food-safety-testing\/#primaryimage"},"image":{"@id":"https:\/\/agrifood.com.au\/services\/by-capability\/agrifood-services\/food-safety-testing\/#primaryimage"},"thumbnailUrl":"https:\/\/agrifood.com.au\/app\/uploads\/2025\/11\/Mixed-Foods-AR-23.jpg","datePublished":"2025-09-11T14:44:58+00:00","dateModified":"2025-12-03T05:18:59+00:00","breadcrumb":{"@id":"https:\/\/agrifood.com.au\/services\/by-capability\/agrifood-services\/food-safety-testing\/#breadcrumb"},"inLanguage":"fr-FR","potentialAction":[{"@type":"ReadAction","target":["https:\/\/agrifood.com.au\/services\/by-capability\/agrifood-services\/food-safety-testing\/"]}]},{"@type":"ImageObject","inLanguage":"fr-FR","@id":"https:\/\/agrifood.com.au\/services\/by-capability\/agrifood-services\/food-safety-testing\/#primaryimage","url":"https:\/\/agrifood.com.au\/app\/uploads\/2025\/11\/Mixed-Foods-AR-23.jpg","contentUrl":"https:\/\/agrifood.com.au\/app\/uploads\/2025\/11\/Mixed-Foods-AR-23.jpg"},{"@type":"BreadcrumbList","@id":"https:\/\/agrifood.com.au\/services\/by-capability\/agrifood-services\/food-safety-testing\/#breadcrumb","itemListElement":[{"@type":"ListItem","position":1,"name":"Home","item":"https:\/\/agrifood.com.au\/"},{"@type":"ListItem","position":2,"name":"Services","item":"https:\/\/agrifood.com.au\/services\/"},{"@type":"ListItem","position":3,"name":"By Capability","item":"https:\/\/agrifood.com.au\/?page_id=811"},{"@type":"ListItem","position":4,"name":"Agrifood Services","item":"https:\/\/agrifood.com.au\/services\/by-capability\/agrifood-services\/"},{"@type":"ListItem","position":5,"name":"Food Safety Testing"}]},{"@type":"WebSite","@id":"https:\/\/agrifood.com.au\/#website","url":"https:\/\/agrifood.com.au\/","name":"Technologie agroalimentaire","description":"","publisher":{"@id":"https:\/\/agrifood.com.au\/#organization"},"potentialAction":[{"@type":"SearchAction","target":{"@type":"EntryPoint","urlTemplate":"https:\/\/agrifood.com.au\/?s={search_term_string}"},"query-input":{"@type":"PropertyValueSpecification","valueRequired":true,"valueName":"search_term_string"}}],"inLanguage":"fr-FR"},{"@type":"Organization","@id":"https:\/\/agrifood.com.au\/#organization","name":"Technologie agroalimentaire","url":"https:\/\/agrifood.com.au\/","logo":{"@type":"ImageObject","inLanguage":"fr-FR","@id":"https:\/\/agrifood.com.au\/#\/schema\/logo\/image\/","url":"https:\/\/agrifood.com.au\/app\/uploads\/2025\/10\/Agrifood-News-Photo-scaled.png","contentUrl":"https:\/\/agrifood.com.au\/app\/uploads\/2025\/10\/Agrifood-News-Photo-scaled.png","width":2560,"height":1580,"caption":"Agrifood Technology"},"image":{"@id":"https:\/\/agrifood.com.au\/#\/schema\/logo\/image\/"}}]}},"_links":{"self":[{"href":"https:\/\/agrifood.com.au\/fr\/wp-json\/wp\/v2\/pages\/846","targetHints":{"allow":["GET"]}}],"collection":[{"href":"https:\/\/agrifood.com.au\/fr\/wp-json\/wp\/v2\/pages"}],"about":[{"href":"https:\/\/agrifood.com.au\/fr\/wp-json\/wp\/v2\/types\/page"}],"author":[{"embeddable":true,"href":"https:\/\/agrifood.com.au\/fr\/wp-json\/wp\/v2\/users\/1"}],"replies":[{"embeddable":true,"href":"https:\/\/agrifood.com.au\/fr\/wp-json\/wp\/v2\/comments?post=846"}],"version-history":[{"count":26,"href":"https:\/\/agrifood.com.au\/fr\/wp-json\/wp\/v2\/pages\/846\/revisions"}],"predecessor-version":[{"id":2751,"href":"https:\/\/agrifood.com.au\/fr\/wp-json\/wp\/v2\/pages\/846\/revisions\/2751"}],"up":[{"embeddable":true,"href":"https:\/\/agrifood.com.au\/fr\/wp-json\/wp\/v2\/pages\/813"}],"wp:attachment":[{"href":"https:\/\/agrifood.com.au\/fr\/wp-json\/wp\/v2\/media?parent=846"}],"curies":[{"name":"wp","href":"https:\/\/api.w.org\/{rel}","templated":true}]}}