{"id":848,"date":"2025-09-11T14:45:35","date_gmt":"2025-09-11T14:45:35","guid":{"rendered":"https:\/\/agrifood.swim.net.au\/?page_id=848"},"modified":"2025-11-27T02:22:04","modified_gmt":"2025-11-27T02:22:04","slug":"nutritional-testing","status":"publish","type":"page","link":"https:\/\/agrifood.com.au\/fr\/services\/by-capability\/agrifood-services\/nutritional-testing\/","title":{"rendered":"Tests nutritionnels"},"content":{"rendered":"<div class=\"wp-block-group is-style-boxed is-layout-constrained wp-block-group-is-layout-constrained\">\n<div class=\"wp-block-columns is-layout-flex wp-container-core-columns-is-layout-9d6595d7 wp-block-columns-is-layout-flex\">\n<div class=\"wp-block-column is-layout-flow wp-block-column-is-layout-flow\">\n<p>Si vous travaillez dans l'industrie alimentaire, vous connaissez l'importance des \u00e9tiquettes nutritionnelles sur les aliments que vous produisez et vendez. La r\u00e9putation de votre entreprise est en jeu lorsque vos clients se fient \u00e0 l'exactitude et aux d\u00e9tails de vos \u00e9tiquettes nutritionnelles.<\/p>\n\n\n\n<p>Chez Agrifood Technology, nous avons plus de 35 ans d'exp\u00e9rience dans ce domaine et nous sommes fiers de servir l'Australie gr\u00e2ce \u00e0 nos installations d'essai r\u00e9parties sur tout le continent. Si vous avez besoin de services de profilage nutritionnel, contactez-nous d\u00e8s aujourd'hui pour savoir comment nous pouvons vous aider.<\/p>\n<\/div>\n\n\n\n<div class=\"wp-block-column is-layout-flow wp-block-column-is-layout-flow\">\n<figure class=\"wp-block-image size-large\"><img loading=\"lazy\" decoding=\"async\" width=\"1024\" height=\"678\" src=\"https:\/\/agrifood.com.au\/app\/uploads\/2025\/08\/image-9-1024x678.png\" alt=\"\" class=\"wp-image-389\" srcset=\"https:\/\/agrifood.com.au\/app\/uploads\/2025\/08\/image-9-1024x678.png 1024w, https:\/\/agrifood.com.au\/app\/uploads\/2025\/08\/image-9-300x199.png 300w, https:\/\/agrifood.com.au\/app\/uploads\/2025\/08\/image-9-768x509.png 768w, https:\/\/agrifood.com.au\/app\/uploads\/2025\/08\/image-9-1536x1017.png 1536w, https:\/\/agrifood.com.au\/app\/uploads\/2025\/08\/image-9-2048x1357.png 2048w, https:\/\/agrifood.com.au\/app\/uploads\/2025\/08\/image-9.png 2192w\" sizes=\"auto, (max-width: 1024px) 100vw, 1024px\" \/><\/figure>\n<\/div>\n<\/div>\n\n\n\n<div class=\"wp-block-columns is-layout-flex wp-container-core-columns-is-layout-9d6595d7 wp-block-columns-is-layout-flex\">\n<div class=\"wp-block-column is-layout-flow wp-block-column-is-layout-flow\">\n<figure class=\"wp-block-image size-large\"><img loading=\"lazy\" decoding=\"async\" width=\"1024\" height=\"683\" src=\"https:\/\/agrifood.com.au\/app\/uploads\/2025\/11\/Nutrional-Label-shopping-1024x683.jpg\" alt=\"\" class=\"wp-image-2393\" srcset=\"https:\/\/agrifood.com.au\/app\/uploads\/2025\/11\/Nutrional-Label-shopping-1024x683.jpg 1024w, https:\/\/agrifood.com.au\/app\/uploads\/2025\/11\/Nutrional-Label-shopping-300x200.jpg 300w, https:\/\/agrifood.com.au\/app\/uploads\/2025\/11\/Nutrional-Label-shopping-768x512.jpg 768w, https:\/\/agrifood.com.au\/app\/uploads\/2025\/11\/Nutrional-Label-shopping-18x12.jpg 18w, https:\/\/agrifood.com.au\/app\/uploads\/2025\/11\/Nutrional-Label-shopping.jpg 1254w\" sizes=\"auto, (max-width: 1024px) 100vw, 1024px\" \/><\/figure>\n<\/div>\n\n\n\n<div class=\"wp-block-column is-layout-flow wp-block-column-is-layout-flow\">\n<h3 class=\"wp-block-heading\">Qu'est-ce que le profil nutritionnel ?<\/h3>\n\n\n\n<p>L'\u00e9tablissement d'un profil nutritionnel implique la r\u00e9alisation d'un certain nombre de tests, comme indiqu\u00e9 ci-dessous :<\/p>\n\n\n\n<ul class=\"wp-block-list\">\n<li>L'\u00e9nergie<\/li>\n\n\n\n<li>Glucides<\/li>\n\n\n\n<li>Prot\u00e9ines<\/li>\n\n\n\n<li>Teneur en mati\u00e8res grasses<\/li>\n\n\n\n<li>Profil lipidique - acides gras trans, satur\u00e9s, insatur\u00e9s et om\u00e9ga<\/li>\n\n\n\n<li>Sucres<\/li>\n\n\n\n<li>Sodium<\/li>\n\n\n\n<li>Total des fibres alimentaires<\/li>\n\n\n\n<li>Humidit\u00e9 et cendres (utilis\u00e9es pour calculer les glucides)<\/li>\n<\/ul>\n\n\n\n<p>En outre, il existe une vari\u00e9t\u00e9 d'autres composants qui sont importants pour certains produits alimentaires, comme par exemple :<\/p>\n\n\n\n<ul class=\"wp-block-list\">\n<li>Vitamines<\/li>\n\n\n\n<li>Caf\u00e9ine<\/li>\n\n\n\n<li>Alcool<\/li>\n\n\n\n<li>Cholest\u00e9rol<\/li>\n\n\n\n<li>Min\u00e9raux<\/li>\n\n\n\n<li>Acides amin\u00e9s<\/li>\n<\/ul>\n\n\n\n<p>L'\u00e9quipe de scientifiques d'Agrifood Technology est experte dans son domaine et vous aidera \u00e0 respecter les normes alimentaires et vos exigences de qualit\u00e9.<\/p>\n<\/div>\n<\/div>\n\n\n\n<div class=\"wp-block-columns is-layout-flex wp-container-core-columns-is-layout-9d6595d7 wp-block-columns-is-layout-flex\">\n<div class=\"wp-block-column is-layout-flow wp-block-column-is-layout-flow\">\n<h3 class=\"wp-block-heading\">Pourquoi est-ce important ?<\/h3>\n\n\n\n<p>De nombreuses personnes se fient \u00e0 ces d\u00e9tails, surtout si elles surveillent de pr\u00e8s ce qu'elles mangent ou si elles ont des restrictions alimentaires strictes. Par exemple, certaines personnes doivent faire tr\u00e8s attention \u00e0 la quantit\u00e9 de sodium ou de cholest\u00e9rol qu'elles consomment, et elles sont donc tr\u00e8s attentives \u00e0 toutes les \u00e9tiquettes nutritionnelles figurant sur leurs aliments. Toutefois, si les informations nutritionnelles de votre produit sont inexactes, vous risquez de nuire \u00e0 leur sant\u00e9 et de perdre leur client\u00e8le.<\/p>\n\n\n\n<p>Au contraire, vous voulez montrer \u00e0 vos clients que vous accordez de l'importance \u00e0 leur sant\u00e9 et leur faire savoir qu'ils peuvent avoir confiance en vous et en vos informations nutritionnelles. Vous pouvez compter sur Agrifood Technology pour fournir \u00e0 vos clients toutes les informations pr\u00e9cises dont ils ont besoin lorsqu'ils consomment vos produits.<\/p>\n\n\n\n<p><\/p>\n<\/div>\n\n\n\n<div class=\"wp-block-column is-layout-flow wp-block-column-is-layout-flow\">\n<figure class=\"wp-block-image size-large\"><img loading=\"lazy\" decoding=\"async\" width=\"1024\" height=\"683\" src=\"https:\/\/agrifood.com.au\/app\/uploads\/2025\/11\/Bread-sorts-1024x683.jpg\" alt=\"\" class=\"wp-image-2281\" srcset=\"https:\/\/agrifood.com.au\/app\/uploads\/2025\/11\/Bread-sorts-1024x683.jpg 1024w, https:\/\/agrifood.com.au\/app\/uploads\/2025\/11\/Bread-sorts-300x200.jpg 300w, https:\/\/agrifood.com.au\/app\/uploads\/2025\/11\/Bread-sorts-768x512.jpg 768w, https:\/\/agrifood.com.au\/app\/uploads\/2025\/11\/Bread-sorts-1536x1024.jpg 1536w, https:\/\/agrifood.com.au\/app\/uploads\/2025\/11\/Bread-sorts-2048x1365.jpg 2048w, https:\/\/agrifood.com.au\/app\/uploads\/2025\/11\/Bread-sorts-18x12.jpg 18w, https:\/\/agrifood.com.au\/app\/uploads\/2025\/11\/Bread-sorts-scaled.jpg 2560w\" sizes=\"auto, (max-width: 1024px) 100vw, 1024px\" \/><\/figure>\n<\/div>\n<\/div>\n\n\n\n<h2 class=\"wp-block-heading\">Lire la suite<\/h2>\n\n\n\n<div class=\"wp-block-buttons is-layout-flex wp-block-buttons-is-layout-flex\">\n<div class=\"wp-block-button is-style-default\"><a class=\"wp-block-button__link wp-element-button\" href=\"\/fr\/services\/by-capability\/agrifood-services\/microbiological-testing\/shelf-life-testing\/\">Dur\u00e9e de conservation Essais<\/a><\/div>\n\n\n\n<div class=\"wp-block-button is-style-default\"><a class=\"wp-block-button__link wp-element-button\" href=\"\/fr\/services\/by-capability\/agrifood-services\/microbiological-testing\/\">Tests microbiologiques<\/a><\/div>\n\n\n\n<div class=\"wp-block-button is-style-default\"><a class=\"wp-block-button__link wp-element-button\" href=\"\/fr\/services\/by-capability\/agrifood-services\/food-safety-testing\/allergen-testing\/\">Test d'allerg\u00e8nes<\/a><\/div>\n<\/div>\n<\/div>","protected":false},"excerpt":{"rendered":"<p>If you are in the food industry, you know the importance of nutrition labels on the foods you produce and sell. Your company\u2019s reputation is at stake when your custo\u2026<\/p>","protected":false},"author":1,"featured_media":0,"parent":813,"menu_order":0,"comment_status":"closed","ping_status":"closed","template":"","meta":{"_acf_changed":false,"footnotes":""},"class_list":["post-848","page","type-page","status-publish","hentry"],"acf":[],"yoast_head":"<!-- This site is optimized with the Yoast SEO plugin v27.0 - https:\/\/yoast.com\/product\/yoast-seo-wordpress\/ -->\n<title>Nutritional Testing - Agrifood Technology<\/title>\n<meta name=\"robots\" content=\"index, follow, max-snippet:-1, max-image-preview:large, max-video-preview:-1\" \/>\n<link rel=\"canonical\" href=\"https:\/\/agrifood.com.au\/fr\/services\/by-capability\/agrifood-services\/nutritional-testing\/\" \/>\n<meta property=\"og:locale\" content=\"fr_FR\" \/>\n<meta property=\"og:type\" content=\"article\" \/>\n<meta property=\"og:title\" content=\"Nutritional Testing - Agrifood Technology\" \/>\n<meta property=\"og:description\" content=\"If you are in the food industry, you know the importance of nutrition labels on the foods you produce and sell. Your company\u2019s reputation is at stake when your custo\u2026\" \/>\n<meta property=\"og:url\" content=\"https:\/\/agrifood.com.au\/fr\/services\/by-capability\/agrifood-services\/nutritional-testing\/\" \/>\n<meta property=\"og:site_name\" content=\"Agrifood Technology\" \/>\n<meta property=\"article:modified_time\" content=\"2025-11-27T02:22:04+00:00\" \/>\n<meta property=\"og:image\" content=\"https:\/\/agrifood.com.au\/app\/uploads\/2025\/08\/image-9-1024x678.png\" \/>\n\t<meta property=\"og:image:width\" content=\"1024\" \/>\n\t<meta property=\"og:image:height\" content=\"678\" \/>\n\t<meta property=\"og:image:type\" content=\"image\/png\" \/>\n<meta name=\"twitter:card\" content=\"summary_large_image\" \/>\n<meta name=\"twitter:label1\" content=\"Est. reading time\" \/>\n\t<meta name=\"twitter:data1\" content=\"1 minute\" \/>\n<script type=\"application\/ld+json\" class=\"yoast-schema-graph\">{\"@context\":\"https:\/\/schema.org\",\"@graph\":[{\"@type\":\"WebPage\",\"@id\":\"https:\/\/agrifood.com.au\/services\/by-capability\/agrifood-services\/nutritional-testing\/\",\"url\":\"https:\/\/agrifood.com.au\/services\/by-capability\/agrifood-services\/nutritional-testing\/\",\"name\":\"Nutritional Testing - Agrifood Technology\",\"isPartOf\":{\"@id\":\"https:\/\/agrifood.com.au\/#website\"},\"primaryImageOfPage\":{\"@id\":\"https:\/\/agrifood.com.au\/services\/by-capability\/agrifood-services\/nutritional-testing\/#primaryimage\"},\"image\":{\"@id\":\"https:\/\/agrifood.com.au\/services\/by-capability\/agrifood-services\/nutritional-testing\/#primaryimage\"},\"thumbnailUrl\":\"https:\/\/agrifood.com.au\/app\/uploads\/2025\/08\/image-9-1024x678.png\",\"datePublished\":\"2025-09-11T14:45:35+00:00\",\"dateModified\":\"2025-11-27T02:22:04+00:00\",\"breadcrumb\":{\"@id\":\"https:\/\/agrifood.com.au\/services\/by-capability\/agrifood-services\/nutritional-testing\/#breadcrumb\"},\"inLanguage\":\"fr-FR\",\"potentialAction\":[{\"@type\":\"ReadAction\",\"target\":[\"https:\/\/agrifood.com.au\/services\/by-capability\/agrifood-services\/nutritional-testing\/\"]}]},{\"@type\":\"ImageObject\",\"inLanguage\":\"fr-FR\",\"@id\":\"https:\/\/agrifood.com.au\/services\/by-capability\/agrifood-services\/nutritional-testing\/#primaryimage\",\"url\":\"https:\/\/agrifood.com.au\/app\/uploads\/2025\/08\/image-9-1024x678.png\",\"contentUrl\":\"https:\/\/agrifood.com.au\/app\/uploads\/2025\/08\/image-9-1024x678.png\"},{\"@type\":\"BreadcrumbList\",\"@id\":\"https:\/\/agrifood.com.au\/services\/by-capability\/agrifood-services\/nutritional-testing\/#breadcrumb\",\"itemListElement\":[{\"@type\":\"ListItem\",\"position\":1,\"name\":\"Home\",\"item\":\"https:\/\/agrifood.com.au\/\"},{\"@type\":\"ListItem\",\"position\":2,\"name\":\"Services\",\"item\":\"https:\/\/agrifood.com.au\/services\/\"},{\"@type\":\"ListItem\",\"position\":3,\"name\":\"By Capability\",\"item\":\"https:\/\/agrifood.com.au\/?page_id=811\"},{\"@type\":\"ListItem\",\"position\":4,\"name\":\"Agrifood Services\",\"item\":\"https:\/\/agrifood.com.au\/services\/by-capability\/agrifood-services\/\"},{\"@type\":\"ListItem\",\"position\":5,\"name\":\"Nutritional Testing\"}]},{\"@type\":\"WebSite\",\"@id\":\"https:\/\/agrifood.com.au\/#website\",\"url\":\"https:\/\/agrifood.com.au\/\",\"name\":\"Agrifood Technology\",\"description\":\"\",\"publisher\":{\"@id\":\"https:\/\/agrifood.com.au\/#organization\"},\"potentialAction\":[{\"@type\":\"SearchAction\",\"target\":{\"@type\":\"EntryPoint\",\"urlTemplate\":\"https:\/\/agrifood.com.au\/?s={search_term_string}\"},\"query-input\":{\"@type\":\"PropertyValueSpecification\",\"valueRequired\":true,\"valueName\":\"search_term_string\"}}],\"inLanguage\":\"fr-FR\"},{\"@type\":\"Organization\",\"@id\":\"https:\/\/agrifood.com.au\/#organization\",\"name\":\"Agrifood Technology\",\"url\":\"https:\/\/agrifood.com.au\/\",\"logo\":{\"@type\":\"ImageObject\",\"inLanguage\":\"fr-FR\",\"@id\":\"https:\/\/agrifood.com.au\/#\/schema\/logo\/image\/\",\"url\":\"https:\/\/agrifood.com.au\/app\/uploads\/2025\/10\/Agrifood-News-Photo-scaled.png\",\"contentUrl\":\"https:\/\/agrifood.com.au\/app\/uploads\/2025\/10\/Agrifood-News-Photo-scaled.png\",\"width\":2560,\"height\":1580,\"caption\":\"Agrifood Technology\"},\"image\":{\"@id\":\"https:\/\/agrifood.com.au\/#\/schema\/logo\/image\/\"}}]}<\/script>\n<!-- \/ Yoast SEO plugin. -->","yoast_head_json":{"title":"Nutritional Testing - Agrifood Technology","robots":{"index":"index","follow":"follow","max-snippet":"max-snippet:-1","max-image-preview":"max-image-preview:large","max-video-preview":"max-video-preview:-1"},"canonical":"https:\/\/agrifood.com.au\/fr\/services\/by-capability\/agrifood-services\/nutritional-testing\/","og_locale":"fr_FR","og_type":"article","og_title":"Nutritional Testing - Agrifood Technology","og_description":"If you are in the food industry, you know the importance of nutrition labels on the foods you produce and sell. Your company\u2019s reputation is at stake when your custo\u2026","og_url":"https:\/\/agrifood.com.au\/fr\/services\/by-capability\/agrifood-services\/nutritional-testing\/","og_site_name":"Agrifood Technology","article_modified_time":"2025-11-27T02:22:04+00:00","og_image":[{"width":1024,"height":678,"url":"https:\/\/agrifood.com.au\/app\/uploads\/2025\/08\/image-9-1024x678.png","type":"image\/png"}],"twitter_card":"summary_large_image","twitter_misc":{"Est. reading time":"1 minute"},"schema":{"@context":"https:\/\/schema.org","@graph":[{"@type":"WebPage","@id":"https:\/\/agrifood.com.au\/services\/by-capability\/agrifood-services\/nutritional-testing\/","url":"https:\/\/agrifood.com.au\/services\/by-capability\/agrifood-services\/nutritional-testing\/","name":"Nutritional Testing - Agrifood Technology","isPartOf":{"@id":"https:\/\/agrifood.com.au\/#website"},"primaryImageOfPage":{"@id":"https:\/\/agrifood.com.au\/services\/by-capability\/agrifood-services\/nutritional-testing\/#primaryimage"},"image":{"@id":"https:\/\/agrifood.com.au\/services\/by-capability\/agrifood-services\/nutritional-testing\/#primaryimage"},"thumbnailUrl":"https:\/\/agrifood.com.au\/app\/uploads\/2025\/08\/image-9-1024x678.png","datePublished":"2025-09-11T14:45:35+00:00","dateModified":"2025-11-27T02:22:04+00:00","breadcrumb":{"@id":"https:\/\/agrifood.com.au\/services\/by-capability\/agrifood-services\/nutritional-testing\/#breadcrumb"},"inLanguage":"fr-FR","potentialAction":[{"@type":"ReadAction","target":["https:\/\/agrifood.com.au\/services\/by-capability\/agrifood-services\/nutritional-testing\/"]}]},{"@type":"ImageObject","inLanguage":"fr-FR","@id":"https:\/\/agrifood.com.au\/services\/by-capability\/agrifood-services\/nutritional-testing\/#primaryimage","url":"https:\/\/agrifood.com.au\/app\/uploads\/2025\/08\/image-9-1024x678.png","contentUrl":"https:\/\/agrifood.com.au\/app\/uploads\/2025\/08\/image-9-1024x678.png"},{"@type":"BreadcrumbList","@id":"https:\/\/agrifood.com.au\/services\/by-capability\/agrifood-services\/nutritional-testing\/#breadcrumb","itemListElement":[{"@type":"ListItem","position":1,"name":"Home","item":"https:\/\/agrifood.com.au\/"},{"@type":"ListItem","position":2,"name":"Services","item":"https:\/\/agrifood.com.au\/services\/"},{"@type":"ListItem","position":3,"name":"By Capability","item":"https:\/\/agrifood.com.au\/?page_id=811"},{"@type":"ListItem","position":4,"name":"Agrifood Services","item":"https:\/\/agrifood.com.au\/services\/by-capability\/agrifood-services\/"},{"@type":"ListItem","position":5,"name":"Nutritional Testing"}]},{"@type":"WebSite","@id":"https:\/\/agrifood.com.au\/#website","url":"https:\/\/agrifood.com.au\/","name":"Technologie agroalimentaire","description":"","publisher":{"@id":"https:\/\/agrifood.com.au\/#organization"},"potentialAction":[{"@type":"SearchAction","target":{"@type":"EntryPoint","urlTemplate":"https:\/\/agrifood.com.au\/?s={search_term_string}"},"query-input":{"@type":"PropertyValueSpecification","valueRequired":true,"valueName":"search_term_string"}}],"inLanguage":"fr-FR"},{"@type":"Organization","@id":"https:\/\/agrifood.com.au\/#organization","name":"Technologie agroalimentaire","url":"https:\/\/agrifood.com.au\/","logo":{"@type":"ImageObject","inLanguage":"fr-FR","@id":"https:\/\/agrifood.com.au\/#\/schema\/logo\/image\/","url":"https:\/\/agrifood.com.au\/app\/uploads\/2025\/10\/Agrifood-News-Photo-scaled.png","contentUrl":"https:\/\/agrifood.com.au\/app\/uploads\/2025\/10\/Agrifood-News-Photo-scaled.png","width":2560,"height":1580,"caption":"Agrifood Technology"},"image":{"@id":"https:\/\/agrifood.com.au\/#\/schema\/logo\/image\/"}}]}},"_links":{"self":[{"href":"https:\/\/agrifood.com.au\/fr\/wp-json\/wp\/v2\/pages\/848","targetHints":{"allow":["GET"]}}],"collection":[{"href":"https:\/\/agrifood.com.au\/fr\/wp-json\/wp\/v2\/pages"}],"about":[{"href":"https:\/\/agrifood.com.au\/fr\/wp-json\/wp\/v2\/types\/page"}],"author":[{"embeddable":true,"href":"https:\/\/agrifood.com.au\/fr\/wp-json\/wp\/v2\/users\/1"}],"replies":[{"embeddable":true,"href":"https:\/\/agrifood.com.au\/fr\/wp-json\/wp\/v2\/comments?post=848"}],"version-history":[{"count":19,"href":"https:\/\/agrifood.com.au\/fr\/wp-json\/wp\/v2\/pages\/848\/revisions"}],"predecessor-version":[{"id":2722,"href":"https:\/\/agrifood.com.au\/fr\/wp-json\/wp\/v2\/pages\/848\/revisions\/2722"}],"up":[{"embeddable":true,"href":"https:\/\/agrifood.com.au\/fr\/wp-json\/wp\/v2\/pages\/813"}],"wp:attachment":[{"href":"https:\/\/agrifood.com.au\/fr\/wp-json\/wp\/v2\/media?parent=848"}],"curies":[{"name":"wp","href":"https:\/\/api.w.org\/{rel}","templated":true}]}}