{"id":854,"date":"2025-09-11T14:46:57","date_gmt":"2025-09-11T14:46:57","guid":{"rendered":"https:\/\/agrifood.swim.net.au\/?page_id=854"},"modified":"2025-11-27T01:53:07","modified_gmt":"2025-11-27T01:53:07","slug":"hotel-services","status":"publish","type":"page","link":"https:\/\/agrifood.com.au\/fr\/services\/by-industry\/local-health\/hotel-services\/","title":{"rendered":"Services h\u00f4teliers"},"content":{"rendered":"<div class=\"wp-block-group is-style-boxed is-layout-constrained wp-block-group-is-layout-constrained\">\n<div class=\"wp-block-columns is-layout-flex wp-container-core-columns-is-layout-9d6595d7 wp-block-columns-is-layout-flex\">\n<div class=\"wp-block-column is-layout-flow wp-block-column-is-layout-flow\">\n<p>Les h\u00f4tels sont responsables de la s\u00e9curit\u00e9 et de la qualit\u00e9 des aliments qu'ils servent \u00e0 leurs clients, ce qui n\u00e9cessite des tests de s\u00e9curit\u00e9 alimentaire rigoureux et un contr\u00f4le de routine. Les services d'analyse fournis par Agrifood Technology aux grandes cha\u00eenes h\u00f4teli\u00e8res contribuent au maintien de bonnes pratiques d'hygi\u00e8ne alimentaire et r\u00e9duisent le risque de nuire \u00e0 la r\u00e9putation de l'\u00e9tablissement.&nbsp;<\/p>\n\n\n\n<p>Dans l'ensemble, la mise en place d'un plan de s\u00e9curit\u00e9 alimentaire est essentielle pour prot\u00e9ger la sant\u00e9 des consommateurs et r\u00e9pondre aux exigences l\u00e9gales et hygi\u00e9niques.<\/p>\n<\/div>\n\n\n\n<div class=\"wp-block-column is-layout-flow wp-block-column-is-layout-flow\">\n<figure class=\"wp-block-image size-large\"><img loading=\"lazy\" decoding=\"async\" width=\"1024\" height=\"683\" src=\"https:\/\/agrifood.com.au\/app\/uploads\/2025\/11\/Hotel-Buffet-Image-1024x683.jpg\" alt=\"\" class=\"wp-image-2415\" srcset=\"https:\/\/agrifood.com.au\/app\/uploads\/2025\/11\/Hotel-Buffet-Image-1024x683.jpg 1024w, https:\/\/agrifood.com.au\/app\/uploads\/2025\/11\/Hotel-Buffet-Image-300x200.jpg 300w, https:\/\/agrifood.com.au\/app\/uploads\/2025\/11\/Hotel-Buffet-Image-768x512.jpg 768w, https:\/\/agrifood.com.au\/app\/uploads\/2025\/11\/Hotel-Buffet-Image-1536x1024.jpg 1536w, https:\/\/agrifood.com.au\/app\/uploads\/2025\/11\/Hotel-Buffet-Image-2048x1365.jpg 2048w, https:\/\/agrifood.com.au\/app\/uploads\/2025\/11\/Hotel-Buffet-Image-18x12.jpg 18w, https:\/\/agrifood.com.au\/app\/uploads\/2025\/11\/Hotel-Buffet-Image-scaled.jpg 2560w\" sizes=\"auto, (max-width: 1024px) 100vw, 1024px\" \/><\/figure>\n<\/div>\n<\/div>\n\n\n\n<h2 class=\"wp-block-heading\"><strong>Lire la suite<\/strong><\/h2>\n\n\n\n<div class=\"wp-block-buttons is-layout-flex wp-block-buttons-is-layout-flex\">\n<div class=\"wp-block-button is-style-default\"><a class=\"wp-block-button__link wp-element-button\" href=\"\/fr\/services\/by-capability\/agrifood-services\/microbiological-testing\/\">Tests microbiologiques<\/a><\/div>\n\n\n\n<div class=\"wp-block-button is-style-default\"><a class=\"wp-block-button__link wp-element-button\" href=\"\/fr\/services\/by-capability\/agrifood-services\/agro-nutritional-testing\/water-testing\/\">Analyse de l'eau<\/a><\/div>\n\n\n\n<div class=\"wp-block-button is-style-default\"><a class=\"wp-block-button__link wp-element-button\" href=\"\/fr\/services\/by-capability\/agrifood-services\/food-safety-testing\/allergen-testing\/\">Test d'allerg\u00e8nes<\/a><\/div>\n\n\n\n<div class=\"wp-block-button is-style-default\"><a class=\"wp-block-button__link wp-element-button\" href=\"\/fr\/services\/by-capability\/agrifood-services\/microbiological-testing\/shelf-life-testing\/\">Test de dur\u00e9e de conservation\/plaintes concernant les denr\u00e9es alimentaires<\/a><\/div>\n\n\n\n<div class=\"wp-block-button is-style-default\"><a class=\"wp-block-button__link wp-element-button\" href=\"\/fr\/services\/by-capability\/agrifood-services\/nutritional-testing\/\">Tests nutritionnels<\/a><\/div>\n<\/div>\n<\/div>","protected":false},"excerpt":{"rendered":"<p>Hotels are responsible for ensuring the safety and quality of the food they serve to guests, and this requires rigorous food safety testing and routine monitoring. Tes\u2026<\/p>","protected":false},"author":1,"featured_media":0,"parent":805,"menu_order":0,"comment_status":"closed","ping_status":"closed","template":"","meta":{"_acf_changed":false,"footnotes":""},"class_list":["post-854","page","type-page","status-publish","hentry"],"acf":[],"yoast_head":"<!-- This site is optimized with the Yoast SEO plugin v27.0 - https:\/\/yoast.com\/product\/yoast-seo-wordpress\/ -->\n<title>Hotel Services - Agrifood Technology<\/title>\n<meta name=\"robots\" content=\"index, follow, max-snippet:-1, max-image-preview:large, max-video-preview:-1\" \/>\n<link rel=\"canonical\" href=\"https:\/\/agrifood.com.au\/fr\/services\/by-industry\/local-health\/hotel-services\/\" \/>\n<meta property=\"og:locale\" content=\"fr_FR\" \/>\n<meta property=\"og:type\" content=\"article\" \/>\n<meta property=\"og:title\" content=\"Hotel Services - Agrifood Technology\" \/>\n<meta property=\"og:description\" content=\"Hotels are responsible for ensuring the safety and quality of the food they serve to guests, and this requires rigorous food safety testing and routine monitoring. Tes\u2026\" \/>\n<meta property=\"og:url\" content=\"https:\/\/agrifood.com.au\/fr\/services\/by-industry\/local-health\/hotel-services\/\" \/>\n<meta property=\"og:site_name\" content=\"Agrifood Technology\" \/>\n<meta property=\"article:modified_time\" content=\"2025-11-27T01:53:07+00:00\" \/>\n<meta property=\"og:image\" content=\"https:\/\/agrifood.com.au\/app\/uploads\/2025\/11\/Hotel-Buffet-Image-scaled.jpg\" \/>\n\t<meta property=\"og:image:width\" content=\"2560\" \/>\n\t<meta property=\"og:image:height\" content=\"1707\" \/>\n\t<meta property=\"og:image:type\" content=\"image\/jpeg\" \/>\n<meta name=\"twitter:card\" content=\"summary_large_image\" \/>\n<script type=\"application\/ld+json\" class=\"yoast-schema-graph\">{\"@context\":\"https:\/\/schema.org\",\"@graph\":[{\"@type\":\"WebPage\",\"@id\":\"https:\/\/agrifood.com.au\/services\/by-industry\/local-health\/hotel-services\/\",\"url\":\"https:\/\/agrifood.com.au\/services\/by-industry\/local-health\/hotel-services\/\",\"name\":\"Hotel Services - Agrifood Technology\",\"isPartOf\":{\"@id\":\"https:\/\/agrifood.com.au\/#website\"},\"primaryImageOfPage\":{\"@id\":\"https:\/\/agrifood.com.au\/services\/by-industry\/local-health\/hotel-services\/#primaryimage\"},\"image\":{\"@id\":\"https:\/\/agrifood.com.au\/services\/by-industry\/local-health\/hotel-services\/#primaryimage\"},\"thumbnailUrl\":\"https:\/\/agrifood.com.au\/app\/uploads\/2025\/11\/Hotel-Buffet-Image-1024x683.jpg\",\"datePublished\":\"2025-09-11T14:46:57+00:00\",\"dateModified\":\"2025-11-27T01:53:07+00:00\",\"breadcrumb\":{\"@id\":\"https:\/\/agrifood.com.au\/services\/by-industry\/local-health\/hotel-services\/#breadcrumb\"},\"inLanguage\":\"fr-FR\",\"potentialAction\":[{\"@type\":\"ReadAction\",\"target\":[\"https:\/\/agrifood.com.au\/services\/by-industry\/local-health\/hotel-services\/\"]}]},{\"@type\":\"ImageObject\",\"inLanguage\":\"fr-FR\",\"@id\":\"https:\/\/agrifood.com.au\/services\/by-industry\/local-health\/hotel-services\/#primaryimage\",\"url\":\"https:\/\/agrifood.com.au\/app\/uploads\/2025\/11\/Hotel-Buffet-Image-1024x683.jpg\",\"contentUrl\":\"https:\/\/agrifood.com.au\/app\/uploads\/2025\/11\/Hotel-Buffet-Image-1024x683.jpg\"},{\"@type\":\"BreadcrumbList\",\"@id\":\"https:\/\/agrifood.com.au\/services\/by-industry\/local-health\/hotel-services\/#breadcrumb\",\"itemListElement\":[{\"@type\":\"ListItem\",\"position\":1,\"name\":\"Home\",\"item\":\"https:\/\/agrifood.com.au\/\"},{\"@type\":\"ListItem\",\"position\":2,\"name\":\"Services\",\"item\":\"https:\/\/agrifood.com.au\/services\/\"},{\"@type\":\"ListItem\",\"position\":3,\"name\":\"By Industry\",\"item\":\"https:\/\/agrifood.com.au\/?page_id=807\"},{\"@type\":\"ListItem\",\"position\":4,\"name\":\"Local Health\",\"item\":\"https:\/\/agrifood.com.au\/services\/by-industry\/local-health\/\"},{\"@type\":\"ListItem\",\"position\":5,\"name\":\"Hotel Services\"}]},{\"@type\":\"WebSite\",\"@id\":\"https:\/\/agrifood.com.au\/#website\",\"url\":\"https:\/\/agrifood.com.au\/\",\"name\":\"Agrifood Technology\",\"description\":\"\",\"publisher\":{\"@id\":\"https:\/\/agrifood.com.au\/#organization\"},\"potentialAction\":[{\"@type\":\"SearchAction\",\"target\":{\"@type\":\"EntryPoint\",\"urlTemplate\":\"https:\/\/agrifood.com.au\/?s={search_term_string}\"},\"query-input\":{\"@type\":\"PropertyValueSpecification\",\"valueRequired\":true,\"valueName\":\"search_term_string\"}}],\"inLanguage\":\"fr-FR\"},{\"@type\":\"Organization\",\"@id\":\"https:\/\/agrifood.com.au\/#organization\",\"name\":\"Agrifood Technology\",\"url\":\"https:\/\/agrifood.com.au\/\",\"logo\":{\"@type\":\"ImageObject\",\"inLanguage\":\"fr-FR\",\"@id\":\"https:\/\/agrifood.com.au\/#\/schema\/logo\/image\/\",\"url\":\"https:\/\/agrifood.com.au\/app\/uploads\/2025\/10\/Agrifood-News-Photo-scaled.png\",\"contentUrl\":\"https:\/\/agrifood.com.au\/app\/uploads\/2025\/10\/Agrifood-News-Photo-scaled.png\",\"width\":2560,\"height\":1580,\"caption\":\"Agrifood Technology\"},\"image\":{\"@id\":\"https:\/\/agrifood.com.au\/#\/schema\/logo\/image\/\"}}]}<\/script>\n<!-- \/ Yoast SEO plugin. -->","yoast_head_json":{"title":"Hotel Services - Agrifood Technology","robots":{"index":"index","follow":"follow","max-snippet":"max-snippet:-1","max-image-preview":"max-image-preview:large","max-video-preview":"max-video-preview:-1"},"canonical":"https:\/\/agrifood.com.au\/fr\/services\/by-industry\/local-health\/hotel-services\/","og_locale":"fr_FR","og_type":"article","og_title":"Hotel Services - Agrifood Technology","og_description":"Hotels are responsible for ensuring the safety and quality of the food they serve to guests, and this requires rigorous food safety testing and routine monitoring. Tes\u2026","og_url":"https:\/\/agrifood.com.au\/fr\/services\/by-industry\/local-health\/hotel-services\/","og_site_name":"Agrifood Technology","article_modified_time":"2025-11-27T01:53:07+00:00","og_image":[{"width":2560,"height":1707,"url":"https:\/\/agrifood.com.au\/app\/uploads\/2025\/11\/Hotel-Buffet-Image-scaled.jpg","type":"image\/jpeg"}],"twitter_card":"summary_large_image","schema":{"@context":"https:\/\/schema.org","@graph":[{"@type":"WebPage","@id":"https:\/\/agrifood.com.au\/services\/by-industry\/local-health\/hotel-services\/","url":"https:\/\/agrifood.com.au\/services\/by-industry\/local-health\/hotel-services\/","name":"Hotel Services - Agrifood Technology","isPartOf":{"@id":"https:\/\/agrifood.com.au\/#website"},"primaryImageOfPage":{"@id":"https:\/\/agrifood.com.au\/services\/by-industry\/local-health\/hotel-services\/#primaryimage"},"image":{"@id":"https:\/\/agrifood.com.au\/services\/by-industry\/local-health\/hotel-services\/#primaryimage"},"thumbnailUrl":"https:\/\/agrifood.com.au\/app\/uploads\/2025\/11\/Hotel-Buffet-Image-1024x683.jpg","datePublished":"2025-09-11T14:46:57+00:00","dateModified":"2025-11-27T01:53:07+00:00","breadcrumb":{"@id":"https:\/\/agrifood.com.au\/services\/by-industry\/local-health\/hotel-services\/#breadcrumb"},"inLanguage":"fr-FR","potentialAction":[{"@type":"ReadAction","target":["https:\/\/agrifood.com.au\/services\/by-industry\/local-health\/hotel-services\/"]}]},{"@type":"ImageObject","inLanguage":"fr-FR","@id":"https:\/\/agrifood.com.au\/services\/by-industry\/local-health\/hotel-services\/#primaryimage","url":"https:\/\/agrifood.com.au\/app\/uploads\/2025\/11\/Hotel-Buffet-Image-1024x683.jpg","contentUrl":"https:\/\/agrifood.com.au\/app\/uploads\/2025\/11\/Hotel-Buffet-Image-1024x683.jpg"},{"@type":"BreadcrumbList","@id":"https:\/\/agrifood.com.au\/services\/by-industry\/local-health\/hotel-services\/#breadcrumb","itemListElement":[{"@type":"ListItem","position":1,"name":"Home","item":"https:\/\/agrifood.com.au\/"},{"@type":"ListItem","position":2,"name":"Services","item":"https:\/\/agrifood.com.au\/services\/"},{"@type":"ListItem","position":3,"name":"By Industry","item":"https:\/\/agrifood.com.au\/?page_id=807"},{"@type":"ListItem","position":4,"name":"Local Health","item":"https:\/\/agrifood.com.au\/services\/by-industry\/local-health\/"},{"@type":"ListItem","position":5,"name":"Hotel Services"}]},{"@type":"WebSite","@id":"https:\/\/agrifood.com.au\/#website","url":"https:\/\/agrifood.com.au\/","name":"Technologie agroalimentaire","description":"","publisher":{"@id":"https:\/\/agrifood.com.au\/#organization"},"potentialAction":[{"@type":"SearchAction","target":{"@type":"EntryPoint","urlTemplate":"https:\/\/agrifood.com.au\/?s={search_term_string}"},"query-input":{"@type":"PropertyValueSpecification","valueRequired":true,"valueName":"search_term_string"}}],"inLanguage":"fr-FR"},{"@type":"Organization","@id":"https:\/\/agrifood.com.au\/#organization","name":"Technologie agroalimentaire","url":"https:\/\/agrifood.com.au\/","logo":{"@type":"ImageObject","inLanguage":"fr-FR","@id":"https:\/\/agrifood.com.au\/#\/schema\/logo\/image\/","url":"https:\/\/agrifood.com.au\/app\/uploads\/2025\/10\/Agrifood-News-Photo-scaled.png","contentUrl":"https:\/\/agrifood.com.au\/app\/uploads\/2025\/10\/Agrifood-News-Photo-scaled.png","width":2560,"height":1580,"caption":"Agrifood Technology"},"image":{"@id":"https:\/\/agrifood.com.au\/#\/schema\/logo\/image\/"}}]}},"_links":{"self":[{"href":"https:\/\/agrifood.com.au\/fr\/wp-json\/wp\/v2\/pages\/854","targetHints":{"allow":["GET"]}}],"collection":[{"href":"https:\/\/agrifood.com.au\/fr\/wp-json\/wp\/v2\/pages"}],"about":[{"href":"https:\/\/agrifood.com.au\/fr\/wp-json\/wp\/v2\/types\/page"}],"author":[{"embeddable":true,"href":"https:\/\/agrifood.com.au\/fr\/wp-json\/wp\/v2\/users\/1"}],"replies":[{"embeddable":true,"href":"https:\/\/agrifood.com.au\/fr\/wp-json\/wp\/v2\/comments?post=854"}],"version-history":[{"count":11,"href":"https:\/\/agrifood.com.au\/fr\/wp-json\/wp\/v2\/pages\/854\/revisions"}],"predecessor-version":[{"id":2707,"href":"https:\/\/agrifood.com.au\/fr\/wp-json\/wp\/v2\/pages\/854\/revisions\/2707"}],"up":[{"embeddable":true,"href":"https:\/\/agrifood.com.au\/fr\/wp-json\/wp\/v2\/pages\/805"}],"wp:attachment":[{"href":"https:\/\/agrifood.com.au\/fr\/wp-json\/wp\/v2\/media?parent=854"}],"curies":[{"name":"wp","href":"https:\/\/api.w.org\/{rel}","templated":true}]}}