{"id":856,"date":"2025-09-11T14:47:13","date_gmt":"2025-09-11T14:47:13","guid":{"rendered":"https:\/\/agrifood.swim.net.au\/?page_id=856"},"modified":"2025-11-28T00:42:18","modified_gmt":"2025-11-28T00:42:18","slug":"agro-nutritional-testing","status":"publish","type":"page","link":"https:\/\/agrifood.com.au\/fr\/services\/by-capability\/agrifood-services\/agro-nutritional-testing\/","title":{"rendered":"Tests agro-nutritionnels"},"content":{"rendered":"<div class=\"wp-block-group is-style-boxed is-layout-constrained wp-block-group-is-layout-constrained\">\n<div class=\"wp-block-columns is-layout-flex wp-container-core-columns-is-layout-9d6595d7 wp-block-columns-is-layout-flex\">\n<div class=\"wp-block-column is-layout-flow wp-block-column-is-layout-flow\">\n<p>Agrifood Technology propose des services complets d'analyse de la qualit\u00e9 de l'eau, de la chaux agricole (dolomie) et du gypse afin de soutenir des pratiques agricoles efficaces et durables. Notre laboratoire sp\u00e9cialis\u00e9 fournit des r\u00e9sultats pr\u00e9cis et personnalis\u00e9s pour vous aider \u00e0 optimiser l'utilisation de l'eau d'irrigation, \u00e0 am\u00e9liorer la sant\u00e9 des sols et \u00e0 garantir que vos intrants agricoles r\u00e9pondent aux normes de qualit\u00e9. Qu'il s'agisse de contr\u00f4ler l'eau d'irrigation, de tester la valeur de neutralisation de la chaux ou d'analyser la composition du gypse, notre \u00e9quipe sp\u00e9cialis\u00e9e est l\u00e0 pour vous fournir des tests fiables et des conseils d'experts adapt\u00e9s \u00e0 vos besoins.<\/p>\n<\/div>\n\n\n\n<div class=\"wp-block-column is-layout-flow wp-block-column-is-layout-flow\">\n<figure class=\"wp-block-image size-full\"><img loading=\"lazy\" decoding=\"async\" width=\"1254\" height=\"836\" src=\"https:\/\/agrifood.com.au\/app\/uploads\/2025\/11\/Bore-water.jpg\" alt=\"\" class=\"wp-image-2729\" srcset=\"https:\/\/agrifood.com.au\/app\/uploads\/2025\/11\/Bore-water.jpg 1254w, https:\/\/agrifood.com.au\/app\/uploads\/2025\/11\/Bore-water-300x200.jpg 300w, https:\/\/agrifood.com.au\/app\/uploads\/2025\/11\/Bore-water-1024x683.jpg 1024w, https:\/\/agrifood.com.au\/app\/uploads\/2025\/11\/Bore-water-768x512.jpg 768w, https:\/\/agrifood.com.au\/app\/uploads\/2025\/11\/Bore-water-18x12.jpg 18w\" sizes=\"auto, (max-width: 1254px) 100vw, 1254px\" \/><\/figure>\n<\/div>\n<\/div>\n\n\n\n<h2 class=\"wp-block-heading\">Lire la suite<\/h2>\n\n\n\n<div class=\"wp-block-buttons is-layout-flex wp-block-buttons-is-layout-flex\">\n<div class=\"wp-block-button is-style-default\"><a class=\"wp-block-button__link wp-element-button\" href=\"https:\/\/agrifood.com.au\/fr\/services\/by-capability\/agrifood-services\/agro-nutritional-testing\/water-testing\/\">Analyse de l'eau<\/a><\/div>\n\n\n\n<div class=\"wp-block-button is-style-default\"><a class=\"wp-block-button__link wp-element-button\" href=\"https:\/\/agrifood.com.au\/fr\/services\/by-capability\/agrifood-services\/agro-nutritional-testing\/lime-testing\/\">Essai sur la chaux<\/a><\/div>\n<\/div>\n<\/div>","protected":false},"excerpt":{"rendered":"<p>Agrifood Technology provides comprehensive testing services focused on water quality, agricultural lime (dolomite), and gypsum analysis to support efficient and sustai\u2026<\/p>","protected":false},"author":1,"featured_media":0,"parent":813,"menu_order":0,"comment_status":"closed","ping_status":"closed","template":"","meta":{"_acf_changed":false,"footnotes":""},"class_list":["post-856","page","type-page","status-publish","hentry"],"acf":[],"yoast_head":"<!-- This site is optimized with the Yoast SEO plugin v27.0 - https:\/\/yoast.com\/product\/yoast-seo-wordpress\/ -->\n<title>Agro-Nutritional Testing - Agrifood Technology<\/title>\n<meta name=\"robots\" content=\"index, follow, max-snippet:-1, max-image-preview:large, max-video-preview:-1\" \/>\n<link rel=\"canonical\" href=\"https:\/\/agrifood.com.au\/fr\/services\/by-capability\/agrifood-services\/agro-nutritional-testing\/\" \/>\n<meta property=\"og:locale\" content=\"fr_FR\" \/>\n<meta property=\"og:type\" content=\"article\" \/>\n<meta property=\"og:title\" content=\"Agro-Nutritional Testing - Agrifood Technology\" \/>\n<meta property=\"og:description\" content=\"Agrifood Technology provides comprehensive testing services focused on water quality, agricultural lime (dolomite), and gypsum analysis to support efficient and sustai\u2026\" \/>\n<meta property=\"og:url\" content=\"https:\/\/agrifood.com.au\/fr\/services\/by-capability\/agrifood-services\/agro-nutritional-testing\/\" \/>\n<meta property=\"og:site_name\" content=\"Agrifood Technology\" \/>\n<meta property=\"article:modified_time\" content=\"2025-11-28T00:42:18+00:00\" \/>\n<meta property=\"og:image\" content=\"https:\/\/agrifood.com.au\/app\/uploads\/2025\/11\/Bore-water.jpg\" \/>\n\t<meta property=\"og:image:width\" content=\"1254\" \/>\n\t<meta property=\"og:image:height\" content=\"836\" \/>\n\t<meta property=\"og:image:type\" content=\"image\/jpeg\" \/>\n<meta name=\"twitter:card\" content=\"summary_large_image\" \/>\n<script type=\"application\/ld+json\" class=\"yoast-schema-graph\">{\"@context\":\"https:\/\/schema.org\",\"@graph\":[{\"@type\":\"WebPage\",\"@id\":\"https:\/\/agrifood.com.au\/services\/by-capability\/agrifood-services\/agro-nutritional-testing\/\",\"url\":\"https:\/\/agrifood.com.au\/services\/by-capability\/agrifood-services\/agro-nutritional-testing\/\",\"name\":\"Agro-Nutritional Testing - Agrifood Technology\",\"isPartOf\":{\"@id\":\"https:\/\/agrifood.com.au\/#website\"},\"primaryImageOfPage\":{\"@id\":\"https:\/\/agrifood.com.au\/services\/by-capability\/agrifood-services\/agro-nutritional-testing\/#primaryimage\"},\"image\":{\"@id\":\"https:\/\/agrifood.com.au\/services\/by-capability\/agrifood-services\/agro-nutritional-testing\/#primaryimage\"},\"thumbnailUrl\":\"https:\/\/agrifood.com.au\/app\/uploads\/2025\/11\/Bore-water.jpg\",\"datePublished\":\"2025-09-11T14:47:13+00:00\",\"dateModified\":\"2025-11-28T00:42:18+00:00\",\"breadcrumb\":{\"@id\":\"https:\/\/agrifood.com.au\/services\/by-capability\/agrifood-services\/agro-nutritional-testing\/#breadcrumb\"},\"inLanguage\":\"fr-FR\",\"potentialAction\":[{\"@type\":\"ReadAction\",\"target\":[\"https:\/\/agrifood.com.au\/services\/by-capability\/agrifood-services\/agro-nutritional-testing\/\"]}]},{\"@type\":\"ImageObject\",\"inLanguage\":\"fr-FR\",\"@id\":\"https:\/\/agrifood.com.au\/services\/by-capability\/agrifood-services\/agro-nutritional-testing\/#primaryimage\",\"url\":\"https:\/\/agrifood.com.au\/app\/uploads\/2025\/11\/Bore-water.jpg\",\"contentUrl\":\"https:\/\/agrifood.com.au\/app\/uploads\/2025\/11\/Bore-water.jpg\"},{\"@type\":\"BreadcrumbList\",\"@id\":\"https:\/\/agrifood.com.au\/services\/by-capability\/agrifood-services\/agro-nutritional-testing\/#breadcrumb\",\"itemListElement\":[{\"@type\":\"ListItem\",\"position\":1,\"name\":\"Home\",\"item\":\"https:\/\/agrifood.com.au\/\"},{\"@type\":\"ListItem\",\"position\":2,\"name\":\"Services\",\"item\":\"https:\/\/agrifood.com.au\/services\/\"},{\"@type\":\"ListItem\",\"position\":3,\"name\":\"By Capability\",\"item\":\"https:\/\/agrifood.com.au\/?page_id=811\"},{\"@type\":\"ListItem\",\"position\":4,\"name\":\"Agrifood Services\",\"item\":\"https:\/\/agrifood.com.au\/services\/by-capability\/agrifood-services\/\"},{\"@type\":\"ListItem\",\"position\":5,\"name\":\"Agro-Nutritional Testing\"}]},{\"@type\":\"WebSite\",\"@id\":\"https:\/\/agrifood.com.au\/#website\",\"url\":\"https:\/\/agrifood.com.au\/\",\"name\":\"Agrifood Technology\",\"description\":\"\",\"publisher\":{\"@id\":\"https:\/\/agrifood.com.au\/#organization\"},\"potentialAction\":[{\"@type\":\"SearchAction\",\"target\":{\"@type\":\"EntryPoint\",\"urlTemplate\":\"https:\/\/agrifood.com.au\/?s={search_term_string}\"},\"query-input\":{\"@type\":\"PropertyValueSpecification\",\"valueRequired\":true,\"valueName\":\"search_term_string\"}}],\"inLanguage\":\"fr-FR\"},{\"@type\":\"Organization\",\"@id\":\"https:\/\/agrifood.com.au\/#organization\",\"name\":\"Agrifood Technology\",\"url\":\"https:\/\/agrifood.com.au\/\",\"logo\":{\"@type\":\"ImageObject\",\"inLanguage\":\"fr-FR\",\"@id\":\"https:\/\/agrifood.com.au\/#\/schema\/logo\/image\/\",\"url\":\"https:\/\/agrifood.com.au\/app\/uploads\/2025\/10\/Agrifood-News-Photo-scaled.png\",\"contentUrl\":\"https:\/\/agrifood.com.au\/app\/uploads\/2025\/10\/Agrifood-News-Photo-scaled.png\",\"width\":2560,\"height\":1580,\"caption\":\"Agrifood Technology\"},\"image\":{\"@id\":\"https:\/\/agrifood.com.au\/#\/schema\/logo\/image\/\"}}]}<\/script>\n<!-- \/ Yoast SEO plugin. -->","yoast_head_json":{"title":"Agro-Nutritional Testing - Agrifood Technology","robots":{"index":"index","follow":"follow","max-snippet":"max-snippet:-1","max-image-preview":"max-image-preview:large","max-video-preview":"max-video-preview:-1"},"canonical":"https:\/\/agrifood.com.au\/fr\/services\/by-capability\/agrifood-services\/agro-nutritional-testing\/","og_locale":"fr_FR","og_type":"article","og_title":"Agro-Nutritional Testing - Agrifood Technology","og_description":"Agrifood Technology provides comprehensive testing services focused on water quality, agricultural lime (dolomite), and gypsum analysis to support efficient and sustai\u2026","og_url":"https:\/\/agrifood.com.au\/fr\/services\/by-capability\/agrifood-services\/agro-nutritional-testing\/","og_site_name":"Agrifood Technology","article_modified_time":"2025-11-28T00:42:18+00:00","og_image":[{"width":1254,"height":836,"url":"https:\/\/agrifood.com.au\/app\/uploads\/2025\/11\/Bore-water.jpg","type":"image\/jpeg"}],"twitter_card":"summary_large_image","schema":{"@context":"https:\/\/schema.org","@graph":[{"@type":"WebPage","@id":"https:\/\/agrifood.com.au\/services\/by-capability\/agrifood-services\/agro-nutritional-testing\/","url":"https:\/\/agrifood.com.au\/services\/by-capability\/agrifood-services\/agro-nutritional-testing\/","name":"Agro-Nutritional Testing - Agrifood Technology","isPartOf":{"@id":"https:\/\/agrifood.com.au\/#website"},"primaryImageOfPage":{"@id":"https:\/\/agrifood.com.au\/services\/by-capability\/agrifood-services\/agro-nutritional-testing\/#primaryimage"},"image":{"@id":"https:\/\/agrifood.com.au\/services\/by-capability\/agrifood-services\/agro-nutritional-testing\/#primaryimage"},"thumbnailUrl":"https:\/\/agrifood.com.au\/app\/uploads\/2025\/11\/Bore-water.jpg","datePublished":"2025-09-11T14:47:13+00:00","dateModified":"2025-11-28T00:42:18+00:00","breadcrumb":{"@id":"https:\/\/agrifood.com.au\/services\/by-capability\/agrifood-services\/agro-nutritional-testing\/#breadcrumb"},"inLanguage":"fr-FR","potentialAction":[{"@type":"ReadAction","target":["https:\/\/agrifood.com.au\/services\/by-capability\/agrifood-services\/agro-nutritional-testing\/"]}]},{"@type":"ImageObject","inLanguage":"fr-FR","@id":"https:\/\/agrifood.com.au\/services\/by-capability\/agrifood-services\/agro-nutritional-testing\/#primaryimage","url":"https:\/\/agrifood.com.au\/app\/uploads\/2025\/11\/Bore-water.jpg","contentUrl":"https:\/\/agrifood.com.au\/app\/uploads\/2025\/11\/Bore-water.jpg"},{"@type":"BreadcrumbList","@id":"https:\/\/agrifood.com.au\/services\/by-capability\/agrifood-services\/agro-nutritional-testing\/#breadcrumb","itemListElement":[{"@type":"ListItem","position":1,"name":"Home","item":"https:\/\/agrifood.com.au\/"},{"@type":"ListItem","position":2,"name":"Services","item":"https:\/\/agrifood.com.au\/services\/"},{"@type":"ListItem","position":3,"name":"By Capability","item":"https:\/\/agrifood.com.au\/?page_id=811"},{"@type":"ListItem","position":4,"name":"Agrifood Services","item":"https:\/\/agrifood.com.au\/services\/by-capability\/agrifood-services\/"},{"@type":"ListItem","position":5,"name":"Agro-Nutritional Testing"}]},{"@type":"WebSite","@id":"https:\/\/agrifood.com.au\/#website","url":"https:\/\/agrifood.com.au\/","name":"Technologie agroalimentaire","description":"","publisher":{"@id":"https:\/\/agrifood.com.au\/#organization"},"potentialAction":[{"@type":"SearchAction","target":{"@type":"EntryPoint","urlTemplate":"https:\/\/agrifood.com.au\/?s={search_term_string}"},"query-input":{"@type":"PropertyValueSpecification","valueRequired":true,"valueName":"search_term_string"}}],"inLanguage":"fr-FR"},{"@type":"Organization","@id":"https:\/\/agrifood.com.au\/#organization","name":"Technologie agroalimentaire","url":"https:\/\/agrifood.com.au\/","logo":{"@type":"ImageObject","inLanguage":"fr-FR","@id":"https:\/\/agrifood.com.au\/#\/schema\/logo\/image\/","url":"https:\/\/agrifood.com.au\/app\/uploads\/2025\/10\/Agrifood-News-Photo-scaled.png","contentUrl":"https:\/\/agrifood.com.au\/app\/uploads\/2025\/10\/Agrifood-News-Photo-scaled.png","width":2560,"height":1580,"caption":"Agrifood Technology"},"image":{"@id":"https:\/\/agrifood.com.au\/#\/schema\/logo\/image\/"}}]}},"_links":{"self":[{"href":"https:\/\/agrifood.com.au\/fr\/wp-json\/wp\/v2\/pages\/856","targetHints":{"allow":["GET"]}}],"collection":[{"href":"https:\/\/agrifood.com.au\/fr\/wp-json\/wp\/v2\/pages"}],"about":[{"href":"https:\/\/agrifood.com.au\/fr\/wp-json\/wp\/v2\/types\/page"}],"author":[{"embeddable":true,"href":"https:\/\/agrifood.com.au\/fr\/wp-json\/wp\/v2\/users\/1"}],"replies":[{"embeddable":true,"href":"https:\/\/agrifood.com.au\/fr\/wp-json\/wp\/v2\/comments?post=856"}],"version-history":[{"count":21,"href":"https:\/\/agrifood.com.au\/fr\/wp-json\/wp\/v2\/pages\/856\/revisions"}],"predecessor-version":[{"id":2731,"href":"https:\/\/agrifood.com.au\/fr\/wp-json\/wp\/v2\/pages\/856\/revisions\/2731"}],"up":[{"embeddable":true,"href":"https:\/\/agrifood.com.au\/fr\/wp-json\/wp\/v2\/pages\/813"}],"wp:attachment":[{"href":"https:\/\/agrifood.com.au\/fr\/wp-json\/wp\/v2\/media?parent=856"}],"curies":[{"name":"wp","href":"https:\/\/api.w.org\/{rel}","templated":true}]}}