{"id":866,"date":"2025-09-11T14:49:43","date_gmt":"2025-09-11T14:49:43","guid":{"rendered":"https:\/\/agrifood.swim.net.au\/?page_id=866"},"modified":"2025-11-27T02:21:41","modified_gmt":"2025-11-27T02:21:41","slug":"environmental-monitoring","status":"publish","type":"page","link":"https:\/\/agrifood.com.au\/fr\/services\/by-capability\/agrifood-services\/microbiological-testing\/environmental-monitoring\/","title":{"rendered":"Surveillance de l'environnement"},"content":{"rendered":"<div class=\"wp-block-group is-style-boxed is-layout-constrained wp-block-group-is-layout-constrained\">\n<div class=\"wp-block-columns is-layout-flex wp-container-core-columns-is-layout-9d6595d7 wp-block-columns-is-layout-flex\">\n<div class=\"wp-block-column is-layout-flow wp-block-column-is-layout-flow\">\n<p>La surveillance et l'analyse de l'environnement sont essentielles dans l'industrie alimentaire, car elles permettent de pr\u00e9venir la contamination en identifiant les agents pathog\u00e8nes, les organismes de d\u00e9t\u00e9rioration et les allerg\u00e8nes dans l'environnement de production, ce qui contribue \u00e0 r\u00e9duire le risque de maladies d'origine alimentaire, de rappels et d'atteinte \u00e0 la marque. Cette approche proactive agit comme un syst\u00e8me d'alerte pr\u00e9coce, en v\u00e9rifiant que les pratiques de nettoyage et d'assainissement sont efficaces et en identifiant les sources potentielles de contamination.&nbsp;<\/p>\n\n\n\n<p>Agrifood Technology propose un service de contr\u00f4le de l'air et des surfaces par \u00e9couvillonnage ou pr\u00e9l\u00e8vement d'\u00e9chantillons d'air pour d\u00e9tecter la pr\u00e9sence de bact\u00e9ries et d'agents pathog\u00e8nes.<\/p>\n<\/div>\n\n\n\n<div class=\"wp-block-column is-layout-flow wp-block-column-is-layout-flow\">\n<figure class=\"wp-block-image size-large\"><img loading=\"lazy\" decoding=\"async\" width=\"1024\" height=\"1024\" src=\"https:\/\/agrifood.com.au\/app\/uploads\/2025\/11\/Environmental-Testing-1024x1024.jpg\" alt=\"\" class=\"wp-image-2267\" srcset=\"https:\/\/agrifood.com.au\/app\/uploads\/2025\/11\/Environmental-Testing-1024x1024.jpg 1024w, https:\/\/agrifood.com.au\/app\/uploads\/2025\/11\/Environmental-Testing-300x300.jpg 300w, https:\/\/agrifood.com.au\/app\/uploads\/2025\/11\/Environmental-Testing-150x150.jpg 150w, https:\/\/agrifood.com.au\/app\/uploads\/2025\/11\/Environmental-Testing-768x768.jpg 768w, https:\/\/agrifood.com.au\/app\/uploads\/2025\/11\/Environmental-Testing-1536x1536.jpg 1536w, https:\/\/agrifood.com.au\/app\/uploads\/2025\/11\/Environmental-Testing-12x12.jpg 12w, https:\/\/agrifood.com.au\/app\/uploads\/2025\/11\/Environmental-Testing.jpg 1887w\" sizes=\"auto, (max-width: 1024px) 100vw, 1024px\" \/><\/figure>\n<\/div>\n<\/div>\n\n\n\n<h2 class=\"wp-block-heading\">Lire la suite<\/h2>\n\n\n\n<div class=\"wp-block-buttons is-layout-flex wp-block-buttons-is-layout-flex\">\n<div class=\"wp-block-button is-style-default\"><a class=\"wp-block-button__link wp-element-button\" href=\"\/fr\/services\/by-capability\/agrifood-services\/nutritional-testing\/\" target=\"_blank\" rel=\"noreferrer noopener\">Tests nutritionnels<\/a><\/div>\n\n\n\n<div class=\"wp-block-button is-style-default\"><a class=\"wp-block-button__link wp-element-button\" href=\"\/fr\/services\/by-capability\/agrifood-services\/food-safety-testing\/allergen-testing\/\">Test d'allerg\u00e8nes<\/a><\/div>\n\n\n\n<div class=\"wp-block-button is-style-default\"><a class=\"wp-block-button__link wp-element-button\" href=\"\/fr\/services\/by-capability\/agrifood-services\/microbiological-testing\/shelf-life-testing\/\">Test de dur\u00e9e de conservation<\/a><\/div>\n<\/div>\n<\/div>","protected":false},"excerpt":{"rendered":"<p>Environmental monitoring and testing are crucial in the food industry because&nbsp;they prevent contamination by identifying pathogens, spoilage organisms, and allerge\u2026<\/p>","protected":false},"author":1,"featured_media":0,"parent":819,"menu_order":0,"comment_status":"closed","ping_status":"closed","template":"","meta":{"_acf_changed":false,"footnotes":""},"class_list":["post-866","page","type-page","status-publish","hentry"],"acf":[],"yoast_head":"<!-- This site is optimized with the Yoast SEO plugin v27.0 - https:\/\/yoast.com\/product\/yoast-seo-wordpress\/ -->\n<title>Environmental Monitoring - Agrifood Technology<\/title>\n<meta name=\"robots\" content=\"index, follow, max-snippet:-1, max-image-preview:large, max-video-preview:-1\" \/>\n<link rel=\"canonical\" href=\"https:\/\/agrifood.com.au\/fr\/services\/by-capability\/agrifood-services\/microbiological-testing\/environmental-monitoring\/\" \/>\n<meta property=\"og:locale\" content=\"fr_FR\" \/>\n<meta property=\"og:type\" content=\"article\" \/>\n<meta property=\"og:title\" content=\"Environmental Monitoring - Agrifood Technology\" \/>\n<meta property=\"og:description\" content=\"Environmental monitoring and testing are crucial in the food industry because&nbsp;they prevent contamination by identifying pathogens, spoilage organisms, and allerge\u2026\" \/>\n<meta property=\"og:url\" content=\"https:\/\/agrifood.com.au\/fr\/services\/by-capability\/agrifood-services\/microbiological-testing\/environmental-monitoring\/\" \/>\n<meta property=\"og:site_name\" content=\"Agrifood Technology\" \/>\n<meta property=\"article:modified_time\" content=\"2025-11-27T02:21:41+00:00\" \/>\n<meta property=\"og:image\" content=\"https:\/\/agrifood.com.au\/app\/uploads\/2025\/11\/Environmental-Testing.jpg\" \/>\n\t<meta property=\"og:image:width\" content=\"1887\" \/>\n\t<meta property=\"og:image:height\" content=\"1887\" \/>\n\t<meta property=\"og:image:type\" content=\"image\/jpeg\" \/>\n<meta name=\"twitter:card\" content=\"summary_large_image\" \/>\n<script type=\"application\/ld+json\" class=\"yoast-schema-graph\">{\"@context\":\"https:\/\/schema.org\",\"@graph\":[{\"@type\":\"WebPage\",\"@id\":\"https:\/\/agrifood.com.au\/services\/by-capability\/agrifood-services\/microbiological-testing\/environmental-monitoring\/\",\"url\":\"https:\/\/agrifood.com.au\/services\/by-capability\/agrifood-services\/microbiological-testing\/environmental-monitoring\/\",\"name\":\"Environmental Monitoring - Agrifood Technology\",\"isPartOf\":{\"@id\":\"https:\/\/agrifood.com.au\/#website\"},\"primaryImageOfPage\":{\"@id\":\"https:\/\/agrifood.com.au\/services\/by-capability\/agrifood-services\/microbiological-testing\/environmental-monitoring\/#primaryimage\"},\"image\":{\"@id\":\"https:\/\/agrifood.com.au\/services\/by-capability\/agrifood-services\/microbiological-testing\/environmental-monitoring\/#primaryimage\"},\"thumbnailUrl\":\"https:\/\/agrifood.com.au\/app\/uploads\/2025\/11\/Environmental-Testing-1024x1024.jpg\",\"datePublished\":\"2025-09-11T14:49:43+00:00\",\"dateModified\":\"2025-11-27T02:21:41+00:00\",\"breadcrumb\":{\"@id\":\"https:\/\/agrifood.com.au\/services\/by-capability\/agrifood-services\/microbiological-testing\/environmental-monitoring\/#breadcrumb\"},\"inLanguage\":\"fr-FR\",\"potentialAction\":[{\"@type\":\"ReadAction\",\"target\":[\"https:\/\/agrifood.com.au\/services\/by-capability\/agrifood-services\/microbiological-testing\/environmental-monitoring\/\"]}]},{\"@type\":\"ImageObject\",\"inLanguage\":\"fr-FR\",\"@id\":\"https:\/\/agrifood.com.au\/services\/by-capability\/agrifood-services\/microbiological-testing\/environmental-monitoring\/#primaryimage\",\"url\":\"https:\/\/agrifood.com.au\/app\/uploads\/2025\/11\/Environmental-Testing-1024x1024.jpg\",\"contentUrl\":\"https:\/\/agrifood.com.au\/app\/uploads\/2025\/11\/Environmental-Testing-1024x1024.jpg\"},{\"@type\":\"BreadcrumbList\",\"@id\":\"https:\/\/agrifood.com.au\/services\/by-capability\/agrifood-services\/microbiological-testing\/environmental-monitoring\/#breadcrumb\",\"itemListElement\":[{\"@type\":\"ListItem\",\"position\":1,\"name\":\"Home\",\"item\":\"https:\/\/agrifood.com.au\/\"},{\"@type\":\"ListItem\",\"position\":2,\"name\":\"Services\",\"item\":\"https:\/\/agrifood.com.au\/services\/\"},{\"@type\":\"ListItem\",\"position\":3,\"name\":\"By Capability\",\"item\":\"https:\/\/agrifood.com.au\/?page_id=811\"},{\"@type\":\"ListItem\",\"position\":4,\"name\":\"Agrifood Services\",\"item\":\"https:\/\/agrifood.com.au\/services\/by-capability\/agrifood-services\/\"},{\"@type\":\"ListItem\",\"position\":5,\"name\":\"Microbiological Testing\",\"item\":\"https:\/\/agrifood.com.au\/services\/by-capability\/agrifood-services\/microbiological-testing\/\"},{\"@type\":\"ListItem\",\"position\":6,\"name\":\"Environmental Monitoring\"}]},{\"@type\":\"WebSite\",\"@id\":\"https:\/\/agrifood.com.au\/#website\",\"url\":\"https:\/\/agrifood.com.au\/\",\"name\":\"Agrifood Technology\",\"description\":\"\",\"publisher\":{\"@id\":\"https:\/\/agrifood.com.au\/#organization\"},\"potentialAction\":[{\"@type\":\"SearchAction\",\"target\":{\"@type\":\"EntryPoint\",\"urlTemplate\":\"https:\/\/agrifood.com.au\/?s={search_term_string}\"},\"query-input\":{\"@type\":\"PropertyValueSpecification\",\"valueRequired\":true,\"valueName\":\"search_term_string\"}}],\"inLanguage\":\"fr-FR\"},{\"@type\":\"Organization\",\"@id\":\"https:\/\/agrifood.com.au\/#organization\",\"name\":\"Agrifood Technology\",\"url\":\"https:\/\/agrifood.com.au\/\",\"logo\":{\"@type\":\"ImageObject\",\"inLanguage\":\"fr-FR\",\"@id\":\"https:\/\/agrifood.com.au\/#\/schema\/logo\/image\/\",\"url\":\"https:\/\/agrifood.com.au\/app\/uploads\/2025\/10\/Agrifood-News-Photo-scaled.png\",\"contentUrl\":\"https:\/\/agrifood.com.au\/app\/uploads\/2025\/10\/Agrifood-News-Photo-scaled.png\",\"width\":2560,\"height\":1580,\"caption\":\"Agrifood Technology\"},\"image\":{\"@id\":\"https:\/\/agrifood.com.au\/#\/schema\/logo\/image\/\"}}]}<\/script>\n<!-- \/ Yoast SEO plugin. -->","yoast_head_json":{"title":"Environmental Monitoring - Agrifood Technology","robots":{"index":"index","follow":"follow","max-snippet":"max-snippet:-1","max-image-preview":"max-image-preview:large","max-video-preview":"max-video-preview:-1"},"canonical":"https:\/\/agrifood.com.au\/fr\/services\/by-capability\/agrifood-services\/microbiological-testing\/environmental-monitoring\/","og_locale":"fr_FR","og_type":"article","og_title":"Environmental Monitoring - Agrifood Technology","og_description":"Environmental monitoring and testing are crucial in the food industry because&nbsp;they prevent contamination by identifying pathogens, spoilage organisms, and allerge\u2026","og_url":"https:\/\/agrifood.com.au\/fr\/services\/by-capability\/agrifood-services\/microbiological-testing\/environmental-monitoring\/","og_site_name":"Agrifood Technology","article_modified_time":"2025-11-27T02:21:41+00:00","og_image":[{"width":1887,"height":1887,"url":"https:\/\/agrifood.com.au\/app\/uploads\/2025\/11\/Environmental-Testing.jpg","type":"image\/jpeg"}],"twitter_card":"summary_large_image","schema":{"@context":"https:\/\/schema.org","@graph":[{"@type":"WebPage","@id":"https:\/\/agrifood.com.au\/services\/by-capability\/agrifood-services\/microbiological-testing\/environmental-monitoring\/","url":"https:\/\/agrifood.com.au\/services\/by-capability\/agrifood-services\/microbiological-testing\/environmental-monitoring\/","name":"Environmental Monitoring - Agrifood Technology","isPartOf":{"@id":"https:\/\/agrifood.com.au\/#website"},"primaryImageOfPage":{"@id":"https:\/\/agrifood.com.au\/services\/by-capability\/agrifood-services\/microbiological-testing\/environmental-monitoring\/#primaryimage"},"image":{"@id":"https:\/\/agrifood.com.au\/services\/by-capability\/agrifood-services\/microbiological-testing\/environmental-monitoring\/#primaryimage"},"thumbnailUrl":"https:\/\/agrifood.com.au\/app\/uploads\/2025\/11\/Environmental-Testing-1024x1024.jpg","datePublished":"2025-09-11T14:49:43+00:00","dateModified":"2025-11-27T02:21:41+00:00","breadcrumb":{"@id":"https:\/\/agrifood.com.au\/services\/by-capability\/agrifood-services\/microbiological-testing\/environmental-monitoring\/#breadcrumb"},"inLanguage":"fr-FR","potentialAction":[{"@type":"ReadAction","target":["https:\/\/agrifood.com.au\/services\/by-capability\/agrifood-services\/microbiological-testing\/environmental-monitoring\/"]}]},{"@type":"ImageObject","inLanguage":"fr-FR","@id":"https:\/\/agrifood.com.au\/services\/by-capability\/agrifood-services\/microbiological-testing\/environmental-monitoring\/#primaryimage","url":"https:\/\/agrifood.com.au\/app\/uploads\/2025\/11\/Environmental-Testing-1024x1024.jpg","contentUrl":"https:\/\/agrifood.com.au\/app\/uploads\/2025\/11\/Environmental-Testing-1024x1024.jpg"},{"@type":"BreadcrumbList","@id":"https:\/\/agrifood.com.au\/services\/by-capability\/agrifood-services\/microbiological-testing\/environmental-monitoring\/#breadcrumb","itemListElement":[{"@type":"ListItem","position":1,"name":"Home","item":"https:\/\/agrifood.com.au\/"},{"@type":"ListItem","position":2,"name":"Services","item":"https:\/\/agrifood.com.au\/services\/"},{"@type":"ListItem","position":3,"name":"By Capability","item":"https:\/\/agrifood.com.au\/?page_id=811"},{"@type":"ListItem","position":4,"name":"Agrifood Services","item":"https:\/\/agrifood.com.au\/services\/by-capability\/agrifood-services\/"},{"@type":"ListItem","position":5,"name":"Microbiological Testing","item":"https:\/\/agrifood.com.au\/services\/by-capability\/agrifood-services\/microbiological-testing\/"},{"@type":"ListItem","position":6,"name":"Environmental Monitoring"}]},{"@type":"WebSite","@id":"https:\/\/agrifood.com.au\/#website","url":"https:\/\/agrifood.com.au\/","name":"Technologie agroalimentaire","description":"","publisher":{"@id":"https:\/\/agrifood.com.au\/#organization"},"potentialAction":[{"@type":"SearchAction","target":{"@type":"EntryPoint","urlTemplate":"https:\/\/agrifood.com.au\/?s={search_term_string}"},"query-input":{"@type":"PropertyValueSpecification","valueRequired":true,"valueName":"search_term_string"}}],"inLanguage":"fr-FR"},{"@type":"Organization","@id":"https:\/\/agrifood.com.au\/#organization","name":"Technologie agroalimentaire","url":"https:\/\/agrifood.com.au\/","logo":{"@type":"ImageObject","inLanguage":"fr-FR","@id":"https:\/\/agrifood.com.au\/#\/schema\/logo\/image\/","url":"https:\/\/agrifood.com.au\/app\/uploads\/2025\/10\/Agrifood-News-Photo-scaled.png","contentUrl":"https:\/\/agrifood.com.au\/app\/uploads\/2025\/10\/Agrifood-News-Photo-scaled.png","width":2560,"height":1580,"caption":"Agrifood Technology"},"image":{"@id":"https:\/\/agrifood.com.au\/#\/schema\/logo\/image\/"}}]}},"_links":{"self":[{"href":"https:\/\/agrifood.com.au\/fr\/wp-json\/wp\/v2\/pages\/866","targetHints":{"allow":["GET"]}}],"collection":[{"href":"https:\/\/agrifood.com.au\/fr\/wp-json\/wp\/v2\/pages"}],"about":[{"href":"https:\/\/agrifood.com.au\/fr\/wp-json\/wp\/v2\/types\/page"}],"author":[{"embeddable":true,"href":"https:\/\/agrifood.com.au\/fr\/wp-json\/wp\/v2\/users\/1"}],"replies":[{"embeddable":true,"href":"https:\/\/agrifood.com.au\/fr\/wp-json\/wp\/v2\/comments?post=866"}],"version-history":[{"count":10,"href":"https:\/\/agrifood.com.au\/fr\/wp-json\/wp\/v2\/pages\/866\/revisions"}],"predecessor-version":[{"id":2721,"href":"https:\/\/agrifood.com.au\/fr\/wp-json\/wp\/v2\/pages\/866\/revisions\/2721"}],"up":[{"embeddable":true,"href":"https:\/\/agrifood.com.au\/fr\/wp-json\/wp\/v2\/pages\/819"}],"wp:attachment":[{"href":"https:\/\/agrifood.com.au\/fr\/wp-json\/wp\/v2\/media?parent=866"}],"curies":[{"name":"wp","href":"https:\/\/api.w.org\/{rel}","templated":true}]}}