{"id":871,"date":"2025-09-11T14:57:42","date_gmt":"2025-09-11T14:57:42","guid":{"rendered":"https:\/\/agrifood.swim.net.au\/?page_id=871"},"modified":"2025-11-27T02:13:38","modified_gmt":"2025-11-27T02:13:38","slug":"pesticide-testing","status":"publish","type":"page","link":"https:\/\/agrifood.com.au\/fr\/services\/by-capability\/agrifood-services\/food-safety-testing\/pesticide-testing\/","title":{"rendered":"Essais de pesticides"},"content":{"rendered":"<div class=\"wp-block-group is-style-boxed is-layout-constrained wp-block-group-is-layout-constrained\">\n<div class=\"wp-block-columns is-layout-flex wp-container-core-columns-is-layout-9d6595d7 wp-block-columns-is-layout-flex\">\n<div class=\"wp-block-column is-layout-flow wp-block-column-is-layout-flow\">\n<p>Agrifood Technology est l'un des principaux services australiens d'analyse des r\u00e9sidus de pesticides. Nous avons plus de 35 ans d'exp\u00e9rience combin\u00e9e dans les tests de r\u00e9sidus de pesticides, r\u00e9pondant aux directives les plus strictes des divers programmes d'assurance qualit\u00e9 et autres syst\u00e8mes r\u00e9glementaires.<\/p>\n\n\n\n<p>Les analystes tr\u00e8s exp\u00e9riment\u00e9s d'Agrifood Technology effectuent des analyses de r\u00e9sidus de pesticides sur plus de 30 000 \u00e9chantillons par an, \u00e0 l'aide d'instruments analytiques automatis\u00e9s, afin de rechercher divers groupes de pesticides dans une gamme de produits et de garantir la conformit\u00e9 aux limites maximales de r\u00e9sidus (LMR) fix\u00e9es par le code des normes alimentaires australien et n\u00e9o-z\u00e9landais (Australia New Zealand Food Standards Code).<\/p>\n<\/div>\n\n\n\n<div class=\"wp-block-column is-layout-flow wp-block-column-is-layout-flow\">\n<figure class=\"wp-block-image size-full\"><img loading=\"lazy\" decoding=\"async\" width=\"1254\" height=\"836\" src=\"https:\/\/agrifood.com.au\/app\/uploads\/2025\/11\/Pesticide-Spraying-1.jpg\" alt=\"\" class=\"wp-image-2352\" srcset=\"https:\/\/agrifood.com.au\/app\/uploads\/2025\/11\/Pesticide-Spraying-1.jpg 1254w, https:\/\/agrifood.com.au\/app\/uploads\/2025\/11\/Pesticide-Spraying-1-300x200.jpg 300w, https:\/\/agrifood.com.au\/app\/uploads\/2025\/11\/Pesticide-Spraying-1-1024x683.jpg 1024w, https:\/\/agrifood.com.au\/app\/uploads\/2025\/11\/Pesticide-Spraying-1-768x512.jpg 768w, https:\/\/agrifood.com.au\/app\/uploads\/2025\/11\/Pesticide-Spraying-1-18x12.jpg 18w\" sizes=\"auto, (max-width: 1254px) 100vw, 1254px\" \/><\/figure>\n<\/div>\n<\/div>\n\n\n\n<div class=\"wp-block-columns is-layout-flex wp-container-core-columns-is-layout-9d6595d7 wp-block-columns-is-layout-flex\">\n<div class=\"wp-block-column is-layout-flow wp-block-column-is-layout-flow\">\n<figure class=\"wp-block-image size-full\"><img loading=\"lazy\" decoding=\"async\" width=\"1253\" height=\"836\" src=\"https:\/\/agrifood.com.au\/app\/uploads\/2025\/11\/Carrots-1.jpg\" alt=\"\" class=\"wp-image-2353\" srcset=\"https:\/\/agrifood.com.au\/app\/uploads\/2025\/11\/Carrots-1.jpg 1253w, https:\/\/agrifood.com.au\/app\/uploads\/2025\/11\/Carrots-1-300x200.jpg 300w, https:\/\/agrifood.com.au\/app\/uploads\/2025\/11\/Carrots-1-1024x683.jpg 1024w, https:\/\/agrifood.com.au\/app\/uploads\/2025\/11\/Carrots-1-768x512.jpg 768w, https:\/\/agrifood.com.au\/app\/uploads\/2025\/11\/Carrots-1-18x12.jpg 18w\" sizes=\"auto, (max-width: 1253px) 100vw, 1253px\" \/><\/figure>\n<\/div>\n\n\n\n<div class=\"wp-block-column is-layout-flow wp-block-column-is-layout-flow\">\n<p>Notre nouvel \u00e9cran AT7 Mega contient plus de 300 pesticides couramment utilis\u00e9s et inclut certains des nouveaux pesticides propos\u00e9s sur le march\u00e9.<\/p>\n\n\n\n<p>Les produits chimiques test\u00e9s appartiennent \u00e0 diff\u00e9rents groupes de pesticides, tels que<\/p>\n\n\n\n<ul class=\"wp-block-list\">\n<li>Carbamates<\/li>\n\n\n\n<li>Herbicides<\/li>\n\n\n\n<li>Organochlor\u00e9s<\/li>\n\n\n\n<li>Fumigants<\/li>\n\n\n\n<li>Insecticides<\/li>\n\n\n\n<li>Organophosphates<\/li>\n\n\n\n<li>Fongicides<\/li>\n\n\n\n<li>R\u00e9gulateurs de croissance<\/li>\n\n\n\n<li>Pyr\u00e9thrino\u00efdes synth\u00e9tiques<\/li>\n<\/ul>\n<\/div>\n<\/div>\n\n\n\n<p>Les attentes des consommateurs en mati\u00e8re d'assurance de la qualit\u00e9 et de la s\u00e9curit\u00e9 des denr\u00e9es alimentaires et des aliments pour animaux ne cessent de cro\u00eetre. Il existe une demande croissante pour des produits exempts de r\u00e9sidus de pesticides et produits sous l'assurance de programmes de qualit\u00e9 tels que HAACP, SQF et autres syst\u00e8mes r\u00e9glementaires ou de clients.<\/p>\n\n\n\n<p>Pour r\u00e9pondre \u00e0 cette demande, Agrifood Technology a d\u00e9velopp\u00e9 une gamme \u00e9tendue de services analytiques afin de satisfaire les besoins d'une client\u00e8le diversifi\u00e9e.<\/p>\n\n\n\n<p>Toutes nos analyses sont r\u00e9gies par des normes rigoureuses de contr\u00f4le en laboratoire qui garantissent l'exactitude de nos r\u00e9sultats. Les r\u00e9sultats sont communiqu\u00e9s en temps utile dans un format con\u00e7u pour r\u00e9pondre aux exigences des clients.<\/p>\n\n\n\n<p>Les laboratoires sont accr\u00e9dit\u00e9s par la National Association of Testing Authorities (NATA) conform\u00e9ment \u00e0 la norme ISO 17025 et nous sommes enregistr\u00e9s en tant qu'analystes agr\u00e9\u00e9s par le minist\u00e8re de l'agriculture dans le cadre du programme d'analyse des denr\u00e9es alimentaires import\u00e9es.<\/p>\n\n\n\n<h2 class=\"wp-block-heading\">Lire la suite<\/h2>\n\n\n\n<div class=\"wp-block-buttons is-layout-flex wp-block-buttons-is-layout-flex\">\n<div class=\"wp-block-button is-style-default\"><a class=\"wp-block-button__link wp-element-button\" href=\"\/fr\/services\/by-capability\/agrifood-services\/food-safety-testing\/\">Tests de s\u00e9curit\u00e9 alimentaire<\/a><\/div>\n\n\n\n<div class=\"wp-block-button is-style-default\"><a class=\"wp-block-button__link wp-element-button\" href=\"\/fr\/services\/by-capability\/agrifood-services\/microbiological-testing\/\">Tests microbiologiques<\/a><\/div>\n\n\n\n<div class=\"wp-block-button is-style-default\"><a class=\"wp-block-button__link wp-element-button\" href=\"\/fr\/services\/by-capability\/agrifood-services\/agro-nutritional-testing\/water-testing\/\">Analyse de l'eau<\/a><\/div>\n\n\n\n<div class=\"wp-block-button is-style-default\"><a class=\"wp-block-button__link wp-element-button\" href=\"\/fr\/services\/by-capability\/agrifood-services\/agro-nutritional-testing\/\">Tests agro-nutritionnels<\/a><\/div>\n<\/div>\n<\/div>","protected":false},"excerpt":{"rendered":"<p>Agrifood Technology is one of Australia\u2019s leading pesticide residue testing services. We have over 35 years of combined experience in pesticide residue testing, meet\u2026<\/p>","protected":false},"author":1,"featured_media":0,"parent":846,"menu_order":0,"comment_status":"closed","ping_status":"closed","template":"","meta":{"_acf_changed":false,"footnotes":""},"class_list":["post-871","page","type-page","status-publish","hentry"],"acf":[],"yoast_head":"<!-- This site is optimized with the Yoast SEO plugin v27.0 - https:\/\/yoast.com\/product\/yoast-seo-wordpress\/ -->\n<title>Pesticide Testing - Agrifood Technology<\/title>\n<meta name=\"robots\" content=\"index, follow, max-snippet:-1, max-image-preview:large, max-video-preview:-1\" \/>\n<link rel=\"canonical\" href=\"https:\/\/agrifood.com.au\/fr\/services\/by-capability\/agrifood-services\/food-safety-testing\/pesticide-testing\/\" \/>\n<meta property=\"og:locale\" content=\"fr_FR\" \/>\n<meta property=\"og:type\" content=\"article\" \/>\n<meta property=\"og:title\" content=\"Pesticide Testing - Agrifood Technology\" \/>\n<meta property=\"og:description\" content=\"Agrifood Technology is one of Australia\u2019s leading pesticide residue testing services. We have over 35 years of combined experience in pesticide residue testing, meet\u2026\" \/>\n<meta property=\"og:url\" content=\"https:\/\/agrifood.com.au\/fr\/services\/by-capability\/agrifood-services\/food-safety-testing\/pesticide-testing\/\" \/>\n<meta property=\"og:site_name\" content=\"Agrifood Technology\" \/>\n<meta property=\"article:modified_time\" content=\"2025-11-27T02:13:38+00:00\" \/>\n<meta property=\"og:image\" content=\"https:\/\/agrifood.com.au\/app\/uploads\/2025\/11\/Pesticide-Spraying-1.jpg\" \/>\n\t<meta property=\"og:image:width\" content=\"1254\" \/>\n\t<meta property=\"og:image:height\" content=\"836\" \/>\n\t<meta property=\"og:image:type\" content=\"image\/jpeg\" \/>\n<meta name=\"twitter:card\" content=\"summary_large_image\" \/>\n<meta name=\"twitter:label1\" content=\"Est. reading time\" \/>\n\t<meta name=\"twitter:data1\" content=\"1 minute\" \/>\n<script type=\"application\/ld+json\" class=\"yoast-schema-graph\">{\"@context\":\"https:\/\/schema.org\",\"@graph\":[{\"@type\":\"WebPage\",\"@id\":\"https:\/\/agrifood.com.au\/services\/by-capability\/agrifood-services\/food-safety-testing\/pesticide-testing\/\",\"url\":\"https:\/\/agrifood.com.au\/services\/by-capability\/agrifood-services\/food-safety-testing\/pesticide-testing\/\",\"name\":\"Pesticide Testing - Agrifood Technology\",\"isPartOf\":{\"@id\":\"https:\/\/agrifood.com.au\/#website\"},\"primaryImageOfPage\":{\"@id\":\"https:\/\/agrifood.com.au\/services\/by-capability\/agrifood-services\/food-safety-testing\/pesticide-testing\/#primaryimage\"},\"image\":{\"@id\":\"https:\/\/agrifood.com.au\/services\/by-capability\/agrifood-services\/food-safety-testing\/pesticide-testing\/#primaryimage\"},\"thumbnailUrl\":\"https:\/\/agrifood.com.au\/app\/uploads\/2025\/11\/Pesticide-Spraying-1.jpg\",\"datePublished\":\"2025-09-11T14:57:42+00:00\",\"dateModified\":\"2025-11-27T02:13:38+00:00\",\"breadcrumb\":{\"@id\":\"https:\/\/agrifood.com.au\/services\/by-capability\/agrifood-services\/food-safety-testing\/pesticide-testing\/#breadcrumb\"},\"inLanguage\":\"fr-FR\",\"potentialAction\":[{\"@type\":\"ReadAction\",\"target\":[\"https:\/\/agrifood.com.au\/services\/by-capability\/agrifood-services\/food-safety-testing\/pesticide-testing\/\"]}]},{\"@type\":\"ImageObject\",\"inLanguage\":\"fr-FR\",\"@id\":\"https:\/\/agrifood.com.au\/services\/by-capability\/agrifood-services\/food-safety-testing\/pesticide-testing\/#primaryimage\",\"url\":\"https:\/\/agrifood.com.au\/app\/uploads\/2025\/11\/Pesticide-Spraying-1.jpg\",\"contentUrl\":\"https:\/\/agrifood.com.au\/app\/uploads\/2025\/11\/Pesticide-Spraying-1.jpg\"},{\"@type\":\"BreadcrumbList\",\"@id\":\"https:\/\/agrifood.com.au\/services\/by-capability\/agrifood-services\/food-safety-testing\/pesticide-testing\/#breadcrumb\",\"itemListElement\":[{\"@type\":\"ListItem\",\"position\":1,\"name\":\"Home\",\"item\":\"https:\/\/agrifood.com.au\/\"},{\"@type\":\"ListItem\",\"position\":2,\"name\":\"Services\",\"item\":\"https:\/\/agrifood.com.au\/services\/\"},{\"@type\":\"ListItem\",\"position\":3,\"name\":\"By Capability\",\"item\":\"https:\/\/agrifood.com.au\/?page_id=811\"},{\"@type\":\"ListItem\",\"position\":4,\"name\":\"Agrifood Services\",\"item\":\"https:\/\/agrifood.com.au\/services\/by-capability\/agrifood-services\/\"},{\"@type\":\"ListItem\",\"position\":5,\"name\":\"Food Safety Testing\",\"item\":\"https:\/\/agrifood.com.au\/services\/by-capability\/agrifood-services\/food-safety-testing\/\"},{\"@type\":\"ListItem\",\"position\":6,\"name\":\"Pesticide Testing\"}]},{\"@type\":\"WebSite\",\"@id\":\"https:\/\/agrifood.com.au\/#website\",\"url\":\"https:\/\/agrifood.com.au\/\",\"name\":\"Agrifood Technology\",\"description\":\"\",\"publisher\":{\"@id\":\"https:\/\/agrifood.com.au\/#organization\"},\"potentialAction\":[{\"@type\":\"SearchAction\",\"target\":{\"@type\":\"EntryPoint\",\"urlTemplate\":\"https:\/\/agrifood.com.au\/?s={search_term_string}\"},\"query-input\":{\"@type\":\"PropertyValueSpecification\",\"valueRequired\":true,\"valueName\":\"search_term_string\"}}],\"inLanguage\":\"fr-FR\"},{\"@type\":\"Organization\",\"@id\":\"https:\/\/agrifood.com.au\/#organization\",\"name\":\"Agrifood Technology\",\"url\":\"https:\/\/agrifood.com.au\/\",\"logo\":{\"@type\":\"ImageObject\",\"inLanguage\":\"fr-FR\",\"@id\":\"https:\/\/agrifood.com.au\/#\/schema\/logo\/image\/\",\"url\":\"https:\/\/agrifood.com.au\/app\/uploads\/2025\/10\/Agrifood-News-Photo-scaled.png\",\"contentUrl\":\"https:\/\/agrifood.com.au\/app\/uploads\/2025\/10\/Agrifood-News-Photo-scaled.png\",\"width\":2560,\"height\":1580,\"caption\":\"Agrifood Technology\"},\"image\":{\"@id\":\"https:\/\/agrifood.com.au\/#\/schema\/logo\/image\/\"}}]}<\/script>\n<!-- \/ Yoast SEO plugin. -->","yoast_head_json":{"title":"Pesticide Testing - Agrifood Technology","robots":{"index":"index","follow":"follow","max-snippet":"max-snippet:-1","max-image-preview":"max-image-preview:large","max-video-preview":"max-video-preview:-1"},"canonical":"https:\/\/agrifood.com.au\/fr\/services\/by-capability\/agrifood-services\/food-safety-testing\/pesticide-testing\/","og_locale":"fr_FR","og_type":"article","og_title":"Pesticide Testing - Agrifood Technology","og_description":"Agrifood Technology is one of Australia\u2019s leading pesticide residue testing services. We have over 35 years of combined experience in pesticide residue testing, meet\u2026","og_url":"https:\/\/agrifood.com.au\/fr\/services\/by-capability\/agrifood-services\/food-safety-testing\/pesticide-testing\/","og_site_name":"Agrifood Technology","article_modified_time":"2025-11-27T02:13:38+00:00","og_image":[{"width":1254,"height":836,"url":"https:\/\/agrifood.com.au\/app\/uploads\/2025\/11\/Pesticide-Spraying-1.jpg","type":"image\/jpeg"}],"twitter_card":"summary_large_image","twitter_misc":{"Est. reading time":"1 minute"},"schema":{"@context":"https:\/\/schema.org","@graph":[{"@type":"WebPage","@id":"https:\/\/agrifood.com.au\/services\/by-capability\/agrifood-services\/food-safety-testing\/pesticide-testing\/","url":"https:\/\/agrifood.com.au\/services\/by-capability\/agrifood-services\/food-safety-testing\/pesticide-testing\/","name":"Pesticide Testing - Agrifood Technology","isPartOf":{"@id":"https:\/\/agrifood.com.au\/#website"},"primaryImageOfPage":{"@id":"https:\/\/agrifood.com.au\/services\/by-capability\/agrifood-services\/food-safety-testing\/pesticide-testing\/#primaryimage"},"image":{"@id":"https:\/\/agrifood.com.au\/services\/by-capability\/agrifood-services\/food-safety-testing\/pesticide-testing\/#primaryimage"},"thumbnailUrl":"https:\/\/agrifood.com.au\/app\/uploads\/2025\/11\/Pesticide-Spraying-1.jpg","datePublished":"2025-09-11T14:57:42+00:00","dateModified":"2025-11-27T02:13:38+00:00","breadcrumb":{"@id":"https:\/\/agrifood.com.au\/services\/by-capability\/agrifood-services\/food-safety-testing\/pesticide-testing\/#breadcrumb"},"inLanguage":"fr-FR","potentialAction":[{"@type":"ReadAction","target":["https:\/\/agrifood.com.au\/services\/by-capability\/agrifood-services\/food-safety-testing\/pesticide-testing\/"]}]},{"@type":"ImageObject","inLanguage":"fr-FR","@id":"https:\/\/agrifood.com.au\/services\/by-capability\/agrifood-services\/food-safety-testing\/pesticide-testing\/#primaryimage","url":"https:\/\/agrifood.com.au\/app\/uploads\/2025\/11\/Pesticide-Spraying-1.jpg","contentUrl":"https:\/\/agrifood.com.au\/app\/uploads\/2025\/11\/Pesticide-Spraying-1.jpg"},{"@type":"BreadcrumbList","@id":"https:\/\/agrifood.com.au\/services\/by-capability\/agrifood-services\/food-safety-testing\/pesticide-testing\/#breadcrumb","itemListElement":[{"@type":"ListItem","position":1,"name":"Home","item":"https:\/\/agrifood.com.au\/"},{"@type":"ListItem","position":2,"name":"Services","item":"https:\/\/agrifood.com.au\/services\/"},{"@type":"ListItem","position":3,"name":"By Capability","item":"https:\/\/agrifood.com.au\/?page_id=811"},{"@type":"ListItem","position":4,"name":"Agrifood Services","item":"https:\/\/agrifood.com.au\/services\/by-capability\/agrifood-services\/"},{"@type":"ListItem","position":5,"name":"Food Safety Testing","item":"https:\/\/agrifood.com.au\/services\/by-capability\/agrifood-services\/food-safety-testing\/"},{"@type":"ListItem","position":6,"name":"Pesticide Testing"}]},{"@type":"WebSite","@id":"https:\/\/agrifood.com.au\/#website","url":"https:\/\/agrifood.com.au\/","name":"Technologie agroalimentaire","description":"","publisher":{"@id":"https:\/\/agrifood.com.au\/#organization"},"potentialAction":[{"@type":"SearchAction","target":{"@type":"EntryPoint","urlTemplate":"https:\/\/agrifood.com.au\/?s={search_term_string}"},"query-input":{"@type":"PropertyValueSpecification","valueRequired":true,"valueName":"search_term_string"}}],"inLanguage":"fr-FR"},{"@type":"Organization","@id":"https:\/\/agrifood.com.au\/#organization","name":"Technologie agroalimentaire","url":"https:\/\/agrifood.com.au\/","logo":{"@type":"ImageObject","inLanguage":"fr-FR","@id":"https:\/\/agrifood.com.au\/#\/schema\/logo\/image\/","url":"https:\/\/agrifood.com.au\/app\/uploads\/2025\/10\/Agrifood-News-Photo-scaled.png","contentUrl":"https:\/\/agrifood.com.au\/app\/uploads\/2025\/10\/Agrifood-News-Photo-scaled.png","width":2560,"height":1580,"caption":"Agrifood Technology"},"image":{"@id":"https:\/\/agrifood.com.au\/#\/schema\/logo\/image\/"}}]}},"_links":{"self":[{"href":"https:\/\/agrifood.com.au\/fr\/wp-json\/wp\/v2\/pages\/871","targetHints":{"allow":["GET"]}}],"collection":[{"href":"https:\/\/agrifood.com.au\/fr\/wp-json\/wp\/v2\/pages"}],"about":[{"href":"https:\/\/agrifood.com.au\/fr\/wp-json\/wp\/v2\/types\/page"}],"author":[{"embeddable":true,"href":"https:\/\/agrifood.com.au\/fr\/wp-json\/wp\/v2\/users\/1"}],"replies":[{"embeddable":true,"href":"https:\/\/agrifood.com.au\/fr\/wp-json\/wp\/v2\/comments?post=871"}],"version-history":[{"count":27,"href":"https:\/\/agrifood.com.au\/fr\/wp-json\/wp\/v2\/pages\/871\/revisions"}],"predecessor-version":[{"id":2714,"href":"https:\/\/agrifood.com.au\/fr\/wp-json\/wp\/v2\/pages\/871\/revisions\/2714"}],"up":[{"embeddable":true,"href":"https:\/\/agrifood.com.au\/fr\/wp-json\/wp\/v2\/pages\/846"}],"wp:attachment":[{"href":"https:\/\/agrifood.com.au\/fr\/wp-json\/wp\/v2\/media?parent=871"}],"curies":[{"name":"wp","href":"https:\/\/api.w.org\/{rel}","templated":true}]}}