{"id":873,"date":"2025-09-11T14:57:57","date_gmt":"2025-09-11T14:57:57","guid":{"rendered":"https:\/\/agrifood.swim.net.au\/?page_id=873"},"modified":"2025-11-27T02:15:30","modified_gmt":"2025-11-27T02:15:30","slug":"allergen-testing","status":"publish","type":"page","link":"https:\/\/agrifood.com.au\/fr\/services\/by-capability\/agrifood-services\/food-safety-testing\/allergen-testing\/","title":{"rendered":"Test d'allerg\u00e8nes"},"content":{"rendered":"<div class=\"wp-block-group is-style-boxed is-layout-constrained wp-block-group-is-layout-constrained\">\n<div class=\"wp-block-columns is-layout-flex wp-container-core-columns-is-layout-9d6595d7 wp-block-columns-is-layout-flex\">\n<div class=\"wp-block-column is-layout-flow wp-block-column-is-layout-flow\">\n<p>Agrifood Technology propose aux fabricants des tests d'allerg\u00e8nes pour d\u00e9tecter et quantifier la pr\u00e9sence d'allerg\u00e8nes. Gr\u00e2ce \u00e0 nos tests efficaces et pr\u00e9cis, vous pouvez \u00e9tiqueter correctement vos produits et vous assurer qu'ils r\u00e9pondent aux exigences de qualit\u00e9 et de s\u00e9curit\u00e9 et qu'ils sont conformes aux exigences r\u00e9glementaires.<\/p>\n\n\n\n<p>Nous testons les principaux allerg\u00e8nes, notamment le gluten, les fruits \u00e0 coque, les \u0153ufs, les produits laitiers et le soja. Nous sommes \u00e9galement en mesure de tester plus de 20 allerg\u00e8nes et nous pouvons vous aider \u00e0 garantir la s\u00e9curit\u00e9 de vos processus. Nos tests d'allerg\u00e8nes sont tous bas\u00e9s sur les derni\u00e8res techniques ELISA (Enzyme-Linked Immunosorbent Assay) et PCR (Polymerase Chain Reaction) et nous adoptons une approche centr\u00e9e sur le client, ce qui nous permet de fournir un r\u00e9sultat qualitatif. Nous adoptons une approche centr\u00e9e sur le client, ce qui nous permet de fournir un r\u00e9sultat qualitatif. Des tests suppl\u00e9mentaires peuvent \u00eatre effectu\u00e9s si vous souhaitez obtenir un r\u00e9sultat quantitatif.<\/p>\n\n\n\n<p>Les allerg\u00e8nes non d\u00e9clar\u00e9s constituent la principale raison des rappels d'aliments en Australie. Avec plus de 30 ans d'exp\u00e9rience, nous disposons d'un personnel expert et de l'\u00e9quipement n\u00e9cessaire pour v\u00e9rifier que vos mat\u00e9riaux, processus et produits sont conformes aux sp\u00e9cifications. Nous proposons des services de test sur mesure pour r\u00e9pondre \u00e0 vos besoins et d\u00e9passer vos attentes.<\/p>\n<\/div>\n\n\n\n<div class=\"wp-block-column is-layout-flow wp-block-column-is-layout-flow\">\n<figure class=\"wp-block-image size-full\"><img loading=\"lazy\" decoding=\"async\" width=\"1253\" height=\"836\" src=\"https:\/\/agrifood.com.au\/app\/uploads\/2025\/11\/Food-Allergens-1.jpg\" alt=\"\" class=\"wp-image-2351\" srcset=\"https:\/\/agrifood.com.au\/app\/uploads\/2025\/11\/Food-Allergens-1.jpg 1253w, https:\/\/agrifood.com.au\/app\/uploads\/2025\/11\/Food-Allergens-1-300x200.jpg 300w, https:\/\/agrifood.com.au\/app\/uploads\/2025\/11\/Food-Allergens-1-1024x683.jpg 1024w, https:\/\/agrifood.com.au\/app\/uploads\/2025\/11\/Food-Allergens-1-768x512.jpg 768w, https:\/\/agrifood.com.au\/app\/uploads\/2025\/11\/Food-Allergens-1-18x12.jpg 18w\" sizes=\"auto, (max-width: 1253px) 100vw, 1253px\" \/><\/figure>\n<\/div>\n<\/div>\n\n\n\n<h3 class=\"wp-block-heading\"><strong>Les capacit\u00e9s en mati\u00e8re d'allerg\u00e8nes comprennent<\/strong><\/h3>\n\n\n\n<div class=\"wp-block-group is-style-boxed-narrow is-layout-constrained wp-block-group-is-layout-constrained\">\n<figure class=\"wp-block-table\"><table class=\"has-fixed-layout\"><tbody><tr><td>Gluten<\/td><td>Lupin<\/td><\/tr><tr><td>Esp\u00e8ces \u00e0 gluten (bl\u00e9, orge et seigle)<\/td><td>S\u00e9same<\/td><\/tr><tr><td>Prot\u00e9ines totales du lait<\/td><td>Soja<\/td><\/tr><tr><td>Lactoglobuline b\u00eata<\/td><td>Crustac\u00e9<\/td><\/tr><tr><td>Cas\u00e9ine<\/td><td>Poisson<\/td><\/tr><tr><td>\u0152uf<\/td><td>Mollusque<\/td><\/tr><tr><td>Prot\u00e9ine d'avoine (Avenin)<\/td><td><\/td><\/tr><\/tbody><\/table><\/figure>\n\n\n\n<div style=\"height:3rem\" aria-hidden=\"true\" class=\"wp-block-spacer\"><\/div>\n\n\n\n<figure class=\"wp-block-table\"><table class=\"has-fixed-layout\"><tbody><tr><td><strong>Fruits \u00e0 coque<\/strong><\/td><td><\/td><\/tr><tr><td>Amande<\/td><td>Cacahu\u00e8te<\/td><\/tr><tr><td>Noix du Br\u00e9sil<\/td><td>P\u00e9can<\/td><\/tr><tr><td>Noix de cajou<\/td><td>Pignon de pin<\/td><\/tr><tr><td>Noisette<\/td><td>Pistache<\/td><\/tr><tr><td>Macadamia<\/td><td>Noyer<\/td><\/tr><\/tbody><\/table><\/figure>\n<\/div>\n\n\n\n<div style=\"height:2rem\" aria-hidden=\"true\" class=\"wp-block-spacer\"><\/div>\n\n\n\n<h2 class=\"wp-block-heading\"><strong>Lire la suite<\/strong><\/h2>\n\n\n\n<div class=\"wp-block-buttons is-layout-flex wp-block-buttons-is-layout-flex\">\n<div class=\"wp-block-button is-style-default\"><a class=\"wp-block-button__link wp-element-button\" href=\"\/fr\/services\/by-capability\/agrifood-services\/microbiological-testing\/\">Tests microbiologiques<\/a><\/div>\n\n\n\n<div class=\"wp-block-button is-style-default\"><a class=\"wp-block-button__link wp-element-button\" href=\"\/fr\/services\/by-capability\/agrifood-services\/nutritional-testing\/\">Tests nutritionnels<\/a><\/div>\n<\/div>\n<\/div>","protected":false},"excerpt":{"rendered":"<p>Agrifood Technology provides allergen testing for manufacturers to detect and quantify the presence of allergens. With our efficient and accurate tests, you can proper\u2026<\/p>","protected":false},"author":1,"featured_media":0,"parent":846,"menu_order":0,"comment_status":"closed","ping_status":"closed","template":"","meta":{"_acf_changed":false,"footnotes":""},"class_list":["post-873","page","type-page","status-publish","hentry"],"acf":[],"yoast_head":"<!-- This site is optimized with the Yoast SEO plugin v27.0 - https:\/\/yoast.com\/product\/yoast-seo-wordpress\/ -->\n<title>Allergen Testing - Agrifood Technology<\/title>\n<meta name=\"robots\" content=\"index, follow, max-snippet:-1, max-image-preview:large, max-video-preview:-1\" \/>\n<link rel=\"canonical\" href=\"https:\/\/agrifood.com.au\/fr\/services\/by-capability\/agrifood-services\/food-safety-testing\/allergen-testing\/\" \/>\n<meta property=\"og:locale\" content=\"fr_FR\" \/>\n<meta property=\"og:type\" content=\"article\" \/>\n<meta property=\"og:title\" content=\"Allergen Testing - Agrifood Technology\" \/>\n<meta property=\"og:description\" content=\"Agrifood Technology provides allergen testing for manufacturers to detect and quantify the presence of allergens. With our efficient and accurate tests, you can proper\u2026\" \/>\n<meta property=\"og:url\" content=\"https:\/\/agrifood.com.au\/fr\/services\/by-capability\/agrifood-services\/food-safety-testing\/allergen-testing\/\" \/>\n<meta property=\"og:site_name\" content=\"Agrifood Technology\" \/>\n<meta property=\"article:modified_time\" content=\"2025-11-27T02:15:30+00:00\" \/>\n<meta property=\"og:image\" content=\"https:\/\/agrifood.com.au\/app\/uploads\/2025\/11\/Food-Allergens-1.jpg\" \/>\n\t<meta property=\"og:image:width\" content=\"1253\" \/>\n\t<meta property=\"og:image:height\" content=\"836\" \/>\n\t<meta property=\"og:image:type\" content=\"image\/jpeg\" \/>\n<meta name=\"twitter:card\" content=\"summary_large_image\" \/>\n<meta name=\"twitter:label1\" content=\"Est. reading time\" \/>\n\t<meta name=\"twitter:data1\" content=\"1 minute\" \/>\n<script type=\"application\/ld+json\" class=\"yoast-schema-graph\">{\"@context\":\"https:\/\/schema.org\",\"@graph\":[{\"@type\":\"WebPage\",\"@id\":\"https:\/\/agrifood.com.au\/services\/by-capability\/agrifood-services\/food-safety-testing\/allergen-testing\/\",\"url\":\"https:\/\/agrifood.com.au\/services\/by-capability\/agrifood-services\/food-safety-testing\/allergen-testing\/\",\"name\":\"Allergen Testing - Agrifood Technology\",\"isPartOf\":{\"@id\":\"https:\/\/agrifood.com.au\/#website\"},\"primaryImageOfPage\":{\"@id\":\"https:\/\/agrifood.com.au\/services\/by-capability\/agrifood-services\/food-safety-testing\/allergen-testing\/#primaryimage\"},\"image\":{\"@id\":\"https:\/\/agrifood.com.au\/services\/by-capability\/agrifood-services\/food-safety-testing\/allergen-testing\/#primaryimage\"},\"thumbnailUrl\":\"https:\/\/agrifood.com.au\/app\/uploads\/2025\/11\/Food-Allergens-1.jpg\",\"datePublished\":\"2025-09-11T14:57:57+00:00\",\"dateModified\":\"2025-11-27T02:15:30+00:00\",\"breadcrumb\":{\"@id\":\"https:\/\/agrifood.com.au\/services\/by-capability\/agrifood-services\/food-safety-testing\/allergen-testing\/#breadcrumb\"},\"inLanguage\":\"fr-FR\",\"potentialAction\":[{\"@type\":\"ReadAction\",\"target\":[\"https:\/\/agrifood.com.au\/services\/by-capability\/agrifood-services\/food-safety-testing\/allergen-testing\/\"]}]},{\"@type\":\"ImageObject\",\"inLanguage\":\"fr-FR\",\"@id\":\"https:\/\/agrifood.com.au\/services\/by-capability\/agrifood-services\/food-safety-testing\/allergen-testing\/#primaryimage\",\"url\":\"https:\/\/agrifood.com.au\/app\/uploads\/2025\/11\/Food-Allergens-1.jpg\",\"contentUrl\":\"https:\/\/agrifood.com.au\/app\/uploads\/2025\/11\/Food-Allergens-1.jpg\"},{\"@type\":\"BreadcrumbList\",\"@id\":\"https:\/\/agrifood.com.au\/services\/by-capability\/agrifood-services\/food-safety-testing\/allergen-testing\/#breadcrumb\",\"itemListElement\":[{\"@type\":\"ListItem\",\"position\":1,\"name\":\"Home\",\"item\":\"https:\/\/agrifood.com.au\/\"},{\"@type\":\"ListItem\",\"position\":2,\"name\":\"Services\",\"item\":\"https:\/\/agrifood.com.au\/services\/\"},{\"@type\":\"ListItem\",\"position\":3,\"name\":\"By Capability\",\"item\":\"https:\/\/agrifood.com.au\/?page_id=811\"},{\"@type\":\"ListItem\",\"position\":4,\"name\":\"Agrifood Services\",\"item\":\"https:\/\/agrifood.com.au\/services\/by-capability\/agrifood-services\/\"},{\"@type\":\"ListItem\",\"position\":5,\"name\":\"Food Safety Testing\",\"item\":\"https:\/\/agrifood.com.au\/services\/by-capability\/agrifood-services\/food-safety-testing\/\"},{\"@type\":\"ListItem\",\"position\":6,\"name\":\"Allergen Testing\"}]},{\"@type\":\"WebSite\",\"@id\":\"https:\/\/agrifood.com.au\/#website\",\"url\":\"https:\/\/agrifood.com.au\/\",\"name\":\"Agrifood Technology\",\"description\":\"\",\"publisher\":{\"@id\":\"https:\/\/agrifood.com.au\/#organization\"},\"potentialAction\":[{\"@type\":\"SearchAction\",\"target\":{\"@type\":\"EntryPoint\",\"urlTemplate\":\"https:\/\/agrifood.com.au\/?s={search_term_string}\"},\"query-input\":{\"@type\":\"PropertyValueSpecification\",\"valueRequired\":true,\"valueName\":\"search_term_string\"}}],\"inLanguage\":\"fr-FR\"},{\"@type\":\"Organization\",\"@id\":\"https:\/\/agrifood.com.au\/#organization\",\"name\":\"Agrifood Technology\",\"url\":\"https:\/\/agrifood.com.au\/\",\"logo\":{\"@type\":\"ImageObject\",\"inLanguage\":\"fr-FR\",\"@id\":\"https:\/\/agrifood.com.au\/#\/schema\/logo\/image\/\",\"url\":\"https:\/\/agrifood.com.au\/app\/uploads\/2025\/10\/Agrifood-News-Photo-scaled.png\",\"contentUrl\":\"https:\/\/agrifood.com.au\/app\/uploads\/2025\/10\/Agrifood-News-Photo-scaled.png\",\"width\":2560,\"height\":1580,\"caption\":\"Agrifood Technology\"},\"image\":{\"@id\":\"https:\/\/agrifood.com.au\/#\/schema\/logo\/image\/\"}}]}<\/script>\n<!-- \/ Yoast SEO plugin. -->","yoast_head_json":{"title":"Allergen Testing - Agrifood Technology","robots":{"index":"index","follow":"follow","max-snippet":"max-snippet:-1","max-image-preview":"max-image-preview:large","max-video-preview":"max-video-preview:-1"},"canonical":"https:\/\/agrifood.com.au\/fr\/services\/by-capability\/agrifood-services\/food-safety-testing\/allergen-testing\/","og_locale":"fr_FR","og_type":"article","og_title":"Allergen Testing - Agrifood Technology","og_description":"Agrifood Technology provides allergen testing for manufacturers to detect and quantify the presence of allergens. With our efficient and accurate tests, you can proper\u2026","og_url":"https:\/\/agrifood.com.au\/fr\/services\/by-capability\/agrifood-services\/food-safety-testing\/allergen-testing\/","og_site_name":"Agrifood Technology","article_modified_time":"2025-11-27T02:15:30+00:00","og_image":[{"width":1253,"height":836,"url":"https:\/\/agrifood.com.au\/app\/uploads\/2025\/11\/Food-Allergens-1.jpg","type":"image\/jpeg"}],"twitter_card":"summary_large_image","twitter_misc":{"Est. reading time":"1 minute"},"schema":{"@context":"https:\/\/schema.org","@graph":[{"@type":"WebPage","@id":"https:\/\/agrifood.com.au\/services\/by-capability\/agrifood-services\/food-safety-testing\/allergen-testing\/","url":"https:\/\/agrifood.com.au\/services\/by-capability\/agrifood-services\/food-safety-testing\/allergen-testing\/","name":"Allergen Testing - Agrifood Technology","isPartOf":{"@id":"https:\/\/agrifood.com.au\/#website"},"primaryImageOfPage":{"@id":"https:\/\/agrifood.com.au\/services\/by-capability\/agrifood-services\/food-safety-testing\/allergen-testing\/#primaryimage"},"image":{"@id":"https:\/\/agrifood.com.au\/services\/by-capability\/agrifood-services\/food-safety-testing\/allergen-testing\/#primaryimage"},"thumbnailUrl":"https:\/\/agrifood.com.au\/app\/uploads\/2025\/11\/Food-Allergens-1.jpg","datePublished":"2025-09-11T14:57:57+00:00","dateModified":"2025-11-27T02:15:30+00:00","breadcrumb":{"@id":"https:\/\/agrifood.com.au\/services\/by-capability\/agrifood-services\/food-safety-testing\/allergen-testing\/#breadcrumb"},"inLanguage":"fr-FR","potentialAction":[{"@type":"ReadAction","target":["https:\/\/agrifood.com.au\/services\/by-capability\/agrifood-services\/food-safety-testing\/allergen-testing\/"]}]},{"@type":"ImageObject","inLanguage":"fr-FR","@id":"https:\/\/agrifood.com.au\/services\/by-capability\/agrifood-services\/food-safety-testing\/allergen-testing\/#primaryimage","url":"https:\/\/agrifood.com.au\/app\/uploads\/2025\/11\/Food-Allergens-1.jpg","contentUrl":"https:\/\/agrifood.com.au\/app\/uploads\/2025\/11\/Food-Allergens-1.jpg"},{"@type":"BreadcrumbList","@id":"https:\/\/agrifood.com.au\/services\/by-capability\/agrifood-services\/food-safety-testing\/allergen-testing\/#breadcrumb","itemListElement":[{"@type":"ListItem","position":1,"name":"Home","item":"https:\/\/agrifood.com.au\/"},{"@type":"ListItem","position":2,"name":"Services","item":"https:\/\/agrifood.com.au\/services\/"},{"@type":"ListItem","position":3,"name":"By Capability","item":"https:\/\/agrifood.com.au\/?page_id=811"},{"@type":"ListItem","position":4,"name":"Agrifood Services","item":"https:\/\/agrifood.com.au\/services\/by-capability\/agrifood-services\/"},{"@type":"ListItem","position":5,"name":"Food Safety Testing","item":"https:\/\/agrifood.com.au\/services\/by-capability\/agrifood-services\/food-safety-testing\/"},{"@type":"ListItem","position":6,"name":"Allergen Testing"}]},{"@type":"WebSite","@id":"https:\/\/agrifood.com.au\/#website","url":"https:\/\/agrifood.com.au\/","name":"Technologie agroalimentaire","description":"","publisher":{"@id":"https:\/\/agrifood.com.au\/#organization"},"potentialAction":[{"@type":"SearchAction","target":{"@type":"EntryPoint","urlTemplate":"https:\/\/agrifood.com.au\/?s={search_term_string}"},"query-input":{"@type":"PropertyValueSpecification","valueRequired":true,"valueName":"search_term_string"}}],"inLanguage":"fr-FR"},{"@type":"Organization","@id":"https:\/\/agrifood.com.au\/#organization","name":"Technologie agroalimentaire","url":"https:\/\/agrifood.com.au\/","logo":{"@type":"ImageObject","inLanguage":"fr-FR","@id":"https:\/\/agrifood.com.au\/#\/schema\/logo\/image\/","url":"https:\/\/agrifood.com.au\/app\/uploads\/2025\/10\/Agrifood-News-Photo-scaled.png","contentUrl":"https:\/\/agrifood.com.au\/app\/uploads\/2025\/10\/Agrifood-News-Photo-scaled.png","width":2560,"height":1580,"caption":"Agrifood Technology"},"image":{"@id":"https:\/\/agrifood.com.au\/#\/schema\/logo\/image\/"}}]}},"_links":{"self":[{"href":"https:\/\/agrifood.com.au\/fr\/wp-json\/wp\/v2\/pages\/873","targetHints":{"allow":["GET"]}}],"collection":[{"href":"https:\/\/agrifood.com.au\/fr\/wp-json\/wp\/v2\/pages"}],"about":[{"href":"https:\/\/agrifood.com.au\/fr\/wp-json\/wp\/v2\/types\/page"}],"author":[{"embeddable":true,"href":"https:\/\/agrifood.com.au\/fr\/wp-json\/wp\/v2\/users\/1"}],"replies":[{"embeddable":true,"href":"https:\/\/agrifood.com.au\/fr\/wp-json\/wp\/v2\/comments?post=873"}],"version-history":[{"count":32,"href":"https:\/\/agrifood.com.au\/fr\/wp-json\/wp\/v2\/pages\/873\/revisions"}],"predecessor-version":[{"id":2715,"href":"https:\/\/agrifood.com.au\/fr\/wp-json\/wp\/v2\/pages\/873\/revisions\/2715"}],"up":[{"embeddable":true,"href":"https:\/\/agrifood.com.au\/fr\/wp-json\/wp\/v2\/pages\/846"}],"wp:attachment":[{"href":"https:\/\/agrifood.com.au\/fr\/wp-json\/wp\/v2\/media?parent=873"}],"curies":[{"name":"wp","href":"https:\/\/api.w.org\/{rel}","templated":true}]}}