{"id":921,"date":"2025-09-11T15:08:23","date_gmt":"2025-09-11T15:08:23","guid":{"rendered":"https:\/\/agrifood.swim.net.au\/?page_id=921"},"modified":"2025-11-27T02:24:06","modified_gmt":"2025-11-27T02:24:06","slug":"cncps-testing","status":"publish","type":"page","link":"https:\/\/agrifood.com.au\/fr\/services\/by-capability\/feedtest-services\/cncps-testing\/","title":{"rendered":"Tests du CNCPS"},"content":{"rendered":"<div class=\"wp-block-group is-style-boxed is-layout-constrained wp-block-group-is-layout-constrained\">\n<div class=\"wp-block-columns is-layout-flex wp-container-core-columns-is-layout-9d6595d7 wp-block-columns-is-layout-flex\">\n<div class=\"wp-block-column is-vertically-aligned-center is-layout-flow wp-block-column-is-layout-flow\">\n<p><em><strong>Le service rapide, pr\u00e9cis et fiable que vous attendez de FeedTest peut maintenant fournir des tests CNCPS pour votre exploitation laiti\u00e8re.<\/strong><\/em><\/p>\n\n\n\n<p>Gr\u00e2ce \u00e0 notre collaboration avec l'entreprise familiale Wisconsin Dairyland Laboratories Inc., nous sommes en mesure de tester les p\u00e2turages, le foin et l'ensilage dans notre laboratoire FeedTest de Werribee et de fournir une liste compl\u00e8te des r\u00e9sultats du Cornell Net Carbohydrate and Protein System (CNCPS) (y compris les tests les plus r\u00e9cents de la nouvelle version 6.5).<\/p>\n\n\n\n<p>Les tests sont effectu\u00e9s par spectroscopie proche infrarouge (NIR) dans notre laboratoire de Werribee, conform\u00e9ment aux proc\u00e9dures normales de FeedTest, de sorte que les r\u00e9sultats sont rendus rapidement.  Les r\u00e9sultats sont disponibles par e-mail au format pdf ou au format Excel pour une importation directe dans des logiciels de nutrition tels que AMTS ou NDS.<br><\/p>\n\n\n\n<p>&nbsp;<strong><em>\u201cN'h\u00e9sitez donc pas \u00e0 contacter FeedTest pour profiter de notre nouveau service et am\u00e9liorer votre exploitation fourrag\u00e8re.\u201d<\/em><\/strong><\/p>\n<\/div>\n\n\n\n<div class=\"wp-block-column is-layout-flow wp-block-column-is-layout-flow\">\n<figure class=\"wp-block-image size-full\"><img loading=\"lazy\" decoding=\"async\" width=\"890\" height=\"500\" src=\"https:\/\/agrifood.com.au\/app\/uploads\/2025\/09\/CNCPS1.jpg\" alt=\"\" class=\"wp-image-1718\" srcset=\"https:\/\/agrifood.com.au\/app\/uploads\/2025\/09\/CNCPS1.jpg 890w, https:\/\/agrifood.com.au\/app\/uploads\/2025\/09\/CNCPS1-300x169.jpg 300w, https:\/\/agrifood.com.au\/app\/uploads\/2025\/09\/CNCPS1-768x431.jpg 768w, https:\/\/agrifood.com.au\/app\/uploads\/2025\/09\/CNCPS1-18x10.jpg 18w\" sizes=\"auto, (max-width: 890px) 100vw, 890px\" \/><\/figure>\n<\/div>\n<\/div>\n\n\n\n<div class=\"wp-block-columns is-layout-flex wp-container-core-columns-is-layout-9d6595d7 wp-block-columns-is-layout-flex\">\n<div class=\"wp-block-column is-layout-flow wp-block-column-is-layout-flow\">\n<figure class=\"wp-block-image size-full\"><img loading=\"lazy\" decoding=\"async\" width=\"540\" height=\"360\" src=\"https:\/\/agrifood.com.au\/app\/uploads\/2025\/11\/Closeup-of-black-and-white-Holstein-dairy-cows-eating-forage-while-peeking-out-from-behind-stall-fence-in-livestock-farm-on-blurred-background-of-farmer-carrying-milk-can.jpg\" alt=\"\" class=\"wp-image-2112\" srcset=\"https:\/\/agrifood.com.au\/app\/uploads\/2025\/11\/Closeup-of-black-and-white-Holstein-dairy-cows-eating-forage-while-peeking-out-from-behind-stall-fence-in-livestock-farm-on-blurred-background-of-farmer-carrying-milk-can.jpg 540w, https:\/\/agrifood.com.au\/app\/uploads\/2025\/11\/Closeup-of-black-and-white-Holstein-dairy-cows-eating-forage-while-peeking-out-from-behind-stall-fence-in-livestock-farm-on-blurred-background-of-farmer-carrying-milk-can-300x200.jpg 300w, https:\/\/agrifood.com.au\/app\/uploads\/2025\/11\/Closeup-of-black-and-white-Holstein-dairy-cows-eating-forage-while-peeking-out-from-behind-stall-fence-in-livestock-farm-on-blurred-background-of-farmer-carrying-milk-can-18x12.jpg 18w\" sizes=\"auto, (max-width: 540px) 100vw, 540px\" \/><\/figure>\n<\/div>\n\n\n\n<div class=\"wp-block-column is-vertically-aligned-center is-layout-flow wp-block-column-is-layout-flow\">\n<p>Un avantage majeur de notre service et de notre collaboration avec les Laboratoires Dairyland est que vous pouvez maintenant obtenir les r\u00e9sultats de Dairyland sur les rapports FeedTest existants.&nbsp;<\/p>\n\n\n\n<p>Si vous achetez du fourrage sur la base d'un rapport FeedTest, vous pouvez fournir le num\u00e9ro du rapport FeedTest et nous pouvons \u00e9mettre les r\u00e9sultats de Dairyland pour votre programme de nutrition souvent avant que vous ne preniez livraison du fourrage. Il n'y a pas d'\u00e9chantillons suppl\u00e9mentaires ni de retard dans les tests et le co\u00fbt est de $34.10 (TPS incluse).<\/p>\n<\/div>\n<\/div>\n\n\n\n<h2 class=\"wp-block-heading\">T\u00e9l\u00e9charger le rapport :<\/h2>\n\n\n\n<div class=\"wp-block-buttons is-layout-flex wp-block-buttons-is-layout-flex\">\n<div class=\"wp-block-button is-style-gray-buttons\"><a class=\"wp-block-button__link wp-element-button\" href=\"\/fr\/app\/uploads\/2025\/09\/FeedTest-Example-CNCPS-2015.pdf\/\" target=\"_blank\" rel=\"noreferrer noopener\">Exemple de rapport Dairyland&nbsp;<\/a><\/div>\n<\/div>\n<\/div>","protected":false},"excerpt":{"rendered":"<p>Fast, accurate and reliable service you expect from FeedTest can now provide CNCPS tests for your dairy operation Through collaboration with the top rating, family-own\u2026<\/p>","protected":false},"author":1,"featured_media":0,"parent":815,"menu_order":0,"comment_status":"closed","ping_status":"closed","template":"","meta":{"_acf_changed":false,"footnotes":""},"class_list":["post-921","page","type-page","status-publish","hentry"],"acf":[],"yoast_head":"<!-- This site is optimized with the Yoast SEO plugin v27.0 - https:\/\/yoast.com\/product\/yoast-seo-wordpress\/ -->\n<title>CNCPS Testing - Agrifood Technology<\/title>\n<meta name=\"robots\" content=\"index, follow, max-snippet:-1, max-image-preview:large, max-video-preview:-1\" \/>\n<link rel=\"canonical\" href=\"https:\/\/agrifood.com.au\/fr\/services\/by-capability\/feedtest-services\/cncps-testing\/\" \/>\n<meta property=\"og:locale\" content=\"fr_FR\" \/>\n<meta property=\"og:type\" content=\"article\" \/>\n<meta property=\"og:title\" content=\"CNCPS Testing - Agrifood Technology\" \/>\n<meta property=\"og:description\" content=\"Fast, accurate and reliable service you expect from FeedTest can now provide CNCPS tests for your dairy operation Through collaboration with the top rating, family-own\u2026\" \/>\n<meta property=\"og:url\" content=\"https:\/\/agrifood.com.au\/fr\/services\/by-capability\/feedtest-services\/cncps-testing\/\" \/>\n<meta property=\"og:site_name\" content=\"Agrifood Technology\" \/>\n<meta property=\"article:modified_time\" content=\"2025-11-27T02:24:06+00:00\" \/>\n<meta property=\"og:image\" content=\"https:\/\/agrifood.com.au\/app\/uploads\/2025\/09\/CNCPS1.jpg\" \/>\n\t<meta property=\"og:image:width\" content=\"890\" \/>\n\t<meta property=\"og:image:height\" content=\"500\" \/>\n\t<meta property=\"og:image:type\" content=\"image\/jpeg\" \/>\n<meta name=\"twitter:card\" content=\"summary_large_image\" \/>\n<meta name=\"twitter:label1\" content=\"Est. reading time\" \/>\n\t<meta name=\"twitter:data1\" content=\"1 minute\" \/>\n<script type=\"application\/ld+json\" class=\"yoast-schema-graph\">{\"@context\":\"https:\/\/schema.org\",\"@graph\":[{\"@type\":\"WebPage\",\"@id\":\"https:\/\/agrifood.com.au\/services\/by-capability\/feedtest-services\/cncps-testing\/\",\"url\":\"https:\/\/agrifood.com.au\/services\/by-capability\/feedtest-services\/cncps-testing\/\",\"name\":\"CNCPS Testing - Agrifood Technology\",\"isPartOf\":{\"@id\":\"https:\/\/agrifood.com.au\/#website\"},\"primaryImageOfPage\":{\"@id\":\"https:\/\/agrifood.com.au\/services\/by-capability\/feedtest-services\/cncps-testing\/#primaryimage\"},\"image\":{\"@id\":\"https:\/\/agrifood.com.au\/services\/by-capability\/feedtest-services\/cncps-testing\/#primaryimage\"},\"thumbnailUrl\":\"https:\/\/agrifood.com.au\/app\/uploads\/2025\/09\/CNCPS1.jpg\",\"datePublished\":\"2025-09-11T15:08:23+00:00\",\"dateModified\":\"2025-11-27T02:24:06+00:00\",\"breadcrumb\":{\"@id\":\"https:\/\/agrifood.com.au\/services\/by-capability\/feedtest-services\/cncps-testing\/#breadcrumb\"},\"inLanguage\":\"fr-FR\",\"potentialAction\":[{\"@type\":\"ReadAction\",\"target\":[\"https:\/\/agrifood.com.au\/services\/by-capability\/feedtest-services\/cncps-testing\/\"]}]},{\"@type\":\"ImageObject\",\"inLanguage\":\"fr-FR\",\"@id\":\"https:\/\/agrifood.com.au\/services\/by-capability\/feedtest-services\/cncps-testing\/#primaryimage\",\"url\":\"https:\/\/agrifood.com.au\/app\/uploads\/2025\/09\/CNCPS1.jpg\",\"contentUrl\":\"https:\/\/agrifood.com.au\/app\/uploads\/2025\/09\/CNCPS1.jpg\"},{\"@type\":\"BreadcrumbList\",\"@id\":\"https:\/\/agrifood.com.au\/services\/by-capability\/feedtest-services\/cncps-testing\/#breadcrumb\",\"itemListElement\":[{\"@type\":\"ListItem\",\"position\":1,\"name\":\"Home\",\"item\":\"https:\/\/agrifood.com.au\/\"},{\"@type\":\"ListItem\",\"position\":2,\"name\":\"Services\",\"item\":\"https:\/\/agrifood.com.au\/services\/\"},{\"@type\":\"ListItem\",\"position\":3,\"name\":\"By Capability\",\"item\":\"https:\/\/agrifood.com.au\/?page_id=811\"},{\"@type\":\"ListItem\",\"position\":4,\"name\":\"FeedTest Services\",\"item\":\"https:\/\/agrifood.com.au\/?page_id=815\"},{\"@type\":\"ListItem\",\"position\":5,\"name\":\"CNCPS Testing\"}]},{\"@type\":\"WebSite\",\"@id\":\"https:\/\/agrifood.com.au\/#website\",\"url\":\"https:\/\/agrifood.com.au\/\",\"name\":\"Agrifood Technology\",\"description\":\"\",\"publisher\":{\"@id\":\"https:\/\/agrifood.com.au\/#organization\"},\"potentialAction\":[{\"@type\":\"SearchAction\",\"target\":{\"@type\":\"EntryPoint\",\"urlTemplate\":\"https:\/\/agrifood.com.au\/?s={search_term_string}\"},\"query-input\":{\"@type\":\"PropertyValueSpecification\",\"valueRequired\":true,\"valueName\":\"search_term_string\"}}],\"inLanguage\":\"fr-FR\"},{\"@type\":\"Organization\",\"@id\":\"https:\/\/agrifood.com.au\/#organization\",\"name\":\"Agrifood Technology\",\"url\":\"https:\/\/agrifood.com.au\/\",\"logo\":{\"@type\":\"ImageObject\",\"inLanguage\":\"fr-FR\",\"@id\":\"https:\/\/agrifood.com.au\/#\/schema\/logo\/image\/\",\"url\":\"https:\/\/agrifood.com.au\/app\/uploads\/2025\/10\/Agrifood-News-Photo-scaled.png\",\"contentUrl\":\"https:\/\/agrifood.com.au\/app\/uploads\/2025\/10\/Agrifood-News-Photo-scaled.png\",\"width\":2560,\"height\":1580,\"caption\":\"Agrifood Technology\"},\"image\":{\"@id\":\"https:\/\/agrifood.com.au\/#\/schema\/logo\/image\/\"}}]}<\/script>\n<!-- \/ Yoast SEO plugin. -->","yoast_head_json":{"title":"CNCPS Testing - Agrifood Technology","robots":{"index":"index","follow":"follow","max-snippet":"max-snippet:-1","max-image-preview":"max-image-preview:large","max-video-preview":"max-video-preview:-1"},"canonical":"https:\/\/agrifood.com.au\/fr\/services\/by-capability\/feedtest-services\/cncps-testing\/","og_locale":"fr_FR","og_type":"article","og_title":"CNCPS Testing - Agrifood Technology","og_description":"Fast, accurate and reliable service you expect from FeedTest can now provide CNCPS tests for your dairy operation Through collaboration with the top rating, family-own\u2026","og_url":"https:\/\/agrifood.com.au\/fr\/services\/by-capability\/feedtest-services\/cncps-testing\/","og_site_name":"Agrifood Technology","article_modified_time":"2025-11-27T02:24:06+00:00","og_image":[{"width":890,"height":500,"url":"https:\/\/agrifood.com.au\/app\/uploads\/2025\/09\/CNCPS1.jpg","type":"image\/jpeg"}],"twitter_card":"summary_large_image","twitter_misc":{"Est. reading time":"1 minute"},"schema":{"@context":"https:\/\/schema.org","@graph":[{"@type":"WebPage","@id":"https:\/\/agrifood.com.au\/services\/by-capability\/feedtest-services\/cncps-testing\/","url":"https:\/\/agrifood.com.au\/services\/by-capability\/feedtest-services\/cncps-testing\/","name":"CNCPS Testing - Agrifood Technology","isPartOf":{"@id":"https:\/\/agrifood.com.au\/#website"},"primaryImageOfPage":{"@id":"https:\/\/agrifood.com.au\/services\/by-capability\/feedtest-services\/cncps-testing\/#primaryimage"},"image":{"@id":"https:\/\/agrifood.com.au\/services\/by-capability\/feedtest-services\/cncps-testing\/#primaryimage"},"thumbnailUrl":"https:\/\/agrifood.com.au\/app\/uploads\/2025\/09\/CNCPS1.jpg","datePublished":"2025-09-11T15:08:23+00:00","dateModified":"2025-11-27T02:24:06+00:00","breadcrumb":{"@id":"https:\/\/agrifood.com.au\/services\/by-capability\/feedtest-services\/cncps-testing\/#breadcrumb"},"inLanguage":"fr-FR","potentialAction":[{"@type":"ReadAction","target":["https:\/\/agrifood.com.au\/services\/by-capability\/feedtest-services\/cncps-testing\/"]}]},{"@type":"ImageObject","inLanguage":"fr-FR","@id":"https:\/\/agrifood.com.au\/services\/by-capability\/feedtest-services\/cncps-testing\/#primaryimage","url":"https:\/\/agrifood.com.au\/app\/uploads\/2025\/09\/CNCPS1.jpg","contentUrl":"https:\/\/agrifood.com.au\/app\/uploads\/2025\/09\/CNCPS1.jpg"},{"@type":"BreadcrumbList","@id":"https:\/\/agrifood.com.au\/services\/by-capability\/feedtest-services\/cncps-testing\/#breadcrumb","itemListElement":[{"@type":"ListItem","position":1,"name":"Home","item":"https:\/\/agrifood.com.au\/"},{"@type":"ListItem","position":2,"name":"Services","item":"https:\/\/agrifood.com.au\/services\/"},{"@type":"ListItem","position":3,"name":"By Capability","item":"https:\/\/agrifood.com.au\/?page_id=811"},{"@type":"ListItem","position":4,"name":"FeedTest Services","item":"https:\/\/agrifood.com.au\/?page_id=815"},{"@type":"ListItem","position":5,"name":"CNCPS Testing"}]},{"@type":"WebSite","@id":"https:\/\/agrifood.com.au\/#website","url":"https:\/\/agrifood.com.au\/","name":"Technologie agroalimentaire","description":"","publisher":{"@id":"https:\/\/agrifood.com.au\/#organization"},"potentialAction":[{"@type":"SearchAction","target":{"@type":"EntryPoint","urlTemplate":"https:\/\/agrifood.com.au\/?s={search_term_string}"},"query-input":{"@type":"PropertyValueSpecification","valueRequired":true,"valueName":"search_term_string"}}],"inLanguage":"fr-FR"},{"@type":"Organization","@id":"https:\/\/agrifood.com.au\/#organization","name":"Technologie agroalimentaire","url":"https:\/\/agrifood.com.au\/","logo":{"@type":"ImageObject","inLanguage":"fr-FR","@id":"https:\/\/agrifood.com.au\/#\/schema\/logo\/image\/","url":"https:\/\/agrifood.com.au\/app\/uploads\/2025\/10\/Agrifood-News-Photo-scaled.png","contentUrl":"https:\/\/agrifood.com.au\/app\/uploads\/2025\/10\/Agrifood-News-Photo-scaled.png","width":2560,"height":1580,"caption":"Agrifood Technology"},"image":{"@id":"https:\/\/agrifood.com.au\/#\/schema\/logo\/image\/"}}]}},"_links":{"self":[{"href":"https:\/\/agrifood.com.au\/fr\/wp-json\/wp\/v2\/pages\/921","targetHints":{"allow":["GET"]}}],"collection":[{"href":"https:\/\/agrifood.com.au\/fr\/wp-json\/wp\/v2\/pages"}],"about":[{"href":"https:\/\/agrifood.com.au\/fr\/wp-json\/wp\/v2\/types\/page"}],"author":[{"embeddable":true,"href":"https:\/\/agrifood.com.au\/fr\/wp-json\/wp\/v2\/users\/1"}],"replies":[{"embeddable":true,"href":"https:\/\/agrifood.com.au\/fr\/wp-json\/wp\/v2\/comments?post=921"}],"version-history":[{"count":16,"href":"https:\/\/agrifood.com.au\/fr\/wp-json\/wp\/v2\/pages\/921\/revisions"}],"predecessor-version":[{"id":2723,"href":"https:\/\/agrifood.com.au\/fr\/wp-json\/wp\/v2\/pages\/921\/revisions\/2723"}],"up":[{"embeddable":true,"href":"https:\/\/agrifood.com.au\/fr\/wp-json\/wp\/v2\/pages\/815"}],"wp:attachment":[{"href":"https:\/\/agrifood.com.au\/fr\/wp-json\/wp\/v2\/media?parent=921"}],"curies":[{"name":"wp","href":"https:\/\/api.w.org\/{rel}","templated":true}]}}