{"id":923,"date":"2025-09-11T15:08:39","date_gmt":"2025-09-11T15:08:39","guid":{"rendered":"https:\/\/agrifood.swim.net.au\/?page_id=923"},"modified":"2025-09-24T15:21:27","modified_gmt":"2025-09-24T15:21:27","slug":"prices","status":"publish","type":"page","link":"https:\/\/agrifood.com.au\/fr\/services\/by-capability\/feedtest-services\/prices\/","title":{"rendered":"Prix"},"content":{"rendered":"<div class=\"wp-block-group is-style-boxed-narrow is-layout-constrained wp-block-group-is-layout-constrained\">\n<h2 class=\"wp-block-heading\">Paquets de test<\/h2>\n\n\n\n<h3 class=\"wp-block-heading\"><strong>PACKS DE TEST NIR\u00a0:<\/strong><\/h3>\n\n\n\n<ul class=\"wp-block-list\">\n<li><strong>Analyse NIR \u2013 $70.40 3 jours ouvrables<\/strong><\/li>\n\n\n\n<li><strong>Analyse NIR \u2013 $105.60\u00a0<\/strong>(Suppl\u00e9ment 50%)\u00a0<strong>\u00a0\u00a0 \u00a0 \u00a0 1 jour ouvrable (URGENT)<\/strong><\/li>\n<\/ul>\n\n\n\n<p>Tous les emballages NIR comprennent : mati\u00e8re s\u00e8che, humidit\u00e9, prot\u00e9ines brutes, fibres au d\u00e9tergent acide, fibres au d\u00e9tergent neutre, digestibilit\u00e9 de la mati\u00e8re s\u00e8che, digestibilit\u00e9 de la mati\u00e8re organique s\u00e8che, \u00e9nergie m\u00e9tabolisable (ruminant), mati\u00e8res grasses et cendres.<\/p>\n\n\n\n<p>Les additifs Horse DE, Rabbit DE, TDN, RFV et azote % peuvent \u00eatre ajout\u00e9s \u00e0 n&#039;importe quel pack NIR sans frais suppl\u00e9mentaires.<\/p>\n\n\n\n<p><strong>Pack de fourrage NIR<\/strong>&nbsp;Comprend\u00a0: p\u00e2turages frais, gramin\u00e9es, l\u00e9gumineuses, foin de p\u00e2turage et ensilages. La teneur en glucides solubles dans l\u2019eau (GSE) peut \u00eatre ajout\u00e9e \u00e0 cette analyse, sur demande.<\/p>\n\n\n\n<p><strong>Conditionnement de granul\u00e9s NIR<\/strong>&nbsp;Comprend : granul\u00e9s, m\u00e9langes d&#039;aliments, lentilles, lupins, haricots, pois, ma\u00efs, sorgho, pois chiches et vesce.<\/p>\n\n\n\n<p><strong>Emballage de c\u00e9r\u00e9ales NIR WSC<\/strong>&nbsp;Ce paquet contient : tous les types de foin de c\u00e9r\u00e9ales. Les glucides complexes sont inclus.<\/p>\n\n\n\n<p><strong>Emballage de c\u00e9r\u00e9ales NIR<\/strong>&nbsp;Ce produit contient du bl\u00e9, de l&#039;orge, du triticale et de l&#039;avoine. Les r\u00e9sultats concernant l&#039;amidon et le sucre sont \u00e9galement inclus. Les m\u00e9langes de c\u00e9r\u00e9ales pures (par exemple, bl\u00e9 50%, orge 50%) peuvent aussi \u00eatre analys\u00e9s avec ce produit.<\/p>\n\n\n\n<p><strong>Emballage d&#039;ensilage de ma\u00efs NIR<\/strong>&nbsp;Comprend : ensilage de ma\u00efs et ma\u00efs frais coup\u00e9. Les r\u00e9sultats concernant l&#039;amidon et le sucre sont \u00e9galement inclus.<\/p>\n\n\n\n<p><strong>Ensemble CNCPS Dairyland (NIR)<\/strong>&nbsp;Comprend : foin, p\u00e2turage et ensilage.<\/p>\n\n\n\n<ul class=\"wp-block-list\">\n<li>Dairyland \u2013 $70.40 3 jours ouvrables\u00a0<\/li>\n\n\n\n<li>Dairyland + NIR \u2013 $105.60 3 jours ouvrables<\/li>\n\n\n\n<li>Dairyland (\u00e0 partir du NIR existant) \u2013 $38.50 3 jours ouvrables\u00a0<\/li>\n<\/ul>\n\n\n\n<p><strong>Pack AusScan (NIR)<\/strong>&nbsp;Disponible pour le bl\u00e9, l&#039;orge, le triticale, le sorgho, le tourteau de soja et le canola.<\/p>\n\n\n\n<ul class=\"wp-block-list\">\n<li>AusScan \u2013 $96.80 3 jours ouvrables\u00a0<\/li>\n\n\n\n<li>AusScan + NIR \u2013 $108.90 3 jours ouvrables\u00a0<\/li>\n<\/ul>\n\n\n\n<p><strong>Pack de transition NIR<\/strong><\/p>\n\n\n\n<p>Pour l&#039;alimentation des vaches laiti\u00e8res, analyse NIR et 7 min\u00e9raux\u00a0: Ca, Mg, P, Na, K, S et Cl. DCAD inclus. Compatible avec tous les kits NIR standard mentionn\u00e9s ci-dessus.<\/p>\n\n\n\n<ul class=\"wp-block-list\">\n<li>$191.40 5 jours ouvrables (d\u00e9lai interm\u00e9diaire pour NIR\u00a0: 1 jour ouvrable)<\/li>\n\n\n\n<li>$287.10 (50% suppl\u00e9ment urgent) 3 jours ouvrables (intervalle pour NIR \u2013 1 jour ouvrable)<br><\/li>\n<\/ul>\n<\/div>\n\n\n\n<div class=\"wp-block-group is-style-boxed-narrow is-layout-constrained wp-block-group-is-layout-constrained\">\n<h3 class=\"wp-block-heading\"><strong>Analyses par voie humide (hors NIR) des ruminants<\/strong><\/h3>\n\n\n\n<p>Ces forfaits s&#039;appliquent \u00e0 tous les \u00e9chantillons d&#039;aliments pour lesquels aucun \u00e9talonnage NIR n&#039;est disponible. G\u00e9n\u00e9ralement, il s&#039;agit d&#039;aliments compos\u00e9s inhabituels, de dr\u00eaches de distillerie, de sous-produits, de coques d&#039;amandes, de tourteaux, de soja, de dr\u00eaches de brasserie, de m\u00e9lasse, de graines et de tourteaux de colza, etc.<\/p>\n\n\n\n<p>Pour les \u00e9chantillons avec une teneur en mati\u00e8res grasses estim\u00e9e &lt;2%, nous recommandons l&#039;option 1 ou 3.<br>Pour les \u00e9chantillons avec une teneur en mati\u00e8res grasses estim\u00e9e &gt;2%, nous recommandons l&#039;option 2, 4 ou 5.<\/p>\n\n\n\n<p><br><strong>1.<\/strong>&nbsp;<strong>Emballage d&#039;alimentation non NIR<\/strong>&nbsp;comprend : mati\u00e8re s\u00e8che, humidit\u00e9, prot\u00e9ines brutes, digestibilit\u00e9 de la mati\u00e8re s\u00e8che, digestibilit\u00e9 de la mati\u00e8re organique s\u00e8che, \u00e9nergie m\u00e9tabolisable (ruminants) et cendres.&nbsp; &nbsp;&nbsp;<\/p>\n\n\n\n<ul class=\"wp-block-list\">\n<li>$158.40 10 jours ouvrables<\/li>\n<\/ul>\n\n\n\n<p><strong>2.<\/strong>&nbsp;<strong>Emballage non-NIR + gras<\/strong>: comme pour l&#039;option 1 + mati\u00e8res grasses&nbsp; &nbsp; &nbsp; &nbsp;&nbsp;<\/p>\n\n\n\n<ul class=\"wp-block-list\">\n<li>$211.20 10 jours ouvrables<\/li>\n<\/ul>\n\n\n\n<p><strong>3.<\/strong>&nbsp;<strong>Emballage non-NIR + AN<\/strong>: comme pour l&#039;option 1, plus d\u00e9tergent acide et d\u00e9tergent neutre pour fibres<\/p>\n\n\n\n<ul class=\"wp-block-list\">\n<li>$220.00 10 jours ouvrables<\/li>\n<\/ul>\n\n\n\n<p><strong>4.<\/strong>&nbsp;<strong>Pack Non-NIR + ANF<\/strong>: comme pour l&#039;option 3, plus mati\u00e8res grasses<\/p>\n\n\n\n<ul class=\"wp-block-list\">\n<li>$267.30 10 jours ouvrables<\/li>\n<\/ul>\n\n\n\n<p><strong>5.<\/strong>&nbsp;<strong>Pack Non-NIR + ANFSS<\/strong>: comme pour l&#039;option 4, plus amidon et sucre<\/p>\n\n\n\n<ul class=\"wp-block-list\">\n<li>$366.30 10 jours ouvrables<\/li>\n<\/ul>\n<\/div>\n\n\n\n<div class=\"wp-block-group is-style-boxed-narrow is-layout-constrained wp-block-group-is-layout-constrained\">\n<h3 class=\"wp-block-heading\"><strong>Autres formules \u00e9nerg\u00e9tiques pour l&#039;alimentation animale<\/strong><\/h3>\n\n\n\n<p><strong>\u00c9nergie digestible du porc (DE)<\/strong>&nbsp;Comprend : mati\u00e8re s\u00e8che, humidit\u00e9, prot\u00e9ines brutes, mati\u00e8res grasses, cendres, fibres brutes, extraits sans azote et digestibilit\u00e9 porcine.<\/p>\n\n\n\n<ul class=\"wp-block-list\">\n<li>$226.60 7 jours ouvrables<\/li>\n<\/ul>\n\n\n\n<p><strong>\u00c9nergie m\u00e9tabolisable de la volaille (ME)<\/strong><strong>)<\/strong>&nbsp;Contient : mati\u00e8re s\u00e8che, humidit\u00e9, prot\u00e9ines brutes, mati\u00e8res grasses, amidon, sucre et \u00e9nergie de volaille.<\/p>\n\n\n\n<ul class=\"wp-block-list\">\n<li>$244.20 7 jours ouvrables<\/li>\n<\/ul>\n\n\n\n<p><strong>\u00c9nergie m\u00e9tabolisable (EM) d&#039;AusMeat<\/strong><\/p>\n\n\n\n<p>L&#039;accr\u00e9ditation AusMeat concerne l&#039;approvisionnement du march\u00e9 de l&#039;UE. Les rations destin\u00e9es \u00e0 l&#039;alimentation animale doivent respecter des niveaux minimaux d&#039;\u00e9nergie m\u00e9tabolisable (EM) lors de tests effectu\u00e9s selon une m\u00e9thode sp\u00e9cifique. Ces niveaux incluent\u00a0: la mati\u00e8re s\u00e8che, l&#039;humidit\u00e9, les prot\u00e9ines brutes, les mati\u00e8res grasses, les cendres, les extraits non azot\u00e9s et l&#039;\u00e9nergie m\u00e9tabolisable.<\/p>\n\n\n\n<ul class=\"wp-block-list\">\n<li>$226.60 7 jours ouvrables<\/li>\n<\/ul>\n\n\n\n<p><strong>\u00c9nergie m\u00e9tabolisable (EM) d&#039;Atwater<\/strong><\/p>\n\n\n\n<p>La formule d&#039;Atwater est utilis\u00e9e pour estimer l&#039;\u00e9nergie m\u00e9tabolisable (EM) des animaux monogastriques, notamment les chiens et les chats. Elle prend en compte\u00a0: la mati\u00e8re s\u00e8che, l&#039;humidit\u00e9, les prot\u00e9ines brutes, les mati\u00e8res grasses, les cendres, les fibres brutes, les extraits non azot\u00e9s et l&#039;\u00e9nergie m\u00e9tabolisable d&#039;Atwater.<\/p>\n\n\n\n<ul class=\"wp-block-list\">\n<li>$243.10 7 jours ouvrables<\/li>\n<\/ul>\n\n\n\n<p><strong>\u00c9nergie m\u00e9tabolisable (ME) MAFF<\/strong><\/p>\n\n\n\n<p>La formule MAFF a \u00e9t\u00e9 mise au point par le minist\u00e8re des P\u00eaches et des For\u00eats d&#039;Angleterre pour estimer l&#039;\u00e9nergie m\u00e9tabolisable des ruminants. Elle prend en compte\u00a0: la mati\u00e8re s\u00e8che, l&#039;humidit\u00e9, les prot\u00e9ines brutes, les mati\u00e8res grasses, les cendres, les fibres brutes, les extraits non azot\u00e9s et l&#039;\u00e9nergie MAFF.<\/p>\n\n\n\n<ul class=\"wp-block-list\">\n<li>$243.10 7 jours ouvrables<\/li>\n<\/ul>\n\n\n\n<p><strong>\u00c9nergie pour ruminants, porcs et volailles<\/strong><\/p>\n\n\n\n<p>Ce produit a \u00e9t\u00e9 con\u00e7u pour les animaux d&#039;\u00e9levage les plus courants. Il comprend\u00a0: mati\u00e8re s\u00e8che, humidit\u00e9, prot\u00e9ines brutes, mati\u00e8res grasses, cendres, fibres brutes, digestibilit\u00e9, fibres au d\u00e9tergent acide, fibres au d\u00e9tergent neutre, amidon, sucre, extraits non azot\u00e9s, \u00e9nergie m\u00e9tabolisable des ruminants, \u00e9nergie digestible des porcs et \u00e9nergie m\u00e9tabolisable de la volaille.<\/p>\n\n\n\n<ul class=\"wp-block-list\">\n<li>$440.00 10 jours ouvrables<\/li>\n<\/ul>\n<\/div>\n\n\n\n<div class=\"wp-block-group is-style-boxed-narrow is-layout-constrained wp-block-group-is-layout-constrained\">\n<h3 class=\"wp-block-heading\"><strong>Analyse min\u00e9rale (ICP)<\/strong><\/h3>\n\n\n\n<p><strong>Min\u00e9raux de transition<\/strong>&nbsp;Incluent : calcium, chlorure, magn\u00e9sium, phosphore, potassium, sodium, soufre et DCAD.<\/p>\n\n\n\n<ul class=\"wp-block-list\">\n<li>$121.00 5 jours ouvrables<\/li>\n<\/ul>\n\n\n\n<p><strong>Min\u00e9raux du groupe 1<\/strong>&nbsp;Incluent : aluminium, bore, calcium, chlorure, cuivre, fer, magn\u00e9sium, mangan\u00e8se, phosphore, potassium, sodium, soufre, zinc et DCAD.<\/p>\n\n\n\n<ul class=\"wp-block-list\">\n<li>$157.30 5 jours ouvrables<\/li>\n<\/ul>\n\n\n\n<p><strong>Min\u00e9raux du groupe 2<\/strong><strong>:<\/strong>&nbsp;Incluent : les min\u00e9raux du groupe 1, plus le cobalt, le molybd\u00e8ne et le s\u00e9l\u00e9nium.<\/p>\n\n\n\n<ul class=\"wp-block-list\">\n<li>$179.30 5 jours ouvrables<\/li>\n<\/ul>\n\n\n\n<p><strong>M\u00e9taux lourds\/min\u00e9raux<\/strong>&nbsp;Ils comprennent : l&#039;arsenic, le cadmium, le plomb et le mercure.<\/p>\n\n\n\n<ul class=\"wp-block-list\">\n<li>$99.00 5 jours ouvrables<\/li>\n<\/ul>\n\n\n\n<p><strong>Min\u00e9raux individuels :<\/strong><\/p>\n\n\n\n<ul class=\"wp-block-list\">\n<li>$50,60 (pour le premier min\u00e9ral) 5 jours ouvrables<\/li>\n\n\n\n<li>$14,85 (pour chaque autre min\u00e9ral par la suite) 5 jours ouvrables<\/li>\n<\/ul>\n\n\n\n<p><\/p>\n\n\n\n<p><strong><em>Pour un d\u00e9lai de traitement URGENT concernant tous les forfaits hors NIR et chimie humide, contactez FeedTest.<br>Si possible, les tests entra\u00eeneront un suppl\u00e9ment 50%.<\/em><\/strong><\/p>\n\n\n\n<p><\/p>\n<\/div>\n\n\n\n<div class=\"wp-block-group is-style-boxed-narrow is-layout-constrained wp-block-group-is-layout-constrained\">\n<h3 class=\"wp-block-heading\"><strong>Analyse compl\u00e9mentaire ou individuelle\u00a0:<\/strong><\/h3>\n\n\n\n<ul class=\"wp-block-list\">\n<li>Lessive acide Fibre $61.60 10 jours ouvrables<\/li>\n\n\n\n<li>Ammoniac-N $62.70 7 jours ouvrables<\/li>\n\n\n\n<li>Acides amin\u00e9s* \u00c0 confirmer 15 \u00e0 22 jours ouvrables<\/li>\n\n\n\n<li>Cendre $49,50 7 jours ouvrables<\/li>\n\n\n\n<li>R\u00e9sidus chimiques : \u00e0 confirmer, 5 \u00e0 7 jours ouvrables<\/li>\n\n\n\n<li>Coumestral* \u00c0 confirmer 10 jours ouvrables \u00a0<\/li>\n\n\n\n<li>Fibre brute $101.20 7 jours ouvrables<\/li>\n\n\n\n<li>Prot\u00e9ines brutes\/Azote (combustion) $61,60 5 jours ouvrables<\/li>\n\n\n\n<li>Prot\u00e9ines brutes\/Azote (titrage) $61,60 7 jours ouvrables<\/li>\n\n\n\n<li>Cyanure (acide cyanhydrique) $110,00 5 jours ouvrables<\/li>\n\n\n\n<li>Diquat\/Paraquat $361,90 7 jours ouvrables<\/li>\n\n\n\n<li>Digestibilit\u00e9 de la mati\u00e8re s\u00e8che $60,50 10 jours ouvrables<\/li>\n\n\n\n<li>Mati\u00e8re s\u00e8che \/ Humidit\u00e9 $25.30 1 jour ouvrable<\/li>\n\n\n\n<li>Endophytes* \u00c0 confirmer 10 jours ouvrables<\/li>\n\n\n\n<li>Glucides solubles dans l&#039;\u00e9thanol (ESC) $59.40 7 jours ouvrables<\/li>\n\n\n\n<li>Mati\u00e8res grasses (hydrolyse acide) $68.20 7 jours ouvrables<\/li>\n\n\n\n<li>Germination $79.20 10 jours ouvrables<\/li>\n\n\n\n<li>Glyphosate $182,60 5 jours ouvrables<\/li>\n\n\n\n<li>Tests GTA \u00e0 confirmer, 3 \u00e0 5 jours ouvrables<\/li>\n\n\n\n<li>Iode* \u00c0 confirmer 10-12 jours ouvrables<\/li>\n\n\n\n<li>Poids du grain (1000) $19,25 5 jours ouvrables<\/li>\n\n\n\n<li>Acide lactique TBC 10 jours ouvrables<\/li>\n\n\n\n<li>Acide lasalocid (Bovatec) $110.00 5 jours ouvrables<\/li>\n\n\n\n<li>Lignine $96,80 12 jours ouvrables<\/li>\n\n\n\n<li>Listeria $31.90 2 jours ouvrables<\/li>\n\n\n\n<li>Analyse LCMS des mycotoxines $316.80 5 jours ouvrables<\/li>\n<\/ul>\n\n\n\n<ul class=\"wp-block-list\">\n<li>Mycotoxines individuelles : \u00e0 confirmer sous 5 jours ouvrables<\/li>\n\n\n\n<li>Rendement du m\u00e9langeur \u00e0 partir de $506.00 5 jours ouvrables<br>(10 \u00e9chantillons X 1 min\u00e9ral)<\/li>\n\n\n\n<li>Monensin $255.20 10 jours ouvrables<\/li>\n\n\n\n<li>Lessive neutre en fibres $37.40 10 jours ouvrables<\/li>\n\n\n\n<li>Azote nitrique (NO3-N) $31,90 5 jours ouvrables<\/li>\n\n\n\n<li>Azote non prot\u00e9ique (NPN)* \u00c0 confirmer 10 \u00e0 15 jours ouvrables<\/li>\n\n\n\n<li>Huile (extraction Soxhlet) $104.50 5 jours ouvrables<\/li>\n\n\n\n<li>Oxalates\/Acide oxalique* \u00c0 confirmer 10 jours ouvrables<\/li>\n\n\n\n<li>Digestibilit\u00e9 \u00e0 la pepsine $127.60 5 jours ouvrables<\/li>\n\n\n\n<li>Indice de peroxyde (rancissement) $68,20 5 jours ouvrables<\/li>\n\n\n\n<li>pH $26.40 5 jours ouvrables<\/li>\n\n\n\n<li>Phomopsin $203.50 7 jours ouvrables<\/li>\n\n\n\n<li>Puret\u00e9 $96.80 5 jours ouvrables<\/li>\n\n\n\n<li>Salmonella $31.90 2 jours ouvrables<\/li>\n\n\n\n<li>Sel (chlorure) $104,50 5 jours ouvrables<\/li>\n\n\n\n<li>Vigueur des semences $96.80 10 jours ouvrables<\/li>\n\n\n\n<li>Amidon $132.00 5 jours ouvrables<\/li>\n\n\n\n<li>Sucre $104,50 5 jours ouvrables<\/li>\n\n\n\n<li>Ur\u00e9e* \u00c0 confirmer 10-15 jours ouvrables<\/li>\n\n\n\n<li>Vitamines # \u00e0 confirmer 10-15 jours ouvrables<\/li>\n\n\n\n<li>Acides gras volatils* \u00c0 confirmer 10 jours ouvrables\u00a0 \u00a0<\/li>\n\n\n\n<li>Glucides solubles dans l&#039;eau (WSC) $59.40 7 jours ouvrables<\/li>\n\n\n\n<li>Levures et moisissures $14.85 7 jours ouvrables<\/li>\n<\/ul>\n\n\n\n<p><strong>NOTE :<\/strong><\/p>\n\n\n\n<p>Prix \u00e0 confirmer\u201c<br>* = Sous-trait\u00e9\u00a0<br># = En interne ou externalis\u00e9<br>Les prix sont susceptibles d&#039;\u00eatre modifi\u00e9s sans pr\u00e9avis.<\/p>\n\n\n\n<div style=\"height:2rem\" aria-hidden=\"true\" class=\"wp-block-spacer\"><\/div>\n\n\n\n<h3 class=\"wp-block-heading\">Documents \u00e0 t\u00e9l\u00e9charger :\u00a0<\/h3>\n\n\n\n<div class=\"wp-block-buttons is-layout-flex wp-block-buttons-is-layout-flex\">\n<div class=\"wp-block-button\"><a class=\"wp-block-button__link wp-element-button\" href=\"\/fr\/app\/uploads\/2025\/09\/FeedTest_Price_List_2025-26.pdf\/\" target=\"_blank\" rel=\"noreferrer noopener\">Liste de prix 2025\/26<\/a><\/div>\n<\/div>\n<\/div>","protected":false},"excerpt":{"rendered":"<p>Test Packages NIR TEST PACKAGES: All NIR packages include: dry matter, moisture, crude protein, acid detergent fibre, neutral detergent fibre, dry matter digestibility\u2026<\/p>","protected":false},"author":1,"featured_media":0,"parent":815,"menu_order":0,"comment_status":"closed","ping_status":"closed","template":"","meta":{"_acf_changed":false,"footnotes":""},"class_list":["post-923","page","type-page","status-publish","hentry"],"acf":[],"yoast_head":"<!-- This site is optimized with the Yoast SEO plugin v27.0 - https:\/\/yoast.com\/product\/yoast-seo-wordpress\/ -->\n<title>Prices - Agrifood Technology<\/title>\n<meta name=\"robots\" content=\"index, follow, max-snippet:-1, max-image-preview:large, max-video-preview:-1\" \/>\n<link rel=\"canonical\" href=\"https:\/\/agrifood.com.au\/fr\/services\/by-capability\/feedtest-services\/prices\/\" \/>\n<meta property=\"og:locale\" content=\"fr_FR\" \/>\n<meta property=\"og:type\" content=\"article\" \/>\n<meta property=\"og:title\" content=\"Prices - Agrifood Technology\" \/>\n<meta property=\"og:description\" content=\"Test Packages NIR TEST PACKAGES: All NIR packages include: dry matter, moisture, crude protein, acid detergent fibre, neutral detergent fibre, dry matter digestibility\u2026\" \/>\n<meta property=\"og:url\" content=\"https:\/\/agrifood.com.au\/fr\/services\/by-capability\/feedtest-services\/prices\/\" \/>\n<meta property=\"og:site_name\" content=\"Agrifood Technology\" \/>\n<meta property=\"article:modified_time\" content=\"2025-09-24T15:21:27+00:00\" \/>\n<meta name=\"twitter:card\" content=\"summary_large_image\" \/>\n<meta name=\"twitter:label1\" content=\"Est. reading time\" \/>\n\t<meta name=\"twitter:data1\" content=\"5 minutes\" \/>\n<script type=\"application\/ld+json\" class=\"yoast-schema-graph\">{\"@context\":\"https:\/\/schema.org\",\"@graph\":[{\"@type\":\"WebPage\",\"@id\":\"https:\/\/agrifood.com.au\/services\/by-capability\/feedtest-services\/prices\/\",\"url\":\"https:\/\/agrifood.com.au\/services\/by-capability\/feedtest-services\/prices\/\",\"name\":\"Prices - Agrifood Technology\",\"isPartOf\":{\"@id\":\"https:\/\/agrifood.com.au\/#website\"},\"datePublished\":\"2025-09-11T15:08:39+00:00\",\"dateModified\":\"2025-09-24T15:21:27+00:00\",\"breadcrumb\":{\"@id\":\"https:\/\/agrifood.com.au\/services\/by-capability\/feedtest-services\/prices\/#breadcrumb\"},\"inLanguage\":\"fr-FR\",\"potentialAction\":[{\"@type\":\"ReadAction\",\"target\":[\"https:\/\/agrifood.com.au\/services\/by-capability\/feedtest-services\/prices\/\"]}]},{\"@type\":\"BreadcrumbList\",\"@id\":\"https:\/\/agrifood.com.au\/services\/by-capability\/feedtest-services\/prices\/#breadcrumb\",\"itemListElement\":[{\"@type\":\"ListItem\",\"position\":1,\"name\":\"Home\",\"item\":\"https:\/\/agrifood.com.au\/\"},{\"@type\":\"ListItem\",\"position\":2,\"name\":\"Services\",\"item\":\"https:\/\/agrifood.com.au\/services\/\"},{\"@type\":\"ListItem\",\"position\":3,\"name\":\"By Capability\",\"item\":\"https:\/\/agrifood.com.au\/?page_id=811\"},{\"@type\":\"ListItem\",\"position\":4,\"name\":\"FeedTest Services\",\"item\":\"https:\/\/agrifood.com.au\/?page_id=815\"},{\"@type\":\"ListItem\",\"position\":5,\"name\":\"Prices\"}]},{\"@type\":\"WebSite\",\"@id\":\"https:\/\/agrifood.com.au\/#website\",\"url\":\"https:\/\/agrifood.com.au\/\",\"name\":\"Agrifood Technology\",\"description\":\"\",\"publisher\":{\"@id\":\"https:\/\/agrifood.com.au\/#organization\"},\"potentialAction\":[{\"@type\":\"SearchAction\",\"target\":{\"@type\":\"EntryPoint\",\"urlTemplate\":\"https:\/\/agrifood.com.au\/?s={search_term_string}\"},\"query-input\":{\"@type\":\"PropertyValueSpecification\",\"valueRequired\":true,\"valueName\":\"search_term_string\"}}],\"inLanguage\":\"fr-FR\"},{\"@type\":\"Organization\",\"@id\":\"https:\/\/agrifood.com.au\/#organization\",\"name\":\"Agrifood Technology\",\"url\":\"https:\/\/agrifood.com.au\/\",\"logo\":{\"@type\":\"ImageObject\",\"inLanguage\":\"fr-FR\",\"@id\":\"https:\/\/agrifood.com.au\/#\/schema\/logo\/image\/\",\"url\":\"https:\/\/agrifood.com.au\/app\/uploads\/2025\/10\/Agrifood-News-Photo-scaled.png\",\"contentUrl\":\"https:\/\/agrifood.com.au\/app\/uploads\/2025\/10\/Agrifood-News-Photo-scaled.png\",\"width\":2560,\"height\":1580,\"caption\":\"Agrifood Technology\"},\"image\":{\"@id\":\"https:\/\/agrifood.com.au\/#\/schema\/logo\/image\/\"}}]}<\/script>\n<!-- \/ Yoast SEO plugin. -->","yoast_head_json":{"title":"Prices - Agrifood Technology","robots":{"index":"index","follow":"follow","max-snippet":"max-snippet:-1","max-image-preview":"max-image-preview:large","max-video-preview":"max-video-preview:-1"},"canonical":"https:\/\/agrifood.com.au\/fr\/services\/by-capability\/feedtest-services\/prices\/","og_locale":"fr_FR","og_type":"article","og_title":"Prices - Agrifood Technology","og_description":"Test Packages NIR TEST PACKAGES: All NIR packages include: dry matter, moisture, crude protein, acid detergent fibre, neutral detergent fibre, dry matter digestibility\u2026","og_url":"https:\/\/agrifood.com.au\/fr\/services\/by-capability\/feedtest-services\/prices\/","og_site_name":"Agrifood Technology","article_modified_time":"2025-09-24T15:21:27+00:00","twitter_card":"summary_large_image","twitter_misc":{"Est. reading time":"5 minutes"},"schema":{"@context":"https:\/\/schema.org","@graph":[{"@type":"WebPage","@id":"https:\/\/agrifood.com.au\/services\/by-capability\/feedtest-services\/prices\/","url":"https:\/\/agrifood.com.au\/services\/by-capability\/feedtest-services\/prices\/","name":"Prices - Agrifood Technology","isPartOf":{"@id":"https:\/\/agrifood.com.au\/#website"},"datePublished":"2025-09-11T15:08:39+00:00","dateModified":"2025-09-24T15:21:27+00:00","breadcrumb":{"@id":"https:\/\/agrifood.com.au\/services\/by-capability\/feedtest-services\/prices\/#breadcrumb"},"inLanguage":"fr-FR","potentialAction":[{"@type":"ReadAction","target":["https:\/\/agrifood.com.au\/services\/by-capability\/feedtest-services\/prices\/"]}]},{"@type":"BreadcrumbList","@id":"https:\/\/agrifood.com.au\/services\/by-capability\/feedtest-services\/prices\/#breadcrumb","itemListElement":[{"@type":"ListItem","position":1,"name":"Home","item":"https:\/\/agrifood.com.au\/"},{"@type":"ListItem","position":2,"name":"Services","item":"https:\/\/agrifood.com.au\/services\/"},{"@type":"ListItem","position":3,"name":"By Capability","item":"https:\/\/agrifood.com.au\/?page_id=811"},{"@type":"ListItem","position":4,"name":"FeedTest Services","item":"https:\/\/agrifood.com.au\/?page_id=815"},{"@type":"ListItem","position":5,"name":"Prices"}]},{"@type":"WebSite","@id":"https:\/\/agrifood.com.au\/#website","url":"https:\/\/agrifood.com.au\/","name":"Technologie agroalimentaire","description":"","publisher":{"@id":"https:\/\/agrifood.com.au\/#organization"},"potentialAction":[{"@type":"SearchAction","target":{"@type":"EntryPoint","urlTemplate":"https:\/\/agrifood.com.au\/?s={search_term_string}"},"query-input":{"@type":"PropertyValueSpecification","valueRequired":true,"valueName":"search_term_string"}}],"inLanguage":"fr-FR"},{"@type":"Organization","@id":"https:\/\/agrifood.com.au\/#organization","name":"Technologie agroalimentaire","url":"https:\/\/agrifood.com.au\/","logo":{"@type":"ImageObject","inLanguage":"fr-FR","@id":"https:\/\/agrifood.com.au\/#\/schema\/logo\/image\/","url":"https:\/\/agrifood.com.au\/app\/uploads\/2025\/10\/Agrifood-News-Photo-scaled.png","contentUrl":"https:\/\/agrifood.com.au\/app\/uploads\/2025\/10\/Agrifood-News-Photo-scaled.png","width":2560,"height":1580,"caption":"Agrifood Technology"},"image":{"@id":"https:\/\/agrifood.com.au\/#\/schema\/logo\/image\/"}}]}},"_links":{"self":[{"href":"https:\/\/agrifood.com.au\/fr\/wp-json\/wp\/v2\/pages\/923","targetHints":{"allow":["GET"]}}],"collection":[{"href":"https:\/\/agrifood.com.au\/fr\/wp-json\/wp\/v2\/pages"}],"about":[{"href":"https:\/\/agrifood.com.au\/fr\/wp-json\/wp\/v2\/types\/page"}],"author":[{"embeddable":true,"href":"https:\/\/agrifood.com.au\/fr\/wp-json\/wp\/v2\/users\/1"}],"replies":[{"embeddable":true,"href":"https:\/\/agrifood.com.au\/fr\/wp-json\/wp\/v2\/comments?post=923"}],"version-history":[{"count":10,"href":"https:\/\/agrifood.com.au\/fr\/wp-json\/wp\/v2\/pages\/923\/revisions"}],"predecessor-version":[{"id":1790,"href":"https:\/\/agrifood.com.au\/fr\/wp-json\/wp\/v2\/pages\/923\/revisions\/1790"}],"up":[{"embeddable":true,"href":"https:\/\/agrifood.com.au\/fr\/wp-json\/wp\/v2\/pages\/815"}],"wp:attachment":[{"href":"https:\/\/agrifood.com.au\/fr\/wp-json\/wp\/v2\/media?parent=923"}],"curies":[{"name":"wp","href":"https:\/\/api.w.org\/{rel}","templated":true}]}}