{"id":925,"date":"2025-09-11T15:08:54","date_gmt":"2025-09-11T15:08:54","guid":{"rendered":"https:\/\/agrifood.swim.net.au\/?page_id=925"},"modified":"2025-11-26T04:02:40","modified_gmt":"2025-11-26T04:02:40","slug":"sampling-kits-and-forms","status":"publish","type":"page","link":"https:\/\/agrifood.com.au\/fr\/services\/by-capability\/feedtest-services\/sampling-kits-and-forms\/","title":{"rendered":"Kits et formulaires d'\u00e9chantillonnage"},"content":{"rendered":"<div class=\"wp-block-group is-style-boxed is-layout-constrained wp-block-group-is-layout-constrained\">\n<h2 class=\"wp-block-heading\">Commandes de kits<\/h2>\n\n\n\n<p>Si vous avez besoin d'un ou de plusieurs kits, veuillez nous contacter \u00e0 l'adresse suivante :<\/p>\n\n\n\n<p>FeedTest<br>260 Princes Hwy<br>Werribee VIC 3030<br>T\u00e9l\u00e9phone : 1300 655 474 1300 655 474<br>Courriel :&nbsp;<a href=\"mailto:feed.test@agrifood.com.au\">feed.test@agrifood.com.au<\/a><\/p>\n\n\n\n<p>FeedTest fournit des kits gratuits, qui contiennent toutes les informations n\u00e9cessaires pour soumettre votre \u00e9chantillon.<\/p>\n\n\n\n<p>Les conseils suivants vous permettront de vous assurer que votre \u00e9chantillon nous parviendra en bon \u00e9tat pour \u00eatre test\u00e9 :<\/p>\n\n\n\n<ul class=\"wp-block-list\">\n<li>Lorsque vous soumettez des \u00e9chantillons, utilisez une enveloppe-r\u00e9ponse pay\u00e9e et une fiche d'information s\u00e9par\u00e9es pour chaque \u00e9chantillon.<\/li>\n\n\n\n<li>Placer l'\u00e9chantillon dans le sac \u00e0 fermeture \u00e0 glissi\u00e8re en veillant \u00e0 ce que tout l'air soit expuls\u00e9 et que le sac soit ferm\u00e9 herm\u00e9tiquement.<\/li>\n\n\n\n<li>Remplir la fiche d'information sur l'\u00e9chantillon et le formulaire de paiement par carte de cr\u00e9dit&nbsp;<\/li>\n\n\n\n<li>Placez l'\u00e9chantillon et la fiche d'information dans l'enveloppe \"Reply Paid\", scellez-la et envoyez-la \u00e0 FeedTest.<\/li>\n\n\n\n<li>Pour envoyer plusieurs \u00e9chantillons \u00e0 FeedTest, il suffit de les placer dans la sacoche Reply Paid et de poster<\/li>\n<\/ul>\n\n\n\n<p>Les informations inscrites sur la fiche d'information de l'\u00e9chantillon sont importantes pour la tra\u00e7abilit\u00e9 et l'exactitude de nos dossiers. Veuillez v\u00e9rifier que ces informations sont correctes et lisibles avant de les envoyer.<\/p>\n\n\n\n<h3 class=\"wp-block-heading\">Formulaires<\/h3>\n\n\n\n<p>Documents \u00e0 t\u00e9l\u00e9charger :<\/p>\n\n\n\n<div class=\"wp-block-buttons is-layout-flex wp-block-buttons-is-layout-flex\">\n<div class=\"wp-block-button\"><a class=\"wp-block-button__link wp-element-button\" href=\"\/fr\/app\/uploads\/2025\/09\/F836-FeedTest-Sample-Request-Form.pdf\/\" target=\"_blank\" rel=\"noreferrer noopener\">Exemple de formulaire de demande - 2024-25<\/a><\/div>\n\n\n\n<div class=\"wp-block-button\"><a class=\"wp-block-button__link wp-element-button\" href=\"\/fr\/app\/uploads\/2025\/09\/FeedTest_Price_List_2025-26.pdf\/\" target=\"_blank\" rel=\"noreferrer noopener\">Liste de prix - 2025\/26<\/a><\/div>\n\n\n\n<div class=\"wp-block-button\"><a class=\"wp-block-button__link wp-element-button\" href=\"\/fr\/app\/uploads\/2025\/09\/F681_-_FeedTest_Credit_Card_Form_2025-26_Editable.pdf\/\" target=\"_blank\" rel=\"noreferrer noopener\">Formulaire de carte de cr\u00e9dit - 2024-25<\/a><\/div>\n\n\n\n<div class=\"wp-block-button\"><a class=\"wp-block-button__link wp-element-button\" href=\"\/fr\/app\/uploads\/2025\/09\/FT-Sampling-Instructions-2022.pdf\/\" target=\"_blank\" rel=\"noreferrer noopener\">Instructions pour l'\u00e9chantillonnage<\/a><\/div>\n<\/div>\n<\/div>","protected":false},"excerpt":{"rendered":"<p>Kit Orders If you require a kit\/s, please contact us at the following address: FeedTest260 Princes HwyWerribee VIC 3030Phone: 1300 655 474Email:&nbsp;feed.test@agrifoo\u2026<\/p>","protected":false},"author":1,"featured_media":0,"parent":815,"menu_order":0,"comment_status":"closed","ping_status":"closed","template":"","meta":{"_acf_changed":false,"footnotes":""},"class_list":["post-925","page","type-page","status-publish","hentry"],"acf":[],"yoast_head":"<!-- This site is optimized with the Yoast SEO plugin v27.0 - https:\/\/yoast.com\/product\/yoast-seo-wordpress\/ -->\n<title>Sampling Kits and Forms - Agrifood Technology<\/title>\n<meta name=\"robots\" content=\"index, follow, max-snippet:-1, max-image-preview:large, max-video-preview:-1\" \/>\n<link rel=\"canonical\" href=\"https:\/\/agrifood.com.au\/fr\/services\/by-capability\/feedtest-services\/sampling-kits-and-forms\/\" \/>\n<meta property=\"og:locale\" content=\"fr_FR\" \/>\n<meta property=\"og:type\" content=\"article\" \/>\n<meta property=\"og:title\" content=\"Sampling Kits and Forms - Agrifood Technology\" \/>\n<meta property=\"og:description\" content=\"Kit Orders If you require a kit\/s, please contact us at the following address: FeedTest260 Princes HwyWerribee VIC 3030Phone: 1300 655 474Email:&nbsp;feed.test@agrifoo\u2026\" \/>\n<meta property=\"og:url\" content=\"https:\/\/agrifood.com.au\/fr\/services\/by-capability\/feedtest-services\/sampling-kits-and-forms\/\" \/>\n<meta property=\"og:site_name\" content=\"Agrifood Technology\" \/>\n<meta property=\"article:modified_time\" content=\"2025-11-26T04:02:40+00:00\" \/>\n<meta name=\"twitter:card\" content=\"summary_large_image\" \/>\n<meta name=\"twitter:label1\" content=\"Est. reading time\" \/>\n\t<meta name=\"twitter:data1\" content=\"1 minute\" \/>\n<script type=\"application\/ld+json\" class=\"yoast-schema-graph\">{\"@context\":\"https:\/\/schema.org\",\"@graph\":[{\"@type\":\"WebPage\",\"@id\":\"https:\/\/agrifood.com.au\/services\/by-capability\/feedtest-services\/sampling-kits-and-forms\/\",\"url\":\"https:\/\/agrifood.com.au\/services\/by-capability\/feedtest-services\/sampling-kits-and-forms\/\",\"name\":\"Sampling Kits and Forms - Agrifood Technology\",\"isPartOf\":{\"@id\":\"https:\/\/agrifood.com.au\/#website\"},\"datePublished\":\"2025-09-11T15:08:54+00:00\",\"dateModified\":\"2025-11-26T04:02:40+00:00\",\"breadcrumb\":{\"@id\":\"https:\/\/agrifood.com.au\/services\/by-capability\/feedtest-services\/sampling-kits-and-forms\/#breadcrumb\"},\"inLanguage\":\"fr-FR\",\"potentialAction\":[{\"@type\":\"ReadAction\",\"target\":[\"https:\/\/agrifood.com.au\/services\/by-capability\/feedtest-services\/sampling-kits-and-forms\/\"]}]},{\"@type\":\"BreadcrumbList\",\"@id\":\"https:\/\/agrifood.com.au\/services\/by-capability\/feedtest-services\/sampling-kits-and-forms\/#breadcrumb\",\"itemListElement\":[{\"@type\":\"ListItem\",\"position\":1,\"name\":\"Home\",\"item\":\"https:\/\/agrifood.com.au\/\"},{\"@type\":\"ListItem\",\"position\":2,\"name\":\"Services\",\"item\":\"https:\/\/agrifood.com.au\/services\/\"},{\"@type\":\"ListItem\",\"position\":3,\"name\":\"By Capability\",\"item\":\"https:\/\/agrifood.com.au\/?page_id=811\"},{\"@type\":\"ListItem\",\"position\":4,\"name\":\"FeedTest Services\",\"item\":\"https:\/\/agrifood.com.au\/?page_id=815\"},{\"@type\":\"ListItem\",\"position\":5,\"name\":\"Sampling Kits and Forms\"}]},{\"@type\":\"WebSite\",\"@id\":\"https:\/\/agrifood.com.au\/#website\",\"url\":\"https:\/\/agrifood.com.au\/\",\"name\":\"Agrifood Technology\",\"description\":\"\",\"publisher\":{\"@id\":\"https:\/\/agrifood.com.au\/#organization\"},\"potentialAction\":[{\"@type\":\"SearchAction\",\"target\":{\"@type\":\"EntryPoint\",\"urlTemplate\":\"https:\/\/agrifood.com.au\/?s={search_term_string}\"},\"query-input\":{\"@type\":\"PropertyValueSpecification\",\"valueRequired\":true,\"valueName\":\"search_term_string\"}}],\"inLanguage\":\"fr-FR\"},{\"@type\":\"Organization\",\"@id\":\"https:\/\/agrifood.com.au\/#organization\",\"name\":\"Agrifood Technology\",\"url\":\"https:\/\/agrifood.com.au\/\",\"logo\":{\"@type\":\"ImageObject\",\"inLanguage\":\"fr-FR\",\"@id\":\"https:\/\/agrifood.com.au\/#\/schema\/logo\/image\/\",\"url\":\"https:\/\/agrifood.com.au\/app\/uploads\/2025\/10\/Agrifood-News-Photo-scaled.png\",\"contentUrl\":\"https:\/\/agrifood.com.au\/app\/uploads\/2025\/10\/Agrifood-News-Photo-scaled.png\",\"width\":2560,\"height\":1580,\"caption\":\"Agrifood Technology\"},\"image\":{\"@id\":\"https:\/\/agrifood.com.au\/#\/schema\/logo\/image\/\"}}]}<\/script>\n<!-- \/ Yoast SEO plugin. -->","yoast_head_json":{"title":"Sampling Kits and Forms - Agrifood Technology","robots":{"index":"index","follow":"follow","max-snippet":"max-snippet:-1","max-image-preview":"max-image-preview:large","max-video-preview":"max-video-preview:-1"},"canonical":"https:\/\/agrifood.com.au\/fr\/services\/by-capability\/feedtest-services\/sampling-kits-and-forms\/","og_locale":"fr_FR","og_type":"article","og_title":"Sampling Kits and Forms - Agrifood Technology","og_description":"Kit Orders If you require a kit\/s, please contact us at the following address: FeedTest260 Princes HwyWerribee VIC 3030Phone: 1300 655 474Email:&nbsp;feed.test@agrifoo\u2026","og_url":"https:\/\/agrifood.com.au\/fr\/services\/by-capability\/feedtest-services\/sampling-kits-and-forms\/","og_site_name":"Agrifood Technology","article_modified_time":"2025-11-26T04:02:40+00:00","twitter_card":"summary_large_image","twitter_misc":{"Est. reading time":"1 minute"},"schema":{"@context":"https:\/\/schema.org","@graph":[{"@type":"WebPage","@id":"https:\/\/agrifood.com.au\/services\/by-capability\/feedtest-services\/sampling-kits-and-forms\/","url":"https:\/\/agrifood.com.au\/services\/by-capability\/feedtest-services\/sampling-kits-and-forms\/","name":"Sampling Kits and Forms - Agrifood Technology","isPartOf":{"@id":"https:\/\/agrifood.com.au\/#website"},"datePublished":"2025-09-11T15:08:54+00:00","dateModified":"2025-11-26T04:02:40+00:00","breadcrumb":{"@id":"https:\/\/agrifood.com.au\/services\/by-capability\/feedtest-services\/sampling-kits-and-forms\/#breadcrumb"},"inLanguage":"fr-FR","potentialAction":[{"@type":"ReadAction","target":["https:\/\/agrifood.com.au\/services\/by-capability\/feedtest-services\/sampling-kits-and-forms\/"]}]},{"@type":"BreadcrumbList","@id":"https:\/\/agrifood.com.au\/services\/by-capability\/feedtest-services\/sampling-kits-and-forms\/#breadcrumb","itemListElement":[{"@type":"ListItem","position":1,"name":"Home","item":"https:\/\/agrifood.com.au\/"},{"@type":"ListItem","position":2,"name":"Services","item":"https:\/\/agrifood.com.au\/services\/"},{"@type":"ListItem","position":3,"name":"By Capability","item":"https:\/\/agrifood.com.au\/?page_id=811"},{"@type":"ListItem","position":4,"name":"FeedTest Services","item":"https:\/\/agrifood.com.au\/?page_id=815"},{"@type":"ListItem","position":5,"name":"Sampling Kits and Forms"}]},{"@type":"WebSite","@id":"https:\/\/agrifood.com.au\/#website","url":"https:\/\/agrifood.com.au\/","name":"Technologie agroalimentaire","description":"","publisher":{"@id":"https:\/\/agrifood.com.au\/#organization"},"potentialAction":[{"@type":"SearchAction","target":{"@type":"EntryPoint","urlTemplate":"https:\/\/agrifood.com.au\/?s={search_term_string}"},"query-input":{"@type":"PropertyValueSpecification","valueRequired":true,"valueName":"search_term_string"}}],"inLanguage":"fr-FR"},{"@type":"Organization","@id":"https:\/\/agrifood.com.au\/#organization","name":"Technologie agroalimentaire","url":"https:\/\/agrifood.com.au\/","logo":{"@type":"ImageObject","inLanguage":"fr-FR","@id":"https:\/\/agrifood.com.au\/#\/schema\/logo\/image\/","url":"https:\/\/agrifood.com.au\/app\/uploads\/2025\/10\/Agrifood-News-Photo-scaled.png","contentUrl":"https:\/\/agrifood.com.au\/app\/uploads\/2025\/10\/Agrifood-News-Photo-scaled.png","width":2560,"height":1580,"caption":"Agrifood Technology"},"image":{"@id":"https:\/\/agrifood.com.au\/#\/schema\/logo\/image\/"}}]}},"_links":{"self":[{"href":"https:\/\/agrifood.com.au\/fr\/wp-json\/wp\/v2\/pages\/925","targetHints":{"allow":["GET"]}}],"collection":[{"href":"https:\/\/agrifood.com.au\/fr\/wp-json\/wp\/v2\/pages"}],"about":[{"href":"https:\/\/agrifood.com.au\/fr\/wp-json\/wp\/v2\/types\/page"}],"author":[{"embeddable":true,"href":"https:\/\/agrifood.com.au\/fr\/wp-json\/wp\/v2\/users\/1"}],"replies":[{"embeddable":true,"href":"https:\/\/agrifood.com.au\/fr\/wp-json\/wp\/v2\/comments?post=925"}],"version-history":[{"count":7,"href":"https:\/\/agrifood.com.au\/fr\/wp-json\/wp\/v2\/pages\/925\/revisions"}],"predecessor-version":[{"id":2674,"href":"https:\/\/agrifood.com.au\/fr\/wp-json\/wp\/v2\/pages\/925\/revisions\/2674"}],"up":[{"embeddable":true,"href":"https:\/\/agrifood.com.au\/fr\/wp-json\/wp\/v2\/pages\/815"}],"wp:attachment":[{"href":"https:\/\/agrifood.com.au\/fr\/wp-json\/wp\/v2\/media?parent=925"}],"curies":[{"name":"wp","href":"https:\/\/api.w.org\/{rel}","templated":true}]}}