{"id":927,"date":"2025-09-11T15:09:11","date_gmt":"2025-09-11T15:09:11","guid":{"rendered":"https:\/\/agrifood.swim.net.au\/?page_id=927"},"modified":"2026-02-06T04:39:52","modified_gmt":"2026-02-06T04:39:52","slug":"hay-corer-sales","status":"publish","type":"page","link":"https:\/\/agrifood.com.au\/fr\/services\/by-capability\/feedtest-services\/hay-corer-sales\/","title":{"rendered":"Vente de corbeille \u00e0 foin"},"content":{"rendered":"<div class=\"wp-block-group is-style-boxed is-layout-constrained wp-block-group-is-layout-constrained\">\n<div class=\"wp-block-columns is-layout-flex wp-container-core-columns-is-layout-9d6595d7 wp-block-columns-is-layout-flex\">\n<div class=\"wp-block-column is-vertically-aligned-top is-layout-flow wp-block-column-is-layout-flow\">\n<h3 class=\"wp-block-heading\">Vous avez besoin d'un corroyeur de foin manuel ou d'un aff\u00fbtage de couteaux ?<\/h3>\n\n\n\n<p><em><strong>Id\u00e9al pour l'\u00e9chantillonnage du foin et de l'ensilage !<\/strong><\/em><br><br>Tube et couteau en acier inoxydable, con\u00e7us pour carotter efficacement le foin et l'ensilage. La pointe de coupe en acier tremp\u00e9 et festonn\u00e9 garantit une longue dur\u00e9e de vie, et la sonde en acier p\u00e9n\u00e8tre facilement dans la balle.<\/p>\n\n\n\n<p>Recommand\u00e9 pour la collecte rapide et pratique d'\u00e9chantillons de balles pour les tests. Lors de l'\u00e9chantillonnage du foin, les \u00e9chantillons doivent \u00eatre pr\u00e9lev\u00e9s uniform\u00e9ment sur plusieurs balles dans chaque lot d'\u00e9chantillonnage.<br><br><strong>L'arme de base comprend<\/strong><\/p>\n\n\n\n<ul class=\"wp-block-list\">\n<li>Poign\u00e9e<\/li>\n\n\n\n<li>Tube 7\/8<\/li>\n\n\n\n<li>1 x cutter<\/li>\n<\/ul>\n<\/div>\n\n\n\n<div class=\"wp-block-column is-vertically-aligned-center is-layout-flow wp-block-column-is-layout-flow\">\n<figure class=\"wp-block-image size-large is-resized is-style-full\"><img loading=\"lazy\" decoding=\"async\" width=\"617\" height=\"1024\" src=\"https:\/\/agrifood.com.au\/app\/uploads\/2025\/09\/Hay-Corer-scaled-e1763958571480-617x1024.jpg\" alt=\"\" class=\"wp-image-2669\" style=\"object-fit:contain;width:307px;height:auto\" srcset=\"https:\/\/agrifood.com.au\/app\/uploads\/2025\/09\/Hay-Corer-scaled-e1763958571480-617x1024.jpg 617w, https:\/\/agrifood.com.au\/app\/uploads\/2025\/09\/Hay-Corer-scaled-e1763958571480-181x300.jpg 181w, https:\/\/agrifood.com.au\/app\/uploads\/2025\/09\/Hay-Corer-scaled-e1763958571480-768x1275.jpg 768w, https:\/\/agrifood.com.au\/app\/uploads\/2025\/09\/Hay-Corer-scaled-e1763958571480-925x1536.jpg 925w, https:\/\/agrifood.com.au\/app\/uploads\/2025\/09\/Hay-Corer-scaled-e1763958571480-7x12.jpg 7w, https:\/\/agrifood.com.au\/app\/uploads\/2025\/09\/Hay-Corer-scaled-e1763958571480.jpg 1105w\" sizes=\"auto, (max-width: 617px) 100vw, 617px\" \/><\/figure>\n<\/div>\n<\/div>\n\n\n\n<h3 class=\"wp-block-heading\"><strong>Lien vers la brochure et les tarifs d\u00e9taill\u00e9s :<\/strong><\/h3>\n\n\n\n<p><strong>Ensileuse manuelle - $410.30&nbsp;<\/strong><\/p>\n\n\n\n<div class=\"wp-block-buttons is-layout-flex wp-block-buttons-is-layout-flex\">\n<div class=\"wp-block-button\"><a class=\"wp-block-button__link wp-element-button\" href=\"https:\/\/agrifood.com.au\/fr\/app\/uploads\/2026\/02\/Hay_Core_Gun_Flyer_2026-a.pdf\/\" target=\"_blank\" rel=\"noreferrer noopener\">Pistolet \u00e0 noyaux et aff\u00fbtage<\/a><\/div>\n<\/div>\n\n\n\n<p><\/p>\n\n\n\n<p><em><strong>Construit pour durer des ann\u00e9es et non des mois.......Durable et r\u00e9sistant !<\/strong><\/em><\/p>\n\n\n\n<div style=\"height:2rem\" aria-hidden=\"true\" class=\"wp-block-spacer\"><\/div>\n\n\n\n<h2 class=\"wp-block-heading\"><strong>Services d'aff\u00fbtage :<\/strong><\/h2>\n\n\n\n<p>FeedTest propose d\u00e9sormais un service de r\u00e9aff\u00fbtage des fraises.<\/p>\n\n\n\n<p><strong>- $39.60 pour l'aff\u00fbtage<\/strong><\/p>\n\n\n\n<p><em>NOTE :<\/em><\/p>\n\n\n\n<p><em>- Tous les prix s'entendent TPS incluse<\/em><br><em>- Des frais suppl\u00e9mentaires sont appliqu\u00e9s par Australia Post<\/em><\/p>\n\n\n\n<h3 class=\"wp-block-heading\"><strong>Pour plus d'informations :<\/strong><\/h3>\n\n\n\n<p><strong>Appelez-nous au : <a href=\"tel:1300655474\">1300 655 474<\/a> ou par courriel :&nbsp;<a href=\"mailto:feed.test@agrifood.com.au\"><\/a><a href=\"mailto:feed.test@agrifood.com.au\">feed.test@agrifood.com.au<\/a><\/strong><\/p>\n<\/div>","protected":false},"excerpt":{"rendered":"<p>Do you need a manual Hay Corer or Sharpening of Cutters? Ideal for Hay &amp; Silage Sampling! Stainless Steel tube and cutter, designed to efficiently core hay and sil\u2026<\/p>","protected":false},"author":1,"featured_media":0,"parent":815,"menu_order":0,"comment_status":"closed","ping_status":"closed","template":"","meta":{"_acf_changed":false,"footnotes":""},"class_list":["post-927","page","type-page","status-publish","hentry"],"acf":[],"yoast_head":"<!-- This site is optimized with the Yoast SEO plugin v27.0 - https:\/\/yoast.com\/product\/yoast-seo-wordpress\/ -->\n<title>Hay Corer Sales - Agrifood Technology<\/title>\n<meta name=\"robots\" content=\"index, follow, max-snippet:-1, max-image-preview:large, max-video-preview:-1\" \/>\n<link rel=\"canonical\" href=\"https:\/\/agrifood.com.au\/fr\/services\/by-capability\/feedtest-services\/hay-corer-sales\/\" \/>\n<meta property=\"og:locale\" content=\"fr_FR\" \/>\n<meta property=\"og:type\" content=\"article\" \/>\n<meta property=\"og:title\" content=\"Hay Corer Sales - Agrifood Technology\" \/>\n<meta property=\"og:description\" content=\"Do you need a manual Hay Corer or Sharpening of Cutters? Ideal for Hay &amp; Silage Sampling! Stainless Steel tube and cutter, designed to efficiently core hay and sil\u2026\" \/>\n<meta property=\"og:url\" content=\"https:\/\/agrifood.com.au\/fr\/services\/by-capability\/feedtest-services\/hay-corer-sales\/\" \/>\n<meta property=\"og:site_name\" content=\"Agrifood Technology\" \/>\n<meta property=\"article:modified_time\" content=\"2026-02-06T04:39:52+00:00\" \/>\n<meta property=\"og:image\" content=\"https:\/\/agrifood.com.au\/app\/uploads\/2025\/09\/Hay-Corer-scaled-e1763958571480.jpg\" \/>\n\t<meta property=\"og:image:width\" content=\"1105\" \/>\n\t<meta property=\"og:image:height\" content=\"1835\" \/>\n\t<meta property=\"og:image:type\" content=\"image\/jpeg\" \/>\n<meta name=\"twitter:card\" content=\"summary_large_image\" \/>\n<meta name=\"twitter:label1\" content=\"Est. reading time\" \/>\n\t<meta name=\"twitter:data1\" content=\"1 minute\" \/>\n<script type=\"application\/ld+json\" class=\"yoast-schema-graph\">{\"@context\":\"https:\/\/schema.org\",\"@graph\":[{\"@type\":\"WebPage\",\"@id\":\"https:\/\/agrifood.com.au\/services\/by-capability\/feedtest-services\/hay-corer-sales\/\",\"url\":\"https:\/\/agrifood.com.au\/services\/by-capability\/feedtest-services\/hay-corer-sales\/\",\"name\":\"Hay Corer Sales - Agrifood Technology\",\"isPartOf\":{\"@id\":\"https:\/\/agrifood.com.au\/#website\"},\"primaryImageOfPage\":{\"@id\":\"https:\/\/agrifood.com.au\/services\/by-capability\/feedtest-services\/hay-corer-sales\/#primaryimage\"},\"image\":{\"@id\":\"https:\/\/agrifood.com.au\/services\/by-capability\/feedtest-services\/hay-corer-sales\/#primaryimage\"},\"thumbnailUrl\":\"https:\/\/agrifood.com.au\/app\/uploads\/2025\/09\/Hay-Corer-scaled-e1763958571480-617x1024.jpg\",\"datePublished\":\"2025-09-11T15:09:11+00:00\",\"dateModified\":\"2026-02-06T04:39:52+00:00\",\"breadcrumb\":{\"@id\":\"https:\/\/agrifood.com.au\/services\/by-capability\/feedtest-services\/hay-corer-sales\/#breadcrumb\"},\"inLanguage\":\"fr-FR\",\"potentialAction\":[{\"@type\":\"ReadAction\",\"target\":[\"https:\/\/agrifood.com.au\/services\/by-capability\/feedtest-services\/hay-corer-sales\/\"]}]},{\"@type\":\"ImageObject\",\"inLanguage\":\"fr-FR\",\"@id\":\"https:\/\/agrifood.com.au\/services\/by-capability\/feedtest-services\/hay-corer-sales\/#primaryimage\",\"url\":\"https:\/\/agrifood.com.au\/app\/uploads\/2025\/09\/Hay-Corer-scaled-e1763958571480-617x1024.jpg\",\"contentUrl\":\"https:\/\/agrifood.com.au\/app\/uploads\/2025\/09\/Hay-Corer-scaled-e1763958571480-617x1024.jpg\"},{\"@type\":\"BreadcrumbList\",\"@id\":\"https:\/\/agrifood.com.au\/services\/by-capability\/feedtest-services\/hay-corer-sales\/#breadcrumb\",\"itemListElement\":[{\"@type\":\"ListItem\",\"position\":1,\"name\":\"Home\",\"item\":\"https:\/\/agrifood.com.au\/\"},{\"@type\":\"ListItem\",\"position\":2,\"name\":\"Services\",\"item\":\"https:\/\/agrifood.com.au\/services\/\"},{\"@type\":\"ListItem\",\"position\":3,\"name\":\"By Capability\",\"item\":\"https:\/\/agrifood.com.au\/?page_id=811\"},{\"@type\":\"ListItem\",\"position\":4,\"name\":\"FeedTest Services\",\"item\":\"https:\/\/agrifood.com.au\/?page_id=815\"},{\"@type\":\"ListItem\",\"position\":5,\"name\":\"Hay Corer Sales\"}]},{\"@type\":\"WebSite\",\"@id\":\"https:\/\/agrifood.com.au\/#website\",\"url\":\"https:\/\/agrifood.com.au\/\",\"name\":\"Agrifood Technology\",\"description\":\"\",\"publisher\":{\"@id\":\"https:\/\/agrifood.com.au\/#organization\"},\"potentialAction\":[{\"@type\":\"SearchAction\",\"target\":{\"@type\":\"EntryPoint\",\"urlTemplate\":\"https:\/\/agrifood.com.au\/?s={search_term_string}\"},\"query-input\":{\"@type\":\"PropertyValueSpecification\",\"valueRequired\":true,\"valueName\":\"search_term_string\"}}],\"inLanguage\":\"fr-FR\"},{\"@type\":\"Organization\",\"@id\":\"https:\/\/agrifood.com.au\/#organization\",\"name\":\"Agrifood Technology\",\"url\":\"https:\/\/agrifood.com.au\/\",\"logo\":{\"@type\":\"ImageObject\",\"inLanguage\":\"fr-FR\",\"@id\":\"https:\/\/agrifood.com.au\/#\/schema\/logo\/image\/\",\"url\":\"https:\/\/agrifood.com.au\/app\/uploads\/2025\/10\/Agrifood-News-Photo-scaled.png\",\"contentUrl\":\"https:\/\/agrifood.com.au\/app\/uploads\/2025\/10\/Agrifood-News-Photo-scaled.png\",\"width\":2560,\"height\":1580,\"caption\":\"Agrifood Technology\"},\"image\":{\"@id\":\"https:\/\/agrifood.com.au\/#\/schema\/logo\/image\/\"}}]}<\/script>\n<!-- \/ Yoast SEO plugin. -->","yoast_head_json":{"title":"Hay Corer Sales - Agrifood Technology","robots":{"index":"index","follow":"follow","max-snippet":"max-snippet:-1","max-image-preview":"max-image-preview:large","max-video-preview":"max-video-preview:-1"},"canonical":"https:\/\/agrifood.com.au\/fr\/services\/by-capability\/feedtest-services\/hay-corer-sales\/","og_locale":"fr_FR","og_type":"article","og_title":"Hay Corer Sales - Agrifood Technology","og_description":"Do you need a manual Hay Corer or Sharpening of Cutters? Ideal for Hay &amp; Silage Sampling! Stainless Steel tube and cutter, designed to efficiently core hay and sil\u2026","og_url":"https:\/\/agrifood.com.au\/fr\/services\/by-capability\/feedtest-services\/hay-corer-sales\/","og_site_name":"Agrifood Technology","article_modified_time":"2026-02-06T04:39:52+00:00","og_image":[{"width":1105,"height":1835,"url":"https:\/\/agrifood.com.au\/app\/uploads\/2025\/09\/Hay-Corer-scaled-e1763958571480.jpg","type":"image\/jpeg"}],"twitter_card":"summary_large_image","twitter_misc":{"Est. reading time":"1 minute"},"schema":{"@context":"https:\/\/schema.org","@graph":[{"@type":"WebPage","@id":"https:\/\/agrifood.com.au\/services\/by-capability\/feedtest-services\/hay-corer-sales\/","url":"https:\/\/agrifood.com.au\/services\/by-capability\/feedtest-services\/hay-corer-sales\/","name":"Hay Corer Sales - Agrifood Technology","isPartOf":{"@id":"https:\/\/agrifood.com.au\/#website"},"primaryImageOfPage":{"@id":"https:\/\/agrifood.com.au\/services\/by-capability\/feedtest-services\/hay-corer-sales\/#primaryimage"},"image":{"@id":"https:\/\/agrifood.com.au\/services\/by-capability\/feedtest-services\/hay-corer-sales\/#primaryimage"},"thumbnailUrl":"https:\/\/agrifood.com.au\/app\/uploads\/2025\/09\/Hay-Corer-scaled-e1763958571480-617x1024.jpg","datePublished":"2025-09-11T15:09:11+00:00","dateModified":"2026-02-06T04:39:52+00:00","breadcrumb":{"@id":"https:\/\/agrifood.com.au\/services\/by-capability\/feedtest-services\/hay-corer-sales\/#breadcrumb"},"inLanguage":"fr-FR","potentialAction":[{"@type":"ReadAction","target":["https:\/\/agrifood.com.au\/services\/by-capability\/feedtest-services\/hay-corer-sales\/"]}]},{"@type":"ImageObject","inLanguage":"fr-FR","@id":"https:\/\/agrifood.com.au\/services\/by-capability\/feedtest-services\/hay-corer-sales\/#primaryimage","url":"https:\/\/agrifood.com.au\/app\/uploads\/2025\/09\/Hay-Corer-scaled-e1763958571480-617x1024.jpg","contentUrl":"https:\/\/agrifood.com.au\/app\/uploads\/2025\/09\/Hay-Corer-scaled-e1763958571480-617x1024.jpg"},{"@type":"BreadcrumbList","@id":"https:\/\/agrifood.com.au\/services\/by-capability\/feedtest-services\/hay-corer-sales\/#breadcrumb","itemListElement":[{"@type":"ListItem","position":1,"name":"Home","item":"https:\/\/agrifood.com.au\/"},{"@type":"ListItem","position":2,"name":"Services","item":"https:\/\/agrifood.com.au\/services\/"},{"@type":"ListItem","position":3,"name":"By Capability","item":"https:\/\/agrifood.com.au\/?page_id=811"},{"@type":"ListItem","position":4,"name":"FeedTest Services","item":"https:\/\/agrifood.com.au\/?page_id=815"},{"@type":"ListItem","position":5,"name":"Hay Corer Sales"}]},{"@type":"WebSite","@id":"https:\/\/agrifood.com.au\/#website","url":"https:\/\/agrifood.com.au\/","name":"Technologie agroalimentaire","description":"","publisher":{"@id":"https:\/\/agrifood.com.au\/#organization"},"potentialAction":[{"@type":"SearchAction","target":{"@type":"EntryPoint","urlTemplate":"https:\/\/agrifood.com.au\/?s={search_term_string}"},"query-input":{"@type":"PropertyValueSpecification","valueRequired":true,"valueName":"search_term_string"}}],"inLanguage":"fr-FR"},{"@type":"Organization","@id":"https:\/\/agrifood.com.au\/#organization","name":"Technologie agroalimentaire","url":"https:\/\/agrifood.com.au\/","logo":{"@type":"ImageObject","inLanguage":"fr-FR","@id":"https:\/\/agrifood.com.au\/#\/schema\/logo\/image\/","url":"https:\/\/agrifood.com.au\/app\/uploads\/2025\/10\/Agrifood-News-Photo-scaled.png","contentUrl":"https:\/\/agrifood.com.au\/app\/uploads\/2025\/10\/Agrifood-News-Photo-scaled.png","width":2560,"height":1580,"caption":"Agrifood Technology"},"image":{"@id":"https:\/\/agrifood.com.au\/#\/schema\/logo\/image\/"}}]}},"_links":{"self":[{"href":"https:\/\/agrifood.com.au\/fr\/wp-json\/wp\/v2\/pages\/927","targetHints":{"allow":["GET"]}}],"collection":[{"href":"https:\/\/agrifood.com.au\/fr\/wp-json\/wp\/v2\/pages"}],"about":[{"href":"https:\/\/agrifood.com.au\/fr\/wp-json\/wp\/v2\/types\/page"}],"author":[{"embeddable":true,"href":"https:\/\/agrifood.com.au\/fr\/wp-json\/wp\/v2\/users\/1"}],"replies":[{"embeddable":true,"href":"https:\/\/agrifood.com.au\/fr\/wp-json\/wp\/v2\/comments?post=927"}],"version-history":[{"count":43,"href":"https:\/\/agrifood.com.au\/fr\/wp-json\/wp\/v2\/pages\/927\/revisions"}],"predecessor-version":[{"id":3798,"href":"https:\/\/agrifood.com.au\/fr\/wp-json\/wp\/v2\/pages\/927\/revisions\/3798"}],"up":[{"embeddable":true,"href":"https:\/\/agrifood.com.au\/fr\/wp-json\/wp\/v2\/pages\/815"}],"wp:attachment":[{"href":"https:\/\/agrifood.com.au\/fr\/wp-json\/wp\/v2\/media?parent=927"}],"curies":[{"name":"wp","href":"https:\/\/api.w.org\/{rel}","templated":true}]}}