{"id":938,"date":"2025-09-11T15:10:50","date_gmt":"2025-09-11T15:10:50","guid":{"rendered":"https:\/\/agrifood.swim.net.au\/?page_id=938"},"modified":"2025-09-19T05:52:51","modified_gmt":"2025-09-19T05:52:51","slug":"mycotoxin-testing","status":"publish","type":"page","link":"https:\/\/agrifood.com.au\/fr\/services\/by-capability\/by-specialty\/mycotoxin-testing\/","title":{"rendered":"Analyse des mycotoxines"},"content":{"rendered":"<div class=\"wp-block-group is-style-boxed is-layout-constrained wp-block-group-is-layout-constrained\">\n<div class=\"wp-block-columns is-layout-flex wp-container-core-columns-is-layout-9d6595d7 wp-block-columns-is-layout-flex\">\n<div class=\"wp-block-column is-layout-flow wp-block-column-is-layout-flow\">\n<p>Les mycotoxines sont des substances chimiques produites par la croissance de moisissures et de champignons sur les cultures agricoles et une vari\u00e9t\u00e9 de produits alimentaires et d'aliments pour animaux, en raison de mauvaises conditions de r\u00e9colte et\/ou d'un stockage inad\u00e9quat. Leur pr\u00e9sence constitue une menace s\u00e9rieuse pour la sant\u00e9 des consommateurs. Les mycotoxines sont chimiquement stables et peuvent survivre \u00e0 la transformation et au stockage des aliments, ce qui en fait un probl\u00e8me persistant.<\/p>\n<\/div>\n\n\n\n<div class=\"wp-block-column is-layout-flow wp-block-column-is-layout-flow\">\n<figure class=\"wp-block-image size-large\"><img loading=\"lazy\" decoding=\"async\" width=\"1024\" height=\"682\" src=\"https:\/\/agrifood.com.au\/app\/uploads\/2025\/09\/Picture-3-1024x682.jpg\" alt=\"\" class=\"wp-image-1040\" srcset=\"https:\/\/agrifood.com.au\/app\/uploads\/2025\/09\/Picture-3-1024x682.jpg 1024w, https:\/\/agrifood.com.au\/app\/uploads\/2025\/09\/Picture-3-300x200.jpg 300w, https:\/\/agrifood.com.au\/app\/uploads\/2025\/09\/Picture-3-768x512.jpg 768w, https:\/\/agrifood.com.au\/app\/uploads\/2025\/09\/Picture-3-18x12.jpg 18w, https:\/\/agrifood.com.au\/app\/uploads\/2025\/09\/Picture-3.jpg 1274w\" sizes=\"auto, (max-width: 1024px) 100vw, 1024px\" \/><\/figure>\n<\/div>\n<\/div>\n<\/div>\n\n\n\n<div class=\"wp-block-group is-style-boxed-narrow is-layout-constrained wp-block-group-is-layout-constrained\">\n<p>Le service d'analyse des mycotoxines d'Agrifood Technology pour les industries des c\u00e9r\u00e9ales, de l'alimentation humaine, de l'alimentation animale et des semences garantit que vos produits pr\u00e9sentent un risque minimal pour la sant\u00e9.<\/p>\n\n\n\n<p>&nbsp;Le portefeuille de tests de mycotoxines d'Agrifood Technology comprend l'analyse de la pr\u00e9sence de.. :<\/p>\n\n\n\n<ul class=\"wp-block-list\">\n<li>Aflatoxine (B1, B2, G1, G2 et totale)<\/li>\n\n\n\n<li>D\u00e9soxynival\u00e9nol<\/li>\n\n\n\n<li>Fumonisine (B1 et B2)<\/li>\n\n\n\n<li>HT2<\/li>\n\n\n\n<li>Nival\u00e9nol<\/li>\n\n\n\n<li>Ochratoxine<\/li>\n\n\n\n<li>T2<\/li>\n\n\n\n<li>Vomitoxine<\/li>\n\n\n\n<li>Z\u00e9aral\u00e9none<\/li>\n\n\n\n<li>Patuline<\/li>\n\n\n\n<li>Phomopsine<\/li>\n<\/ul>\n<\/div>\n\n\n\n<div class=\"wp-block-group is-style-boxed is-layout-constrained wp-block-group-is-layout-constrained\">\n<div class=\"wp-block-columns is-layout-flex wp-container-core-columns-is-layout-9d6595d7 wp-block-columns-is-layout-flex\">\n<div class=\"wp-block-column is-layout-flow wp-block-column-is-layout-flow\">\n<div class=\"wp-block-buttons is-layout-flex wp-block-buttons-is-layout-flex\">\n<div class=\"wp-block-button has-custom-width wp-block-button__width-25 is-style-gray-buttons\"><a class=\"wp-block-button__link wp-element-button\" href=\"\/fr\/services\/by-capability\/agrifood-services\/microbiology-testing\/\">Micro-tests<\/a><\/div>\n\n\n\n<div class=\"wp-block-button has-custom-width wp-block-button__width-25 is-style-gray-buttons\"><a class=\"wp-block-button__link wp-element-button\" href=\"\/fr\/services\/by-capability\/agrifood-services\/food-safety\/\">S\u00e9curit\u00e9 alimentaire<\/a><\/div>\n\n\n\n<div class=\"wp-block-button has-custom-width wp-block-button__width-25 is-style-gray-buttons\"><a class=\"wp-block-button__link wp-element-button\" href=\"\/fr\/services\/by-capability\/agrifood-services\/food-safety\/pesticide-testing\/\">Pesticides<\/a><\/div>\n<\/div>\n<\/div>\n<\/div>\n<\/div>","protected":false},"excerpt":{"rendered":"<p>Mycotoxins are chemicals produced by the growth of moulds and fungi on agricultural crops and a variety of food and livestock feed products, due to poor harvesting con\u2026<\/p>","protected":false},"author":1,"featured_media":0,"parent":817,"menu_order":0,"comment_status":"closed","ping_status":"closed","template":"","meta":{"_acf_changed":false,"footnotes":""},"class_list":["post-938","page","type-page","status-publish","hentry"],"acf":[],"yoast_head":"<!-- This site is optimized with the Yoast SEO plugin v27.0 - https:\/\/yoast.com\/product\/yoast-seo-wordpress\/ -->\n<title>Mycotoxin Analysis - Agrifood Technology<\/title>\n<meta name=\"robots\" content=\"index, follow, max-snippet:-1, max-image-preview:large, max-video-preview:-1\" \/>\n<link rel=\"canonical\" href=\"https:\/\/agrifood.com.au\/fr\/services\/by-capability\/by-specialty\/mycotoxin-testing\/\" \/>\n<meta property=\"og:locale\" content=\"fr_FR\" \/>\n<meta property=\"og:type\" content=\"article\" \/>\n<meta property=\"og:title\" content=\"Mycotoxin Analysis - Agrifood Technology\" \/>\n<meta property=\"og:description\" content=\"Mycotoxins are chemicals produced by the growth of moulds and fungi on agricultural crops and a variety of food and livestock feed products, due to poor harvesting con\u2026\" \/>\n<meta property=\"og:url\" content=\"https:\/\/agrifood.com.au\/fr\/services\/by-capability\/by-specialty\/mycotoxin-testing\/\" \/>\n<meta property=\"og:site_name\" content=\"Agrifood Technology\" \/>\n<meta property=\"article:modified_time\" content=\"2025-09-19T05:52:51+00:00\" \/>\n<meta property=\"og:image\" content=\"https:\/\/agrifood.com.au\/app\/uploads\/2025\/09\/Picture-3.jpg\" \/>\n\t<meta property=\"og:image:width\" content=\"1274\" \/>\n\t<meta property=\"og:image:height\" content=\"849\" \/>\n\t<meta property=\"og:image:type\" content=\"image\/jpeg\" \/>\n<meta name=\"twitter:card\" content=\"summary_large_image\" \/>\n<meta name=\"twitter:label1\" content=\"Est. reading time\" \/>\n\t<meta name=\"twitter:data1\" content=\"1 minute\" \/>\n<script type=\"application\/ld+json\" class=\"yoast-schema-graph\">{\"@context\":\"https:\/\/schema.org\",\"@graph\":[{\"@type\":\"WebPage\",\"@id\":\"https:\/\/agrifood.com.au\/services\/by-capability\/by-specialty\/mycotoxin-testing\/\",\"url\":\"https:\/\/agrifood.com.au\/services\/by-capability\/by-specialty\/mycotoxin-testing\/\",\"name\":\"Mycotoxin Analysis - Agrifood Technology\",\"isPartOf\":{\"@id\":\"https:\/\/agrifood.com.au\/#website\"},\"primaryImageOfPage\":{\"@id\":\"https:\/\/agrifood.com.au\/services\/by-capability\/by-specialty\/mycotoxin-testing\/#primaryimage\"},\"image\":{\"@id\":\"https:\/\/agrifood.com.au\/services\/by-capability\/by-specialty\/mycotoxin-testing\/#primaryimage\"},\"thumbnailUrl\":\"https:\/\/agrifood.com.au\/app\/uploads\/2025\/09\/Picture-3-1024x682.jpg\",\"datePublished\":\"2025-09-11T15:10:50+00:00\",\"dateModified\":\"2025-09-19T05:52:51+00:00\",\"breadcrumb\":{\"@id\":\"https:\/\/agrifood.com.au\/services\/by-capability\/by-specialty\/mycotoxin-testing\/#breadcrumb\"},\"inLanguage\":\"fr-FR\",\"potentialAction\":[{\"@type\":\"ReadAction\",\"target\":[\"https:\/\/agrifood.com.au\/services\/by-capability\/by-specialty\/mycotoxin-testing\/\"]}]},{\"@type\":\"ImageObject\",\"inLanguage\":\"fr-FR\",\"@id\":\"https:\/\/agrifood.com.au\/services\/by-capability\/by-specialty\/mycotoxin-testing\/#primaryimage\",\"url\":\"https:\/\/agrifood.com.au\/app\/uploads\/2025\/09\/Picture-3-1024x682.jpg\",\"contentUrl\":\"https:\/\/agrifood.com.au\/app\/uploads\/2025\/09\/Picture-3-1024x682.jpg\"},{\"@type\":\"BreadcrumbList\",\"@id\":\"https:\/\/agrifood.com.au\/services\/by-capability\/by-specialty\/mycotoxin-testing\/#breadcrumb\",\"itemListElement\":[{\"@type\":\"ListItem\",\"position\":1,\"name\":\"Home\",\"item\":\"https:\/\/agrifood.com.au\/\"},{\"@type\":\"ListItem\",\"position\":2,\"name\":\"Services\",\"item\":\"https:\/\/agrifood.com.au\/services\/\"},{\"@type\":\"ListItem\",\"position\":3,\"name\":\"By Capability\",\"item\":\"https:\/\/agrifood.com.au\/?page_id=811\"},{\"@type\":\"ListItem\",\"position\":4,\"name\":\"By Specialty\",\"item\":\"https:\/\/agrifood.com.au\/?page_id=817\"},{\"@type\":\"ListItem\",\"position\":5,\"name\":\"Mycotoxin Analysis\"}]},{\"@type\":\"WebSite\",\"@id\":\"https:\/\/agrifood.com.au\/#website\",\"url\":\"https:\/\/agrifood.com.au\/\",\"name\":\"Agrifood Technology\",\"description\":\"\",\"publisher\":{\"@id\":\"https:\/\/agrifood.com.au\/#organization\"},\"potentialAction\":[{\"@type\":\"SearchAction\",\"target\":{\"@type\":\"EntryPoint\",\"urlTemplate\":\"https:\/\/agrifood.com.au\/?s={search_term_string}\"},\"query-input\":{\"@type\":\"PropertyValueSpecification\",\"valueRequired\":true,\"valueName\":\"search_term_string\"}}],\"inLanguage\":\"fr-FR\"},{\"@type\":\"Organization\",\"@id\":\"https:\/\/agrifood.com.au\/#organization\",\"name\":\"Agrifood Technology\",\"url\":\"https:\/\/agrifood.com.au\/\",\"logo\":{\"@type\":\"ImageObject\",\"inLanguage\":\"fr-FR\",\"@id\":\"https:\/\/agrifood.com.au\/#\/schema\/logo\/image\/\",\"url\":\"https:\/\/agrifood.com.au\/app\/uploads\/2025\/10\/Agrifood-News-Photo-scaled.png\",\"contentUrl\":\"https:\/\/agrifood.com.au\/app\/uploads\/2025\/10\/Agrifood-News-Photo-scaled.png\",\"width\":2560,\"height\":1580,\"caption\":\"Agrifood Technology\"},\"image\":{\"@id\":\"https:\/\/agrifood.com.au\/#\/schema\/logo\/image\/\"}}]}<\/script>\n<!-- \/ Yoast SEO plugin. -->","yoast_head_json":{"title":"Mycotoxin Analysis - Agrifood Technology","robots":{"index":"index","follow":"follow","max-snippet":"max-snippet:-1","max-image-preview":"max-image-preview:large","max-video-preview":"max-video-preview:-1"},"canonical":"https:\/\/agrifood.com.au\/fr\/services\/by-capability\/by-specialty\/mycotoxin-testing\/","og_locale":"fr_FR","og_type":"article","og_title":"Mycotoxin Analysis - Agrifood Technology","og_description":"Mycotoxins are chemicals produced by the growth of moulds and fungi on agricultural crops and a variety of food and livestock feed products, due to poor harvesting con\u2026","og_url":"https:\/\/agrifood.com.au\/fr\/services\/by-capability\/by-specialty\/mycotoxin-testing\/","og_site_name":"Agrifood Technology","article_modified_time":"2025-09-19T05:52:51+00:00","og_image":[{"width":1274,"height":849,"url":"https:\/\/agrifood.com.au\/app\/uploads\/2025\/09\/Picture-3.jpg","type":"image\/jpeg"}],"twitter_card":"summary_large_image","twitter_misc":{"Est. reading time":"1 minute"},"schema":{"@context":"https:\/\/schema.org","@graph":[{"@type":"WebPage","@id":"https:\/\/agrifood.com.au\/services\/by-capability\/by-specialty\/mycotoxin-testing\/","url":"https:\/\/agrifood.com.au\/services\/by-capability\/by-specialty\/mycotoxin-testing\/","name":"Mycotoxin Analysis - Agrifood Technology","isPartOf":{"@id":"https:\/\/agrifood.com.au\/#website"},"primaryImageOfPage":{"@id":"https:\/\/agrifood.com.au\/services\/by-capability\/by-specialty\/mycotoxin-testing\/#primaryimage"},"image":{"@id":"https:\/\/agrifood.com.au\/services\/by-capability\/by-specialty\/mycotoxin-testing\/#primaryimage"},"thumbnailUrl":"https:\/\/agrifood.com.au\/app\/uploads\/2025\/09\/Picture-3-1024x682.jpg","datePublished":"2025-09-11T15:10:50+00:00","dateModified":"2025-09-19T05:52:51+00:00","breadcrumb":{"@id":"https:\/\/agrifood.com.au\/services\/by-capability\/by-specialty\/mycotoxin-testing\/#breadcrumb"},"inLanguage":"fr-FR","potentialAction":[{"@type":"ReadAction","target":["https:\/\/agrifood.com.au\/services\/by-capability\/by-specialty\/mycotoxin-testing\/"]}]},{"@type":"ImageObject","inLanguage":"fr-FR","@id":"https:\/\/agrifood.com.au\/services\/by-capability\/by-specialty\/mycotoxin-testing\/#primaryimage","url":"https:\/\/agrifood.com.au\/app\/uploads\/2025\/09\/Picture-3-1024x682.jpg","contentUrl":"https:\/\/agrifood.com.au\/app\/uploads\/2025\/09\/Picture-3-1024x682.jpg"},{"@type":"BreadcrumbList","@id":"https:\/\/agrifood.com.au\/services\/by-capability\/by-specialty\/mycotoxin-testing\/#breadcrumb","itemListElement":[{"@type":"ListItem","position":1,"name":"Home","item":"https:\/\/agrifood.com.au\/"},{"@type":"ListItem","position":2,"name":"Services","item":"https:\/\/agrifood.com.au\/services\/"},{"@type":"ListItem","position":3,"name":"By Capability","item":"https:\/\/agrifood.com.au\/?page_id=811"},{"@type":"ListItem","position":4,"name":"By Specialty","item":"https:\/\/agrifood.com.au\/?page_id=817"},{"@type":"ListItem","position":5,"name":"Mycotoxin Analysis"}]},{"@type":"WebSite","@id":"https:\/\/agrifood.com.au\/#website","url":"https:\/\/agrifood.com.au\/","name":"Technologie agroalimentaire","description":"","publisher":{"@id":"https:\/\/agrifood.com.au\/#organization"},"potentialAction":[{"@type":"SearchAction","target":{"@type":"EntryPoint","urlTemplate":"https:\/\/agrifood.com.au\/?s={search_term_string}"},"query-input":{"@type":"PropertyValueSpecification","valueRequired":true,"valueName":"search_term_string"}}],"inLanguage":"fr-FR"},{"@type":"Organization","@id":"https:\/\/agrifood.com.au\/#organization","name":"Technologie agroalimentaire","url":"https:\/\/agrifood.com.au\/","logo":{"@type":"ImageObject","inLanguage":"fr-FR","@id":"https:\/\/agrifood.com.au\/#\/schema\/logo\/image\/","url":"https:\/\/agrifood.com.au\/app\/uploads\/2025\/10\/Agrifood-News-Photo-scaled.png","contentUrl":"https:\/\/agrifood.com.au\/app\/uploads\/2025\/10\/Agrifood-News-Photo-scaled.png","width":2560,"height":1580,"caption":"Agrifood Technology"},"image":{"@id":"https:\/\/agrifood.com.au\/#\/schema\/logo\/image\/"}}]}},"_links":{"self":[{"href":"https:\/\/agrifood.com.au\/fr\/wp-json\/wp\/v2\/pages\/938","targetHints":{"allow":["GET"]}}],"collection":[{"href":"https:\/\/agrifood.com.au\/fr\/wp-json\/wp\/v2\/pages"}],"about":[{"href":"https:\/\/agrifood.com.au\/fr\/wp-json\/wp\/v2\/types\/page"}],"author":[{"embeddable":true,"href":"https:\/\/agrifood.com.au\/fr\/wp-json\/wp\/v2\/users\/1"}],"replies":[{"embeddable":true,"href":"https:\/\/agrifood.com.au\/fr\/wp-json\/wp\/v2\/comments?post=938"}],"version-history":[{"count":3,"href":"https:\/\/agrifood.com.au\/fr\/wp-json\/wp\/v2\/pages\/938\/revisions"}],"predecessor-version":[{"id":1042,"href":"https:\/\/agrifood.com.au\/fr\/wp-json\/wp\/v2\/pages\/938\/revisions\/1042"}],"up":[{"embeddable":true,"href":"https:\/\/agrifood.com.au\/fr\/wp-json\/wp\/v2\/pages\/817"}],"wp:attachment":[{"href":"https:\/\/agrifood.com.au\/fr\/wp-json\/wp\/v2\/media?parent=938"}],"curies":[{"name":"wp","href":"https:\/\/api.w.org\/{rel}","templated":true}]}}