{"id":1549,"date":"2025-09-24T05:33:26","date_gmt":"2025-09-24T05:33:26","guid":{"rendered":"https:\/\/agrifood.swim.net.au\/?page_id=1549"},"modified":"2025-11-19T13:49:39","modified_gmt":"2025-11-19T13:49:39","slug":"experts-in-feed-testing","status":"publish","type":"page","link":"https:\/\/agrifood.com.au\/it\/feedtest\/experts-in-feed-testing\/","title":{"rendered":"Esperti in analisi dei mangimi"},"content":{"rendered":"<div class=\"wp-block-group is-style-boxed resources-group is-layout-constrained wp-block-group-is-layout-constrained\">\n<div class=\"wp-block-columns is-style-mobile-reverse is-layout-flex wp-container-core-columns-is-layout-9d6595d7 wp-block-columns-is-layout-flex\">\n<div class=\"wp-block-column is-vertically-aligned-center is-layout-flow wp-block-column-is-layout-flow\">\n<h2 class=\"wp-block-heading\">Perch\u00e9 FeedTest?<\/h2>\n\n\n\n<p>\u00c8 una domanda con cui ci confrontiamo spesso noi di FeedTest. Ci sono molte ragioni per cui testare l'alimentazione del bestiame pu\u00f2 essere di grande utilit\u00e0.<\/p>\n\n\n\n<p>FeedTest consente di sviluppare strategie di alimentazione economiche.<\/p>\n\n\n\n<p>Il fieno, l'insilato e le granaglie sono utilizzati principalmente nelle aziende zootecniche su larga scala come integratori per raggiungere un determinato risultato. Tale risultato pu\u00f2 essere la minimizzazione della perdita di peso, il mantenimento del peso, l'aumento di peso, il mantenimento o il miglioramento della produzione di latte, ecc. Senza una certa conoscenza della qualit\u00e0 del mangime, la capacit\u00e0 del produttore di prevedere il risultato \u00e8 fortemente limitata e la valutazione del successo o del fallimento \u00e8 limitata al \u2018dopo evento\u2019, quando \u00e8 troppo tardi.<\/p>\n<\/div>\n\n\n\n<div class=\"wp-block-column is-layout-flow wp-block-column-is-layout-flow\">\n<figure class=\"wp-block-image size-full\"><img loading=\"lazy\" decoding=\"async\" width=\"540\" height=\"360\" src=\"https:\/\/agrifood.com.au\/app\/uploads\/2025\/11\/hay-bale.jpg\" alt=\"\" class=\"wp-image-2114\" srcset=\"https:\/\/agrifood.com.au\/app\/uploads\/2025\/11\/hay-bale.jpg 540w, https:\/\/agrifood.com.au\/app\/uploads\/2025\/11\/hay-bale-300x200.jpg 300w, https:\/\/agrifood.com.au\/app\/uploads\/2025\/11\/hay-bale-18x12.jpg 18w\" sizes=\"auto, (max-width: 540px) 100vw, 540px\" \/><\/figure>\n<\/div>\n<\/div>\n\n\n\n<h2 class=\"wp-block-heading\">Alcuni esempi:<\/h2>\n\n\n\n<p>1. Nel nostro database vediamo una gamma di energia nell'avena compresa tra 8,8 MJ e 15,1 MJ. Se assumiamo una percentuale di proteine pari a 10, possiamo confrontare le prestazioni di due campioni di avena di 9,5 ME e 12 ME in agnelli in crescita. Se l'avena costituisce la parte principale della dieta, la differenza di crescita tra i due tipi di avena \u00e8 rispettivamente di 60 gms\/hd\/giorno e 112 gms\/hd\/giorno.<\/p>\n\n\n\n<p>Se riconosciamo che l'avena \u00e8 carente di proteine per questo scopo e possiamo aumentare le proteine a 16% e mantenere la ME a 12, il tasso di crescita salir\u00e0 a 225 gms\/hd\/giorno.<\/p>\n\n\n\n<p>Siete disposti a pagare lo stesso prezzo per i due tipi di avena?<\/p>\n\n\n\n<p>2. Se somministriamo insilati ai manzi da carne e consideriamo la gamma di qualit\u00e0 del nostro database (proteine 5% - 25% e ME di 7,2 - 11,2MJ) e selezioniamo 10% e 16% come test proteici rappresentativi e 9,5 e 10,5MJ di energia, otteniamo una storia simile.<\/p>\n\n\n\n<figure class=\"wp-block-table\"><table class=\"has-fixed-layout\"><tbody><tr><td><strong>Proteina (%)<\/strong><\/td><td><strong>ME (Mjoule\/kgDM)<\/strong><\/td><td><strong>Tasso di crescita (gms\/hd\/giorno)<\/strong><\/td><\/tr><tr><td>10<\/td><td>9.5<\/td><td>0.27<\/td><\/tr><tr><td>10<\/td><td>10.5<\/td><td>0.42<\/td><\/tr><tr><td>16<\/td><td>9.5<\/td><td>0.38<\/td><\/tr><tr><td>16<\/td><td>10.5<\/td><td>0.76<\/td><\/tr><\/tbody><\/table><\/figure>\n\n\n\n<p>Il livello di produzione quasi raddoppia con un aumento di un'unit\u00e0 di energia a parit\u00e0 di livello proteico. Il livello proteico ed energetico dell'insilato ci dice molto sulla gestione dell'insilato sia prima che dopo la raccolta.<\/p>\n\n\n\n<p>3. Se consideriamo le vacche da latte alimentate con lo stesso insilato di cui sopra come unica razione, i confronti sono simili.<\/p>\n\n\n\n<figure class=\"wp-block-table\"><table class=\"has-fixed-layout\"><tbody><tr><td><strong>Proteina (%)<\/strong><\/td><td><strong>ME (Mjoule\/kgDM)<\/strong><\/td><td><strong>Tasso di crescita (kg\/giorno)<\/strong><\/td><td><strong>Produzione di latte (kg\/giorno)<\/strong><\/td><\/tr><tr><td>10<\/td><td>9.5<\/td><td>-1.8<\/td><td>16.7<\/td><\/tr><tr><td>10<\/td><td>10.5<\/td><td>-1.52<\/td><td>18<\/td><\/tr><tr><td>16<\/td><td>9.5<\/td><td>-2.07<\/td><td>21.9<\/td><\/tr><tr><td>16<\/td><td>10.5<\/td><td>-1.77<\/td><td>22.7<\/td><\/tr><\/tbody><\/table><\/figure>\n\n\n\n<p>Queste cifre dimostrano quanto sia importante conoscere il valore alimentare di cereali, fieno o insilati. Questo vale sia che si acquisti il prodotto sia che lo si coltivi da soli.&nbsp;<\/p>\n\n\n\n<p>4. Una valutazione oggettiva della qualit\u00e0 dei mangimi. Tradizionalmente le persone usavano i loro metodi soggettivi per valutare la qualit\u00e0 dei mangimi. Quante volte avete visto un allevatore annusare o assaggiare il fieno o commentare il suo colore per poi dichiararlo buono o cattivo?<\/p>\n\n\n\n<p>Allo stesso modo, spesso si ritiene che il grano pizzicato sia di bassa qualit\u00e0 solo in base all'aspetto. &nbsp;<\/p>\n\n\n\n<p>La verit\u00e0 \u00e8 che questi metodi sono inaffidabili. FeedTest ha spesso condotto test in occasione di giornate sul campo in cui si chiedeva ai clienti di giudicare la balla di fieno di migliore qualit\u00e0 in base all'aspetto. La maggior parte sbaglia e rimane sorpresa dai risultati.<\/p>\n\n\n\n<p>Utilizziamo la pi\u00f9 recente tecnologia NIR per analizzare rapidamente e con precisione il vostro campione.<\/p>\n\n\n\n<p>5. Una base realistica per la determinazione dei prezzi dei mangimi. I risultati della qualit\u00e0 hanno permesso di basare il commercio dei mangimi su prezzi predeterminati stabiliti per le proteine o le energie di determinati livelli. Conoscere il valore energetico pu\u00f2 migliorare la commercializzazione del prodotto e, di conseguenza, ottenere prezzi pi\u00f9 elevati.<\/p>\n\n\n\n<p>Se siete acquirenti, volete il miglior rapporto qualit\u00e0-prezzo in termini di contenuto proteico ed energetico. Perch\u00e9 pagare un prezzo elevato per un mangime che potrebbe avere uno scarso valore nutrizionale?.<\/p>\n\n\n\n<figure class=\"wp-block-image aligncenter size-full\"><img loading=\"lazy\" decoding=\"async\" width=\"2560\" height=\"1515\" src=\"https:\/\/agrifood.com.au\/app\/uploads\/2025\/11\/Wheat-Header-scaled.jpg\" alt=\"\" class=\"wp-image-2370\" srcset=\"https:\/\/agrifood.com.au\/app\/uploads\/2025\/11\/Wheat-Header-scaled.jpg 2560w, https:\/\/agrifood.com.au\/app\/uploads\/2025\/11\/Wheat-Header-300x178.jpg 300w, https:\/\/agrifood.com.au\/app\/uploads\/2025\/11\/Wheat-Header-1024x606.jpg 1024w, https:\/\/agrifood.com.au\/app\/uploads\/2025\/11\/Wheat-Header-768x455.jpg 768w, https:\/\/agrifood.com.au\/app\/uploads\/2025\/11\/Wheat-Header-1536x909.jpg 1536w, https:\/\/agrifood.com.au\/app\/uploads\/2025\/11\/Wheat-Header-2048x1212.jpg 2048w, https:\/\/agrifood.com.au\/app\/uploads\/2025\/11\/Wheat-Header-18x12.jpg 18w\" sizes=\"auto, (max-width: 2560px) 100vw, 2560px\" \/><\/figure>\n\n\n\n<h2 class=\"wp-block-heading\">Medie stagionali<\/h2>\n\n\n\n<p>Le tabelle seguenti mostrano la media e l'intervallo delle misure di qualit\u00e0 per il fieno di pascolo, il fieno di cereali, il fieno di colza, il fieno di legumi, l'insilato e la granella di cereali nelle ultime otto stagioni.<\/p>\n\n\n\n<div class=\"resource-sort-filter\"><label for=\"resource-sort-information_sheet\" style=\"margin-right: 10px;\">Ordina per:<\/label><select id=\"resource-sort-information_sheet\" class=\"resource-sort-select\" \n            data-container=\"resource-container-information_sheet\"><option value=\"date_desc\" selected>Data (prima la pi\u00f9 recente)<\/option><option value=\"date_asc\">Data (prima il pi\u00f9 vecchio)<\/option><option value=\"title_asc\">Titolo (A-Z)<\/option><option value=\"title_desc\">Titolo (Z-A)<\/option><\/select><\/div><div class=\"resource-container resource-container-information_sheet\"\n            data-posttype=\"information_sheet\"\n            data-orderby=\"date\"\n            data-order=\"DESC\"\n            data-tax=\"\"\n            data-terms=\"\"\n            data-total=\"36\"\n            data-perpage=\"8\"><div class=\"resource-item\"><h3 class=\"resource-title\">AVERAGES &#8211; Hays 2024\/25<\/h3><a href=\"https:\/\/agrifood.com.au\/it\/app\/uploads\/2025\/09\/Season-Averages-Hays_2024-25-1.pdf\/\" class=\"resource-dbtn\" target=\"_blank\" rel=\"noopener\">VISTA<\/a><\/div><div class=\"resource-item\"><h3 class=\"resource-title\">AVERAGES &#8211; Concentrates 2024\/25<\/h3><a href=\"https:\/\/agrifood.com.au\/it\/app\/uploads\/2025\/09\/Season-Averages-Concentrates-2024-25.pdf\/\" class=\"resource-dbtn\" target=\"_blank\" rel=\"noopener\">VISTA<\/a><\/div><div class=\"resource-item\"><h3 class=\"resource-title\">AVERAGES &#8211; Silage 2024\/25<\/h3><a href=\"https:\/\/agrifood.com.au\/it\/app\/uploads\/2025\/09\/Season-Averages-Silages-2024-25.pdf\/\" class=\"resource-dbtn\" target=\"_blank\" rel=\"noopener\">VISTA<\/a><\/div><div class=\"resource-item\"><h3 class=\"resource-title\">AVERAGES &#8211; Hays 2023\/24<\/h3><a href=\"https:\/\/agrifood.com.au\/it\/app\/uploads\/2025\/09\/Hays_2023-24_a.pdf\/\" class=\"resource-dbtn\" target=\"_blank\" rel=\"noopener\">VISTA<\/a><\/div><div class=\"resource-item\"><h3 class=\"resource-title\">AVERAGES &#8211; Concentrates 2023\/24<\/h3><a href=\"https:\/\/agrifood.com.au\/it\/app\/uploads\/2025\/09\/Concentrates-2023-24.pdf\/\" class=\"resource-dbtn\" target=\"_blank\" rel=\"noopener\">VISTA<\/a><\/div><div class=\"resource-item\"><h3 class=\"resource-title\">AVERAGES &#8211; Silage &#038; Fodder Beet 2023\/24<\/h3><a href=\"https:\/\/agrifood.com.au\/it\/app\/uploads\/2025\/09\/Silages-Fodder-Beet-2023-24.pdf\/\" class=\"resource-dbtn\" target=\"_blank\" rel=\"noopener\">VISTA<\/a><\/div><div class=\"resource-item\"><h3 class=\"resource-title\">AVERAGES &#8211; Hays 2023<\/h3><a href=\"https:\/\/agrifood.com.au\/it\/app\/uploads\/2025\/09\/Hays-2023-PEAK-dec-2023.pdf\/\" class=\"resource-dbtn\" target=\"_blank\" rel=\"noopener\">VISTA<\/a><\/div><div class=\"resource-item\"><h3 class=\"resource-title\">AVERAGES &#8211; Hays 2022\/23<\/h3><a href=\"https:\/\/agrifood.com.au\/it\/app\/uploads\/2025\/09\/Hays-2022-23.pdf\/\" class=\"resource-dbtn\" target=\"_blank\" rel=\"noopener\">VISTA<\/a><\/div><\/div><button class=\"resource-loadmore\" data-page=\"1\">Per saperne di pi\u00f9<\/button>\n\n\n\n<p>Nota bene: queste informazioni sono prodotte utilizzando i dati dei registri FeedTest, derivati dai campioni inviati dai clienti. FeedTest produce queste tabelle per informazione dei clienti, al solo scopo di dimostrare la gamma di qualit\u00e0 che pu\u00f2 verificarsi per un determinato tipo di mangime.<\/p>\n\n\n\n<h2 class=\"wp-block-heading\">Sistema di classificazione AFIA<\/h2>\n\n\n\n<p>L'AFIA, in collaborazione con l'AQIS, lavora insieme per migliorare i requisiti e i regolamenti relativi al commercio interno e all'esportazione. Dalla sua costituzione, l'AFIA ha ottenuto risultati come l'adozione di classi nazionali di fieno (riconosciute dalla National Agricultural Commodity Marketing Association NACMA), metodi comuni di analisi della qualit\u00e0, rappresentanza del settore, adozione di moduli di dichiarazione del fornitore e comunicazione con il settore.<\/p>\n\n\n\n<p>Con la necessit\u00e0 di allineare la qualit\u00e0 dei mangimi alla qualit\u00e0 del bestiame e della produzione di latte, l'AFIA ha avviato l'uso di moduli di dichiarazione dei fornitori. Questi moduli sono disponibili gratuitamente per i membri e forniscono uno strumento prezioso ai consumatori, documentando la qualit\u00e0 del prodotto fornito. Questo \u00e8 uno degli strumenti che l'AFIA fornisce per aumentare la fiducia nei prodotti foraggeri.<\/p>\n\n\n\n<blockquote class=\"wp-block-quote is-layout-flow wp-block-quote-is-layout-flow\">\n<p><em>L'esigenza di una descrizione, di un linguaggio o di un sistema di classificazione comune dei foraggi \u00e8 stata lanciata dall'AFIA.<\/em><\/p>\n<\/blockquote>\n\n\n\n<p>I gradi si riferiscono alla qualit\u00e0 del foraggio (fieno e insilato) e alle prestazioni del bestiame e si basano su misurazioni oggettive. Consentono all'acquirente e al venditore di riconoscere immediatamente la qualit\u00e0 attraverso un semplice codice alfanumerico. Il grado pu\u00f2 comparire sui rapporti di analisi del foraggio e sui moduli di dichiarazione del venditore.<\/p>\n\n\n\n<div class=\"wp-block-group is-nowrap is-layout-flex wp-container-core-group-is-layout-ad2f72ca wp-block-group-is-layout-flex\">\n<figure class=\"wp-block-image size-full\"><img loading=\"lazy\" decoding=\"async\" width=\"862\" height=\"525\" src=\"https:\/\/agrifood.com.au\/app\/uploads\/2025\/09\/Table-1.jpg\" alt=\"\" class=\"wp-image-1561\" srcset=\"https:\/\/agrifood.com.au\/app\/uploads\/2025\/09\/Table-1.jpg 862w, https:\/\/agrifood.com.au\/app\/uploads\/2025\/09\/Table-1-300x183.jpg 300w, https:\/\/agrifood.com.au\/app\/uploads\/2025\/09\/Table-1-768x468.jpg 768w, https:\/\/agrifood.com.au\/app\/uploads\/2025\/09\/Table-1-18x12.jpg 18w\" sizes=\"auto, (max-width: 862px) 100vw, 862px\" \/><\/figure>\n\n\n\n<figure class=\"wp-block-image size-full\"><img loading=\"lazy\" decoding=\"async\" width=\"863\" height=\"526\" src=\"https:\/\/agrifood.com.au\/app\/uploads\/2025\/09\/Table-2.jpg\" alt=\"\" class=\"wp-image-1562\" srcset=\"https:\/\/agrifood.com.au\/app\/uploads\/2025\/09\/Table-2.jpg 863w, https:\/\/agrifood.com.au\/app\/uploads\/2025\/09\/Table-2-300x183.jpg 300w, https:\/\/agrifood.com.au\/app\/uploads\/2025\/09\/Table-2-768x468.jpg 768w, https:\/\/agrifood.com.au\/app\/uploads\/2025\/09\/Table-2-18x12.jpg 18w\" sizes=\"auto, (max-width: 863px) 100vw, 863px\" \/><\/figure>\n<\/div>\n\n\n\n<p class=\"has-sm-font-size\"><strong>ME (MJ\/kg DM)<\/strong>&nbsp;Megajoule di energia metabolizzabile per chilogrammo di DM<br><strong>DMD (%)<\/strong>&nbsp;Digeribilit\u00e0 della sostanza secca<br><strong>CP (% di DM)<\/strong>&nbsp;Proteina grezza, % di DM<br><strong>DM<\/strong>&nbsp;Materia secca<\/p>\n\n\n\n<p>Sono stati adottati due sistemi di classificazione distinti, come illustrato nelle Tabelle 1 e 2. Queste classificazioni tengono conto delle variazioni di energia metabolizzabile e di proteina grezza che possono verificarsi nel fieno e nell'insilato e riflettono il contenuto proteico naturalmente pi\u00f9 basso dei foraggi di cereali.<\/p>\n<\/div>","protected":false},"excerpt":{"rendered":"<p>Why FeedTest? This is a question we are often confronted with at FeedTest. There are many reasons why testing your stockfeed can be of great benefit. FeedTest gives yo\u2026<\/p>","protected":false},"author":1,"featured_media":0,"parent":960,"menu_order":0,"comment_status":"closed","ping_status":"closed","template":"","meta":{"_acf_changed":false,"footnotes":""},"class_list":["post-1549","page","type-page","status-publish","hentry"],"acf":[],"yoast_head":"<!-- This site is optimized with the Yoast SEO plugin v27.0 - https:\/\/yoast.com\/product\/yoast-seo-wordpress\/ -->\n<title>Experts in Feed Testing - Agrifood Technology<\/title>\n<meta name=\"robots\" content=\"index, follow, max-snippet:-1, max-image-preview:large, max-video-preview:-1\" \/>\n<link rel=\"canonical\" href=\"https:\/\/agrifood.com.au\/it\/feedtest\/experts-in-feed-testing\/\" \/>\n<meta property=\"og:locale\" content=\"it_IT\" \/>\n<meta property=\"og:type\" content=\"article\" \/>\n<meta property=\"og:title\" content=\"Experts in Feed Testing - Agrifood Technology\" \/>\n<meta property=\"og:description\" content=\"Why FeedTest? This is a question we are often confronted with at FeedTest. There are many reasons why testing your stockfeed can be of great benefit. FeedTest gives yo\u2026\" \/>\n<meta property=\"og:url\" content=\"https:\/\/agrifood.com.au\/it\/feedtest\/experts-in-feed-testing\/\" \/>\n<meta property=\"og:site_name\" content=\"Agrifood Technology\" \/>\n<meta property=\"article:modified_time\" content=\"2025-11-19T13:49:39+00:00\" \/>\n<meta property=\"og:image\" content=\"https:\/\/agrifood.com.au\/app\/uploads\/2025\/11\/hay-bale.jpg\" \/>\n\t<meta property=\"og:image:width\" content=\"540\" \/>\n\t<meta property=\"og:image:height\" content=\"360\" \/>\n\t<meta property=\"og:image:type\" content=\"image\/jpeg\" \/>\n<meta name=\"twitter:card\" content=\"summary_large_image\" \/>\n<meta name=\"twitter:label1\" content=\"Est. reading time\" \/>\n\t<meta name=\"twitter:data1\" content=\"5 minutes\" \/>\n<script type=\"application\/ld+json\" class=\"yoast-schema-graph\">{\"@context\":\"https:\/\/schema.org\",\"@graph\":[{\"@type\":\"WebPage\",\"@id\":\"https:\/\/agrifood.com.au\/feedtest\/experts-in-feed-testing\/\",\"url\":\"https:\/\/agrifood.com.au\/feedtest\/experts-in-feed-testing\/\",\"name\":\"Experts in Feed Testing - Agrifood Technology\",\"isPartOf\":{\"@id\":\"https:\/\/agrifood.com.au\/#website\"},\"primaryImageOfPage\":{\"@id\":\"https:\/\/agrifood.com.au\/feedtest\/experts-in-feed-testing\/#primaryimage\"},\"image\":{\"@id\":\"https:\/\/agrifood.com.au\/feedtest\/experts-in-feed-testing\/#primaryimage\"},\"thumbnailUrl\":\"https:\/\/agrifood.com.au\/app\/uploads\/2025\/11\/hay-bale.jpg\",\"datePublished\":\"2025-09-24T05:33:26+00:00\",\"dateModified\":\"2025-11-19T13:49:39+00:00\",\"breadcrumb\":{\"@id\":\"https:\/\/agrifood.com.au\/feedtest\/experts-in-feed-testing\/#breadcrumb\"},\"inLanguage\":\"it-IT\",\"potentialAction\":[{\"@type\":\"ReadAction\",\"target\":[\"https:\/\/agrifood.com.au\/feedtest\/experts-in-feed-testing\/\"]}]},{\"@type\":\"ImageObject\",\"inLanguage\":\"it-IT\",\"@id\":\"https:\/\/agrifood.com.au\/feedtest\/experts-in-feed-testing\/#primaryimage\",\"url\":\"https:\/\/agrifood.com.au\/app\/uploads\/2025\/11\/hay-bale.jpg\",\"contentUrl\":\"https:\/\/agrifood.com.au\/app\/uploads\/2025\/11\/hay-bale.jpg\"},{\"@type\":\"BreadcrumbList\",\"@id\":\"https:\/\/agrifood.com.au\/feedtest\/experts-in-feed-testing\/#breadcrumb\",\"itemListElement\":[{\"@type\":\"ListItem\",\"position\":1,\"name\":\"Home\",\"item\":\"https:\/\/agrifood.com.au\/\"},{\"@type\":\"ListItem\",\"position\":2,\"name\":\"FeedTest\",\"item\":\"https:\/\/agrifood.com.au\/feedtest\/\"},{\"@type\":\"ListItem\",\"position\":3,\"name\":\"Experts in Feed Testing\"}]},{\"@type\":\"WebSite\",\"@id\":\"https:\/\/agrifood.com.au\/#website\",\"url\":\"https:\/\/agrifood.com.au\/\",\"name\":\"Agrifood Technology\",\"description\":\"\",\"publisher\":{\"@id\":\"https:\/\/agrifood.com.au\/#organization\"},\"potentialAction\":[{\"@type\":\"SearchAction\",\"target\":{\"@type\":\"EntryPoint\",\"urlTemplate\":\"https:\/\/agrifood.com.au\/?s={search_term_string}\"},\"query-input\":{\"@type\":\"PropertyValueSpecification\",\"valueRequired\":true,\"valueName\":\"search_term_string\"}}],\"inLanguage\":\"it-IT\"},{\"@type\":\"Organization\",\"@id\":\"https:\/\/agrifood.com.au\/#organization\",\"name\":\"Agrifood Technology\",\"url\":\"https:\/\/agrifood.com.au\/\",\"logo\":{\"@type\":\"ImageObject\",\"inLanguage\":\"it-IT\",\"@id\":\"https:\/\/agrifood.com.au\/#\/schema\/logo\/image\/\",\"url\":\"https:\/\/agrifood.com.au\/app\/uploads\/2025\/10\/Agrifood-News-Photo-scaled.png\",\"contentUrl\":\"https:\/\/agrifood.com.au\/app\/uploads\/2025\/10\/Agrifood-News-Photo-scaled.png\",\"width\":2560,\"height\":1580,\"caption\":\"Agrifood Technology\"},\"image\":{\"@id\":\"https:\/\/agrifood.com.au\/#\/schema\/logo\/image\/\"}}]}<\/script>\n<!-- \/ Yoast SEO plugin. -->","yoast_head_json":{"title":"Experts in Feed Testing - Agrifood Technology","robots":{"index":"index","follow":"follow","max-snippet":"max-snippet:-1","max-image-preview":"max-image-preview:large","max-video-preview":"max-video-preview:-1"},"canonical":"https:\/\/agrifood.com.au\/it\/feedtest\/experts-in-feed-testing\/","og_locale":"it_IT","og_type":"article","og_title":"Experts in Feed Testing - Agrifood Technology","og_description":"Why FeedTest? This is a question we are often confronted with at FeedTest. There are many reasons why testing your stockfeed can be of great benefit. FeedTest gives yo\u2026","og_url":"https:\/\/agrifood.com.au\/it\/feedtest\/experts-in-feed-testing\/","og_site_name":"Agrifood Technology","article_modified_time":"2025-11-19T13:49:39+00:00","og_image":[{"width":540,"height":360,"url":"https:\/\/agrifood.com.au\/app\/uploads\/2025\/11\/hay-bale.jpg","type":"image\/jpeg"}],"twitter_card":"summary_large_image","twitter_misc":{"Est. reading time":"5 minutes"},"schema":{"@context":"https:\/\/schema.org","@graph":[{"@type":"WebPage","@id":"https:\/\/agrifood.com.au\/feedtest\/experts-in-feed-testing\/","url":"https:\/\/agrifood.com.au\/feedtest\/experts-in-feed-testing\/","name":"Experts in Feed Testing - Agrifood Technology","isPartOf":{"@id":"https:\/\/agrifood.com.au\/#website"},"primaryImageOfPage":{"@id":"https:\/\/agrifood.com.au\/feedtest\/experts-in-feed-testing\/#primaryimage"},"image":{"@id":"https:\/\/agrifood.com.au\/feedtest\/experts-in-feed-testing\/#primaryimage"},"thumbnailUrl":"https:\/\/agrifood.com.au\/app\/uploads\/2025\/11\/hay-bale.jpg","datePublished":"2025-09-24T05:33:26+00:00","dateModified":"2025-11-19T13:49:39+00:00","breadcrumb":{"@id":"https:\/\/agrifood.com.au\/feedtest\/experts-in-feed-testing\/#breadcrumb"},"inLanguage":"it-IT","potentialAction":[{"@type":"ReadAction","target":["https:\/\/agrifood.com.au\/feedtest\/experts-in-feed-testing\/"]}]},{"@type":"ImageObject","inLanguage":"it-IT","@id":"https:\/\/agrifood.com.au\/feedtest\/experts-in-feed-testing\/#primaryimage","url":"https:\/\/agrifood.com.au\/app\/uploads\/2025\/11\/hay-bale.jpg","contentUrl":"https:\/\/agrifood.com.au\/app\/uploads\/2025\/11\/hay-bale.jpg"},{"@type":"BreadcrumbList","@id":"https:\/\/agrifood.com.au\/feedtest\/experts-in-feed-testing\/#breadcrumb","itemListElement":[{"@type":"ListItem","position":1,"name":"Home","item":"https:\/\/agrifood.com.au\/"},{"@type":"ListItem","position":2,"name":"FeedTest","item":"https:\/\/agrifood.com.au\/feedtest\/"},{"@type":"ListItem","position":3,"name":"Experts in Feed Testing"}]},{"@type":"WebSite","@id":"https:\/\/agrifood.com.au\/#website","url":"https:\/\/agrifood.com.au\/","name":"Tecnologia agroalimentare","description":"","publisher":{"@id":"https:\/\/agrifood.com.au\/#organization"},"potentialAction":[{"@type":"SearchAction","target":{"@type":"EntryPoint","urlTemplate":"https:\/\/agrifood.com.au\/?s={search_term_string}"},"query-input":{"@type":"PropertyValueSpecification","valueRequired":true,"valueName":"search_term_string"}}],"inLanguage":"it-IT"},{"@type":"Organization","@id":"https:\/\/agrifood.com.au\/#organization","name":"Tecnologia agroalimentare","url":"https:\/\/agrifood.com.au\/","logo":{"@type":"ImageObject","inLanguage":"it-IT","@id":"https:\/\/agrifood.com.au\/#\/schema\/logo\/image\/","url":"https:\/\/agrifood.com.au\/app\/uploads\/2025\/10\/Agrifood-News-Photo-scaled.png","contentUrl":"https:\/\/agrifood.com.au\/app\/uploads\/2025\/10\/Agrifood-News-Photo-scaled.png","width":2560,"height":1580,"caption":"Agrifood Technology"},"image":{"@id":"https:\/\/agrifood.com.au\/#\/schema\/logo\/image\/"}}]}},"_links":{"self":[{"href":"https:\/\/agrifood.com.au\/it\/wp-json\/wp\/v2\/pages\/1549","targetHints":{"allow":["GET"]}}],"collection":[{"href":"https:\/\/agrifood.com.au\/it\/wp-json\/wp\/v2\/pages"}],"about":[{"href":"https:\/\/agrifood.com.au\/it\/wp-json\/wp\/v2\/types\/page"}],"author":[{"embeddable":true,"href":"https:\/\/agrifood.com.au\/it\/wp-json\/wp\/v2\/users\/1"}],"replies":[{"embeddable":true,"href":"https:\/\/agrifood.com.au\/it\/wp-json\/wp\/v2\/comments?post=1549"}],"version-history":[{"count":40,"href":"https:\/\/agrifood.com.au\/it\/wp-json\/wp\/v2\/pages\/1549\/revisions"}],"predecessor-version":[{"id":2614,"href":"https:\/\/agrifood.com.au\/it\/wp-json\/wp\/v2\/pages\/1549\/revisions\/2614"}],"up":[{"embeddable":true,"href":"https:\/\/agrifood.com.au\/it\/wp-json\/wp\/v2\/pages\/960"}],"wp:attachment":[{"href":"https:\/\/agrifood.com.au\/it\/wp-json\/wp\/v2\/media?parent=1549"}],"curies":[{"name":"wp","href":"https:\/\/api.w.org\/{rel}","templated":true}]}}