{"id":1553,"date":"2025-09-24T05:37:51","date_gmt":"2025-09-24T05:37:51","guid":{"rendered":"https:\/\/agrifood.swim.net.au\/?page_id=1553"},"modified":"2025-11-07T02:21:45","modified_gmt":"2025-11-07T02:21:45","slug":"feedtest-information","status":"publish","type":"page","link":"https:\/\/agrifood.com.au\/it\/feedtest\/feedtest-information\/","title":{"rendered":"Informazioni sul FeedTest"},"content":{"rendered":"<div class=\"wp-block-group is-style-boxed-narrow is-layout-constrained wp-block-group-is-layout-constrained\">\n<h2 class=\"wp-block-heading\">Medie stagionali<\/h2>\n\n\n\n<p>Le tabelle seguenti mostrano la media e l'intervallo delle misure di qualit\u00e0 per il fieno di pascolo, il fieno di cereali, il fieno di colza, il fieno di legumi, l'insilato e la granella di cereali nelle ultime otto stagioni.<\/p>\n<\/div>\n\n\n\n<div class=\"wp-block-group is-style-boxed resources-group is-layout-constrained wp-block-group-is-layout-constrained\">\n<div class=\"resource-sort-filter\"><label for=\"resource-sort-information_sheet\" style=\"margin-right: 10px;\">Ordina per:<\/label><select id=\"resource-sort-information_sheet\" class=\"resource-sort-select\" \n            data-container=\"resource-container-information_sheet\"><option value=\"date_desc\" selected>Data (prima la pi\u00f9 recente)<\/option><option value=\"date_asc\">Data (prima il pi\u00f9 vecchio)<\/option><option value=\"title_asc\">Titolo (A-Z)<\/option><option value=\"title_desc\">Titolo (Z-A)<\/option><\/select><\/div><div class=\"resource-container resource-container-information_sheet\"\n            data-posttype=\"information_sheet\"\n            data-orderby=\"date\"\n            data-order=\"DESC\"\n            data-tax=\"\"\n            data-terms=\"\"\n            data-total=\"36\"\n            data-perpage=\"8\"><div class=\"resource-item\"><h3 class=\"resource-title\">MEDIE \u2013 Hays 2024\/25<\/h3><a href=\"https:\/\/agrifood.com.au\/it\/app\/uploads\/2025\/09\/Season-Averages-Hays_2024-25-1.pdf\/\" class=\"resource-dbtn\" target=\"_blank\" rel=\"noopener\">VISTA<\/a><\/div><div class=\"resource-item\"><h3 class=\"resource-title\">MEDIE \u2013 Concentrati 2024\/25<\/h3><a href=\"https:\/\/agrifood.com.au\/it\/app\/uploads\/2025\/09\/Season-Averages-Concentrates-2024-25.pdf\/\" class=\"resource-dbtn\" target=\"_blank\" rel=\"noopener\">VISTA<\/a><\/div><div class=\"resource-item\"><h3 class=\"resource-title\">MEDIE \u2013 Insilato 2024\/25<\/h3><a href=\"https:\/\/agrifood.com.au\/it\/app\/uploads\/2025\/09\/Season-Averages-Silages-2024-25.pdf\/\" class=\"resource-dbtn\" target=\"_blank\" rel=\"noopener\">VISTA<\/a><\/div><div class=\"resource-item\"><h3 class=\"resource-title\">MEDIE \u2013 Hays 2023\/24<\/h3><a href=\"https:\/\/agrifood.com.au\/it\/app\/uploads\/2025\/09\/Hays_2023-24_a.pdf\/\" class=\"resource-dbtn\" target=\"_blank\" rel=\"noopener\">VISTA<\/a><\/div><div class=\"resource-item\"><h3 class=\"resource-title\">AVERAGES &#8211; Concentrates 2023\/24<\/h3><a href=\"https:\/\/agrifood.com.au\/it\/app\/uploads\/2025\/09\/Concentrates-2023-24.pdf\/\" class=\"resource-dbtn\" target=\"_blank\" rel=\"noopener\">VISTA<\/a><\/div><div class=\"resource-item\"><h3 class=\"resource-title\">AVERAGES &#8211; Silage &#038; Fodder Beet 2023\/24<\/h3><a href=\"https:\/\/agrifood.com.au\/it\/app\/uploads\/2025\/09\/Silages-Fodder-Beet-2023-24.pdf\/\" class=\"resource-dbtn\" target=\"_blank\" rel=\"noopener\">VISTA<\/a><\/div><div class=\"resource-item\"><h3 class=\"resource-title\">MEDIE \u2013 Hays 2023<\/h3><a href=\"https:\/\/agrifood.com.au\/it\/app\/uploads\/2025\/09\/Hays-2023-PEAK-dec-2023.pdf\/\" class=\"resource-dbtn\" target=\"_blank\" rel=\"noopener\">VISTA<\/a><\/div><div class=\"resource-item\"><h3 class=\"resource-title\">MEDIE \u2013 Hays 2022\/23<\/h3><a href=\"https:\/\/agrifood.com.au\/it\/app\/uploads\/2025\/09\/Hays-2022-23.pdf\/\" class=\"resource-dbtn\" target=\"_blank\" rel=\"noopener\">VISTA<\/a><\/div><\/div><button class=\"resource-loadmore\" data-page=\"1\">Per saperne di pi\u00f9<\/button>\n<\/div>\n\n\n\n<div class=\"wp-block-group is-style-boxed-narrow is-layout-constrained wp-block-group-is-layout-constrained\">\n<p>Nota bene: queste informazioni sono prodotte utilizzando i dati dei registri FeedTest, derivati dai campioni inviati dai clienti. FeedTest produce queste tabelle per informazione dei clienti, al solo scopo di dimostrare la gamma di qualit\u00e0 che pu\u00f2 verificarsi per un determinato tipo di mangime.<\/p>\n\n\n\n<h2 class=\"wp-block-heading\">Istruzioni per il campionamento<\/h2>\n\n\n\n<p>FeedTest fornir\u00e0 un&#039;analisi accurata del campione, tuttavia \u00e8 fondamentale che il campione sia rappresentativo del mangime in esame, soprattutto per fieno e insilati, che possono essere molto variabili.<\/p>\n\n\n\n<div class=\"wp-block-buttons is-layout-flex wp-block-buttons-is-layout-flex\">\n<div class=\"wp-block-button\"><a class=\"wp-block-button__link wp-element-button\" href=\"\/it\/app\/uploads\/2025\/09\/Sampling-Instructions.pdf\/\">Scarica le istruzioni per il campionamento<\/a><\/div>\n<\/div>\n\n\n\n<h2 class=\"wp-block-heading\">Sistema di classificazione AFIA<\/h2>\n\n\n\n<p>L'AFIA, in collaborazione con l'AQIS, lavora insieme per migliorare i requisiti e i regolamenti relativi al commercio interno e all'esportazione. Dalla sua costituzione, l'AFIA ha ottenuto risultati come l'adozione di classi nazionali di fieno (riconosciute dalla National Agricultural Commodity Marketing Association NACMA), metodi comuni di analisi della qualit\u00e0, rappresentanza del settore, adozione di moduli di dichiarazione del fornitore e comunicazione con il settore.<\/p>\n\n\n\n<p>Con la necessit\u00e0 di allineare la qualit\u00e0 dei mangimi alla qualit\u00e0 del bestiame e della produzione di latte, l'AFIA ha avviato l'uso di moduli di dichiarazione dei fornitori. Questi moduli sono disponibili gratuitamente per i membri e forniscono uno strumento prezioso ai consumatori, documentando la qualit\u00e0 del prodotto fornito. Questo \u00e8 uno degli strumenti che l'AFIA fornisce per aumentare la fiducia nei prodotti foraggeri.<\/p>\n\n\n\n<blockquote class=\"wp-block-quote is-layout-flow wp-block-quote-is-layout-flow\">\n<p><em>L'esigenza di una descrizione, di un linguaggio o di un sistema di classificazione comune dei foraggi \u00e8 stata lanciata dall'AFIA.<\/em><\/p>\n<\/blockquote>\n\n\n\n<p>I gradi si riferiscono alla qualit\u00e0 del foraggio (fieno e insilato) e alle prestazioni del bestiame e si basano su misurazioni oggettive. Consentono all'acquirente e al venditore di riconoscere immediatamente la qualit\u00e0 attraverso un semplice codice alfanumerico. Il grado pu\u00f2 comparire sui rapporti di analisi del foraggio e sui moduli di dichiarazione del venditore.<\/p>\n\n\n\n<div class=\"wp-block-columns is-layout-flex wp-container-core-columns-is-layout-9d6595d7 wp-block-columns-is-layout-flex\">\n<div class=\"wp-block-column is-layout-flow wp-block-column-is-layout-flow\">\n<figure class=\"wp-block-image size-full\"><img loading=\"lazy\" decoding=\"async\" width=\"862\" height=\"525\" src=\"https:\/\/agrifood.com.au\/app\/uploads\/2025\/09\/Table-1.jpg\" alt=\"\" class=\"wp-image-1561\" srcset=\"https:\/\/agrifood.com.au\/app\/uploads\/2025\/09\/Table-1.jpg 862w, https:\/\/agrifood.com.au\/app\/uploads\/2025\/09\/Table-1-300x183.jpg 300w, https:\/\/agrifood.com.au\/app\/uploads\/2025\/09\/Table-1-768x468.jpg 768w, https:\/\/agrifood.com.au\/app\/uploads\/2025\/09\/Table-1-18x12.jpg 18w\" sizes=\"auto, (max-width: 862px) 100vw, 862px\" \/><\/figure>\n<\/div>\n\n\n\n<div class=\"wp-block-column is-layout-flow wp-block-column-is-layout-flow\">\n<figure class=\"wp-block-image size-full\"><img loading=\"lazy\" decoding=\"async\" width=\"863\" height=\"526\" src=\"https:\/\/agrifood.com.au\/app\/uploads\/2025\/09\/Table-2.jpg\" alt=\"\" class=\"wp-image-1562\" srcset=\"https:\/\/agrifood.com.au\/app\/uploads\/2025\/09\/Table-2.jpg 863w, https:\/\/agrifood.com.au\/app\/uploads\/2025\/09\/Table-2-300x183.jpg 300w, https:\/\/agrifood.com.au\/app\/uploads\/2025\/09\/Table-2-768x468.jpg 768w, https:\/\/agrifood.com.au\/app\/uploads\/2025\/09\/Table-2-18x12.jpg 18w\" sizes=\"auto, (max-width: 863px) 100vw, 863px\" \/><\/figure>\n<\/div>\n<\/div>\n\n\n\n<p><strong>ME (MJ\/kg DM)<\/strong>&nbsp;Megajoule di energia metabolizzabile per chilogrammo di DM<br><strong>DMD (%)<\/strong>&nbsp;Digeribilit\u00e0 della sostanza secca<br><strong>CP (% di DM)<\/strong>&nbsp;Proteina grezza, % di DM<br><strong>DM<\/strong>&nbsp;Materia secca<\/p>\n\n\n\n<p>Sono stati adottati due sistemi di classificazione distinti, come illustrato nelle Tabelle 1 e 2. Queste classificazioni tengono conto delle variazioni di energia metabolizzabile e di proteina grezza che possono verificarsi nel fieno e nell'insilato e riflettono il contenuto proteico naturalmente pi\u00f9 basso dei foraggi di cereali.<\/p>\n\n\n\n<div style=\"height:2rem\" aria-hidden=\"true\" class=\"wp-block-spacer\"><\/div>\n<\/div>","protected":false},"excerpt":{"rendered":"<p>Seasonal Averages The following tables show the mean and range of quality measurements for pasture hay, cereal hay, canola hay, legume hay, silage, and cereal grain ov\u2026<\/p>","protected":false},"author":1,"featured_media":0,"parent":960,"menu_order":0,"comment_status":"closed","ping_status":"closed","template":"","meta":{"_acf_changed":false,"footnotes":""},"class_list":["post-1553","page","type-page","status-publish","hentry"],"acf":[],"yoast_head":"<!-- This site is optimized with the Yoast SEO plugin v27.0 - https:\/\/yoast.com\/product\/yoast-seo-wordpress\/ -->\n<title>FeedTest Information - Agrifood Technology<\/title>\n<meta name=\"robots\" content=\"index, follow, max-snippet:-1, max-image-preview:large, max-video-preview:-1\" \/>\n<link rel=\"canonical\" href=\"https:\/\/agrifood.com.au\/it\/feedtest\/feedtest-information\/\" \/>\n<meta property=\"og:locale\" content=\"it_IT\" \/>\n<meta property=\"og:type\" content=\"article\" \/>\n<meta property=\"og:title\" content=\"FeedTest Information - Agrifood Technology\" \/>\n<meta property=\"og:description\" content=\"Seasonal Averages The following tables show the mean and range of quality measurements for pasture hay, cereal hay, canola hay, legume hay, silage, and cereal grain ov\u2026\" \/>\n<meta property=\"og:url\" content=\"https:\/\/agrifood.com.au\/it\/feedtest\/feedtest-information\/\" \/>\n<meta property=\"og:site_name\" content=\"Agrifood Technology\" \/>\n<meta property=\"article:modified_time\" content=\"2025-11-07T02:21:45+00:00\" \/>\n<meta property=\"og:image\" content=\"https:\/\/agrifood.com.au\/app\/uploads\/2025\/09\/Table-1.jpg\" \/>\n\t<meta property=\"og:image:width\" content=\"862\" \/>\n\t<meta property=\"og:image:height\" content=\"525\" \/>\n\t<meta property=\"og:image:type\" content=\"image\/jpeg\" \/>\n<meta name=\"twitter:card\" content=\"summary_large_image\" \/>\n<meta name=\"twitter:label1\" content=\"Est. reading time\" \/>\n\t<meta name=\"twitter:data1\" content=\"2 minutes\" \/>\n<script type=\"application\/ld+json\" class=\"yoast-schema-graph\">{\"@context\":\"https:\/\/schema.org\",\"@graph\":[{\"@type\":\"WebPage\",\"@id\":\"https:\/\/agrifood.com.au\/feedtest\/feedtest-information\/\",\"url\":\"https:\/\/agrifood.com.au\/feedtest\/feedtest-information\/\",\"name\":\"FeedTest Information - Agrifood Technology\",\"isPartOf\":{\"@id\":\"https:\/\/agrifood.com.au\/#website\"},\"primaryImageOfPage\":{\"@id\":\"https:\/\/agrifood.com.au\/feedtest\/feedtest-information\/#primaryimage\"},\"image\":{\"@id\":\"https:\/\/agrifood.com.au\/feedtest\/feedtest-information\/#primaryimage\"},\"thumbnailUrl\":\"https:\/\/agrifood.com.au\/app\/uploads\/2025\/09\/Table-1.jpg\",\"datePublished\":\"2025-09-24T05:37:51+00:00\",\"dateModified\":\"2025-11-07T02:21:45+00:00\",\"breadcrumb\":{\"@id\":\"https:\/\/agrifood.com.au\/feedtest\/feedtest-information\/#breadcrumb\"},\"inLanguage\":\"it-IT\",\"potentialAction\":[{\"@type\":\"ReadAction\",\"target\":[\"https:\/\/agrifood.com.au\/feedtest\/feedtest-information\/\"]}]},{\"@type\":\"ImageObject\",\"inLanguage\":\"it-IT\",\"@id\":\"https:\/\/agrifood.com.au\/feedtest\/feedtest-information\/#primaryimage\",\"url\":\"https:\/\/agrifood.com.au\/app\/uploads\/2025\/09\/Table-1.jpg\",\"contentUrl\":\"https:\/\/agrifood.com.au\/app\/uploads\/2025\/09\/Table-1.jpg\"},{\"@type\":\"BreadcrumbList\",\"@id\":\"https:\/\/agrifood.com.au\/feedtest\/feedtest-information\/#breadcrumb\",\"itemListElement\":[{\"@type\":\"ListItem\",\"position\":1,\"name\":\"Home\",\"item\":\"https:\/\/agrifood.com.au\/\"},{\"@type\":\"ListItem\",\"position\":2,\"name\":\"FeedTest\",\"item\":\"https:\/\/agrifood.com.au\/feedtest\/\"},{\"@type\":\"ListItem\",\"position\":3,\"name\":\"FeedTest Information\"}]},{\"@type\":\"WebSite\",\"@id\":\"https:\/\/agrifood.com.au\/#website\",\"url\":\"https:\/\/agrifood.com.au\/\",\"name\":\"Agrifood Technology\",\"description\":\"\",\"publisher\":{\"@id\":\"https:\/\/agrifood.com.au\/#organization\"},\"potentialAction\":[{\"@type\":\"SearchAction\",\"target\":{\"@type\":\"EntryPoint\",\"urlTemplate\":\"https:\/\/agrifood.com.au\/?s={search_term_string}\"},\"query-input\":{\"@type\":\"PropertyValueSpecification\",\"valueRequired\":true,\"valueName\":\"search_term_string\"}}],\"inLanguage\":\"it-IT\"},{\"@type\":\"Organization\",\"@id\":\"https:\/\/agrifood.com.au\/#organization\",\"name\":\"Agrifood Technology\",\"url\":\"https:\/\/agrifood.com.au\/\",\"logo\":{\"@type\":\"ImageObject\",\"inLanguage\":\"it-IT\",\"@id\":\"https:\/\/agrifood.com.au\/#\/schema\/logo\/image\/\",\"url\":\"https:\/\/agrifood.com.au\/app\/uploads\/2025\/10\/Agrifood-News-Photo-scaled.png\",\"contentUrl\":\"https:\/\/agrifood.com.au\/app\/uploads\/2025\/10\/Agrifood-News-Photo-scaled.png\",\"width\":2560,\"height\":1580,\"caption\":\"Agrifood Technology\"},\"image\":{\"@id\":\"https:\/\/agrifood.com.au\/#\/schema\/logo\/image\/\"}}]}<\/script>\n<!-- \/ Yoast SEO plugin. -->","yoast_head_json":{"title":"FeedTest Information - Agrifood Technology","robots":{"index":"index","follow":"follow","max-snippet":"max-snippet:-1","max-image-preview":"max-image-preview:large","max-video-preview":"max-video-preview:-1"},"canonical":"https:\/\/agrifood.com.au\/it\/feedtest\/feedtest-information\/","og_locale":"it_IT","og_type":"article","og_title":"FeedTest Information - Agrifood Technology","og_description":"Seasonal Averages The following tables show the mean and range of quality measurements for pasture hay, cereal hay, canola hay, legume hay, silage, and cereal grain ov\u2026","og_url":"https:\/\/agrifood.com.au\/it\/feedtest\/feedtest-information\/","og_site_name":"Agrifood Technology","article_modified_time":"2025-11-07T02:21:45+00:00","og_image":[{"width":862,"height":525,"url":"https:\/\/agrifood.com.au\/app\/uploads\/2025\/09\/Table-1.jpg","type":"image\/jpeg"}],"twitter_card":"summary_large_image","twitter_misc":{"Est. reading time":"2 minutes"},"schema":{"@context":"https:\/\/schema.org","@graph":[{"@type":"WebPage","@id":"https:\/\/agrifood.com.au\/feedtest\/feedtest-information\/","url":"https:\/\/agrifood.com.au\/feedtest\/feedtest-information\/","name":"FeedTest Information - Agrifood Technology","isPartOf":{"@id":"https:\/\/agrifood.com.au\/#website"},"primaryImageOfPage":{"@id":"https:\/\/agrifood.com.au\/feedtest\/feedtest-information\/#primaryimage"},"image":{"@id":"https:\/\/agrifood.com.au\/feedtest\/feedtest-information\/#primaryimage"},"thumbnailUrl":"https:\/\/agrifood.com.au\/app\/uploads\/2025\/09\/Table-1.jpg","datePublished":"2025-09-24T05:37:51+00:00","dateModified":"2025-11-07T02:21:45+00:00","breadcrumb":{"@id":"https:\/\/agrifood.com.au\/feedtest\/feedtest-information\/#breadcrumb"},"inLanguage":"it-IT","potentialAction":[{"@type":"ReadAction","target":["https:\/\/agrifood.com.au\/feedtest\/feedtest-information\/"]}]},{"@type":"ImageObject","inLanguage":"it-IT","@id":"https:\/\/agrifood.com.au\/feedtest\/feedtest-information\/#primaryimage","url":"https:\/\/agrifood.com.au\/app\/uploads\/2025\/09\/Table-1.jpg","contentUrl":"https:\/\/agrifood.com.au\/app\/uploads\/2025\/09\/Table-1.jpg"},{"@type":"BreadcrumbList","@id":"https:\/\/agrifood.com.au\/feedtest\/feedtest-information\/#breadcrumb","itemListElement":[{"@type":"ListItem","position":1,"name":"Home","item":"https:\/\/agrifood.com.au\/"},{"@type":"ListItem","position":2,"name":"FeedTest","item":"https:\/\/agrifood.com.au\/feedtest\/"},{"@type":"ListItem","position":3,"name":"FeedTest Information"}]},{"@type":"WebSite","@id":"https:\/\/agrifood.com.au\/#website","url":"https:\/\/agrifood.com.au\/","name":"Tecnologia agroalimentare","description":"","publisher":{"@id":"https:\/\/agrifood.com.au\/#organization"},"potentialAction":[{"@type":"SearchAction","target":{"@type":"EntryPoint","urlTemplate":"https:\/\/agrifood.com.au\/?s={search_term_string}"},"query-input":{"@type":"PropertyValueSpecification","valueRequired":true,"valueName":"search_term_string"}}],"inLanguage":"it-IT"},{"@type":"Organization","@id":"https:\/\/agrifood.com.au\/#organization","name":"Tecnologia agroalimentare","url":"https:\/\/agrifood.com.au\/","logo":{"@type":"ImageObject","inLanguage":"it-IT","@id":"https:\/\/agrifood.com.au\/#\/schema\/logo\/image\/","url":"https:\/\/agrifood.com.au\/app\/uploads\/2025\/10\/Agrifood-News-Photo-scaled.png","contentUrl":"https:\/\/agrifood.com.au\/app\/uploads\/2025\/10\/Agrifood-News-Photo-scaled.png","width":2560,"height":1580,"caption":"Agrifood Technology"},"image":{"@id":"https:\/\/agrifood.com.au\/#\/schema\/logo\/image\/"}}]}},"_links":{"self":[{"href":"https:\/\/agrifood.com.au\/it\/wp-json\/wp\/v2\/pages\/1553","targetHints":{"allow":["GET"]}}],"collection":[{"href":"https:\/\/agrifood.com.au\/it\/wp-json\/wp\/v2\/pages"}],"about":[{"href":"https:\/\/agrifood.com.au\/it\/wp-json\/wp\/v2\/types\/page"}],"author":[{"embeddable":true,"href":"https:\/\/agrifood.com.au\/it\/wp-json\/wp\/v2\/users\/1"}],"replies":[{"embeddable":true,"href":"https:\/\/agrifood.com.au\/it\/wp-json\/wp\/v2\/comments?post=1553"}],"version-history":[{"count":11,"href":"https:\/\/agrifood.com.au\/it\/wp-json\/wp\/v2\/pages\/1553\/revisions"}],"predecessor-version":[{"id":2167,"href":"https:\/\/agrifood.com.au\/it\/wp-json\/wp\/v2\/pages\/1553\/revisions\/2167"}],"up":[{"embeddable":true,"href":"https:\/\/agrifood.com.au\/it\/wp-json\/wp\/v2\/pages\/960"}],"wp:attachment":[{"href":"https:\/\/agrifood.com.au\/it\/wp-json\/wp\/v2\/media?parent=1553"}],"curies":[{"name":"wp","href":"https:\/\/api.w.org\/{rel}","templated":true}]}}