{"id":37,"date":"2025-07-04T03:07:56","date_gmt":"2025-07-04T03:07:56","guid":{"rendered":"https:\/\/agrifood.swim.net.au\/?page_id=37"},"modified":"2025-12-04T01:56:05","modified_gmt":"2025-12-04T01:56:05","slug":"about-agrifood","status":"publish","type":"page","link":"https:\/\/agrifood.com.au\/it\/about-agrifood\/","title":{"rendered":"Circa"},"content":{"rendered":"<div class=\"wp-block-group is-style-boxed is-layout-constrained wp-block-group-is-layout-constrained\">\n<div class=\"wp-block-columns is-layout-flex wp-container-core-columns-is-layout-9d6595d7 wp-block-columns-is-layout-flex\">\n<div class=\"wp-block-column is-vertically-aligned-center is-layout-flow wp-block-column-is-layout-flow\">\n<h2 class=\"wp-block-heading\">Fornisce test analitici indipendenti in tutta l'Australia.<\/h2>\n\n\n\n<p>Agrifood Technology \u00e8 uno dei principali fornitori indipendenti di servizi analitici in Australia, con laboratori a Werribee e Derrimut (Victoria), Hemmant (Queensland) e Bibra Lake (Australia occidentale).<br><br>Quando scegliete di utilizzare un laboratorio Agrifood Technology, potete essere certi che il vostro campione ricever\u00e0 un'analisi rapida e accurata. Tutti i laboratori sono supportati da un team di grande esperienza composto da personale tecnico, commerciale e amministrativo che conosce i requisiti del settore e si impegna a fornire risultati accurati e tempestivi.<\/p>\n<\/div>\n\n\n\n<div class=\"wp-block-column is-vertically-aligned-center is-layout-flow wp-block-column-is-layout-flow\">\n<iframe title=\"lettore vimeo\" src=\"https:\/\/player.vimeo.com\/video\/186362643?h=0cb7944ffa&#038;title=0&#038;byline=0&#038;portrait=0\" width=\"100%\" height=\"\u201c100%\u201d\" frameborder=\"0\" referrerpolicy=\"strict-origin-when-cross-origin\" allow=\"autoplay; fullscreen; picture-in-picture; clipboard-write; encrypted-media; web-share\"   allowfullscreen><\/iframe>\n<\/div>\n<\/div>\n\n\n\n<div class=\"wp-block-columns is-layout-flex wp-container-core-columns-is-layout-9d6595d7 wp-block-columns-is-layout-flex\">\n<div class=\"wp-block-column is-vertically-aligned-center is-layout-flow wp-block-column-is-layout-flow\">\n<h2 class=\"wp-block-heading\">Informazioni su FeedTest<\/h2>\n\n\n\n<p>FeedTest fornisce un'analisi indipendente, affidabile e rapida dei foraggi e dei mangimi, utilizzando la tecnologia all'avanguardia del vicino infrarosso (NIR), che consente di determinare il valore nutrizionale dei prodotti alimentari.<br><br>FeedTest \u00e8 esperta nell'uso della tecnologia NIR per l'analisi dei mangimi in Australia.<br>Il punto di forza di FeedTest \u00e8 che le misurazioni di laboratorio della digeribilit\u00e0 per la maggior parte dei tipi di mangimi si basano su prove rigorose con animali ruminanti, insieme ad anni di esperienza nella ricerca e nell'estensione nell'area della qualit\u00e0 dei mangimi. Questi studi sugli animali continuano regolarmente e sono essenziali per convalidare e migliorare il servizio FeedTest, in particolare per i mangimi insoliti o per quelli per i quali disponiamo di pochi dati sulla performance animale.<\/p>\n\n\n\n<div class=\"wp-block-buttons is-layout-flex wp-block-buttons-is-layout-flex\">\n<div class=\"wp-block-button\"><a class=\"wp-block-button__link wp-element-button\" href=\"\/it\/feedtest\/\">Visita FeedTest<\/a><\/div>\n<\/div>\n<\/div>\n\n\n\n<div class=\"wp-block-column is-vertically-aligned-center is-layout-flow wp-block-column-is-layout-flow\">\n<figure class=\"wp-block-image size-full\"><img loading=\"lazy\" decoding=\"async\" width=\"540\" height=\"360\" src=\"https:\/\/agrifood.com.au\/app\/uploads\/2025\/11\/Closeup-of-black-and-white-Holstein-dairy-cows-eating-forage-while-peeking-out-from-behind-stall-fence-in-livestock-farm-on-blurred-background-of-farmer-carrying-milk-can.jpg\" alt=\"\" class=\"wp-image-2112\" srcset=\"https:\/\/agrifood.com.au\/app\/uploads\/2025\/11\/Closeup-of-black-and-white-Holstein-dairy-cows-eating-forage-while-peeking-out-from-behind-stall-fence-in-livestock-farm-on-blurred-background-of-farmer-carrying-milk-can.jpg 540w, https:\/\/agrifood.com.au\/app\/uploads\/2025\/11\/Closeup-of-black-and-white-Holstein-dairy-cows-eating-forage-while-peeking-out-from-behind-stall-fence-in-livestock-farm-on-blurred-background-of-farmer-carrying-milk-can-300x200.jpg 300w, https:\/\/agrifood.com.au\/app\/uploads\/2025\/11\/Closeup-of-black-and-white-Holstein-dairy-cows-eating-forage-while-peeking-out-from-behind-stall-fence-in-livestock-farm-on-blurred-background-of-farmer-carrying-milk-can-18x12.jpg 18w\" sizes=\"auto, (max-width: 540px) 100vw, 540px\" \/><\/figure>\n<\/div>\n<\/div>\n\n\n\n<div class=\"wp-block-columns is-layout-flex wp-container-core-columns-is-layout-9d6595d7 wp-block-columns-is-layout-flex\">\n<div class=\"wp-block-column is-vertically-aligned-center is-layout-flow wp-block-column-is-layout-flow\">\n<figure class=\"wp-block-image size-full\"><img loading=\"lazy\" decoding=\"async\" width=\"540\" height=\"360\" src=\"https:\/\/agrifood.com.au\/app\/uploads\/2025\/11\/hay-bale.jpg\" alt=\"\" class=\"wp-image-2114\" srcset=\"https:\/\/agrifood.com.au\/app\/uploads\/2025\/11\/hay-bale.jpg 540w, https:\/\/agrifood.com.au\/app\/uploads\/2025\/11\/hay-bale-300x200.jpg 300w, https:\/\/agrifood.com.au\/app\/uploads\/2025\/11\/hay-bale-18x12.jpg 18w\" sizes=\"auto, (max-width: 540px) 100vw, 540px\" \/><\/figure>\n<\/div>\n\n\n\n<div class=\"wp-block-column is-vertically-aligned-center is-layout-flow wp-block-column-is-layout-flow\">\n<p>Facendo parte di Agrifood Technology, FeedTest \u00e8 in grado di offrire ai clienti test aggiuntivi e analisi non NIR pi\u00f9 ampie. La gamma di test pi\u00f9 ampia comprende molti parametri, tra cui:<\/p>\n\n\n\n<ul class=\"wp-block-list\">\n<li>Amido<\/li>\n\n\n\n<li>Azoto<\/li>\n\n\n\n<li>Ausmeat ME<\/li>\n\n\n\n<li>Micotossine<\/li>\n\n\n\n<li>Residui di pesticidi<\/li>\n\n\n\n<li>Lievito e muffa<\/li>\n\n\n\n<li>Minerali<\/li>\n\n\n\n<li>Elementi in traccia<\/li>\n\n\n\n<li>Lignina<\/li>\n<\/ul>\n<\/div>\n<\/div>\n<\/div>\n\n\n\n<div class=\"wp-block-group is-style-boxed is-layout-constrained wp-block-group-is-layout-constrained\">\n<h3 class=\"wp-block-heading has-text-align-center\"><em><mark style=\"background-color:rgba(0, 0, 0, 0)\" class=\"has-inline-color has-royal-blue-color\">Test rapidi, efficienti, coerenti e competitivi del vostro prodotto.<\/mark><\/em><\/h3>\n<\/div>\n\n\n\n<div class=\"wp-block-group is-style-boxed is-layout-constrained wp-block-group-is-layout-constrained\">\n<div class=\"wp-block-columns is-layout-flex wp-container-core-columns-is-layout-9d6595d7 wp-block-columns-is-layout-flex\">\n<div class=\"wp-block-column is-vertically-aligned-center is-layout-flow wp-block-column-is-layout-flow\">\n<figure class=\"wp-block-image size-large\"><img loading=\"lazy\" decoding=\"async\" width=\"1024\" height=\"603\" src=\"https:\/\/agrifood.com.au\/app\/uploads\/2025\/09\/35981b9da5f648786a5afcdaaceb7c77f35262e3-1024x603.png\" alt=\"\" class=\"wp-image-712\" srcset=\"https:\/\/agrifood.com.au\/app\/uploads\/2025\/09\/35981b9da5f648786a5afcdaaceb7c77f35262e3-1024x603.png 1024w, https:\/\/agrifood.com.au\/app\/uploads\/2025\/09\/35981b9da5f648786a5afcdaaceb7c77f35262e3-300x177.png 300w, https:\/\/agrifood.com.au\/app\/uploads\/2025\/09\/35981b9da5f648786a5afcdaaceb7c77f35262e3-768x452.png 768w, https:\/\/agrifood.com.au\/app\/uploads\/2025\/09\/35981b9da5f648786a5afcdaaceb7c77f35262e3-1536x905.png 1536w, https:\/\/agrifood.com.au\/app\/uploads\/2025\/09\/35981b9da5f648786a5afcdaaceb7c77f35262e3-2048x1206.png 2048w, https:\/\/agrifood.com.au\/app\/uploads\/2025\/09\/35981b9da5f648786a5afcdaaceb7c77f35262e3.png 2520w\" sizes=\"auto, (max-width: 1024px) 100vw, 1024px\" \/><\/figure>\n<\/div>\n\n\n\n<div class=\"wp-block-column is-vertically-aligned-center is-layout-flow wp-block-column-is-layout-flow\">\n<p>Il personale altamente qualificato di Agrifood Technology esegue analisi su grano e altri cereali, oltre a una vasta gamma di prodotti alimentari, ingredienti per mangimi, fieno, insilati, mangimi finiti, microbiologiche, acqua e suolo. I risultati forniscono informazioni preziose da utilizzare in tutti i settori dell'agroalimentare e aiutano a commercializzare prodotti di qualit\u00e0 garantita per l'alimentazione animale e umana.<br><br>Quando scegliete Agrifood Technology, scegliete un laboratorio di analisi indipendente la cui attivit\u00e0 \u00e8 incentrata sulla cura di voi e dei vostri campioni. Scegliete un laboratorio:<\/p>\n\n\n\n<ul class=\"wp-block-list\">\n<li>che fornisce risposte accurate sotto il manto della completa riservatezza e di rigorose procedure di controllo della qualit\u00e0.<\/li>\n\n\n\n<li>impegnati a fornirvi risultati quando ne avete bisogno<\/li>\n\n\n\n<li>con l'ulteriore garanzia della registrazione presso la National Association of Testing Authorities (NATA).<\/li>\n<\/ul>\n<\/div>\n<\/div>\n<\/div>\n\n\n\n<div id=\"accreditation\" class=\"wp-block-group is-style-boxed has-slate-200-background-color has-background is-layout-constrained wp-block-group-is-layout-constrained\">\n<div class=\"wp-block-columns is-layout-flex wp-container-core-columns-is-layout-9d6595d7 wp-block-columns-is-layout-flex\">\n<div class=\"wp-block-column is-layout-flow wp-block-column-is-layout-flow\">\n<h2 class=\"wp-block-heading\">Siamo accreditati NATA<\/h2>\n\n\n\n<p>Agrifood Technology dispone di un'ampia gamma di metodi di prova accreditati dalla National Association of Testing Authorities (NATA). Agrifood Technology rivede costantemente questo campo di applicazione per migliorare il servizio offerto all'industria e soddisfare le crescenti richieste del settore.<\/p>\n\n\n\n<h3 class=\"wp-block-heading\">VIC<\/h3>\n\n\n\n<div class=\"wp-block-buttons is-layout-flex wp-block-buttons-is-layout-flex\">\n<div class=\"wp-block-button\"><a class=\"wp-block-button__link has-royal-blue-background-color has-background wp-element-button\" href=\"http:\/\/nata.com.au\/entity_scope\/?q1=23j&amp;str=&amp;&amp;BEName=agrifood&amp;state=VIC\" target=\"_blank\" rel=\"noreferrer noopener\">CHIMICA<\/a><\/div>\n\n\n\n<div class=\"wp-block-button\"><a class=\"wp-block-button__link has-royal-blue-background-color has-background wp-element-button\" href=\"https:\/\/nata.com.au\/accredited-organisation\/derrimut-micro-laboratory-2726-22555\/?highlight=agrifood%20technology\" target=\"_blank\" rel=\"noreferrer noopener\">MICROBIOLOGIA<\/a><\/div>\n<\/div>\n\n\n\n<div style=\"height:2rem\" aria-hidden=\"true\" class=\"wp-block-spacer\"><\/div>\n\n\n\n<h3 class=\"wp-block-heading\">WA<\/h3>\n\n\n\n<div class=\"wp-block-buttons is-layout-flex wp-block-buttons-is-layout-flex\">\n<div class=\"wp-block-button\"><a class=\"wp-block-button__link has-emerald-green-background-color has-background wp-element-button\" href=\"http:\/\/nata.com.au\/entity_scope\/?q1=b4e&amp;str=&amp;&amp;BEName=agrifood&amp;state=WA\" target=\"_blank\" rel=\"noreferrer noopener\">CHIMICA<\/a><\/div>\n\n\n\n<div class=\"wp-block-button\"><a class=\"wp-block-button__link has-emerald-green-background-color has-background wp-element-button\" href=\"http:\/\/nata.com.au\/entity_scope\/?q1=ig4&amp;str=&amp;&amp;BEName=agrifood&amp;state=WA\" target=\"_blank\" rel=\"noreferrer noopener\">MICROBIOLOGIA<\/a><\/div>\n<\/div>\n\n\n\n<div style=\"height:2rem\" aria-hidden=\"true\" class=\"wp-block-spacer\"><\/div>\n\n\n\n<h3 class=\"wp-block-heading\">QLD<\/h3>\n\n\n\n<div class=\"wp-block-buttons is-layout-flex wp-block-buttons-is-layout-flex\">\n<div class=\"wp-block-button\"><a class=\"wp-block-button__link has-warm-yellow-background-color has-background wp-element-button\" href=\"https:\/\/nata.com.au\/accredited-organisation\/moorooka-micro-laboratory-2726-22161\/?highlight=agrifood\" target=\"_blank\" rel=\"noreferrer noopener\">MICROBIOLOGIA<\/a><\/div>\n<\/div>\n<\/div>\n\n\n\n<div class=\"wp-block-column is-vertically-aligned-center is-layout-flow wp-block-column-is-layout-flow\">\n<figure class=\"wp-block-image aligncenter size-large\"><img loading=\"lazy\" decoding=\"async\" width=\"1024\" height=\"645\" src=\"https:\/\/agrifood.com.au\/app\/uploads\/2025\/09\/image-23-1024x645.png\" alt=\"\" class=\"wp-image-718\" srcset=\"https:\/\/agrifood.com.au\/app\/uploads\/2025\/09\/image-23-1024x645.png 1024w, https:\/\/agrifood.com.au\/app\/uploads\/2025\/09\/image-23-300x189.png 300w, https:\/\/agrifood.com.au\/app\/uploads\/2025\/09\/image-23-768x484.png 768w, https:\/\/agrifood.com.au\/app\/uploads\/2025\/09\/image-23-1536x968.png 1536w, https:\/\/agrifood.com.au\/app\/uploads\/2025\/09\/image-23-2048x1291.png 2048w, https:\/\/agrifood.com.au\/app\/uploads\/2025\/09\/image-23.png 2164w\" sizes=\"auto, (max-width: 1024px) 100vw, 1024px\" \/><\/figure>\n<\/div>\n<\/div>\n<\/div>","protected":false},"excerpt":{"rendered":"<p>Providing independent analytical testing across Australia. Agrifood Technology is one of Australia\u2019s major independent analytical service providers with laboratories\u2026<\/p>","protected":false},"author":1,"featured_media":0,"parent":0,"menu_order":0,"comment_status":"closed","ping_status":"closed","template":"","meta":{"_acf_changed":false,"footnotes":""},"class_list":["post-37","page","type-page","status-publish","hentry"],"acf":[],"yoast_head":"<!-- This site is optimized with the Yoast SEO plugin v27.0 - https:\/\/yoast.com\/product\/yoast-seo-wordpress\/ -->\n<title>About - Agrifood Technology<\/title>\n<meta name=\"robots\" content=\"index, follow, max-snippet:-1, max-image-preview:large, max-video-preview:-1\" \/>\n<link rel=\"canonical\" href=\"https:\/\/agrifood.com.au\/it\/about-agrifood\/\" \/>\n<meta property=\"og:locale\" content=\"it_IT\" \/>\n<meta property=\"og:type\" content=\"article\" \/>\n<meta property=\"og:title\" content=\"About - Agrifood Technology\" \/>\n<meta property=\"og:description\" content=\"Providing independent analytical testing across Australia. Agrifood Technology is one of Australia\u2019s major independent analytical service providers with laboratories\u2026\" \/>\n<meta property=\"og:url\" content=\"https:\/\/agrifood.com.au\/it\/about-agrifood\/\" \/>\n<meta property=\"og:site_name\" content=\"Agrifood Technology\" \/>\n<meta property=\"article:modified_time\" content=\"2025-12-04T01:56:05+00:00\" \/>\n<meta property=\"og:image\" content=\"https:\/\/agrifood.com.au\/app\/uploads\/2025\/11\/Closeup-of-black-and-white-Holstein-dairy-cows-eating-forage-while-peeking-out-from-behind-stall-fence-in-livestock-farm-on-blurred-background-of-farmer-carrying-milk-can.jpg\" \/>\n\t<meta property=\"og:image:width\" content=\"540\" \/>\n\t<meta property=\"og:image:height\" content=\"360\" \/>\n\t<meta property=\"og:image:type\" content=\"image\/jpeg\" \/>\n<meta name=\"twitter:card\" content=\"summary_large_image\" \/>\n<meta name=\"twitter:label1\" content=\"Est. reading time\" \/>\n\t<meta name=\"twitter:data1\" content=\"2 minutes\" \/>\n<script type=\"application\/ld+json\" class=\"yoast-schema-graph\">{\"@context\":\"https:\/\/schema.org\",\"@graph\":[{\"@type\":\"WebPage\",\"@id\":\"https:\/\/agrifood.com.au\/about-agrifood\/\",\"url\":\"https:\/\/agrifood.com.au\/about-agrifood\/\",\"name\":\"About - Agrifood Technology\",\"isPartOf\":{\"@id\":\"https:\/\/agrifood.com.au\/#website\"},\"primaryImageOfPage\":{\"@id\":\"https:\/\/agrifood.com.au\/about-agrifood\/#primaryimage\"},\"image\":{\"@id\":\"https:\/\/agrifood.com.au\/about-agrifood\/#primaryimage\"},\"thumbnailUrl\":\"https:\/\/agrifood.com.au\/app\/uploads\/2025\/11\/Closeup-of-black-and-white-Holstein-dairy-cows-eating-forage-while-peeking-out-from-behind-stall-fence-in-livestock-farm-on-blurred-background-of-farmer-carrying-milk-can.jpg\",\"datePublished\":\"2025-07-04T03:07:56+00:00\",\"dateModified\":\"2025-12-04T01:56:05+00:00\",\"breadcrumb\":{\"@id\":\"https:\/\/agrifood.com.au\/about-agrifood\/#breadcrumb\"},\"inLanguage\":\"it-IT\",\"potentialAction\":[{\"@type\":\"ReadAction\",\"target\":[\"https:\/\/agrifood.com.au\/about-agrifood\/\"]}]},{\"@type\":\"ImageObject\",\"inLanguage\":\"it-IT\",\"@id\":\"https:\/\/agrifood.com.au\/about-agrifood\/#primaryimage\",\"url\":\"https:\/\/agrifood.com.au\/app\/uploads\/2025\/11\/Closeup-of-black-and-white-Holstein-dairy-cows-eating-forage-while-peeking-out-from-behind-stall-fence-in-livestock-farm-on-blurred-background-of-farmer-carrying-milk-can.jpg\",\"contentUrl\":\"https:\/\/agrifood.com.au\/app\/uploads\/2025\/11\/Closeup-of-black-and-white-Holstein-dairy-cows-eating-forage-while-peeking-out-from-behind-stall-fence-in-livestock-farm-on-blurred-background-of-farmer-carrying-milk-can.jpg\"},{\"@type\":\"BreadcrumbList\",\"@id\":\"https:\/\/agrifood.com.au\/about-agrifood\/#breadcrumb\",\"itemListElement\":[{\"@type\":\"ListItem\",\"position\":1,\"name\":\"Home\",\"item\":\"https:\/\/agrifood.com.au\/\"},{\"@type\":\"ListItem\",\"position\":2,\"name\":\"About\"}]},{\"@type\":\"WebSite\",\"@id\":\"https:\/\/agrifood.com.au\/#website\",\"url\":\"https:\/\/agrifood.com.au\/\",\"name\":\"Agrifood Technology\",\"description\":\"\",\"publisher\":{\"@id\":\"https:\/\/agrifood.com.au\/#organization\"},\"potentialAction\":[{\"@type\":\"SearchAction\",\"target\":{\"@type\":\"EntryPoint\",\"urlTemplate\":\"https:\/\/agrifood.com.au\/?s={search_term_string}\"},\"query-input\":{\"@type\":\"PropertyValueSpecification\",\"valueRequired\":true,\"valueName\":\"search_term_string\"}}],\"inLanguage\":\"it-IT\"},{\"@type\":\"Organization\",\"@id\":\"https:\/\/agrifood.com.au\/#organization\",\"name\":\"Agrifood Technology\",\"url\":\"https:\/\/agrifood.com.au\/\",\"logo\":{\"@type\":\"ImageObject\",\"inLanguage\":\"it-IT\",\"@id\":\"https:\/\/agrifood.com.au\/#\/schema\/logo\/image\/\",\"url\":\"https:\/\/agrifood.com.au\/app\/uploads\/2025\/10\/Agrifood-News-Photo-scaled.png\",\"contentUrl\":\"https:\/\/agrifood.com.au\/app\/uploads\/2025\/10\/Agrifood-News-Photo-scaled.png\",\"width\":2560,\"height\":1580,\"caption\":\"Agrifood Technology\"},\"image\":{\"@id\":\"https:\/\/agrifood.com.au\/#\/schema\/logo\/image\/\"}}]}<\/script>\n<!-- \/ Yoast SEO plugin. -->","yoast_head_json":{"title":"About - Agrifood Technology","robots":{"index":"index","follow":"follow","max-snippet":"max-snippet:-1","max-image-preview":"max-image-preview:large","max-video-preview":"max-video-preview:-1"},"canonical":"https:\/\/agrifood.com.au\/it\/about-agrifood\/","og_locale":"it_IT","og_type":"article","og_title":"About - Agrifood Technology","og_description":"Providing independent analytical testing across Australia. Agrifood Technology is one of Australia\u2019s major independent analytical service providers with laboratories\u2026","og_url":"https:\/\/agrifood.com.au\/it\/about-agrifood\/","og_site_name":"Agrifood Technology","article_modified_time":"2025-12-04T01:56:05+00:00","og_image":[{"width":540,"height":360,"url":"https:\/\/agrifood.com.au\/app\/uploads\/2025\/11\/Closeup-of-black-and-white-Holstein-dairy-cows-eating-forage-while-peeking-out-from-behind-stall-fence-in-livestock-farm-on-blurred-background-of-farmer-carrying-milk-can.jpg","type":"image\/jpeg"}],"twitter_card":"summary_large_image","twitter_misc":{"Est. reading time":"2 minutes"},"schema":{"@context":"https:\/\/schema.org","@graph":[{"@type":"WebPage","@id":"https:\/\/agrifood.com.au\/about-agrifood\/","url":"https:\/\/agrifood.com.au\/about-agrifood\/","name":"About - Agrifood Technology","isPartOf":{"@id":"https:\/\/agrifood.com.au\/#website"},"primaryImageOfPage":{"@id":"https:\/\/agrifood.com.au\/about-agrifood\/#primaryimage"},"image":{"@id":"https:\/\/agrifood.com.au\/about-agrifood\/#primaryimage"},"thumbnailUrl":"https:\/\/agrifood.com.au\/app\/uploads\/2025\/11\/Closeup-of-black-and-white-Holstein-dairy-cows-eating-forage-while-peeking-out-from-behind-stall-fence-in-livestock-farm-on-blurred-background-of-farmer-carrying-milk-can.jpg","datePublished":"2025-07-04T03:07:56+00:00","dateModified":"2025-12-04T01:56:05+00:00","breadcrumb":{"@id":"https:\/\/agrifood.com.au\/about-agrifood\/#breadcrumb"},"inLanguage":"it-IT","potentialAction":[{"@type":"ReadAction","target":["https:\/\/agrifood.com.au\/about-agrifood\/"]}]},{"@type":"ImageObject","inLanguage":"it-IT","@id":"https:\/\/agrifood.com.au\/about-agrifood\/#primaryimage","url":"https:\/\/agrifood.com.au\/app\/uploads\/2025\/11\/Closeup-of-black-and-white-Holstein-dairy-cows-eating-forage-while-peeking-out-from-behind-stall-fence-in-livestock-farm-on-blurred-background-of-farmer-carrying-milk-can.jpg","contentUrl":"https:\/\/agrifood.com.au\/app\/uploads\/2025\/11\/Closeup-of-black-and-white-Holstein-dairy-cows-eating-forage-while-peeking-out-from-behind-stall-fence-in-livestock-farm-on-blurred-background-of-farmer-carrying-milk-can.jpg"},{"@type":"BreadcrumbList","@id":"https:\/\/agrifood.com.au\/about-agrifood\/#breadcrumb","itemListElement":[{"@type":"ListItem","position":1,"name":"Home","item":"https:\/\/agrifood.com.au\/"},{"@type":"ListItem","position":2,"name":"About"}]},{"@type":"WebSite","@id":"https:\/\/agrifood.com.au\/#website","url":"https:\/\/agrifood.com.au\/","name":"Tecnologia agroalimentare","description":"","publisher":{"@id":"https:\/\/agrifood.com.au\/#organization"},"potentialAction":[{"@type":"SearchAction","target":{"@type":"EntryPoint","urlTemplate":"https:\/\/agrifood.com.au\/?s={search_term_string}"},"query-input":{"@type":"PropertyValueSpecification","valueRequired":true,"valueName":"search_term_string"}}],"inLanguage":"it-IT"},{"@type":"Organization","@id":"https:\/\/agrifood.com.au\/#organization","name":"Tecnologia agroalimentare","url":"https:\/\/agrifood.com.au\/","logo":{"@type":"ImageObject","inLanguage":"it-IT","@id":"https:\/\/agrifood.com.au\/#\/schema\/logo\/image\/","url":"https:\/\/agrifood.com.au\/app\/uploads\/2025\/10\/Agrifood-News-Photo-scaled.png","contentUrl":"https:\/\/agrifood.com.au\/app\/uploads\/2025\/10\/Agrifood-News-Photo-scaled.png","width":2560,"height":1580,"caption":"Agrifood Technology"},"image":{"@id":"https:\/\/agrifood.com.au\/#\/schema\/logo\/image\/"}}]}},"_links":{"self":[{"href":"https:\/\/agrifood.com.au\/it\/wp-json\/wp\/v2\/pages\/37","targetHints":{"allow":["GET"]}}],"collection":[{"href":"https:\/\/agrifood.com.au\/it\/wp-json\/wp\/v2\/pages"}],"about":[{"href":"https:\/\/agrifood.com.au\/it\/wp-json\/wp\/v2\/types\/page"}],"author":[{"embeddable":true,"href":"https:\/\/agrifood.com.au\/it\/wp-json\/wp\/v2\/users\/1"}],"replies":[{"embeddable":true,"href":"https:\/\/agrifood.com.au\/it\/wp-json\/wp\/v2\/comments?post=37"}],"version-history":[{"count":94,"href":"https:\/\/agrifood.com.au\/it\/wp-json\/wp\/v2\/pages\/37\/revisions"}],"predecessor-version":[{"id":2765,"href":"https:\/\/agrifood.com.au\/it\/wp-json\/wp\/v2\/pages\/37\/revisions\/2765"}],"wp:attachment":[{"href":"https:\/\/agrifood.com.au\/it\/wp-json\/wp\/v2\/media?parent=37"}],"curies":[{"name":"wp","href":"https:\/\/api.w.org\/{rel}","templated":true}]}}