{"id":39,"date":"2025-07-04T03:08:05","date_gmt":"2025-07-04T03:08:05","guid":{"rendered":"https:\/\/agrifood.swim.net.au\/?page_id=39"},"modified":"2025-12-04T01:56:42","modified_gmt":"2025-12-04T01:56:42","slug":"services","status":"publish","type":"page","link":"https:\/\/agrifood.com.au\/it\/services\/","title":{"rendered":"Servizi"},"content":{"rendered":"<div class=\"wp-block-group is-style-boxed is-layout-constrained wp-block-group-is-layout-constrained\">\n<h2 class=\"wp-block-heading\" id=\"by-industry\">Per industria<\/h2>\n\n\n\n<div class=\"wp-block-columns is-style-mobile-reverse is-layout-flex wp-container-core-columns-is-layout-9d6595d7 wp-block-columns-is-layout-flex\">\n<div class=\"wp-block-column is-vertically-aligned-top is-layout-flow wp-block-column-is-layout-flow\">\n<h3 class=\"wp-block-heading\">Mangimi e foraggi<\/h3>\n\n\n\n<p>FeedTest copre un'ampia gamma di pacchetti di test e parametri, offrendo un servizio di laboratorio completo.<br><br>FeedTest fornisce risultati affidabili, fondamentali per determinare il valore nutrizionale dei mangimi.<\/p>\n\n\n\n<div class=\"wp-block-buttons is-layout-flex wp-block-buttons-is-layout-flex\">\n<div class=\"wp-block-button\"><a class=\"wp-block-button__link wp-element-button\" href=\"\/it\/services\/by-industry\/feed-and-fodder\/\">Per saperne di pi\u00f9<\/a><\/div>\n<\/div>\n<\/div>\n\n\n\n<div class=\"wp-block-column is-layout-flow wp-block-column-is-layout-flow\">\n<figure class=\"wp-block-image size-full\"><img loading=\"lazy\" decoding=\"async\" width=\"540\" height=\"360\" src=\"https:\/\/agrifood.com.au\/app\/uploads\/2025\/11\/hay-bale.jpg\" alt=\"\" class=\"wp-image-2114\" srcset=\"https:\/\/agrifood.com.au\/app\/uploads\/2025\/11\/hay-bale.jpg 540w, https:\/\/agrifood.com.au\/app\/uploads\/2025\/11\/hay-bale-300x200.jpg 300w, https:\/\/agrifood.com.au\/app\/uploads\/2025\/11\/hay-bale-18x12.jpg 18w\" sizes=\"auto, (max-width: 540px) 100vw, 540px\" \/><\/figure>\n<\/div>\n<\/div>\n\n\n\n<div class=\"wp-block-columns is-layout-flex wp-container-core-columns-is-layout-9d6595d7 wp-block-columns-is-layout-flex\">\n<div class=\"wp-block-column is-layout-flow wp-block-column-is-layout-flow\">\n<figure class=\"wp-block-image size-full\"><img loading=\"lazy\" decoding=\"async\" width=\"540\" height=\"360\" src=\"https:\/\/agrifood.com.au\/app\/uploads\/2025\/09\/wheat-ears-and-grains.jpg\" alt=\"\" class=\"wp-image-1618\" srcset=\"https:\/\/agrifood.com.au\/app\/uploads\/2025\/09\/wheat-ears-and-grains.jpg 540w, https:\/\/agrifood.com.au\/app\/uploads\/2025\/09\/wheat-ears-and-grains-300x200.jpg 300w, https:\/\/agrifood.com.au\/app\/uploads\/2025\/09\/wheat-ears-and-grains-18x12.jpg 18w\" sizes=\"auto, (max-width: 540px) 100vw, 540px\" \/><\/figure>\n<\/div>\n\n\n\n<div class=\"wp-block-column is-vertically-aligned-center is-layout-flow wp-block-column-is-layout-flow\">\n<h3 class=\"wp-block-heading\">Grano<\/h3>\n\n\n\n<p>Agrifood Technology vanta oltre 40 anni di conoscenza ed esperienza nell'analisi di cereali e farine. L'elevata qualit\u00e0 molitoria del grano australiano ne assicura il valore sul mercato mondiale. La possibilit\u00e0 di fornire ai clienti informazioni sull'idoneit\u00e0 di questo grano a particolari tecniche di lavorazione e prodotti finali \u00e8 di immenso valore.<\/p>\n\n\n\n<div class=\"wp-block-buttons is-layout-flex wp-block-buttons-is-layout-flex\">\n<div class=\"wp-block-button\"><a class=\"wp-block-button__link wp-element-button\" href=\"\/it\/services\/by-industry\/grain\/\">Per saperne di pi\u00f9<\/a><\/div>\n<\/div>\n<\/div>\n<\/div>\n\n\n\n<div class=\"wp-block-columns is-style-mobile-reverse is-layout-flex wp-container-core-columns-is-layout-9d6595d7 wp-block-columns-is-layout-flex\">\n<div class=\"wp-block-column is-vertically-aligned-center is-layout-flow wp-block-column-is-layout-flow\">\n<h3 class=\"wp-block-heading\">Orticoltura<\/h3>\n\n\n\n<p>Agrifood Technology analizza un'ampia gamma di pesticidi, metalli pesanti, micotossine, erbicidi\/insetticidi e residui chimici.<\/p>\n\n\n\n<p>A ci\u00f2 si aggiungono i nostri test microbiologici accreditati NATA. Tutti questi servizi in un unico laboratorio consentono ai clienti di soddisfare i severi requisiti di conformit\u00e0.<\/p>\n\n\n\n<div class=\"wp-block-buttons is-layout-flex wp-block-buttons-is-layout-flex\">\n<div class=\"wp-block-button\"><a class=\"wp-block-button__link wp-element-button\" href=\"\/it\/services\/by-industry\/horticulture\/\">Per saperne di pi\u00f9<\/a><\/div>\n<\/div>\n<\/div>\n\n\n\n<div class=\"wp-block-column is-layout-flow wp-block-column-is-layout-flow\">\n<figure class=\"wp-block-image size-full\"><img loading=\"lazy\" decoding=\"async\" width=\"1254\" height=\"836\" src=\"https:\/\/agrifood.com.au\/app\/uploads\/2025\/11\/Farmer-Veg.jpg\" alt=\"\" class=\"wp-image-2184\" srcset=\"https:\/\/agrifood.com.au\/app\/uploads\/2025\/11\/Farmer-Veg.jpg 1254w, https:\/\/agrifood.com.au\/app\/uploads\/2025\/11\/Farmer-Veg-300x200.jpg 300w, https:\/\/agrifood.com.au\/app\/uploads\/2025\/11\/Farmer-Veg-1024x683.jpg 1024w, https:\/\/agrifood.com.au\/app\/uploads\/2025\/11\/Farmer-Veg-768x512.jpg 768w, https:\/\/agrifood.com.au\/app\/uploads\/2025\/11\/Farmer-Veg-18x12.jpg 18w\" sizes=\"auto, (max-width: 1254px) 100vw, 1254px\" \/><\/figure>\n<\/div>\n<\/div>\n\n\n\n<div class=\"wp-block-columns is-layout-flex wp-container-core-columns-is-layout-9d6595d7 wp-block-columns-is-layout-flex\">\n<div class=\"wp-block-column is-layout-flow wp-block-column-is-layout-flow\">\n<figure class=\"wp-block-image size-full\"><img loading=\"lazy\" decoding=\"async\" width=\"1254\" height=\"836\" src=\"https:\/\/agrifood.com.au\/app\/uploads\/2025\/11\/Local-Health.jpg\" alt=\"\" class=\"wp-image-2185\" srcset=\"https:\/\/agrifood.com.au\/app\/uploads\/2025\/11\/Local-Health.jpg 1254w, https:\/\/agrifood.com.au\/app\/uploads\/2025\/11\/Local-Health-300x200.jpg 300w, https:\/\/agrifood.com.au\/app\/uploads\/2025\/11\/Local-Health-1024x683.jpg 1024w, https:\/\/agrifood.com.au\/app\/uploads\/2025\/11\/Local-Health-768x512.jpg 768w, https:\/\/agrifood.com.au\/app\/uploads\/2025\/11\/Local-Health-18x12.jpg 18w\" sizes=\"auto, (max-width: 1254px) 100vw, 1254px\" \/><\/figure>\n<\/div>\n\n\n\n<div class=\"wp-block-column is-vertically-aligned-center is-layout-flow wp-block-column-is-layout-flow\">\n<h3 class=\"wp-block-heading\">Salute locale<\/h3>\n\n\n\n<p>Agrifood Technology offre a comuni, alberghi e ospedali un'ampia gamma di servizi di analisi ai sensi del Victorian Food Act.<br><br>Abbiamo sei Analisti Autorizzati approvati nelle aree di analisi microbiologica, chimica, degli allergeni e fisica degli alimenti. Gli analisti autorizzati svolgono un ruolo importante nel controllo della sicurezza e della composizione dell'etichettatura degli alimenti.<\/p>\n\n\n\n<div class=\"wp-block-buttons is-layout-flex wp-block-buttons-is-layout-flex\">\n<div class=\"wp-block-button\"><a class=\"wp-block-button__link wp-element-button\" href=\"\/it\/services\/by-industry\/local-health\/\">Per saperne di pi\u00f9<\/a><\/div>\n<\/div>\n<\/div>\n<\/div>\n\n\n\n<div class=\"wp-block-columns is-style-mobile-reverse is-layout-flex wp-container-core-columns-is-layout-9d6595d7 wp-block-columns-is-layout-flex\">\n<div class=\"wp-block-column is-vertically-aligned-center is-layout-flow wp-block-column-is-layout-flow\">\n<h3 class=\"wp-block-heading\">Alimenti trasformati<\/h3>\n\n\n\n<p>Agrifood Technology \u00e8 specializzata in una serie di test sulla sicurezza alimentare, tra cui pesticidi, residui, metalli pesanti, micotossine, allergeni e test microbici. Che siate agricoltori o produttori di alimenti, possiamo aiutarvi a determinare se i vostri prodotti sono conformi alle normative australiane sulla sicurezza alimentare.<\/p>\n\n\n\n<div class=\"wp-block-buttons is-layout-flex wp-block-buttons-is-layout-flex\">\n<div class=\"wp-block-button\"><a class=\"wp-block-button__link wp-element-button\" href=\"\/it\/processed-foods\/\">Per saperne di pi\u00f9<\/a><\/div>\n<\/div>\n<\/div>\n\n\n\n<div class=\"wp-block-column is-layout-flow wp-block-column-is-layout-flow\">\n<figure class=\"wp-block-image size-full\"><img loading=\"lazy\" decoding=\"async\" width=\"1253\" height=\"836\" src=\"https:\/\/agrifood.com.au\/app\/uploads\/2025\/11\/Food-Allergens.jpg\" alt=\"\" class=\"wp-image-2186\" srcset=\"https:\/\/agrifood.com.au\/app\/uploads\/2025\/11\/Food-Allergens.jpg 1253w, https:\/\/agrifood.com.au\/app\/uploads\/2025\/11\/Food-Allergens-300x200.jpg 300w, https:\/\/agrifood.com.au\/app\/uploads\/2025\/11\/Food-Allergens-1024x683.jpg 1024w, https:\/\/agrifood.com.au\/app\/uploads\/2025\/11\/Food-Allergens-768x512.jpg 768w, https:\/\/agrifood.com.au\/app\/uploads\/2025\/11\/Food-Allergens-18x12.jpg 18w\" sizes=\"auto, (max-width: 1253px) 100vw, 1253px\" \/><\/figure>\n<\/div>\n<\/div>\n\n\n\n<h2 class=\"wp-block-heading\" id=\"capability\">Per capacit\u00e0<\/h2>\n\n\n\n<div class=\"wp-block-columns is-layout-flex wp-container-core-columns-is-layout-9d6595d7 wp-block-columns-is-layout-flex\">\n<div class=\"wp-block-column is-vertically-aligned-center is-layout-flow wp-block-column-is-layout-flow\">\n<h3 class=\"wp-block-heading\">Servizi agroalimentari<\/h3>\n\n\n\n<p>Agrifood Technology \u00e8 uno dei principali fornitori indipendenti di servizi analitici in Australia, con laboratori a Werribee e Derrimut (Victoria), Hemmant (Queensland) e Bibra Lake (Australia occidentale).<\/p>\n\n\n\n<p>Quando scegliete di utilizzare un laboratorio Agrifood Technology, potete essere certi che il vostro campione ricever\u00e0 un'analisi rapida e accurata. Tutti i laboratori sono supportati da un team di grande esperienza composto da personale tecnico, commerciale e amministrativo che conosce i requisiti del settore e si impegna a fornire risultati accurati e tempestivi.<\/p>\n\n\n\n<div class=\"wp-block-buttons is-layout-flex wp-block-buttons-is-layout-flex\">\n<div class=\"wp-block-button\"><a class=\"wp-block-button__link wp-element-button\" href=\"\/it\/services\/by-capability\/agrifood-services\/\">VISITA I SERVIZI AGROALIMENTARI<\/a><\/div>\n<\/div>\n<\/div>\n\n\n\n<div class=\"wp-block-column is-layout-flow wp-block-column-is-layout-flow\">\n<figure class=\"wp-block-image size-full\"><img loading=\"lazy\" decoding=\"async\" width=\"1583\" height=\"663\" src=\"https:\/\/agrifood.com.au\/app\/uploads\/2025\/11\/food-safety.jpg\" alt=\"\" class=\"wp-image-2726\" srcset=\"https:\/\/agrifood.com.au\/app\/uploads\/2025\/11\/food-safety.jpg 1583w, https:\/\/agrifood.com.au\/app\/uploads\/2025\/11\/food-safety-300x126.jpg 300w, https:\/\/agrifood.com.au\/app\/uploads\/2025\/11\/food-safety-1024x429.jpg 1024w, https:\/\/agrifood.com.au\/app\/uploads\/2025\/11\/food-safety-768x322.jpg 768w, https:\/\/agrifood.com.au\/app\/uploads\/2025\/11\/food-safety-1536x643.jpg 1536w, https:\/\/agrifood.com.au\/app\/uploads\/2025\/11\/food-safety-18x8.jpg 18w\" sizes=\"auto, (max-width: 1583px) 100vw, 1583px\" \/><\/figure>\n<\/div>\n<\/div>\n\n\n\n<div class=\"wp-block-columns is-layout-flex wp-container-core-columns-is-layout-9d6595d7 wp-block-columns-is-layout-flex\">\n<div class=\"wp-block-column is-layout-flow wp-block-column-is-layout-flow\">\n<figure class=\"wp-block-image size-full\"><img loading=\"lazy\" decoding=\"async\" width=\"540\" height=\"360\" src=\"https:\/\/agrifood.com.au\/app\/uploads\/2025\/09\/Closeup-of-black-and-white-Holstein-dairy-cows-eating-forage-while-peeking-out-from-behind-stall-fence-in-livestock-farm-on-blurred-background-of-farmer-carrying-milk-can.jpg\" alt=\"\" class=\"wp-image-1621\" srcset=\"https:\/\/agrifood.com.au\/app\/uploads\/2025\/09\/Closeup-of-black-and-white-Holstein-dairy-cows-eating-forage-while-peeking-out-from-behind-stall-fence-in-livestock-farm-on-blurred-background-of-farmer-carrying-milk-can.jpg 540w, https:\/\/agrifood.com.au\/app\/uploads\/2025\/09\/Closeup-of-black-and-white-Holstein-dairy-cows-eating-forage-while-peeking-out-from-behind-stall-fence-in-livestock-farm-on-blurred-background-of-farmer-carrying-milk-can-300x200.jpg 300w, https:\/\/agrifood.com.au\/app\/uploads\/2025\/09\/Closeup-of-black-and-white-Holstein-dairy-cows-eating-forage-while-peeking-out-from-behind-stall-fence-in-livestock-farm-on-blurred-background-of-farmer-carrying-milk-can-18x12.jpg 18w\" sizes=\"auto, (max-width: 540px) 100vw, 540px\" \/><\/figure>\n<\/div>\n\n\n\n<div class=\"wp-block-column is-vertically-aligned-center is-layout-flow wp-block-column-is-layout-flow\">\n<h3 class=\"wp-block-heading\">Servizi FeedTest<\/h3>\n\n\n\n<p>FeedTest fornisce un'analisi indipendente, affidabile e rapida dei foraggi e dei mangimi, utilizzando la tecnologia all'avanguardia del vicino infrarosso (NIR), che consente di determinare il valore nutrizionale dei prodotti alimentari.<\/p>\n\n\n\n<div class=\"wp-block-buttons is-layout-flex wp-block-buttons-is-layout-flex\">\n<div class=\"wp-block-button\"><a class=\"wp-block-button__link wp-element-button\" href=\"\/it\/feedtest\/\">VISITA I SERVIZI DI FEEDTEST<\/a><\/div>\n<\/div>\n<\/div>\n<\/div>\n<\/div>\n\n\n\n<div style=\"background-image:url(&apos;https:\/\/agrifood.com.au\/app\/uploads\/2025\/11\/AdobeStock_502186443-scaled.jpeg&apos;);background-size:cover;\" class=\"wp-block-group is-style-cta-banner is-layout-constrained wp-block-group-is-layout-constrained has-background\">\n<div class=\"wp-block-columns is-layout-flex wp-container-core-columns-is-layout-9d6595d7 wp-block-columns-is-layout-flex\">\n<div class=\"wp-block-column is-layout-flow wp-block-column-is-layout-flow\"><\/div>\n\n\n\n<div class=\"wp-block-column is-layout-flow wp-block-column-is-layout-flow\">\n<h2 class=\"wp-block-heading has-white-color has-text-color has-link-color wp-elements-7612da60a41737d324eb507b41b620c3\">La qualit\u00e0 conta.<br>Contattateci.<\/h2>\n\n\n\n<p class=\"has-white-color has-text-color has-link-color wp-elements-7b92d9277914cc5d212b623bbe35f9da\">Contattate oggi stesso per iniziare.<\/p>\n\n\n\n<div class=\"wp-block-buttons is-layout-flex wp-block-buttons-is-layout-flex\">\n<div class=\"wp-block-button\"><a class=\"wp-block-button__link wp-element-button\" href=\"\/it\/contact\/\">CONTATTO<\/a><\/div>\n<\/div>\n<\/div>\n<\/div>\n<\/div>","protected":false},"excerpt":{"rendered":"<p>By Industry Feed &amp; Fodder At FeedTest, we cover a broad array of test packages and parameters giving an extensive laboratory service. FeedTest provide reliable res\u2026<\/p>","protected":false},"author":1,"featured_media":0,"parent":0,"menu_order":0,"comment_status":"closed","ping_status":"closed","template":"","meta":{"_acf_changed":false,"footnotes":""},"class_list":["post-39","page","type-page","status-publish","hentry"],"acf":[],"yoast_head":"<!-- This site is optimized with the Yoast SEO plugin v27.0 - https:\/\/yoast.com\/product\/yoast-seo-wordpress\/ -->\n<title>Services - Agrifood Technology<\/title>\n<meta name=\"robots\" content=\"index, follow, max-snippet:-1, max-image-preview:large, max-video-preview:-1\" \/>\n<link rel=\"canonical\" href=\"https:\/\/agrifood.com.au\/it\/services\/\" \/>\n<meta property=\"og:locale\" content=\"it_IT\" \/>\n<meta property=\"og:type\" content=\"article\" \/>\n<meta property=\"og:title\" content=\"Services - Agrifood Technology\" \/>\n<meta property=\"og:description\" content=\"By Industry Feed &amp; Fodder At FeedTest, we cover a broad array of test packages and parameters giving an extensive laboratory service. FeedTest provide reliable res\u2026\" \/>\n<meta property=\"og:url\" content=\"https:\/\/agrifood.com.au\/it\/services\/\" \/>\n<meta property=\"og:site_name\" content=\"Agrifood Technology\" \/>\n<meta property=\"article:modified_time\" content=\"2025-12-04T01:56:42+00:00\" \/>\n<meta property=\"og:image\" content=\"https:\/\/agrifood.com.au\/app\/uploads\/2025\/11\/hay-bale.jpg\" \/>\n\t<meta property=\"og:image:width\" content=\"540\" \/>\n\t<meta property=\"og:image:height\" content=\"360\" \/>\n\t<meta property=\"og:image:type\" content=\"image\/jpeg\" \/>\n<meta name=\"twitter:card\" content=\"summary_large_image\" \/>\n<meta name=\"twitter:label1\" content=\"Est. reading time\" \/>\n\t<meta name=\"twitter:data1\" content=\"2 minutes\" \/>\n<script type=\"application\/ld+json\" class=\"yoast-schema-graph\">{\"@context\":\"https:\/\/schema.org\",\"@graph\":[{\"@type\":\"WebPage\",\"@id\":\"https:\/\/agrifood.com.au\/services\/\",\"url\":\"https:\/\/agrifood.com.au\/services\/\",\"name\":\"Services - Agrifood Technology\",\"isPartOf\":{\"@id\":\"https:\/\/agrifood.com.au\/#website\"},\"primaryImageOfPage\":{\"@id\":\"https:\/\/agrifood.com.au\/services\/#primaryimage\"},\"image\":{\"@id\":\"https:\/\/agrifood.com.au\/services\/#primaryimage\"},\"thumbnailUrl\":\"https:\/\/agrifood.com.au\/app\/uploads\/2025\/11\/hay-bale.jpg\",\"datePublished\":\"2025-07-04T03:08:05+00:00\",\"dateModified\":\"2025-12-04T01:56:42+00:00\",\"breadcrumb\":{\"@id\":\"https:\/\/agrifood.com.au\/services\/#breadcrumb\"},\"inLanguage\":\"it-IT\",\"potentialAction\":[{\"@type\":\"ReadAction\",\"target\":[\"https:\/\/agrifood.com.au\/services\/\"]}]},{\"@type\":\"ImageObject\",\"inLanguage\":\"it-IT\",\"@id\":\"https:\/\/agrifood.com.au\/services\/#primaryimage\",\"url\":\"https:\/\/agrifood.com.au\/app\/uploads\/2025\/11\/hay-bale.jpg\",\"contentUrl\":\"https:\/\/agrifood.com.au\/app\/uploads\/2025\/11\/hay-bale.jpg\"},{\"@type\":\"BreadcrumbList\",\"@id\":\"https:\/\/agrifood.com.au\/services\/#breadcrumb\",\"itemListElement\":[{\"@type\":\"ListItem\",\"position\":1,\"name\":\"Home\",\"item\":\"https:\/\/agrifood.com.au\/\"},{\"@type\":\"ListItem\",\"position\":2,\"name\":\"Services\"}]},{\"@type\":\"WebSite\",\"@id\":\"https:\/\/agrifood.com.au\/#website\",\"url\":\"https:\/\/agrifood.com.au\/\",\"name\":\"Agrifood Technology\",\"description\":\"\",\"publisher\":{\"@id\":\"https:\/\/agrifood.com.au\/#organization\"},\"potentialAction\":[{\"@type\":\"SearchAction\",\"target\":{\"@type\":\"EntryPoint\",\"urlTemplate\":\"https:\/\/agrifood.com.au\/?s={search_term_string}\"},\"query-input\":{\"@type\":\"PropertyValueSpecification\",\"valueRequired\":true,\"valueName\":\"search_term_string\"}}],\"inLanguage\":\"it-IT\"},{\"@type\":\"Organization\",\"@id\":\"https:\/\/agrifood.com.au\/#organization\",\"name\":\"Agrifood Technology\",\"url\":\"https:\/\/agrifood.com.au\/\",\"logo\":{\"@type\":\"ImageObject\",\"inLanguage\":\"it-IT\",\"@id\":\"https:\/\/agrifood.com.au\/#\/schema\/logo\/image\/\",\"url\":\"https:\/\/agrifood.com.au\/app\/uploads\/2025\/10\/Agrifood-News-Photo-scaled.png\",\"contentUrl\":\"https:\/\/agrifood.com.au\/app\/uploads\/2025\/10\/Agrifood-News-Photo-scaled.png\",\"width\":2560,\"height\":1580,\"caption\":\"Agrifood Technology\"},\"image\":{\"@id\":\"https:\/\/agrifood.com.au\/#\/schema\/logo\/image\/\"}}]}<\/script>\n<!-- \/ Yoast SEO plugin. -->","yoast_head_json":{"title":"Services - Agrifood Technology","robots":{"index":"index","follow":"follow","max-snippet":"max-snippet:-1","max-image-preview":"max-image-preview:large","max-video-preview":"max-video-preview:-1"},"canonical":"https:\/\/agrifood.com.au\/it\/services\/","og_locale":"it_IT","og_type":"article","og_title":"Services - Agrifood Technology","og_description":"By Industry Feed &amp; Fodder At FeedTest, we cover a broad array of test packages and parameters giving an extensive laboratory service. FeedTest provide reliable res\u2026","og_url":"https:\/\/agrifood.com.au\/it\/services\/","og_site_name":"Agrifood Technology","article_modified_time":"2025-12-04T01:56:42+00:00","og_image":[{"width":540,"height":360,"url":"https:\/\/agrifood.com.au\/app\/uploads\/2025\/11\/hay-bale.jpg","type":"image\/jpeg"}],"twitter_card":"summary_large_image","twitter_misc":{"Est. reading time":"2 minutes"},"schema":{"@context":"https:\/\/schema.org","@graph":[{"@type":"WebPage","@id":"https:\/\/agrifood.com.au\/services\/","url":"https:\/\/agrifood.com.au\/services\/","name":"Services - Agrifood Technology","isPartOf":{"@id":"https:\/\/agrifood.com.au\/#website"},"primaryImageOfPage":{"@id":"https:\/\/agrifood.com.au\/services\/#primaryimage"},"image":{"@id":"https:\/\/agrifood.com.au\/services\/#primaryimage"},"thumbnailUrl":"https:\/\/agrifood.com.au\/app\/uploads\/2025\/11\/hay-bale.jpg","datePublished":"2025-07-04T03:08:05+00:00","dateModified":"2025-12-04T01:56:42+00:00","breadcrumb":{"@id":"https:\/\/agrifood.com.au\/services\/#breadcrumb"},"inLanguage":"it-IT","potentialAction":[{"@type":"ReadAction","target":["https:\/\/agrifood.com.au\/services\/"]}]},{"@type":"ImageObject","inLanguage":"it-IT","@id":"https:\/\/agrifood.com.au\/services\/#primaryimage","url":"https:\/\/agrifood.com.au\/app\/uploads\/2025\/11\/hay-bale.jpg","contentUrl":"https:\/\/agrifood.com.au\/app\/uploads\/2025\/11\/hay-bale.jpg"},{"@type":"BreadcrumbList","@id":"https:\/\/agrifood.com.au\/services\/#breadcrumb","itemListElement":[{"@type":"ListItem","position":1,"name":"Home","item":"https:\/\/agrifood.com.au\/"},{"@type":"ListItem","position":2,"name":"Services"}]},{"@type":"WebSite","@id":"https:\/\/agrifood.com.au\/#website","url":"https:\/\/agrifood.com.au\/","name":"Tecnologia agroalimentare","description":"","publisher":{"@id":"https:\/\/agrifood.com.au\/#organization"},"potentialAction":[{"@type":"SearchAction","target":{"@type":"EntryPoint","urlTemplate":"https:\/\/agrifood.com.au\/?s={search_term_string}"},"query-input":{"@type":"PropertyValueSpecification","valueRequired":true,"valueName":"search_term_string"}}],"inLanguage":"it-IT"},{"@type":"Organization","@id":"https:\/\/agrifood.com.au\/#organization","name":"Tecnologia agroalimentare","url":"https:\/\/agrifood.com.au\/","logo":{"@type":"ImageObject","inLanguage":"it-IT","@id":"https:\/\/agrifood.com.au\/#\/schema\/logo\/image\/","url":"https:\/\/agrifood.com.au\/app\/uploads\/2025\/10\/Agrifood-News-Photo-scaled.png","contentUrl":"https:\/\/agrifood.com.au\/app\/uploads\/2025\/10\/Agrifood-News-Photo-scaled.png","width":2560,"height":1580,"caption":"Agrifood Technology"},"image":{"@id":"https:\/\/agrifood.com.au\/#\/schema\/logo\/image\/"}}]}},"_links":{"self":[{"href":"https:\/\/agrifood.com.au\/it\/wp-json\/wp\/v2\/pages\/39","targetHints":{"allow":["GET"]}}],"collection":[{"href":"https:\/\/agrifood.com.au\/it\/wp-json\/wp\/v2\/pages"}],"about":[{"href":"https:\/\/agrifood.com.au\/it\/wp-json\/wp\/v2\/types\/page"}],"author":[{"embeddable":true,"href":"https:\/\/agrifood.com.au\/it\/wp-json\/wp\/v2\/users\/1"}],"replies":[{"embeddable":true,"href":"https:\/\/agrifood.com.au\/it\/wp-json\/wp\/v2\/comments?post=39"}],"version-history":[{"count":125,"href":"https:\/\/agrifood.com.au\/it\/wp-json\/wp\/v2\/pages\/39\/revisions"}],"predecessor-version":[{"id":2766,"href":"https:\/\/agrifood.com.au\/it\/wp-json\/wp\/v2\/pages\/39\/revisions\/2766"}],"wp:attachment":[{"href":"https:\/\/agrifood.com.au\/it\/wp-json\/wp\/v2\/media?parent=39"}],"curies":[{"name":"wp","href":"https:\/\/api.w.org\/{rel}","templated":true}]}}