{"id":809,"date":"2025-09-11T14:09:23","date_gmt":"2025-09-11T14:09:23","guid":{"rendered":"https:\/\/agrifood.swim.net.au\/?page_id=809"},"modified":"2025-12-03T05:12:39","modified_gmt":"2025-12-03T05:12:39","slug":"feed-and-fodder","status":"publish","type":"page","link":"https:\/\/agrifood.com.au\/it\/services\/by-industry\/feed-and-fodder\/","title":{"rendered":"Mangimi e foraggi"},"content":{"rendered":"<div class=\"wp-block-group is-style-boxed is-layout-constrained wp-block-group-is-layout-constrained\">\n<div class=\"wp-block-columns is-layout-flex wp-container-core-columns-is-layout-9d6595d7 wp-block-columns-is-layout-flex\">\n<div class=\"wp-block-column is-layout-flow wp-block-column-is-layout-flow\">\n<p>L'industria dei mangimi e dei foraggi \u00e8 fondamentale per l'alimentazione del bestiame e sostiene i settori della carne, del latte e della lana in Australia. Dal fieno e dall'insilato ai mangimi composti e agli integratori, test rigorosi assicurano che i prodotti siano sicuri, equilibrati dal punto di vista nutrizionale e conformi agli standard nazionali.<\/p>\n\n\n\n<p>FeedTest fornisce un'analisi indipendente, affidabile e rapida dei foraggi e dei mangimi, utilizzando la tecnologia all'avanguardia del vicino infrarosso (NIR), che consente di determinare il valore nutrizionale dei prodotti alimentari.<\/p>\n\n\n\n<div class=\"wp-block-buttons is-layout-flex wp-block-buttons-is-layout-flex\">\n<div class=\"wp-block-button\"><a class=\"wp-block-button__link wp-element-button\" href=\"https:\/\/agrifood.com.au\/it\/feedtest\/\">Per saperne di pi\u00f9<\/a><\/div>\n<\/div>\n<\/div>\n\n\n\n<div class=\"wp-block-column is-layout-flow wp-block-column-is-layout-flow\">\n<figure class=\"wp-block-image size-full\"><img loading=\"lazy\" decoding=\"async\" width=\"540\" height=\"360\" src=\"https:\/\/agrifood.com.au\/app\/uploads\/2025\/11\/hay-bale.jpg\" alt=\"\" class=\"wp-image-2114\" srcset=\"https:\/\/agrifood.com.au\/app\/uploads\/2025\/11\/hay-bale.jpg 540w, https:\/\/agrifood.com.au\/app\/uploads\/2025\/11\/hay-bale-300x200.jpg 300w, https:\/\/agrifood.com.au\/app\/uploads\/2025\/11\/hay-bale-18x12.jpg 18w\" sizes=\"auto, (max-width: 540px) 100vw, 540px\" \/><\/figure>\n<\/div>\n<\/div>\n<\/div>\n\n\n\n<div class=\"wp-block-group is-style-carousel is-layout-constrained wp-block-group-is-layout-constrained\"><div class=\"carousel-slider-outer carousel-slider-outer-image-carousel carousel-slider-outer-677\" style=\"--carousel-slider-nav-color:rgb(30,115,190);--carousel-slider-active-nav-color:rgb(40,155,255);--carousel-slider-arrow-size:48px;--carousel-slider-bullet-size:10px\">\n<div id=\"&#039;id-677\" class=\"carousel-slider carousel-slider-677 arrows-visibility-always dots-visibility-never arrows-outside dots-center dots-circle owl-carousel\" data-slide-type=\"image-carousel\" data-owl-settings='{\"nav\":true,\"dots\":false,\"slideBy\":1,\"stagePadding\":30,\"margin\":10,\"loop\":false,\"lazyLoad\":false,\"autoplay\":false,\"autoplayTimeout\":5000,\"autoplaySpeed\":500,\"autoplayHoverPause\":false,\"autoWidth\":true,\"responsive\":{\"300\":{\"items\":1},\"576\":{\"items\":2},\"768\":{\"items\":2},\"1024\":{\"items\":3},\"1280\":{\"items\":4},\"1536\":{\"items\":5}}}'>\n<div class=\"carousel-slider__item\">\n\t<a href=\"https:\/\/agrifood.com.au\/it\/services\/by-capability\/feedtest-services\/cncps-testing\/\" target=\"_blank\"><img loading=\"lazy\" decoding=\"async\" width=\"610\" height=\"407\" src=\"https:\/\/agrifood.com.au\/app\/uploads\/2025\/09\/17ef8d513617ae20a675549d17bb8fbb128872d9-1.png\" class=\"attachment-medium_large size-medium_large\" alt=\"\" srcset=\"https:\/\/agrifood.com.au\/app\/uploads\/2025\/09\/17ef8d513617ae20a675549d17bb8fbb128872d9-1.png 610w, https:\/\/agrifood.com.au\/app\/uploads\/2025\/09\/17ef8d513617ae20a675549d17bb8fbb128872d9-1-300x200.png 300w\" sizes=\"auto, (max-width: 610px) 100vw, 610px\" \/><div class=\"carousel-slider__caption\"><h4 class=\"title\">Test CNCPS<\/h4><p class=\"caption\">Il servizio rapido, accurato e affidabile che vi aspettate da FeedTest \u00e8 ora in grado di fornire un elenco completo dei risultati del Cornell Net Carbohydrate and Protein System (CNCPS) per la vostra attivit\u00e0 casearia.<\/p><\/div><\/a><\/div>\n\n<div class=\"carousel-slider__item\">\n\t<a href=\"https:\/\/agrifood.com.au\/it\/services\/by-capability\/feedtest-services\/sampling-kits-and-forms\/\" target=\"_blank\"><img loading=\"lazy\" decoding=\"async\" width=\"768\" height=\"659\" src=\"https:\/\/agrifood.com.au\/app\/uploads\/2025\/09\/FeedTest-Sample-Bags-768x659.jpg\" class=\"attachment-medium_large size-medium_large\" alt=\"\" srcset=\"https:\/\/agrifood.com.au\/app\/uploads\/2025\/09\/FeedTest-Sample-Bags-768x659.jpg 768w, https:\/\/agrifood.com.au\/app\/uploads\/2025\/09\/FeedTest-Sample-Bags-300x257.jpg 300w, https:\/\/agrifood.com.au\/app\/uploads\/2025\/09\/FeedTest-Sample-Bags-1024x879.jpg 1024w, https:\/\/agrifood.com.au\/app\/uploads\/2025\/09\/FeedTest-Sample-Bags-1536x1318.jpg 1536w, https:\/\/agrifood.com.au\/app\/uploads\/2025\/09\/FeedTest-Sample-Bags-2048x1757.jpg 2048w, https:\/\/agrifood.com.au\/app\/uploads\/2025\/09\/FeedTest-Sample-Bags-14x12.jpg 14w, https:\/\/agrifood.com.au\/app\/uploads\/2025\/09\/FeedTest-Sample-Bags.jpg 2559w\" sizes=\"auto, (max-width: 768px) 100vw, 768px\" \/><div class=\"carousel-slider__caption\"><h4 class=\"title\">Kit e moduli di campionamento<\/h4><p class=\"caption\">Il campionamento \u00e8 facile grazie ai nostri kit prepagati che includono tutto il necessario per inviarci i campioni.<\/p><\/div><\/a><\/div>\n\n<div class=\"carousel-slider__item\">\n\t<a href=\"https:\/\/agrifood.com.au\/it\/services\/by-capability\/feedtest-services\/hay-corer-sales\/\" target=\"_blank\"><img loading=\"lazy\" decoding=\"async\" width=\"768\" height=\"1275\" src=\"https:\/\/agrifood.com.au\/app\/uploads\/2025\/09\/Hay-Corer-scaled-e1763958571480-768x1275.jpg\" class=\"attachment-medium_large size-medium_large\" alt=\"\" srcset=\"https:\/\/agrifood.com.au\/app\/uploads\/2025\/09\/Hay-Corer-scaled-e1763958571480-768x1275.jpg 768w, https:\/\/agrifood.com.au\/app\/uploads\/2025\/09\/Hay-Corer-scaled-e1763958571480-181x300.jpg 181w, https:\/\/agrifood.com.au\/app\/uploads\/2025\/09\/Hay-Corer-scaled-e1763958571480-617x1024.jpg 617w, https:\/\/agrifood.com.au\/app\/uploads\/2025\/09\/Hay-Corer-scaled-e1763958571480-925x1536.jpg 925w, https:\/\/agrifood.com.au\/app\/uploads\/2025\/09\/Hay-Corer-scaled-e1763958571480-7x12.jpg 7w, https:\/\/agrifood.com.au\/app\/uploads\/2025\/09\/Hay-Corer-scaled-e1763958571480.jpg 1105w\" sizes=\"auto, (max-width: 768px) 100vw, 768px\" \/><div class=\"carousel-slider__caption\"><h4 class=\"title\">Vendite di corone per fieno<\/h4><p class=\"caption\">Per una rapida e comoda raccolta di campioni di balle da analizzare, abbiamo a disposizione corone per fieno e accessori da acquistare.<\/p><\/div><\/a><\/div>\n\n<div class=\"carousel-slider__item\">\n\t<a href=\"https:\/\/agrifood.com.au\/it\/services\/by-capability\/feedtest-services\/nir-testing\/\" target=\"_blank\"><img loading=\"lazy\" decoding=\"async\" width=\"350\" height=\"237\" src=\"https:\/\/agrifood.com.au\/app\/uploads\/2025\/09\/7df2c5a201f24a59eed819d865b3509bd34fe0bd.png\" class=\"attachment-medium_large size-medium_large\" alt=\"\" srcset=\"https:\/\/agrifood.com.au\/app\/uploads\/2025\/09\/7df2c5a201f24a59eed819d865b3509bd34fe0bd.png 350w, https:\/\/agrifood.com.au\/app\/uploads\/2025\/09\/7df2c5a201f24a59eed819d865b3509bd34fe0bd-300x203.png 300w\" sizes=\"auto, (max-width: 350px) 100vw, 350px\" \/><div class=\"carousel-slider__caption\"><h4 class=\"title\">Test NIR<\/h4><p class=\"caption\">Offriamo un'ampia gamma di pacchetti NIR per mangimi, foraggi, pellet, cereali e granaglie. Tutti i pacchetti NIR includono: sostanza secca, umidit\u00e0, proteina grezza, fibra detergente acida, fibra detergente neutra, digeribilit\u00e0 della sostanza secca, digeribilit\u00e0 della sostanza organica secca, energia metabolizzabile (ruminanti), grassi e ceneri.<\/p><\/div><\/a><\/div>\n\n<div class=\"carousel-slider__item\">\n\t<a href=\"https:\/\/agrifood.com.au\/it\/services\/by-capability\/feedtest-services\/non-nir-testing\/\" target=\"_blank\"><img loading=\"lazy\" decoding=\"async\" width=\"768\" height=\"483\" src=\"https:\/\/agrifood.com.au\/app\/uploads\/2025\/09\/FeedTest-Pellets-768x483.jpg\" class=\"attachment-medium_large size-medium_large\" alt=\"\" srcset=\"https:\/\/agrifood.com.au\/app\/uploads\/2025\/09\/FeedTest-Pellets-768x483.jpg 768w, https:\/\/agrifood.com.au\/app\/uploads\/2025\/09\/FeedTest-Pellets-300x189.jpg 300w, https:\/\/agrifood.com.au\/app\/uploads\/2025\/09\/FeedTest-Pellets-1024x644.jpg 1024w, https:\/\/agrifood.com.au\/app\/uploads\/2025\/09\/FeedTest-Pellets-18x12.jpg 18w, https:\/\/agrifood.com.au\/app\/uploads\/2025\/09\/FeedTest-Pellets.jpg 1291w\" sizes=\"auto, (max-width: 768px) 100vw, 768px\" \/><div class=\"carousel-slider__caption\"><h4 class=\"title\">Test non NIR<\/h4><p class=\"caption\">Disponiamo di un'ampia gamma di pacchetti Non NIR \u201cWet Chemistry\u201d per mangimi misti concentrati, legumi da granella, sottoprodotti e mangimi insoliti, nonch\u00e9 campioni con un elevato contenuto di grassi. .<\/p><\/div><\/a><\/div>\n\n<\/div><!-- .carousel-slider-677 -->\n<\/div><!-- .carousel-slider-outer-677 -->\n\n<\/div>","protected":false},"excerpt":{"rendered":"<p>The feed and fodder industry is vital to livestock nutrition, supporting Australia&#8217;s meat, dairy, and wool sectors. From hay and silage to compound feeds and sup\u2026<\/p>","protected":false},"author":1,"featured_media":0,"parent":807,"menu_order":0,"comment_status":"closed","ping_status":"closed","template":"","meta":{"_acf_changed":false,"footnotes":""},"class_list":["post-809","page","type-page","status-publish","hentry"],"acf":[],"yoast_head":"<!-- This site is optimized with the Yoast SEO plugin v27.0 - https:\/\/yoast.com\/product\/yoast-seo-wordpress\/ -->\n<title>Feed &amp; Fodder - Agrifood Technology<\/title>\n<meta name=\"robots\" content=\"index, follow, max-snippet:-1, max-image-preview:large, max-video-preview:-1\" \/>\n<link rel=\"canonical\" href=\"https:\/\/agrifood.com.au\/it\/services\/by-industry\/feed-and-fodder\/\" \/>\n<meta property=\"og:locale\" content=\"it_IT\" \/>\n<meta property=\"og:type\" content=\"article\" \/>\n<meta property=\"og:title\" content=\"Feed &amp; Fodder - Agrifood Technology\" \/>\n<meta property=\"og:description\" content=\"The feed and fodder industry is vital to livestock nutrition, supporting Australia&#8217;s meat, dairy, and wool sectors. From hay and silage to compound feeds and sup\u2026\" \/>\n<meta property=\"og:url\" content=\"https:\/\/agrifood.com.au\/it\/services\/by-industry\/feed-and-fodder\/\" \/>\n<meta property=\"og:site_name\" content=\"Agrifood Technology\" \/>\n<meta property=\"article:modified_time\" content=\"2025-12-03T05:12:39+00:00\" \/>\n<meta property=\"og:image\" content=\"https:\/\/agrifood.com.au\/app\/uploads\/2025\/11\/hay-bale.jpg\" \/>\n\t<meta property=\"og:image:width\" content=\"540\" \/>\n\t<meta property=\"og:image:height\" content=\"360\" \/>\n\t<meta property=\"og:image:type\" content=\"image\/jpeg\" \/>\n<meta name=\"twitter:card\" content=\"summary_large_image\" \/>\n<script type=\"application\/ld+json\" class=\"yoast-schema-graph\">{\"@context\":\"https:\/\/schema.org\",\"@graph\":[{\"@type\":\"WebPage\",\"@id\":\"https:\/\/agrifood.com.au\/services\/by-industry\/feed-and-fodder\/\",\"url\":\"https:\/\/agrifood.com.au\/services\/by-industry\/feed-and-fodder\/\",\"name\":\"Feed &amp; Fodder - Agrifood Technology\",\"isPartOf\":{\"@id\":\"https:\/\/agrifood.com.au\/#website\"},\"primaryImageOfPage\":{\"@id\":\"https:\/\/agrifood.com.au\/services\/by-industry\/feed-and-fodder\/#primaryimage\"},\"image\":{\"@id\":\"https:\/\/agrifood.com.au\/services\/by-industry\/feed-and-fodder\/#primaryimage\"},\"thumbnailUrl\":\"https:\/\/agrifood.com.au\/app\/uploads\/2025\/11\/hay-bale.jpg\",\"datePublished\":\"2025-09-11T14:09:23+00:00\",\"dateModified\":\"2025-12-03T05:12:39+00:00\",\"breadcrumb\":{\"@id\":\"https:\/\/agrifood.com.au\/services\/by-industry\/feed-and-fodder\/#breadcrumb\"},\"inLanguage\":\"it-IT\",\"potentialAction\":[{\"@type\":\"ReadAction\",\"target\":[\"https:\/\/agrifood.com.au\/services\/by-industry\/feed-and-fodder\/\"]}]},{\"@type\":\"ImageObject\",\"inLanguage\":\"it-IT\",\"@id\":\"https:\/\/agrifood.com.au\/services\/by-industry\/feed-and-fodder\/#primaryimage\",\"url\":\"https:\/\/agrifood.com.au\/app\/uploads\/2025\/11\/hay-bale.jpg\",\"contentUrl\":\"https:\/\/agrifood.com.au\/app\/uploads\/2025\/11\/hay-bale.jpg\"},{\"@type\":\"BreadcrumbList\",\"@id\":\"https:\/\/agrifood.com.au\/services\/by-industry\/feed-and-fodder\/#breadcrumb\",\"itemListElement\":[{\"@type\":\"ListItem\",\"position\":1,\"name\":\"Home\",\"item\":\"https:\/\/agrifood.com.au\/\"},{\"@type\":\"ListItem\",\"position\":2,\"name\":\"Services\",\"item\":\"https:\/\/agrifood.com.au\/services\/\"},{\"@type\":\"ListItem\",\"position\":3,\"name\":\"By Industry\",\"item\":\"https:\/\/agrifood.com.au\/?page_id=807\"},{\"@type\":\"ListItem\",\"position\":4,\"name\":\"Feed &amp; Fodder\"}]},{\"@type\":\"WebSite\",\"@id\":\"https:\/\/agrifood.com.au\/#website\",\"url\":\"https:\/\/agrifood.com.au\/\",\"name\":\"Agrifood Technology\",\"description\":\"\",\"publisher\":{\"@id\":\"https:\/\/agrifood.com.au\/#organization\"},\"potentialAction\":[{\"@type\":\"SearchAction\",\"target\":{\"@type\":\"EntryPoint\",\"urlTemplate\":\"https:\/\/agrifood.com.au\/?s={search_term_string}\"},\"query-input\":{\"@type\":\"PropertyValueSpecification\",\"valueRequired\":true,\"valueName\":\"search_term_string\"}}],\"inLanguage\":\"it-IT\"},{\"@type\":\"Organization\",\"@id\":\"https:\/\/agrifood.com.au\/#organization\",\"name\":\"Agrifood Technology\",\"url\":\"https:\/\/agrifood.com.au\/\",\"logo\":{\"@type\":\"ImageObject\",\"inLanguage\":\"it-IT\",\"@id\":\"https:\/\/agrifood.com.au\/#\/schema\/logo\/image\/\",\"url\":\"https:\/\/agrifood.com.au\/app\/uploads\/2025\/10\/Agrifood-News-Photo-scaled.png\",\"contentUrl\":\"https:\/\/agrifood.com.au\/app\/uploads\/2025\/10\/Agrifood-News-Photo-scaled.png\",\"width\":2560,\"height\":1580,\"caption\":\"Agrifood Technology\"},\"image\":{\"@id\":\"https:\/\/agrifood.com.au\/#\/schema\/logo\/image\/\"}}]}<\/script>\n<!-- \/ Yoast SEO plugin. -->","yoast_head_json":{"title":"Feed &amp; Fodder - Agrifood Technology","robots":{"index":"index","follow":"follow","max-snippet":"max-snippet:-1","max-image-preview":"max-image-preview:large","max-video-preview":"max-video-preview:-1"},"canonical":"https:\/\/agrifood.com.au\/it\/services\/by-industry\/feed-and-fodder\/","og_locale":"it_IT","og_type":"article","og_title":"Feed &amp; Fodder - Agrifood Technology","og_description":"The feed and fodder industry is vital to livestock nutrition, supporting Australia&#8217;s meat, dairy, and wool sectors. From hay and silage to compound feeds and sup\u2026","og_url":"https:\/\/agrifood.com.au\/it\/services\/by-industry\/feed-and-fodder\/","og_site_name":"Agrifood Technology","article_modified_time":"2025-12-03T05:12:39+00:00","og_image":[{"width":540,"height":360,"url":"https:\/\/agrifood.com.au\/app\/uploads\/2025\/11\/hay-bale.jpg","type":"image\/jpeg"}],"twitter_card":"summary_large_image","schema":{"@context":"https:\/\/schema.org","@graph":[{"@type":"WebPage","@id":"https:\/\/agrifood.com.au\/services\/by-industry\/feed-and-fodder\/","url":"https:\/\/agrifood.com.au\/services\/by-industry\/feed-and-fodder\/","name":"Feed &amp; Fodder - Agrifood Technology","isPartOf":{"@id":"https:\/\/agrifood.com.au\/#website"},"primaryImageOfPage":{"@id":"https:\/\/agrifood.com.au\/services\/by-industry\/feed-and-fodder\/#primaryimage"},"image":{"@id":"https:\/\/agrifood.com.au\/services\/by-industry\/feed-and-fodder\/#primaryimage"},"thumbnailUrl":"https:\/\/agrifood.com.au\/app\/uploads\/2025\/11\/hay-bale.jpg","datePublished":"2025-09-11T14:09:23+00:00","dateModified":"2025-12-03T05:12:39+00:00","breadcrumb":{"@id":"https:\/\/agrifood.com.au\/services\/by-industry\/feed-and-fodder\/#breadcrumb"},"inLanguage":"it-IT","potentialAction":[{"@type":"ReadAction","target":["https:\/\/agrifood.com.au\/services\/by-industry\/feed-and-fodder\/"]}]},{"@type":"ImageObject","inLanguage":"it-IT","@id":"https:\/\/agrifood.com.au\/services\/by-industry\/feed-and-fodder\/#primaryimage","url":"https:\/\/agrifood.com.au\/app\/uploads\/2025\/11\/hay-bale.jpg","contentUrl":"https:\/\/agrifood.com.au\/app\/uploads\/2025\/11\/hay-bale.jpg"},{"@type":"BreadcrumbList","@id":"https:\/\/agrifood.com.au\/services\/by-industry\/feed-and-fodder\/#breadcrumb","itemListElement":[{"@type":"ListItem","position":1,"name":"Home","item":"https:\/\/agrifood.com.au\/"},{"@type":"ListItem","position":2,"name":"Services","item":"https:\/\/agrifood.com.au\/services\/"},{"@type":"ListItem","position":3,"name":"By Industry","item":"https:\/\/agrifood.com.au\/?page_id=807"},{"@type":"ListItem","position":4,"name":"Feed &amp; Fodder"}]},{"@type":"WebSite","@id":"https:\/\/agrifood.com.au\/#website","url":"https:\/\/agrifood.com.au\/","name":"Tecnologia agroalimentare","description":"","publisher":{"@id":"https:\/\/agrifood.com.au\/#organization"},"potentialAction":[{"@type":"SearchAction","target":{"@type":"EntryPoint","urlTemplate":"https:\/\/agrifood.com.au\/?s={search_term_string}"},"query-input":{"@type":"PropertyValueSpecification","valueRequired":true,"valueName":"search_term_string"}}],"inLanguage":"it-IT"},{"@type":"Organization","@id":"https:\/\/agrifood.com.au\/#organization","name":"Tecnologia agroalimentare","url":"https:\/\/agrifood.com.au\/","logo":{"@type":"ImageObject","inLanguage":"it-IT","@id":"https:\/\/agrifood.com.au\/#\/schema\/logo\/image\/","url":"https:\/\/agrifood.com.au\/app\/uploads\/2025\/10\/Agrifood-News-Photo-scaled.png","contentUrl":"https:\/\/agrifood.com.au\/app\/uploads\/2025\/10\/Agrifood-News-Photo-scaled.png","width":2560,"height":1580,"caption":"Agrifood Technology"},"image":{"@id":"https:\/\/agrifood.com.au\/#\/schema\/logo\/image\/"}}]}},"_links":{"self":[{"href":"https:\/\/agrifood.com.au\/it\/wp-json\/wp\/v2\/pages\/809","targetHints":{"allow":["GET"]}}],"collection":[{"href":"https:\/\/agrifood.com.au\/it\/wp-json\/wp\/v2\/pages"}],"about":[{"href":"https:\/\/agrifood.com.au\/it\/wp-json\/wp\/v2\/types\/page"}],"author":[{"embeddable":true,"href":"https:\/\/agrifood.com.au\/it\/wp-json\/wp\/v2\/users\/1"}],"replies":[{"embeddable":true,"href":"https:\/\/agrifood.com.au\/it\/wp-json\/wp\/v2\/comments?post=809"}],"version-history":[{"count":9,"href":"https:\/\/agrifood.com.au\/it\/wp-json\/wp\/v2\/pages\/809\/revisions"}],"predecessor-version":[{"id":2746,"href":"https:\/\/agrifood.com.au\/it\/wp-json\/wp\/v2\/pages\/809\/revisions\/2746"}],"up":[{"embeddable":true,"href":"https:\/\/agrifood.com.au\/it\/wp-json\/wp\/v2\/pages\/807"}],"wp:attachment":[{"href":"https:\/\/agrifood.com.au\/it\/wp-json\/wp\/v2\/media?parent=809"}],"curies":[{"name":"wp","href":"https:\/\/api.w.org\/{rel}","templated":true}]}}