{"id":821,"date":"2025-09-11T14:12:06","date_gmt":"2025-09-11T14:12:06","guid":{"rendered":"https:\/\/agrifood.swim.net.au\/?page_id=821"},"modified":"2025-12-03T05:21:57","modified_gmt":"2025-12-03T05:21:57","slug":"nir-testing","status":"publish","type":"page","link":"https:\/\/agrifood.com.au\/it\/services\/by-capability\/feedtest-services\/nir-testing\/","title":{"rendered":"Test NIR"},"content":{"rendered":"<div class=\"wp-block-group is-style-boxed is-layout-constrained wp-block-group-is-layout-constrained\">\n<div class=\"wp-block-columns is-layout-flex wp-container-core-columns-is-layout-9d6595d7 wp-block-columns-is-layout-flex\">\n<div class=\"wp-block-column is-layout-flow wp-block-column-is-layout-flow\">\n<h2 class=\"wp-block-heading\">Pacchetto cereali<\/h2>\n\n\n\n<p>Per avena, orzo, grano e triticale.<\/p>\n\n\n\n<p>Parametri del test:<\/p>\n\n\n\n<ul class=\"wp-block-list\">\n<li>Umidit\u00e0, Materia secca (DM)<\/li>\n\n\n\n<li>Proteina grezza (CP)<\/li>\n\n\n\n<li>Fibra detergente acida (ADF)<\/li>\n\n\n\n<li>Digeribilit\u00e0 della sostanza secca (DDM)<\/li>\n\n\n\n<li>Digeribilit\u00e0 della sostanza secca organica (DOMD)<\/li>\n\n\n\n<li>Energia metabolizzabile (ME)<\/li>\n\n\n\n<li>Grasso (solo avena)<\/li>\n<\/ul>\n<\/div>\n\n\n\n<div class=\"wp-block-column is-layout-flow wp-block-column-is-layout-flow\">\n<figure class=\"wp-block-image size-full\"><img loading=\"lazy\" decoding=\"async\" width=\"1950\" height=\"1300\" src=\"https:\/\/agrifood.com.au\/app\/uploads\/2025\/11\/corn-jar.jpg\" alt=\"\" class=\"wp-image-2395\" srcset=\"https:\/\/agrifood.com.au\/app\/uploads\/2025\/11\/corn-jar.jpg 1950w, https:\/\/agrifood.com.au\/app\/uploads\/2025\/11\/corn-jar-300x200.jpg 300w, https:\/\/agrifood.com.au\/app\/uploads\/2025\/11\/corn-jar-1024x683.jpg 1024w, https:\/\/agrifood.com.au\/app\/uploads\/2025\/11\/corn-jar-768x512.jpg 768w, https:\/\/agrifood.com.au\/app\/uploads\/2025\/11\/corn-jar-1536x1024.jpg 1536w, https:\/\/agrifood.com.au\/app\/uploads\/2025\/11\/corn-jar-18x12.jpg 18w\" sizes=\"auto, (max-width: 1950px) 100vw, 1950px\" \/><\/figure>\n<\/div>\n<\/div>\n\n\n\n<div class=\"wp-block-columns is-layout-flex wp-container-core-columns-is-layout-9d6595d7 wp-block-columns-is-layout-flex\">\n<div class=\"wp-block-column is-layout-flow wp-block-column-is-layout-flow\">\n<figure class=\"wp-block-image size-full\"><img loading=\"lazy\" decoding=\"async\" width=\"350\" height=\"237\" src=\"https:\/\/agrifood.com.au\/app\/uploads\/2025\/09\/Hay.jpg\" alt=\"\" class=\"wp-image-1764\" srcset=\"https:\/\/agrifood.com.au\/app\/uploads\/2025\/09\/Hay.jpg 350w, https:\/\/agrifood.com.au\/app\/uploads\/2025\/09\/Hay-300x203.jpg 300w, https:\/\/agrifood.com.au\/app\/uploads\/2025\/09\/Hay-18x12.jpg 18w\" sizes=\"auto, (max-width: 350px) 100vw, 350px\" \/><\/figure>\n<\/div>\n\n\n\n<div class=\"wp-block-column is-layout-flow wp-block-column-is-layout-flow\">\n<h2 class=\"wp-block-heading\">Pacchetto qualit\u00e0 del foraggio<\/h2>\n\n\n\n<p>Per fieno, pascolo fresco, paglia, insilati di pascolo e insilati di mais.<\/p>\n\n\n\n<p>Parametri del test:<\/p>\n\n\n\n<ul class=\"wp-block-list\">\n<li>Umidit\u00e0<\/li>\n\n\n\n<li>Materia secca (DM)<\/li>\n\n\n\n<li>Proteina grezza (CP)<\/li>\n\n\n\n<li>Fibra detergente neutra (NDF)<\/li>\n\n\n\n<li>Digeribilit\u00e0 della sostanza secca (DDM)<\/li>\n\n\n\n<li>Digeribilit\u00e0 della sostanza secca organica (DOMD)<\/li>\n\n\n\n<li>Energia metabolizzabile (ME)<\/li>\n<\/ul>\n\n\n\n<p>Carboidrati solubili in acqua (SolCHO) e fibre detergenti acide (ADF) solo per i cereali.<\/p>\n<\/div>\n<\/div>\n\n\n\n<div class=\"wp-block-columns is-layout-flex wp-container-core-columns-is-layout-9d6595d7 wp-block-columns-is-layout-flex\">\n<div class=\"wp-block-column is-layout-flow wp-block-column-is-layout-flow\">\n<h2 class=\"wp-block-heading\">Pacchetto di mangimi in pellet<\/h2>\n\n\n\n<p>Per i mangimi misti pellettati.<\/p>\n\n\n\n<p>Parametri del test:<\/p>\n\n\n\n<ul class=\"wp-block-list\">\n<li>Umidit\u00e0<\/li>\n\n\n\n<li>Materia secca (DM)<\/li>\n\n\n\n<li>Proteina grezza (CP)<\/li>\n\n\n\n<li>Fibra detergente acida (ADF)<\/li>\n\n\n\n<li>Digeribilit\u00e0 della sostanza secca (DDM)<\/li>\n\n\n\n<li>Digeribilit\u00e0 della sostanza secca organica (DOMD)<\/li>\n\n\n\n<li>Energia metabolizzabile (ME)<\/li>\n\n\n\n<li>Cenere<\/li>\n\n\n\n<li>Grasso<\/li>\n<\/ul>\n<\/div>\n\n\n\n<div class=\"wp-block-column is-layout-flow wp-block-column-is-layout-flow\">\n<figure class=\"wp-block-image size-full\"><img loading=\"lazy\" decoding=\"async\" width=\"1291\" height=\"812\" src=\"https:\/\/agrifood.com.au\/app\/uploads\/2025\/11\/FeedTest-Pellets.jpg\" alt=\"\" class=\"wp-image-2396\" srcset=\"https:\/\/agrifood.com.au\/app\/uploads\/2025\/11\/FeedTest-Pellets.jpg 1291w, https:\/\/agrifood.com.au\/app\/uploads\/2025\/11\/FeedTest-Pellets-300x189.jpg 300w, https:\/\/agrifood.com.au\/app\/uploads\/2025\/11\/FeedTest-Pellets-1024x644.jpg 1024w, https:\/\/agrifood.com.au\/app\/uploads\/2025\/11\/FeedTest-Pellets-768x483.jpg 768w, https:\/\/agrifood.com.au\/app\/uploads\/2025\/11\/FeedTest-Pellets-18x12.jpg 18w\" sizes=\"auto, (max-width: 1291px) 100vw, 1291px\" \/><\/figure>\n<\/div>\n<\/div>\n\n\n\n<div class=\"wp-block-columns is-layout-flex wp-container-core-columns-is-layout-9d6595d7 wp-block-columns-is-layout-flex\">\n<div class=\"wp-block-column is-layout-flow wp-block-column-is-layout-flow\">\n<figure class=\"wp-block-image size-full\"><img loading=\"lazy\" decoding=\"async\" width=\"350\" height=\"265\" src=\"https:\/\/agrifood.com.au\/app\/uploads\/2025\/09\/FeedTest-Photo.jpg\" alt=\"\" class=\"wp-image-1766\" srcset=\"https:\/\/agrifood.com.au\/app\/uploads\/2025\/09\/FeedTest-Photo.jpg 350w, https:\/\/agrifood.com.au\/app\/uploads\/2025\/09\/FeedTest-Photo-300x227.jpg 300w, https:\/\/agrifood.com.au\/app\/uploads\/2025\/09\/FeedTest-Photo-16x12.jpg 16w\" sizes=\"auto, (max-width: 350px) 100vw, 350px\" \/><\/figure>\n<\/div>\n\n\n\n<div class=\"wp-block-column is-layout-flow wp-block-column-is-layout-flow\">\n<h2 class=\"wp-block-heading\">Pacchetto Cavallo<\/h2>\n\n\n\n<p>Per fieno, pascolo fresco e cereali.<\/p>\n\n\n\n<p>Parametri del test:<\/p>\n\n\n\n<ul class=\"wp-block-list\">\n<li>Energia digeribile (DE)<\/li>\n\n\n\n<li>Umidit\u00e0<\/li>\n\n\n\n<li>Materia secca (DM)<\/li>\n\n\n\n<li>Fibra detergente acida (ADF)<\/li>\n\n\n\n<li>Proteina grezza (CP)<\/li>\n<\/ul>\n<\/div>\n<\/div>\n\n\n\n<div class=\"wp-block-columns is-layout-flex wp-container-core-columns-is-layout-9d6595d7 wp-block-columns-is-layout-flex\">\n<div class=\"wp-block-column is-layout-flow wp-block-column-is-layout-flow\">\n<h2 class=\"wp-block-heading\">Pacchetto AusScan per suini e pollame<\/h2>\n\n\n\n<p>Per frumento, triticale, orzo, sorgo, farina di soia e farina di colza.<\/p>\n\n\n\n<p>Parametri del test:<\/p>\n\n\n\n<ul class=\"wp-block-list\">\n<li>Umidit\u00e0<\/li>\n\n\n\n<li>Materia secca (DM)<\/li>\n\n\n\n<li>Fibra detergente acida (ADF), NDF Englyst, fibra grezza<\/li>\n\n\n\n<li>DE fecale e ileale di maiale<\/li>\n\n\n\n<li>Pollame Broiler ME apparente<\/li>\n<\/ul>\n\n\n\n<p>AusScan non \u00e8 disponibile su grani misti o miscele di mangimi. Quando AusScan viene richiesto in aggiunta a un pacchetto qualit\u00e0 FeedTest NIR, non vi \u00e8 alcun costo aggiuntivo per AusScan. AusScan \u00e8 una calibrazione commerciale resa disponibile attraverso il Pork CRC. Sostituisce il SARDI eNIRgy.<\/p>\n<\/div>\n\n\n\n<div class=\"wp-block-column is-layout-flow wp-block-column-is-layout-flow\">\n<figure class=\"wp-block-image size-full\"><img loading=\"lazy\" decoding=\"async\" width=\"360\" height=\"240\" src=\"https:\/\/agrifood.com.au\/app\/uploads\/2025\/09\/240_F_439298956_7xW5GIAsdypsNV9D9zuBEWMJmNv4cGea.jpg\" alt=\"\" class=\"wp-image-1768\" srcset=\"https:\/\/agrifood.com.au\/app\/uploads\/2025\/09\/240_F_439298956_7xW5GIAsdypsNV9D9zuBEWMJmNv4cGea.jpg 360w, https:\/\/agrifood.com.au\/app\/uploads\/2025\/09\/240_F_439298956_7xW5GIAsdypsNV9D9zuBEWMJmNv4cGea-300x200.jpg 300w, https:\/\/agrifood.com.au\/app\/uploads\/2025\/09\/240_F_439298956_7xW5GIAsdypsNV9D9zuBEWMJmNv4cGea-18x12.jpg 18w\" sizes=\"auto, (max-width: 360px) 100vw, 360px\" \/><\/figure>\n<\/div>\n<\/div>\n<\/div>","protected":false},"excerpt":{"rendered":"<p>Cereal Grain Package For oat, barley, wheat and triticale grains. Test parameters: Fodder Quality Package For hay, fresh cut pasture, straw, pasture silage and maize s\u2026<\/p>","protected":false},"author":1,"featured_media":0,"parent":815,"menu_order":0,"comment_status":"closed","ping_status":"closed","template":"","meta":{"_acf_changed":false,"footnotes":""},"class_list":["post-821","page","type-page","status-publish","hentry"],"acf":[],"yoast_head":"<!-- This site is optimized with the Yoast SEO plugin v27.0 - https:\/\/yoast.com\/product\/yoast-seo-wordpress\/ -->\n<title>NIR Testing - Agrifood Technology<\/title>\n<meta name=\"robots\" content=\"index, follow, max-snippet:-1, max-image-preview:large, max-video-preview:-1\" \/>\n<link rel=\"canonical\" href=\"https:\/\/agrifood.com.au\/it\/services\/by-capability\/feedtest-services\/nir-testing\/\" \/>\n<meta property=\"og:locale\" content=\"it_IT\" \/>\n<meta property=\"og:type\" content=\"article\" \/>\n<meta property=\"og:title\" content=\"NIR Testing - Agrifood Technology\" \/>\n<meta property=\"og:description\" content=\"Cereal Grain Package For oat, barley, wheat and triticale grains. Test parameters: Fodder Quality Package For hay, fresh cut pasture, straw, pasture silage and maize s\u2026\" \/>\n<meta property=\"og:url\" content=\"https:\/\/agrifood.com.au\/it\/services\/by-capability\/feedtest-services\/nir-testing\/\" \/>\n<meta property=\"og:site_name\" content=\"Agrifood Technology\" \/>\n<meta property=\"article:modified_time\" content=\"2025-12-03T05:21:57+00:00\" \/>\n<meta property=\"og:image\" content=\"https:\/\/agrifood.com.au\/app\/uploads\/2025\/11\/corn-jar.jpg\" \/>\n\t<meta property=\"og:image:width\" content=\"1950\" \/>\n\t<meta property=\"og:image:height\" content=\"1300\" \/>\n\t<meta property=\"og:image:type\" content=\"image\/jpeg\" \/>\n<meta name=\"twitter:card\" content=\"summary_large_image\" \/>\n<meta name=\"twitter:label1\" content=\"Est. reading time\" \/>\n\t<meta name=\"twitter:data1\" content=\"1 minute\" \/>\n<script type=\"application\/ld+json\" class=\"yoast-schema-graph\">{\"@context\":\"https:\/\/schema.org\",\"@graph\":[{\"@type\":\"WebPage\",\"@id\":\"https:\/\/agrifood.com.au\/services\/by-capability\/feedtest-services\/nir-testing\/\",\"url\":\"https:\/\/agrifood.com.au\/services\/by-capability\/feedtest-services\/nir-testing\/\",\"name\":\"NIR Testing - Agrifood Technology\",\"isPartOf\":{\"@id\":\"https:\/\/agrifood.com.au\/#website\"},\"primaryImageOfPage\":{\"@id\":\"https:\/\/agrifood.com.au\/services\/by-capability\/feedtest-services\/nir-testing\/#primaryimage\"},\"image\":{\"@id\":\"https:\/\/agrifood.com.au\/services\/by-capability\/feedtest-services\/nir-testing\/#primaryimage\"},\"thumbnailUrl\":\"https:\/\/agrifood.com.au\/app\/uploads\/2025\/11\/corn-jar.jpg\",\"datePublished\":\"2025-09-11T14:12:06+00:00\",\"dateModified\":\"2025-12-03T05:21:57+00:00\",\"breadcrumb\":{\"@id\":\"https:\/\/agrifood.com.au\/services\/by-capability\/feedtest-services\/nir-testing\/#breadcrumb\"},\"inLanguage\":\"it-IT\",\"potentialAction\":[{\"@type\":\"ReadAction\",\"target\":[\"https:\/\/agrifood.com.au\/services\/by-capability\/feedtest-services\/nir-testing\/\"]}]},{\"@type\":\"ImageObject\",\"inLanguage\":\"it-IT\",\"@id\":\"https:\/\/agrifood.com.au\/services\/by-capability\/feedtest-services\/nir-testing\/#primaryimage\",\"url\":\"https:\/\/agrifood.com.au\/app\/uploads\/2025\/11\/corn-jar.jpg\",\"contentUrl\":\"https:\/\/agrifood.com.au\/app\/uploads\/2025\/11\/corn-jar.jpg\"},{\"@type\":\"BreadcrumbList\",\"@id\":\"https:\/\/agrifood.com.au\/services\/by-capability\/feedtest-services\/nir-testing\/#breadcrumb\",\"itemListElement\":[{\"@type\":\"ListItem\",\"position\":1,\"name\":\"Home\",\"item\":\"https:\/\/agrifood.com.au\/\"},{\"@type\":\"ListItem\",\"position\":2,\"name\":\"Services\",\"item\":\"https:\/\/agrifood.com.au\/services\/\"},{\"@type\":\"ListItem\",\"position\":3,\"name\":\"By Capability\",\"item\":\"https:\/\/agrifood.com.au\/?page_id=811\"},{\"@type\":\"ListItem\",\"position\":4,\"name\":\"FeedTest Services\",\"item\":\"https:\/\/agrifood.com.au\/?page_id=815\"},{\"@type\":\"ListItem\",\"position\":5,\"name\":\"NIR Testing\"}]},{\"@type\":\"WebSite\",\"@id\":\"https:\/\/agrifood.com.au\/#website\",\"url\":\"https:\/\/agrifood.com.au\/\",\"name\":\"Agrifood Technology\",\"description\":\"\",\"publisher\":{\"@id\":\"https:\/\/agrifood.com.au\/#organization\"},\"potentialAction\":[{\"@type\":\"SearchAction\",\"target\":{\"@type\":\"EntryPoint\",\"urlTemplate\":\"https:\/\/agrifood.com.au\/?s={search_term_string}\"},\"query-input\":{\"@type\":\"PropertyValueSpecification\",\"valueRequired\":true,\"valueName\":\"search_term_string\"}}],\"inLanguage\":\"it-IT\"},{\"@type\":\"Organization\",\"@id\":\"https:\/\/agrifood.com.au\/#organization\",\"name\":\"Agrifood Technology\",\"url\":\"https:\/\/agrifood.com.au\/\",\"logo\":{\"@type\":\"ImageObject\",\"inLanguage\":\"it-IT\",\"@id\":\"https:\/\/agrifood.com.au\/#\/schema\/logo\/image\/\",\"url\":\"https:\/\/agrifood.com.au\/app\/uploads\/2025\/10\/Agrifood-News-Photo-scaled.png\",\"contentUrl\":\"https:\/\/agrifood.com.au\/app\/uploads\/2025\/10\/Agrifood-News-Photo-scaled.png\",\"width\":2560,\"height\":1580,\"caption\":\"Agrifood Technology\"},\"image\":{\"@id\":\"https:\/\/agrifood.com.au\/#\/schema\/logo\/image\/\"}}]}<\/script>\n<!-- \/ Yoast SEO plugin. -->","yoast_head_json":{"title":"NIR Testing - Agrifood Technology","robots":{"index":"index","follow":"follow","max-snippet":"max-snippet:-1","max-image-preview":"max-image-preview:large","max-video-preview":"max-video-preview:-1"},"canonical":"https:\/\/agrifood.com.au\/it\/services\/by-capability\/feedtest-services\/nir-testing\/","og_locale":"it_IT","og_type":"article","og_title":"NIR Testing - Agrifood Technology","og_description":"Cereal Grain Package For oat, barley, wheat and triticale grains. Test parameters: Fodder Quality Package For hay, fresh cut pasture, straw, pasture silage and maize s\u2026","og_url":"https:\/\/agrifood.com.au\/it\/services\/by-capability\/feedtest-services\/nir-testing\/","og_site_name":"Agrifood Technology","article_modified_time":"2025-12-03T05:21:57+00:00","og_image":[{"width":1950,"height":1300,"url":"https:\/\/agrifood.com.au\/app\/uploads\/2025\/11\/corn-jar.jpg","type":"image\/jpeg"}],"twitter_card":"summary_large_image","twitter_misc":{"Est. reading time":"1 minute"},"schema":{"@context":"https:\/\/schema.org","@graph":[{"@type":"WebPage","@id":"https:\/\/agrifood.com.au\/services\/by-capability\/feedtest-services\/nir-testing\/","url":"https:\/\/agrifood.com.au\/services\/by-capability\/feedtest-services\/nir-testing\/","name":"NIR Testing - Agrifood Technology","isPartOf":{"@id":"https:\/\/agrifood.com.au\/#website"},"primaryImageOfPage":{"@id":"https:\/\/agrifood.com.au\/services\/by-capability\/feedtest-services\/nir-testing\/#primaryimage"},"image":{"@id":"https:\/\/agrifood.com.au\/services\/by-capability\/feedtest-services\/nir-testing\/#primaryimage"},"thumbnailUrl":"https:\/\/agrifood.com.au\/app\/uploads\/2025\/11\/corn-jar.jpg","datePublished":"2025-09-11T14:12:06+00:00","dateModified":"2025-12-03T05:21:57+00:00","breadcrumb":{"@id":"https:\/\/agrifood.com.au\/services\/by-capability\/feedtest-services\/nir-testing\/#breadcrumb"},"inLanguage":"it-IT","potentialAction":[{"@type":"ReadAction","target":["https:\/\/agrifood.com.au\/services\/by-capability\/feedtest-services\/nir-testing\/"]}]},{"@type":"ImageObject","inLanguage":"it-IT","@id":"https:\/\/agrifood.com.au\/services\/by-capability\/feedtest-services\/nir-testing\/#primaryimage","url":"https:\/\/agrifood.com.au\/app\/uploads\/2025\/11\/corn-jar.jpg","contentUrl":"https:\/\/agrifood.com.au\/app\/uploads\/2025\/11\/corn-jar.jpg"},{"@type":"BreadcrumbList","@id":"https:\/\/agrifood.com.au\/services\/by-capability\/feedtest-services\/nir-testing\/#breadcrumb","itemListElement":[{"@type":"ListItem","position":1,"name":"Home","item":"https:\/\/agrifood.com.au\/"},{"@type":"ListItem","position":2,"name":"Services","item":"https:\/\/agrifood.com.au\/services\/"},{"@type":"ListItem","position":3,"name":"By Capability","item":"https:\/\/agrifood.com.au\/?page_id=811"},{"@type":"ListItem","position":4,"name":"FeedTest Services","item":"https:\/\/agrifood.com.au\/?page_id=815"},{"@type":"ListItem","position":5,"name":"NIR Testing"}]},{"@type":"WebSite","@id":"https:\/\/agrifood.com.au\/#website","url":"https:\/\/agrifood.com.au\/","name":"Tecnologia agroalimentare","description":"","publisher":{"@id":"https:\/\/agrifood.com.au\/#organization"},"potentialAction":[{"@type":"SearchAction","target":{"@type":"EntryPoint","urlTemplate":"https:\/\/agrifood.com.au\/?s={search_term_string}"},"query-input":{"@type":"PropertyValueSpecification","valueRequired":true,"valueName":"search_term_string"}}],"inLanguage":"it-IT"},{"@type":"Organization","@id":"https:\/\/agrifood.com.au\/#organization","name":"Tecnologia agroalimentare","url":"https:\/\/agrifood.com.au\/","logo":{"@type":"ImageObject","inLanguage":"it-IT","@id":"https:\/\/agrifood.com.au\/#\/schema\/logo\/image\/","url":"https:\/\/agrifood.com.au\/app\/uploads\/2025\/10\/Agrifood-News-Photo-scaled.png","contentUrl":"https:\/\/agrifood.com.au\/app\/uploads\/2025\/10\/Agrifood-News-Photo-scaled.png","width":2560,"height":1580,"caption":"Agrifood Technology"},"image":{"@id":"https:\/\/agrifood.com.au\/#\/schema\/logo\/image\/"}}]}},"_links":{"self":[{"href":"https:\/\/agrifood.com.au\/it\/wp-json\/wp\/v2\/pages\/821","targetHints":{"allow":["GET"]}}],"collection":[{"href":"https:\/\/agrifood.com.au\/it\/wp-json\/wp\/v2\/pages"}],"about":[{"href":"https:\/\/agrifood.com.au\/it\/wp-json\/wp\/v2\/types\/page"}],"author":[{"embeddable":true,"href":"https:\/\/agrifood.com.au\/it\/wp-json\/wp\/v2\/users\/1"}],"replies":[{"embeddable":true,"href":"https:\/\/agrifood.com.au\/it\/wp-json\/wp\/v2\/comments?post=821"}],"version-history":[{"count":8,"href":"https:\/\/agrifood.com.au\/it\/wp-json\/wp\/v2\/pages\/821\/revisions"}],"predecessor-version":[{"id":2754,"href":"https:\/\/agrifood.com.au\/it\/wp-json\/wp\/v2\/pages\/821\/revisions\/2754"}],"up":[{"embeddable":true,"href":"https:\/\/agrifood.com.au\/it\/wp-json\/wp\/v2\/pages\/815"}],"wp:attachment":[{"href":"https:\/\/agrifood.com.au\/it\/wp-json\/wp\/v2\/media?parent=821"}],"curies":[{"name":"wp","href":"https:\/\/api.w.org\/{rel}","templated":true}]}}