{"id":848,"date":"2025-09-11T14:45:35","date_gmt":"2025-09-11T14:45:35","guid":{"rendered":"https:\/\/agrifood.swim.net.au\/?page_id=848"},"modified":"2025-11-27T02:22:04","modified_gmt":"2025-11-27T02:22:04","slug":"nutritional-testing","status":"publish","type":"page","link":"https:\/\/agrifood.com.au\/it\/services\/by-capability\/agrifood-services\/nutritional-testing\/","title":{"rendered":"Test nutrizionali"},"content":{"rendered":"<div class=\"wp-block-group is-style-boxed is-layout-constrained wp-block-group-is-layout-constrained\">\n<div class=\"wp-block-columns is-layout-flex wp-container-core-columns-is-layout-9d6595d7 wp-block-columns-is-layout-flex\">\n<div class=\"wp-block-column is-layout-flow wp-block-column-is-layout-flow\">\n<p>Se lavorate nel settore alimentare, conoscete l'importanza delle etichette nutrizionali sugli alimenti che producete e vendete. La reputazione della vostra azienda \u00e8 in gioco quando i vostri clienti si affidano all'accuratezza e ai dettagli delle etichette nutrizionali.<\/p>\n\n\n\n<p>Noi di Agrifood Technology abbiamo oltre 35 anni di esperienza in questo campo e siamo orgogliosi di servire l'Australia con le nostre strutture di analisi in tutto il continente. Se avete bisogno di servizi di profilazione nutrizionale, contattateci oggi stesso per saperne di pi\u00f9 su come possiamo aiutarvi.<\/p>\n<\/div>\n\n\n\n<div class=\"wp-block-column is-layout-flow wp-block-column-is-layout-flow\">\n<figure class=\"wp-block-image size-large\"><img loading=\"lazy\" decoding=\"async\" width=\"1024\" height=\"678\" src=\"https:\/\/agrifood.com.au\/app\/uploads\/2025\/08\/image-9-1024x678.png\" alt=\"\" class=\"wp-image-389\" srcset=\"https:\/\/agrifood.com.au\/app\/uploads\/2025\/08\/image-9-1024x678.png 1024w, https:\/\/agrifood.com.au\/app\/uploads\/2025\/08\/image-9-300x199.png 300w, https:\/\/agrifood.com.au\/app\/uploads\/2025\/08\/image-9-768x509.png 768w, https:\/\/agrifood.com.au\/app\/uploads\/2025\/08\/image-9-1536x1017.png 1536w, https:\/\/agrifood.com.au\/app\/uploads\/2025\/08\/image-9-2048x1357.png 2048w, https:\/\/agrifood.com.au\/app\/uploads\/2025\/08\/image-9.png 2192w\" sizes=\"auto, (max-width: 1024px) 100vw, 1024px\" \/><\/figure>\n<\/div>\n<\/div>\n\n\n\n<div class=\"wp-block-columns is-layout-flex wp-container-core-columns-is-layout-9d6595d7 wp-block-columns-is-layout-flex\">\n<div class=\"wp-block-column is-layout-flow wp-block-column-is-layout-flow\">\n<figure class=\"wp-block-image size-large\"><img loading=\"lazy\" decoding=\"async\" width=\"1024\" height=\"683\" src=\"https:\/\/agrifood.com.au\/app\/uploads\/2025\/11\/Nutrional-Label-shopping-1024x683.jpg\" alt=\"\" class=\"wp-image-2393\" srcset=\"https:\/\/agrifood.com.au\/app\/uploads\/2025\/11\/Nutrional-Label-shopping-1024x683.jpg 1024w, https:\/\/agrifood.com.au\/app\/uploads\/2025\/11\/Nutrional-Label-shopping-300x200.jpg 300w, https:\/\/agrifood.com.au\/app\/uploads\/2025\/11\/Nutrional-Label-shopping-768x512.jpg 768w, https:\/\/agrifood.com.au\/app\/uploads\/2025\/11\/Nutrional-Label-shopping-18x12.jpg 18w, https:\/\/agrifood.com.au\/app\/uploads\/2025\/11\/Nutrional-Label-shopping.jpg 1254w\" sizes=\"auto, (max-width: 1024px) 100vw, 1024px\" \/><\/figure>\n<\/div>\n\n\n\n<div class=\"wp-block-column is-layout-flow wp-block-column-is-layout-flow\">\n<h3 class=\"wp-block-heading\">Che cos'\u00e8 il profilo nutrizionale?<\/h3>\n\n\n\n<p>Il profilo nutrizionale prevede l'analisi di una serie di elementi, come illustrato di seguito:<\/p>\n\n\n\n<ul class=\"wp-block-list\">\n<li>Energia<\/li>\n\n\n\n<li>Carboidrati<\/li>\n\n\n\n<li>Proteine<\/li>\n\n\n\n<li>Contenuto di grassi<\/li>\n\n\n\n<li>Profilo lipidico - Acidi grassi trans, saturi, insaturi e omega<\/li>\n\n\n\n<li>Zuccheri<\/li>\n\n\n\n<li>Sodio<\/li>\n\n\n\n<li>Fibra alimentare totale<\/li>\n\n\n\n<li>Umidit\u00e0 e ceneri (utilizzate per calcolare i carboidrati)<\/li>\n<\/ul>\n\n\n\n<p>Inoltre, ci sono una serie di altri componenti che sono importanti per alcuni prodotti alimentari, come ad esempio:<\/p>\n\n\n\n<ul class=\"wp-block-list\">\n<li>Vitamine<\/li>\n\n\n\n<li>Caffeina<\/li>\n\n\n\n<li>Alcool<\/li>\n\n\n\n<li>Colesterolo<\/li>\n\n\n\n<li>Minerali<\/li>\n\n\n\n<li>Aminoacidi<\/li>\n<\/ul>\n\n\n\n<p>Il team di scienziati di Agrifood Technology \u00e8 esperto nei propri settori e vi aiuter\u00e0 a soddisfare gli standard alimentari e i vostri requisiti di qualit\u00e0.<\/p>\n<\/div>\n<\/div>\n\n\n\n<div class=\"wp-block-columns is-layout-flex wp-container-core-columns-is-layout-9d6595d7 wp-block-columns-is-layout-flex\">\n<div class=\"wp-block-column is-layout-flow wp-block-column-is-layout-flow\">\n<h3 class=\"wp-block-heading\">Perch\u00e9 \u00e8 importante?<\/h3>\n\n\n\n<p>Molte persone fanno affidamento su questi dettagli, soprattutto se controllano attentamente ci\u00f2 che mangiano o se hanno restrizioni dietetiche severe. Ad esempio, alcune persone devono tenere sotto controllo la quantit\u00e0 di sodio o di colesterolo che consumano, quindi prestano molta attenzione a tutte le etichette nutrizionali degli alimenti. Tuttavia, se i dati nutrizionali dei vostri alimenti sono imprecisi, potreste rischiare di danneggiare la loro salute e di perdere la loro attivit\u00e0.<\/p>\n\n\n\n<p>Al contrario, volete dimostrare ai vostri clienti che tenete alla loro salute e fargli capire che possono fidarsi di voi e delle vostre informazioni nutrizionali. Potete affidarvi ad Agrifood Technology per fornire ai vostri clienti tutte le informazioni accurate di cui hanno bisogno quando consumano i vostri prodotti.<\/p>\n\n\n\n<p><\/p>\n<\/div>\n\n\n\n<div class=\"wp-block-column is-layout-flow wp-block-column-is-layout-flow\">\n<figure class=\"wp-block-image size-large\"><img loading=\"lazy\" decoding=\"async\" width=\"1024\" height=\"683\" src=\"https:\/\/agrifood.com.au\/app\/uploads\/2025\/11\/Bread-sorts-1024x683.jpg\" alt=\"\" class=\"wp-image-2281\" srcset=\"https:\/\/agrifood.com.au\/app\/uploads\/2025\/11\/Bread-sorts-1024x683.jpg 1024w, https:\/\/agrifood.com.au\/app\/uploads\/2025\/11\/Bread-sorts-300x200.jpg 300w, https:\/\/agrifood.com.au\/app\/uploads\/2025\/11\/Bread-sorts-768x512.jpg 768w, https:\/\/agrifood.com.au\/app\/uploads\/2025\/11\/Bread-sorts-1536x1024.jpg 1536w, https:\/\/agrifood.com.au\/app\/uploads\/2025\/11\/Bread-sorts-2048x1365.jpg 2048w, https:\/\/agrifood.com.au\/app\/uploads\/2025\/11\/Bread-sorts-18x12.jpg 18w, https:\/\/agrifood.com.au\/app\/uploads\/2025\/11\/Bread-sorts-scaled.jpg 2560w\" sizes=\"auto, (max-width: 1024px) 100vw, 1024px\" \/><\/figure>\n<\/div>\n<\/div>\n\n\n\n<h2 class=\"wp-block-heading\">Per saperne di pi\u00f9<\/h2>\n\n\n\n<div class=\"wp-block-buttons is-layout-flex wp-block-buttons-is-layout-flex\">\n<div class=\"wp-block-button is-style-default\"><a class=\"wp-block-button__link wp-element-button\" href=\"\/it\/services\/by-capability\/agrifood-services\/microbiological-testing\/shelf-life-testing\/\">Test sulla durata di conservazione<\/a><\/div>\n\n\n\n<div class=\"wp-block-button is-style-default\"><a class=\"wp-block-button__link wp-element-button\" href=\"\/it\/services\/by-capability\/agrifood-services\/microbiological-testing\/\">Test microbiologici<\/a><\/div>\n\n\n\n<div class=\"wp-block-button is-style-default\"><a class=\"wp-block-button__link wp-element-button\" href=\"\/it\/services\/by-capability\/agrifood-services\/food-safety-testing\/allergen-testing\/\">Test sugli allergeni<\/a><\/div>\n<\/div>\n<\/div>","protected":false},"excerpt":{"rendered":"<p>If you are in the food industry, you know the importance of nutrition labels on the foods you produce and sell. Your company\u2019s reputation is at stake when your custo\u2026<\/p>","protected":false},"author":1,"featured_media":0,"parent":813,"menu_order":0,"comment_status":"closed","ping_status":"closed","template":"","meta":{"_acf_changed":false,"footnotes":""},"class_list":["post-848","page","type-page","status-publish","hentry"],"acf":[],"yoast_head":"<!-- This site is optimized with the Yoast SEO plugin v27.0 - https:\/\/yoast.com\/product\/yoast-seo-wordpress\/ -->\n<title>Nutritional Testing - Agrifood Technology<\/title>\n<meta name=\"robots\" content=\"index, follow, max-snippet:-1, max-image-preview:large, max-video-preview:-1\" \/>\n<link rel=\"canonical\" href=\"https:\/\/agrifood.com.au\/it\/services\/by-capability\/agrifood-services\/nutritional-testing\/\" \/>\n<meta property=\"og:locale\" content=\"it_IT\" \/>\n<meta property=\"og:type\" content=\"article\" \/>\n<meta property=\"og:title\" content=\"Nutritional Testing - Agrifood Technology\" \/>\n<meta property=\"og:description\" content=\"If you are in the food industry, you know the importance of nutrition labels on the foods you produce and sell. Your company\u2019s reputation is at stake when your custo\u2026\" \/>\n<meta property=\"og:url\" content=\"https:\/\/agrifood.com.au\/it\/services\/by-capability\/agrifood-services\/nutritional-testing\/\" \/>\n<meta property=\"og:site_name\" content=\"Agrifood Technology\" \/>\n<meta property=\"article:modified_time\" content=\"2025-11-27T02:22:04+00:00\" \/>\n<meta property=\"og:image\" content=\"https:\/\/agrifood.com.au\/app\/uploads\/2025\/08\/image-9-1024x678.png\" \/>\n\t<meta property=\"og:image:width\" content=\"1024\" \/>\n\t<meta property=\"og:image:height\" content=\"678\" \/>\n\t<meta property=\"og:image:type\" content=\"image\/png\" \/>\n<meta name=\"twitter:card\" content=\"summary_large_image\" \/>\n<meta name=\"twitter:label1\" content=\"Est. reading time\" \/>\n\t<meta name=\"twitter:data1\" content=\"1 minute\" \/>\n<script type=\"application\/ld+json\" class=\"yoast-schema-graph\">{\"@context\":\"https:\/\/schema.org\",\"@graph\":[{\"@type\":\"WebPage\",\"@id\":\"https:\/\/agrifood.com.au\/services\/by-capability\/agrifood-services\/nutritional-testing\/\",\"url\":\"https:\/\/agrifood.com.au\/services\/by-capability\/agrifood-services\/nutritional-testing\/\",\"name\":\"Nutritional Testing - Agrifood Technology\",\"isPartOf\":{\"@id\":\"https:\/\/agrifood.com.au\/#website\"},\"primaryImageOfPage\":{\"@id\":\"https:\/\/agrifood.com.au\/services\/by-capability\/agrifood-services\/nutritional-testing\/#primaryimage\"},\"image\":{\"@id\":\"https:\/\/agrifood.com.au\/services\/by-capability\/agrifood-services\/nutritional-testing\/#primaryimage\"},\"thumbnailUrl\":\"https:\/\/agrifood.com.au\/app\/uploads\/2025\/08\/image-9-1024x678.png\",\"datePublished\":\"2025-09-11T14:45:35+00:00\",\"dateModified\":\"2025-11-27T02:22:04+00:00\",\"breadcrumb\":{\"@id\":\"https:\/\/agrifood.com.au\/services\/by-capability\/agrifood-services\/nutritional-testing\/#breadcrumb\"},\"inLanguage\":\"it-IT\",\"potentialAction\":[{\"@type\":\"ReadAction\",\"target\":[\"https:\/\/agrifood.com.au\/services\/by-capability\/agrifood-services\/nutritional-testing\/\"]}]},{\"@type\":\"ImageObject\",\"inLanguage\":\"it-IT\",\"@id\":\"https:\/\/agrifood.com.au\/services\/by-capability\/agrifood-services\/nutritional-testing\/#primaryimage\",\"url\":\"https:\/\/agrifood.com.au\/app\/uploads\/2025\/08\/image-9-1024x678.png\",\"contentUrl\":\"https:\/\/agrifood.com.au\/app\/uploads\/2025\/08\/image-9-1024x678.png\"},{\"@type\":\"BreadcrumbList\",\"@id\":\"https:\/\/agrifood.com.au\/services\/by-capability\/agrifood-services\/nutritional-testing\/#breadcrumb\",\"itemListElement\":[{\"@type\":\"ListItem\",\"position\":1,\"name\":\"Home\",\"item\":\"https:\/\/agrifood.com.au\/\"},{\"@type\":\"ListItem\",\"position\":2,\"name\":\"Services\",\"item\":\"https:\/\/agrifood.com.au\/services\/\"},{\"@type\":\"ListItem\",\"position\":3,\"name\":\"By Capability\",\"item\":\"https:\/\/agrifood.com.au\/?page_id=811\"},{\"@type\":\"ListItem\",\"position\":4,\"name\":\"Agrifood Services\",\"item\":\"https:\/\/agrifood.com.au\/services\/by-capability\/agrifood-services\/\"},{\"@type\":\"ListItem\",\"position\":5,\"name\":\"Nutritional Testing\"}]},{\"@type\":\"WebSite\",\"@id\":\"https:\/\/agrifood.com.au\/#website\",\"url\":\"https:\/\/agrifood.com.au\/\",\"name\":\"Agrifood Technology\",\"description\":\"\",\"publisher\":{\"@id\":\"https:\/\/agrifood.com.au\/#organization\"},\"potentialAction\":[{\"@type\":\"SearchAction\",\"target\":{\"@type\":\"EntryPoint\",\"urlTemplate\":\"https:\/\/agrifood.com.au\/?s={search_term_string}\"},\"query-input\":{\"@type\":\"PropertyValueSpecification\",\"valueRequired\":true,\"valueName\":\"search_term_string\"}}],\"inLanguage\":\"it-IT\"},{\"@type\":\"Organization\",\"@id\":\"https:\/\/agrifood.com.au\/#organization\",\"name\":\"Agrifood Technology\",\"url\":\"https:\/\/agrifood.com.au\/\",\"logo\":{\"@type\":\"ImageObject\",\"inLanguage\":\"it-IT\",\"@id\":\"https:\/\/agrifood.com.au\/#\/schema\/logo\/image\/\",\"url\":\"https:\/\/agrifood.com.au\/app\/uploads\/2025\/10\/Agrifood-News-Photo-scaled.png\",\"contentUrl\":\"https:\/\/agrifood.com.au\/app\/uploads\/2025\/10\/Agrifood-News-Photo-scaled.png\",\"width\":2560,\"height\":1580,\"caption\":\"Agrifood Technology\"},\"image\":{\"@id\":\"https:\/\/agrifood.com.au\/#\/schema\/logo\/image\/\"}}]}<\/script>\n<!-- \/ Yoast SEO plugin. -->","yoast_head_json":{"title":"Nutritional Testing - Agrifood Technology","robots":{"index":"index","follow":"follow","max-snippet":"max-snippet:-1","max-image-preview":"max-image-preview:large","max-video-preview":"max-video-preview:-1"},"canonical":"https:\/\/agrifood.com.au\/it\/services\/by-capability\/agrifood-services\/nutritional-testing\/","og_locale":"it_IT","og_type":"article","og_title":"Nutritional Testing - Agrifood Technology","og_description":"If you are in the food industry, you know the importance of nutrition labels on the foods you produce and sell. Your company\u2019s reputation is at stake when your custo\u2026","og_url":"https:\/\/agrifood.com.au\/it\/services\/by-capability\/agrifood-services\/nutritional-testing\/","og_site_name":"Agrifood Technology","article_modified_time":"2025-11-27T02:22:04+00:00","og_image":[{"width":1024,"height":678,"url":"https:\/\/agrifood.com.au\/app\/uploads\/2025\/08\/image-9-1024x678.png","type":"image\/png"}],"twitter_card":"summary_large_image","twitter_misc":{"Est. reading time":"1 minute"},"schema":{"@context":"https:\/\/schema.org","@graph":[{"@type":"WebPage","@id":"https:\/\/agrifood.com.au\/services\/by-capability\/agrifood-services\/nutritional-testing\/","url":"https:\/\/agrifood.com.au\/services\/by-capability\/agrifood-services\/nutritional-testing\/","name":"Nutritional Testing - Agrifood Technology","isPartOf":{"@id":"https:\/\/agrifood.com.au\/#website"},"primaryImageOfPage":{"@id":"https:\/\/agrifood.com.au\/services\/by-capability\/agrifood-services\/nutritional-testing\/#primaryimage"},"image":{"@id":"https:\/\/agrifood.com.au\/services\/by-capability\/agrifood-services\/nutritional-testing\/#primaryimage"},"thumbnailUrl":"https:\/\/agrifood.com.au\/app\/uploads\/2025\/08\/image-9-1024x678.png","datePublished":"2025-09-11T14:45:35+00:00","dateModified":"2025-11-27T02:22:04+00:00","breadcrumb":{"@id":"https:\/\/agrifood.com.au\/services\/by-capability\/agrifood-services\/nutritional-testing\/#breadcrumb"},"inLanguage":"it-IT","potentialAction":[{"@type":"ReadAction","target":["https:\/\/agrifood.com.au\/services\/by-capability\/agrifood-services\/nutritional-testing\/"]}]},{"@type":"ImageObject","inLanguage":"it-IT","@id":"https:\/\/agrifood.com.au\/services\/by-capability\/agrifood-services\/nutritional-testing\/#primaryimage","url":"https:\/\/agrifood.com.au\/app\/uploads\/2025\/08\/image-9-1024x678.png","contentUrl":"https:\/\/agrifood.com.au\/app\/uploads\/2025\/08\/image-9-1024x678.png"},{"@type":"BreadcrumbList","@id":"https:\/\/agrifood.com.au\/services\/by-capability\/agrifood-services\/nutritional-testing\/#breadcrumb","itemListElement":[{"@type":"ListItem","position":1,"name":"Home","item":"https:\/\/agrifood.com.au\/"},{"@type":"ListItem","position":2,"name":"Services","item":"https:\/\/agrifood.com.au\/services\/"},{"@type":"ListItem","position":3,"name":"By Capability","item":"https:\/\/agrifood.com.au\/?page_id=811"},{"@type":"ListItem","position":4,"name":"Agrifood Services","item":"https:\/\/agrifood.com.au\/services\/by-capability\/agrifood-services\/"},{"@type":"ListItem","position":5,"name":"Nutritional Testing"}]},{"@type":"WebSite","@id":"https:\/\/agrifood.com.au\/#website","url":"https:\/\/agrifood.com.au\/","name":"Tecnologia agroalimentare","description":"","publisher":{"@id":"https:\/\/agrifood.com.au\/#organization"},"potentialAction":[{"@type":"SearchAction","target":{"@type":"EntryPoint","urlTemplate":"https:\/\/agrifood.com.au\/?s={search_term_string}"},"query-input":{"@type":"PropertyValueSpecification","valueRequired":true,"valueName":"search_term_string"}}],"inLanguage":"it-IT"},{"@type":"Organization","@id":"https:\/\/agrifood.com.au\/#organization","name":"Tecnologia agroalimentare","url":"https:\/\/agrifood.com.au\/","logo":{"@type":"ImageObject","inLanguage":"it-IT","@id":"https:\/\/agrifood.com.au\/#\/schema\/logo\/image\/","url":"https:\/\/agrifood.com.au\/app\/uploads\/2025\/10\/Agrifood-News-Photo-scaled.png","contentUrl":"https:\/\/agrifood.com.au\/app\/uploads\/2025\/10\/Agrifood-News-Photo-scaled.png","width":2560,"height":1580,"caption":"Agrifood Technology"},"image":{"@id":"https:\/\/agrifood.com.au\/#\/schema\/logo\/image\/"}}]}},"_links":{"self":[{"href":"https:\/\/agrifood.com.au\/it\/wp-json\/wp\/v2\/pages\/848","targetHints":{"allow":["GET"]}}],"collection":[{"href":"https:\/\/agrifood.com.au\/it\/wp-json\/wp\/v2\/pages"}],"about":[{"href":"https:\/\/agrifood.com.au\/it\/wp-json\/wp\/v2\/types\/page"}],"author":[{"embeddable":true,"href":"https:\/\/agrifood.com.au\/it\/wp-json\/wp\/v2\/users\/1"}],"replies":[{"embeddable":true,"href":"https:\/\/agrifood.com.au\/it\/wp-json\/wp\/v2\/comments?post=848"}],"version-history":[{"count":19,"href":"https:\/\/agrifood.com.au\/it\/wp-json\/wp\/v2\/pages\/848\/revisions"}],"predecessor-version":[{"id":2722,"href":"https:\/\/agrifood.com.au\/it\/wp-json\/wp\/v2\/pages\/848\/revisions\/2722"}],"up":[{"embeddable":true,"href":"https:\/\/agrifood.com.au\/it\/wp-json\/wp\/v2\/pages\/813"}],"wp:attachment":[{"href":"https:\/\/agrifood.com.au\/it\/wp-json\/wp\/v2\/media?parent=848"}],"curies":[{"name":"wp","href":"https:\/\/api.w.org\/{rel}","templated":true}]}}