{"id":850,"date":"2025-09-11T14:46:03","date_gmt":"2025-09-11T14:46:03","guid":{"rendered":"https:\/\/agrifood.swim.net.au\/?page_id=850"},"modified":"2025-11-27T02:18:11","modified_gmt":"2025-11-27T02:18:11","slug":"grain-testing","status":"publish","type":"page","link":"https:\/\/agrifood.com.au\/it\/services\/by-capability\/agrifood-services\/grain-testing\/","title":{"rendered":"Test sui cereali"},"content":{"rendered":"<div class=\"wp-block-group is-style-boxed is-layout-constrained wp-block-group-is-layout-constrained\">\n<div class=\"wp-block-columns is-layout-flex wp-container-core-columns-is-layout-9d6595d7 wp-block-columns-is-layout-flex\">\n<div class=\"wp-block-column is-layout-flow wp-block-column-is-layout-flow\">\n<p>Agrifood Technology vanta oltre 40 anni di conoscenza ed esperienza nell'analisi di cereali e farine. L'elevata qualit\u00e0 molitoria del grano australiano ne assicura il valore sul mercato mondiale. La possibilit\u00e0 di fornire ai clienti informazioni sull'idoneit\u00e0 di questo grano a particolari tecniche di lavorazione e prodotti finali \u00e8 di immenso valore.<\/p>\n\n\n\n<p>Agrifood Technology \u00e8 un fornitore leader di analisi per l'industria cerealicola d'esportazione. Siamo in grado di analizzare cereali, granaglie, semi oleosi e legumi in base alle specifiche GTA. Analizziamo gli attributi chiave dei vostri cereali e prodotti a base di cereali per determinare la qualit\u00e0, la resa di macinazione, la composizione della farina e la resistenza dell'impasto.<\/p>\n\n\n\n<p>La rapidit\u00e0 di esecuzione dei test \u00e8 essenziale per l'industria cerealicola d'esportazione che vuole ottenere rapidamente i risultati per poter competere sulla scena internazionale. I test GTA sono solo l'inizio. Il grano australiano \u00e8 rinomato per la sua eccezionale qualit\u00e0 molitoria sul mercato mondiale. La possibilit\u00e0 di fornire ai clienti nazionali ed esteri informazioni sull'idoneit\u00e0 del loro grano a particolari tecniche di lavorazione e prodotti finali ha un valore immenso. Agrifood non solo \u00e8 in grado di macinare i vostri campioni di grano in farina, ma anche di eseguire i test reologici appropriati su tale farina per assicurarvi di massimizzare il potenziale del grano che state acquistando.<\/p>\n\n\n\n<p>Agrifood Technology analizza tutti gli attributi chiave dei vostri cereali e prodotti derivati per determinare la qualit\u00e0, la resa di macinazione, la composizione della farina e la resistenza dell'impasto. Questo vi fornir\u00e0 informazioni per determinare l'idoneit\u00e0 dei cereali per un particolare prodotto finale o una particolare tecnica di lavorazione.<\/p>\n<\/div>\n\n\n\n<div class=\"wp-block-column is-layout-flow wp-block-column-is-layout-flow\">\n<figure class=\"wp-block-image size-full\"><img loading=\"lazy\" decoding=\"async\" width=\"825\" height=\"550\" src=\"https:\/\/agrifood.com.au\/app\/uploads\/2025\/10\/Grain.jpg\" alt=\"\" class=\"wp-image-2007\" srcset=\"https:\/\/agrifood.com.au\/app\/uploads\/2025\/10\/Grain.jpg 825w, https:\/\/agrifood.com.au\/app\/uploads\/2025\/10\/Grain-300x200.jpg 300w, https:\/\/agrifood.com.au\/app\/uploads\/2025\/10\/Grain-768x512.jpg 768w, https:\/\/agrifood.com.au\/app\/uploads\/2025\/10\/Grain-18x12.jpg 18w\" sizes=\"auto, (max-width: 825px) 100vw, 825px\" \/><\/figure>\n<\/div>\n<\/div>\n\n\n\n<h2 class=\"wp-block-heading\"><strong>Per saperne di pi\u00f9<\/strong><\/h2>\n\n\n\n<div class=\"wp-block-buttons is-layout-flex wp-block-buttons-is-layout-flex\">\n<div class=\"wp-block-button is-style-default\"><a class=\"wp-block-button__link wp-element-button\" href=\"\/it\/services\/by-capability\/agrifood-services\/food-safety-testing\/heavy-metal-testing\/\">Metalli pesanti<\/a><\/div>\n\n\n\n<div class=\"wp-block-button is-style-default\"><a class=\"wp-block-button__link wp-element-button\" href=\"\/it\/services\/by-capability\/agrifood-services\/microbiological-testing\/\">Test microbiologici<\/a><\/div>\n\n\n\n<div class=\"wp-block-button is-style-default\"><a class=\"wp-block-button__link wp-element-button\" href=\"\/it\/services\/by-capability\/agrifood-services\/food-safety-testing\/mycotoxin-testing\/\">Analisi delle micotossine<\/a><\/div>\n<\/div>\n<\/div>","protected":false},"excerpt":{"rendered":"<p>Agrifood Technology has over 40 years of Grain and Flour Testing knowledge and experience. The high milling quality of Australian wheat assures its value on the world\u2026<\/p>","protected":false},"author":1,"featured_media":0,"parent":813,"menu_order":0,"comment_status":"closed","ping_status":"closed","template":"","meta":{"_acf_changed":false,"footnotes":""},"class_list":["post-850","page","type-page","status-publish","hentry"],"acf":[],"yoast_head":"<!-- This site is optimized with the Yoast SEO plugin v27.0 - https:\/\/yoast.com\/product\/yoast-seo-wordpress\/ -->\n<title>Grain Testing - Agrifood Technology<\/title>\n<meta name=\"robots\" content=\"index, follow, max-snippet:-1, max-image-preview:large, max-video-preview:-1\" \/>\n<link rel=\"canonical\" href=\"https:\/\/agrifood.com.au\/it\/services\/by-capability\/agrifood-services\/grain-testing\/\" \/>\n<meta property=\"og:locale\" content=\"it_IT\" \/>\n<meta property=\"og:type\" content=\"article\" \/>\n<meta property=\"og:title\" content=\"Grain Testing - Agrifood Technology\" \/>\n<meta property=\"og:description\" content=\"Agrifood Technology has over 40 years of Grain and Flour Testing knowledge and experience. The high milling quality of Australian wheat assures its value on the world\u2026\" \/>\n<meta property=\"og:url\" content=\"https:\/\/agrifood.com.au\/it\/services\/by-capability\/agrifood-services\/grain-testing\/\" \/>\n<meta property=\"og:site_name\" content=\"Agrifood Technology\" \/>\n<meta property=\"article:modified_time\" content=\"2025-11-27T02:18:11+00:00\" \/>\n<meta property=\"og:image\" content=\"https:\/\/agrifood.com.au\/app\/uploads\/2025\/10\/Grain.jpg\" \/>\n\t<meta property=\"og:image:width\" content=\"825\" \/>\n\t<meta property=\"og:image:height\" content=\"550\" \/>\n\t<meta property=\"og:image:type\" content=\"image\/jpeg\" \/>\n<meta name=\"twitter:card\" content=\"summary_large_image\" \/>\n<meta name=\"twitter:label1\" content=\"Est. reading time\" \/>\n\t<meta name=\"twitter:data1\" content=\"1 minute\" \/>\n<script type=\"application\/ld+json\" class=\"yoast-schema-graph\">{\"@context\":\"https:\/\/schema.org\",\"@graph\":[{\"@type\":\"WebPage\",\"@id\":\"https:\/\/agrifood.com.au\/services\/by-capability\/agrifood-services\/grain-testing\/\",\"url\":\"https:\/\/agrifood.com.au\/services\/by-capability\/agrifood-services\/grain-testing\/\",\"name\":\"Grain Testing - Agrifood Technology\",\"isPartOf\":{\"@id\":\"https:\/\/agrifood.com.au\/#website\"},\"primaryImageOfPage\":{\"@id\":\"https:\/\/agrifood.com.au\/services\/by-capability\/agrifood-services\/grain-testing\/#primaryimage\"},\"image\":{\"@id\":\"https:\/\/agrifood.com.au\/services\/by-capability\/agrifood-services\/grain-testing\/#primaryimage\"},\"thumbnailUrl\":\"https:\/\/agrifood.com.au\/app\/uploads\/2025\/10\/Grain.jpg\",\"datePublished\":\"2025-09-11T14:46:03+00:00\",\"dateModified\":\"2025-11-27T02:18:11+00:00\",\"breadcrumb\":{\"@id\":\"https:\/\/agrifood.com.au\/services\/by-capability\/agrifood-services\/grain-testing\/#breadcrumb\"},\"inLanguage\":\"it-IT\",\"potentialAction\":[{\"@type\":\"ReadAction\",\"target\":[\"https:\/\/agrifood.com.au\/services\/by-capability\/agrifood-services\/grain-testing\/\"]}]},{\"@type\":\"ImageObject\",\"inLanguage\":\"it-IT\",\"@id\":\"https:\/\/agrifood.com.au\/services\/by-capability\/agrifood-services\/grain-testing\/#primaryimage\",\"url\":\"https:\/\/agrifood.com.au\/app\/uploads\/2025\/10\/Grain.jpg\",\"contentUrl\":\"https:\/\/agrifood.com.au\/app\/uploads\/2025\/10\/Grain.jpg\"},{\"@type\":\"BreadcrumbList\",\"@id\":\"https:\/\/agrifood.com.au\/services\/by-capability\/agrifood-services\/grain-testing\/#breadcrumb\",\"itemListElement\":[{\"@type\":\"ListItem\",\"position\":1,\"name\":\"Home\",\"item\":\"https:\/\/agrifood.com.au\/\"},{\"@type\":\"ListItem\",\"position\":2,\"name\":\"Services\",\"item\":\"https:\/\/agrifood.com.au\/services\/\"},{\"@type\":\"ListItem\",\"position\":3,\"name\":\"By Capability\",\"item\":\"https:\/\/agrifood.com.au\/?page_id=811\"},{\"@type\":\"ListItem\",\"position\":4,\"name\":\"Agrifood Services\",\"item\":\"https:\/\/agrifood.com.au\/services\/by-capability\/agrifood-services\/\"},{\"@type\":\"ListItem\",\"position\":5,\"name\":\"Grain Testing\"}]},{\"@type\":\"WebSite\",\"@id\":\"https:\/\/agrifood.com.au\/#website\",\"url\":\"https:\/\/agrifood.com.au\/\",\"name\":\"Agrifood Technology\",\"description\":\"\",\"publisher\":{\"@id\":\"https:\/\/agrifood.com.au\/#organization\"},\"potentialAction\":[{\"@type\":\"SearchAction\",\"target\":{\"@type\":\"EntryPoint\",\"urlTemplate\":\"https:\/\/agrifood.com.au\/?s={search_term_string}\"},\"query-input\":{\"@type\":\"PropertyValueSpecification\",\"valueRequired\":true,\"valueName\":\"search_term_string\"}}],\"inLanguage\":\"it-IT\"},{\"@type\":\"Organization\",\"@id\":\"https:\/\/agrifood.com.au\/#organization\",\"name\":\"Agrifood Technology\",\"url\":\"https:\/\/agrifood.com.au\/\",\"logo\":{\"@type\":\"ImageObject\",\"inLanguage\":\"it-IT\",\"@id\":\"https:\/\/agrifood.com.au\/#\/schema\/logo\/image\/\",\"url\":\"https:\/\/agrifood.com.au\/app\/uploads\/2025\/10\/Agrifood-News-Photo-scaled.png\",\"contentUrl\":\"https:\/\/agrifood.com.au\/app\/uploads\/2025\/10\/Agrifood-News-Photo-scaled.png\",\"width\":2560,\"height\":1580,\"caption\":\"Agrifood Technology\"},\"image\":{\"@id\":\"https:\/\/agrifood.com.au\/#\/schema\/logo\/image\/\"}}]}<\/script>\n<!-- \/ Yoast SEO plugin. -->","yoast_head_json":{"title":"Grain Testing - Agrifood Technology","robots":{"index":"index","follow":"follow","max-snippet":"max-snippet:-1","max-image-preview":"max-image-preview:large","max-video-preview":"max-video-preview:-1"},"canonical":"https:\/\/agrifood.com.au\/it\/services\/by-capability\/agrifood-services\/grain-testing\/","og_locale":"it_IT","og_type":"article","og_title":"Grain Testing - Agrifood Technology","og_description":"Agrifood Technology has over 40 years of Grain and Flour Testing knowledge and experience. The high milling quality of Australian wheat assures its value on the world\u2026","og_url":"https:\/\/agrifood.com.au\/it\/services\/by-capability\/agrifood-services\/grain-testing\/","og_site_name":"Agrifood Technology","article_modified_time":"2025-11-27T02:18:11+00:00","og_image":[{"width":825,"height":550,"url":"https:\/\/agrifood.com.au\/app\/uploads\/2025\/10\/Grain.jpg","type":"image\/jpeg"}],"twitter_card":"summary_large_image","twitter_misc":{"Est. reading time":"1 minute"},"schema":{"@context":"https:\/\/schema.org","@graph":[{"@type":"WebPage","@id":"https:\/\/agrifood.com.au\/services\/by-capability\/agrifood-services\/grain-testing\/","url":"https:\/\/agrifood.com.au\/services\/by-capability\/agrifood-services\/grain-testing\/","name":"Grain Testing - Agrifood Technology","isPartOf":{"@id":"https:\/\/agrifood.com.au\/#website"},"primaryImageOfPage":{"@id":"https:\/\/agrifood.com.au\/services\/by-capability\/agrifood-services\/grain-testing\/#primaryimage"},"image":{"@id":"https:\/\/agrifood.com.au\/services\/by-capability\/agrifood-services\/grain-testing\/#primaryimage"},"thumbnailUrl":"https:\/\/agrifood.com.au\/app\/uploads\/2025\/10\/Grain.jpg","datePublished":"2025-09-11T14:46:03+00:00","dateModified":"2025-11-27T02:18:11+00:00","breadcrumb":{"@id":"https:\/\/agrifood.com.au\/services\/by-capability\/agrifood-services\/grain-testing\/#breadcrumb"},"inLanguage":"it-IT","potentialAction":[{"@type":"ReadAction","target":["https:\/\/agrifood.com.au\/services\/by-capability\/agrifood-services\/grain-testing\/"]}]},{"@type":"ImageObject","inLanguage":"it-IT","@id":"https:\/\/agrifood.com.au\/services\/by-capability\/agrifood-services\/grain-testing\/#primaryimage","url":"https:\/\/agrifood.com.au\/app\/uploads\/2025\/10\/Grain.jpg","contentUrl":"https:\/\/agrifood.com.au\/app\/uploads\/2025\/10\/Grain.jpg"},{"@type":"BreadcrumbList","@id":"https:\/\/agrifood.com.au\/services\/by-capability\/agrifood-services\/grain-testing\/#breadcrumb","itemListElement":[{"@type":"ListItem","position":1,"name":"Home","item":"https:\/\/agrifood.com.au\/"},{"@type":"ListItem","position":2,"name":"Services","item":"https:\/\/agrifood.com.au\/services\/"},{"@type":"ListItem","position":3,"name":"By Capability","item":"https:\/\/agrifood.com.au\/?page_id=811"},{"@type":"ListItem","position":4,"name":"Agrifood Services","item":"https:\/\/agrifood.com.au\/services\/by-capability\/agrifood-services\/"},{"@type":"ListItem","position":5,"name":"Grain Testing"}]},{"@type":"WebSite","@id":"https:\/\/agrifood.com.au\/#website","url":"https:\/\/agrifood.com.au\/","name":"Tecnologia agroalimentare","description":"","publisher":{"@id":"https:\/\/agrifood.com.au\/#organization"},"potentialAction":[{"@type":"SearchAction","target":{"@type":"EntryPoint","urlTemplate":"https:\/\/agrifood.com.au\/?s={search_term_string}"},"query-input":{"@type":"PropertyValueSpecification","valueRequired":true,"valueName":"search_term_string"}}],"inLanguage":"it-IT"},{"@type":"Organization","@id":"https:\/\/agrifood.com.au\/#organization","name":"Tecnologia agroalimentare","url":"https:\/\/agrifood.com.au\/","logo":{"@type":"ImageObject","inLanguage":"it-IT","@id":"https:\/\/agrifood.com.au\/#\/schema\/logo\/image\/","url":"https:\/\/agrifood.com.au\/app\/uploads\/2025\/10\/Agrifood-News-Photo-scaled.png","contentUrl":"https:\/\/agrifood.com.au\/app\/uploads\/2025\/10\/Agrifood-News-Photo-scaled.png","width":2560,"height":1580,"caption":"Agrifood Technology"},"image":{"@id":"https:\/\/agrifood.com.au\/#\/schema\/logo\/image\/"}}]}},"_links":{"self":[{"href":"https:\/\/agrifood.com.au\/it\/wp-json\/wp\/v2\/pages\/850","targetHints":{"allow":["GET"]}}],"collection":[{"href":"https:\/\/agrifood.com.au\/it\/wp-json\/wp\/v2\/pages"}],"about":[{"href":"https:\/\/agrifood.com.au\/it\/wp-json\/wp\/v2\/types\/page"}],"author":[{"embeddable":true,"href":"https:\/\/agrifood.com.au\/it\/wp-json\/wp\/v2\/users\/1"}],"replies":[{"embeddable":true,"href":"https:\/\/agrifood.com.au\/it\/wp-json\/wp\/v2\/comments?post=850"}],"version-history":[{"count":26,"href":"https:\/\/agrifood.com.au\/it\/wp-json\/wp\/v2\/pages\/850\/revisions"}],"predecessor-version":[{"id":2718,"href":"https:\/\/agrifood.com.au\/it\/wp-json\/wp\/v2\/pages\/850\/revisions\/2718"}],"up":[{"embeddable":true,"href":"https:\/\/agrifood.com.au\/it\/wp-json\/wp\/v2\/pages\/813"}],"wp:attachment":[{"href":"https:\/\/agrifood.com.au\/it\/wp-json\/wp\/v2\/media?parent=850"}],"curies":[{"name":"wp","href":"https:\/\/api.w.org\/{rel}","templated":true}]}}