{"id":915,"date":"2025-09-11T15:06:02","date_gmt":"2025-09-11T15:06:02","guid":{"rendered":"https:\/\/agrifood.swim.net.au\/?page_id=915"},"modified":"2025-11-28T00:43:26","modified_gmt":"2025-11-28T00:43:26","slug":"water-testing","status":"publish","type":"page","link":"https:\/\/agrifood.com.au\/it\/services\/by-capability\/agrifood-services\/agro-nutritional-testing\/water-testing\/","title":{"rendered":"Analisi dell'acqua"},"content":{"rendered":"<div class=\"wp-block-group is-style-boxed is-layout-constrained wp-block-group-is-layout-constrained\">\n<div class=\"wp-block-columns is-layout-flex wp-container-core-columns-is-layout-9d6595d7 wp-block-columns-is-layout-flex\">\n<div class=\"wp-block-column is-layout-flow wp-block-column-is-layout-flow\">\n<p>Agrifood Technology fornisce servizi completi di analisi dell'acqua per l'irrigazione, la potabilit\u00e0, l'industria alimentare e il monitoraggio ambientale.<\/p>\n\n\n\n<p>Il nostro laboratorio ha supportato le industrie dell'Australia occidentale con analisi accurate e interpretazioni esperte. Analizziamo un'ampia gamma di parametri, tra cui minerali, nutrienti, salinit\u00e0 e contaminanti microbiologici.<\/p>\n\n\n\n<p>Offriamo anche test sulla legionella, a supporto della conformit\u00e0 per torri di raffreddamento, sistemi ad acqua calda, strutture sanitarie e industriali. Che si tratti di monitoraggio di routine o di test normativi, i nostri servizi aiutano a garantire la qualit\u00e0 dell'acqua, la sicurezza e la conformit\u00e0 in una variet\u00e0 di applicazioni.<\/p>\n<\/div>\n\n\n\n<div class=\"wp-block-column is-layout-flow wp-block-column-is-layout-flow\">\n<figure class=\"wp-block-image size-full\"><img loading=\"lazy\" decoding=\"async\" width=\"1254\" height=\"836\" src=\"https:\/\/agrifood.com.au\/app\/uploads\/2025\/11\/Water-Testing.jpg\" alt=\"\" class=\"wp-image-2293\" srcset=\"https:\/\/agrifood.com.au\/app\/uploads\/2025\/11\/Water-Testing.jpg 1254w, https:\/\/agrifood.com.au\/app\/uploads\/2025\/11\/Water-Testing-300x200.jpg 300w, https:\/\/agrifood.com.au\/app\/uploads\/2025\/11\/Water-Testing-1024x683.jpg 1024w, https:\/\/agrifood.com.au\/app\/uploads\/2025\/11\/Water-Testing-768x512.jpg 768w, https:\/\/agrifood.com.au\/app\/uploads\/2025\/11\/Water-Testing-18x12.jpg 18w\" sizes=\"auto, (max-width: 1254px) 100vw, 1254px\" \/><\/figure>\n<\/div>\n<\/div>\n\n\n\n<h2 class=\"wp-block-heading\">Ulteriori informazioni sul test<\/h2>\n\n\n\n<div class=\"wp-block-buttons is-layout-flex wp-block-buttons-is-layout-flex\">\n<div class=\"wp-block-button is-style-gray-buttons\"><a class=\"wp-block-button__link wp-element-button\" href=\"https:\/\/agrifood.com.au\/it\/forms\/water-testing-at-agrifood-dml-client-information\/r262-water-testing-at-agrifood-dml-client-information\/\" target=\"_blank\" rel=\"noreferrer noopener\">Elenchi dei test dell'acqua<\/a><\/div>\n\n\n\n<div class=\"wp-block-button is-style-gray-buttons\"><a class=\"wp-block-button__link wp-element-button\" href=\"https:\/\/agrifood.com.au\/it\/forms\/water-sample-collection-instructions-for-microbiology-testing\/r262-water-sample-collection-instructions-for-micro-testing\/\" target=\"_blank\" rel=\"noreferrer noopener\">Procedura di campionamento dell'acqua<\/a><\/div>\n<\/div>\n<\/div>","protected":false},"excerpt":{"rendered":"<p>At Agrifood Technology, we provide comprehensive water testing services tailored for irrigation, potability, food industry use, and environmental monitoring. Our labor\u2026<\/p>","protected":false},"author":1,"featured_media":0,"parent":856,"menu_order":0,"comment_status":"closed","ping_status":"closed","template":"","meta":{"_acf_changed":false,"footnotes":""},"class_list":["post-915","page","type-page","status-publish","hentry"],"acf":[],"yoast_head":"<!-- This site is optimized with the Yoast SEO plugin v27.0 - https:\/\/yoast.com\/product\/yoast-seo-wordpress\/ -->\n<title>Water Testing - Agrifood Technology<\/title>\n<meta name=\"robots\" content=\"index, follow, max-snippet:-1, max-image-preview:large, max-video-preview:-1\" \/>\n<link rel=\"canonical\" href=\"https:\/\/agrifood.com.au\/it\/services\/by-capability\/agrifood-services\/agro-nutritional-testing\/water-testing\/\" \/>\n<meta property=\"og:locale\" content=\"it_IT\" \/>\n<meta property=\"og:type\" content=\"article\" \/>\n<meta property=\"og:title\" content=\"Water Testing - Agrifood Technology\" \/>\n<meta property=\"og:description\" content=\"At Agrifood Technology, we provide comprehensive water testing services tailored for irrigation, potability, food industry use, and environmental monitoring. Our labor\u2026\" \/>\n<meta property=\"og:url\" content=\"https:\/\/agrifood.com.au\/it\/services\/by-capability\/agrifood-services\/agro-nutritional-testing\/water-testing\/\" \/>\n<meta property=\"og:site_name\" content=\"Agrifood Technology\" \/>\n<meta property=\"article:modified_time\" content=\"2025-11-28T00:43:26+00:00\" \/>\n<meta property=\"og:image\" content=\"https:\/\/agrifood.com.au\/app\/uploads\/2025\/11\/Water-Testing.jpg\" \/>\n\t<meta property=\"og:image:width\" content=\"1254\" \/>\n\t<meta property=\"og:image:height\" content=\"836\" \/>\n\t<meta property=\"og:image:type\" content=\"image\/jpeg\" \/>\n<meta name=\"twitter:card\" content=\"summary_large_image\" \/>\n<script type=\"application\/ld+json\" class=\"yoast-schema-graph\">{\"@context\":\"https:\/\/schema.org\",\"@graph\":[{\"@type\":\"WebPage\",\"@id\":\"https:\/\/agrifood.com.au\/services\/by-capability\/agrifood-services\/agro-nutritional-testing\/water-testing\/\",\"url\":\"https:\/\/agrifood.com.au\/services\/by-capability\/agrifood-services\/agro-nutritional-testing\/water-testing\/\",\"name\":\"Water Testing - Agrifood Technology\",\"isPartOf\":{\"@id\":\"https:\/\/agrifood.com.au\/#website\"},\"primaryImageOfPage\":{\"@id\":\"https:\/\/agrifood.com.au\/services\/by-capability\/agrifood-services\/agro-nutritional-testing\/water-testing\/#primaryimage\"},\"image\":{\"@id\":\"https:\/\/agrifood.com.au\/services\/by-capability\/agrifood-services\/agro-nutritional-testing\/water-testing\/#primaryimage\"},\"thumbnailUrl\":\"https:\/\/agrifood.com.au\/app\/uploads\/2025\/11\/Water-Testing.jpg\",\"datePublished\":\"2025-09-11T15:06:02+00:00\",\"dateModified\":\"2025-11-28T00:43:26+00:00\",\"breadcrumb\":{\"@id\":\"https:\/\/agrifood.com.au\/services\/by-capability\/agrifood-services\/agro-nutritional-testing\/water-testing\/#breadcrumb\"},\"inLanguage\":\"it-IT\",\"potentialAction\":[{\"@type\":\"ReadAction\",\"target\":[\"https:\/\/agrifood.com.au\/services\/by-capability\/agrifood-services\/agro-nutritional-testing\/water-testing\/\"]}]},{\"@type\":\"ImageObject\",\"inLanguage\":\"it-IT\",\"@id\":\"https:\/\/agrifood.com.au\/services\/by-capability\/agrifood-services\/agro-nutritional-testing\/water-testing\/#primaryimage\",\"url\":\"https:\/\/agrifood.com.au\/app\/uploads\/2025\/11\/Water-Testing.jpg\",\"contentUrl\":\"https:\/\/agrifood.com.au\/app\/uploads\/2025\/11\/Water-Testing.jpg\"},{\"@type\":\"BreadcrumbList\",\"@id\":\"https:\/\/agrifood.com.au\/services\/by-capability\/agrifood-services\/agro-nutritional-testing\/water-testing\/#breadcrumb\",\"itemListElement\":[{\"@type\":\"ListItem\",\"position\":1,\"name\":\"Home\",\"item\":\"https:\/\/agrifood.com.au\/\"},{\"@type\":\"ListItem\",\"position\":2,\"name\":\"Services\",\"item\":\"https:\/\/agrifood.com.au\/services\/\"},{\"@type\":\"ListItem\",\"position\":3,\"name\":\"By Capability\",\"item\":\"https:\/\/agrifood.com.au\/?page_id=811\"},{\"@type\":\"ListItem\",\"position\":4,\"name\":\"Agrifood Services\",\"item\":\"https:\/\/agrifood.com.au\/services\/by-capability\/agrifood-services\/\"},{\"@type\":\"ListItem\",\"position\":5,\"name\":\"Agro-Nutritional Testing\",\"item\":\"https:\/\/agrifood.com.au\/services\/by-capability\/agrifood-services\/agro-nutritional-testing\/\"},{\"@type\":\"ListItem\",\"position\":6,\"name\":\"Water Testing\"}]},{\"@type\":\"WebSite\",\"@id\":\"https:\/\/agrifood.com.au\/#website\",\"url\":\"https:\/\/agrifood.com.au\/\",\"name\":\"Agrifood Technology\",\"description\":\"\",\"publisher\":{\"@id\":\"https:\/\/agrifood.com.au\/#organization\"},\"potentialAction\":[{\"@type\":\"SearchAction\",\"target\":{\"@type\":\"EntryPoint\",\"urlTemplate\":\"https:\/\/agrifood.com.au\/?s={search_term_string}\"},\"query-input\":{\"@type\":\"PropertyValueSpecification\",\"valueRequired\":true,\"valueName\":\"search_term_string\"}}],\"inLanguage\":\"it-IT\"},{\"@type\":\"Organization\",\"@id\":\"https:\/\/agrifood.com.au\/#organization\",\"name\":\"Agrifood Technology\",\"url\":\"https:\/\/agrifood.com.au\/\",\"logo\":{\"@type\":\"ImageObject\",\"inLanguage\":\"it-IT\",\"@id\":\"https:\/\/agrifood.com.au\/#\/schema\/logo\/image\/\",\"url\":\"https:\/\/agrifood.com.au\/app\/uploads\/2025\/10\/Agrifood-News-Photo-scaled.png\",\"contentUrl\":\"https:\/\/agrifood.com.au\/app\/uploads\/2025\/10\/Agrifood-News-Photo-scaled.png\",\"width\":2560,\"height\":1580,\"caption\":\"Agrifood Technology\"},\"image\":{\"@id\":\"https:\/\/agrifood.com.au\/#\/schema\/logo\/image\/\"}}]}<\/script>\n<!-- \/ Yoast SEO plugin. -->","yoast_head_json":{"title":"Water Testing - Agrifood Technology","robots":{"index":"index","follow":"follow","max-snippet":"max-snippet:-1","max-image-preview":"max-image-preview:large","max-video-preview":"max-video-preview:-1"},"canonical":"https:\/\/agrifood.com.au\/it\/services\/by-capability\/agrifood-services\/agro-nutritional-testing\/water-testing\/","og_locale":"it_IT","og_type":"article","og_title":"Water Testing - Agrifood Technology","og_description":"At Agrifood Technology, we provide comprehensive water testing services tailored for irrigation, potability, food industry use, and environmental monitoring. Our labor\u2026","og_url":"https:\/\/agrifood.com.au\/it\/services\/by-capability\/agrifood-services\/agro-nutritional-testing\/water-testing\/","og_site_name":"Agrifood Technology","article_modified_time":"2025-11-28T00:43:26+00:00","og_image":[{"width":1254,"height":836,"url":"https:\/\/agrifood.com.au\/app\/uploads\/2025\/11\/Water-Testing.jpg","type":"image\/jpeg"}],"twitter_card":"summary_large_image","schema":{"@context":"https:\/\/schema.org","@graph":[{"@type":"WebPage","@id":"https:\/\/agrifood.com.au\/services\/by-capability\/agrifood-services\/agro-nutritional-testing\/water-testing\/","url":"https:\/\/agrifood.com.au\/services\/by-capability\/agrifood-services\/agro-nutritional-testing\/water-testing\/","name":"Water Testing - Agrifood Technology","isPartOf":{"@id":"https:\/\/agrifood.com.au\/#website"},"primaryImageOfPage":{"@id":"https:\/\/agrifood.com.au\/services\/by-capability\/agrifood-services\/agro-nutritional-testing\/water-testing\/#primaryimage"},"image":{"@id":"https:\/\/agrifood.com.au\/services\/by-capability\/agrifood-services\/agro-nutritional-testing\/water-testing\/#primaryimage"},"thumbnailUrl":"https:\/\/agrifood.com.au\/app\/uploads\/2025\/11\/Water-Testing.jpg","datePublished":"2025-09-11T15:06:02+00:00","dateModified":"2025-11-28T00:43:26+00:00","breadcrumb":{"@id":"https:\/\/agrifood.com.au\/services\/by-capability\/agrifood-services\/agro-nutritional-testing\/water-testing\/#breadcrumb"},"inLanguage":"it-IT","potentialAction":[{"@type":"ReadAction","target":["https:\/\/agrifood.com.au\/services\/by-capability\/agrifood-services\/agro-nutritional-testing\/water-testing\/"]}]},{"@type":"ImageObject","inLanguage":"it-IT","@id":"https:\/\/agrifood.com.au\/services\/by-capability\/agrifood-services\/agro-nutritional-testing\/water-testing\/#primaryimage","url":"https:\/\/agrifood.com.au\/app\/uploads\/2025\/11\/Water-Testing.jpg","contentUrl":"https:\/\/agrifood.com.au\/app\/uploads\/2025\/11\/Water-Testing.jpg"},{"@type":"BreadcrumbList","@id":"https:\/\/agrifood.com.au\/services\/by-capability\/agrifood-services\/agro-nutritional-testing\/water-testing\/#breadcrumb","itemListElement":[{"@type":"ListItem","position":1,"name":"Home","item":"https:\/\/agrifood.com.au\/"},{"@type":"ListItem","position":2,"name":"Services","item":"https:\/\/agrifood.com.au\/services\/"},{"@type":"ListItem","position":3,"name":"By Capability","item":"https:\/\/agrifood.com.au\/?page_id=811"},{"@type":"ListItem","position":4,"name":"Agrifood Services","item":"https:\/\/agrifood.com.au\/services\/by-capability\/agrifood-services\/"},{"@type":"ListItem","position":5,"name":"Agro-Nutritional Testing","item":"https:\/\/agrifood.com.au\/services\/by-capability\/agrifood-services\/agro-nutritional-testing\/"},{"@type":"ListItem","position":6,"name":"Water Testing"}]},{"@type":"WebSite","@id":"https:\/\/agrifood.com.au\/#website","url":"https:\/\/agrifood.com.au\/","name":"Tecnologia agroalimentare","description":"","publisher":{"@id":"https:\/\/agrifood.com.au\/#organization"},"potentialAction":[{"@type":"SearchAction","target":{"@type":"EntryPoint","urlTemplate":"https:\/\/agrifood.com.au\/?s={search_term_string}"},"query-input":{"@type":"PropertyValueSpecification","valueRequired":true,"valueName":"search_term_string"}}],"inLanguage":"it-IT"},{"@type":"Organization","@id":"https:\/\/agrifood.com.au\/#organization","name":"Tecnologia agroalimentare","url":"https:\/\/agrifood.com.au\/","logo":{"@type":"ImageObject","inLanguage":"it-IT","@id":"https:\/\/agrifood.com.au\/#\/schema\/logo\/image\/","url":"https:\/\/agrifood.com.au\/app\/uploads\/2025\/10\/Agrifood-News-Photo-scaled.png","contentUrl":"https:\/\/agrifood.com.au\/app\/uploads\/2025\/10\/Agrifood-News-Photo-scaled.png","width":2560,"height":1580,"caption":"Agrifood Technology"},"image":{"@id":"https:\/\/agrifood.com.au\/#\/schema\/logo\/image\/"}}]}},"_links":{"self":[{"href":"https:\/\/agrifood.com.au\/it\/wp-json\/wp\/v2\/pages\/915","targetHints":{"allow":["GET"]}}],"collection":[{"href":"https:\/\/agrifood.com.au\/it\/wp-json\/wp\/v2\/pages"}],"about":[{"href":"https:\/\/agrifood.com.au\/it\/wp-json\/wp\/v2\/types\/page"}],"author":[{"embeddable":true,"href":"https:\/\/agrifood.com.au\/it\/wp-json\/wp\/v2\/users\/1"}],"replies":[{"embeddable":true,"href":"https:\/\/agrifood.com.au\/it\/wp-json\/wp\/v2\/comments?post=915"}],"version-history":[{"count":12,"href":"https:\/\/agrifood.com.au\/it\/wp-json\/wp\/v2\/pages\/915\/revisions"}],"predecessor-version":[{"id":2732,"href":"https:\/\/agrifood.com.au\/it\/wp-json\/wp\/v2\/pages\/915\/revisions\/2732"}],"up":[{"embeddable":true,"href":"https:\/\/agrifood.com.au\/it\/wp-json\/wp\/v2\/pages\/856"}],"wp:attachment":[{"href":"https:\/\/agrifood.com.au\/it\/wp-json\/wp\/v2\/media?parent=915"}],"curies":[{"name":"wp","href":"https:\/\/api.w.org\/{rel}","templated":true}]}}