{"id":923,"date":"2025-09-11T15:08:39","date_gmt":"2025-09-11T15:08:39","guid":{"rendered":"https:\/\/agrifood.swim.net.au\/?page_id=923"},"modified":"2025-09-24T15:21:27","modified_gmt":"2025-09-24T15:21:27","slug":"prices","status":"publish","type":"page","link":"https:\/\/agrifood.com.au\/it\/services\/by-capability\/feedtest-services\/prices\/","title":{"rendered":"Prezzi"},"content":{"rendered":"<div class=\"wp-block-group is-style-boxed-narrow is-layout-constrained wp-block-group-is-layout-constrained\">\n<h2 class=\"wp-block-heading\">Pacchetti di test<\/h2>\n\n\n\n<h3 class=\"wp-block-heading\"><strong>PACCHETTI DI TEST NIR:<\/strong><\/h3>\n\n\n\n<ul class=\"wp-block-list\">\n<li><strong>Analisi NIR \u2013 $70.40 3 giorni lavorativi<\/strong><\/li>\n\n\n\n<li><strong>Analisi NIR \u2013 $105.60\u00a0<\/strong>(Supplemento 50%)\u00a0<strong>\u00a0\u00a0 \u00a0 \u00a0 1 giorno lavorativo (URGENTE)<\/strong><\/li>\n<\/ul>\n\n\n\n<p>Tutti i pacchetti NIR includono: sostanza secca, umidit\u00e0, proteina grezza, fibra detergente acida, fibra detergente neutra, digeribilit\u00e0 della sostanza secca, digeribilit\u00e0 della sostanza organica secca, energia metabolizzabile (ruminanti), grassi e ceneri.<\/p>\n\n\n\n<p>DE di cavallo, DE di coniglio, TDN, RFV e azoto % possono essere aggiunti a qualsiasi pacchetto NIR senza costi aggiuntivi.<\/p>\n\n\n\n<p><strong>Pacchetto di mangimi NIR<\/strong>&nbsp;Include: pascolo fresco, erba, leguminose o fieno da pascolo e insilati. Il contenuto di solidi solubili totali (WSC) pu\u00f2 essere aggiunto a questa analisi, se richiesto.<\/p>\n\n\n\n<p><strong>Confezione di pellet NIR<\/strong>&nbsp;Comprende: pellet, miscele per mangimi, lenticchie, lupini, fagioli, piselli, mais, sorgo, ceci e veccia.<\/p>\n\n\n\n<p><strong>Confezione di cereali NIR WSC<\/strong>&nbsp;Include: tutti i tipi di fieno di cereali. I WSC sono inclusi in questo pacchetto.<\/p>\n\n\n\n<p><strong>Confezione di cereali NIR<\/strong>&nbsp;Include: grano, orzo, triticale e avena. Sono inclusi anche i risultati relativi ad amido e zuccheri. In questo pacchetto \u00e8 possibile misurare anche miscele di cereali puri (ad esempio grano 50%, orzo 50%).<\/p>\n\n\n\n<p><strong>Confezione di insilato di mais NIR<\/strong>&nbsp;Include: insilato di mais e mais fresco tagliato. Sono inclusi anche i risultati relativi ad amido e zuccheri.<\/p>\n\n\n\n<p><strong>Pacchetto CNCPS per l&#039;industria lattiero-casearia (NIR)<\/strong>&nbsp;Comprende: fieno, pascolo e insilato.<\/p>\n\n\n\n<ul class=\"wp-block-list\">\n<li>Dairyland \u2013 $70.40 3 giorni lavorativi\u00a0<\/li>\n\n\n\n<li>Dairyland + NIR \u2013 $105.60 3 giorni lavorativi<\/li>\n\n\n\n<li>Dairyland (da NIR esistente) \u2013 $38.50 3 giorni lavorativi\u00a0<\/li>\n<\/ul>\n\n\n\n<p><strong>Pacchetto AusScan (NIR)<\/strong>&nbsp;Disponibile per grano, orzo, triticale, sorgo, farina di soia e colza.<\/p>\n\n\n\n<ul class=\"wp-block-list\">\n<li>AusScan \u2013 $96.80 3 giorni lavorativi\u00a0<\/li>\n\n\n\n<li>AusScan + NIR \u2013 $108.90 3 giorni lavorativi\u00a0<\/li>\n<\/ul>\n\n\n\n<p><strong>Pacchetto di transizione NIR<\/strong><\/p>\n\n\n\n<p>Per la valutazione del contenuto di 7 minerali nel foraggio per bovini da latte tramite spettroscopia NIR (infrarosso a infrarossi), inclusi Ca, Mg, P, Na, K, S e Cl. \u00c8 incluso anche il DCAD (dissociazione con acido cloridrico). Questo pacchetto \u00e8 compatibile con qualsiasi pacchetto standard NIR sopra descritto.<\/p>\n\n\n\n<ul class=\"wp-block-list\">\n<li>$191.40 5 giorni lavorativi (temporaneo per NIR \u2013 1 giorno lavorativo)<\/li>\n\n\n\n<li>$287.10 (supplemento urgente 50%) 3 giorni lavorativi (intermedio per NIR \u2013 1 giorno lavorativo)<br><\/li>\n<\/ul>\n<\/div>\n\n\n\n<div class=\"wp-block-group is-style-boxed-narrow is-layout-constrained wp-block-group-is-layout-constrained\">\n<h3 class=\"wp-block-heading\"><strong>Pacchetti non-NIR (Ruminanti) \u2013 Analisi chimiche umide<\/strong><\/h3>\n\n\n\n<p>Questi pacchetti si applicano a tutti i campioni di mangime per i quali non sono disponibili calibrazioni NIR. In genere, razioni di mangime misto non convenzionali, DDG, sottoprodotti, gusci di mandorle, farine, soia, trebbie di birra, melassa, semi e farina di colza, ecc.<\/p>\n\n\n\n<p>Per campioni con una percentuale di grasso stimata &lt;2%, raccomandiamo l&#039;opzione 1 o 3.<br>Per i campioni con una stima di grasso &gt;2%, consigliamo l&#039;opzione 2, 4 o 5.<\/p>\n\n\n\n<p><br><strong>1.<\/strong>&nbsp;<strong>Confezione di mangime non-NIR<\/strong>&nbsp;Include: sostanza secca, umidit\u00e0, proteina grezza, digeribilit\u00e0 della sostanza secca, digeribilit\u00e0 della sostanza organica secca, energia metabolizzabile (ruminanti) e ceneri.&nbsp; &nbsp;&nbsp;<\/p>\n\n\n\n<ul class=\"wp-block-list\">\n<li>$158.40 10 giorni lavorativi<\/li>\n<\/ul>\n\n\n\n<p><strong>2.<\/strong>&nbsp;<strong>Pacchetto non-NIR + grasso<\/strong>: come da opzione 1 + grasso&nbsp; &nbsp; &nbsp; &nbsp;&nbsp;<\/p>\n\n\n\n<ul class=\"wp-block-list\">\n<li>$211.20 10 giorni lavorativi<\/li>\n<\/ul>\n\n\n\n<p><strong>3.<\/strong>&nbsp;<strong>Pacchetto non-NIR + AN<\/strong>: come da opzione 1 pi\u00f9 detergente acido e fibra detergente neutra<\/p>\n\n\n\n<ul class=\"wp-block-list\">\n<li>$220.00 10 giorni lavorativi<\/li>\n<\/ul>\n\n\n\n<p><strong>4.<\/strong>&nbsp;<strong>Pacchetto Non-NIR + ANF<\/strong>: come da opzione 3, pi\u00f9 grassi<\/p>\n\n\n\n<ul class=\"wp-block-list\">\n<li>$267.30 10 giorni lavorativi<\/li>\n<\/ul>\n\n\n\n<p><strong>5.<\/strong>&nbsp;<strong>Pacchetto non-NIR + ANFSS<\/strong>: come da opzione 4, pi\u00f9 amido e zucchero<\/p>\n\n\n\n<ul class=\"wp-block-list\">\n<li>$366.30 10 giorni lavorativi<\/li>\n<\/ul>\n<\/div>\n\n\n\n<div class=\"wp-block-group is-style-boxed-narrow is-layout-constrained wp-block-group-is-layout-constrained\">\n<h3 class=\"wp-block-heading\"><strong>Altri pacchetti energetici per l&#039;alimentazione animale<\/strong><\/h3>\n\n\n\n<p><strong>Energia digeribile suina (DE)<\/strong>&nbsp;Include: sostanza secca, umidit\u00e0, proteina grezza, grassi, ceneri, fibra grezza, estrattivi non azotati e digeribilit\u00e0 suina.<\/p>\n\n\n\n<ul class=\"wp-block-list\">\n<li>$226.60 7 giorni lavorativi<\/li>\n<\/ul>\n\n\n\n<p><strong>Energia metabolizzabile del pollame (ME)<\/strong><strong>)<\/strong>&nbsp;Include: sostanza secca, umidit\u00e0, proteina grezza, grassi, amido, zuccheri ed energia del pollame.<\/p>\n\n\n\n<ul class=\"wp-block-list\">\n<li>$244.20 7 giorni lavorativi<\/li>\n<\/ul>\n\n\n\n<p><strong>Energia metabolizzabile (ME) di AusMeat<\/strong><\/p>\n\n\n\n<p>L&#039;accreditamento AusMeat \u00e8 valido per le forniture nell&#039;UE. Le razioni per lotti di mangime devono soddisfare i livelli minimi di ME (energia metabolizzabile) se testate con un metodo specifico. Tali livelli includono: sostanza secca, umidit\u00e0, proteina grezza, grassi, ceneri, estrattivi non azotati ed energia metabolizzabile.<\/p>\n\n\n\n<ul class=\"wp-block-list\">\n<li>$226.60 7 giorni lavorativi<\/li>\n<\/ul>\n\n\n\n<p><strong>Energia metabolizzabile (ME) di Atwater<\/strong><\/p>\n\n\n\n<p>La formula di Atwater viene utilizzata per prevedere l&#039;energia metabolizzabile (ME) negli animali monogastrici, inclusi cani e gatti. Essa comprende: sostanza secca, umidit\u00e0, proteina grezza, grassi, ceneri, fibra grezza, estrattivi non azotati ed energia metabolizzabile secondo il metodo di Atwater.<\/p>\n\n\n\n<ul class=\"wp-block-list\">\n<li>$243.10 7 giorni lavorativi<\/li>\n<\/ul>\n\n\n\n<p><strong>MAFF Energia metabolizzabile (ME)<\/strong><\/p>\n\n\n\n<p>La formula MAFF \u00e8 stata sviluppata dal Ministero della Pesca e delle Foreste in Inghilterra per prevedere l&#039;energia metabolizzabile (ME) degli animali ruminanti. Include: sostanza secca, umidit\u00e0, proteina grezza, grassi, ceneri e fibra grezza, estrattivi non azotati ed energia MAFF.<\/p>\n\n\n\n<ul class=\"wp-block-list\">\n<li>$243.10 7 giorni lavorativi<\/li>\n<\/ul>\n\n\n\n<p><strong>Energia per ruminanti, suini e pollame<\/strong><\/p>\n\n\n\n<p>Questo pacchetto \u00e8 stato progettato per includere gli animali da allevamento pi\u00f9 comuni. Comprende: sostanza secca, umidit\u00e0, proteina grezza, grassi, ceneri, fibra grezza, digeribilit\u00e0, fibra detergente acida, fibra detergente neutra, amido, zuccheri, estrattivi non azotati, energia metabolizzabile (ME) dei ruminanti, energia digeribile (DE) dei suini e energia metabolizzabile (ME) del pollame.<\/p>\n\n\n\n<ul class=\"wp-block-list\">\n<li>$440.00 10 giorni lavorativi<\/li>\n<\/ul>\n<\/div>\n\n\n\n<div class=\"wp-block-group is-style-boxed-narrow is-layout-constrained wp-block-group-is-layout-constrained\">\n<h3 class=\"wp-block-heading\"><strong>Analisi dei minerali (ICP)<\/strong><\/h3>\n\n\n\n<p><strong>Minerali di transizione<\/strong>&nbsp;Includono: Calcio, Cloruro, Magnesio, Fosforo, Potassio, Sodio, Zolfo e DCAD.<\/p>\n\n\n\n<ul class=\"wp-block-list\">\n<li>$121.00 5 giorni lavorativi<\/li>\n<\/ul>\n\n\n\n<p><strong>Minerali del Gruppo 1<\/strong>&nbsp;Tra gli elementi presenti figurano: Alluminio, Boro, Calcio, Cloruro, Rame, Ferro, Magnesio, Manganese, Fosforo, Potassio, Sodio, Zolfo, Zinco e DCAD.<\/p>\n\n\n\n<ul class=\"wp-block-list\">\n<li>$157.30 5 giorni lavorativi<\/li>\n<\/ul>\n\n\n\n<p><strong>Minerali del gruppo 2<\/strong><strong>:<\/strong>&nbsp;Includono: minerali del Gruppo 1, pi\u00f9 cobalto, molibdeno e selenio.<\/p>\n\n\n\n<ul class=\"wp-block-list\">\n<li>$179.30 5 giorni lavorativi<\/li>\n<\/ul>\n\n\n\n<p><strong>Metalli pesanti\/Minerali<\/strong>&nbsp;Tra questi: arsenico, cadmio, piombo e mercurio.<\/p>\n\n\n\n<ul class=\"wp-block-list\">\n<li>$99.00 5 giorni lavorativi<\/li>\n<\/ul>\n\n\n\n<p><strong>Singoli minerali:<\/strong><\/p>\n\n\n\n<ul class=\"wp-block-list\">\n<li>$50.60 (per il primo minerale) 5 giorni lavorativi<\/li>\n\n\n\n<li>$14.85 (per ogni altro minerale successivo) 5 giorni lavorativi<\/li>\n<\/ul>\n\n\n\n<p><\/p>\n\n\n\n<p><strong><em>Per tempi di risposta URGENTI su tutti i pacchetti di analisi chimiche non NIR e a umido, contattare FeedTest.<br>Se possibile, i test comporteranno un supplemento 50%.<\/em><\/strong><\/p>\n\n\n\n<p><\/p>\n<\/div>\n\n\n\n<div class=\"wp-block-group is-style-boxed-narrow is-layout-constrained wp-block-group-is-layout-constrained\">\n<h3 class=\"wp-block-heading\"><strong>Analisi aggiuntive o individuali:<\/strong><\/h3>\n\n\n\n<ul class=\"wp-block-list\">\n<li>Detergente acido per fibre $61.60 10 giorni lavorativi<\/li>\n\n\n\n<li>Ammoniaca-N $62.70 7 giorni lavorativi<\/li>\n\n\n\n<li>Aminoacidi* Da definire 15-22 giorni lavorativi<\/li>\n\n\n\n<li>Ash $49.50 7 giorni lavorativi<\/li>\n\n\n\n<li>Residui chimici Da definire 5-7 giorni lavorativi<\/li>\n\n\n\n<li>Coordinato* Da confermare 10 giorni lavorativi \u00a0<\/li>\n\n\n\n<li>Fibra grezza $101.20 7 giorni lavorativi<\/li>\n\n\n\n<li>Proteine grezze\/Azoto (combustione) $61.60 5 giorni lavorativi<\/li>\n\n\n\n<li>Proteine grezze\/Azoto (titolazione) $61.60 7 giorni lavorativi<\/li>\n\n\n\n<li>Cianuro (Acido Prussico) $110.00 5 giorni lavorativi<\/li>\n\n\n\n<li>Diquat\/Paraquat $361.90 7 giorni lavorativi<\/li>\n\n\n\n<li>Digeribilit\u00e0 della sostanza secca $60.50 10 giorni lavorativi<\/li>\n\n\n\n<li>Sostanza secca \/ Umidit\u00e0 $25.30 1 giorno lavorativo<\/li>\n\n\n\n<li>Endofiti* Da confermare 10 giorni lavorativi<\/li>\n\n\n\n<li>Carboidrati solubili in etanolo (ESC) $59.40 7 giorni lavorativi<\/li>\n\n\n\n<li>Grasso (idrolisi acida) $68.20 7 giorni lavorativi<\/li>\n\n\n\n<li>Germinazione $79.20 10 giorni lavorativi<\/li>\n\n\n\n<li>Glifosato $182.60 5 giorni lavorativi<\/li>\n\n\n\n<li>Test GTA: data da definire (3-5 giorni lavorativi)<\/li>\n\n\n\n<li>Iodio* Da confermare 10-12 giorni lavorativi<\/li>\n\n\n\n<li>Peso del chicco (1000) $19.25 5 giorni lavorativi<\/li>\n\n\n\n<li>Acido lattico Da definire 10 giorni lavorativi<\/li>\n\n\n\n<li>Acido lasalocidico (Bovatec) $110.00 5 giorni lavorativi<\/li>\n\n\n\n<li>Lignina $96.80 12 giorni lavorativi<\/li>\n\n\n\n<li>Listeria $31.90 2 giorni lavorativi<\/li>\n\n\n\n<li>Screening LCMS per micotossine $316.80 5 giorni lavorativi<\/li>\n<\/ul>\n\n\n\n<ul class=\"wp-block-list\">\n<li>Micotossine individuali da definire 5 giorni lavorativi<\/li>\n\n\n\n<li>Efficienza del miscelatore da $506.00 5 giorni lavorativi<br>(10 campioni x 1 minerale)<\/li>\n\n\n\n<li>Monensina $255.20 10 giorni lavorativi<\/li>\n\n\n\n<li>Detergente neutro per fibre $37.40 10 giorni lavorativi<\/li>\n\n\n\n<li>Azoto nitrico (NO3-N) $31.90 5 giorni lavorativi<\/li>\n\n\n\n<li>Azoto non proteico (NPN)* Da definire 10-15 giorni lavorativi<\/li>\n\n\n\n<li>Olio (estrazione Soxhlet) $104.50 5 giorni lavorativi<\/li>\n\n\n\n<li>Ossalati\/Acido ossalico* Da definire 10 giorni lavorativi<\/li>\n\n\n\n<li>Digeribilit\u00e0 della pepsina $127.60 5 giorni lavorativi<\/li>\n\n\n\n<li>Valore di perossido (irrancidimento) $68.20 5 giorni lavorativi<\/li>\n\n\n\n<li>pH $26.40 5 giorni lavorativi<\/li>\n\n\n\n<li>Fomopsina $203.50 7 giorni lavorativi<\/li>\n\n\n\n<li>Purezza $96.80 5 giorni lavorativi<\/li>\n\n\n\n<li>Salmonella $31.90 2 giorni lavorativi<\/li>\n\n\n\n<li>Sale (cloruro) $104.50 5 giorni lavorativi<\/li>\n\n\n\n<li>Vigore del seme $96.80 10 giorni lavorativi<\/li>\n\n\n\n<li>Amido $132.00 5 giorni lavorativi<\/li>\n\n\n\n<li>Zucchero $104.50 5 giorni lavorativi<\/li>\n\n\n\n<li>Urea* Da definire 10-15 giorni lavorativi<\/li>\n\n\n\n<li>Vitamine # Da definire 10-15 giorni lavorativi<\/li>\n\n\n\n<li>Acidi grassi volatili* Da definire 10 giorni lavorativi\u00a0 \u00a0<\/li>\n\n\n\n<li>Carboidrati solubili in acqua (WSC) $59.40 7 giorni lavorativi<\/li>\n\n\n\n<li>Lievito e muffa $14.85 7 giorni lavorativi<\/li>\n<\/ul>\n\n\n\n<p><strong>NOTA:<\/strong><\/p>\n\n\n\n<p>TBC = Prezzo \u201cDa confermare\u201d<br>* = Esternalizzato\u00a0<br># = Interno o in outsourcing<br>I prezzi sono soggetti a modifiche senza preavviso.<\/p>\n\n\n\n<div style=\"height:2rem\" aria-hidden=\"true\" class=\"wp-block-spacer\"><\/div>\n\n\n\n<h3 class=\"wp-block-heading\">Documenti disponibili per il download:\u00a0<\/h3>\n\n\n\n<div class=\"wp-block-buttons is-layout-flex wp-block-buttons-is-layout-flex\">\n<div class=\"wp-block-button\"><a class=\"wp-block-button__link wp-element-button\" href=\"\/it\/app\/uploads\/2025\/09\/FeedTest_Price_List_2025-26.pdf\/\" target=\"_blank\" rel=\"noreferrer noopener\">Listino prezzi 2025\/26<\/a><\/div>\n<\/div>\n<\/div>","protected":false},"excerpt":{"rendered":"<p>Test Packages NIR TEST PACKAGES: All NIR packages include: dry matter, moisture, crude protein, acid detergent fibre, neutral detergent fibre, dry matter digestibility\u2026<\/p>","protected":false},"author":1,"featured_media":0,"parent":815,"menu_order":0,"comment_status":"closed","ping_status":"closed","template":"","meta":{"_acf_changed":false,"footnotes":""},"class_list":["post-923","page","type-page","status-publish","hentry"],"acf":[],"yoast_head":"<!-- This site is optimized with the Yoast SEO plugin v27.0 - https:\/\/yoast.com\/product\/yoast-seo-wordpress\/ -->\n<title>Prices - Agrifood Technology<\/title>\n<meta name=\"robots\" content=\"index, follow, max-snippet:-1, max-image-preview:large, max-video-preview:-1\" \/>\n<link rel=\"canonical\" href=\"https:\/\/agrifood.com.au\/it\/services\/by-capability\/feedtest-services\/prices\/\" \/>\n<meta property=\"og:locale\" content=\"it_IT\" \/>\n<meta property=\"og:type\" content=\"article\" \/>\n<meta property=\"og:title\" content=\"Prices - Agrifood Technology\" \/>\n<meta property=\"og:description\" content=\"Test Packages NIR TEST PACKAGES: All NIR packages include: dry matter, moisture, crude protein, acid detergent fibre, neutral detergent fibre, dry matter digestibility\u2026\" \/>\n<meta property=\"og:url\" content=\"https:\/\/agrifood.com.au\/it\/services\/by-capability\/feedtest-services\/prices\/\" \/>\n<meta property=\"og:site_name\" content=\"Agrifood Technology\" \/>\n<meta property=\"article:modified_time\" content=\"2025-09-24T15:21:27+00:00\" \/>\n<meta name=\"twitter:card\" content=\"summary_large_image\" \/>\n<meta name=\"twitter:label1\" content=\"Est. reading time\" \/>\n\t<meta name=\"twitter:data1\" content=\"5 minutes\" \/>\n<script type=\"application\/ld+json\" class=\"yoast-schema-graph\">{\"@context\":\"https:\/\/schema.org\",\"@graph\":[{\"@type\":\"WebPage\",\"@id\":\"https:\/\/agrifood.com.au\/services\/by-capability\/feedtest-services\/prices\/\",\"url\":\"https:\/\/agrifood.com.au\/services\/by-capability\/feedtest-services\/prices\/\",\"name\":\"Prices - Agrifood Technology\",\"isPartOf\":{\"@id\":\"https:\/\/agrifood.com.au\/#website\"},\"datePublished\":\"2025-09-11T15:08:39+00:00\",\"dateModified\":\"2025-09-24T15:21:27+00:00\",\"breadcrumb\":{\"@id\":\"https:\/\/agrifood.com.au\/services\/by-capability\/feedtest-services\/prices\/#breadcrumb\"},\"inLanguage\":\"it-IT\",\"potentialAction\":[{\"@type\":\"ReadAction\",\"target\":[\"https:\/\/agrifood.com.au\/services\/by-capability\/feedtest-services\/prices\/\"]}]},{\"@type\":\"BreadcrumbList\",\"@id\":\"https:\/\/agrifood.com.au\/services\/by-capability\/feedtest-services\/prices\/#breadcrumb\",\"itemListElement\":[{\"@type\":\"ListItem\",\"position\":1,\"name\":\"Home\",\"item\":\"https:\/\/agrifood.com.au\/\"},{\"@type\":\"ListItem\",\"position\":2,\"name\":\"Services\",\"item\":\"https:\/\/agrifood.com.au\/services\/\"},{\"@type\":\"ListItem\",\"position\":3,\"name\":\"By Capability\",\"item\":\"https:\/\/agrifood.com.au\/?page_id=811\"},{\"@type\":\"ListItem\",\"position\":4,\"name\":\"FeedTest Services\",\"item\":\"https:\/\/agrifood.com.au\/?page_id=815\"},{\"@type\":\"ListItem\",\"position\":5,\"name\":\"Prices\"}]},{\"@type\":\"WebSite\",\"@id\":\"https:\/\/agrifood.com.au\/#website\",\"url\":\"https:\/\/agrifood.com.au\/\",\"name\":\"Agrifood Technology\",\"description\":\"\",\"publisher\":{\"@id\":\"https:\/\/agrifood.com.au\/#organization\"},\"potentialAction\":[{\"@type\":\"SearchAction\",\"target\":{\"@type\":\"EntryPoint\",\"urlTemplate\":\"https:\/\/agrifood.com.au\/?s={search_term_string}\"},\"query-input\":{\"@type\":\"PropertyValueSpecification\",\"valueRequired\":true,\"valueName\":\"search_term_string\"}}],\"inLanguage\":\"it-IT\"},{\"@type\":\"Organization\",\"@id\":\"https:\/\/agrifood.com.au\/#organization\",\"name\":\"Agrifood Technology\",\"url\":\"https:\/\/agrifood.com.au\/\",\"logo\":{\"@type\":\"ImageObject\",\"inLanguage\":\"it-IT\",\"@id\":\"https:\/\/agrifood.com.au\/#\/schema\/logo\/image\/\",\"url\":\"https:\/\/agrifood.com.au\/app\/uploads\/2025\/10\/Agrifood-News-Photo-scaled.png\",\"contentUrl\":\"https:\/\/agrifood.com.au\/app\/uploads\/2025\/10\/Agrifood-News-Photo-scaled.png\",\"width\":2560,\"height\":1580,\"caption\":\"Agrifood Technology\"},\"image\":{\"@id\":\"https:\/\/agrifood.com.au\/#\/schema\/logo\/image\/\"}}]}<\/script>\n<!-- \/ Yoast SEO plugin. -->","yoast_head_json":{"title":"Prices - Agrifood Technology","robots":{"index":"index","follow":"follow","max-snippet":"max-snippet:-1","max-image-preview":"max-image-preview:large","max-video-preview":"max-video-preview:-1"},"canonical":"https:\/\/agrifood.com.au\/it\/services\/by-capability\/feedtest-services\/prices\/","og_locale":"it_IT","og_type":"article","og_title":"Prices - Agrifood Technology","og_description":"Test Packages NIR TEST PACKAGES: All NIR packages include: dry matter, moisture, crude protein, acid detergent fibre, neutral detergent fibre, dry matter digestibility\u2026","og_url":"https:\/\/agrifood.com.au\/it\/services\/by-capability\/feedtest-services\/prices\/","og_site_name":"Agrifood Technology","article_modified_time":"2025-09-24T15:21:27+00:00","twitter_card":"summary_large_image","twitter_misc":{"Est. reading time":"5 minutes"},"schema":{"@context":"https:\/\/schema.org","@graph":[{"@type":"WebPage","@id":"https:\/\/agrifood.com.au\/services\/by-capability\/feedtest-services\/prices\/","url":"https:\/\/agrifood.com.au\/services\/by-capability\/feedtest-services\/prices\/","name":"Prices - Agrifood Technology","isPartOf":{"@id":"https:\/\/agrifood.com.au\/#website"},"datePublished":"2025-09-11T15:08:39+00:00","dateModified":"2025-09-24T15:21:27+00:00","breadcrumb":{"@id":"https:\/\/agrifood.com.au\/services\/by-capability\/feedtest-services\/prices\/#breadcrumb"},"inLanguage":"it-IT","potentialAction":[{"@type":"ReadAction","target":["https:\/\/agrifood.com.au\/services\/by-capability\/feedtest-services\/prices\/"]}]},{"@type":"BreadcrumbList","@id":"https:\/\/agrifood.com.au\/services\/by-capability\/feedtest-services\/prices\/#breadcrumb","itemListElement":[{"@type":"ListItem","position":1,"name":"Home","item":"https:\/\/agrifood.com.au\/"},{"@type":"ListItem","position":2,"name":"Services","item":"https:\/\/agrifood.com.au\/services\/"},{"@type":"ListItem","position":3,"name":"By Capability","item":"https:\/\/agrifood.com.au\/?page_id=811"},{"@type":"ListItem","position":4,"name":"FeedTest Services","item":"https:\/\/agrifood.com.au\/?page_id=815"},{"@type":"ListItem","position":5,"name":"Prices"}]},{"@type":"WebSite","@id":"https:\/\/agrifood.com.au\/#website","url":"https:\/\/agrifood.com.au\/","name":"Tecnologia agroalimentare","description":"","publisher":{"@id":"https:\/\/agrifood.com.au\/#organization"},"potentialAction":[{"@type":"SearchAction","target":{"@type":"EntryPoint","urlTemplate":"https:\/\/agrifood.com.au\/?s={search_term_string}"},"query-input":{"@type":"PropertyValueSpecification","valueRequired":true,"valueName":"search_term_string"}}],"inLanguage":"it-IT"},{"@type":"Organization","@id":"https:\/\/agrifood.com.au\/#organization","name":"Tecnologia agroalimentare","url":"https:\/\/agrifood.com.au\/","logo":{"@type":"ImageObject","inLanguage":"it-IT","@id":"https:\/\/agrifood.com.au\/#\/schema\/logo\/image\/","url":"https:\/\/agrifood.com.au\/app\/uploads\/2025\/10\/Agrifood-News-Photo-scaled.png","contentUrl":"https:\/\/agrifood.com.au\/app\/uploads\/2025\/10\/Agrifood-News-Photo-scaled.png","width":2560,"height":1580,"caption":"Agrifood Technology"},"image":{"@id":"https:\/\/agrifood.com.au\/#\/schema\/logo\/image\/"}}]}},"_links":{"self":[{"href":"https:\/\/agrifood.com.au\/it\/wp-json\/wp\/v2\/pages\/923","targetHints":{"allow":["GET"]}}],"collection":[{"href":"https:\/\/agrifood.com.au\/it\/wp-json\/wp\/v2\/pages"}],"about":[{"href":"https:\/\/agrifood.com.au\/it\/wp-json\/wp\/v2\/types\/page"}],"author":[{"embeddable":true,"href":"https:\/\/agrifood.com.au\/it\/wp-json\/wp\/v2\/users\/1"}],"replies":[{"embeddable":true,"href":"https:\/\/agrifood.com.au\/it\/wp-json\/wp\/v2\/comments?post=923"}],"version-history":[{"count":10,"href":"https:\/\/agrifood.com.au\/it\/wp-json\/wp\/v2\/pages\/923\/revisions"}],"predecessor-version":[{"id":1790,"href":"https:\/\/agrifood.com.au\/it\/wp-json\/wp\/v2\/pages\/923\/revisions\/1790"}],"up":[{"embeddable":true,"href":"https:\/\/agrifood.com.au\/it\/wp-json\/wp\/v2\/pages\/815"}],"wp:attachment":[{"href":"https:\/\/agrifood.com.au\/it\/wp-json\/wp\/v2\/media?parent=923"}],"curies":[{"name":"wp","href":"https:\/\/api.w.org\/{rel}","templated":true}]}}