{"id":960,"date":"2025-09-12T04:42:47","date_gmt":"2025-09-12T04:42:47","guid":{"rendered":"https:\/\/agrifood.swim.net.au\/?page_id=960"},"modified":"2026-03-11T05:25:49","modified_gmt":"2026-03-11T05:25:49","slug":"feedtest","status":"publish","type":"page","link":"https:\/\/agrifood.com.au\/it\/feedtest\/","title":{"rendered":"FeedTest"},"content":{"rendered":"<div class=\"wp-block-group is-style-boxed is-layout-constrained wp-block-group-is-layout-constrained\">\n<div class=\"wp-block-columns is-layout-flex wp-container-core-columns-is-layout-9d6595d7 wp-block-columns-is-layout-flex\">\n<div class=\"wp-block-column is-layout-flow wp-block-column-is-layout-flow\">\n<figure class=\"wp-block-image aligncenter size-full\"><img loading=\"lazy\" decoding=\"async\" width=\"400\" height=\"393\" src=\"https:\/\/agrifood.com.au\/app\/uploads\/2025\/11\/FEEDTEST-logo-green-small.jpg\" alt=\"\" class=\"wp-image-2659\" srcset=\"https:\/\/agrifood.com.au\/app\/uploads\/2025\/11\/FEEDTEST-logo-green-small.jpg 400w, https:\/\/agrifood.com.au\/app\/uploads\/2025\/11\/FEEDTEST-logo-green-small-300x295.jpg 300w, https:\/\/agrifood.com.au\/app\/uploads\/2025\/11\/FEEDTEST-logo-green-small-12x12.jpg 12w\" sizes=\"auto, (max-width: 400px) 100vw, 400px\" \/><\/figure>\n<\/div>\n\n\n\n<div class=\"wp-block-column is-vertically-aligned-center is-layout-flow wp-block-column-is-layout-flow\">\n<h2 class=\"wp-block-heading\">Informazioni su FeedTest<\/h2>\n\n\n\n<p>FeedTest fornisce un'analisi indipendente, affidabile e rapida dei foraggi e dei mangimi, utilizzando la tecnologia all'avanguardia del vicino infrarosso (NIR), che consente di determinare il valore nutrizionale dei prodotti alimentari.<\/p>\n\n\n\n<div class=\"wp-block-buttons is-layout-flex wp-block-buttons-is-layout-flex\">\n<div class=\"wp-block-button\"><a class=\"wp-block-button__link wp-element-button\" href=\"https:\/\/aus01.safelinks.protection.outlook.com\/?url=https%3A%2F%2Fportal.agrifood.com.au%2FFeedTest%2F&amp;data=05%7C02%7Cdanielle%40swim.com.au%7C631849a3e04a4478335708de32c4e966%7Cc970ee9a57084406b3a6e36be52170a8%7C0%7C0%7C639004018529969201%7CUnknown%7CTWFpbGZsb3d8eyJFbXB0eU1hcGkiOnRydWUsIlYiOiIwLjAuMDAwMCIsIlAiOiJXaW4zMiIsIkFOIjoiTWFpbCIsIldUIjoyfQ%3D%3D%7C0%7C%7C%7C&amp;sdata=gZE3HZF%2FPUJk36t0CXnYgk0kWxgrqJRRL6HBvUACd8E%3D&amp;reserved=0\" target=\"_blank\" rel=\"noreferrer noopener\">Portale clienti<\/a><\/div>\n<\/div>\n<\/div>\n<\/div>\n\n\n\n<div class=\"wp-block-columns is-layout-flex wp-container-core-columns-is-layout-9d6595d7 wp-block-columns-is-layout-flex\">\n<div class=\"wp-block-column is-vertically-aligned-center is-layout-flow wp-block-column-is-layout-flow\">\n<p>FeedTest \u00e8 esperta nell'uso della tecnologia NIR per l'analisi di mangimi e foraggi in Australia.<\/p>\n\n\n\n<p>Forniamo analisi indipendenti, affidabili e rapide di mangimi e foraggi, utilizzando la tecnologia all'avanguardia del vicino infrarosso (NIR). Questa tecnica analitica utilizza la luce per misurare la composizione chimica del campione con un metodo rapido e non distruttivo che ci consente di determinare il valore nutrizionale dei prodotti alimentari.<\/p>\n\n\n\n<p>Siamo anche in grado di analizzare i campioni con un metodo non NIR.<\/p>\n\n\n\n<p>Come laboratorio siamo in grado di misurare la digeribilit\u00e0 di mangimi e foraggi sulla base di prove rigorose con animali ruminanti, insieme ad anni di esperienza nella ricerca e nell'estensione nell'area della qualit\u00e0 di mangimi e foraggi. Questi studi sugli animali continuano regolarmente e sono essenziali per convalidare e migliorare il servizio FeedTest, in particolare con mangimi insoliti o per i quali disponiamo di pochi dati sulle prestazioni degli animali.<\/p>\n\n\n\n<p>Utilizzando i nostri dati interni siamo in grado di produrre calibrazioni NIR costanti e aggiornate, aggiungendo progressivamente le analisi incluse nelle nostre calibrazioni.<\/p>\n<\/div>\n\n\n\n<div class=\"wp-block-column is-layout-flow wp-block-column-is-layout-flow\">\n<figure class=\"wp-block-image size-full\"><img loading=\"lazy\" decoding=\"async\" width=\"540\" height=\"360\" src=\"https:\/\/agrifood.com.au\/app\/uploads\/2025\/09\/cows-feeding.jpg\" alt=\"\" class=\"wp-image-1611\" srcset=\"https:\/\/agrifood.com.au\/app\/uploads\/2025\/09\/cows-feeding.jpg 540w, https:\/\/agrifood.com.au\/app\/uploads\/2025\/09\/cows-feeding-300x200.jpg 300w, https:\/\/agrifood.com.au\/app\/uploads\/2025\/09\/cows-feeding-18x12.jpg 18w\" sizes=\"auto, (max-width: 540px) 100vw, 540px\" \/><\/figure>\n<\/div>\n<\/div>\n\n\n\n<div class=\"wp-block-columns is-layout-flex wp-container-core-columns-is-layout-9d6595d7 wp-block-columns-is-layout-flex\">\n<div class=\"wp-block-column is-layout-flow wp-block-column-is-layout-flow\">\n<figure class=\"wp-block-image size-full\"><img loading=\"lazy\" decoding=\"async\" width=\"540\" height=\"360\" src=\"https:\/\/agrifood.com.au\/app\/uploads\/2025\/09\/Agriculture-collecting-grass-for-silage.jpg\" alt=\"\" class=\"wp-image-1625\" srcset=\"https:\/\/agrifood.com.au\/app\/uploads\/2025\/09\/Agriculture-collecting-grass-for-silage.jpg 540w, https:\/\/agrifood.com.au\/app\/uploads\/2025\/09\/Agriculture-collecting-grass-for-silage-300x200.jpg 300w, https:\/\/agrifood.com.au\/app\/uploads\/2025\/09\/Agriculture-collecting-grass-for-silage-18x12.jpg 18w\" sizes=\"auto, (max-width: 540px) 100vw, 540px\" \/><\/figure>\n<\/div>\n\n\n\n<div class=\"wp-block-column is-vertically-aligned-center is-layout-flow wp-block-column-is-layout-flow\">\n<p>Facendo parte di Agrifood Technology, FeedTest \u00e8 in grado di offrire ai clienti test aggiuntivi e analisi non NIR pi\u00f9 ampie. La gamma di test pi\u00f9 ampia comprende molti parametri, tra cui:<\/p>\n\n\n\n<ul class=\"wp-block-list\">\n<li>Amido<\/li>\n\n\n\n<li>Azoto<\/li>\n\n\n\n<li>Energia Metabolizzabile Ausmeat<\/li>\n\n\n\n<li>Micotossine<\/li>\n\n\n\n<li>Residui di pesticidi<\/li>\n\n\n\n<li>Lievito e muffa<\/li>\n\n\n\n<li>Minerali<\/li>\n\n\n\n<li>Elementi in traccia<\/li>\n\n\n\n<li>Lignina<\/li>\n<\/ul>\n<\/div>\n<\/div>\n\n\n\n<p><em><strong>L'obiettivo di FeedTest \u00e8 quello di fornire un servizio di alto livello ai nostri clienti per consentire loro di prendere decisioni informate sulle strategie di alimentazione e sul commercio dei prodotti alimentari.<\/strong><\/em><\/p>\n\n\n\n<p>Con questo sito web FeedTest spera di assistere ulteriormente i clienti fornendo una guida accessibile a tutti gli aspetti dei test di qualit\u00e0. Le nostre informazioni complete online consentiranno ai clienti di raccogliere e inviare facilmente i campioni e di interpretare accuratamente i risultati.<\/p>\n\n\n\n<div class=\"wp-block-buttons is-layout-flex wp-block-buttons-is-layout-flex\">\n<div class=\"wp-block-button\"><a class=\"wp-block-button__link wp-element-button\" href=\"\/it\/app\/uploads\/2025\/09\/FeedTest_Fodder_Testing_Brochure_v3_004.pdf\/\" target=\"_blank\" rel=\"noreferrer noopener\">Scarica l'opuscolo FeedTest<\/a><\/div>\n<\/div>\n\n\n\n<p>L'unico metodo oggettivo per determinare la qualit\u00e0 dei mangimi \u00e8 quello di farli analizzare da FeedTest.<\/p>\n\n\n\n<p>FeedTest copre un'ampia gamma di pacchetti di test e parametri, offrendo un servizio di laboratorio completo. Il servizio di FeedTest \u00e8 rapido e affidabile e fornisce risultati fondamentali per determinare il valore nutrizionale degli alimenti per animali.<\/p>\n\n\n\n<h3 class=\"wp-block-heading\"><strong>Scarica i prezzi:<\/strong><\/h3>\n\n\n\n<div class=\"wp-block-buttons is-layout-flex wp-block-buttons-is-layout-flex\">\n<div class=\"wp-block-button\"><a class=\"wp-block-button__link wp-element-button\" href=\"\/it\/app\/uploads\/2025\/09\/FeedTest_Price_List_2025-26.pdf\/\" target=\"_blank\" rel=\"noreferrer noopener\">Listino prezzi - 2025\/26<\/a><\/div>\n<\/div>\n\n\n\n<p>If requesting Urgent turnaround and testing of samples &#8211; please provide Credit Card details when sending in samples.<\/p>\n\n\n\n<h2 class=\"wp-block-heading\" id=\"FeedTestServices\">Pacchetti e test per cavalli<\/h2>\n\n\n\n<p>Per determinare la qualit\u00e0 e la quantit\u00e0 del mangime per cavalli \u00e8 sufficiente inviare un campione di mangime per un test NIR.<\/p>\n\n\n\n<p>Il pacchetto NIR riportato di seguito fornisce i fattori chiave per determinare se i vostri cavalli stanno assumendo una quantit\u00e0 sufficiente di sostanze nutritive e per aiutarvi a trovare il mangime pi\u00f9 conveniente per i vostri animali.<\/p>\n\n\n\n<p><strong><u>Pacchetto cavalli (NIR):<\/u><\/strong><\/p>\n\n\n\n<p>Il pacchetto comprende fieno, pascolo fresco e cereali, oltre all'energia digeribile del cavallo (MJ\/kg).<br><strong>Schema del test del pacchetto<\/strong>: Materia secca\/umidit\u00e0, Proteina grezza, Fibra a detergenza acida, Fibra a detergenza neutra, Digeribilit\u00e0 della materia secca, Digeribilit\u00e0 della materia organica secca, Energia metabolizzata ed Energia digeribile dal cavallo.<\/p>\n\n\n\n<p><strong>Schema dei costi:<\/strong><br>Servizio premium: $105,60 (GST inclusa) Tempo di consegna: 1 giorno lavorativo<br>Prezzo per campione: $70,40 (GST inclusa) Tempi di consegna: 3 giorni lavorativi<\/p>\n\n\n\n<figure class=\"wp-block-image aligncenter size-full is-resized is-style-rounded-edge\"><img loading=\"lazy\" decoding=\"async\" width=\"1254\" height=\"836\" src=\"https:\/\/agrifood.com.au\/app\/uploads\/2026\/01\/Horse-Image-1.jpg\" alt=\"\" class=\"wp-image-3658\" style=\"aspect-ratio:1.5000106534847548;width:586px;height:auto\" srcset=\"https:\/\/agrifood.com.au\/app\/uploads\/2026\/01\/Horse-Image-1.jpg 1254w, https:\/\/agrifood.com.au\/app\/uploads\/2026\/01\/Horse-Image-1-300x200.jpg 300w, https:\/\/agrifood.com.au\/app\/uploads\/2026\/01\/Horse-Image-1-1024x683.jpg 1024w, https:\/\/agrifood.com.au\/app\/uploads\/2026\/01\/Horse-Image-1-768x512.jpg 768w, https:\/\/agrifood.com.au\/app\/uploads\/2026\/01\/Horse-Image-1-18x12.jpg 18w\" sizes=\"auto, (max-width: 1254px) 100vw, 1254px\" \/><\/figure>\n\n\n\n<div class=\"wp-block-columns is-layout-flex wp-container-core-columns-is-layout-9d6595d7 wp-block-columns-is-layout-flex\">\n<div class=\"wp-block-column is-layout-flow wp-block-column-is-layout-flow\"><\/div>\n<\/div>\n<\/div>\n\n\n\n<div class=\"wp-block-group is-style-carousel is-layout-constrained wp-block-group-is-layout-constrained\">\n<p><\/p>\n\n\n<div class=\"carousel-slider-outer carousel-slider-outer-image-carousel carousel-slider-outer-677\" style=\"--carousel-slider-nav-color:rgb(30,115,190);--carousel-slider-active-nav-color:rgb(40,155,255);--carousel-slider-arrow-size:48px;--carousel-slider-bullet-size:10px\">\n<div id=\"&#039;id-677\" class=\"carousel-slider carousel-slider-677 arrows-visibility-always dots-visibility-never arrows-outside dots-center dots-circle owl-carousel\" data-slide-type=\"image-carousel\" data-owl-settings='{\"nav\":true,\"dots\":false,\"slideBy\":1,\"stagePadding\":30,\"margin\":10,\"loop\":false,\"lazyLoad\":false,\"autoplay\":false,\"autoplayTimeout\":5000,\"autoplaySpeed\":500,\"autoplayHoverPause\":false,\"autoWidth\":true,\"responsive\":{\"300\":{\"items\":1},\"576\":{\"items\":2},\"768\":{\"items\":2},\"1024\":{\"items\":3},\"1280\":{\"items\":4},\"1536\":{\"items\":5}}}'>\n<div class=\"carousel-slider__item\">\n\t<a href=\"https:\/\/agrifood.com.au\/it\/services\/by-capability\/feedtest-services\/cncps-testing\/\" target=\"_blank\"><img loading=\"lazy\" decoding=\"async\" width=\"610\" height=\"407\" src=\"https:\/\/agrifood.com.au\/app\/uploads\/2025\/09\/17ef8d513617ae20a675549d17bb8fbb128872d9-1.png\" class=\"attachment-medium_large size-medium_large\" alt=\"\" srcset=\"https:\/\/agrifood.com.au\/app\/uploads\/2025\/09\/17ef8d513617ae20a675549d17bb8fbb128872d9-1.png 610w, https:\/\/agrifood.com.au\/app\/uploads\/2025\/09\/17ef8d513617ae20a675549d17bb8fbb128872d9-1-300x200.png 300w\" sizes=\"auto, (max-width: 610px) 100vw, 610px\" \/><div class=\"carousel-slider__caption\"><h4 class=\"title\">Test CNCPS<\/h4><p class=\"caption\">Il servizio rapido, accurato e affidabile che vi aspettate da FeedTest \u00e8 ora in grado di fornire un elenco completo dei risultati del Cornell Net Carbohydrate and Protein System (CNCPS) per la vostra attivit\u00e0 casearia.<\/p><\/div><\/a><\/div>\n\n<div class=\"carousel-slider__item\">\n\t<a href=\"https:\/\/agrifood.com.au\/it\/services\/by-capability\/feedtest-services\/sampling-kits-and-forms\/\" target=\"_blank\"><img loading=\"lazy\" decoding=\"async\" width=\"768\" height=\"659\" src=\"https:\/\/agrifood.com.au\/app\/uploads\/2025\/09\/FeedTest-Sample-Bags-768x659.jpg\" class=\"attachment-medium_large size-medium_large\" alt=\"\" srcset=\"https:\/\/agrifood.com.au\/app\/uploads\/2025\/09\/FeedTest-Sample-Bags-768x659.jpg 768w, https:\/\/agrifood.com.au\/app\/uploads\/2025\/09\/FeedTest-Sample-Bags-300x257.jpg 300w, https:\/\/agrifood.com.au\/app\/uploads\/2025\/09\/FeedTest-Sample-Bags-1024x879.jpg 1024w, https:\/\/agrifood.com.au\/app\/uploads\/2025\/09\/FeedTest-Sample-Bags-1536x1318.jpg 1536w, https:\/\/agrifood.com.au\/app\/uploads\/2025\/09\/FeedTest-Sample-Bags-2048x1757.jpg 2048w, https:\/\/agrifood.com.au\/app\/uploads\/2025\/09\/FeedTest-Sample-Bags-14x12.jpg 14w, https:\/\/agrifood.com.au\/app\/uploads\/2025\/09\/FeedTest-Sample-Bags.jpg 2559w\" sizes=\"auto, (max-width: 768px) 100vw, 768px\" \/><div class=\"carousel-slider__caption\"><h4 class=\"title\">Kit e moduli di campionamento<\/h4><p class=\"caption\">Il campionamento \u00e8 facile grazie ai nostri kit prepagati che includono tutto il necessario per inviarci i campioni.<\/p><\/div><\/a><\/div>\n\n<div class=\"carousel-slider__item\">\n\t<a href=\"https:\/\/agrifood.com.au\/it\/services\/by-capability\/feedtest-services\/hay-corer-sales\/\" target=\"_blank\"><img loading=\"lazy\" decoding=\"async\" width=\"768\" height=\"1275\" src=\"https:\/\/agrifood.com.au\/app\/uploads\/2025\/09\/Hay-Corer-scaled-e1763958571480-768x1275.jpg\" class=\"attachment-medium_large size-medium_large\" alt=\"\" srcset=\"https:\/\/agrifood.com.au\/app\/uploads\/2025\/09\/Hay-Corer-scaled-e1763958571480-768x1275.jpg 768w, https:\/\/agrifood.com.au\/app\/uploads\/2025\/09\/Hay-Corer-scaled-e1763958571480-181x300.jpg 181w, https:\/\/agrifood.com.au\/app\/uploads\/2025\/09\/Hay-Corer-scaled-e1763958571480-617x1024.jpg 617w, https:\/\/agrifood.com.au\/app\/uploads\/2025\/09\/Hay-Corer-scaled-e1763958571480-925x1536.jpg 925w, https:\/\/agrifood.com.au\/app\/uploads\/2025\/09\/Hay-Corer-scaled-e1763958571480-7x12.jpg 7w, https:\/\/agrifood.com.au\/app\/uploads\/2025\/09\/Hay-Corer-scaled-e1763958571480.jpg 1105w\" sizes=\"auto, (max-width: 768px) 100vw, 768px\" \/><div class=\"carousel-slider__caption\"><h4 class=\"title\">Vendite di corone per fieno<\/h4><p class=\"caption\">Per una rapida e comoda raccolta di campioni di balle da analizzare, abbiamo a disposizione corone per fieno e accessori da acquistare.<\/p><\/div><\/a><\/div>\n\n<div class=\"carousel-slider__item\">\n\t<a href=\"https:\/\/agrifood.com.au\/it\/services\/by-capability\/feedtest-services\/nir-testing\/\" target=\"_blank\"><img loading=\"lazy\" decoding=\"async\" width=\"350\" height=\"237\" src=\"https:\/\/agrifood.com.au\/app\/uploads\/2025\/09\/7df2c5a201f24a59eed819d865b3509bd34fe0bd.png\" class=\"attachment-medium_large size-medium_large\" alt=\"\" srcset=\"https:\/\/agrifood.com.au\/app\/uploads\/2025\/09\/7df2c5a201f24a59eed819d865b3509bd34fe0bd.png 350w, https:\/\/agrifood.com.au\/app\/uploads\/2025\/09\/7df2c5a201f24a59eed819d865b3509bd34fe0bd-300x203.png 300w\" sizes=\"auto, (max-width: 350px) 100vw, 350px\" \/><div class=\"carousel-slider__caption\"><h4 class=\"title\">Test NIR<\/h4><p class=\"caption\">Offriamo un'ampia gamma di pacchetti NIR per mangimi, foraggi, pellet, cereali e granaglie. Tutti i pacchetti NIR includono: sostanza secca, umidit\u00e0, proteina grezza, fibra detergente acida, fibra detergente neutra, digeribilit\u00e0 della sostanza secca, digeribilit\u00e0 della sostanza organica secca, energia metabolizzabile (ruminanti), grassi e ceneri.<\/p><\/div><\/a><\/div>\n\n<div class=\"carousel-slider__item\">\n\t<a href=\"https:\/\/agrifood.com.au\/it\/services\/by-capability\/feedtest-services\/non-nir-testing\/\" target=\"_blank\"><img loading=\"lazy\" decoding=\"async\" width=\"768\" height=\"483\" src=\"https:\/\/agrifood.com.au\/app\/uploads\/2025\/09\/FeedTest-Pellets-768x483.jpg\" class=\"attachment-medium_large size-medium_large\" alt=\"\" srcset=\"https:\/\/agrifood.com.au\/app\/uploads\/2025\/09\/FeedTest-Pellets-768x483.jpg 768w, https:\/\/agrifood.com.au\/app\/uploads\/2025\/09\/FeedTest-Pellets-300x189.jpg 300w, https:\/\/agrifood.com.au\/app\/uploads\/2025\/09\/FeedTest-Pellets-1024x644.jpg 1024w, https:\/\/agrifood.com.au\/app\/uploads\/2025\/09\/FeedTest-Pellets-18x12.jpg 18w, https:\/\/agrifood.com.au\/app\/uploads\/2025\/09\/FeedTest-Pellets.jpg 1291w\" sizes=\"auto, (max-width: 768px) 100vw, 768px\" \/><div class=\"carousel-slider__caption\"><h4 class=\"title\">Test non NIR<\/h4><p class=\"caption\">Disponiamo di un'ampia gamma di pacchetti Non NIR \u201cWet Chemistry\u201d per mangimi misti concentrati, legumi da granella, sottoprodotti e mangimi insoliti, nonch\u00e9 campioni con un elevato contenuto di grassi. .<\/p><\/div><\/a><\/div>\n\n<\/div><!-- .carousel-slider-677 -->\n<\/div><!-- .carousel-slider-outer-677 -->\n\n<\/div>\n\n\n\n<div class=\"wp-block-group is-style-boxed is-layout-constrained wp-block-group-is-layout-constrained\">\n<div class=\"wp-block-columns is-layout-flex wp-container-core-columns-is-layout-9d6595d7 wp-block-columns-is-layout-flex\">\n<div class=\"wp-block-column is-layout-flow wp-block-column-is-layout-flow\">\n<h2 class=\"wp-block-heading\">Altri servizi<\/h2>\n\n\n\n<p>FeedTest \u00e8 in grado di condurre test non NIR attraverso la tecnologia agroalimentare, che comprende:<\/p>\n\n\n\n<ul class=\"wp-block-list\">\n<li>Minerali<\/li>\n\n\n\n<li>Residui<\/li>\n\n\n\n<li>Micotossine<\/li>\n\n\n\n<li>Pesticidi<\/li>\n\n\n\n<li>Metalli pesanti<\/li>\n\n\n\n<li>Chimica umida<\/li>\n<\/ul>\n<\/div>\n\n\n\n<div class=\"wp-block-column is-layout-flow wp-block-column-is-layout-flow\">\n<figure class=\"wp-block-image size-full\"><img loading=\"lazy\" decoding=\"async\" width=\"1183\" height=\"886\" src=\"https:\/\/agrifood.com.au\/app\/uploads\/2025\/11\/Crop-Irrigation.jpg\" alt=\"\" class=\"wp-image-2213\" srcset=\"https:\/\/agrifood.com.au\/app\/uploads\/2025\/11\/Crop-Irrigation.jpg 1183w, https:\/\/agrifood.com.au\/app\/uploads\/2025\/11\/Crop-Irrigation-300x225.jpg 300w, https:\/\/agrifood.com.au\/app\/uploads\/2025\/11\/Crop-Irrigation-1024x767.jpg 1024w, https:\/\/agrifood.com.au\/app\/uploads\/2025\/11\/Crop-Irrigation-768x575.jpg 768w, https:\/\/agrifood.com.au\/app\/uploads\/2025\/11\/Crop-Irrigation-16x12.jpg 16w\" sizes=\"auto, (max-width: 1183px) 100vw, 1183px\" \/><\/figure>\n<\/div>\n<\/div>\n<\/div>\n\n\n\n<p><\/p>","protected":false},"excerpt":{"rendered":"<p>About FeedTest FeedTest provides independent, reliable and rapid fodder\/feed analysis using state-of-the-art Near Infrared (NIR) Technology, that allows you to determi\u2026<\/p>","protected":false},"author":1,"featured_media":0,"parent":0,"menu_order":0,"comment_status":"closed","ping_status":"closed","template":"","meta":{"_acf_changed":false,"footnotes":""},"class_list":["post-960","page","type-page","status-publish","hentry"],"acf":[],"yoast_head":"<!-- This site is optimized with the Yoast SEO plugin v27.0 - https:\/\/yoast.com\/product\/yoast-seo-wordpress\/ -->\n<title>FeedTest - Agrifood Technology<\/title>\n<meta name=\"robots\" content=\"index, follow, max-snippet:-1, max-image-preview:large, max-video-preview:-1\" \/>\n<link rel=\"canonical\" href=\"https:\/\/agrifood.com.au\/it\/feedtest\/\" \/>\n<meta property=\"og:locale\" content=\"it_IT\" \/>\n<meta property=\"og:type\" content=\"article\" \/>\n<meta property=\"og:title\" content=\"FeedTest - Agrifood Technology\" \/>\n<meta property=\"og:description\" content=\"About FeedTest FeedTest provides independent, reliable and rapid fodder\/feed analysis using state-of-the-art Near Infrared (NIR) Technology, that allows you to determi\u2026\" \/>\n<meta property=\"og:url\" content=\"https:\/\/agrifood.com.au\/it\/feedtest\/\" \/>\n<meta property=\"og:site_name\" content=\"Agrifood Technology\" \/>\n<meta property=\"article:modified_time\" content=\"2026-03-11T05:25:49+00:00\" \/>\n<meta property=\"og:image\" content=\"https:\/\/agrifood.com.au\/app\/uploads\/2025\/11\/FEEDTEST-logo-green-small.jpg\" \/>\n\t<meta property=\"og:image:width\" content=\"400\" \/>\n\t<meta property=\"og:image:height\" content=\"393\" \/>\n\t<meta property=\"og:image:type\" content=\"image\/jpeg\" \/>\n<meta name=\"twitter:card\" content=\"summary_large_image\" \/>\n<meta name=\"twitter:label1\" content=\"Est. reading time\" \/>\n\t<meta name=\"twitter:data1\" content=\"4 minutes\" \/>\n<script type=\"application\/ld+json\" class=\"yoast-schema-graph\">{\"@context\":\"https:\/\/schema.org\",\"@graph\":[{\"@type\":\"WebPage\",\"@id\":\"https:\/\/agrifood.com.au\/feedtest\/\",\"url\":\"https:\/\/agrifood.com.au\/feedtest\/\",\"name\":\"FeedTest - Agrifood Technology\",\"isPartOf\":{\"@id\":\"https:\/\/agrifood.com.au\/#website\"},\"primaryImageOfPage\":{\"@id\":\"https:\/\/agrifood.com.au\/feedtest\/#primaryimage\"},\"image\":{\"@id\":\"https:\/\/agrifood.com.au\/feedtest\/#primaryimage\"},\"thumbnailUrl\":\"https:\/\/agrifood.com.au\/app\/uploads\/2025\/11\/FEEDTEST-logo-green-small.jpg\",\"datePublished\":\"2025-09-12T04:42:47+00:00\",\"dateModified\":\"2026-03-11T05:25:49+00:00\",\"breadcrumb\":{\"@id\":\"https:\/\/agrifood.com.au\/feedtest\/#breadcrumb\"},\"inLanguage\":\"it-IT\",\"potentialAction\":[{\"@type\":\"ReadAction\",\"target\":[\"https:\/\/agrifood.com.au\/feedtest\/\"]}]},{\"@type\":\"ImageObject\",\"inLanguage\":\"it-IT\",\"@id\":\"https:\/\/agrifood.com.au\/feedtest\/#primaryimage\",\"url\":\"https:\/\/agrifood.com.au\/app\/uploads\/2025\/11\/FEEDTEST-logo-green-small.jpg\",\"contentUrl\":\"https:\/\/agrifood.com.au\/app\/uploads\/2025\/11\/FEEDTEST-logo-green-small.jpg\"},{\"@type\":\"BreadcrumbList\",\"@id\":\"https:\/\/agrifood.com.au\/feedtest\/#breadcrumb\",\"itemListElement\":[{\"@type\":\"ListItem\",\"position\":1,\"name\":\"Home\",\"item\":\"https:\/\/agrifood.com.au\/\"},{\"@type\":\"ListItem\",\"position\":2,\"name\":\"FeedTest\"}]},{\"@type\":\"WebSite\",\"@id\":\"https:\/\/agrifood.com.au\/#website\",\"url\":\"https:\/\/agrifood.com.au\/\",\"name\":\"Agrifood Technology\",\"description\":\"\",\"publisher\":{\"@id\":\"https:\/\/agrifood.com.au\/#organization\"},\"potentialAction\":[{\"@type\":\"SearchAction\",\"target\":{\"@type\":\"EntryPoint\",\"urlTemplate\":\"https:\/\/agrifood.com.au\/?s={search_term_string}\"},\"query-input\":{\"@type\":\"PropertyValueSpecification\",\"valueRequired\":true,\"valueName\":\"search_term_string\"}}],\"inLanguage\":\"it-IT\"},{\"@type\":\"Organization\",\"@id\":\"https:\/\/agrifood.com.au\/#organization\",\"name\":\"Agrifood Technology\",\"url\":\"https:\/\/agrifood.com.au\/\",\"logo\":{\"@type\":\"ImageObject\",\"inLanguage\":\"it-IT\",\"@id\":\"https:\/\/agrifood.com.au\/#\/schema\/logo\/image\/\",\"url\":\"https:\/\/agrifood.com.au\/app\/uploads\/2025\/10\/Agrifood-News-Photo-scaled.png\",\"contentUrl\":\"https:\/\/agrifood.com.au\/app\/uploads\/2025\/10\/Agrifood-News-Photo-scaled.png\",\"width\":2560,\"height\":1580,\"caption\":\"Agrifood Technology\"},\"image\":{\"@id\":\"https:\/\/agrifood.com.au\/#\/schema\/logo\/image\/\"}}]}<\/script>\n<!-- \/ Yoast SEO plugin. -->","yoast_head_json":{"title":"FeedTest - Agrifood Technology","robots":{"index":"index","follow":"follow","max-snippet":"max-snippet:-1","max-image-preview":"max-image-preview:large","max-video-preview":"max-video-preview:-1"},"canonical":"https:\/\/agrifood.com.au\/it\/feedtest\/","og_locale":"it_IT","og_type":"article","og_title":"FeedTest - Agrifood Technology","og_description":"About FeedTest FeedTest provides independent, reliable and rapid fodder\/feed analysis using state-of-the-art Near Infrared (NIR) Technology, that allows you to determi\u2026","og_url":"https:\/\/agrifood.com.au\/it\/feedtest\/","og_site_name":"Agrifood Technology","article_modified_time":"2026-03-11T05:25:49+00:00","og_image":[{"width":400,"height":393,"url":"https:\/\/agrifood.com.au\/app\/uploads\/2025\/11\/FEEDTEST-logo-green-small.jpg","type":"image\/jpeg"}],"twitter_card":"summary_large_image","twitter_misc":{"Est. reading time":"4 minutes"},"schema":{"@context":"https:\/\/schema.org","@graph":[{"@type":"WebPage","@id":"https:\/\/agrifood.com.au\/feedtest\/","url":"https:\/\/agrifood.com.au\/feedtest\/","name":"FeedTest - Agrifood Technology","isPartOf":{"@id":"https:\/\/agrifood.com.au\/#website"},"primaryImageOfPage":{"@id":"https:\/\/agrifood.com.au\/feedtest\/#primaryimage"},"image":{"@id":"https:\/\/agrifood.com.au\/feedtest\/#primaryimage"},"thumbnailUrl":"https:\/\/agrifood.com.au\/app\/uploads\/2025\/11\/FEEDTEST-logo-green-small.jpg","datePublished":"2025-09-12T04:42:47+00:00","dateModified":"2026-03-11T05:25:49+00:00","breadcrumb":{"@id":"https:\/\/agrifood.com.au\/feedtest\/#breadcrumb"},"inLanguage":"it-IT","potentialAction":[{"@type":"ReadAction","target":["https:\/\/agrifood.com.au\/feedtest\/"]}]},{"@type":"ImageObject","inLanguage":"it-IT","@id":"https:\/\/agrifood.com.au\/feedtest\/#primaryimage","url":"https:\/\/agrifood.com.au\/app\/uploads\/2025\/11\/FEEDTEST-logo-green-small.jpg","contentUrl":"https:\/\/agrifood.com.au\/app\/uploads\/2025\/11\/FEEDTEST-logo-green-small.jpg"},{"@type":"BreadcrumbList","@id":"https:\/\/agrifood.com.au\/feedtest\/#breadcrumb","itemListElement":[{"@type":"ListItem","position":1,"name":"Home","item":"https:\/\/agrifood.com.au\/"},{"@type":"ListItem","position":2,"name":"FeedTest"}]},{"@type":"WebSite","@id":"https:\/\/agrifood.com.au\/#website","url":"https:\/\/agrifood.com.au\/","name":"Tecnologia agroalimentare","description":"","publisher":{"@id":"https:\/\/agrifood.com.au\/#organization"},"potentialAction":[{"@type":"SearchAction","target":{"@type":"EntryPoint","urlTemplate":"https:\/\/agrifood.com.au\/?s={search_term_string}"},"query-input":{"@type":"PropertyValueSpecification","valueRequired":true,"valueName":"search_term_string"}}],"inLanguage":"it-IT"},{"@type":"Organization","@id":"https:\/\/agrifood.com.au\/#organization","name":"Tecnologia agroalimentare","url":"https:\/\/agrifood.com.au\/","logo":{"@type":"ImageObject","inLanguage":"it-IT","@id":"https:\/\/agrifood.com.au\/#\/schema\/logo\/image\/","url":"https:\/\/agrifood.com.au\/app\/uploads\/2025\/10\/Agrifood-News-Photo-scaled.png","contentUrl":"https:\/\/agrifood.com.au\/app\/uploads\/2025\/10\/Agrifood-News-Photo-scaled.png","width":2560,"height":1580,"caption":"Agrifood Technology"},"image":{"@id":"https:\/\/agrifood.com.au\/#\/schema\/logo\/image\/"}}]}},"_links":{"self":[{"href":"https:\/\/agrifood.com.au\/it\/wp-json\/wp\/v2\/pages\/960","targetHints":{"allow":["GET"]}}],"collection":[{"href":"https:\/\/agrifood.com.au\/it\/wp-json\/wp\/v2\/pages"}],"about":[{"href":"https:\/\/agrifood.com.au\/it\/wp-json\/wp\/v2\/types\/page"}],"author":[{"embeddable":true,"href":"https:\/\/agrifood.com.au\/it\/wp-json\/wp\/v2\/users\/1"}],"replies":[{"embeddable":true,"href":"https:\/\/agrifood.com.au\/it\/wp-json\/wp\/v2\/comments?post=960"}],"version-history":[{"count":74,"href":"https:\/\/agrifood.com.au\/it\/wp-json\/wp\/v2\/pages\/960\/revisions"}],"predecessor-version":[{"id":4234,"href":"https:\/\/agrifood.com.au\/it\/wp-json\/wp\/v2\/pages\/960\/revisions\/4234"}],"wp:attachment":[{"href":"https:\/\/agrifood.com.au\/it\/wp-json\/wp\/v2\/media?parent=960"}],"curies":[{"name":"wp","href":"https:\/\/api.w.org\/{rel}","templated":true}]}}